{"id":6344,"date":"2026-02-16T21:06:57","date_gmt":"2026-02-16T21:06:57","guid":{"rendered":"https:\/\/www.edesia.al\/?post_type=product&#038;p=6344"},"modified":"2026-02-20T21:48:35","modified_gmt":"2026-02-20T21:48:35","slug":"anise-yll","status":"publish","type":"product","link":"https:\/\/www.edesia.al\/?product=anise-yll","title":{"rendered":"Anise Yll"},"content":{"rendered":"<h3>Anise Yll ( 25g )<\/h3>\n<p>Anise Yll \u00ebsht\u00eb nj\u00eb er\u00ebz me shije n\u00eb t\u00eb ath\u00ebt dhe me nj\u00eb arom\u00eb tep\u00ebrt t\u00eb k\u00ebndshme dhe t\u00eb dallueshme. P\u00ebr vite \u00ebsht\u00eb p\u00ebrdorur si er\u00ebz n\u00eb kuzhin\u00eb dhe si \u00e7aj, pasi p\u00ebrvec arom\u00ebs dhe shijes sjell benefite t\u00eb mahnitshme sh\u00ebndetsore.<\/p>\n<h4>P\u00ebrfitimet sh\u00ebndetsore t\u00eb anise yll:<\/h4>\n<ul>\n<li>P\u00ebrmir\u00ebson sistemin e tretjes. Shum\u00eb nga ne vuajn\u00eb nga tretja ngadalt\u00eb q\u00eb shoq\u00ebrohet me fryrje dhe ng\u00ebrce n\u00eb zorr\u00eb. Anisa yll eleminon gazrat e krijuara nga stomaku.<\/li>\n<li>Stabilizon oreksin duke ndihmuar r\u00ebnien n\u00eb pesh\u00eb.<\/li>\n<li>Ka veti stimuluese dhe diuretike natyrale. Ndihmon n\u00eb shkarkimin e ujrave t\u00eb tep\u00ebrt n\u00eb organiz\u00ebm duke larguar k\u00ebshtu toksinat.<\/li>\n<li>Qet\u00ebson dhimbjet e barkut q\u00eb shkaktohen nga zorr\u00ebt.<\/li>\n<li>Leht\u00ebson koll\u00ebn e vazhdueshme dhe me sekrecione. Qet\u00ebson simptomat e bronkitit, astm\u00ebs dhe mukoz\u00ebs s\u00eb tep\u00ebrt n\u00eb rrug\u00ebt e frym\u00ebmarrjes.<\/li>\n<li>\u00cbsht\u00eb analgjezik natyral, leht\u00ebson dhimbjet e reumatizm\u00ebs.<\/li>\n<li>Anise yll p\u00ebrdoret gjithashtu p\u00ebr t\u00eb trajtuar problemet e jashtme. P\u00ebrshembull, mund t\u00eb p\u00ebrdoret p\u00ebr t\u00eb trajtuar infeksionet e l\u00ebkur\u00ebs, p\u00ebr sa koh\u00eb q\u00eb nuk ka plag\u00eb t\u00eb hapur ose acarim t\u00eb l\u00ebkur\u00ebs.<\/li>\n<\/ul>\n<h4>P\u00ebrdorimi:<\/h4>\n<p>Anise yll p\u00ebrdoret n\u00eb disa receta n\u00eb kuzhin\u00eb si er\u00ebz, b\u00ebhet nj\u00eb \u00e7aj shum\u00eb i mir\u00eb dhe qet\u00ebsues dhe mund t\u00eb kombinohet me bim\u00eb t\u00eb tjera. Por p\u00ebr kushte t\u00eb caktuara sh\u00ebndetsore dhe mund t\u00eb p\u00ebrtypet sic \u00ebsht\u00eb.<\/p>\n<h4>Kujdes:<\/h4>\n<p>Nuk rekomandohet t\u00eb konsumohet n\u00eb sasi t\u00eb m\u00ebdha. Nuk k\u00ebshillohet p\u00ebr grat\u00eb shtatzane apo me gji.<\/p>\n<p>&nbsp;<\/p>\n","protected":false},"excerpt":{"rendered":"<p>Anise Yll \u00ebsht\u00eb nj\u00eb er\u00ebz q\u00eb gjen nj\u00eb p\u00ebrdorim t\u00eb gjer\u00eb n\u00eb recetat n\u00eb kuzhin\u00eb si sup\u00ebra, pasta, \u00ebmb\u00eblsira, biskota, \u00e7ajra etj. Shija dhe aroma e saj e fort\u00eb dhe karakteristike t\u00eb b\u00ebn ta dallosh leht\u00eb nga er\u00ebzat e tjera<\/p>\n","protected":false},"featured_media":6376,"comment_status":"open","ping_status":"closed","template":"","meta":{"_acf_changed":false,"inline_featured_image":false},"kategori-sipas-dietave":[89],"kategori-sipas-problemeve-shende":[83],"product_brand":[32],"product_cat":[81,34],"product_tag":[],"class_list":{"0":"post-6344","1":"product","2":"type-product","3":"status-publish","4":"has-post-thumbnail","6":"kategori-sipas-dietave-vegan","7":"kategori-sipas-problemeve-shende-tretje-detox","8":"product_brand-bioagros","9":"product_cat-caj-bime-mjekesore","10":"product_cat-ereza-bime-aromatike","12":"first","13":"instock","14":"taxable","15":"shipping-taxable","16":"purchasable","17":"product-type-simple"},"acf":[],"yoast_head":"<!-- This site is optimized with the Yoast SEO plugin v27.4 - https:\/\/yoast.com\/product\/yoast-seo-wordpress\/ -->\n<title>Anise Yll - Edesia<\/title>\n<meta name=\"robots\" content=\"index, follow, max-snippet:-1, max-image-preview:large, max-video-preview:-1\" \/>\n<link rel=\"canonical\" href=\"https:\/\/www.edesia.al\/?product=anise-yll\" \/>\n<meta property=\"og:locale\" content=\"en_US\" \/>\n<meta property=\"og:type\" content=\"article\" \/>\n<meta property=\"og:title\" content=\"Anise Yll - Edesia\" \/>\n<meta property=\"og:description\" content=\"Anise Yll \u00ebsht\u00eb nj\u00eb er\u00ebz q\u00eb gjen nj\u00eb p\u00ebrdorim t\u00eb gjer\u00eb n\u00eb recetat n\u00eb kuzhin\u00eb si sup\u00ebra, pasta, \u00ebmb\u00eblsira, biskota, \u00e7ajra etj. Shija dhe aroma e saj e fort\u00eb dhe karakteristike t\u00eb b\u00ebn ta dallosh leht\u00eb nga er\u00ebzat e tjera\" \/>\n<meta property=\"og:url\" content=\"https:\/\/www.edesia.al\/?product=anise-yll\" \/>\n<meta property=\"og:site_name\" content=\"Edesia\" \/>\n<meta property=\"article:modified_time\" content=\"2026-02-20T21:48:35+00:00\" \/>\n<meta property=\"og:image\" content=\"https:\/\/www.edesia.al\/wp-content\/uploads\/2026\/02\/anise-yll-1.jpg\" \/>\n\t<meta property=\"og:image:width\" content=\"250\" \/>\n\t<meta property=\"og:image:height\" content=\"250\" \/>\n\t<meta property=\"og:image:type\" content=\"image\/jpeg\" \/>\n<meta name=\"twitter:card\" content=\"summary_large_image\" \/>\n<meta name=\"twitter:label1\" content=\"Est. reading time\" \/>\n\t<meta name=\"twitter:data1\" content=\"1 minute\" \/>\n<script type=\"application\/ld+json\" class=\"yoast-schema-graph\">{\"@context\":\"https:\\\/\\\/schema.org\",\"@graph\":[{\"@type\":\"WebPage\",\"@id\":\"https:\\\/\\\/www.edesia.al\\\/?product=anise-yll\",\"url\":\"https:\\\/\\\/www.edesia.al\\\/?product=anise-yll\",\"name\":\"Anise Yll - Edesia\",\"isPartOf\":{\"@id\":\"https:\\\/\\\/www.edesia.al\\\/#website\"},\"primaryImageOfPage\":{\"@id\":\"https:\\\/\\\/www.edesia.al\\\/?product=anise-yll#primaryimage\"},\"image\":{\"@id\":\"https:\\\/\\\/www.edesia.al\\\/?product=anise-yll#primaryimage\"},\"thumbnailUrl\":\"https:\\\/\\\/www.edesia.al\\\/wp-content\\\/uploads\\\/2026\\\/02\\\/anise-yll-1.jpg\",\"datePublished\":\"2026-02-16T21:06:57+00:00\",\"dateModified\":\"2026-02-20T21:48:35+00:00\",\"breadcrumb\":{\"@id\":\"https:\\\/\\\/www.edesia.al\\\/?product=anise-yll#breadcrumb\"},\"inLanguage\":\"en-US\",\"potentialAction\":[{\"@type\":\"ReadAction\",\"target\":[\"https:\\\/\\\/www.edesia.al\\\/?product=anise-yll\"]}]},{\"@type\":\"ImageObject\",\"inLanguage\":\"en-US\",\"@id\":\"https:\\\/\\\/www.edesia.al\\\/?product=anise-yll#primaryimage\",\"url\":\"https:\\\/\\\/www.edesia.al\\\/wp-content\\\/uploads\\\/2026\\\/02\\\/anise-yll-1.jpg\",\"contentUrl\":\"https:\\\/\\\/www.edesia.al\\\/wp-content\\\/uploads\\\/2026\\\/02\\\/anise-yll-1.jpg\",\"width\":250,\"height\":250},{\"@type\":\"BreadcrumbList\",\"@id\":\"https:\\\/\\\/www.edesia.al\\\/?product=anise-yll#breadcrumb\",\"itemListElement\":[{\"@type\":\"ListItem\",\"position\":1,\"name\":\"Home\",\"item\":\"https:\\\/\\\/www.edesia.al\\\/\"},{\"@type\":\"ListItem\",\"position\":2,\"name\":\"Dyqani\",\"item\":\"https:\\\/\\\/www.edesia.al\\\/?page_id=17\"},{\"@type\":\"ListItem\",\"position\":3,\"name\":\"Anise Yll\"}]},{\"@type\":\"WebSite\",\"@id\":\"https:\\\/\\\/www.edesia.al\\\/#website\",\"url\":\"https:\\\/\\\/www.edesia.al\\\/\",\"name\":\"Edesia\",\"description\":\"\",\"publisher\":{\"@id\":\"https:\\\/\\\/www.edesia.al\\\/#organization\"},\"potentialAction\":[{\"@type\":\"SearchAction\",\"target\":{\"@type\":\"EntryPoint\",\"urlTemplate\":\"https:\\\/\\\/www.edesia.al\\\/?s={search_term_string}\"},\"query-input\":{\"@type\":\"PropertyValueSpecification\",\"valueRequired\":true,\"valueName\":\"search_term_string\"}}],\"inLanguage\":\"en-US\"},{\"@type\":\"Organization\",\"@id\":\"https:\\\/\\\/www.edesia.al\\\/#organization\",\"name\":\"Edesia\",\"url\":\"https:\\\/\\\/www.edesia.al\\\/\",\"logo\":{\"@type\":\"ImageObject\",\"inLanguage\":\"en-US\",\"@id\":\"https:\\\/\\\/www.edesia.al\\\/#\\\/schema\\\/logo\\\/image\\\/\",\"url\":\"https:\\\/\\\/www.edesia.al\\\/wp-content\\\/uploads\\\/2026\\\/02\\\/Logo-Edesia-no-background.png\",\"contentUrl\":\"https:\\\/\\\/www.edesia.al\\\/wp-content\\\/uploads\\\/2026\\\/02\\\/Logo-Edesia-no-background.png\",\"width\":293,\"height\":158,\"caption\":\"Edesia\"},\"image\":{\"@id\":\"https:\\\/\\\/www.edesia.al\\\/#\\\/schema\\\/logo\\\/image\\\/\"}}]}<\/script>\n<!-- \/ Yoast SEO plugin. -->","yoast_head_json":{"title":"Anise Yll - Edesia","robots":{"index":"index","follow":"follow","max-snippet":"max-snippet:-1","max-image-preview":"max-image-preview:large","max-video-preview":"max-video-preview:-1"},"canonical":"https:\/\/www.edesia.al\/?product=anise-yll","og_locale":"en_US","og_type":"article","og_title":"Anise Yll - Edesia","og_description":"Anise Yll \u00ebsht\u00eb nj\u00eb er\u00ebz q\u00eb gjen nj\u00eb p\u00ebrdorim t\u00eb gjer\u00eb n\u00eb recetat n\u00eb kuzhin\u00eb si sup\u00ebra, pasta, \u00ebmb\u00eblsira, biskota, \u00e7ajra etj. Shija dhe aroma e saj e fort\u00eb dhe karakteristike t\u00eb b\u00ebn ta dallosh leht\u00eb nga er\u00ebzat e tjera","og_url":"https:\/\/www.edesia.al\/?product=anise-yll","og_site_name":"Edesia","article_modified_time":"2026-02-20T21:48:35+00:00","og_image":[{"width":250,"height":250,"url":"https:\/\/www.edesia.al\/wp-content\/uploads\/2026\/02\/anise-yll-1.jpg","type":"image\/jpeg"}],"twitter_card":"summary_large_image","twitter_misc":{"Est. reading time":"1 minute"},"schema":{"@context":"https:\/\/schema.org","@graph":[{"@type":"WebPage","@id":"https:\/\/www.edesia.al\/?product=anise-yll","url":"https:\/\/www.edesia.al\/?product=anise-yll","name":"Anise Yll - Edesia","isPartOf":{"@id":"https:\/\/www.edesia.al\/#website"},"primaryImageOfPage":{"@id":"https:\/\/www.edesia.al\/?product=anise-yll#primaryimage"},"image":{"@id":"https:\/\/www.edesia.al\/?product=anise-yll#primaryimage"},"thumbnailUrl":"https:\/\/www.edesia.al\/wp-content\/uploads\/2026\/02\/anise-yll-1.jpg","datePublished":"2026-02-16T21:06:57+00:00","dateModified":"2026-02-20T21:48:35+00:00","breadcrumb":{"@id":"https:\/\/www.edesia.al\/?product=anise-yll#breadcrumb"},"inLanguage":"en-US","potentialAction":[{"@type":"ReadAction","target":["https:\/\/www.edesia.al\/?product=anise-yll"]}]},{"@type":"ImageObject","inLanguage":"en-US","@id":"https:\/\/www.edesia.al\/?product=anise-yll#primaryimage","url":"https:\/\/www.edesia.al\/wp-content\/uploads\/2026\/02\/anise-yll-1.jpg","contentUrl":"https:\/\/www.edesia.al\/wp-content\/uploads\/2026\/02\/anise-yll-1.jpg","width":250,"height":250},{"@type":"BreadcrumbList","@id":"https:\/\/www.edesia.al\/?product=anise-yll#breadcrumb","itemListElement":[{"@type":"ListItem","position":1,"name":"Home","item":"https:\/\/www.edesia.al\/"},{"@type":"ListItem","position":2,"name":"Dyqani","item":"https:\/\/www.edesia.al\/?page_id=17"},{"@type":"ListItem","position":3,"name":"Anise Yll"}]},{"@type":"WebSite","@id":"https:\/\/www.edesia.al\/#website","url":"https:\/\/www.edesia.al\/","name":"Edesia","description":"","publisher":{"@id":"https:\/\/www.edesia.al\/#organization"},"potentialAction":[{"@type":"SearchAction","target":{"@type":"EntryPoint","urlTemplate":"https:\/\/www.edesia.al\/?s={search_term_string}"},"query-input":{"@type":"PropertyValueSpecification","valueRequired":true,"valueName":"search_term_string"}}],"inLanguage":"en-US"},{"@type":"Organization","@id":"https:\/\/www.edesia.al\/#organization","name":"Edesia","url":"https:\/\/www.edesia.al\/","logo":{"@type":"ImageObject","inLanguage":"en-US","@id":"https:\/\/www.edesia.al\/#\/schema\/logo\/image\/","url":"https:\/\/www.edesia.al\/wp-content\/uploads\/2026\/02\/Logo-Edesia-no-background.png","contentUrl":"https:\/\/www.edesia.al\/wp-content\/uploads\/2026\/02\/Logo-Edesia-no-background.png","width":293,"height":158,"caption":"Edesia"},"image":{"@id":"https:\/\/www.edesia.al\/#\/schema\/logo\/image\/"}}]}},"_links":{"self":[{"href":"https:\/\/www.edesia.al\/index.php?rest_route=\/wp\/v2\/product\/6344","targetHints":{"allow":["GET"]}}],"collection":[{"href":"https:\/\/www.edesia.al\/index.php?rest_route=\/wp\/v2\/product"}],"about":[{"href":"https:\/\/www.edesia.al\/index.php?rest_route=\/wp\/v2\/types\/product"}],"replies":[{"embeddable":true,"href":"https:\/\/www.edesia.al\/index.php?rest_route=%2Fwp%2Fv2%2Fcomments&post=6344"}],"wp:featuredmedia":[{"embeddable":true,"href":"https:\/\/www.edesia.al\/index.php?rest_route=\/wp\/v2\/media\/6376"}],"wp:attachment":[{"href":"https:\/\/www.edesia.al\/index.php?rest_route=%2Fwp%2Fv2%2Fmedia&parent=6344"}],"wp:term":[{"taxonomy":"kategori-sipas-dietave","embeddable":true,"href":"https:\/\/www.edesia.al\/index.php?rest_route=%2Fwp%2Fv2%2Fkategori-sipas-dietave&post=6344"},{"taxonomy":"kategori-sipas-problemeve-shende","embeddable":true,"href":"https:\/\/www.edesia.al\/index.php?rest_route=%2Fwp%2Fv2%2Fkategori-sipas-problemeve-shende&post=6344"},{"taxonomy":"product_brand","embeddable":true,"href":"https:\/\/www.edesia.al\/index.php?rest_route=%2Fwp%2Fv2%2Fproduct_brand&post=6344"},{"taxonomy":"product_cat","embeddable":true,"href":"https:\/\/www.edesia.al\/index.php?rest_route=%2Fwp%2Fv2%2Fproduct_cat&post=6344"},{"taxonomy":"product_tag","embeddable":true,"href":"https:\/\/www.edesia.al\/index.php?rest_route=%2Fwp%2Fv2%2Fproduct_tag&post=6344"}],"curies":[{"name":"wp","href":"https:\/\/api.w.org\/{rel}","templated":true}]}}