{"id":6346,"date":"2026-02-16T21:06:58","date_gmt":"2026-02-16T21:06:58","guid":{"rendered":"https:\/\/www.edesia.al\/?post_type=product&#038;p=6346"},"modified":"2026-02-20T21:49:11","modified_gmt":"2026-02-20T21:49:11","slug":"koriander-kokerr","status":"publish","type":"product","link":"https:\/\/www.edesia.al\/?product=koriander-kokerr","title":{"rendered":"Koriand\u00ebr Kok\u00ebrr"},"content":{"rendered":"<h3>Koriand\u00ebr Kok\u00ebrr ( 35g )<\/h3>\n<p>\u00cbsht\u00eb nj\u00eb er\u00ebz aromatike me nj\u00eb shije t\u00eb \u00ebmb\u00ebl-pikante, e cila p\u00ebrftohet nga farat e nj\u00eb bime vjetore t\u00eb quajtur cilantro.Farat e koriand\u00ebr p\u00ebrdoret gjer\u00ebsisht n\u00eb gatimin n\u00eb t\u00eb gjith\u00eb bot\u00ebn si er\u00ebz, por m\u00eb s\u00eb shumti n\u00eb vendet lindore.<\/p>\n<h4>P\u00ebrfitimet sh\u00ebndetsore t\u00eb farave t\u00eb koriand\u00ebr:<\/h4>\n<ul>\n<li>Koriandra qet\u00ebson irritimet e l\u00ebkur\u00ebs<\/li>\n<\/ul>\n<p>Kjo bim\u00eb \u00ebsht\u00eb nj\u00eb \u2018ila\u00e7\u201d i shk\u00eblqyer p\u00ebr acarimet e zakonshme t\u00eb l\u00ebkur\u00ebs. Mund t\u00eb p\u00ebrdoret n\u00eb m\u00ebnyr\u00eb topike nga jasht\u00eb, ose mund t\u00eb konsumohet. P\u00ebr shkak t\u00eb vetive natyrale antihistamine, ajo qet\u00ebson n\u00eb m\u00ebnyr\u00eb natyrale sistemin imunitar. P\u00ebrzierni koriand\u00ebr t\u00eb shtypur \u00a0me vajin e arr\u00ebs s\u00eb kokosit dhe apikojeni n\u00eb zon\u00ebn ku keni probleme me l\u00ebkur\u00ebn.<\/p>\n<ul>\n<li>Koriandra ju mbron nga inflamacioni neurologjik<\/li>\n<\/ul>\n<p>Inflamacioni neurologjik rrit rrezikun p\u00ebr s\u00ebmundje si Alzheimeri, Parkinsoni, skleroza e shum\u00ebfisht\u00eb, meningjiti dhe tumor\u00ebt e trurit. Nj\u00eb studim i publikuar n\u00eb Molecular Neurobiology zbuloi se shafran i Indis\u00eb, piper i kuq, piper i zi, rr\u00ebnj\u00ebt e jamballit, \u00a0karafil, xhenxhefil, hudhra, koriandra dhe kanella p\u00ebrmbajn\u00eb enzima q\u00eb zvog\u00eblojn\u00eb inflamacionin n\u00eb tru.<\/p>\n<ul>\n<li>\u00a0Mbrojtje kund\u00ebr kancerit t\u00eb zorr\u00ebs s\u00eb trash\u00eb<\/li>\n<\/ul>\n<p>Sipas Journal of Ethnopharmacology, koriandra redukton sasin\u00eb e kolesterolit q\u00eb gjendet n\u00eb zorr\u00eb t\u00eb trash\u00eb, duke ulur k\u00ebshtu rrezikun p\u00ebr t\u2019u prekur nga kanceri i zorr\u00ebs s\u00eb trash\u00eb.<\/p>\n<ul>\n<li>Koriandra si kur\u00eb kund\u00ebr problemeve t\u00eb traktit tret\u00ebs<\/li>\n<\/ul>\n<p>Kjo bim\u00eb medicinale \u00a0\u00ebsht\u00eb e p\u00ebrkryer p\u00ebr zgjidhjen e problemeve t\u00eb vogla t\u00eb aparatit tret\u00ebs \u00a0dhe \u00ebsht\u00eb p\u00ebrdorur p\u00ebr mij\u00ebra vjet. \u00cbsht\u00eb \u00eb e p\u00ebrkryer p\u00ebr qet\u00ebsimin e fryrjes s\u00eb barkut, parandalimin e gazrave dhe leht\u00ebsimin e t\u00eb vjellave Kjo bim\u00eb p\u00ebrmban enzima t\u00eb fuqishme q\u00eb ndihmojn\u00eb sistemin tret\u00ebs t\u00eb shp\u00ebrb\u00ebj\u00eb ushqimin, ndaj p\u00ebrfshirja e saj n\u00eb diet\u00eb, ndihmon procesin e tretjes, por jo vet\u00ebm.<\/p>\n<ul>\n<li>Kund\u00ebr s\u00ebmundjeve kardiovaskulare<\/li>\n<\/ul>\n<p>Sasia e lart\u00eb e kaliumit q\u00eb gjendet n\u00eb k\u00ebt\u00eb bim\u00eb na mbron nga presioni i lart\u00eb i gjakut. Kjo p\u00ebr shkak se kaliumi vepron si balancues p\u00ebr nivelin e natriumit (nj\u00eb mineral i lidhur me presionin e lart\u00eb t\u00eb gjakut.) Kjo gjendej rrit rrezikun p\u00ebr shum\u00eb probleme t\u00eb tjera kardiovaskulare. Nj\u00eb studim n\u00eb Journal of Food Science zbuloi se koriandra gjithashtu pastron arteriet duke ulur nivelet e kolesterolit t\u00eb keq.<\/p>\n<ul>\n<li>Trajtimi i infeksioneve t\u00eb traktit urinar<\/li>\n<\/ul>\n<p>Koriandra \u00ebsht\u00eb nj\u00eb bime alkaline, perfekte p\u00ebr balancimin e pH t\u00eb trupit. Komponimet antibakteriale gjithashtu veprojn\u00eb p\u00ebr t\u00eb shpejtuar sh\u00ebrimin dhe p\u00ebr t\u00eb ulur rrezikun\u00a0 e formimit t\u00eb nj\u00eb infeksioni tjet\u00ebr. K\u00ebshtu, farat e koriandr\u00ebs dhe bima \u00a0jan\u00eb perfekte p\u00ebr trajtimin dhe parandalimin e infeksioneve t\u00eb traktit urinar.Ajo q\u00eb duhet t\u00eb b\u00ebni \u00ebsht\u00eb t\u00eb zhysni farat n\u00eb nj\u00eb got\u00eb me uj\u00eb gjat\u00eb nat\u00ebs dhe l\u00ebngun ta pini n\u00eb m\u00ebngjes.<\/p>\n<h4>P\u00ebrdorimi:<\/h4>\n<p>P\u00ebrdoret si er\u00eb n\u00eb disa receta si sup\u00ebra, tava, produktet e zgar\u00ebs etj. Mund t\u00eb kombinohet me bim\u00eb t\u00eb tjera dhe b\u00ebhet nj\u00eb \u00e7aj shum\u00eb i k\u00ebndsh\u00ebm dhe\u00a0 i sh\u00ebndetsh\u00ebm.<\/p>\n","protected":false},"excerpt":{"rendered":"<p>Koriandra \u00ebsht\u00eb nj\u00eb \u2018minier\u00eb\u2019 vitaminash p\u00ebrfshir\u00eb k\u00ebtu vitamin\u00ebn A, B dhe K, mineralesh si kalium dhe fibrash dietike. Me t\u00eb gjitha k\u00ebto l\u00ebnd\u00eb ushqyese dhe pothuajse asnj\u00eb vler\u00eb kalorike, koriandra \u00ebsht\u00eb nj\u00eb shtojc\u00eb e p\u00ebrsosur p\u00ebr vaktet kryesore.<\/p>\n","protected":false},"featured_media":6380,"comment_status":"open","ping_status":"closed","template":"","meta":{"_acf_changed":false,"inline_featured_image":false},"kategori-sipas-dietave":[89],"kategori-sipas-problemeve-shende":[83],"product_brand":[32],"product_cat":[81,34],"product_tag":[],"class_list":{"0":"post-6346","1":"product","2":"type-product","3":"status-publish","4":"has-post-thumbnail","6":"kategori-sipas-dietave-vegan","7":"kategori-sipas-problemeve-shende-tretje-detox","8":"product_brand-bioagros","9":"product_cat-caj-bime-mjekesore","10":"product_cat-ereza-bime-aromatike","12":"first","13":"instock","14":"taxable","15":"shipping-taxable","16":"purchasable","17":"product-type-simple"},"acf":[],"yoast_head":"<!-- This site is optimized with the Yoast SEO plugin v27.4 - https:\/\/yoast.com\/product\/yoast-seo-wordpress\/ -->\n<title>Koriand\u00ebr Kok\u00ebrr - Edesia<\/title>\n<meta name=\"robots\" content=\"index, follow, max-snippet:-1, max-image-preview:large, max-video-preview:-1\" \/>\n<link rel=\"canonical\" href=\"https:\/\/www.edesia.al\/?product=koriander-kokerr\" \/>\n<meta property=\"og:locale\" content=\"en_US\" \/>\n<meta property=\"og:type\" content=\"article\" \/>\n<meta property=\"og:title\" content=\"Koriand\u00ebr Kok\u00ebrr - Edesia\" \/>\n<meta property=\"og:description\" content=\"Koriandra \u00ebsht\u00eb nj\u00eb \u2018minier\u00eb\u2019 vitaminash p\u00ebrfshir\u00eb k\u00ebtu vitamin\u00ebn A, B dhe K, mineralesh si kalium dhe fibrash dietike. Me t\u00eb gjitha k\u00ebto l\u00ebnd\u00eb ushqyese dhe pothuajse asnj\u00eb vler\u00eb kalorike, koriandra \u00ebsht\u00eb nj\u00eb shtojc\u00eb e p\u00ebrsosur p\u00ebr vaktet kryesore.\" \/>\n<meta property=\"og:url\" content=\"https:\/\/www.edesia.al\/?product=koriander-kokerr\" \/>\n<meta property=\"og:site_name\" content=\"Edesia\" \/>\n<meta property=\"article:modified_time\" content=\"2026-02-20T21:49:11+00:00\" \/>\n<meta property=\"og:image\" content=\"https:\/\/www.edesia.al\/wp-content\/uploads\/2026\/02\/Koriander-1.webp\" \/>\n\t<meta property=\"og:image:width\" content=\"593\" \/>\n\t<meta property=\"og:image:height\" content=\"593\" \/>\n\t<meta property=\"og:image:type\" content=\"image\/webp\" \/>\n<meta name=\"twitter:card\" content=\"summary_large_image\" \/>\n<meta name=\"twitter:label1\" content=\"Est. reading time\" \/>\n\t<meta name=\"twitter:data1\" content=\"3 minutes\" \/>\n<script type=\"application\/ld+json\" class=\"yoast-schema-graph\">{\"@context\":\"https:\\\/\\\/schema.org\",\"@graph\":[{\"@type\":\"WebPage\",\"@id\":\"https:\\\/\\\/www.edesia.al\\\/?product=koriander-kokerr\",\"url\":\"https:\\\/\\\/www.edesia.al\\\/?product=koriander-kokerr\",\"name\":\"Koriand\u00ebr Kok\u00ebrr - Edesia\",\"isPartOf\":{\"@id\":\"https:\\\/\\\/www.edesia.al\\\/#website\"},\"primaryImageOfPage\":{\"@id\":\"https:\\\/\\\/www.edesia.al\\\/?product=koriander-kokerr#primaryimage\"},\"image\":{\"@id\":\"https:\\\/\\\/www.edesia.al\\\/?product=koriander-kokerr#primaryimage\"},\"thumbnailUrl\":\"https:\\\/\\\/www.edesia.al\\\/wp-content\\\/uploads\\\/2026\\\/02\\\/Koriander-1.webp\",\"datePublished\":\"2026-02-16T21:06:58+00:00\",\"dateModified\":\"2026-02-20T21:49:11+00:00\",\"breadcrumb\":{\"@id\":\"https:\\\/\\\/www.edesia.al\\\/?product=koriander-kokerr#breadcrumb\"},\"inLanguage\":\"en-US\",\"potentialAction\":[{\"@type\":\"ReadAction\",\"target\":[\"https:\\\/\\\/www.edesia.al\\\/?product=koriander-kokerr\"]}]},{\"@type\":\"ImageObject\",\"inLanguage\":\"en-US\",\"@id\":\"https:\\\/\\\/www.edesia.al\\\/?product=koriander-kokerr#primaryimage\",\"url\":\"https:\\\/\\\/www.edesia.al\\\/wp-content\\\/uploads\\\/2026\\\/02\\\/Koriander-1.webp\",\"contentUrl\":\"https:\\\/\\\/www.edesia.al\\\/wp-content\\\/uploads\\\/2026\\\/02\\\/Koriander-1.webp\",\"width\":593,\"height\":593},{\"@type\":\"BreadcrumbList\",\"@id\":\"https:\\\/\\\/www.edesia.al\\\/?product=koriander-kokerr#breadcrumb\",\"itemListElement\":[{\"@type\":\"ListItem\",\"position\":1,\"name\":\"Home\",\"item\":\"https:\\\/\\\/www.edesia.al\\\/\"},{\"@type\":\"ListItem\",\"position\":2,\"name\":\"Dyqani\",\"item\":\"https:\\\/\\\/www.edesia.al\\\/?page_id=17\"},{\"@type\":\"ListItem\",\"position\":3,\"name\":\"Koriand\u00ebr Kok\u00ebrr\"}]},{\"@type\":\"WebSite\",\"@id\":\"https:\\\/\\\/www.edesia.al\\\/#website\",\"url\":\"https:\\\/\\\/www.edesia.al\\\/\",\"name\":\"Edesia\",\"description\":\"\",\"publisher\":{\"@id\":\"https:\\\/\\\/www.edesia.al\\\/#organization\"},\"potentialAction\":[{\"@type\":\"SearchAction\",\"target\":{\"@type\":\"EntryPoint\",\"urlTemplate\":\"https:\\\/\\\/www.edesia.al\\\/?s={search_term_string}\"},\"query-input\":{\"@type\":\"PropertyValueSpecification\",\"valueRequired\":true,\"valueName\":\"search_term_string\"}}],\"inLanguage\":\"en-US\"},{\"@type\":\"Organization\",\"@id\":\"https:\\\/\\\/www.edesia.al\\\/#organization\",\"name\":\"Edesia\",\"url\":\"https:\\\/\\\/www.edesia.al\\\/\",\"logo\":{\"@type\":\"ImageObject\",\"inLanguage\":\"en-US\",\"@id\":\"https:\\\/\\\/www.edesia.al\\\/#\\\/schema\\\/logo\\\/image\\\/\",\"url\":\"https:\\\/\\\/www.edesia.al\\\/wp-content\\\/uploads\\\/2026\\\/02\\\/Logo-Edesia-no-background.png\",\"contentUrl\":\"https:\\\/\\\/www.edesia.al\\\/wp-content\\\/uploads\\\/2026\\\/02\\\/Logo-Edesia-no-background.png\",\"width\":293,\"height\":158,\"caption\":\"Edesia\"},\"image\":{\"@id\":\"https:\\\/\\\/www.edesia.al\\\/#\\\/schema\\\/logo\\\/image\\\/\"}}]}<\/script>\n<!-- \/ Yoast SEO plugin. -->","yoast_head_json":{"title":"Koriand\u00ebr Kok\u00ebrr - Edesia","robots":{"index":"index","follow":"follow","max-snippet":"max-snippet:-1","max-image-preview":"max-image-preview:large","max-video-preview":"max-video-preview:-1"},"canonical":"https:\/\/www.edesia.al\/?product=koriander-kokerr","og_locale":"en_US","og_type":"article","og_title":"Koriand\u00ebr Kok\u00ebrr - Edesia","og_description":"Koriandra \u00ebsht\u00eb nj\u00eb \u2018minier\u00eb\u2019 vitaminash p\u00ebrfshir\u00eb k\u00ebtu vitamin\u00ebn A, B dhe K, mineralesh si kalium dhe fibrash dietike. Me t\u00eb gjitha k\u00ebto l\u00ebnd\u00eb ushqyese dhe pothuajse asnj\u00eb vler\u00eb kalorike, koriandra \u00ebsht\u00eb nj\u00eb shtojc\u00eb e p\u00ebrsosur p\u00ebr vaktet kryesore.","og_url":"https:\/\/www.edesia.al\/?product=koriander-kokerr","og_site_name":"Edesia","article_modified_time":"2026-02-20T21:49:11+00:00","og_image":[{"width":593,"height":593,"url":"https:\/\/www.edesia.al\/wp-content\/uploads\/2026\/02\/Koriander-1.webp","type":"image\/webp"}],"twitter_card":"summary_large_image","twitter_misc":{"Est. reading time":"3 minutes"},"schema":{"@context":"https:\/\/schema.org","@graph":[{"@type":"WebPage","@id":"https:\/\/www.edesia.al\/?product=koriander-kokerr","url":"https:\/\/www.edesia.al\/?product=koriander-kokerr","name":"Koriand\u00ebr Kok\u00ebrr - Edesia","isPartOf":{"@id":"https:\/\/www.edesia.al\/#website"},"primaryImageOfPage":{"@id":"https:\/\/www.edesia.al\/?product=koriander-kokerr#primaryimage"},"image":{"@id":"https:\/\/www.edesia.al\/?product=koriander-kokerr#primaryimage"},"thumbnailUrl":"https:\/\/www.edesia.al\/wp-content\/uploads\/2026\/02\/Koriander-1.webp","datePublished":"2026-02-16T21:06:58+00:00","dateModified":"2026-02-20T21:49:11+00:00","breadcrumb":{"@id":"https:\/\/www.edesia.al\/?product=koriander-kokerr#breadcrumb"},"inLanguage":"en-US","potentialAction":[{"@type":"ReadAction","target":["https:\/\/www.edesia.al\/?product=koriander-kokerr"]}]},{"@type":"ImageObject","inLanguage":"en-US","@id":"https:\/\/www.edesia.al\/?product=koriander-kokerr#primaryimage","url":"https:\/\/www.edesia.al\/wp-content\/uploads\/2026\/02\/Koriander-1.webp","contentUrl":"https:\/\/www.edesia.al\/wp-content\/uploads\/2026\/02\/Koriander-1.webp","width":593,"height":593},{"@type":"BreadcrumbList","@id":"https:\/\/www.edesia.al\/?product=koriander-kokerr#breadcrumb","itemListElement":[{"@type":"ListItem","position":1,"name":"Home","item":"https:\/\/www.edesia.al\/"},{"@type":"ListItem","position":2,"name":"Dyqani","item":"https:\/\/www.edesia.al\/?page_id=17"},{"@type":"ListItem","position":3,"name":"Koriand\u00ebr Kok\u00ebrr"}]},{"@type":"WebSite","@id":"https:\/\/www.edesia.al\/#website","url":"https:\/\/www.edesia.al\/","name":"Edesia","description":"","publisher":{"@id":"https:\/\/www.edesia.al\/#organization"},"potentialAction":[{"@type":"SearchAction","target":{"@type":"EntryPoint","urlTemplate":"https:\/\/www.edesia.al\/?s={search_term_string}"},"query-input":{"@type":"PropertyValueSpecification","valueRequired":true,"valueName":"search_term_string"}}],"inLanguage":"en-US"},{"@type":"Organization","@id":"https:\/\/www.edesia.al\/#organization","name":"Edesia","url":"https:\/\/www.edesia.al\/","logo":{"@type":"ImageObject","inLanguage":"en-US","@id":"https:\/\/www.edesia.al\/#\/schema\/logo\/image\/","url":"https:\/\/www.edesia.al\/wp-content\/uploads\/2026\/02\/Logo-Edesia-no-background.png","contentUrl":"https:\/\/www.edesia.al\/wp-content\/uploads\/2026\/02\/Logo-Edesia-no-background.png","width":293,"height":158,"caption":"Edesia"},"image":{"@id":"https:\/\/www.edesia.al\/#\/schema\/logo\/image\/"}}]}},"_links":{"self":[{"href":"https:\/\/www.edesia.al\/index.php?rest_route=\/wp\/v2\/product\/6346","targetHints":{"allow":["GET"]}}],"collection":[{"href":"https:\/\/www.edesia.al\/index.php?rest_route=\/wp\/v2\/product"}],"about":[{"href":"https:\/\/www.edesia.al\/index.php?rest_route=\/wp\/v2\/types\/product"}],"replies":[{"embeddable":true,"href":"https:\/\/www.edesia.al\/index.php?rest_route=%2Fwp%2Fv2%2Fcomments&post=6346"}],"wp:featuredmedia":[{"embeddable":true,"href":"https:\/\/www.edesia.al\/index.php?rest_route=\/wp\/v2\/media\/6380"}],"wp:attachment":[{"href":"https:\/\/www.edesia.al\/index.php?rest_route=%2Fwp%2Fv2%2Fmedia&parent=6346"}],"wp:term":[{"taxonomy":"kategori-sipas-dietave","embeddable":true,"href":"https:\/\/www.edesia.al\/index.php?rest_route=%2Fwp%2Fv2%2Fkategori-sipas-dietave&post=6346"},{"taxonomy":"kategori-sipas-problemeve-shende","embeddable":true,"href":"https:\/\/www.edesia.al\/index.php?rest_route=%2Fwp%2Fv2%2Fkategori-sipas-problemeve-shende&post=6346"},{"taxonomy":"product_brand","embeddable":true,"href":"https:\/\/www.edesia.al\/index.php?rest_route=%2Fwp%2Fv2%2Fproduct_brand&post=6346"},{"taxonomy":"product_cat","embeddable":true,"href":"https:\/\/www.edesia.al\/index.php?rest_route=%2Fwp%2Fv2%2Fproduct_cat&post=6346"},{"taxonomy":"product_tag","embeddable":true,"href":"https:\/\/www.edesia.al\/index.php?rest_route=%2Fwp%2Fv2%2Fproduct_tag&post=6346"}],"curies":[{"name":"wp","href":"https:\/\/api.w.org\/{rel}","templated":true}]}}