{"id":6352,"date":"2026-02-16T21:06:59","date_gmt":"2026-02-16T21:06:59","guid":{"rendered":"https:\/\/www.edesia.al\/?post_type=product&#038;p=6352"},"modified":"2026-02-20T21:52:30","modified_gmt":"2026-02-20T21:52:30","slug":"pluhur-psilium","status":"publish","type":"product","link":"https:\/\/www.edesia.al\/?product=pluhur-psilium","title":{"rendered":"Pluhur Psilium"},"content":{"rendered":"<h3>Pluhur Psilium ( 150g )<\/h3>\n<p>Pluhuri i psilumit ( Psyllium) \u00ebsht\u00eb \u00a0burim i fibrave t\u00eb tretshme q\u00eb mund t\u00eb ndihmojn\u00eb n\u00eb trajtimin e problemeve t\u00eb zakonshme t\u00eb tretjes si kapsll\u00ebku, diarreja, hemorroide dhe sindroma e zorr\u00ebve t\u00eb irritueshme. Fijet e psiliumit thithin ujin nd\u00ebrsa kalon n\u00ebp\u00ebr aparatin tret\u00ebs, duke b\u00ebr\u00eb q\u00eb jasht\u00ebqitja t\u00eb zbutet dhe t\u00eb fryhet. Sipas disa studimeve, k\u00ebto fibra mund t\u00eb zvog\u00eblojn\u00eb gjithashtu rrezikun e s\u00ebmundjeve t\u00eb zemr\u00ebs, diabetit dhe kolesterolit t\u00eb lart\u00eb, sepse trupi juaj konsumon m\u00eb shum\u00eb fibra dietike<\/p>\n<h4><strong>P\u00ebrdorimi:<\/strong><\/h4>\n<p>Tretni nj\u00eb lug\u00eb psilium n\u00eb 250 ml uj\u00eb, p\u00ebrzieni mir\u00eb dhe konsumojeni menjeher\u00eb. P\u00ebrdoret dhe n\u00eb receta t\u00eb ndryshme p\u00ebr buke, pite apo \u00ebmb\u00eblsira q\u00eb b\u00ebhen me miellra pa gluten pasi psilium e lidh mir\u00eb brumin e tyre.<\/p>\n<h4>Kujdes:<\/h4>\n<p>Konsumoni gjithmon sasin\u00eb e duhur t\u00eb l\u00ebngjeve kur p\u00ebrdorni psilium.<\/p>\n","protected":false},"excerpt":{"rendered":"<p>Pluhur Psilium ( 150g ) Pluhuri i psilumit ( Psyllium) \u00ebsht\u00eb \u00a0burim i fibrave t\u00eb tretshme q\u00eb mund t\u00eb ndihmojn\u00eb n\u00eb trajtimin e problemeve t\u00eb zakonshme t\u00eb tretjes si kapsll\u00ebku, diarreja, hemorroide dhe sindroma e zorr\u00ebve t\u00eb irritueshme. Fijet e psiliumit thithin ujin nd\u00ebrsa kalon n\u00ebp\u00ebr aparatin tret\u00ebs, duke b\u00ebr\u00eb q\u00eb jasht\u00ebqitja t\u00eb zbutet dhe[&#8230;]<\/p>\n","protected":false},"featured_media":6387,"comment_status":"open","ping_status":"closed","template":"","meta":{"_acf_changed":false,"inline_featured_image":false},"kategori-sipas-dietave":[89],"kategori-sipas-problemeve-shende":[83],"product_brand":[35],"product_cat":[28,80],"product_tag":[],"class_list":{"0":"post-6352","1":"product","2":"type-product","3":"status-publish","4":"has-post-thumbnail","6":"kategori-sipas-dietave-vegan","7":"kategori-sipas-problemeve-shende-tretje-detox","8":"product_brand-sonnentor-sh-p-k","9":"product_cat-superfoods","10":"product_cat-suplemente-superfoods","12":"first","13":"instock","14":"taxable","15":"shipping-taxable","16":"purchasable","17":"product-type-simple"},"acf":[],"yoast_head":"<!-- This site is optimized with the Yoast SEO plugin v27.4 - https:\/\/yoast.com\/product\/yoast-seo-wordpress\/ -->\n<title>Pluhur Psilium - Edesia<\/title>\n<meta name=\"robots\" content=\"index, follow, max-snippet:-1, max-image-preview:large, max-video-preview:-1\" \/>\n<link rel=\"canonical\" href=\"https:\/\/www.edesia.al\/?product=pluhur-psilium\" \/>\n<meta property=\"og:locale\" content=\"en_US\" \/>\n<meta property=\"og:type\" content=\"article\" \/>\n<meta property=\"og:title\" content=\"Pluhur Psilium - Edesia\" \/>\n<meta property=\"og:description\" content=\"Pluhur Psilium ( 150g ) Pluhuri i psilumit ( Psyllium) \u00ebsht\u00eb \u00a0burim i fibrave t\u00eb tretshme q\u00eb mund t\u00eb ndihmojn\u00eb n\u00eb trajtimin e problemeve t\u00eb zakonshme t\u00eb tretjes si kapsll\u00ebku, diarreja, hemorroide dhe sindroma e zorr\u00ebve t\u00eb irritueshme. Fijet e psiliumit thithin ujin nd\u00ebrsa kalon n\u00ebp\u00ebr aparatin tret\u00ebs, duke b\u00ebr\u00eb q\u00eb jasht\u00ebqitja t\u00eb zbutet dhe[...]\" \/>\n<meta property=\"og:url\" content=\"https:\/\/www.edesia.al\/?product=pluhur-psilium\" \/>\n<meta property=\"og:site_name\" content=\"Edesia\" \/>\n<meta property=\"article:modified_time\" content=\"2026-02-20T21:52:30+00:00\" \/>\n<meta property=\"og:image\" content=\"https:\/\/www.edesia.al\/wp-content\/uploads\/2026\/02\/Puder-Psilium-1.png\" \/>\n\t<meta property=\"og:image:width\" content=\"593\" \/>\n\t<meta property=\"og:image:height\" content=\"593\" \/>\n\t<meta property=\"og:image:type\" content=\"image\/png\" \/>\n<meta name=\"twitter:card\" content=\"summary_large_image\" \/>\n<meta name=\"twitter:label1\" content=\"Est. reading time\" \/>\n\t<meta name=\"twitter:data1\" content=\"1 minute\" \/>\n<script type=\"application\/ld+json\" class=\"yoast-schema-graph\">{\"@context\":\"https:\\\/\\\/schema.org\",\"@graph\":[{\"@type\":\"WebPage\",\"@id\":\"https:\\\/\\\/www.edesia.al\\\/?product=pluhur-psilium\",\"url\":\"https:\\\/\\\/www.edesia.al\\\/?product=pluhur-psilium\",\"name\":\"Pluhur Psilium - Edesia\",\"isPartOf\":{\"@id\":\"https:\\\/\\\/www.edesia.al\\\/#website\"},\"primaryImageOfPage\":{\"@id\":\"https:\\\/\\\/www.edesia.al\\\/?product=pluhur-psilium#primaryimage\"},\"image\":{\"@id\":\"https:\\\/\\\/www.edesia.al\\\/?product=pluhur-psilium#primaryimage\"},\"thumbnailUrl\":\"https:\\\/\\\/www.edesia.al\\\/wp-content\\\/uploads\\\/2026\\\/02\\\/Puder-Psilium-1.png\",\"datePublished\":\"2026-02-16T21:06:59+00:00\",\"dateModified\":\"2026-02-20T21:52:30+00:00\",\"breadcrumb\":{\"@id\":\"https:\\\/\\\/www.edesia.al\\\/?product=pluhur-psilium#breadcrumb\"},\"inLanguage\":\"en-US\",\"potentialAction\":[{\"@type\":\"ReadAction\",\"target\":[\"https:\\\/\\\/www.edesia.al\\\/?product=pluhur-psilium\"]}]},{\"@type\":\"ImageObject\",\"inLanguage\":\"en-US\",\"@id\":\"https:\\\/\\\/www.edesia.al\\\/?product=pluhur-psilium#primaryimage\",\"url\":\"https:\\\/\\\/www.edesia.al\\\/wp-content\\\/uploads\\\/2026\\\/02\\\/Puder-Psilium-1.png\",\"contentUrl\":\"https:\\\/\\\/www.edesia.al\\\/wp-content\\\/uploads\\\/2026\\\/02\\\/Puder-Psilium-1.png\",\"width\":593,\"height\":593},{\"@type\":\"BreadcrumbList\",\"@id\":\"https:\\\/\\\/www.edesia.al\\\/?product=pluhur-psilium#breadcrumb\",\"itemListElement\":[{\"@type\":\"ListItem\",\"position\":1,\"name\":\"Home\",\"item\":\"https:\\\/\\\/www.edesia.al\\\/\"},{\"@type\":\"ListItem\",\"position\":2,\"name\":\"Dyqani\",\"item\":\"https:\\\/\\\/www.edesia.al\\\/?page_id=17\"},{\"@type\":\"ListItem\",\"position\":3,\"name\":\"Pluhur Psilium\"}]},{\"@type\":\"WebSite\",\"@id\":\"https:\\\/\\\/www.edesia.al\\\/#website\",\"url\":\"https:\\\/\\\/www.edesia.al\\\/\",\"name\":\"Edesia\",\"description\":\"\",\"publisher\":{\"@id\":\"https:\\\/\\\/www.edesia.al\\\/#organization\"},\"potentialAction\":[{\"@type\":\"SearchAction\",\"target\":{\"@type\":\"EntryPoint\",\"urlTemplate\":\"https:\\\/\\\/www.edesia.al\\\/?s={search_term_string}\"},\"query-input\":{\"@type\":\"PropertyValueSpecification\",\"valueRequired\":true,\"valueName\":\"search_term_string\"}}],\"inLanguage\":\"en-US\"},{\"@type\":\"Organization\",\"@id\":\"https:\\\/\\\/www.edesia.al\\\/#organization\",\"name\":\"Edesia\",\"url\":\"https:\\\/\\\/www.edesia.al\\\/\",\"logo\":{\"@type\":\"ImageObject\",\"inLanguage\":\"en-US\",\"@id\":\"https:\\\/\\\/www.edesia.al\\\/#\\\/schema\\\/logo\\\/image\\\/\",\"url\":\"https:\\\/\\\/www.edesia.al\\\/wp-content\\\/uploads\\\/2026\\\/02\\\/Logo-Edesia-no-background.png\",\"contentUrl\":\"https:\\\/\\\/www.edesia.al\\\/wp-content\\\/uploads\\\/2026\\\/02\\\/Logo-Edesia-no-background.png\",\"width\":293,\"height\":158,\"caption\":\"Edesia\"},\"image\":{\"@id\":\"https:\\\/\\\/www.edesia.al\\\/#\\\/schema\\\/logo\\\/image\\\/\"}}]}<\/script>\n<!-- \/ Yoast SEO plugin. -->","yoast_head_json":{"title":"Pluhur Psilium - Edesia","robots":{"index":"index","follow":"follow","max-snippet":"max-snippet:-1","max-image-preview":"max-image-preview:large","max-video-preview":"max-video-preview:-1"},"canonical":"https:\/\/www.edesia.al\/?product=pluhur-psilium","og_locale":"en_US","og_type":"article","og_title":"Pluhur Psilium - Edesia","og_description":"Pluhur Psilium ( 150g ) Pluhuri i psilumit ( Psyllium) \u00ebsht\u00eb \u00a0burim i fibrave t\u00eb tretshme q\u00eb mund t\u00eb ndihmojn\u00eb n\u00eb trajtimin e problemeve t\u00eb zakonshme t\u00eb tretjes si kapsll\u00ebku, diarreja, hemorroide dhe sindroma e zorr\u00ebve t\u00eb irritueshme. Fijet e psiliumit thithin ujin nd\u00ebrsa kalon n\u00ebp\u00ebr aparatin tret\u00ebs, duke b\u00ebr\u00eb q\u00eb jasht\u00ebqitja t\u00eb zbutet dhe[...]","og_url":"https:\/\/www.edesia.al\/?product=pluhur-psilium","og_site_name":"Edesia","article_modified_time":"2026-02-20T21:52:30+00:00","og_image":[{"width":593,"height":593,"url":"https:\/\/www.edesia.al\/wp-content\/uploads\/2026\/02\/Puder-Psilium-1.png","type":"image\/png"}],"twitter_card":"summary_large_image","twitter_misc":{"Est. reading time":"1 minute"},"schema":{"@context":"https:\/\/schema.org","@graph":[{"@type":"WebPage","@id":"https:\/\/www.edesia.al\/?product=pluhur-psilium","url":"https:\/\/www.edesia.al\/?product=pluhur-psilium","name":"Pluhur Psilium - Edesia","isPartOf":{"@id":"https:\/\/www.edesia.al\/#website"},"primaryImageOfPage":{"@id":"https:\/\/www.edesia.al\/?product=pluhur-psilium#primaryimage"},"image":{"@id":"https:\/\/www.edesia.al\/?product=pluhur-psilium#primaryimage"},"thumbnailUrl":"https:\/\/www.edesia.al\/wp-content\/uploads\/2026\/02\/Puder-Psilium-1.png","datePublished":"2026-02-16T21:06:59+00:00","dateModified":"2026-02-20T21:52:30+00:00","breadcrumb":{"@id":"https:\/\/www.edesia.al\/?product=pluhur-psilium#breadcrumb"},"inLanguage":"en-US","potentialAction":[{"@type":"ReadAction","target":["https:\/\/www.edesia.al\/?product=pluhur-psilium"]}]},{"@type":"ImageObject","inLanguage":"en-US","@id":"https:\/\/www.edesia.al\/?product=pluhur-psilium#primaryimage","url":"https:\/\/www.edesia.al\/wp-content\/uploads\/2026\/02\/Puder-Psilium-1.png","contentUrl":"https:\/\/www.edesia.al\/wp-content\/uploads\/2026\/02\/Puder-Psilium-1.png","width":593,"height":593},{"@type":"BreadcrumbList","@id":"https:\/\/www.edesia.al\/?product=pluhur-psilium#breadcrumb","itemListElement":[{"@type":"ListItem","position":1,"name":"Home","item":"https:\/\/www.edesia.al\/"},{"@type":"ListItem","position":2,"name":"Dyqani","item":"https:\/\/www.edesia.al\/?page_id=17"},{"@type":"ListItem","position":3,"name":"Pluhur Psilium"}]},{"@type":"WebSite","@id":"https:\/\/www.edesia.al\/#website","url":"https:\/\/www.edesia.al\/","name":"Edesia","description":"","publisher":{"@id":"https:\/\/www.edesia.al\/#organization"},"potentialAction":[{"@type":"SearchAction","target":{"@type":"EntryPoint","urlTemplate":"https:\/\/www.edesia.al\/?s={search_term_string}"},"query-input":{"@type":"PropertyValueSpecification","valueRequired":true,"valueName":"search_term_string"}}],"inLanguage":"en-US"},{"@type":"Organization","@id":"https:\/\/www.edesia.al\/#organization","name":"Edesia","url":"https:\/\/www.edesia.al\/","logo":{"@type":"ImageObject","inLanguage":"en-US","@id":"https:\/\/www.edesia.al\/#\/schema\/logo\/image\/","url":"https:\/\/www.edesia.al\/wp-content\/uploads\/2026\/02\/Logo-Edesia-no-background.png","contentUrl":"https:\/\/www.edesia.al\/wp-content\/uploads\/2026\/02\/Logo-Edesia-no-background.png","width":293,"height":158,"caption":"Edesia"},"image":{"@id":"https:\/\/www.edesia.al\/#\/schema\/logo\/image\/"}}]}},"_links":{"self":[{"href":"https:\/\/www.edesia.al\/index.php?rest_route=\/wp\/v2\/product\/6352","targetHints":{"allow":["GET"]}}],"collection":[{"href":"https:\/\/www.edesia.al\/index.php?rest_route=\/wp\/v2\/product"}],"about":[{"href":"https:\/\/www.edesia.al\/index.php?rest_route=\/wp\/v2\/types\/product"}],"replies":[{"embeddable":true,"href":"https:\/\/www.edesia.al\/index.php?rest_route=%2Fwp%2Fv2%2Fcomments&post=6352"}],"wp:featuredmedia":[{"embeddable":true,"href":"https:\/\/www.edesia.al\/index.php?rest_route=\/wp\/v2\/media\/6387"}],"wp:attachment":[{"href":"https:\/\/www.edesia.al\/index.php?rest_route=%2Fwp%2Fv2%2Fmedia&parent=6352"}],"wp:term":[{"taxonomy":"kategori-sipas-dietave","embeddable":true,"href":"https:\/\/www.edesia.al\/index.php?rest_route=%2Fwp%2Fv2%2Fkategori-sipas-dietave&post=6352"},{"taxonomy":"kategori-sipas-problemeve-shende","embeddable":true,"href":"https:\/\/www.edesia.al\/index.php?rest_route=%2Fwp%2Fv2%2Fkategori-sipas-problemeve-shende&post=6352"},{"taxonomy":"product_brand","embeddable":true,"href":"https:\/\/www.edesia.al\/index.php?rest_route=%2Fwp%2Fv2%2Fproduct_brand&post=6352"},{"taxonomy":"product_cat","embeddable":true,"href":"https:\/\/www.edesia.al\/index.php?rest_route=%2Fwp%2Fv2%2Fproduct_cat&post=6352"},{"taxonomy":"product_tag","embeddable":true,"href":"https:\/\/www.edesia.al\/index.php?rest_route=%2Fwp%2Fv2%2Fproduct_tag&post=6352"}],"curies":[{"name":"wp","href":"https:\/\/api.w.org\/{rel}","templated":true}]}}