{"id":6354,"date":"2026-02-16T21:06:59","date_gmt":"2026-02-16T21:06:59","guid":{"rendered":"https:\/\/www.edesia.al\/?post_type=product&#038;p=6354"},"modified":"2026-02-20T21:54:52","modified_gmt":"2026-02-20T21:54:52","slug":"fare-anise","status":"publish","type":"product","link":"https:\/\/www.edesia.al\/?product=fare-anise","title":{"rendered":"Far\u00eb Anise"},"content":{"rendered":"<h3>Far\u00eb Anise ( 50g )<\/h3>\n<p>Kjo far\u00eb aromatike, me shije t\u00eb leht\u00eb p\u00ebrdoret si er\u00ebz dhe si \u00e7aj. Ka efekte qet\u00ebsuese sidomos kur konsumohet n\u00eb dark\u00eb ndihmon nj\u00eb gjum\u00eb t\u00eb mir\u00eb. Leht\u00ebson ankthin dhe gjendjet e tjera nervore.<\/p>\n<h4>P\u00ebrdorimi:<\/h4>\n<p>P\u00ebrdoret si er\u00ebz n\u00eb biskota, kek, buk\u00eb apo dhe n\u00eb koktejle t\u00eb ndryshme. Gjithashtu si \u00e7aj b\u00ebhet shum\u00eb i shijsh\u00ebm dhe plot vlera.<\/p>\n","protected":false},"excerpt":{"rendered":"<p>Far\u00eb Anise ( 50g ) Kjo far\u00eb aromatike, me shije t\u00eb leht\u00eb p\u00ebrdoret si er\u00ebz dhe si \u00e7aj. Ka efekte qet\u00ebsuese sidomos kur konsumohet n\u00eb dark\u00eb ndihmon nj\u00eb gjum\u00eb t\u00eb mir\u00eb. Leht\u00ebson ankthin dhe gjendjet e tjera nervore. P\u00ebrdorimi: P\u00ebrdoret si er\u00ebz n\u00eb biskota, kek, buk\u00eb apo dhe n\u00eb koktejle t\u00eb ndryshme. Gjithashtu si \u00e7aj[&#8230;]<\/p>\n","protected":false},"featured_media":6389,"comment_status":"open","ping_status":"closed","template":"","meta":{"_acf_changed":false,"inline_featured_image":false},"kategori-sipas-dietave":[89],"kategori-sipas-problemeve-shende":[],"product_brand":[35],"product_cat":[81,34],"product_tag":[],"class_list":{"0":"post-6354","1":"product","2":"type-product","3":"status-publish","4":"has-post-thumbnail","6":"kategori-sipas-dietave-vegan","7":"product_brand-sonnentor-sh-p-k","8":"product_cat-caj-bime-mjekesore","9":"product_cat-ereza-bime-aromatike","11":"first","12":"instock","13":"taxable","14":"shipping-taxable","15":"purchasable","16":"product-type-simple"},"acf":[],"yoast_head":"<!-- This site is optimized with the Yoast SEO plugin v27.4 - https:\/\/yoast.com\/product\/yoast-seo-wordpress\/ -->\n<title>Far\u00eb Anise - Edesia<\/title>\n<meta name=\"robots\" content=\"index, follow, max-snippet:-1, max-image-preview:large, max-video-preview:-1\" \/>\n<link rel=\"canonical\" href=\"https:\/\/www.edesia.al\/?product=fare-anise\" \/>\n<meta property=\"og:locale\" content=\"en_US\" \/>\n<meta property=\"og:type\" content=\"article\" \/>\n<meta property=\"og:title\" content=\"Far\u00eb Anise - Edesia\" \/>\n<meta property=\"og:description\" content=\"Far\u00eb Anise ( 50g ) Kjo far\u00eb aromatike, me shije t\u00eb leht\u00eb p\u00ebrdoret si er\u00ebz dhe si \u00e7aj. Ka efekte qet\u00ebsuese sidomos kur konsumohet n\u00eb dark\u00eb ndihmon nj\u00eb gjum\u00eb t\u00eb mir\u00eb. Leht\u00ebson ankthin dhe gjendjet e tjera nervore. P\u00ebrdorimi: P\u00ebrdoret si er\u00ebz n\u00eb biskota, kek, buk\u00eb apo dhe n\u00eb koktejle t\u00eb ndryshme. Gjithashtu si \u00e7aj[...]\" \/>\n<meta property=\"og:url\" content=\"https:\/\/www.edesia.al\/?product=fare-anise\" \/>\n<meta property=\"og:site_name\" content=\"Edesia\" \/>\n<meta property=\"article:modified_time\" content=\"2026-02-20T21:54:52+00:00\" \/>\n<meta property=\"og:image\" content=\"https:\/\/www.edesia.al\/wp-content\/uploads\/2026\/02\/anise-fare-1.webp\" \/>\n\t<meta property=\"og:image:width\" content=\"593\" \/>\n\t<meta property=\"og:image:height\" content=\"593\" \/>\n\t<meta property=\"og:image:type\" content=\"image\/webp\" \/>\n<meta name=\"twitter:card\" content=\"summary_large_image\" \/>\n<script type=\"application\/ld+json\" class=\"yoast-schema-graph\">{\"@context\":\"https:\\\/\\\/schema.org\",\"@graph\":[{\"@type\":\"WebPage\",\"@id\":\"https:\\\/\\\/www.edesia.al\\\/?product=fare-anise\",\"url\":\"https:\\\/\\\/www.edesia.al\\\/?product=fare-anise\",\"name\":\"Far\u00eb Anise - Edesia\",\"isPartOf\":{\"@id\":\"https:\\\/\\\/www.edesia.al\\\/#website\"},\"primaryImageOfPage\":{\"@id\":\"https:\\\/\\\/www.edesia.al\\\/?product=fare-anise#primaryimage\"},\"image\":{\"@id\":\"https:\\\/\\\/www.edesia.al\\\/?product=fare-anise#primaryimage\"},\"thumbnailUrl\":\"https:\\\/\\\/www.edesia.al\\\/wp-content\\\/uploads\\\/2026\\\/02\\\/anise-fare-1.webp\",\"datePublished\":\"2026-02-16T21:06:59+00:00\",\"dateModified\":\"2026-02-20T21:54:52+00:00\",\"breadcrumb\":{\"@id\":\"https:\\\/\\\/www.edesia.al\\\/?product=fare-anise#breadcrumb\"},\"inLanguage\":\"en-US\",\"potentialAction\":[{\"@type\":\"ReadAction\",\"target\":[\"https:\\\/\\\/www.edesia.al\\\/?product=fare-anise\"]}]},{\"@type\":\"ImageObject\",\"inLanguage\":\"en-US\",\"@id\":\"https:\\\/\\\/www.edesia.al\\\/?product=fare-anise#primaryimage\",\"url\":\"https:\\\/\\\/www.edesia.al\\\/wp-content\\\/uploads\\\/2026\\\/02\\\/anise-fare-1.webp\",\"contentUrl\":\"https:\\\/\\\/www.edesia.al\\\/wp-content\\\/uploads\\\/2026\\\/02\\\/anise-fare-1.webp\",\"width\":593,\"height\":593},{\"@type\":\"BreadcrumbList\",\"@id\":\"https:\\\/\\\/www.edesia.al\\\/?product=fare-anise#breadcrumb\",\"itemListElement\":[{\"@type\":\"ListItem\",\"position\":1,\"name\":\"Home\",\"item\":\"https:\\\/\\\/www.edesia.al\\\/\"},{\"@type\":\"ListItem\",\"position\":2,\"name\":\"Dyqani\",\"item\":\"https:\\\/\\\/www.edesia.al\\\/?page_id=17\"},{\"@type\":\"ListItem\",\"position\":3,\"name\":\"Far\u00eb Anise\"}]},{\"@type\":\"WebSite\",\"@id\":\"https:\\\/\\\/www.edesia.al\\\/#website\",\"url\":\"https:\\\/\\\/www.edesia.al\\\/\",\"name\":\"Edesia\",\"description\":\"\",\"publisher\":{\"@id\":\"https:\\\/\\\/www.edesia.al\\\/#organization\"},\"potentialAction\":[{\"@type\":\"SearchAction\",\"target\":{\"@type\":\"EntryPoint\",\"urlTemplate\":\"https:\\\/\\\/www.edesia.al\\\/?s={search_term_string}\"},\"query-input\":{\"@type\":\"PropertyValueSpecification\",\"valueRequired\":true,\"valueName\":\"search_term_string\"}}],\"inLanguage\":\"en-US\"},{\"@type\":\"Organization\",\"@id\":\"https:\\\/\\\/www.edesia.al\\\/#organization\",\"name\":\"Edesia\",\"url\":\"https:\\\/\\\/www.edesia.al\\\/\",\"logo\":{\"@type\":\"ImageObject\",\"inLanguage\":\"en-US\",\"@id\":\"https:\\\/\\\/www.edesia.al\\\/#\\\/schema\\\/logo\\\/image\\\/\",\"url\":\"https:\\\/\\\/www.edesia.al\\\/wp-content\\\/uploads\\\/2026\\\/02\\\/Logo-Edesia-no-background.png\",\"contentUrl\":\"https:\\\/\\\/www.edesia.al\\\/wp-content\\\/uploads\\\/2026\\\/02\\\/Logo-Edesia-no-background.png\",\"width\":293,\"height\":158,\"caption\":\"Edesia\"},\"image\":{\"@id\":\"https:\\\/\\\/www.edesia.al\\\/#\\\/schema\\\/logo\\\/image\\\/\"}}]}<\/script>\n<!-- \/ Yoast SEO plugin. -->","yoast_head_json":{"title":"Far\u00eb Anise - Edesia","robots":{"index":"index","follow":"follow","max-snippet":"max-snippet:-1","max-image-preview":"max-image-preview:large","max-video-preview":"max-video-preview:-1"},"canonical":"https:\/\/www.edesia.al\/?product=fare-anise","og_locale":"en_US","og_type":"article","og_title":"Far\u00eb Anise - Edesia","og_description":"Far\u00eb Anise ( 50g ) Kjo far\u00eb aromatike, me shije t\u00eb leht\u00eb p\u00ebrdoret si er\u00ebz dhe si \u00e7aj. Ka efekte qet\u00ebsuese sidomos kur konsumohet n\u00eb dark\u00eb ndihmon nj\u00eb gjum\u00eb t\u00eb mir\u00eb. Leht\u00ebson ankthin dhe gjendjet e tjera nervore. P\u00ebrdorimi: P\u00ebrdoret si er\u00ebz n\u00eb biskota, kek, buk\u00eb apo dhe n\u00eb koktejle t\u00eb ndryshme. Gjithashtu si \u00e7aj[...]","og_url":"https:\/\/www.edesia.al\/?product=fare-anise","og_site_name":"Edesia","article_modified_time":"2026-02-20T21:54:52+00:00","og_image":[{"width":593,"height":593,"url":"https:\/\/www.edesia.al\/wp-content\/uploads\/2026\/02\/anise-fare-1.webp","type":"image\/webp"}],"twitter_card":"summary_large_image","schema":{"@context":"https:\/\/schema.org","@graph":[{"@type":"WebPage","@id":"https:\/\/www.edesia.al\/?product=fare-anise","url":"https:\/\/www.edesia.al\/?product=fare-anise","name":"Far\u00eb Anise - Edesia","isPartOf":{"@id":"https:\/\/www.edesia.al\/#website"},"primaryImageOfPage":{"@id":"https:\/\/www.edesia.al\/?product=fare-anise#primaryimage"},"image":{"@id":"https:\/\/www.edesia.al\/?product=fare-anise#primaryimage"},"thumbnailUrl":"https:\/\/www.edesia.al\/wp-content\/uploads\/2026\/02\/anise-fare-1.webp","datePublished":"2026-02-16T21:06:59+00:00","dateModified":"2026-02-20T21:54:52+00:00","breadcrumb":{"@id":"https:\/\/www.edesia.al\/?product=fare-anise#breadcrumb"},"inLanguage":"en-US","potentialAction":[{"@type":"ReadAction","target":["https:\/\/www.edesia.al\/?product=fare-anise"]}]},{"@type":"ImageObject","inLanguage":"en-US","@id":"https:\/\/www.edesia.al\/?product=fare-anise#primaryimage","url":"https:\/\/www.edesia.al\/wp-content\/uploads\/2026\/02\/anise-fare-1.webp","contentUrl":"https:\/\/www.edesia.al\/wp-content\/uploads\/2026\/02\/anise-fare-1.webp","width":593,"height":593},{"@type":"BreadcrumbList","@id":"https:\/\/www.edesia.al\/?product=fare-anise#breadcrumb","itemListElement":[{"@type":"ListItem","position":1,"name":"Home","item":"https:\/\/www.edesia.al\/"},{"@type":"ListItem","position":2,"name":"Dyqani","item":"https:\/\/www.edesia.al\/?page_id=17"},{"@type":"ListItem","position":3,"name":"Far\u00eb Anise"}]},{"@type":"WebSite","@id":"https:\/\/www.edesia.al\/#website","url":"https:\/\/www.edesia.al\/","name":"Edesia","description":"","publisher":{"@id":"https:\/\/www.edesia.al\/#organization"},"potentialAction":[{"@type":"SearchAction","target":{"@type":"EntryPoint","urlTemplate":"https:\/\/www.edesia.al\/?s={search_term_string}"},"query-input":{"@type":"PropertyValueSpecification","valueRequired":true,"valueName":"search_term_string"}}],"inLanguage":"en-US"},{"@type":"Organization","@id":"https:\/\/www.edesia.al\/#organization","name":"Edesia","url":"https:\/\/www.edesia.al\/","logo":{"@type":"ImageObject","inLanguage":"en-US","@id":"https:\/\/www.edesia.al\/#\/schema\/logo\/image\/","url":"https:\/\/www.edesia.al\/wp-content\/uploads\/2026\/02\/Logo-Edesia-no-background.png","contentUrl":"https:\/\/www.edesia.al\/wp-content\/uploads\/2026\/02\/Logo-Edesia-no-background.png","width":293,"height":158,"caption":"Edesia"},"image":{"@id":"https:\/\/www.edesia.al\/#\/schema\/logo\/image\/"}}]}},"_links":{"self":[{"href":"https:\/\/www.edesia.al\/index.php?rest_route=\/wp\/v2\/product\/6354","targetHints":{"allow":["GET"]}}],"collection":[{"href":"https:\/\/www.edesia.al\/index.php?rest_route=\/wp\/v2\/product"}],"about":[{"href":"https:\/\/www.edesia.al\/index.php?rest_route=\/wp\/v2\/types\/product"}],"replies":[{"embeddable":true,"href":"https:\/\/www.edesia.al\/index.php?rest_route=%2Fwp%2Fv2%2Fcomments&post=6354"}],"wp:featuredmedia":[{"embeddable":true,"href":"https:\/\/www.edesia.al\/index.php?rest_route=\/wp\/v2\/media\/6389"}],"wp:attachment":[{"href":"https:\/\/www.edesia.al\/index.php?rest_route=%2Fwp%2Fv2%2Fmedia&parent=6354"}],"wp:term":[{"taxonomy":"kategori-sipas-dietave","embeddable":true,"href":"https:\/\/www.edesia.al\/index.php?rest_route=%2Fwp%2Fv2%2Fkategori-sipas-dietave&post=6354"},{"taxonomy":"kategori-sipas-problemeve-shende","embeddable":true,"href":"https:\/\/www.edesia.al\/index.php?rest_route=%2Fwp%2Fv2%2Fkategori-sipas-problemeve-shende&post=6354"},{"taxonomy":"product_brand","embeddable":true,"href":"https:\/\/www.edesia.al\/index.php?rest_route=%2Fwp%2Fv2%2Fproduct_brand&post=6354"},{"taxonomy":"product_cat","embeddable":true,"href":"https:\/\/www.edesia.al\/index.php?rest_route=%2Fwp%2Fv2%2Fproduct_cat&post=6354"},{"taxonomy":"product_tag","embeddable":true,"href":"https:\/\/www.edesia.al\/index.php?rest_route=%2Fwp%2Fv2%2Fproduct_tag&post=6354"}],"curies":[{"name":"wp","href":"https:\/\/api.w.org\/{rel}","templated":true}]}}