{"id":6400,"date":"2026-02-16T21:07:20","date_gmt":"2026-02-16T21:07:20","guid":{"rendered":"https:\/\/www.edesia.al\/?post_type=product&#038;p=6400"},"modified":"2026-02-20T22:00:38","modified_gmt":"2026-02-20T22:00:38","slug":"trumez","status":"publish","type":"product","link":"https:\/\/www.edesia.al\/?product=trumez","title":{"rendered":"Trum\u00ebz"},"content":{"rendered":"<h3>Trum\u00ebz ( 20g )<\/h3>\n<p>Trumza \u00ebsht\u00eb nj\u00eb bim\u00eb e fuqishme terapeutike q\u00eb mund t\u00eb p\u00ebrmir\u00ebsoj\u00eb sh\u00ebndetin ton\u00eb si dhe t\u00eb na ofroj\u00eb nj\u00eb s\u00ebr\u00eb benefitesh pasi p\u00ebrmban shum\u00eb minerale si kalciumi, hekuri dhe kaliumi, si dhe fal\u00eb vetive t\u00eb saj antioksiduese.<br \/>\nSubstanca t\u00eb trumz\u00ebs p\u00ebrdoren shpesh edhe n\u00eb p\u00ebrb\u00ebrjen e ila\u00e7eve farmaceutike, kozmetike e sidomos n\u00eb kuzhin\u00eb.<\/p>\n<h4>Benefitet sh\u00ebndetsore t\u00eb trumz\u00ebs:<\/h4>\n<ul>\n<li>Ndihmon n\u00eb mbajtjen n\u00ebn kontroll t\u00eb presionit t\u00eb lart\u00eb t\u00eb gjakut.<\/li>\n<li>Ndihmon n\u00eb largimin e koll\u00ebs s\u00eb vazhdueshme, dhimbjet dhe infeksionet e fytit si dhe n\u00eb trajtimin e bronkiti.<\/li>\n<li>Nxit prodhimin e qelizave t\u00eb kuqe t\u00eb gjakut q\u00eb \u00ebsht\u00eb e domosdoeshme p\u00ebr ata q\u00eb vuajn\u00eb nga anemia.<\/li>\n<li>Largon lodhjen kronike.<\/li>\n<li>Trajton asm\u00ebn.<\/li>\n<li>Ndihmon n\u00eb problemet me teroidet.<\/li>\n<li>Qet\u00ebson dhimbjet muskulare q\u00eb shkaktohen nga fibromyalgia.<\/li>\n<\/ul>\n<h4>P\u00ebdorimi:<\/h4>\n<p>Trum\u00ebza p\u00ebrdoret si er\u00ebz n\u00eb disa pjata, kryesisht t\u00eb mishit dhe peshkut. P\u00ebrdoret gjer\u00ebsisht dhe si \u00e7aj.<\/p>\n<p>&nbsp;<\/p>\n<p>&nbsp;<\/p>\n","protected":false},"excerpt":{"rendered":"<p>Kjo er\u00ebz aromatike nuk duhet t\u00eb mungoj n\u00eb sht\u00ebpit\u00eb tuaja.<\/p>\n","protected":false},"featured_media":6429,"comment_status":"open","ping_status":"closed","template":"","meta":{"_acf_changed":false,"inline_featured_image":false},"kategori-sipas-dietave":[89],"kategori-sipas-problemeve-shende":[85],"product_brand":[35],"product_cat":[81,34],"product_tag":[],"class_list":{"0":"post-6400","1":"product","2":"type-product","3":"status-publish","4":"has-post-thumbnail","6":"kategori-sipas-dietave-vegan","7":"kategori-sipas-problemeve-shende-imuniteti","8":"product_brand-sonnentor-sh-p-k","9":"product_cat-caj-bime-mjekesore","10":"product_cat-ereza-bime-aromatike","12":"first","13":"instock","14":"taxable","15":"shipping-taxable","16":"purchasable","17":"product-type-simple"},"acf":[],"yoast_head":"<!-- This site is optimized with the Yoast SEO plugin v27.4 - https:\/\/yoast.com\/product\/yoast-seo-wordpress\/ -->\n<title>Trum\u00ebz - Edesia<\/title>\n<meta name=\"robots\" content=\"index, follow, max-snippet:-1, max-image-preview:large, max-video-preview:-1\" \/>\n<link rel=\"canonical\" href=\"https:\/\/www.edesia.al\/?product=trumez\" \/>\n<meta property=\"og:locale\" content=\"en_US\" \/>\n<meta property=\"og:type\" content=\"article\" \/>\n<meta property=\"og:title\" content=\"Trum\u00ebz - Edesia\" \/>\n<meta property=\"og:description\" content=\"Kjo er\u00ebz aromatike nuk duhet t\u00eb mungoj n\u00eb sht\u00ebpit\u00eb tuaja.\" \/>\n<meta property=\"og:url\" content=\"https:\/\/www.edesia.al\/?product=trumez\" \/>\n<meta property=\"og:site_name\" content=\"Edesia\" \/>\n<meta property=\"article:modified_time\" content=\"2026-02-20T22:00:38+00:00\" \/>\n<meta property=\"og:image\" content=\"https:\/\/www.edesia.al\/wp-content\/uploads\/2026\/02\/trumez-1.webp\" \/>\n\t<meta property=\"og:image:width\" content=\"593\" \/>\n\t<meta property=\"og:image:height\" content=\"593\" \/>\n\t<meta property=\"og:image:type\" content=\"image\/webp\" \/>\n<meta name=\"twitter:card\" content=\"summary_large_image\" \/>\n<meta name=\"twitter:label1\" content=\"Est. reading time\" \/>\n\t<meta name=\"twitter:data1\" content=\"1 minute\" \/>\n<script type=\"application\/ld+json\" class=\"yoast-schema-graph\">{\"@context\":\"https:\\\/\\\/schema.org\",\"@graph\":[{\"@type\":\"WebPage\",\"@id\":\"https:\\\/\\\/www.edesia.al\\\/?product=trumez\",\"url\":\"https:\\\/\\\/www.edesia.al\\\/?product=trumez\",\"name\":\"Trum\u00ebz - Edesia\",\"isPartOf\":{\"@id\":\"https:\\\/\\\/www.edesia.al\\\/#website\"},\"primaryImageOfPage\":{\"@id\":\"https:\\\/\\\/www.edesia.al\\\/?product=trumez#primaryimage\"},\"image\":{\"@id\":\"https:\\\/\\\/www.edesia.al\\\/?product=trumez#primaryimage\"},\"thumbnailUrl\":\"https:\\\/\\\/www.edesia.al\\\/wp-content\\\/uploads\\\/2026\\\/02\\\/trumez-1.webp\",\"datePublished\":\"2026-02-16T21:07:20+00:00\",\"dateModified\":\"2026-02-20T22:00:38+00:00\",\"breadcrumb\":{\"@id\":\"https:\\\/\\\/www.edesia.al\\\/?product=trumez#breadcrumb\"},\"inLanguage\":\"en-US\",\"potentialAction\":[{\"@type\":\"ReadAction\",\"target\":[\"https:\\\/\\\/www.edesia.al\\\/?product=trumez\"]}]},{\"@type\":\"ImageObject\",\"inLanguage\":\"en-US\",\"@id\":\"https:\\\/\\\/www.edesia.al\\\/?product=trumez#primaryimage\",\"url\":\"https:\\\/\\\/www.edesia.al\\\/wp-content\\\/uploads\\\/2026\\\/02\\\/trumez-1.webp\",\"contentUrl\":\"https:\\\/\\\/www.edesia.al\\\/wp-content\\\/uploads\\\/2026\\\/02\\\/trumez-1.webp\",\"width\":593,\"height\":593},{\"@type\":\"BreadcrumbList\",\"@id\":\"https:\\\/\\\/www.edesia.al\\\/?product=trumez#breadcrumb\",\"itemListElement\":[{\"@type\":\"ListItem\",\"position\":1,\"name\":\"Home\",\"item\":\"https:\\\/\\\/www.edesia.al\\\/\"},{\"@type\":\"ListItem\",\"position\":2,\"name\":\"Dyqani\",\"item\":\"https:\\\/\\\/www.edesia.al\\\/?page_id=17\"},{\"@type\":\"ListItem\",\"position\":3,\"name\":\"Trum\u00ebz\"}]},{\"@type\":\"WebSite\",\"@id\":\"https:\\\/\\\/www.edesia.al\\\/#website\",\"url\":\"https:\\\/\\\/www.edesia.al\\\/\",\"name\":\"Edesia\",\"description\":\"\",\"publisher\":{\"@id\":\"https:\\\/\\\/www.edesia.al\\\/#organization\"},\"potentialAction\":[{\"@type\":\"SearchAction\",\"target\":{\"@type\":\"EntryPoint\",\"urlTemplate\":\"https:\\\/\\\/www.edesia.al\\\/?s={search_term_string}\"},\"query-input\":{\"@type\":\"PropertyValueSpecification\",\"valueRequired\":true,\"valueName\":\"search_term_string\"}}],\"inLanguage\":\"en-US\"},{\"@type\":\"Organization\",\"@id\":\"https:\\\/\\\/www.edesia.al\\\/#organization\",\"name\":\"Edesia\",\"url\":\"https:\\\/\\\/www.edesia.al\\\/\",\"logo\":{\"@type\":\"ImageObject\",\"inLanguage\":\"en-US\",\"@id\":\"https:\\\/\\\/www.edesia.al\\\/#\\\/schema\\\/logo\\\/image\\\/\",\"url\":\"https:\\\/\\\/www.edesia.al\\\/wp-content\\\/uploads\\\/2026\\\/02\\\/Logo-Edesia-no-background.png\",\"contentUrl\":\"https:\\\/\\\/www.edesia.al\\\/wp-content\\\/uploads\\\/2026\\\/02\\\/Logo-Edesia-no-background.png\",\"width\":293,\"height\":158,\"caption\":\"Edesia\"},\"image\":{\"@id\":\"https:\\\/\\\/www.edesia.al\\\/#\\\/schema\\\/logo\\\/image\\\/\"}}]}<\/script>\n<!-- \/ Yoast SEO plugin. -->","yoast_head_json":{"title":"Trum\u00ebz - Edesia","robots":{"index":"index","follow":"follow","max-snippet":"max-snippet:-1","max-image-preview":"max-image-preview:large","max-video-preview":"max-video-preview:-1"},"canonical":"https:\/\/www.edesia.al\/?product=trumez","og_locale":"en_US","og_type":"article","og_title":"Trum\u00ebz - Edesia","og_description":"Kjo er\u00ebz aromatike nuk duhet t\u00eb mungoj n\u00eb sht\u00ebpit\u00eb tuaja.","og_url":"https:\/\/www.edesia.al\/?product=trumez","og_site_name":"Edesia","article_modified_time":"2026-02-20T22:00:38+00:00","og_image":[{"width":593,"height":593,"url":"https:\/\/www.edesia.al\/wp-content\/uploads\/2026\/02\/trumez-1.webp","type":"image\/webp"}],"twitter_card":"summary_large_image","twitter_misc":{"Est. reading time":"1 minute"},"schema":{"@context":"https:\/\/schema.org","@graph":[{"@type":"WebPage","@id":"https:\/\/www.edesia.al\/?product=trumez","url":"https:\/\/www.edesia.al\/?product=trumez","name":"Trum\u00ebz - Edesia","isPartOf":{"@id":"https:\/\/www.edesia.al\/#website"},"primaryImageOfPage":{"@id":"https:\/\/www.edesia.al\/?product=trumez#primaryimage"},"image":{"@id":"https:\/\/www.edesia.al\/?product=trumez#primaryimage"},"thumbnailUrl":"https:\/\/www.edesia.al\/wp-content\/uploads\/2026\/02\/trumez-1.webp","datePublished":"2026-02-16T21:07:20+00:00","dateModified":"2026-02-20T22:00:38+00:00","breadcrumb":{"@id":"https:\/\/www.edesia.al\/?product=trumez#breadcrumb"},"inLanguage":"en-US","potentialAction":[{"@type":"ReadAction","target":["https:\/\/www.edesia.al\/?product=trumez"]}]},{"@type":"ImageObject","inLanguage":"en-US","@id":"https:\/\/www.edesia.al\/?product=trumez#primaryimage","url":"https:\/\/www.edesia.al\/wp-content\/uploads\/2026\/02\/trumez-1.webp","contentUrl":"https:\/\/www.edesia.al\/wp-content\/uploads\/2026\/02\/trumez-1.webp","width":593,"height":593},{"@type":"BreadcrumbList","@id":"https:\/\/www.edesia.al\/?product=trumez#breadcrumb","itemListElement":[{"@type":"ListItem","position":1,"name":"Home","item":"https:\/\/www.edesia.al\/"},{"@type":"ListItem","position":2,"name":"Dyqani","item":"https:\/\/www.edesia.al\/?page_id=17"},{"@type":"ListItem","position":3,"name":"Trum\u00ebz"}]},{"@type":"WebSite","@id":"https:\/\/www.edesia.al\/#website","url":"https:\/\/www.edesia.al\/","name":"Edesia","description":"","publisher":{"@id":"https:\/\/www.edesia.al\/#organization"},"potentialAction":[{"@type":"SearchAction","target":{"@type":"EntryPoint","urlTemplate":"https:\/\/www.edesia.al\/?s={search_term_string}"},"query-input":{"@type":"PropertyValueSpecification","valueRequired":true,"valueName":"search_term_string"}}],"inLanguage":"en-US"},{"@type":"Organization","@id":"https:\/\/www.edesia.al\/#organization","name":"Edesia","url":"https:\/\/www.edesia.al\/","logo":{"@type":"ImageObject","inLanguage":"en-US","@id":"https:\/\/www.edesia.al\/#\/schema\/logo\/image\/","url":"https:\/\/www.edesia.al\/wp-content\/uploads\/2026\/02\/Logo-Edesia-no-background.png","contentUrl":"https:\/\/www.edesia.al\/wp-content\/uploads\/2026\/02\/Logo-Edesia-no-background.png","width":293,"height":158,"caption":"Edesia"},"image":{"@id":"https:\/\/www.edesia.al\/#\/schema\/logo\/image\/"}}]}},"_links":{"self":[{"href":"https:\/\/www.edesia.al\/index.php?rest_route=\/wp\/v2\/product\/6400","targetHints":{"allow":["GET"]}}],"collection":[{"href":"https:\/\/www.edesia.al\/index.php?rest_route=\/wp\/v2\/product"}],"about":[{"href":"https:\/\/www.edesia.al\/index.php?rest_route=\/wp\/v2\/types\/product"}],"replies":[{"embeddable":true,"href":"https:\/\/www.edesia.al\/index.php?rest_route=%2Fwp%2Fv2%2Fcomments&post=6400"}],"wp:featuredmedia":[{"embeddable":true,"href":"https:\/\/www.edesia.al\/index.php?rest_route=\/wp\/v2\/media\/6429"}],"wp:attachment":[{"href":"https:\/\/www.edesia.al\/index.php?rest_route=%2Fwp%2Fv2%2Fmedia&parent=6400"}],"wp:term":[{"taxonomy":"kategori-sipas-dietave","embeddable":true,"href":"https:\/\/www.edesia.al\/index.php?rest_route=%2Fwp%2Fv2%2Fkategori-sipas-dietave&post=6400"},{"taxonomy":"kategori-sipas-problemeve-shende","embeddable":true,"href":"https:\/\/www.edesia.al\/index.php?rest_route=%2Fwp%2Fv2%2Fkategori-sipas-problemeve-shende&post=6400"},{"taxonomy":"product_brand","embeddable":true,"href":"https:\/\/www.edesia.al\/index.php?rest_route=%2Fwp%2Fv2%2Fproduct_brand&post=6400"},{"taxonomy":"product_cat","embeddable":true,"href":"https:\/\/www.edesia.al\/index.php?rest_route=%2Fwp%2Fv2%2Fproduct_cat&post=6400"},{"taxonomy":"product_tag","embeddable":true,"href":"https:\/\/www.edesia.al\/index.php?rest_route=%2Fwp%2Fv2%2Fproduct_tag&post=6400"}],"curies":[{"name":"wp","href":"https:\/\/api.w.org\/{rel}","templated":true}]}}