{"id":6404,"date":"2026-02-16T21:07:20","date_gmt":"2026-02-16T21:07:20","guid":{"rendered":"https:\/\/www.edesia.al\/?post_type=product&#038;p=6404"},"modified":"2026-02-20T22:02:17","modified_gmt":"2026-02-20T22:02:17","slug":"vaj-esencial-sherebele","status":"publish","type":"product","link":"https:\/\/www.edesia.al\/?product=vaj-esencial-sherebele","title":{"rendered":"Vaj Esencial Sherebele"},"content":{"rendered":"<h3>Vaj Esencial Sherebele ( 10ml )<\/h3>\n<p>Sherebela Sclarea e ka emrin nga fjala latine &#8220;clarus&#8221;, q\u00eb do t\u00eb thot\u00eb &#8220;e qart\u00eb&#8221;. \u00cbsht\u00eb nj\u00eb bim\u00eb shum\u00ebvje\u00e7are q\u00eb rritet nga maji deri n\u00eb shtator n\u00eb Mesdheun verior, si dhe n\u00eb disa zona n\u00eb Afrik\u00ebn e Veriut dhe Azin\u00eb Qendrore.Bima arrin 1-1.5 m lart\u00ebsi dhe ka k\u00ebrcell t\u00eb trash\u00eb katror t\u00eb mbuluar me push. Lulet shum\u00ebngjyr\u00ebshe, duke filluar nga ngjyr\u00eb jargavani deri n\u00eb vjollc\u00eb, lul\u00ebzojn\u00eb me tufa.<\/p>\n<p>Sherebela Sclarea (Clary Sage) ka nj\u00eb histori t\u00eb gjat\u00eb si nj\u00eb bar medicinal. \u00cbsht\u00eb nj\u00eb bim\u00eb shum\u00ebvje\u00e7are nga familja Salvi dhe emri i saj shkencor \u00ebsht\u00eb Salvia Sclarea. Konsiderohet si nj\u00eb nga vajrat kryesor\u00eb p\u00ebr hormonet, ve\u00e7an\u00ebrisht tek grat\u00eb.<\/p>\n<h4>Benefitet sh\u00ebndetsore t\u00eb vajit esencial t\u00eb sherebeles:<\/h4>\n<p>&nbsp;<\/p>\n<ul>\n<li>Largon mykun, bakteret dhe mikrobet nga organizmi dhe p\u00ebrdoret kund\u00ebr nj\u00eb s\u00ebr\u00eb s\u00ebmundjesh t\u00eb l\u00ebkur\u00ebs, plag\u00ebve, t\u00eb prerave, apo irritimeve t\u00eb rrezikshme.<\/li>\n<li>P\u00ebrdoret gj\u00ebr\u00ebsisht n\u00eb trajtimet kund\u00ebr plakjes. Ai \u00ebsht\u00eb i pasur me antioksidant\u00eb t\u00eb cil\u00ebt shkat\u00ebrrojn\u00eb radikalet e lira n\u00eb organiz\u00ebm q\u00eb shkaktojn\u00eb edhe plakjen e parakohshme. Antioksidant\u00ebt ngadal\u00ebsojn\u00eb plakjen dhe parandalojn\u00eb formimin e rrudhave, varjen e l\u00ebkur\u00ebs, humbjen e tonalitetit t\u00eb muskujve, humbjen e shikimit apo \u00e7rregullime t\u00eb tjera nervore.<\/li>\n<li>Lufton inflamacionin n\u00eb l\u00ebkur\u00eb, temperatur\u00ebn dhe materialet helmuese q\u00eb futen n\u00eb gjak.<\/li>\n<li>Leht\u00ebson stomakun dhe p\u00ebrmir\u00ebson funksionet e t\u00eb gjith\u00eb sistemit tret\u00ebs kund\u00ebr inflamacionit t\u00eb shkaktuar nga aciditeti i tep\u00ebrt.<\/li>\n<li>Neutralizon acidet n\u00eb stomak dhe n\u00eb qarkullimin e gjakut dhe mbron nga ul\u00e7era apo s\u00ebmundje t\u00eb tjera q\u00eb shkaktohen nga rritja e nivelit t\u00eb aciditetit n\u00eb gjak.<\/li>\n<li>P\u00ebrdoret p\u00ebr eliminimin e njollave, strijave apo shenjave t\u00eb s\u00ebmundjeve si lija. Ky vaj ndihmon n\u00eb sh\u00ebrimin e shpejt\u00eb t\u00eb plag\u00ebve dhe prerjeve.<\/li>\n<li>P\u00ebrshpejton largimin e toksinave nga gjaku n\u00ebp\u00ebrmjet djersitjes dhe pastron gjakun duke sh\u00ebrbyer k\u00ebshtu si nj\u00eb pastrues efikas i organizmit.<\/li>\n<li>P\u00ebrdoret kund\u00ebr koll\u00ebs, t\u00eb ftohtit dhe infeksioneve n\u00eb traktin respirator.<\/li>\n<li>Ndihmon femrat gjat\u00eb ciklit menstrual. Ai aktivizon disa hormone si estrogjeni dhe ofron leht\u00ebsim nga probleme t\u00eb tilla si dhimbjet e kok\u00ebs, t\u00eb vjellat, dob\u00ebsia, lodhja, luhatjet e humorit dhe simptoma t\u00eb tjera t\u00eb shkaktuara gjat\u00eb ciklit.<\/li>\n<li>Shumica e vlerave t\u00eb vajit t\u00eb sherebel\u00ebs luajn\u00eb rol stimulues p\u00ebr trurin, sistemin nervor, m\u00ebl\u00e7in\u00eb, shpretk\u00ebn, qarkullimin e gjakut duke optimizuar performanc\u00ebn e tyre.<\/li>\n<li>P\u00ebrdoret kund\u00ebr herpesit, azm\u00ebs, bronkitit, paraliz\u00ebs cerebrale, depresionit, dhimbjeve t\u00eb shkaktuara nga nervi shiatik, dhimbjet e mesit, dhe mbron trurin.<\/li>\n<\/ul>\n<h4>Perdorimi:<\/h4>\n<p>Vaj esencial i sherebeles p\u00ebrdoret kryesisht si aromatherapy p\u00ebr t\u00eb leht\u00ebsuar stresin dhe gjendjet nervore. Gjithashtu p\u00ebrdoret p\u00ebr masazhe i holluar me vajra t\u00eb tjer\u00eb, si dezifektant n\u00eb plag\u00eb dhe g\u00ebrvishtje, p\u00ebrfshihet leht\u00ebsisht\u00eb n\u00eb maskat q\u00eb p\u00ebrdoren p\u00ebr mir\u00ebmbajtjen e l\u00ebkur\u00ebs dhe flok\u00ebve.<\/p>\n<h4>Kujdes:<\/h4>\n<p>Nuk k\u00ebshillohet p\u00ebr grat\u00eb q\u00eb ushqejn\u00eb f\u00ebmij\u00ebt me gji sepse pak\u00ebson qum\u00ebshtin dhe nuk k\u00ebshillohet gjat\u00eb shtatz\u00ebnis\u00eb. Duke qen\u00eb se vaji i sherebel\u00ebs stimulon nervat, ata q\u00eb vuajn\u00eb nga epilepsia, histeria ose simptoma t\u00eb ngjashme, duhet ta evitojn\u00eb at\u00eb plot\u00ebsisht.<\/p>\n","protected":false},"excerpt":{"rendered":"<p>Sherebela \u00ebsht\u00eb nj\u00eb nga emrat m\u00eb t\u00eb d\u00ebgjuar n\u00eb industrin\u00eb e kozmetik\u00ebs, ve\u00e7an\u00ebrisht n\u00eb fush\u00ebn e kujdesit t\u00eb l\u00ebkur\u00ebs, por ky vaj i jasht\u00ebzakonsh\u00ebm ka edhe \u00a0vlera sh\u00ebndet\u00ebsore t\u00eb pakrahasueshme.<\/p>\n","protected":false},"featured_media":6432,"comment_status":"open","ping_status":"closed","template":"","meta":{"_acf_changed":false,"inline_featured_image":false},"kategori-sipas-dietave":[],"kategori-sipas-problemeve-shende":[],"product_brand":[35],"product_cat":[44,45],"product_tag":[],"class_list":{"0":"post-6404","1":"product","2":"type-product","3":"status-publish","4":"has-post-thumbnail","6":"product_brand-sonnentor-sh-p-k","7":"product_cat-shtepi-stil-jetese","8":"product_cat-vajra-esenciale","10":"first","11":"instock","12":"taxable","13":"shipping-taxable","14":"purchasable","15":"product-type-simple"},"acf":[],"yoast_head":"<!-- This site is optimized with the Yoast SEO plugin v27.4 - https:\/\/yoast.com\/product\/yoast-seo-wordpress\/ -->\n<title>Vaj Esencial Sherebele - Edesia<\/title>\n<meta name=\"robots\" content=\"index, follow, max-snippet:-1, max-image-preview:large, max-video-preview:-1\" \/>\n<link rel=\"canonical\" href=\"https:\/\/www.edesia.al\/?product=vaj-esencial-sherebele\" \/>\n<meta property=\"og:locale\" content=\"en_US\" \/>\n<meta property=\"og:type\" content=\"article\" \/>\n<meta property=\"og:title\" content=\"Vaj Esencial Sherebele - Edesia\" \/>\n<meta property=\"og:description\" content=\"Sherebela \u00ebsht\u00eb nj\u00eb nga emrat m\u00eb t\u00eb d\u00ebgjuar n\u00eb industrin\u00eb e kozmetik\u00ebs, ve\u00e7an\u00ebrisht n\u00eb fush\u00ebn e kujdesit t\u00eb l\u00ebkur\u00ebs, por ky vaj i jasht\u00ebzakonsh\u00ebm ka edhe \u00a0vlera sh\u00ebndet\u00ebsore t\u00eb pakrahasueshme.\" \/>\n<meta property=\"og:url\" content=\"https:\/\/www.edesia.al\/?product=vaj-esencial-sherebele\" \/>\n<meta property=\"og:site_name\" content=\"Edesia\" \/>\n<meta property=\"article:modified_time\" content=\"2026-02-20T22:02:17+00:00\" \/>\n<meta property=\"og:image\" content=\"https:\/\/www.edesia.al\/wp-content\/uploads\/2026\/02\/sherebel-1.webp\" \/>\n\t<meta property=\"og:image:width\" content=\"593\" \/>\n\t<meta property=\"og:image:height\" content=\"593\" \/>\n\t<meta property=\"og:image:type\" content=\"image\/webp\" \/>\n<meta name=\"twitter:card\" content=\"summary_large_image\" \/>\n<meta name=\"twitter:label1\" content=\"Est. reading time\" \/>\n\t<meta name=\"twitter:data1\" content=\"3 minutes\" \/>\n<script type=\"application\/ld+json\" class=\"yoast-schema-graph\">{\"@context\":\"https:\\\/\\\/schema.org\",\"@graph\":[{\"@type\":\"WebPage\",\"@id\":\"https:\\\/\\\/www.edesia.al\\\/?product=vaj-esencial-sherebele\",\"url\":\"https:\\\/\\\/www.edesia.al\\\/?product=vaj-esencial-sherebele\",\"name\":\"Vaj Esencial Sherebele - Edesia\",\"isPartOf\":{\"@id\":\"https:\\\/\\\/www.edesia.al\\\/#website\"},\"primaryImageOfPage\":{\"@id\":\"https:\\\/\\\/www.edesia.al\\\/?product=vaj-esencial-sherebele#primaryimage\"},\"image\":{\"@id\":\"https:\\\/\\\/www.edesia.al\\\/?product=vaj-esencial-sherebele#primaryimage\"},\"thumbnailUrl\":\"https:\\\/\\\/www.edesia.al\\\/wp-content\\\/uploads\\\/2026\\\/02\\\/sherebel-1.webp\",\"datePublished\":\"2026-02-16T21:07:20+00:00\",\"dateModified\":\"2026-02-20T22:02:17+00:00\",\"breadcrumb\":{\"@id\":\"https:\\\/\\\/www.edesia.al\\\/?product=vaj-esencial-sherebele#breadcrumb\"},\"inLanguage\":\"en-US\",\"potentialAction\":[{\"@type\":\"ReadAction\",\"target\":[\"https:\\\/\\\/www.edesia.al\\\/?product=vaj-esencial-sherebele\"]}]},{\"@type\":\"ImageObject\",\"inLanguage\":\"en-US\",\"@id\":\"https:\\\/\\\/www.edesia.al\\\/?product=vaj-esencial-sherebele#primaryimage\",\"url\":\"https:\\\/\\\/www.edesia.al\\\/wp-content\\\/uploads\\\/2026\\\/02\\\/sherebel-1.webp\",\"contentUrl\":\"https:\\\/\\\/www.edesia.al\\\/wp-content\\\/uploads\\\/2026\\\/02\\\/sherebel-1.webp\",\"width\":593,\"height\":593},{\"@type\":\"BreadcrumbList\",\"@id\":\"https:\\\/\\\/www.edesia.al\\\/?product=vaj-esencial-sherebele#breadcrumb\",\"itemListElement\":[{\"@type\":\"ListItem\",\"position\":1,\"name\":\"Home\",\"item\":\"https:\\\/\\\/www.edesia.al\\\/\"},{\"@type\":\"ListItem\",\"position\":2,\"name\":\"Dyqani\",\"item\":\"https:\\\/\\\/www.edesia.al\\\/?page_id=17\"},{\"@type\":\"ListItem\",\"position\":3,\"name\":\"Vaj Esencial Sherebele\"}]},{\"@type\":\"WebSite\",\"@id\":\"https:\\\/\\\/www.edesia.al\\\/#website\",\"url\":\"https:\\\/\\\/www.edesia.al\\\/\",\"name\":\"Edesia\",\"description\":\"\",\"publisher\":{\"@id\":\"https:\\\/\\\/www.edesia.al\\\/#organization\"},\"potentialAction\":[{\"@type\":\"SearchAction\",\"target\":{\"@type\":\"EntryPoint\",\"urlTemplate\":\"https:\\\/\\\/www.edesia.al\\\/?s={search_term_string}\"},\"query-input\":{\"@type\":\"PropertyValueSpecification\",\"valueRequired\":true,\"valueName\":\"search_term_string\"}}],\"inLanguage\":\"en-US\"},{\"@type\":\"Organization\",\"@id\":\"https:\\\/\\\/www.edesia.al\\\/#organization\",\"name\":\"Edesia\",\"url\":\"https:\\\/\\\/www.edesia.al\\\/\",\"logo\":{\"@type\":\"ImageObject\",\"inLanguage\":\"en-US\",\"@id\":\"https:\\\/\\\/www.edesia.al\\\/#\\\/schema\\\/logo\\\/image\\\/\",\"url\":\"https:\\\/\\\/www.edesia.al\\\/wp-content\\\/uploads\\\/2026\\\/02\\\/Logo-Edesia-no-background.png\",\"contentUrl\":\"https:\\\/\\\/www.edesia.al\\\/wp-content\\\/uploads\\\/2026\\\/02\\\/Logo-Edesia-no-background.png\",\"width\":293,\"height\":158,\"caption\":\"Edesia\"},\"image\":{\"@id\":\"https:\\\/\\\/www.edesia.al\\\/#\\\/schema\\\/logo\\\/image\\\/\"}}]}<\/script>\n<!-- \/ Yoast SEO plugin. -->","yoast_head_json":{"title":"Vaj Esencial Sherebele - Edesia","robots":{"index":"index","follow":"follow","max-snippet":"max-snippet:-1","max-image-preview":"max-image-preview:large","max-video-preview":"max-video-preview:-1"},"canonical":"https:\/\/www.edesia.al\/?product=vaj-esencial-sherebele","og_locale":"en_US","og_type":"article","og_title":"Vaj Esencial Sherebele - Edesia","og_description":"Sherebela \u00ebsht\u00eb nj\u00eb nga emrat m\u00eb t\u00eb d\u00ebgjuar n\u00eb industrin\u00eb e kozmetik\u00ebs, ve\u00e7an\u00ebrisht n\u00eb fush\u00ebn e kujdesit t\u00eb l\u00ebkur\u00ebs, por ky vaj i jasht\u00ebzakonsh\u00ebm ka edhe \u00a0vlera sh\u00ebndet\u00ebsore t\u00eb pakrahasueshme.","og_url":"https:\/\/www.edesia.al\/?product=vaj-esencial-sherebele","og_site_name":"Edesia","article_modified_time":"2026-02-20T22:02:17+00:00","og_image":[{"width":593,"height":593,"url":"https:\/\/www.edesia.al\/wp-content\/uploads\/2026\/02\/sherebel-1.webp","type":"image\/webp"}],"twitter_card":"summary_large_image","twitter_misc":{"Est. reading time":"3 minutes"},"schema":{"@context":"https:\/\/schema.org","@graph":[{"@type":"WebPage","@id":"https:\/\/www.edesia.al\/?product=vaj-esencial-sherebele","url":"https:\/\/www.edesia.al\/?product=vaj-esencial-sherebele","name":"Vaj Esencial Sherebele - Edesia","isPartOf":{"@id":"https:\/\/www.edesia.al\/#website"},"primaryImageOfPage":{"@id":"https:\/\/www.edesia.al\/?product=vaj-esencial-sherebele#primaryimage"},"image":{"@id":"https:\/\/www.edesia.al\/?product=vaj-esencial-sherebele#primaryimage"},"thumbnailUrl":"https:\/\/www.edesia.al\/wp-content\/uploads\/2026\/02\/sherebel-1.webp","datePublished":"2026-02-16T21:07:20+00:00","dateModified":"2026-02-20T22:02:17+00:00","breadcrumb":{"@id":"https:\/\/www.edesia.al\/?product=vaj-esencial-sherebele#breadcrumb"},"inLanguage":"en-US","potentialAction":[{"@type":"ReadAction","target":["https:\/\/www.edesia.al\/?product=vaj-esencial-sherebele"]}]},{"@type":"ImageObject","inLanguage":"en-US","@id":"https:\/\/www.edesia.al\/?product=vaj-esencial-sherebele#primaryimage","url":"https:\/\/www.edesia.al\/wp-content\/uploads\/2026\/02\/sherebel-1.webp","contentUrl":"https:\/\/www.edesia.al\/wp-content\/uploads\/2026\/02\/sherebel-1.webp","width":593,"height":593},{"@type":"BreadcrumbList","@id":"https:\/\/www.edesia.al\/?product=vaj-esencial-sherebele#breadcrumb","itemListElement":[{"@type":"ListItem","position":1,"name":"Home","item":"https:\/\/www.edesia.al\/"},{"@type":"ListItem","position":2,"name":"Dyqani","item":"https:\/\/www.edesia.al\/?page_id=17"},{"@type":"ListItem","position":3,"name":"Vaj Esencial Sherebele"}]},{"@type":"WebSite","@id":"https:\/\/www.edesia.al\/#website","url":"https:\/\/www.edesia.al\/","name":"Edesia","description":"","publisher":{"@id":"https:\/\/www.edesia.al\/#organization"},"potentialAction":[{"@type":"SearchAction","target":{"@type":"EntryPoint","urlTemplate":"https:\/\/www.edesia.al\/?s={search_term_string}"},"query-input":{"@type":"PropertyValueSpecification","valueRequired":true,"valueName":"search_term_string"}}],"inLanguage":"en-US"},{"@type":"Organization","@id":"https:\/\/www.edesia.al\/#organization","name":"Edesia","url":"https:\/\/www.edesia.al\/","logo":{"@type":"ImageObject","inLanguage":"en-US","@id":"https:\/\/www.edesia.al\/#\/schema\/logo\/image\/","url":"https:\/\/www.edesia.al\/wp-content\/uploads\/2026\/02\/Logo-Edesia-no-background.png","contentUrl":"https:\/\/www.edesia.al\/wp-content\/uploads\/2026\/02\/Logo-Edesia-no-background.png","width":293,"height":158,"caption":"Edesia"},"image":{"@id":"https:\/\/www.edesia.al\/#\/schema\/logo\/image\/"}}]}},"_links":{"self":[{"href":"https:\/\/www.edesia.al\/index.php?rest_route=\/wp\/v2\/product\/6404","targetHints":{"allow":["GET"]}}],"collection":[{"href":"https:\/\/www.edesia.al\/index.php?rest_route=\/wp\/v2\/product"}],"about":[{"href":"https:\/\/www.edesia.al\/index.php?rest_route=\/wp\/v2\/types\/product"}],"replies":[{"embeddable":true,"href":"https:\/\/www.edesia.al\/index.php?rest_route=%2Fwp%2Fv2%2Fcomments&post=6404"}],"wp:featuredmedia":[{"embeddable":true,"href":"https:\/\/www.edesia.al\/index.php?rest_route=\/wp\/v2\/media\/6432"}],"wp:attachment":[{"href":"https:\/\/www.edesia.al\/index.php?rest_route=%2Fwp%2Fv2%2Fmedia&parent=6404"}],"wp:term":[{"taxonomy":"kategori-sipas-dietave","embeddable":true,"href":"https:\/\/www.edesia.al\/index.php?rest_route=%2Fwp%2Fv2%2Fkategori-sipas-dietave&post=6404"},{"taxonomy":"kategori-sipas-problemeve-shende","embeddable":true,"href":"https:\/\/www.edesia.al\/index.php?rest_route=%2Fwp%2Fv2%2Fkategori-sipas-problemeve-shende&post=6404"},{"taxonomy":"product_brand","embeddable":true,"href":"https:\/\/www.edesia.al\/index.php?rest_route=%2Fwp%2Fv2%2Fproduct_brand&post=6404"},{"taxonomy":"product_cat","embeddable":true,"href":"https:\/\/www.edesia.al\/index.php?rest_route=%2Fwp%2Fv2%2Fproduct_cat&post=6404"},{"taxonomy":"product_tag","embeddable":true,"href":"https:\/\/www.edesia.al\/index.php?rest_route=%2Fwp%2Fv2%2Fproduct_tag&post=6404"}],"curies":[{"name":"wp","href":"https:\/\/api.w.org\/{rel}","templated":true}]}}