{"id":6406,"date":"2026-02-16T21:07:21","date_gmt":"2026-02-16T21:07:21","guid":{"rendered":"https:\/\/www.edesia.al\/?post_type=product&#038;p=6406"},"modified":"2026-02-20T22:04:03","modified_gmt":"2026-02-20T22:04:03","slug":"vaj-esencial-karafili","status":"publish","type":"product","link":"https:\/\/www.edesia.al\/?product=vaj-esencial-karafili","title":{"rendered":"Vaj Esencial Karafili"},"content":{"rendered":"<h3>Vaj Esencial Karafili ( 10ml )<\/h3>\n<p>Er\u00ebz\u00ebn e karafilit (Eugenia caryophyllata) e gjejm\u00eb n\u00eb form\u00ebn fillestare si gonxhe t\u00eb luleve roz\u00eb t\u00eb k\u00ebsaj bime popullore. Gonxhet thahen deri sa t\u00eb marrin ngjyr\u00ebn kafe dhe m\u00eb pas grihen si pluhur, duke u p\u00ebrdorur n\u00eb gatim.Prej tyre nxirret edhe vaji esencial q\u00eb p\u00ebrdoret p\u00ebr\u00a0 disa gjendje sh\u00ebndetsore.<\/p>\n<h4>Benefitet sh\u00ebndtesore t\u00eb Vajit Esencial t\u00eb Karafilit:<\/h4>\n<ul>\n<li>Ai mbron m\u00ebl\u00e7in\u00eb duke siguruar mir\u00ebfunksionimin e saj dhe larguar toksinat nga organizmi jon\u00eb.<\/li>\n<li>I p\u00ebrdorur n\u00eb maska apo produktet t\u00eb tjera\u00a0 ndihmon n\u00eb mbajtjen e nj\u00eb l\u00ebkure dhe floku t\u00eb sh\u00ebndetsh\u00ebm.<\/li>\n<li>Mbron mishrat e dh\u00ebmb\u00ebve dhe jep freski goj\u00ebs duke larguar arom\u00ebrat e k\u00ebqija.<\/li>\n<li>Karafili p\u00ebrmban 30 her\u00eb m\u00eb shum\u00eb antioksidant\u00eb se boronicat.<\/li>\n<li>Antioksidant\u00ebt jan\u00eb molekula q\u00eb mbajn\u00eb largojn\u00eb radikalet e lira p\u00ebrfshir\u00eb shkat\u00ebrrimin e qelizave apo kanceri.<\/li>\n<li>Studimet kan\u00eb treguar se antioksidant\u00ebt ngadal\u00ebsojn\u00eb plakjen, degjenerimin e qelizave dhe mbrojn\u00eb organizmin nga bakteret dhe viruset.<\/li>\n<li>Antioksidant\u00ebt dhe eugenoli e b\u00ebjn\u00eb karafilin er\u00ebz\u00eb t\u00eb plotfuqishme.<\/li>\n<li>Qet\u00ebson gjendjet virale dhe gripale duke leht\u00ebsuar simptomat e tyre t\u00eb tilla si problemet me frym\u00ebmarrjen.<\/li>\n<\/ul>\n<h4>P\u00ebrdorimi:<\/h4>\n<p>Vajin e karafilit mund ta sp\u00ebrkasni edhe n\u00eb sht\u00ebpi, p\u00ebr t\u00eb pastruar ajrin. Me t\u00eb mund t\u00eb lyeni mishrat e dh\u00ebmb\u00ebve, ose ta p\u00ebrfshini n\u00eb deodorant, pastrues, past\u00eb dh\u00ebmb\u00ebsh etj.N\u00ebse jeni t\u00eb ekspozuar ndaj vatrave t\u00eb gripit, p\u00ebrzieni vajin e karafilit me vaj t\u00eb arr\u00ebs s\u00eb kokosit dhe vendoseni n\u00eb qaf\u00eb dhe n\u00eb kraharor p\u00ebr mbrojtje natyrale<\/p>\n","protected":false},"excerpt":{"rendered":"<p>N\u00ebse keni nje vaj esencial karafili n\u00eb sht\u00ebpi ju keni t\u00eb gjith\u00eb &#8220;kutin\u00eb e ilaqeve&#8221; aty! Kjo sepse p\u00ebrdorimet dhe benefitet e tij jan\u00eb t\u00eb pafundme si p\u00ebr p\u00ebrdorim t\u00eb jasht\u00ebm ashtu dhe p\u00ebr p\u00ebrdorim t\u00eb brendsh\u00ebm<\/p>\n","protected":false},"featured_media":6434,"comment_status":"open","ping_status":"closed","template":"","meta":{"_acf_changed":false,"inline_featured_image":false},"kategori-sipas-dietave":[],"kategori-sipas-problemeve-shende":[],"product_brand":[35],"product_cat":[27,44,45],"product_tag":[],"class_list":{"0":"post-6406","1":"product","2":"type-product","3":"status-publish","4":"has-post-thumbnail","6":"product_brand-sonnentor-sh-p-k","7":"product_cat-bime-mjekesore","8":"product_cat-shtepi-stil-jetese","9":"product_cat-vajra-esenciale","11":"first","12":"instock","13":"taxable","14":"shipping-taxable","15":"purchasable","16":"product-type-simple"},"acf":[],"yoast_head":"<!-- This site is optimized with the Yoast SEO plugin v27.4 - https:\/\/yoast.com\/product\/yoast-seo-wordpress\/ -->\n<title>Vaj Esencial Karafili - Edesia<\/title>\n<meta name=\"robots\" content=\"index, follow, max-snippet:-1, max-image-preview:large, max-video-preview:-1\" \/>\n<link rel=\"canonical\" href=\"https:\/\/www.edesia.al\/?product=vaj-esencial-karafili\" \/>\n<meta property=\"og:locale\" content=\"en_US\" \/>\n<meta property=\"og:type\" content=\"article\" \/>\n<meta property=\"og:title\" content=\"Vaj Esencial Karafili - Edesia\" \/>\n<meta property=\"og:description\" content=\"N\u00ebse keni nje vaj esencial karafili n\u00eb sht\u00ebpi ju keni t\u00eb gjith\u00eb &quot;kutin\u00eb e ilaqeve&quot; aty! Kjo sepse p\u00ebrdorimet dhe benefitet e tij jan\u00eb t\u00eb pafundme si p\u00ebr p\u00ebrdorim t\u00eb jasht\u00ebm ashtu dhe p\u00ebr p\u00ebrdorim t\u00eb brendsh\u00ebm\" \/>\n<meta property=\"og:url\" content=\"https:\/\/www.edesia.al\/?product=vaj-esencial-karafili\" \/>\n<meta property=\"og:site_name\" content=\"Edesia\" \/>\n<meta property=\"article:modified_time\" content=\"2026-02-20T22:04:03+00:00\" \/>\n<meta property=\"og:image\" content=\"https:\/\/www.edesia.al\/wp-content\/uploads\/2026\/02\/karafil-3.webp\" \/>\n\t<meta property=\"og:image:width\" content=\"593\" \/>\n\t<meta property=\"og:image:height\" content=\"593\" \/>\n\t<meta property=\"og:image:type\" content=\"image\/webp\" \/>\n<meta name=\"twitter:card\" content=\"summary_large_image\" \/>\n<meta name=\"twitter:label1\" content=\"Est. reading time\" \/>\n\t<meta name=\"twitter:data1\" content=\"1 minute\" \/>\n<script type=\"application\/ld+json\" class=\"yoast-schema-graph\">{\"@context\":\"https:\\\/\\\/schema.org\",\"@graph\":[{\"@type\":\"WebPage\",\"@id\":\"https:\\\/\\\/www.edesia.al\\\/?product=vaj-esencial-karafili\",\"url\":\"https:\\\/\\\/www.edesia.al\\\/?product=vaj-esencial-karafili\",\"name\":\"Vaj Esencial Karafili - Edesia\",\"isPartOf\":{\"@id\":\"https:\\\/\\\/www.edesia.al\\\/#website\"},\"primaryImageOfPage\":{\"@id\":\"https:\\\/\\\/www.edesia.al\\\/?product=vaj-esencial-karafili#primaryimage\"},\"image\":{\"@id\":\"https:\\\/\\\/www.edesia.al\\\/?product=vaj-esencial-karafili#primaryimage\"},\"thumbnailUrl\":\"https:\\\/\\\/www.edesia.al\\\/wp-content\\\/uploads\\\/2026\\\/02\\\/karafil-3.webp\",\"datePublished\":\"2026-02-16T21:07:21+00:00\",\"dateModified\":\"2026-02-20T22:04:03+00:00\",\"breadcrumb\":{\"@id\":\"https:\\\/\\\/www.edesia.al\\\/?product=vaj-esencial-karafili#breadcrumb\"},\"inLanguage\":\"en-US\",\"potentialAction\":[{\"@type\":\"ReadAction\",\"target\":[\"https:\\\/\\\/www.edesia.al\\\/?product=vaj-esencial-karafili\"]}]},{\"@type\":\"ImageObject\",\"inLanguage\":\"en-US\",\"@id\":\"https:\\\/\\\/www.edesia.al\\\/?product=vaj-esencial-karafili#primaryimage\",\"url\":\"https:\\\/\\\/www.edesia.al\\\/wp-content\\\/uploads\\\/2026\\\/02\\\/karafil-3.webp\",\"contentUrl\":\"https:\\\/\\\/www.edesia.al\\\/wp-content\\\/uploads\\\/2026\\\/02\\\/karafil-3.webp\",\"width\":593,\"height\":593},{\"@type\":\"BreadcrumbList\",\"@id\":\"https:\\\/\\\/www.edesia.al\\\/?product=vaj-esencial-karafili#breadcrumb\",\"itemListElement\":[{\"@type\":\"ListItem\",\"position\":1,\"name\":\"Home\",\"item\":\"https:\\\/\\\/www.edesia.al\\\/\"},{\"@type\":\"ListItem\",\"position\":2,\"name\":\"Dyqani\",\"item\":\"https:\\\/\\\/www.edesia.al\\\/?page_id=17\"},{\"@type\":\"ListItem\",\"position\":3,\"name\":\"Vaj Esencial Karafili\"}]},{\"@type\":\"WebSite\",\"@id\":\"https:\\\/\\\/www.edesia.al\\\/#website\",\"url\":\"https:\\\/\\\/www.edesia.al\\\/\",\"name\":\"Edesia\",\"description\":\"\",\"publisher\":{\"@id\":\"https:\\\/\\\/www.edesia.al\\\/#organization\"},\"potentialAction\":[{\"@type\":\"SearchAction\",\"target\":{\"@type\":\"EntryPoint\",\"urlTemplate\":\"https:\\\/\\\/www.edesia.al\\\/?s={search_term_string}\"},\"query-input\":{\"@type\":\"PropertyValueSpecification\",\"valueRequired\":true,\"valueName\":\"search_term_string\"}}],\"inLanguage\":\"en-US\"},{\"@type\":\"Organization\",\"@id\":\"https:\\\/\\\/www.edesia.al\\\/#organization\",\"name\":\"Edesia\",\"url\":\"https:\\\/\\\/www.edesia.al\\\/\",\"logo\":{\"@type\":\"ImageObject\",\"inLanguage\":\"en-US\",\"@id\":\"https:\\\/\\\/www.edesia.al\\\/#\\\/schema\\\/logo\\\/image\\\/\",\"url\":\"https:\\\/\\\/www.edesia.al\\\/wp-content\\\/uploads\\\/2026\\\/02\\\/Logo-Edesia-no-background.png\",\"contentUrl\":\"https:\\\/\\\/www.edesia.al\\\/wp-content\\\/uploads\\\/2026\\\/02\\\/Logo-Edesia-no-background.png\",\"width\":293,\"height\":158,\"caption\":\"Edesia\"},\"image\":{\"@id\":\"https:\\\/\\\/www.edesia.al\\\/#\\\/schema\\\/logo\\\/image\\\/\"}}]}<\/script>\n<!-- \/ Yoast SEO plugin. -->","yoast_head_json":{"title":"Vaj Esencial Karafili - Edesia","robots":{"index":"index","follow":"follow","max-snippet":"max-snippet:-1","max-image-preview":"max-image-preview:large","max-video-preview":"max-video-preview:-1"},"canonical":"https:\/\/www.edesia.al\/?product=vaj-esencial-karafili","og_locale":"en_US","og_type":"article","og_title":"Vaj Esencial Karafili - Edesia","og_description":"N\u00ebse keni nje vaj esencial karafili n\u00eb sht\u00ebpi ju keni t\u00eb gjith\u00eb \"kutin\u00eb e ilaqeve\" aty! Kjo sepse p\u00ebrdorimet dhe benefitet e tij jan\u00eb t\u00eb pafundme si p\u00ebr p\u00ebrdorim t\u00eb jasht\u00ebm ashtu dhe p\u00ebr p\u00ebrdorim t\u00eb brendsh\u00ebm","og_url":"https:\/\/www.edesia.al\/?product=vaj-esencial-karafili","og_site_name":"Edesia","article_modified_time":"2026-02-20T22:04:03+00:00","og_image":[{"width":593,"height":593,"url":"https:\/\/www.edesia.al\/wp-content\/uploads\/2026\/02\/karafil-3.webp","type":"image\/webp"}],"twitter_card":"summary_large_image","twitter_misc":{"Est. reading time":"1 minute"},"schema":{"@context":"https:\/\/schema.org","@graph":[{"@type":"WebPage","@id":"https:\/\/www.edesia.al\/?product=vaj-esencial-karafili","url":"https:\/\/www.edesia.al\/?product=vaj-esencial-karafili","name":"Vaj Esencial Karafili - Edesia","isPartOf":{"@id":"https:\/\/www.edesia.al\/#website"},"primaryImageOfPage":{"@id":"https:\/\/www.edesia.al\/?product=vaj-esencial-karafili#primaryimage"},"image":{"@id":"https:\/\/www.edesia.al\/?product=vaj-esencial-karafili#primaryimage"},"thumbnailUrl":"https:\/\/www.edesia.al\/wp-content\/uploads\/2026\/02\/karafil-3.webp","datePublished":"2026-02-16T21:07:21+00:00","dateModified":"2026-02-20T22:04:03+00:00","breadcrumb":{"@id":"https:\/\/www.edesia.al\/?product=vaj-esencial-karafili#breadcrumb"},"inLanguage":"en-US","potentialAction":[{"@type":"ReadAction","target":["https:\/\/www.edesia.al\/?product=vaj-esencial-karafili"]}]},{"@type":"ImageObject","inLanguage":"en-US","@id":"https:\/\/www.edesia.al\/?product=vaj-esencial-karafili#primaryimage","url":"https:\/\/www.edesia.al\/wp-content\/uploads\/2026\/02\/karafil-3.webp","contentUrl":"https:\/\/www.edesia.al\/wp-content\/uploads\/2026\/02\/karafil-3.webp","width":593,"height":593},{"@type":"BreadcrumbList","@id":"https:\/\/www.edesia.al\/?product=vaj-esencial-karafili#breadcrumb","itemListElement":[{"@type":"ListItem","position":1,"name":"Home","item":"https:\/\/www.edesia.al\/"},{"@type":"ListItem","position":2,"name":"Dyqani","item":"https:\/\/www.edesia.al\/?page_id=17"},{"@type":"ListItem","position":3,"name":"Vaj Esencial Karafili"}]},{"@type":"WebSite","@id":"https:\/\/www.edesia.al\/#website","url":"https:\/\/www.edesia.al\/","name":"Edesia","description":"","publisher":{"@id":"https:\/\/www.edesia.al\/#organization"},"potentialAction":[{"@type":"SearchAction","target":{"@type":"EntryPoint","urlTemplate":"https:\/\/www.edesia.al\/?s={search_term_string}"},"query-input":{"@type":"PropertyValueSpecification","valueRequired":true,"valueName":"search_term_string"}}],"inLanguage":"en-US"},{"@type":"Organization","@id":"https:\/\/www.edesia.al\/#organization","name":"Edesia","url":"https:\/\/www.edesia.al\/","logo":{"@type":"ImageObject","inLanguage":"en-US","@id":"https:\/\/www.edesia.al\/#\/schema\/logo\/image\/","url":"https:\/\/www.edesia.al\/wp-content\/uploads\/2026\/02\/Logo-Edesia-no-background.png","contentUrl":"https:\/\/www.edesia.al\/wp-content\/uploads\/2026\/02\/Logo-Edesia-no-background.png","width":293,"height":158,"caption":"Edesia"},"image":{"@id":"https:\/\/www.edesia.al\/#\/schema\/logo\/image\/"}}]}},"_links":{"self":[{"href":"https:\/\/www.edesia.al\/index.php?rest_route=\/wp\/v2\/product\/6406","targetHints":{"allow":["GET"]}}],"collection":[{"href":"https:\/\/www.edesia.al\/index.php?rest_route=\/wp\/v2\/product"}],"about":[{"href":"https:\/\/www.edesia.al\/index.php?rest_route=\/wp\/v2\/types\/product"}],"replies":[{"embeddable":true,"href":"https:\/\/www.edesia.al\/index.php?rest_route=%2Fwp%2Fv2%2Fcomments&post=6406"}],"wp:featuredmedia":[{"embeddable":true,"href":"https:\/\/www.edesia.al\/index.php?rest_route=\/wp\/v2\/media\/6434"}],"wp:attachment":[{"href":"https:\/\/www.edesia.al\/index.php?rest_route=%2Fwp%2Fv2%2Fmedia&parent=6406"}],"wp:term":[{"taxonomy":"kategori-sipas-dietave","embeddable":true,"href":"https:\/\/www.edesia.al\/index.php?rest_route=%2Fwp%2Fv2%2Fkategori-sipas-dietave&post=6406"},{"taxonomy":"kategori-sipas-problemeve-shende","embeddable":true,"href":"https:\/\/www.edesia.al\/index.php?rest_route=%2Fwp%2Fv2%2Fkategori-sipas-problemeve-shende&post=6406"},{"taxonomy":"product_brand","embeddable":true,"href":"https:\/\/www.edesia.al\/index.php?rest_route=%2Fwp%2Fv2%2Fproduct_brand&post=6406"},{"taxonomy":"product_cat","embeddable":true,"href":"https:\/\/www.edesia.al\/index.php?rest_route=%2Fwp%2Fv2%2Fproduct_cat&post=6406"},{"taxonomy":"product_tag","embeddable":true,"href":"https:\/\/www.edesia.al\/index.php?rest_route=%2Fwp%2Fv2%2Fproduct_tag&post=6406"}],"curies":[{"name":"wp","href":"https:\/\/api.w.org\/{rel}","templated":true}]}}