{"id":6409,"date":"2026-02-16T21:07:21","date_gmt":"2026-02-16T21:07:21","guid":{"rendered":"https:\/\/www.edesia.al\/?post_type=product&#038;p=6409"},"modified":"2026-02-20T22:04:39","modified_gmt":"2026-02-20T22:04:39","slug":"vaj-esencial-mente","status":"publish","type":"product","link":"https:\/\/www.edesia.al\/?product=vaj-esencial-mente","title":{"rendered":"Vaj Esencial Mente"},"content":{"rendered":"<h3>Vaj Esencial Mente ( 10 ml )<\/h3>\n<p>Vaj esencial mente \u00ebsht\u00eb p\u00ebrodrur si p\u00ebr arsye sh\u00ebndetsore dhe kozmetike p\u00ebr shekuj. Aroma dhe shija e fresk\u00ebt e b\u00ebjn\u00eb t\u00eb paz\u00ebv\u00ebnd\u00ebsuesh\u00ebm kund\u00ebr nj\u00eb s\u00ebr\u00eb problematikash t\u00eb jashtme dhe t\u00eb brendshme t\u00eb organizmit.<\/p>\n<h4>Benefitet sh\u00ebndetsor te vajit esencial te mentes:<\/h4>\n<ul>\n<li>Leht\u00ebson frym\u00ebmarrjen dhe problemet me bronkitin duke pastruar sisitemin respirator.<\/li>\n<li>Qet\u00ebson simtomat e astm\u00ebs dhe gjendjeve gripale.<\/li>\n<li>Ndihmon n\u00eb qet\u00ebsimin e dhimbjeve t\u00eb kok\u00ebs deri tek migrena, si dhe trajtimin e gjendjeve t\u00eb stresit dhe ankthit.<\/li>\n<li>Ka veprim t\u00eb pabesuesh\u00ebm analgjezik, duke qet\u00ebsuar dhimbjet muskujve, kockave etj.<\/li>\n<li>Rrit energjin\u00eb e trupit dhe p\u00ebrq\u00ebndrimin e mendjes.<\/li>\n<li>Ruan shendetin oral duke na siguruar nj\u00eb frym\u00ebmarrje t\u00eb fresk\u00ebt.<\/li>\n<li>Qet\u00ebson t\u00eb vjellat, diarren dhe kapsll\u00ebkun.<\/li>\n<li>Zbut dhe hidraton l\u00ebkur\u00ebn, shum\u00eb i mir\u00eb p\u00ebr pas depilimit.<\/li>\n<li>Ndihmon n\u00eb rritjen e flok\u00ebve dhe pastrimin e skalpit.<\/li>\n<\/ul>\n<h4>P\u00ebrdorimi:<\/h4>\n<p>P\u00ebrdoret si aromatherapy p\u00ebr ta marr\u00eb nd\u00ebrmjet rrug\u00ebve t\u00eb frym\u00ebmarrjes. Gjithashtu mund t\u00eb b\u00ebhet pjese e maskave t\u00eb ndryshme p\u00ebr l\u00ebkur\u00eb dhe flok\u00eb.<\/p>\n<h4>Kujdes:<\/h4>\n<p>Mos e p\u00ebrdorni asnj\u00ebher\u00eb direkt n\u00eb l\u00ebkur\u00eb, gjithmon\u00eb i holluar me ndonj\u00eb vaj tjet\u00ebr.<\/p>\n","protected":false},"excerpt":{"rendered":"<p>Vaj Esencial Mente ( 10 ml ) Vaj esencial mente \u00ebsht\u00eb p\u00ebrodrur si p\u00ebr arsye sh\u00ebndetsore dhe kozmetike p\u00ebr shekuj. Aroma dhe shija e fresk\u00ebt e b\u00ebjn\u00eb t\u00eb paz\u00ebv\u00ebnd\u00ebsuesh\u00ebm kund\u00ebr nj\u00eb s\u00ebr\u00eb problematikash t\u00eb jashtme dhe t\u00eb brendshme t\u00eb organizmit. Benefitet sh\u00ebndetsor te vajit esencial te mentes: Leht\u00ebson frym\u00ebmarrjen dhe problemet me bronkitin duke pastruar[&#8230;]<\/p>\n","protected":false},"featured_media":6437,"comment_status":"open","ping_status":"closed","template":"","meta":{"_acf_changed":false,"inline_featured_image":false},"kategori-sipas-dietave":[],"kategori-sipas-problemeve-shende":[],"product_brand":[35],"product_cat":[44,45],"product_tag":[],"class_list":{"0":"post-6409","1":"product","2":"type-product","3":"status-publish","4":"has-post-thumbnail","6":"product_brand-sonnentor-sh-p-k","7":"product_cat-shtepi-stil-jetese","8":"product_cat-vajra-esenciale","10":"first","11":"instock","12":"taxable","13":"shipping-taxable","14":"purchasable","15":"product-type-simple"},"acf":[],"yoast_head":"<!-- This site is optimized with the Yoast SEO plugin v27.4 - https:\/\/yoast.com\/product\/yoast-seo-wordpress\/ -->\n<title>Vaj Esencial Mente - Edesia<\/title>\n<meta name=\"robots\" content=\"index, follow, max-snippet:-1, max-image-preview:large, max-video-preview:-1\" \/>\n<link rel=\"canonical\" href=\"https:\/\/www.edesia.al\/?product=vaj-esencial-mente\" \/>\n<meta property=\"og:locale\" content=\"en_US\" \/>\n<meta property=\"og:type\" content=\"article\" \/>\n<meta property=\"og:title\" content=\"Vaj Esencial Mente - Edesia\" \/>\n<meta property=\"og:description\" content=\"Vaj Esencial Mente ( 10 ml ) Vaj esencial mente \u00ebsht\u00eb p\u00ebrodrur si p\u00ebr arsye sh\u00ebndetsore dhe kozmetike p\u00ebr shekuj. Aroma dhe shija e fresk\u00ebt e b\u00ebjn\u00eb t\u00eb paz\u00ebv\u00ebnd\u00ebsuesh\u00ebm kund\u00ebr nj\u00eb s\u00ebr\u00eb problematikash t\u00eb jashtme dhe t\u00eb brendshme t\u00eb organizmit. Benefitet sh\u00ebndetsor te vajit esencial te mentes: Leht\u00ebson frym\u00ebmarrjen dhe problemet me bronkitin duke pastruar[...]\" \/>\n<meta property=\"og:url\" content=\"https:\/\/www.edesia.al\/?product=vaj-esencial-mente\" \/>\n<meta property=\"og:site_name\" content=\"Edesia\" \/>\n<meta property=\"article:modified_time\" content=\"2026-02-20T22:04:39+00:00\" \/>\n<meta property=\"og:image\" content=\"https:\/\/www.edesia.al\/wp-content\/uploads\/2026\/02\/mente-1-1.webp\" \/>\n\t<meta property=\"og:image:width\" content=\"593\" \/>\n\t<meta property=\"og:image:height\" content=\"593\" \/>\n\t<meta property=\"og:image:type\" content=\"image\/webp\" \/>\n<meta name=\"twitter:card\" content=\"summary_large_image\" \/>\n<meta name=\"twitter:label1\" content=\"Est. reading time\" \/>\n\t<meta name=\"twitter:data1\" content=\"1 minute\" \/>\n<script type=\"application\/ld+json\" class=\"yoast-schema-graph\">{\"@context\":\"https:\\\/\\\/schema.org\",\"@graph\":[{\"@type\":\"WebPage\",\"@id\":\"https:\\\/\\\/www.edesia.al\\\/?product=vaj-esencial-mente\",\"url\":\"https:\\\/\\\/www.edesia.al\\\/?product=vaj-esencial-mente\",\"name\":\"Vaj Esencial Mente - Edesia\",\"isPartOf\":{\"@id\":\"https:\\\/\\\/www.edesia.al\\\/#website\"},\"primaryImageOfPage\":{\"@id\":\"https:\\\/\\\/www.edesia.al\\\/?product=vaj-esencial-mente#primaryimage\"},\"image\":{\"@id\":\"https:\\\/\\\/www.edesia.al\\\/?product=vaj-esencial-mente#primaryimage\"},\"thumbnailUrl\":\"https:\\\/\\\/www.edesia.al\\\/wp-content\\\/uploads\\\/2026\\\/02\\\/mente-1-1.webp\",\"datePublished\":\"2026-02-16T21:07:21+00:00\",\"dateModified\":\"2026-02-20T22:04:39+00:00\",\"breadcrumb\":{\"@id\":\"https:\\\/\\\/www.edesia.al\\\/?product=vaj-esencial-mente#breadcrumb\"},\"inLanguage\":\"en-US\",\"potentialAction\":[{\"@type\":\"ReadAction\",\"target\":[\"https:\\\/\\\/www.edesia.al\\\/?product=vaj-esencial-mente\"]}]},{\"@type\":\"ImageObject\",\"inLanguage\":\"en-US\",\"@id\":\"https:\\\/\\\/www.edesia.al\\\/?product=vaj-esencial-mente#primaryimage\",\"url\":\"https:\\\/\\\/www.edesia.al\\\/wp-content\\\/uploads\\\/2026\\\/02\\\/mente-1-1.webp\",\"contentUrl\":\"https:\\\/\\\/www.edesia.al\\\/wp-content\\\/uploads\\\/2026\\\/02\\\/mente-1-1.webp\",\"width\":593,\"height\":593},{\"@type\":\"BreadcrumbList\",\"@id\":\"https:\\\/\\\/www.edesia.al\\\/?product=vaj-esencial-mente#breadcrumb\",\"itemListElement\":[{\"@type\":\"ListItem\",\"position\":1,\"name\":\"Home\",\"item\":\"https:\\\/\\\/www.edesia.al\\\/\"},{\"@type\":\"ListItem\",\"position\":2,\"name\":\"Dyqani\",\"item\":\"https:\\\/\\\/www.edesia.al\\\/?page_id=17\"},{\"@type\":\"ListItem\",\"position\":3,\"name\":\"Vaj Esencial Mente\"}]},{\"@type\":\"WebSite\",\"@id\":\"https:\\\/\\\/www.edesia.al\\\/#website\",\"url\":\"https:\\\/\\\/www.edesia.al\\\/\",\"name\":\"Edesia\",\"description\":\"\",\"publisher\":{\"@id\":\"https:\\\/\\\/www.edesia.al\\\/#organization\"},\"potentialAction\":[{\"@type\":\"SearchAction\",\"target\":{\"@type\":\"EntryPoint\",\"urlTemplate\":\"https:\\\/\\\/www.edesia.al\\\/?s={search_term_string}\"},\"query-input\":{\"@type\":\"PropertyValueSpecification\",\"valueRequired\":true,\"valueName\":\"search_term_string\"}}],\"inLanguage\":\"en-US\"},{\"@type\":\"Organization\",\"@id\":\"https:\\\/\\\/www.edesia.al\\\/#organization\",\"name\":\"Edesia\",\"url\":\"https:\\\/\\\/www.edesia.al\\\/\",\"logo\":{\"@type\":\"ImageObject\",\"inLanguage\":\"en-US\",\"@id\":\"https:\\\/\\\/www.edesia.al\\\/#\\\/schema\\\/logo\\\/image\\\/\",\"url\":\"https:\\\/\\\/www.edesia.al\\\/wp-content\\\/uploads\\\/2026\\\/02\\\/Logo-Edesia-no-background.png\",\"contentUrl\":\"https:\\\/\\\/www.edesia.al\\\/wp-content\\\/uploads\\\/2026\\\/02\\\/Logo-Edesia-no-background.png\",\"width\":293,\"height\":158,\"caption\":\"Edesia\"},\"image\":{\"@id\":\"https:\\\/\\\/www.edesia.al\\\/#\\\/schema\\\/logo\\\/image\\\/\"}}]}<\/script>\n<!-- \/ Yoast SEO plugin. -->","yoast_head_json":{"title":"Vaj Esencial Mente - Edesia","robots":{"index":"index","follow":"follow","max-snippet":"max-snippet:-1","max-image-preview":"max-image-preview:large","max-video-preview":"max-video-preview:-1"},"canonical":"https:\/\/www.edesia.al\/?product=vaj-esencial-mente","og_locale":"en_US","og_type":"article","og_title":"Vaj Esencial Mente - Edesia","og_description":"Vaj Esencial Mente ( 10 ml ) Vaj esencial mente \u00ebsht\u00eb p\u00ebrodrur si p\u00ebr arsye sh\u00ebndetsore dhe kozmetike p\u00ebr shekuj. Aroma dhe shija e fresk\u00ebt e b\u00ebjn\u00eb t\u00eb paz\u00ebv\u00ebnd\u00ebsuesh\u00ebm kund\u00ebr nj\u00eb s\u00ebr\u00eb problematikash t\u00eb jashtme dhe t\u00eb brendshme t\u00eb organizmit. Benefitet sh\u00ebndetsor te vajit esencial te mentes: Leht\u00ebson frym\u00ebmarrjen dhe problemet me bronkitin duke pastruar[...]","og_url":"https:\/\/www.edesia.al\/?product=vaj-esencial-mente","og_site_name":"Edesia","article_modified_time":"2026-02-20T22:04:39+00:00","og_image":[{"width":593,"height":593,"url":"https:\/\/www.edesia.al\/wp-content\/uploads\/2026\/02\/mente-1-1.webp","type":"image\/webp"}],"twitter_card":"summary_large_image","twitter_misc":{"Est. reading time":"1 minute"},"schema":{"@context":"https:\/\/schema.org","@graph":[{"@type":"WebPage","@id":"https:\/\/www.edesia.al\/?product=vaj-esencial-mente","url":"https:\/\/www.edesia.al\/?product=vaj-esencial-mente","name":"Vaj Esencial Mente - Edesia","isPartOf":{"@id":"https:\/\/www.edesia.al\/#website"},"primaryImageOfPage":{"@id":"https:\/\/www.edesia.al\/?product=vaj-esencial-mente#primaryimage"},"image":{"@id":"https:\/\/www.edesia.al\/?product=vaj-esencial-mente#primaryimage"},"thumbnailUrl":"https:\/\/www.edesia.al\/wp-content\/uploads\/2026\/02\/mente-1-1.webp","datePublished":"2026-02-16T21:07:21+00:00","dateModified":"2026-02-20T22:04:39+00:00","breadcrumb":{"@id":"https:\/\/www.edesia.al\/?product=vaj-esencial-mente#breadcrumb"},"inLanguage":"en-US","potentialAction":[{"@type":"ReadAction","target":["https:\/\/www.edesia.al\/?product=vaj-esencial-mente"]}]},{"@type":"ImageObject","inLanguage":"en-US","@id":"https:\/\/www.edesia.al\/?product=vaj-esencial-mente#primaryimage","url":"https:\/\/www.edesia.al\/wp-content\/uploads\/2026\/02\/mente-1-1.webp","contentUrl":"https:\/\/www.edesia.al\/wp-content\/uploads\/2026\/02\/mente-1-1.webp","width":593,"height":593},{"@type":"BreadcrumbList","@id":"https:\/\/www.edesia.al\/?product=vaj-esencial-mente#breadcrumb","itemListElement":[{"@type":"ListItem","position":1,"name":"Home","item":"https:\/\/www.edesia.al\/"},{"@type":"ListItem","position":2,"name":"Dyqani","item":"https:\/\/www.edesia.al\/?page_id=17"},{"@type":"ListItem","position":3,"name":"Vaj Esencial Mente"}]},{"@type":"WebSite","@id":"https:\/\/www.edesia.al\/#website","url":"https:\/\/www.edesia.al\/","name":"Edesia","description":"","publisher":{"@id":"https:\/\/www.edesia.al\/#organization"},"potentialAction":[{"@type":"SearchAction","target":{"@type":"EntryPoint","urlTemplate":"https:\/\/www.edesia.al\/?s={search_term_string}"},"query-input":{"@type":"PropertyValueSpecification","valueRequired":true,"valueName":"search_term_string"}}],"inLanguage":"en-US"},{"@type":"Organization","@id":"https:\/\/www.edesia.al\/#organization","name":"Edesia","url":"https:\/\/www.edesia.al\/","logo":{"@type":"ImageObject","inLanguage":"en-US","@id":"https:\/\/www.edesia.al\/#\/schema\/logo\/image\/","url":"https:\/\/www.edesia.al\/wp-content\/uploads\/2026\/02\/Logo-Edesia-no-background.png","contentUrl":"https:\/\/www.edesia.al\/wp-content\/uploads\/2026\/02\/Logo-Edesia-no-background.png","width":293,"height":158,"caption":"Edesia"},"image":{"@id":"https:\/\/www.edesia.al\/#\/schema\/logo\/image\/"}}]}},"_links":{"self":[{"href":"https:\/\/www.edesia.al\/index.php?rest_route=\/wp\/v2\/product\/6409","targetHints":{"allow":["GET"]}}],"collection":[{"href":"https:\/\/www.edesia.al\/index.php?rest_route=\/wp\/v2\/product"}],"about":[{"href":"https:\/\/www.edesia.al\/index.php?rest_route=\/wp\/v2\/types\/product"}],"replies":[{"embeddable":true,"href":"https:\/\/www.edesia.al\/index.php?rest_route=%2Fwp%2Fv2%2Fcomments&post=6409"}],"wp:featuredmedia":[{"embeddable":true,"href":"https:\/\/www.edesia.al\/index.php?rest_route=\/wp\/v2\/media\/6437"}],"wp:attachment":[{"href":"https:\/\/www.edesia.al\/index.php?rest_route=%2Fwp%2Fv2%2Fmedia&parent=6409"}],"wp:term":[{"taxonomy":"kategori-sipas-dietave","embeddable":true,"href":"https:\/\/www.edesia.al\/index.php?rest_route=%2Fwp%2Fv2%2Fkategori-sipas-dietave&post=6409"},{"taxonomy":"kategori-sipas-problemeve-shende","embeddable":true,"href":"https:\/\/www.edesia.al\/index.php?rest_route=%2Fwp%2Fv2%2Fkategori-sipas-problemeve-shende&post=6409"},{"taxonomy":"product_brand","embeddable":true,"href":"https:\/\/www.edesia.al\/index.php?rest_route=%2Fwp%2Fv2%2Fproduct_brand&post=6409"},{"taxonomy":"product_cat","embeddable":true,"href":"https:\/\/www.edesia.al\/index.php?rest_route=%2Fwp%2Fv2%2Fproduct_cat&post=6409"},{"taxonomy":"product_tag","embeddable":true,"href":"https:\/\/www.edesia.al\/index.php?rest_route=%2Fwp%2Fv2%2Fproduct_tag&post=6409"}],"curies":[{"name":"wp","href":"https:\/\/api.w.org\/{rel}","templated":true}]}}