{"id":6413,"date":"2026-02-16T21:07:22","date_gmt":"2026-02-16T21:07:22","guid":{"rendered":"https:\/\/www.edesia.al\/?post_type=product&#038;p=6413"},"modified":"2026-04-14T10:01:46","modified_gmt":"2026-04-14T08:01:46","slug":"kena-e-kuqe-e-erret","status":"publish","type":"product","link":"https:\/\/www.edesia.al\/?product=kena-e-kuqe-e-erret","title":{"rendered":"K\u00ebna e Kuqe e Err\u00ebt"},"content":{"rendered":"<h3>K\u00ebna e Kuqe e Err\u00ebt ( 200g )<\/h3>\n<p>K\u00ebnaja \u00ebsht\u00eb pluhur i b\u00ebr\u00eb nga bim\u00eb natyrale me fuqi t\u00eb lart\u00eb ngjyruese, e cila \u00ebsht\u00eb p\u00ebrdorur nd\u00ebr shekuj nga grat\u00eb p\u00ebr lyerjen e flok\u00ebve dhe dekorimin e trupit.<\/p>\n<h4>Benefitet\u00a0 e perdorimit\u00a0 t\u00eb k\u00ebnas\u00eb p\u00ebr lyerjen e flokut:<\/h4>\n<ul>\n<li>Pastron skalpin nga yndyra e tep\u00ebrt dhe zbokthi.;<\/li>\n<li>Rrit dhe forcon flok\u00ebt.<\/li>\n<li>Ju jep nj\u00eb shk\u00eblqim natyral dhe vitalitet.<\/li>\n<li>I mbron nga djegia dhe majat dyshe.<\/li>\n<li>Riparon dhe hidraton majat e dyfishta dhe flokun e thar\u00eb.<\/li>\n<li>Mbulon thinjat duke i l\u00ebn\u00eb flok\u00ebt t\u00eb but\u00eb dhe t\u00eb ushqyer.<\/li>\n<li>Mund t\u00eb p\u00ebrdoret dhe nga nga grat\u00eb shtatzane apo me gji.<\/li>\n<\/ul>\n<h4>P\u00ebrb\u00ebrja:<\/h4>\n<p>Ky pluhur \u00ebsht\u00eb nj\u00eb\u00a0 <span class=\"big-color-content\">kombinim i n\u00ebnt\u00eb bim\u00ebve\u00a0<\/span>\u00a0(k\u00ebna dhe pluhura Ayurvedic) duke p\u00ebrfshir\u00eb:<\/p>\n<ul>\n<li><span class=\"big-color-content\">K\u00ebna e kuqe\u00a0\u00a0<\/span>(\u00a0<em>Lawsonia inermis<\/em>\u00a0)\u00a0\u00a0:\u00a0\u00a0e pasur me salon p\u00ebr nj\u00eb rezultat m\u00eb intensiv dhe m\u00eb t\u00eb q\u00ebndruesh\u00ebm.<\/li>\n<li><span class=\"big-color-content\">Lejla:\u00a0<\/span>\u00a0err\u00ebson flok\u00ebt dhe neutralizon reflektimet e kuqe.<\/li>\n<li><span class=\"big-color-content\">Hibiscus:<\/span> ofron reflektime intensive t\u00eb kuqe dhe sof\u00ebr.<\/li>\n<li><span class=\"big-color-content\">Manjishta:<\/span> sjell reflektime t\u00eb kuqe t\u00eb thell\u00eb.<\/li>\n<li><span class=\"big-color-content\">Xhinxife nga Palestina:\u00a0<\/span> sjell shk\u00eblqim dhe volum, dhe ngadal\u00ebson shp\u00ebrlarjen e ngjyrave gjat\u00eb larjes.<\/li>\n<li><span class=\"big-color-content\">\u00a0Amla:\u00a0<\/span>\u00a0leht\u00ebson p\u00ebrvet\u00ebsimin e ngjyrave.<\/li>\n<\/ul>\n<h4>P\u00ebrdorimi:<\/h4>\n<p>Aplikoni k\u00ebna tuaj n\u00eb <span class=\"big-color-content\">nj\u00eb shtres\u00eb t\u00eb trash\u00eb<\/span>\u00a0p\u00ebr nj\u00eb ngjyr\u00eb t\u00eb pasur dhe t\u00eb thell\u00eb.<br \/>\nPas aplikimit t\u00eb past\u00ebs, <span class=\"big-color-content\">mb\u00ebshtillni flok\u00ebt me kapucin q\u00eb gjendet ne paketim, pasta duhet te rrije e njome gjate gjithe kohes, mbajeni ne flok\u00eb 1-3 or\u00eb.<\/span><br \/>\nLajeni flok\u00ebt si zakonisht dhe shp\u00eblajini me uj\u00eb t\u00eb ftoht\u00eb n\u00eb t\u00eb vak\u00ebt.<\/p>\n<h4>Kujdes:<\/h4>\n<p>N\u00ebse keni\u00a0 m\u00eb shum\u00eb se 30% flok\u00eb t\u00eb bardh\u00eb ( thinja ), thinjat do mbulohen plot\u00ebsisht pas dy lyerjesh. Ngjyra e zeze dhe kafe mbulon m\u00eb mir\u00eb dhe shpejt\u00eb thinjat.<\/p>\n<p>N\u00ebse kerkoni t\u00eb kaloni nga bjonde n\u00eb brune apo anasjelltas eshte mire te kaloni lyerje pas lyerje nga nje nuanc\u00eb n\u00eb tjetr\u00ebn gradualisht.<\/p>\n<h4>Masat Paraprake:<\/h4>\n<ul>\n<li>Kryeni nj\u00eb test paraprak t\u00eb ndjeshm\u00ebris\u00eb n\u00eb kthes\u00ebn e b\u00ebrrylit t\u00eb pakt\u00ebn 48 or\u00eb p\u00ebrpara aplikimit.<\/li>\n<li>Kryeni gjithmon\u00eb nj\u00eb test paraprak n\u00eb qimet e mbledhura n\u00eb fur\u00e7\u00ebn tuaj, prisni 48 or\u00eb p\u00ebr t\u00eb vler\u00ebsuar rezultatin p\u00ebrfundimtar.<\/li>\n<li>Shmangni p\u00ebrdorimin e en\u00ebve prej hekuri ose alumini p\u00ebr t\u00eb p\u00ebrgatitur past\u00ebn (preferoni \u00e7elik inox ose nj\u00eb shpatull gome).<\/li>\n<li>P\u00ebrdorni dorezat e ofruara p\u00ebr t\u00eb shmangur njollat \u200b\u200be gishtave.<\/li>\n<li>Pasta e k\u00ebnas njollos rrobat, mos harroni t&#8217;i mbroni ato!<\/li>\n<li>Shmangni kontaktin me syt\u00eb. N\u00eb rast kontakti, shp\u00eblajeni me uj\u00eb t\u00eb past\u00ebr.<\/li>\n<li>P\u00ebrdoreni produktin n\u00eb nj\u00eb dhom\u00eb t\u00eb ajrosur mir\u00eb.<\/li>\n<li>Mos e p\u00ebrdorni n\u00eb qerpik\u00eb apo vetulla.<\/li>\n<li>Referojuni udh\u00ebzimeve p\u00ebr p\u00ebrdorim.<\/li>\n<li>Mbani pluhruin e k\u00ebnas\u00eb larg nxeht\u00ebsis\u00eb dhe drit\u00ebs.<\/li>\n<li>Periudha e rekomanduar e p\u00ebrdorimit p\u00ebr k\u00ebt\u00eb produkt \u00ebsht\u00eb 24 muaj pas hapjes s\u00eb qesk\u00ebs.<\/li>\n<\/ul>\n","protected":false},"excerpt":{"rendered":"<p>Kjo k\u00ebna do ju jap flok\u00ebve tuaj nj\u00eb ngjyr\u00eb intensive t\u00eb s\u00eb kuqes n\u00eb t\u00eb err\u00ebt. Si dhe do ju jap shk\u00eblqim dhe volum, duke i l\u00ebn\u00eb t\u00eb but\u00eb dhe t\u00eb sh\u00ebndetsh\u00ebm.<\/p>\n","protected":false},"featured_media":6446,"comment_status":"open","ping_status":"closed","template":"","meta":{"_acf_changed":false,"inline_featured_image":false},"kategori-sipas-dietave":[],"kategori-sipas-problemeve-shende":[],"product_brand":[98],"product_cat":[65,79,23],"product_tag":[],"class_list":{"0":"post-6413","1":"product","2":"type-product","3":"status-publish","4":"has-post-thumbnail","6":"product_brand-aroma-zone","7":"product_cat-henna-boje-bimore-per-floket","8":"product_cat-kozmetike-kujdes-personal","9":"product_cat-vajra-kozmetike","11":"first","12":"instock","13":"taxable","14":"shipping-taxable","15":"purchasable","16":"product-type-simple"},"acf":[],"yoast_head":"<!-- This site is optimized with the Yoast SEO plugin v27.4 - https:\/\/yoast.com\/product\/yoast-seo-wordpress\/ -->\n<title>K\u00ebna e Kuqe e Err\u00ebt - Edesia<\/title>\n<meta name=\"robots\" content=\"index, follow, max-snippet:-1, max-image-preview:large, max-video-preview:-1\" \/>\n<link rel=\"canonical\" href=\"https:\/\/www.edesia.al\/?product=kena-e-kuqe-e-erret\" \/>\n<meta property=\"og:locale\" content=\"en_US\" \/>\n<meta property=\"og:type\" content=\"article\" \/>\n<meta property=\"og:title\" content=\"K\u00ebna e Kuqe e Err\u00ebt - Edesia\" \/>\n<meta property=\"og:description\" content=\"Kjo k\u00ebna do ju jap flok\u00ebve tuaj nj\u00eb ngjyr\u00eb intensive t\u00eb s\u00eb kuqes n\u00eb t\u00eb err\u00ebt. Si dhe do ju jap shk\u00eblqim dhe volum, duke i l\u00ebn\u00eb t\u00eb but\u00eb dhe t\u00eb sh\u00ebndetsh\u00ebm.\" \/>\n<meta property=\"og:url\" content=\"https:\/\/www.edesia.al\/?product=kena-e-kuqe-e-erret\" \/>\n<meta property=\"og:site_name\" content=\"Edesia\" \/>\n<meta property=\"article:modified_time\" content=\"2026-04-14T08:01:46+00:00\" \/>\n<meta property=\"og:image\" content=\"https:\/\/www.edesia.al\/wp-content\/uploads\/2026\/02\/aburn-1.jpg\" \/>\n\t<meta property=\"og:image:width\" content=\"593\" \/>\n\t<meta property=\"og:image:height\" content=\"593\" \/>\n\t<meta property=\"og:image:type\" content=\"image\/jpeg\" \/>\n<meta name=\"twitter:card\" content=\"summary_large_image\" \/>\n<meta name=\"twitter:label1\" content=\"Est. reading time\" \/>\n\t<meta name=\"twitter:data1\" content=\"3 minutes\" \/>\n<script type=\"application\/ld+json\" class=\"yoast-schema-graph\">{\"@context\":\"https:\\\/\\\/schema.org\",\"@graph\":[{\"@type\":\"WebPage\",\"@id\":\"https:\\\/\\\/www.edesia.al\\\/?product=kena-e-kuqe-e-erret\",\"url\":\"https:\\\/\\\/www.edesia.al\\\/?product=kena-e-kuqe-e-erret\",\"name\":\"K\u00ebna e Kuqe e Err\u00ebt - Edesia\",\"isPartOf\":{\"@id\":\"https:\\\/\\\/www.edesia.al\\\/#website\"},\"primaryImageOfPage\":{\"@id\":\"https:\\\/\\\/www.edesia.al\\\/?product=kena-e-kuqe-e-erret#primaryimage\"},\"image\":{\"@id\":\"https:\\\/\\\/www.edesia.al\\\/?product=kena-e-kuqe-e-erret#primaryimage\"},\"thumbnailUrl\":\"https:\\\/\\\/www.edesia.al\\\/wp-content\\\/uploads\\\/2026\\\/02\\\/aburn-1.jpg\",\"datePublished\":\"2026-02-16T21:07:22+00:00\",\"dateModified\":\"2026-04-14T08:01:46+00:00\",\"breadcrumb\":{\"@id\":\"https:\\\/\\\/www.edesia.al\\\/?product=kena-e-kuqe-e-erret#breadcrumb\"},\"inLanguage\":\"en-US\",\"potentialAction\":[{\"@type\":\"ReadAction\",\"target\":[\"https:\\\/\\\/www.edesia.al\\\/?product=kena-e-kuqe-e-erret\"]}]},{\"@type\":\"ImageObject\",\"inLanguage\":\"en-US\",\"@id\":\"https:\\\/\\\/www.edesia.al\\\/?product=kena-e-kuqe-e-erret#primaryimage\",\"url\":\"https:\\\/\\\/www.edesia.al\\\/wp-content\\\/uploads\\\/2026\\\/02\\\/aburn-1.jpg\",\"contentUrl\":\"https:\\\/\\\/www.edesia.al\\\/wp-content\\\/uploads\\\/2026\\\/02\\\/aburn-1.jpg\",\"width\":593,\"height\":593},{\"@type\":\"BreadcrumbList\",\"@id\":\"https:\\\/\\\/www.edesia.al\\\/?product=kena-e-kuqe-e-erret#breadcrumb\",\"itemListElement\":[{\"@type\":\"ListItem\",\"position\":1,\"name\":\"Home\",\"item\":\"https:\\\/\\\/www.edesia.al\\\/\"},{\"@type\":\"ListItem\",\"position\":2,\"name\":\"Dyqani\",\"item\":\"https:\\\/\\\/www.edesia.al\\\/?page_id=17\"},{\"@type\":\"ListItem\",\"position\":3,\"name\":\"K\u00ebna e Kuqe e Err\u00ebt\"}]},{\"@type\":\"WebSite\",\"@id\":\"https:\\\/\\\/www.edesia.al\\\/#website\",\"url\":\"https:\\\/\\\/www.edesia.al\\\/\",\"name\":\"Edesia\",\"description\":\"\",\"publisher\":{\"@id\":\"https:\\\/\\\/www.edesia.al\\\/#organization\"},\"potentialAction\":[{\"@type\":\"SearchAction\",\"target\":{\"@type\":\"EntryPoint\",\"urlTemplate\":\"https:\\\/\\\/www.edesia.al\\\/?s={search_term_string}\"},\"query-input\":{\"@type\":\"PropertyValueSpecification\",\"valueRequired\":true,\"valueName\":\"search_term_string\"}}],\"inLanguage\":\"en-US\"},{\"@type\":\"Organization\",\"@id\":\"https:\\\/\\\/www.edesia.al\\\/#organization\",\"name\":\"Edesia\",\"url\":\"https:\\\/\\\/www.edesia.al\\\/\",\"logo\":{\"@type\":\"ImageObject\",\"inLanguage\":\"en-US\",\"@id\":\"https:\\\/\\\/www.edesia.al\\\/#\\\/schema\\\/logo\\\/image\\\/\",\"url\":\"https:\\\/\\\/www.edesia.al\\\/wp-content\\\/uploads\\\/2026\\\/02\\\/Logo-Edesia-no-background.png\",\"contentUrl\":\"https:\\\/\\\/www.edesia.al\\\/wp-content\\\/uploads\\\/2026\\\/02\\\/Logo-Edesia-no-background.png\",\"width\":293,\"height\":158,\"caption\":\"Edesia\"},\"image\":{\"@id\":\"https:\\\/\\\/www.edesia.al\\\/#\\\/schema\\\/logo\\\/image\\\/\"}}]}<\/script>\n<!-- \/ Yoast SEO plugin. -->","yoast_head_json":{"title":"K\u00ebna e Kuqe e Err\u00ebt - Edesia","robots":{"index":"index","follow":"follow","max-snippet":"max-snippet:-1","max-image-preview":"max-image-preview:large","max-video-preview":"max-video-preview:-1"},"canonical":"https:\/\/www.edesia.al\/?product=kena-e-kuqe-e-erret","og_locale":"en_US","og_type":"article","og_title":"K\u00ebna e Kuqe e Err\u00ebt - Edesia","og_description":"Kjo k\u00ebna do ju jap flok\u00ebve tuaj nj\u00eb ngjyr\u00eb intensive t\u00eb s\u00eb kuqes n\u00eb t\u00eb err\u00ebt. Si dhe do ju jap shk\u00eblqim dhe volum, duke i l\u00ebn\u00eb t\u00eb but\u00eb dhe t\u00eb sh\u00ebndetsh\u00ebm.","og_url":"https:\/\/www.edesia.al\/?product=kena-e-kuqe-e-erret","og_site_name":"Edesia","article_modified_time":"2026-04-14T08:01:46+00:00","og_image":[{"width":593,"height":593,"url":"https:\/\/www.edesia.al\/wp-content\/uploads\/2026\/02\/aburn-1.jpg","type":"image\/jpeg"}],"twitter_card":"summary_large_image","twitter_misc":{"Est. reading time":"3 minutes"},"schema":{"@context":"https:\/\/schema.org","@graph":[{"@type":"WebPage","@id":"https:\/\/www.edesia.al\/?product=kena-e-kuqe-e-erret","url":"https:\/\/www.edesia.al\/?product=kena-e-kuqe-e-erret","name":"K\u00ebna e Kuqe e Err\u00ebt - Edesia","isPartOf":{"@id":"https:\/\/www.edesia.al\/#website"},"primaryImageOfPage":{"@id":"https:\/\/www.edesia.al\/?product=kena-e-kuqe-e-erret#primaryimage"},"image":{"@id":"https:\/\/www.edesia.al\/?product=kena-e-kuqe-e-erret#primaryimage"},"thumbnailUrl":"https:\/\/www.edesia.al\/wp-content\/uploads\/2026\/02\/aburn-1.jpg","datePublished":"2026-02-16T21:07:22+00:00","dateModified":"2026-04-14T08:01:46+00:00","breadcrumb":{"@id":"https:\/\/www.edesia.al\/?product=kena-e-kuqe-e-erret#breadcrumb"},"inLanguage":"en-US","potentialAction":[{"@type":"ReadAction","target":["https:\/\/www.edesia.al\/?product=kena-e-kuqe-e-erret"]}]},{"@type":"ImageObject","inLanguage":"en-US","@id":"https:\/\/www.edesia.al\/?product=kena-e-kuqe-e-erret#primaryimage","url":"https:\/\/www.edesia.al\/wp-content\/uploads\/2026\/02\/aburn-1.jpg","contentUrl":"https:\/\/www.edesia.al\/wp-content\/uploads\/2026\/02\/aburn-1.jpg","width":593,"height":593},{"@type":"BreadcrumbList","@id":"https:\/\/www.edesia.al\/?product=kena-e-kuqe-e-erret#breadcrumb","itemListElement":[{"@type":"ListItem","position":1,"name":"Home","item":"https:\/\/www.edesia.al\/"},{"@type":"ListItem","position":2,"name":"Dyqani","item":"https:\/\/www.edesia.al\/?page_id=17"},{"@type":"ListItem","position":3,"name":"K\u00ebna e Kuqe e Err\u00ebt"}]},{"@type":"WebSite","@id":"https:\/\/www.edesia.al\/#website","url":"https:\/\/www.edesia.al\/","name":"Edesia","description":"","publisher":{"@id":"https:\/\/www.edesia.al\/#organization"},"potentialAction":[{"@type":"SearchAction","target":{"@type":"EntryPoint","urlTemplate":"https:\/\/www.edesia.al\/?s={search_term_string}"},"query-input":{"@type":"PropertyValueSpecification","valueRequired":true,"valueName":"search_term_string"}}],"inLanguage":"en-US"},{"@type":"Organization","@id":"https:\/\/www.edesia.al\/#organization","name":"Edesia","url":"https:\/\/www.edesia.al\/","logo":{"@type":"ImageObject","inLanguage":"en-US","@id":"https:\/\/www.edesia.al\/#\/schema\/logo\/image\/","url":"https:\/\/www.edesia.al\/wp-content\/uploads\/2026\/02\/Logo-Edesia-no-background.png","contentUrl":"https:\/\/www.edesia.al\/wp-content\/uploads\/2026\/02\/Logo-Edesia-no-background.png","width":293,"height":158,"caption":"Edesia"},"image":{"@id":"https:\/\/www.edesia.al\/#\/schema\/logo\/image\/"}}]}},"_links":{"self":[{"href":"https:\/\/www.edesia.al\/index.php?rest_route=\/wp\/v2\/product\/6413","targetHints":{"allow":["GET"]}}],"collection":[{"href":"https:\/\/www.edesia.al\/index.php?rest_route=\/wp\/v2\/product"}],"about":[{"href":"https:\/\/www.edesia.al\/index.php?rest_route=\/wp\/v2\/types\/product"}],"replies":[{"embeddable":true,"href":"https:\/\/www.edesia.al\/index.php?rest_route=%2Fwp%2Fv2%2Fcomments&post=6413"}],"wp:featuredmedia":[{"embeddable":true,"href":"https:\/\/www.edesia.al\/index.php?rest_route=\/wp\/v2\/media\/6446"}],"wp:attachment":[{"href":"https:\/\/www.edesia.al\/index.php?rest_route=%2Fwp%2Fv2%2Fmedia&parent=6413"}],"wp:term":[{"taxonomy":"kategori-sipas-dietave","embeddable":true,"href":"https:\/\/www.edesia.al\/index.php?rest_route=%2Fwp%2Fv2%2Fkategori-sipas-dietave&post=6413"},{"taxonomy":"kategori-sipas-problemeve-shende","embeddable":true,"href":"https:\/\/www.edesia.al\/index.php?rest_route=%2Fwp%2Fv2%2Fkategori-sipas-problemeve-shende&post=6413"},{"taxonomy":"product_brand","embeddable":true,"href":"https:\/\/www.edesia.al\/index.php?rest_route=%2Fwp%2Fv2%2Fproduct_brand&post=6413"},{"taxonomy":"product_cat","embeddable":true,"href":"https:\/\/www.edesia.al\/index.php?rest_route=%2Fwp%2Fv2%2Fproduct_cat&post=6413"},{"taxonomy":"product_tag","embeddable":true,"href":"https:\/\/www.edesia.al\/index.php?rest_route=%2Fwp%2Fv2%2Fproduct_tag&post=6413"}],"curies":[{"name":"wp","href":"https:\/\/api.w.org\/{rel}","templated":true}]}}