{"id":6418,"date":"2026-02-16T21:07:22","date_gmt":"2026-02-16T21:07:22","guid":{"rendered":"https:\/\/www.edesia.al\/?post_type=product&#038;p=6418"},"modified":"2026-02-25T10:26:43","modified_gmt":"2026-02-25T10:26:43","slug":"vaj-esencial-eukaliptus","status":"publish","type":"product","link":"https:\/\/www.edesia.al\/?product=vaj-esencial-eukaliptus","title":{"rendered":"Vaj Esencial Eukaliptus"},"content":{"rendered":"<h3>Vaj Esencial Eukaliptus ( 10ml )<\/h3>\n<p>Vaji esencial Eukaliptus prodhohet nga gjethet e pem\u00ebve t\u00eb eukaliptit. Pema i p\u00ebrket familjes s\u00eb bim\u00ebve <em>Myrtaceae<\/em>, e cila rritet n\u00eb Australi, Tasmani dhe ishujt p\u00ebrreth. Ka m\u00eb shum\u00eb se 500 lloje eukalipi por vaji esencial nga\u00a0<em>Eucalyptus salicifolia<\/em>\u00a0dhe\u00a0<em>Eucalyptus globulus<\/em>\u00a0shfryt\u00ebzohen p\u00ebr efektet e tyre mjek\u00ebsore.<\/p>\n<h4>Benefitet sh\u00ebndetsore t\u00eb vajit esencial t\u00eb eukaliptus:<\/h4>\n<ul>\n<li>\u00cbsht\u00eb nj\u00eb nga m\u00eb efektiv\u00ebt kundrejt problemeve respiratore, duke p\u00ebrfshir\u00eb s\u00ebmundjen pulmonare obstruktive kronike (<u>COPD<\/u>), asm\u00ebn, sinuset, ftohjen, koll\u00ebn dhe gripin.<\/li>\n<li>Leht\u00ebson koll\u00ebn dhe ndihmon n\u00eb nxjerrjen e sekrecioneve.<\/li>\n<li>Lufton infeksionet. Vaji i eukaliptit dhe komponenti i tij kryesor, eukaliptoli, kan\u00eb efekte antimikrobiale kund\u00ebr bakterieve, viruseve dhe k\u00ebrpudhave.<\/li>\n<li>Redukton dhimbjen, inflamacionin dhe enjtjen muskulare.<\/li>\n<li>Ka dhe veti gjall\u00ebruese q\u00eb nxit qart\u00ebsin\u00eb mendore dhe sjell nj\u00eb relaksim t\u00eb muskujve facial\u00eb, dhe ndihmon kur jeni duke vuajtur nga dhimbja e kok\u00ebs, e shkaktuar nga stresi dhe lodhja.<\/li>\n<li>P\u00ebr shkak t\u00eb vetive antimikrobiale dhe antiseptike, eukalipti \u00ebsht\u00eb shum\u00eb i mir\u00eb kund\u00ebr irritimit t\u00eb l\u00ebkur\u00ebs, plag\u00ebve, t\u00eb prerave, djegies, ul\u00e7er\u00ebs dhe pickimit nga insektet.<\/li>\n<li>Ndihmon p\u00ebr nj\u00eb sh\u00ebndet oral t\u00eb mir\u00eb dhe frym\u00ebmarrje t\u00eb fresk\u00ebt.<\/li>\n<\/ul>\n<h4>P\u00ebrdorimet:<\/h4>\n<ol>\n<li><strong>Dizinfekton sht\u00ebpin\u00eb tuaj<\/strong>: Shtoni 20 pika vaj esencial eukalipti n\u00eb nj\u00eb shishe me uj\u00eb dhe pastroni sip\u00ebrfaqet e sht\u00ebpis\u00eb.<\/li>\n<li><strong>Stoponi shtimin e mykut<\/strong>: Shtoni 5 pika vaj eukalipti n\u00eb fshes\u00ebn me korent ose pastruesin e sip\u00ebrfaqeve p\u00ebr t\u00eb ndaluar zhvillimin e mykut.<\/li>\n<li><strong>Largon minjt\u00eb<\/strong>: Shtoni 20 pika vaj eukalipti n\u00eb nj\u00eb shishe t\u00eb mbushur me uj\u00eb dhe sp\u00ebrkatni zonat e preferuara nga minjt\u00eb. N\u00ebse keni mace, duhet t\u00eb keni kujdes pasi vaji i eukaliptit i acaron ato.<\/li>\n<li><strong>P\u00ebrmir\u00ebson alergjit\u00eb sezonale<\/strong>: P\u00ebrhapni 5 pika vaj esencial eukalipti n\u00eb sht\u00ebpi ose pun\u00eb, ose aplikoni 2-3 pika n\u00eb m\u00ebnyr\u00eb lokale n\u00eb gjoks ose t\u00ebmtha.<\/li>\n<li><strong>\u00c7liron koll\u00ebn<\/strong>: B\u00ebni nj\u00eb Vapor Rub\u00a0n\u00eb kushte sht\u00ebpie duke kombinuar vajin e eukaliptit me vajin e mentes, ose aplikoni 2-3 pika vaj esencial eukalipti n\u00eb gjoks ose n\u00eb qaf\u00eb.<\/li>\n<li><strong>Pastron sinuset<\/strong>: Hidhni 1-2 pika vaj eukalipti n\u00eb nj\u00eb en\u00eb m\u00eb uj\u00eb t\u00eb nxeht\u00eb. M\u00eb pas vendosni nj\u00eb peshqir mbi kok\u00eb dhe q\u00ebndroni mbi avuj p\u00ebr 5-10 minuta.<\/li>\n<li><strong>Leht\u00ebson dhimbjen e fytit<\/strong>: Aplikoni 2-3 pika vaj eukalipti n\u00eb gjoks ose fyt, ose shp\u00ebrndani n\u00eb aj\u00ebr 5 pika vaj.<\/li>\n<li><strong>Leht\u00ebson dhimbjen e veshit<\/strong>: Aplikoni 2-3 pika vaj eukualipti n\u00eb gjoks dhe qaf\u00eb, ose masazhoni me kujdes n\u00eb zon\u00ebn e jashtme t\u00eb kanalit t\u00eb veshit. Mos harroni ta holloni vajin e eukaliptit kur e p\u00ebrdorin lokalisht tek f\u00ebmij\u00ebt!<\/li>\n<li><strong>Nxit sistemin imunitar<\/strong>: Krijoni kombinimin tuaj t\u00eb vajrave me eukalipt, karafil, limon, kanell\u00eb dhe rosmarin\u00eb dhe shp\u00ebrndani disa pika n\u00eb ambjentin ku rrini.<\/li>\n<li><strong>Leht\u00ebson irritimet e l\u00ebkur\u00ebs<\/strong>: Aplikoni 2-3 pika vaj eukalipti n\u00eb nj\u00eb pambuk t\u00eb vog\u00ebl dhe vendoseni n\u00eb zon\u00ebn e prekur 2-3 her\u00eb n\u00eb dit\u00eb derisa t\u00eb p\u00ebrmir\u00ebsohet.<\/li>\n<li><strong>Zhduk pickimet e insekteve<\/strong>: Aplikoni 2-3 pika vaj eukalipti n\u00eb nj\u00eb pambuk t\u00eb vog\u00ebl dhe vendoseni n\u00eb zon\u00ebn e pickuar 3 her\u00eb n\u00eb dit\u00eb derisa t\u00eb zhduket.<\/li>\n<li><strong>Nxit rritjen e energjis\u00eb<\/strong>: Aplikoni 2-3 pika n\u00eb t\u00ebmtha dhe n\u00eb qaf\u00eb.<\/li>\n<li><strong>Leht\u00ebson dhimbjen e kok\u00ebs<\/strong>: Shp\u00ebrndani 5 pika vaj eukalipti n\u00eb sht\u00ebpi ose pun\u00eb, thithni arom\u00ebn direkt nga shishja ose aplikoni 2-3 pika n\u00eb t\u00ebmtha dhe n\u00eb qaf\u00eb.<\/li>\n<li><strong>Leht\u00ebson dhimbjet muskulare<\/strong>: Aplikoni 2-3 pika vaj eukalipti n\u00eb zon\u00ebn ku ndjeni dhimbjen. P\u00ebr t\u00eb mbuluar nj\u00eb zon\u00eb t\u00eb madhe, p\u00ebrzieni eukaliptin me nj\u00eb lug\u00eb \u00e7aji vaj mbajt\u00ebs, si psh. Vaj kokosi ose vaj bajame.<\/li>\n<li><strong>Lufton er\u00ebn e keqe t\u00eb goj\u00ebs dhe kavitetet<\/strong>: P\u00ebrdoreni vajin e eukaliptit si nj\u00eb lar\u00ebs goje natyral duke shtuar 1-2 pika n\u00eb uj\u00eb (me gargar\u00eb).<\/li>\n<\/ol>\n<h4>Kujdes:<\/h4>\n<p>Mos e p\u00ebrdorini asnj\u00ebher\u00eb direkt n\u00eb l\u00ebkur\u00eb t\u00eb pa holluar me ndonj\u00eb vaj tjet\u00ebr vegjetal m\u00eb t\u00eb but\u00eb. Mos e konsumoni n\u00ebse n\u00eb paketim nuk e specifikon q\u00eb \u00ebsht\u00eb p\u00ebr t&#8217;u konsumuar.<\/p>\n","protected":false},"excerpt":{"rendered":"<p>Vaj Esencial Eukaliptus ( 10ml ) Vaji esencial Eukaliptus prodhohet nga gjethet e pem\u00ebve t\u00eb eukaliptit. Pema i p\u00ebrket familjes s\u00eb bim\u00ebve Myrtaceae, e cila rritet n\u00eb Australi, Tasmani dhe ishujt p\u00ebrreth. Ka m\u00eb shum\u00eb se 500 lloje eukalipi por vaji esencial nga\u00a0Eucalyptus salicifolia\u00a0dhe\u00a0Eucalyptus globulus\u00a0shfryt\u00ebzohen p\u00ebr efektet e tyre mjek\u00ebsore. Benefitet sh\u00ebndetsore t\u00eb vajit esencial[&#8230;]<\/p>\n","protected":false},"featured_media":6456,"comment_status":"open","ping_status":"closed","template":"","meta":{"_acf_changed":false,"inline_featured_image":false},"kategori-sipas-dietave":[89],"kategori-sipas-problemeve-shende":[85],"product_brand":[35],"product_cat":[44,45],"product_tag":[],"class_list":{"0":"post-6418","1":"product","2":"type-product","3":"status-publish","4":"has-post-thumbnail","6":"kategori-sipas-dietave-vegan","7":"kategori-sipas-problemeve-shende-imuniteti","8":"product_brand-sonnentor-sh-p-k","9":"product_cat-shtepi-stil-jetese","10":"product_cat-vajra-esenciale","12":"first","13":"instock","14":"taxable","15":"shipping-taxable","16":"purchasable","17":"product-type-simple"},"acf":[],"yoast_head":"<!-- This site is optimized with the Yoast SEO plugin v27.4 - https:\/\/yoast.com\/product\/yoast-seo-wordpress\/ -->\n<title>Vaj Esencial Eukaliptus - Edesia<\/title>\n<meta name=\"robots\" content=\"index, follow, max-snippet:-1, max-image-preview:large, max-video-preview:-1\" \/>\n<link rel=\"canonical\" href=\"https:\/\/www.edesia.al\/?product=vaj-esencial-eukaliptus\" \/>\n<meta property=\"og:locale\" content=\"en_US\" \/>\n<meta property=\"og:type\" content=\"article\" \/>\n<meta property=\"og:title\" content=\"Vaj Esencial Eukaliptus - Edesia\" \/>\n<meta property=\"og:description\" content=\"Vaj Esencial Eukaliptus ( 10ml ) Vaji esencial Eukaliptus prodhohet nga gjethet e pem\u00ebve t\u00eb eukaliptit. Pema i p\u00ebrket familjes s\u00eb bim\u00ebve Myrtaceae, e cila rritet n\u00eb Australi, Tasmani dhe ishujt p\u00ebrreth. Ka m\u00eb shum\u00eb se 500 lloje eukalipi por vaji esencial nga\u00a0Eucalyptus salicifolia\u00a0dhe\u00a0Eucalyptus globulus\u00a0shfryt\u00ebzohen p\u00ebr efektet e tyre mjek\u00ebsore. Benefitet sh\u00ebndetsore t\u00eb vajit esencial[...]\" \/>\n<meta property=\"og:url\" content=\"https:\/\/www.edesia.al\/?product=vaj-esencial-eukaliptus\" \/>\n<meta property=\"og:site_name\" content=\"Edesia\" \/>\n<meta property=\"article:modified_time\" content=\"2026-02-25T10:26:43+00:00\" \/>\n<meta property=\"og:image\" content=\"https:\/\/www.edesia.al\/wp-content\/uploads\/2026\/02\/eukaliptus-1.webp\" \/>\n\t<meta property=\"og:image:width\" content=\"593\" \/>\n\t<meta property=\"og:image:height\" content=\"593\" \/>\n\t<meta property=\"og:image:type\" content=\"image\/webp\" \/>\n<meta name=\"twitter:card\" content=\"summary_large_image\" \/>\n<meta name=\"twitter:label1\" content=\"Est. reading time\" \/>\n\t<meta name=\"twitter:data1\" content=\"3 minutes\" \/>\n<script type=\"application\/ld+json\" class=\"yoast-schema-graph\">{\"@context\":\"https:\\\/\\\/schema.org\",\"@graph\":[{\"@type\":\"WebPage\",\"@id\":\"https:\\\/\\\/www.edesia.al\\\/?product=vaj-esencial-eukaliptus\",\"url\":\"https:\\\/\\\/www.edesia.al\\\/?product=vaj-esencial-eukaliptus\",\"name\":\"Vaj Esencial Eukaliptus - Edesia\",\"isPartOf\":{\"@id\":\"https:\\\/\\\/www.edesia.al\\\/#website\"},\"primaryImageOfPage\":{\"@id\":\"https:\\\/\\\/www.edesia.al\\\/?product=vaj-esencial-eukaliptus#primaryimage\"},\"image\":{\"@id\":\"https:\\\/\\\/www.edesia.al\\\/?product=vaj-esencial-eukaliptus#primaryimage\"},\"thumbnailUrl\":\"https:\\\/\\\/www.edesia.al\\\/wp-content\\\/uploads\\\/2026\\\/02\\\/eukaliptus-1.webp\",\"datePublished\":\"2026-02-16T21:07:22+00:00\",\"dateModified\":\"2026-02-25T10:26:43+00:00\",\"breadcrumb\":{\"@id\":\"https:\\\/\\\/www.edesia.al\\\/?product=vaj-esencial-eukaliptus#breadcrumb\"},\"inLanguage\":\"en-US\",\"potentialAction\":[{\"@type\":\"ReadAction\",\"target\":[\"https:\\\/\\\/www.edesia.al\\\/?product=vaj-esencial-eukaliptus\"]}]},{\"@type\":\"ImageObject\",\"inLanguage\":\"en-US\",\"@id\":\"https:\\\/\\\/www.edesia.al\\\/?product=vaj-esencial-eukaliptus#primaryimage\",\"url\":\"https:\\\/\\\/www.edesia.al\\\/wp-content\\\/uploads\\\/2026\\\/02\\\/eukaliptus-1.webp\",\"contentUrl\":\"https:\\\/\\\/www.edesia.al\\\/wp-content\\\/uploads\\\/2026\\\/02\\\/eukaliptus-1.webp\",\"width\":593,\"height\":593},{\"@type\":\"BreadcrumbList\",\"@id\":\"https:\\\/\\\/www.edesia.al\\\/?product=vaj-esencial-eukaliptus#breadcrumb\",\"itemListElement\":[{\"@type\":\"ListItem\",\"position\":1,\"name\":\"Home\",\"item\":\"https:\\\/\\\/www.edesia.al\\\/\"},{\"@type\":\"ListItem\",\"position\":2,\"name\":\"Dyqani\",\"item\":\"https:\\\/\\\/www.edesia.al\\\/?page_id=17\"},{\"@type\":\"ListItem\",\"position\":3,\"name\":\"Vaj Esencial Eukaliptus\"}]},{\"@type\":\"WebSite\",\"@id\":\"https:\\\/\\\/www.edesia.al\\\/#website\",\"url\":\"https:\\\/\\\/www.edesia.al\\\/\",\"name\":\"Edesia\",\"description\":\"\",\"publisher\":{\"@id\":\"https:\\\/\\\/www.edesia.al\\\/#organization\"},\"potentialAction\":[{\"@type\":\"SearchAction\",\"target\":{\"@type\":\"EntryPoint\",\"urlTemplate\":\"https:\\\/\\\/www.edesia.al\\\/?s={search_term_string}\"},\"query-input\":{\"@type\":\"PropertyValueSpecification\",\"valueRequired\":true,\"valueName\":\"search_term_string\"}}],\"inLanguage\":\"en-US\"},{\"@type\":\"Organization\",\"@id\":\"https:\\\/\\\/www.edesia.al\\\/#organization\",\"name\":\"Edesia\",\"url\":\"https:\\\/\\\/www.edesia.al\\\/\",\"logo\":{\"@type\":\"ImageObject\",\"inLanguage\":\"en-US\",\"@id\":\"https:\\\/\\\/www.edesia.al\\\/#\\\/schema\\\/logo\\\/image\\\/\",\"url\":\"https:\\\/\\\/www.edesia.al\\\/wp-content\\\/uploads\\\/2026\\\/02\\\/Logo-Edesia-no-background.png\",\"contentUrl\":\"https:\\\/\\\/www.edesia.al\\\/wp-content\\\/uploads\\\/2026\\\/02\\\/Logo-Edesia-no-background.png\",\"width\":293,\"height\":158,\"caption\":\"Edesia\"},\"image\":{\"@id\":\"https:\\\/\\\/www.edesia.al\\\/#\\\/schema\\\/logo\\\/image\\\/\"}}]}<\/script>\n<!-- \/ Yoast SEO plugin. -->","yoast_head_json":{"title":"Vaj Esencial Eukaliptus - Edesia","robots":{"index":"index","follow":"follow","max-snippet":"max-snippet:-1","max-image-preview":"max-image-preview:large","max-video-preview":"max-video-preview:-1"},"canonical":"https:\/\/www.edesia.al\/?product=vaj-esencial-eukaliptus","og_locale":"en_US","og_type":"article","og_title":"Vaj Esencial Eukaliptus - Edesia","og_description":"Vaj Esencial Eukaliptus ( 10ml ) Vaji esencial Eukaliptus prodhohet nga gjethet e pem\u00ebve t\u00eb eukaliptit. Pema i p\u00ebrket familjes s\u00eb bim\u00ebve Myrtaceae, e cila rritet n\u00eb Australi, Tasmani dhe ishujt p\u00ebrreth. Ka m\u00eb shum\u00eb se 500 lloje eukalipi por vaji esencial nga\u00a0Eucalyptus salicifolia\u00a0dhe\u00a0Eucalyptus globulus\u00a0shfryt\u00ebzohen p\u00ebr efektet e tyre mjek\u00ebsore. Benefitet sh\u00ebndetsore t\u00eb vajit esencial[...]","og_url":"https:\/\/www.edesia.al\/?product=vaj-esencial-eukaliptus","og_site_name":"Edesia","article_modified_time":"2026-02-25T10:26:43+00:00","og_image":[{"width":593,"height":593,"url":"https:\/\/www.edesia.al\/wp-content\/uploads\/2026\/02\/eukaliptus-1.webp","type":"image\/webp"}],"twitter_card":"summary_large_image","twitter_misc":{"Est. reading time":"3 minutes"},"schema":{"@context":"https:\/\/schema.org","@graph":[{"@type":"WebPage","@id":"https:\/\/www.edesia.al\/?product=vaj-esencial-eukaliptus","url":"https:\/\/www.edesia.al\/?product=vaj-esencial-eukaliptus","name":"Vaj Esencial Eukaliptus - Edesia","isPartOf":{"@id":"https:\/\/www.edesia.al\/#website"},"primaryImageOfPage":{"@id":"https:\/\/www.edesia.al\/?product=vaj-esencial-eukaliptus#primaryimage"},"image":{"@id":"https:\/\/www.edesia.al\/?product=vaj-esencial-eukaliptus#primaryimage"},"thumbnailUrl":"https:\/\/www.edesia.al\/wp-content\/uploads\/2026\/02\/eukaliptus-1.webp","datePublished":"2026-02-16T21:07:22+00:00","dateModified":"2026-02-25T10:26:43+00:00","breadcrumb":{"@id":"https:\/\/www.edesia.al\/?product=vaj-esencial-eukaliptus#breadcrumb"},"inLanguage":"en-US","potentialAction":[{"@type":"ReadAction","target":["https:\/\/www.edesia.al\/?product=vaj-esencial-eukaliptus"]}]},{"@type":"ImageObject","inLanguage":"en-US","@id":"https:\/\/www.edesia.al\/?product=vaj-esencial-eukaliptus#primaryimage","url":"https:\/\/www.edesia.al\/wp-content\/uploads\/2026\/02\/eukaliptus-1.webp","contentUrl":"https:\/\/www.edesia.al\/wp-content\/uploads\/2026\/02\/eukaliptus-1.webp","width":593,"height":593},{"@type":"BreadcrumbList","@id":"https:\/\/www.edesia.al\/?product=vaj-esencial-eukaliptus#breadcrumb","itemListElement":[{"@type":"ListItem","position":1,"name":"Home","item":"https:\/\/www.edesia.al\/"},{"@type":"ListItem","position":2,"name":"Dyqani","item":"https:\/\/www.edesia.al\/?page_id=17"},{"@type":"ListItem","position":3,"name":"Vaj Esencial Eukaliptus"}]},{"@type":"WebSite","@id":"https:\/\/www.edesia.al\/#website","url":"https:\/\/www.edesia.al\/","name":"Edesia","description":"","publisher":{"@id":"https:\/\/www.edesia.al\/#organization"},"potentialAction":[{"@type":"SearchAction","target":{"@type":"EntryPoint","urlTemplate":"https:\/\/www.edesia.al\/?s={search_term_string}"},"query-input":{"@type":"PropertyValueSpecification","valueRequired":true,"valueName":"search_term_string"}}],"inLanguage":"en-US"},{"@type":"Organization","@id":"https:\/\/www.edesia.al\/#organization","name":"Edesia","url":"https:\/\/www.edesia.al\/","logo":{"@type":"ImageObject","inLanguage":"en-US","@id":"https:\/\/www.edesia.al\/#\/schema\/logo\/image\/","url":"https:\/\/www.edesia.al\/wp-content\/uploads\/2026\/02\/Logo-Edesia-no-background.png","contentUrl":"https:\/\/www.edesia.al\/wp-content\/uploads\/2026\/02\/Logo-Edesia-no-background.png","width":293,"height":158,"caption":"Edesia"},"image":{"@id":"https:\/\/www.edesia.al\/#\/schema\/logo\/image\/"}}]}},"_links":{"self":[{"href":"https:\/\/www.edesia.al\/index.php?rest_route=\/wp\/v2\/product\/6418","targetHints":{"allow":["GET"]}}],"collection":[{"href":"https:\/\/www.edesia.al\/index.php?rest_route=\/wp\/v2\/product"}],"about":[{"href":"https:\/\/www.edesia.al\/index.php?rest_route=\/wp\/v2\/types\/product"}],"replies":[{"embeddable":true,"href":"https:\/\/www.edesia.al\/index.php?rest_route=%2Fwp%2Fv2%2Fcomments&post=6418"}],"wp:featuredmedia":[{"embeddable":true,"href":"https:\/\/www.edesia.al\/index.php?rest_route=\/wp\/v2\/media\/6456"}],"wp:attachment":[{"href":"https:\/\/www.edesia.al\/index.php?rest_route=%2Fwp%2Fv2%2Fmedia&parent=6418"}],"wp:term":[{"taxonomy":"kategori-sipas-dietave","embeddable":true,"href":"https:\/\/www.edesia.al\/index.php?rest_route=%2Fwp%2Fv2%2Fkategori-sipas-dietave&post=6418"},{"taxonomy":"kategori-sipas-problemeve-shende","embeddable":true,"href":"https:\/\/www.edesia.al\/index.php?rest_route=%2Fwp%2Fv2%2Fkategori-sipas-problemeve-shende&post=6418"},{"taxonomy":"product_brand","embeddable":true,"href":"https:\/\/www.edesia.al\/index.php?rest_route=%2Fwp%2Fv2%2Fproduct_brand&post=6418"},{"taxonomy":"product_cat","embeddable":true,"href":"https:\/\/www.edesia.al\/index.php?rest_route=%2Fwp%2Fv2%2Fproduct_cat&post=6418"},{"taxonomy":"product_tag","embeddable":true,"href":"https:\/\/www.edesia.al\/index.php?rest_route=%2Fwp%2Fv2%2Fproduct_tag&post=6418"}],"curies":[{"name":"wp","href":"https:\/\/api.w.org\/{rel}","templated":true}]}}