{"id":6420,"date":"2026-02-16T21:07:23","date_gmt":"2026-02-16T21:07:23","guid":{"rendered":"https:\/\/www.edesia.al\/?post_type=product&#038;p=6420"},"modified":"2026-02-21T11:57:19","modified_gmt":"2026-02-21T11:57:19","slug":"vaj-esencial-limoni","status":"publish","type":"product","link":"https:\/\/www.edesia.al\/?product=vaj-esencial-limoni","title":{"rendered":"Vaj Esencial Limoni"},"content":{"rendered":"<h3>Vaj Esencial Limoni ( 10ml )<\/h3>\n<p>Limoni, i quajtur shkenc\u00ebrisht Citrus limon, \u00ebsht\u00eb nj\u00eb bim\u00eb me lule q\u00eb i p\u00ebrket familjes Rutaceae. Bim\u00ebt e limonit rriten n\u00eb shum\u00eb vende t\u00eb bot\u00ebs, megjith\u00ebse ato jan\u00eb vendase n\u00eb Azi dhe besohet se jan\u00eb sjell\u00eb n\u00eb Evrop\u00eb rreth vitit 200 pas Krishtit.<\/p>\n<p>N\u00eb Amerik\u00eb, marinar\u00ebt anglez\u00eb p\u00ebrdornin limon\u00ebt nd\u00ebrsa ishin n\u00eb det p\u00ebr t&#8217;u mbrojtur nga skorbuti dhe kushtet e shkaktuara nga infeksionet bakteriale.<\/p>\n<p>Vaji esencial i limonit vjen nga presimi n\u00eb t\u00eb ftoht\u00eb i l\u00ebkur\u00ebs s\u00eb limonit, jo e frutave t\u00eb brendshme. L\u00ebkura \u00ebsht\u00eb n\u00eb fakt pjesa m\u00eb e pasur me l\u00ebnd\u00eb ushqyese e limonit p\u00ebr shkak t\u00eb fitonutrient\u00ebve t\u00eb tij t\u00eb tretsh\u00ebm n\u00eb yndyr\u00eb.<\/p>\n<h4>Benefitet sh\u00ebndetsore t\u00eb vajit esencial t\u00eb limonit:<\/h4>\n<ul>\n<li>Leht\u00ebson t\u00eb vjellat n\u00eb m\u00ebnyr\u00eb t\u00eb ve\u00e7ant\u00eb \u00a0n\u00ebse jeni shtatz\u00ebn\u00eb dhe keni t\u00eb vjella n\u00eb m\u00ebngjes, vaji esencial i limonit sh\u00ebrben si nj\u00eb ila\u00e7 natyral dhe efektiv.<\/li>\n<li>Ndihmon n\u00eb qet\u00ebsimin e problemeve t\u00eb tretjes, duke p\u00ebrfshir\u00eb \u00e7\u00ebshtje si gastriti dhe kapsll\u00ebku.<\/li>\n<li>Trajton problemet me l\u00ebkur\u00ebn. Hidraton dhe ushqen l\u00ebkur\u00ebn, riparon njollat nga aknet apo d\u00ebmtimet si dhe qet\u00ebson aknet e inflamuara.<\/li>\n<li>Ndihmon n\u00eb mbrojtjen e trupit kund\u00ebr patogjen\u00ebve t\u00eb d\u00ebmsh\u00ebm dhe promovon detoksifikimin p\u00ebrmes gjakut dhe m\u00ebl\u00e7is\u00eb. Vaji i limonit gjithashtu stimulon kullimin limfatik. Kjo ndihmon trupin t\u00eb pastrohet nga mbeturinat dhe toksinat.<\/li>\n<li>Promovon humbjen n\u00eb pesh\u00eb.<\/li>\n<li>Ka veti antibakteriale, antioksidante dhe anti-inflamatore, k\u00ebshtu q\u00eb ndihmon n\u00eb rritjen e sistemit\u00a0 imunitar dhe luftimin e s\u00ebmundjeve t\u00eb frym\u00ebmarrjes. Ai gjithashtu sh\u00ebrben si nj\u00eb nga vajrat thelb\u00ebsor\u00eb kryesor\u00eb p\u00ebr alergjit\u00eb.<\/li>\n<li>Funksionon si nj\u00eb agjent natyral antimikrobik p\u00ebr shkak t\u00eb dy p\u00ebrb\u00ebrjeve dominuese q\u00eb gjenden n\u00eb vaj, limonenit dhe b-pinenit.<\/li>\n<li>Studimet\u00a0 tregojn\u00eb se limoneni, p\u00ebrb\u00ebr\u00ebsi kryesor i vajit esencial t\u00eb limonit, ka efekte antitumorale dhe kimioterapeutike.<\/li>\n<\/ul>\n<h4>P\u00ebrdorimi:<\/h4>\n<p>P\u00ebrdoret si aromatherapy p\u00ebr ta marr\u00eb nd\u00ebrmjet rrug\u00ebve t\u00eb frym\u00ebmarrjes. Gjithashtu mund t\u00eb b\u00ebhet pjese e maskave t\u00eb ndryshme p\u00ebr l\u00ebkur\u00eb dhe flok\u00eb.<\/p>\n<h4>Kujdes:<\/h4>\n<p>Mos e p\u00ebrdorni asnj\u00ebher\u00eb direkt n\u00eb l\u00ebkur\u00eb, gjithmon\u00eb i holluar me ndonj\u00eb vaj tjet\u00ebr.<\/p>\n","protected":false},"excerpt":{"rendered":"<p>Vaj Esencial Limoni ( 10ml ) Limoni, i quajtur shkenc\u00ebrisht Citrus limon, \u00ebsht\u00eb nj\u00eb bim\u00eb me lule q\u00eb i p\u00ebrket familjes Rutaceae. Bim\u00ebt e limonit rriten n\u00eb shum\u00eb vende t\u00eb bot\u00ebs, megjith\u00ebse ato jan\u00eb vendase n\u00eb Azi dhe besohet se jan\u00eb sjell\u00eb n\u00eb Evrop\u00eb rreth vitit 200 pas Krishtit. N\u00eb Amerik\u00eb, marinar\u00ebt anglez\u00eb p\u00ebrdornin limon\u00ebt[&#8230;]<\/p>\n","protected":false},"featured_media":6487,"comment_status":"open","ping_status":"closed","template":"","meta":{"_acf_changed":false,"inline_featured_image":false},"kategori-sipas-dietave":[],"kategori-sipas-problemeve-shende":[],"product_brand":[35],"product_cat":[44,45],"product_tag":[],"class_list":{"0":"post-6420","1":"product","2":"type-product","3":"status-publish","4":"has-post-thumbnail","6":"product_brand-sonnentor-sh-p-k","7":"product_cat-shtepi-stil-jetese","8":"product_cat-vajra-esenciale","10":"first","11":"instock","12":"taxable","13":"shipping-taxable","14":"purchasable","15":"product-type-simple"},"acf":[],"yoast_head":"<!-- This site is optimized with the Yoast SEO plugin v27.4 - https:\/\/yoast.com\/product\/yoast-seo-wordpress\/ -->\n<title>Vaj Esencial Limoni - Edesia<\/title>\n<meta name=\"robots\" content=\"index, follow, max-snippet:-1, max-image-preview:large, max-video-preview:-1\" \/>\n<link rel=\"canonical\" href=\"https:\/\/www.edesia.al\/?product=vaj-esencial-limoni\" \/>\n<meta property=\"og:locale\" content=\"en_US\" \/>\n<meta property=\"og:type\" content=\"article\" \/>\n<meta property=\"og:title\" content=\"Vaj Esencial Limoni - Edesia\" \/>\n<meta property=\"og:description\" content=\"Vaj Esencial Limoni ( 10ml ) Limoni, i quajtur shkenc\u00ebrisht Citrus limon, \u00ebsht\u00eb nj\u00eb bim\u00eb me lule q\u00eb i p\u00ebrket familjes Rutaceae. Bim\u00ebt e limonit rriten n\u00eb shum\u00eb vende t\u00eb bot\u00ebs, megjith\u00ebse ato jan\u00eb vendase n\u00eb Azi dhe besohet se jan\u00eb sjell\u00eb n\u00eb Evrop\u00eb rreth vitit 200 pas Krishtit. N\u00eb Amerik\u00eb, marinar\u00ebt anglez\u00eb p\u00ebrdornin limon\u00ebt[...]\" \/>\n<meta property=\"og:url\" content=\"https:\/\/www.edesia.al\/?product=vaj-esencial-limoni\" \/>\n<meta property=\"og:site_name\" content=\"Edesia\" \/>\n<meta property=\"article:modified_time\" content=\"2026-02-21T11:57:19+00:00\" \/>\n<meta property=\"og:image\" content=\"https:\/\/www.edesia.al\/wp-content\/uploads\/2026\/02\/Zitrone-1.webp\" \/>\n\t<meta property=\"og:image:width\" content=\"593\" \/>\n\t<meta property=\"og:image:height\" content=\"593\" \/>\n\t<meta property=\"og:image:type\" content=\"image\/webp\" \/>\n<meta name=\"twitter:card\" content=\"summary_large_image\" \/>\n<meta name=\"twitter:label1\" content=\"Est. reading time\" \/>\n\t<meta name=\"twitter:data1\" content=\"2 minutes\" \/>\n<script type=\"application\/ld+json\" class=\"yoast-schema-graph\">{\"@context\":\"https:\\\/\\\/schema.org\",\"@graph\":[{\"@type\":\"WebPage\",\"@id\":\"https:\\\/\\\/www.edesia.al\\\/?product=vaj-esencial-limoni\",\"url\":\"https:\\\/\\\/www.edesia.al\\\/?product=vaj-esencial-limoni\",\"name\":\"Vaj Esencial Limoni - Edesia\",\"isPartOf\":{\"@id\":\"https:\\\/\\\/www.edesia.al\\\/#website\"},\"primaryImageOfPage\":{\"@id\":\"https:\\\/\\\/www.edesia.al\\\/?product=vaj-esencial-limoni#primaryimage\"},\"image\":{\"@id\":\"https:\\\/\\\/www.edesia.al\\\/?product=vaj-esencial-limoni#primaryimage\"},\"thumbnailUrl\":\"https:\\\/\\\/www.edesia.al\\\/wp-content\\\/uploads\\\/2026\\\/02\\\/Zitrone-1.webp\",\"datePublished\":\"2026-02-16T21:07:23+00:00\",\"dateModified\":\"2026-02-21T11:57:19+00:00\",\"breadcrumb\":{\"@id\":\"https:\\\/\\\/www.edesia.al\\\/?product=vaj-esencial-limoni#breadcrumb\"},\"inLanguage\":\"en-US\",\"potentialAction\":[{\"@type\":\"ReadAction\",\"target\":[\"https:\\\/\\\/www.edesia.al\\\/?product=vaj-esencial-limoni\"]}]},{\"@type\":\"ImageObject\",\"inLanguage\":\"en-US\",\"@id\":\"https:\\\/\\\/www.edesia.al\\\/?product=vaj-esencial-limoni#primaryimage\",\"url\":\"https:\\\/\\\/www.edesia.al\\\/wp-content\\\/uploads\\\/2026\\\/02\\\/Zitrone-1.webp\",\"contentUrl\":\"https:\\\/\\\/www.edesia.al\\\/wp-content\\\/uploads\\\/2026\\\/02\\\/Zitrone-1.webp\",\"width\":593,\"height\":593},{\"@type\":\"BreadcrumbList\",\"@id\":\"https:\\\/\\\/www.edesia.al\\\/?product=vaj-esencial-limoni#breadcrumb\",\"itemListElement\":[{\"@type\":\"ListItem\",\"position\":1,\"name\":\"Home\",\"item\":\"https:\\\/\\\/www.edesia.al\\\/\"},{\"@type\":\"ListItem\",\"position\":2,\"name\":\"Dyqani\",\"item\":\"https:\\\/\\\/www.edesia.al\\\/?page_id=17\"},{\"@type\":\"ListItem\",\"position\":3,\"name\":\"Vaj Esencial Limoni\"}]},{\"@type\":\"WebSite\",\"@id\":\"https:\\\/\\\/www.edesia.al\\\/#website\",\"url\":\"https:\\\/\\\/www.edesia.al\\\/\",\"name\":\"Edesia\",\"description\":\"\",\"publisher\":{\"@id\":\"https:\\\/\\\/www.edesia.al\\\/#organization\"},\"potentialAction\":[{\"@type\":\"SearchAction\",\"target\":{\"@type\":\"EntryPoint\",\"urlTemplate\":\"https:\\\/\\\/www.edesia.al\\\/?s={search_term_string}\"},\"query-input\":{\"@type\":\"PropertyValueSpecification\",\"valueRequired\":true,\"valueName\":\"search_term_string\"}}],\"inLanguage\":\"en-US\"},{\"@type\":\"Organization\",\"@id\":\"https:\\\/\\\/www.edesia.al\\\/#organization\",\"name\":\"Edesia\",\"url\":\"https:\\\/\\\/www.edesia.al\\\/\",\"logo\":{\"@type\":\"ImageObject\",\"inLanguage\":\"en-US\",\"@id\":\"https:\\\/\\\/www.edesia.al\\\/#\\\/schema\\\/logo\\\/image\\\/\",\"url\":\"https:\\\/\\\/www.edesia.al\\\/wp-content\\\/uploads\\\/2026\\\/02\\\/Logo-Edesia-no-background.png\",\"contentUrl\":\"https:\\\/\\\/www.edesia.al\\\/wp-content\\\/uploads\\\/2026\\\/02\\\/Logo-Edesia-no-background.png\",\"width\":293,\"height\":158,\"caption\":\"Edesia\"},\"image\":{\"@id\":\"https:\\\/\\\/www.edesia.al\\\/#\\\/schema\\\/logo\\\/image\\\/\"}}]}<\/script>\n<!-- \/ Yoast SEO plugin. -->","yoast_head_json":{"title":"Vaj Esencial Limoni - Edesia","robots":{"index":"index","follow":"follow","max-snippet":"max-snippet:-1","max-image-preview":"max-image-preview:large","max-video-preview":"max-video-preview:-1"},"canonical":"https:\/\/www.edesia.al\/?product=vaj-esencial-limoni","og_locale":"en_US","og_type":"article","og_title":"Vaj Esencial Limoni - Edesia","og_description":"Vaj Esencial Limoni ( 10ml ) Limoni, i quajtur shkenc\u00ebrisht Citrus limon, \u00ebsht\u00eb nj\u00eb bim\u00eb me lule q\u00eb i p\u00ebrket familjes Rutaceae. Bim\u00ebt e limonit rriten n\u00eb shum\u00eb vende t\u00eb bot\u00ebs, megjith\u00ebse ato jan\u00eb vendase n\u00eb Azi dhe besohet se jan\u00eb sjell\u00eb n\u00eb Evrop\u00eb rreth vitit 200 pas Krishtit. N\u00eb Amerik\u00eb, marinar\u00ebt anglez\u00eb p\u00ebrdornin limon\u00ebt[...]","og_url":"https:\/\/www.edesia.al\/?product=vaj-esencial-limoni","og_site_name":"Edesia","article_modified_time":"2026-02-21T11:57:19+00:00","og_image":[{"width":593,"height":593,"url":"https:\/\/www.edesia.al\/wp-content\/uploads\/2026\/02\/Zitrone-1.webp","type":"image\/webp"}],"twitter_card":"summary_large_image","twitter_misc":{"Est. reading time":"2 minutes"},"schema":{"@context":"https:\/\/schema.org","@graph":[{"@type":"WebPage","@id":"https:\/\/www.edesia.al\/?product=vaj-esencial-limoni","url":"https:\/\/www.edesia.al\/?product=vaj-esencial-limoni","name":"Vaj Esencial Limoni - Edesia","isPartOf":{"@id":"https:\/\/www.edesia.al\/#website"},"primaryImageOfPage":{"@id":"https:\/\/www.edesia.al\/?product=vaj-esencial-limoni#primaryimage"},"image":{"@id":"https:\/\/www.edesia.al\/?product=vaj-esencial-limoni#primaryimage"},"thumbnailUrl":"https:\/\/www.edesia.al\/wp-content\/uploads\/2026\/02\/Zitrone-1.webp","datePublished":"2026-02-16T21:07:23+00:00","dateModified":"2026-02-21T11:57:19+00:00","breadcrumb":{"@id":"https:\/\/www.edesia.al\/?product=vaj-esencial-limoni#breadcrumb"},"inLanguage":"en-US","potentialAction":[{"@type":"ReadAction","target":["https:\/\/www.edesia.al\/?product=vaj-esencial-limoni"]}]},{"@type":"ImageObject","inLanguage":"en-US","@id":"https:\/\/www.edesia.al\/?product=vaj-esencial-limoni#primaryimage","url":"https:\/\/www.edesia.al\/wp-content\/uploads\/2026\/02\/Zitrone-1.webp","contentUrl":"https:\/\/www.edesia.al\/wp-content\/uploads\/2026\/02\/Zitrone-1.webp","width":593,"height":593},{"@type":"BreadcrumbList","@id":"https:\/\/www.edesia.al\/?product=vaj-esencial-limoni#breadcrumb","itemListElement":[{"@type":"ListItem","position":1,"name":"Home","item":"https:\/\/www.edesia.al\/"},{"@type":"ListItem","position":2,"name":"Dyqani","item":"https:\/\/www.edesia.al\/?page_id=17"},{"@type":"ListItem","position":3,"name":"Vaj Esencial Limoni"}]},{"@type":"WebSite","@id":"https:\/\/www.edesia.al\/#website","url":"https:\/\/www.edesia.al\/","name":"Edesia","description":"","publisher":{"@id":"https:\/\/www.edesia.al\/#organization"},"potentialAction":[{"@type":"SearchAction","target":{"@type":"EntryPoint","urlTemplate":"https:\/\/www.edesia.al\/?s={search_term_string}"},"query-input":{"@type":"PropertyValueSpecification","valueRequired":true,"valueName":"search_term_string"}}],"inLanguage":"en-US"},{"@type":"Organization","@id":"https:\/\/www.edesia.al\/#organization","name":"Edesia","url":"https:\/\/www.edesia.al\/","logo":{"@type":"ImageObject","inLanguage":"en-US","@id":"https:\/\/www.edesia.al\/#\/schema\/logo\/image\/","url":"https:\/\/www.edesia.al\/wp-content\/uploads\/2026\/02\/Logo-Edesia-no-background.png","contentUrl":"https:\/\/www.edesia.al\/wp-content\/uploads\/2026\/02\/Logo-Edesia-no-background.png","width":293,"height":158,"caption":"Edesia"},"image":{"@id":"https:\/\/www.edesia.al\/#\/schema\/logo\/image\/"}}]}},"_links":{"self":[{"href":"https:\/\/www.edesia.al\/index.php?rest_route=\/wp\/v2\/product\/6420","targetHints":{"allow":["GET"]}}],"collection":[{"href":"https:\/\/www.edesia.al\/index.php?rest_route=\/wp\/v2\/product"}],"about":[{"href":"https:\/\/www.edesia.al\/index.php?rest_route=\/wp\/v2\/types\/product"}],"replies":[{"embeddable":true,"href":"https:\/\/www.edesia.al\/index.php?rest_route=%2Fwp%2Fv2%2Fcomments&post=6420"}],"wp:featuredmedia":[{"embeddable":true,"href":"https:\/\/www.edesia.al\/index.php?rest_route=\/wp\/v2\/media\/6487"}],"wp:attachment":[{"href":"https:\/\/www.edesia.al\/index.php?rest_route=%2Fwp%2Fv2%2Fmedia&parent=6420"}],"wp:term":[{"taxonomy":"kategori-sipas-dietave","embeddable":true,"href":"https:\/\/www.edesia.al\/index.php?rest_route=%2Fwp%2Fv2%2Fkategori-sipas-dietave&post=6420"},{"taxonomy":"kategori-sipas-problemeve-shende","embeddable":true,"href":"https:\/\/www.edesia.al\/index.php?rest_route=%2Fwp%2Fv2%2Fkategori-sipas-problemeve-shende&post=6420"},{"taxonomy":"product_brand","embeddable":true,"href":"https:\/\/www.edesia.al\/index.php?rest_route=%2Fwp%2Fv2%2Fproduct_brand&post=6420"},{"taxonomy":"product_cat","embeddable":true,"href":"https:\/\/www.edesia.al\/index.php?rest_route=%2Fwp%2Fv2%2Fproduct_cat&post=6420"},{"taxonomy":"product_tag","embeddable":true,"href":"https:\/\/www.edesia.al\/index.php?rest_route=%2Fwp%2Fv2%2Fproduct_tag&post=6420"}],"curies":[{"name":"wp","href":"https:\/\/api.w.org\/{rel}","templated":true}]}}