{"id":6465,"date":"2026-02-16T21:07:44","date_gmt":"2026-02-16T21:07:44","guid":{"rendered":"https:\/\/www.edesia.al\/?post_type=product&#038;p=6465"},"modified":"2026-02-21T11:58:08","modified_gmt":"2026-02-21T11:58:08","slug":"zbutes-rrobash-bebe","status":"publish","type":"product","link":"https:\/\/www.edesia.al\/?product=zbutes-rrobash-bebe","title":{"rendered":"Zbut\u00ebs Rrobash Bebe"},"content":{"rendered":"<h3>Zbut\u00ebs Rrobash Bebe ( 750ml\/30 larje)<\/h3>\n<p>Zbut\u00ebs delikat p\u00ebr rrobat e f\u00ebmij\u00ebve, i l\u00eb rrobat t\u00eb but\u00eb, me arom\u00eb t\u00eb leht\u00eb dhe t\u00eb k\u00ebndshme.<\/p>\n<p>I p\u00ebrshtatsh\u00ebm p\u00ebr t\u00eb gjitha llojet e copave, p\u00ebrve\u00e7 leshit dhe m\u00ebndafshit.<\/p>\n<p>P\u00ebrb\u00ebrja me ekstrakte t\u00eb kamomilit \u00ebsht\u00eb delikat me rrobat dhe miq\u00ebsor me l\u00ebkur\u00ebn e t\u00eb vegj\u00eblve tan\u00eb.<\/p>\n<p>Nuk irriton l\u00ebkur\u00ebn. Projektuar posa\u00e7\u00ebrisht p\u00ebr f\u00ebmij\u00ebt e mosh\u00ebs 0+, si dhe p\u00ebr njer\u00ebzit me l\u00ebkur\u00eb t\u00eb ndjeshme dhe alergjike.<\/p>\n<p>Formula hipoalergjike, pa ngjyrues. E testuar nga dermatolog\u00eb.<\/p>\n<h4>P\u00ebrdorimi:<\/h4>\n<p>Hidhni sipas sasis\u00eb s\u00eb rrobave zbut\u00ebsin tek vendi i p\u00ebrcaktuar n\u00eb makin\u00ebn lar\u00ebse.<\/p>\n<p><img decoding=\"async\" class=\" lazyload product-img img-fluid\" src=\"data:image\/gif;base64,R0lGODlhAQABAAAAACH5BAEKAAEALAAAAAABAAEAAAICTAEAOw==\" data-src=\"https:\/\/www.frosch.eco\/Content\/Certificates\/ru\/original-german-quality.png\" alt=\"Pictogram Original German Quality flag\" width=\"150\" height=\"150\" \/> <img decoding=\"async\" class=\" lazyload product-img img-fluid\" src=\"data:image\/gif;base64,R0lGODlhAQABAAAAACH5BAEKAAEALAAAAAABAAEAAAICTAEAOw==\" data-src=\"https:\/\/www.frosch.eco\/Content\/Certificates\/ru\/certificate_RUS-allergyfriendly-without-colorantes_90x90.png\" alt=\"Pictogram hypoallergenic, free from colorants. Usable as of the baby\u2019s first day\" width=\"150\" height=\"150\" \/><\/p>\n","protected":false},"excerpt":{"rendered":"<p>Zbut\u00ebs Rrobash Bebe ( 750ml\/30 larje) Zbut\u00ebs delikat p\u00ebr rrobat e f\u00ebmij\u00ebve, i l\u00eb rrobat t\u00eb but\u00eb, me arom\u00eb t\u00eb leht\u00eb dhe t\u00eb k\u00ebndshme. I p\u00ebrshtatsh\u00ebm p\u00ebr t\u00eb gjitha llojet e copave, p\u00ebrve\u00e7 leshit dhe m\u00ebndafshit. P\u00ebrb\u00ebrja me ekstrakte t\u00eb kamomilit \u00ebsht\u00eb delikat me rrobat dhe miq\u00ebsor me l\u00ebkur\u00ebn e t\u00eb vegj\u00eblve tan\u00eb. Nuk irriton[&#8230;]<\/p>\n","protected":false},"featured_media":6495,"comment_status":"open","ping_status":"closed","template":"","meta":{"_acf_changed":false,"inline_featured_image":false},"kategori-sipas-dietave":[],"kategori-sipas-problemeve-shende":[],"product_brand":[],"product_cat":[22,44],"product_tag":[],"class_list":{"0":"post-6465","1":"product","2":"type-product","3":"status-publish","4":"has-post-thumbnail","6":"product_cat-detergjente-bio-eko","7":"product_cat-shtepi-stil-jetese","9":"first","10":"instock","11":"taxable","12":"shipping-taxable","13":"purchasable","14":"product-type-simple"},"acf":[],"yoast_head":"<!-- This site is optimized with the Yoast SEO plugin v27.4 - https:\/\/yoast.com\/product\/yoast-seo-wordpress\/ -->\n<title>Zbut\u00ebs Rrobash Bebe - Edesia<\/title>\n<meta name=\"robots\" content=\"index, follow, max-snippet:-1, max-image-preview:large, max-video-preview:-1\" \/>\n<link rel=\"canonical\" href=\"https:\/\/www.edesia.al\/?product=zbutes-rrobash-bebe\" \/>\n<meta property=\"og:locale\" content=\"en_US\" \/>\n<meta property=\"og:type\" content=\"article\" \/>\n<meta property=\"og:title\" content=\"Zbut\u00ebs Rrobash Bebe - Edesia\" \/>\n<meta property=\"og:description\" content=\"Zbut\u00ebs Rrobash Bebe ( 750ml\/30 larje) Zbut\u00ebs delikat p\u00ebr rrobat e f\u00ebmij\u00ebve, i l\u00eb rrobat t\u00eb but\u00eb, me arom\u00eb t\u00eb leht\u00eb dhe t\u00eb k\u00ebndshme. I p\u00ebrshtatsh\u00ebm p\u00ebr t\u00eb gjitha llojet e copave, p\u00ebrve\u00e7 leshit dhe m\u00ebndafshit. P\u00ebrb\u00ebrja me ekstrakte t\u00eb kamomilit \u00ebsht\u00eb delikat me rrobat dhe miq\u00ebsor me l\u00ebkur\u00ebn e t\u00eb vegj\u00eblve tan\u00eb. Nuk irriton[...]\" \/>\n<meta property=\"og:url\" content=\"https:\/\/www.edesia.al\/?product=zbutes-rrobash-bebe\" \/>\n<meta property=\"og:site_name\" content=\"Edesia\" \/>\n<meta property=\"article:modified_time\" content=\"2026-02-21T11:58:08+00:00\" \/>\n<meta property=\"og:image\" content=\"https:\/\/www.edesia.al\/wp-content\/uploads\/2026\/02\/Baby-softener-750ml-1.png\" \/>\n\t<meta property=\"og:image:width\" content=\"593\" \/>\n\t<meta property=\"og:image:height\" content=\"593\" \/>\n\t<meta property=\"og:image:type\" content=\"image\/png\" \/>\n<meta name=\"twitter:card\" content=\"summary_large_image\" \/>\n<meta name=\"twitter:label1\" content=\"Est. reading time\" \/>\n\t<meta name=\"twitter:data1\" content=\"1 minute\" \/>\n<script type=\"application\/ld+json\" class=\"yoast-schema-graph\">{\"@context\":\"https:\\\/\\\/schema.org\",\"@graph\":[{\"@type\":\"WebPage\",\"@id\":\"https:\\\/\\\/www.edesia.al\\\/?product=zbutes-rrobash-bebe\",\"url\":\"https:\\\/\\\/www.edesia.al\\\/?product=zbutes-rrobash-bebe\",\"name\":\"Zbut\u00ebs Rrobash Bebe - Edesia\",\"isPartOf\":{\"@id\":\"https:\\\/\\\/www.edesia.al\\\/#website\"},\"primaryImageOfPage\":{\"@id\":\"https:\\\/\\\/www.edesia.al\\\/?product=zbutes-rrobash-bebe#primaryimage\"},\"image\":{\"@id\":\"https:\\\/\\\/www.edesia.al\\\/?product=zbutes-rrobash-bebe#primaryimage\"},\"thumbnailUrl\":\"https:\\\/\\\/www.edesia.al\\\/wp-content\\\/uploads\\\/2026\\\/02\\\/Baby-softener-750ml-1.png\",\"datePublished\":\"2026-02-16T21:07:44+00:00\",\"dateModified\":\"2026-02-21T11:58:08+00:00\",\"breadcrumb\":{\"@id\":\"https:\\\/\\\/www.edesia.al\\\/?product=zbutes-rrobash-bebe#breadcrumb\"},\"inLanguage\":\"en-US\",\"potentialAction\":[{\"@type\":\"ReadAction\",\"target\":[\"https:\\\/\\\/www.edesia.al\\\/?product=zbutes-rrobash-bebe\"]}]},{\"@type\":\"ImageObject\",\"inLanguage\":\"en-US\",\"@id\":\"https:\\\/\\\/www.edesia.al\\\/?product=zbutes-rrobash-bebe#primaryimage\",\"url\":\"https:\\\/\\\/www.edesia.al\\\/wp-content\\\/uploads\\\/2026\\\/02\\\/Baby-softener-750ml-1.png\",\"contentUrl\":\"https:\\\/\\\/www.edesia.al\\\/wp-content\\\/uploads\\\/2026\\\/02\\\/Baby-softener-750ml-1.png\",\"width\":593,\"height\":593},{\"@type\":\"BreadcrumbList\",\"@id\":\"https:\\\/\\\/www.edesia.al\\\/?product=zbutes-rrobash-bebe#breadcrumb\",\"itemListElement\":[{\"@type\":\"ListItem\",\"position\":1,\"name\":\"Home\",\"item\":\"https:\\\/\\\/www.edesia.al\\\/\"},{\"@type\":\"ListItem\",\"position\":2,\"name\":\"Dyqani\",\"item\":\"https:\\\/\\\/www.edesia.al\\\/?page_id=17\"},{\"@type\":\"ListItem\",\"position\":3,\"name\":\"Zbut\u00ebs Rrobash Bebe\"}]},{\"@type\":\"WebSite\",\"@id\":\"https:\\\/\\\/www.edesia.al\\\/#website\",\"url\":\"https:\\\/\\\/www.edesia.al\\\/\",\"name\":\"Edesia\",\"description\":\"\",\"publisher\":{\"@id\":\"https:\\\/\\\/www.edesia.al\\\/#organization\"},\"potentialAction\":[{\"@type\":\"SearchAction\",\"target\":{\"@type\":\"EntryPoint\",\"urlTemplate\":\"https:\\\/\\\/www.edesia.al\\\/?s={search_term_string}\"},\"query-input\":{\"@type\":\"PropertyValueSpecification\",\"valueRequired\":true,\"valueName\":\"search_term_string\"}}],\"inLanguage\":\"en-US\"},{\"@type\":\"Organization\",\"@id\":\"https:\\\/\\\/www.edesia.al\\\/#organization\",\"name\":\"Edesia\",\"url\":\"https:\\\/\\\/www.edesia.al\\\/\",\"logo\":{\"@type\":\"ImageObject\",\"inLanguage\":\"en-US\",\"@id\":\"https:\\\/\\\/www.edesia.al\\\/#\\\/schema\\\/logo\\\/image\\\/\",\"url\":\"https:\\\/\\\/www.edesia.al\\\/wp-content\\\/uploads\\\/2026\\\/02\\\/Logo-Edesia-no-background.png\",\"contentUrl\":\"https:\\\/\\\/www.edesia.al\\\/wp-content\\\/uploads\\\/2026\\\/02\\\/Logo-Edesia-no-background.png\",\"width\":293,\"height\":158,\"caption\":\"Edesia\"},\"image\":{\"@id\":\"https:\\\/\\\/www.edesia.al\\\/#\\\/schema\\\/logo\\\/image\\\/\"}}]}<\/script>\n<!-- \/ Yoast SEO plugin. -->","yoast_head_json":{"title":"Zbut\u00ebs Rrobash Bebe - Edesia","robots":{"index":"index","follow":"follow","max-snippet":"max-snippet:-1","max-image-preview":"max-image-preview:large","max-video-preview":"max-video-preview:-1"},"canonical":"https:\/\/www.edesia.al\/?product=zbutes-rrobash-bebe","og_locale":"en_US","og_type":"article","og_title":"Zbut\u00ebs Rrobash Bebe - Edesia","og_description":"Zbut\u00ebs Rrobash Bebe ( 750ml\/30 larje) Zbut\u00ebs delikat p\u00ebr rrobat e f\u00ebmij\u00ebve, i l\u00eb rrobat t\u00eb but\u00eb, me arom\u00eb t\u00eb leht\u00eb dhe t\u00eb k\u00ebndshme. I p\u00ebrshtatsh\u00ebm p\u00ebr t\u00eb gjitha llojet e copave, p\u00ebrve\u00e7 leshit dhe m\u00ebndafshit. P\u00ebrb\u00ebrja me ekstrakte t\u00eb kamomilit \u00ebsht\u00eb delikat me rrobat dhe miq\u00ebsor me l\u00ebkur\u00ebn e t\u00eb vegj\u00eblve tan\u00eb. Nuk irriton[...]","og_url":"https:\/\/www.edesia.al\/?product=zbutes-rrobash-bebe","og_site_name":"Edesia","article_modified_time":"2026-02-21T11:58:08+00:00","og_image":[{"width":593,"height":593,"url":"https:\/\/www.edesia.al\/wp-content\/uploads\/2026\/02\/Baby-softener-750ml-1.png","type":"image\/png"}],"twitter_card":"summary_large_image","twitter_misc":{"Est. reading time":"1 minute"},"schema":{"@context":"https:\/\/schema.org","@graph":[{"@type":"WebPage","@id":"https:\/\/www.edesia.al\/?product=zbutes-rrobash-bebe","url":"https:\/\/www.edesia.al\/?product=zbutes-rrobash-bebe","name":"Zbut\u00ebs Rrobash Bebe - Edesia","isPartOf":{"@id":"https:\/\/www.edesia.al\/#website"},"primaryImageOfPage":{"@id":"https:\/\/www.edesia.al\/?product=zbutes-rrobash-bebe#primaryimage"},"image":{"@id":"https:\/\/www.edesia.al\/?product=zbutes-rrobash-bebe#primaryimage"},"thumbnailUrl":"https:\/\/www.edesia.al\/wp-content\/uploads\/2026\/02\/Baby-softener-750ml-1.png","datePublished":"2026-02-16T21:07:44+00:00","dateModified":"2026-02-21T11:58:08+00:00","breadcrumb":{"@id":"https:\/\/www.edesia.al\/?product=zbutes-rrobash-bebe#breadcrumb"},"inLanguage":"en-US","potentialAction":[{"@type":"ReadAction","target":["https:\/\/www.edesia.al\/?product=zbutes-rrobash-bebe"]}]},{"@type":"ImageObject","inLanguage":"en-US","@id":"https:\/\/www.edesia.al\/?product=zbutes-rrobash-bebe#primaryimage","url":"https:\/\/www.edesia.al\/wp-content\/uploads\/2026\/02\/Baby-softener-750ml-1.png","contentUrl":"https:\/\/www.edesia.al\/wp-content\/uploads\/2026\/02\/Baby-softener-750ml-1.png","width":593,"height":593},{"@type":"BreadcrumbList","@id":"https:\/\/www.edesia.al\/?product=zbutes-rrobash-bebe#breadcrumb","itemListElement":[{"@type":"ListItem","position":1,"name":"Home","item":"https:\/\/www.edesia.al\/"},{"@type":"ListItem","position":2,"name":"Dyqani","item":"https:\/\/www.edesia.al\/?page_id=17"},{"@type":"ListItem","position":3,"name":"Zbut\u00ebs Rrobash Bebe"}]},{"@type":"WebSite","@id":"https:\/\/www.edesia.al\/#website","url":"https:\/\/www.edesia.al\/","name":"Edesia","description":"","publisher":{"@id":"https:\/\/www.edesia.al\/#organization"},"potentialAction":[{"@type":"SearchAction","target":{"@type":"EntryPoint","urlTemplate":"https:\/\/www.edesia.al\/?s={search_term_string}"},"query-input":{"@type":"PropertyValueSpecification","valueRequired":true,"valueName":"search_term_string"}}],"inLanguage":"en-US"},{"@type":"Organization","@id":"https:\/\/www.edesia.al\/#organization","name":"Edesia","url":"https:\/\/www.edesia.al\/","logo":{"@type":"ImageObject","inLanguage":"en-US","@id":"https:\/\/www.edesia.al\/#\/schema\/logo\/image\/","url":"https:\/\/www.edesia.al\/wp-content\/uploads\/2026\/02\/Logo-Edesia-no-background.png","contentUrl":"https:\/\/www.edesia.al\/wp-content\/uploads\/2026\/02\/Logo-Edesia-no-background.png","width":293,"height":158,"caption":"Edesia"},"image":{"@id":"https:\/\/www.edesia.al\/#\/schema\/logo\/image\/"}}]}},"_links":{"self":[{"href":"https:\/\/www.edesia.al\/index.php?rest_route=\/wp\/v2\/product\/6465","targetHints":{"allow":["GET"]}}],"collection":[{"href":"https:\/\/www.edesia.al\/index.php?rest_route=\/wp\/v2\/product"}],"about":[{"href":"https:\/\/www.edesia.al\/index.php?rest_route=\/wp\/v2\/types\/product"}],"replies":[{"embeddable":true,"href":"https:\/\/www.edesia.al\/index.php?rest_route=%2Fwp%2Fv2%2Fcomments&post=6465"}],"wp:featuredmedia":[{"embeddable":true,"href":"https:\/\/www.edesia.al\/index.php?rest_route=\/wp\/v2\/media\/6495"}],"wp:attachment":[{"href":"https:\/\/www.edesia.al\/index.php?rest_route=%2Fwp%2Fv2%2Fmedia&parent=6465"}],"wp:term":[{"taxonomy":"kategori-sipas-dietave","embeddable":true,"href":"https:\/\/www.edesia.al\/index.php?rest_route=%2Fwp%2Fv2%2Fkategori-sipas-dietave&post=6465"},{"taxonomy":"kategori-sipas-problemeve-shende","embeddable":true,"href":"https:\/\/www.edesia.al\/index.php?rest_route=%2Fwp%2Fv2%2Fkategori-sipas-problemeve-shende&post=6465"},{"taxonomy":"product_brand","embeddable":true,"href":"https:\/\/www.edesia.al\/index.php?rest_route=%2Fwp%2Fv2%2Fproduct_brand&post=6465"},{"taxonomy":"product_cat","embeddable":true,"href":"https:\/\/www.edesia.al\/index.php?rest_route=%2Fwp%2Fv2%2Fproduct_cat&post=6465"},{"taxonomy":"product_tag","embeddable":true,"href":"https:\/\/www.edesia.al\/index.php?rest_route=%2Fwp%2Fv2%2Fproduct_tag&post=6465"}],"curies":[{"name":"wp","href":"https:\/\/api.w.org\/{rel}","templated":true}]}}