{"id":6532,"date":"2026-02-16T21:08:11","date_gmt":"2026-02-16T21:08:11","guid":{"rendered":"https:\/\/www.edesia.al\/?post_type=product&#038;p=6532"},"modified":"2026-02-21T12:07:19","modified_gmt":"2026-02-21T12:07:19","slug":"kanelle-cejlon-shkop","status":"publish","type":"product","link":"https:\/\/www.edesia.al\/?product=kanelle-cejlon-shkop","title":{"rendered":"Kanell\u00eb Cejlon Shkop"},"content":{"rendered":"<h3>Kanell\u00eb Cejlon Shkop (18gr)<\/h3>\n<p>Cejloni, ose \u201ckanella e v\u00ebrtet\u00eb,\u201d ka vendlindjen n\u00eb Sri Lanka dhe n\u00eb pjes\u00ebt jugore t\u00eb Indis\u00eb. Kjo kanell\u00eb p\u00ebrgatitet nga pjesa e brendshme e l\u00ebvores s\u00eb pem\u00ebs Cinnamomum verum. Cejloni ka nj\u00eb ngjyr\u00eb kafe t\u00eb ndezur me shkopinj me shtresa t\u00eb buta, dhe cil\u00ebsi superiore.<\/p>\n<p>Kanella cejlon \u00ebsht\u00eb m\u00eb pak e zakont\u00eb dhe shpesh \u00ebsht\u00eb p\u00ebrdorur si er\u00ebz gatimi. Ajo \u00ebsht\u00eb shum\u00eb her\u00eb m\u00eb e shtrenjt\u00eb se variaetit Kasia. Kjo kanell\u00eb p\u00ebrshkruhet si nj\u00eb er\u00ebz me arom\u00eb t\u00eb \u00ebmb\u00ebl delikate, e mrekullueshme p\u00ebr \u00ebmb\u00eblsira. Rreth 50-63% e vajit t\u00eb saj esencial \u00ebsht\u00eb e llojit cinnamaldehyde, nj\u00eb sasi shum\u00eb e ul\u00ebt n\u00eb krahasim me varietetin Kasia.<\/p>\n<p><strong>Dobite shendetsore:<\/strong><\/p>\n<ul>\n<li>N\u00eb ve\u00e7anti, kjo er\u00ebz \u00ebsht\u00eb vler\u00ebsuar p\u00ebr aft\u00ebsin\u00eb q\u00eb ka n\u00eb mbajtjen n\u00ebn kontroll t\u00eb sheqerit n\u00eb gjak, q\u00eb \u00ebsht\u00eb shum\u00eb e r\u00ebnd\u00ebsishme p\u00ebr njer\u00ebzit q\u00eb vuajn\u00eb nga diabeti. Studimet kan\u00eb treguar se kanella ul shp\u00ebrthimet e sheqerit n\u00eb gjak, rrit ndjeshm\u00ebrin\u00eb ndaj insulin\u00ebs dhe p\u00ebrmir\u00ebson aspektet e metabolizmit q\u00eb kan\u00eb lidhje me rezistenc\u00ebn ndaj insulin\u00ebs.<\/li>\n<li>Kanella p\u00ebrmban shum\u00eb antioksidant\u00eb<br \/>\nKanella p\u00ebrmban antioksidant\u00eb t\u00eb fuqish\u00ebm si\u00e7 \u00ebsht\u00eb polifenoli<\/li>\n<li>Kanella lufton inflamacionin Inflamacioni n\u00eb organiz\u00ebm ka nj\u00eb rol t\u00eb d\u00ebmsh\u00ebm. Kanella ndihmon n\u00eb shmangien e tij, luftimin e infeksioneve si dhe n\u00eb riparimin e d\u00ebmeve n\u00eb qeliza.<\/li>\n<\/ul>\n<p><strong>P\u00ebrdorimi:<\/strong><\/p>\n<p>Doza standarde e kanell\u00ebs\u00a0 duhet t\u00eb jet\u00eb nga 1 deri n\u00eb 6 gram\u00eb n\u00eb dit\u00eb. N\u00ebse konsumohet n\u00eb k\u00ebto proporcione, at\u00ebher\u00eb nuk ka efekte an\u00ebsore.<\/p>\n","protected":false},"excerpt":{"rendered":"<p><strong>Kanella Cejlon,<\/strong>\u00a0ose \u201ckanella e v\u00ebrtet\u00eb,\u201dp\u00ebrgatitet nga pjesa e brendshme e l\u00ebvores s\u00eb pem\u00ebs Cinnamomum verum. Cejloni ka nj\u00eb ngjyr\u00eb kafe t\u00eb ndezur me shkopinj me shtresa t\u00eb buta, dhe cil\u00ebsi superiore. P\u00ebrshkruhet si nj\u00eb er\u00ebz me arom\u00eb t\u00eb \u00ebmb\u00ebl delikate, e mrekullueshme p\u00ebr \u00ebmb\u00eblsira.<\/p>\n","protected":false},"featured_media":6565,"comment_status":"open","ping_status":"closed","template":"","meta":{"_acf_changed":false,"inline_featured_image":false},"kategori-sipas-dietave":[92],"kategori-sipas-problemeve-shende":[84],"product_brand":[32],"product_cat":[81,34],"product_tag":[],"class_list":{"0":"post-6532","1":"product","2":"type-product","3":"status-publish","4":"has-post-thumbnail","6":"kategori-sipas-dietave-keto","7":"kategori-sipas-problemeve-shende-suport-hormonal","8":"product_brand-bioagros","9":"product_cat-caj-bime-mjekesore","10":"product_cat-ereza-bime-aromatike","12":"first","13":"instock","14":"taxable","15":"shipping-taxable","16":"purchasable","17":"product-type-simple"},"acf":[],"yoast_head":"<!-- This site is optimized with the Yoast SEO plugin v27.4 - https:\/\/yoast.com\/product\/yoast-seo-wordpress\/ -->\n<title>Kanell\u00eb Cejlon Shkop - Edesia<\/title>\n<meta name=\"robots\" content=\"index, follow, max-snippet:-1, max-image-preview:large, max-video-preview:-1\" \/>\n<link rel=\"canonical\" href=\"https:\/\/www.edesia.al\/?product=kanelle-cejlon-shkop\" \/>\n<meta property=\"og:locale\" content=\"en_US\" \/>\n<meta property=\"og:type\" content=\"article\" \/>\n<meta property=\"og:title\" content=\"Kanell\u00eb Cejlon Shkop - Edesia\" \/>\n<meta property=\"og:description\" content=\"Kanella Cejlon,\u00a0ose \u201ckanella e v\u00ebrtet\u00eb,\u201dp\u00ebrgatitet nga pjesa e brendshme e l\u00ebvores s\u00eb pem\u00ebs Cinnamomum verum. Cejloni ka nj\u00eb ngjyr\u00eb kafe t\u00eb ndezur me shkopinj me shtresa t\u00eb buta, dhe cil\u00ebsi superiore. P\u00ebrshkruhet si nj\u00eb er\u00ebz me arom\u00eb t\u00eb \u00ebmb\u00ebl delikate, e mrekullueshme p\u00ebr \u00ebmb\u00eblsira.\" \/>\n<meta property=\"og:url\" content=\"https:\/\/www.edesia.al\/?product=kanelle-cejlon-shkop\" \/>\n<meta property=\"og:site_name\" content=\"Edesia\" \/>\n<meta property=\"article:modified_time\" content=\"2026-02-21T12:07:19+00:00\" \/>\n<meta property=\"og:image\" content=\"https:\/\/www.edesia.al\/wp-content\/uploads\/2026\/02\/kanelle-shkop-1.webp\" \/>\n\t<meta property=\"og:image:width\" content=\"593\" \/>\n\t<meta property=\"og:image:height\" content=\"593\" \/>\n\t<meta property=\"og:image:type\" content=\"image\/webp\" \/>\n<meta name=\"twitter:card\" content=\"summary_large_image\" \/>\n<meta name=\"twitter:label1\" content=\"Est. reading time\" \/>\n\t<meta name=\"twitter:data1\" content=\"1 minute\" \/>\n<script type=\"application\/ld+json\" class=\"yoast-schema-graph\">{\"@context\":\"https:\\\/\\\/schema.org\",\"@graph\":[{\"@type\":\"WebPage\",\"@id\":\"https:\\\/\\\/www.edesia.al\\\/?product=kanelle-cejlon-shkop\",\"url\":\"https:\\\/\\\/www.edesia.al\\\/?product=kanelle-cejlon-shkop\",\"name\":\"Kanell\u00eb Cejlon Shkop - Edesia\",\"isPartOf\":{\"@id\":\"https:\\\/\\\/www.edesia.al\\\/#website\"},\"primaryImageOfPage\":{\"@id\":\"https:\\\/\\\/www.edesia.al\\\/?product=kanelle-cejlon-shkop#primaryimage\"},\"image\":{\"@id\":\"https:\\\/\\\/www.edesia.al\\\/?product=kanelle-cejlon-shkop#primaryimage\"},\"thumbnailUrl\":\"https:\\\/\\\/www.edesia.al\\\/wp-content\\\/uploads\\\/2026\\\/02\\\/kanelle-shkop-1.webp\",\"datePublished\":\"2026-02-16T21:08:11+00:00\",\"dateModified\":\"2026-02-21T12:07:19+00:00\",\"breadcrumb\":{\"@id\":\"https:\\\/\\\/www.edesia.al\\\/?product=kanelle-cejlon-shkop#breadcrumb\"},\"inLanguage\":\"en-US\",\"potentialAction\":[{\"@type\":\"ReadAction\",\"target\":[\"https:\\\/\\\/www.edesia.al\\\/?product=kanelle-cejlon-shkop\"]}]},{\"@type\":\"ImageObject\",\"inLanguage\":\"en-US\",\"@id\":\"https:\\\/\\\/www.edesia.al\\\/?product=kanelle-cejlon-shkop#primaryimage\",\"url\":\"https:\\\/\\\/www.edesia.al\\\/wp-content\\\/uploads\\\/2026\\\/02\\\/kanelle-shkop-1.webp\",\"contentUrl\":\"https:\\\/\\\/www.edesia.al\\\/wp-content\\\/uploads\\\/2026\\\/02\\\/kanelle-shkop-1.webp\",\"width\":593,\"height\":593},{\"@type\":\"BreadcrumbList\",\"@id\":\"https:\\\/\\\/www.edesia.al\\\/?product=kanelle-cejlon-shkop#breadcrumb\",\"itemListElement\":[{\"@type\":\"ListItem\",\"position\":1,\"name\":\"Home\",\"item\":\"https:\\\/\\\/www.edesia.al\\\/\"},{\"@type\":\"ListItem\",\"position\":2,\"name\":\"Dyqani\",\"item\":\"https:\\\/\\\/www.edesia.al\\\/?page_id=17\"},{\"@type\":\"ListItem\",\"position\":3,\"name\":\"Kanell\u00eb Cejlon Shkop\"}]},{\"@type\":\"WebSite\",\"@id\":\"https:\\\/\\\/www.edesia.al\\\/#website\",\"url\":\"https:\\\/\\\/www.edesia.al\\\/\",\"name\":\"Edesia\",\"description\":\"\",\"publisher\":{\"@id\":\"https:\\\/\\\/www.edesia.al\\\/#organization\"},\"potentialAction\":[{\"@type\":\"SearchAction\",\"target\":{\"@type\":\"EntryPoint\",\"urlTemplate\":\"https:\\\/\\\/www.edesia.al\\\/?s={search_term_string}\"},\"query-input\":{\"@type\":\"PropertyValueSpecification\",\"valueRequired\":true,\"valueName\":\"search_term_string\"}}],\"inLanguage\":\"en-US\"},{\"@type\":\"Organization\",\"@id\":\"https:\\\/\\\/www.edesia.al\\\/#organization\",\"name\":\"Edesia\",\"url\":\"https:\\\/\\\/www.edesia.al\\\/\",\"logo\":{\"@type\":\"ImageObject\",\"inLanguage\":\"en-US\",\"@id\":\"https:\\\/\\\/www.edesia.al\\\/#\\\/schema\\\/logo\\\/image\\\/\",\"url\":\"https:\\\/\\\/www.edesia.al\\\/wp-content\\\/uploads\\\/2026\\\/02\\\/Logo-Edesia-no-background.png\",\"contentUrl\":\"https:\\\/\\\/www.edesia.al\\\/wp-content\\\/uploads\\\/2026\\\/02\\\/Logo-Edesia-no-background.png\",\"width\":293,\"height\":158,\"caption\":\"Edesia\"},\"image\":{\"@id\":\"https:\\\/\\\/www.edesia.al\\\/#\\\/schema\\\/logo\\\/image\\\/\"}}]}<\/script>\n<!-- \/ Yoast SEO plugin. -->","yoast_head_json":{"title":"Kanell\u00eb Cejlon Shkop - Edesia","robots":{"index":"index","follow":"follow","max-snippet":"max-snippet:-1","max-image-preview":"max-image-preview:large","max-video-preview":"max-video-preview:-1"},"canonical":"https:\/\/www.edesia.al\/?product=kanelle-cejlon-shkop","og_locale":"en_US","og_type":"article","og_title":"Kanell\u00eb Cejlon Shkop - Edesia","og_description":"Kanella Cejlon,\u00a0ose \u201ckanella e v\u00ebrtet\u00eb,\u201dp\u00ebrgatitet nga pjesa e brendshme e l\u00ebvores s\u00eb pem\u00ebs Cinnamomum verum. Cejloni ka nj\u00eb ngjyr\u00eb kafe t\u00eb ndezur me shkopinj me shtresa t\u00eb buta, dhe cil\u00ebsi superiore. P\u00ebrshkruhet si nj\u00eb er\u00ebz me arom\u00eb t\u00eb \u00ebmb\u00ebl delikate, e mrekullueshme p\u00ebr \u00ebmb\u00eblsira.","og_url":"https:\/\/www.edesia.al\/?product=kanelle-cejlon-shkop","og_site_name":"Edesia","article_modified_time":"2026-02-21T12:07:19+00:00","og_image":[{"width":593,"height":593,"url":"https:\/\/www.edesia.al\/wp-content\/uploads\/2026\/02\/kanelle-shkop-1.webp","type":"image\/webp"}],"twitter_card":"summary_large_image","twitter_misc":{"Est. reading time":"1 minute"},"schema":{"@context":"https:\/\/schema.org","@graph":[{"@type":"WebPage","@id":"https:\/\/www.edesia.al\/?product=kanelle-cejlon-shkop","url":"https:\/\/www.edesia.al\/?product=kanelle-cejlon-shkop","name":"Kanell\u00eb Cejlon Shkop - Edesia","isPartOf":{"@id":"https:\/\/www.edesia.al\/#website"},"primaryImageOfPage":{"@id":"https:\/\/www.edesia.al\/?product=kanelle-cejlon-shkop#primaryimage"},"image":{"@id":"https:\/\/www.edesia.al\/?product=kanelle-cejlon-shkop#primaryimage"},"thumbnailUrl":"https:\/\/www.edesia.al\/wp-content\/uploads\/2026\/02\/kanelle-shkop-1.webp","datePublished":"2026-02-16T21:08:11+00:00","dateModified":"2026-02-21T12:07:19+00:00","breadcrumb":{"@id":"https:\/\/www.edesia.al\/?product=kanelle-cejlon-shkop#breadcrumb"},"inLanguage":"en-US","potentialAction":[{"@type":"ReadAction","target":["https:\/\/www.edesia.al\/?product=kanelle-cejlon-shkop"]}]},{"@type":"ImageObject","inLanguage":"en-US","@id":"https:\/\/www.edesia.al\/?product=kanelle-cejlon-shkop#primaryimage","url":"https:\/\/www.edesia.al\/wp-content\/uploads\/2026\/02\/kanelle-shkop-1.webp","contentUrl":"https:\/\/www.edesia.al\/wp-content\/uploads\/2026\/02\/kanelle-shkop-1.webp","width":593,"height":593},{"@type":"BreadcrumbList","@id":"https:\/\/www.edesia.al\/?product=kanelle-cejlon-shkop#breadcrumb","itemListElement":[{"@type":"ListItem","position":1,"name":"Home","item":"https:\/\/www.edesia.al\/"},{"@type":"ListItem","position":2,"name":"Dyqani","item":"https:\/\/www.edesia.al\/?page_id=17"},{"@type":"ListItem","position":3,"name":"Kanell\u00eb Cejlon Shkop"}]},{"@type":"WebSite","@id":"https:\/\/www.edesia.al\/#website","url":"https:\/\/www.edesia.al\/","name":"Edesia","description":"","publisher":{"@id":"https:\/\/www.edesia.al\/#organization"},"potentialAction":[{"@type":"SearchAction","target":{"@type":"EntryPoint","urlTemplate":"https:\/\/www.edesia.al\/?s={search_term_string}"},"query-input":{"@type":"PropertyValueSpecification","valueRequired":true,"valueName":"search_term_string"}}],"inLanguage":"en-US"},{"@type":"Organization","@id":"https:\/\/www.edesia.al\/#organization","name":"Edesia","url":"https:\/\/www.edesia.al\/","logo":{"@type":"ImageObject","inLanguage":"en-US","@id":"https:\/\/www.edesia.al\/#\/schema\/logo\/image\/","url":"https:\/\/www.edesia.al\/wp-content\/uploads\/2026\/02\/Logo-Edesia-no-background.png","contentUrl":"https:\/\/www.edesia.al\/wp-content\/uploads\/2026\/02\/Logo-Edesia-no-background.png","width":293,"height":158,"caption":"Edesia"},"image":{"@id":"https:\/\/www.edesia.al\/#\/schema\/logo\/image\/"}}]}},"_links":{"self":[{"href":"https:\/\/www.edesia.al\/index.php?rest_route=\/wp\/v2\/product\/6532","targetHints":{"allow":["GET"]}}],"collection":[{"href":"https:\/\/www.edesia.al\/index.php?rest_route=\/wp\/v2\/product"}],"about":[{"href":"https:\/\/www.edesia.al\/index.php?rest_route=\/wp\/v2\/types\/product"}],"replies":[{"embeddable":true,"href":"https:\/\/www.edesia.al\/index.php?rest_route=%2Fwp%2Fv2%2Fcomments&post=6532"}],"wp:featuredmedia":[{"embeddable":true,"href":"https:\/\/www.edesia.al\/index.php?rest_route=\/wp\/v2\/media\/6565"}],"wp:attachment":[{"href":"https:\/\/www.edesia.al\/index.php?rest_route=%2Fwp%2Fv2%2Fmedia&parent=6532"}],"wp:term":[{"taxonomy":"kategori-sipas-dietave","embeddable":true,"href":"https:\/\/www.edesia.al\/index.php?rest_route=%2Fwp%2Fv2%2Fkategori-sipas-dietave&post=6532"},{"taxonomy":"kategori-sipas-problemeve-shende","embeddable":true,"href":"https:\/\/www.edesia.al\/index.php?rest_route=%2Fwp%2Fv2%2Fkategori-sipas-problemeve-shende&post=6532"},{"taxonomy":"product_brand","embeddable":true,"href":"https:\/\/www.edesia.al\/index.php?rest_route=%2Fwp%2Fv2%2Fproduct_brand&post=6532"},{"taxonomy":"product_cat","embeddable":true,"href":"https:\/\/www.edesia.al\/index.php?rest_route=%2Fwp%2Fv2%2Fproduct_cat&post=6532"},{"taxonomy":"product_tag","embeddable":true,"href":"https:\/\/www.edesia.al\/index.php?rest_route=%2Fwp%2Fv2%2Fproduct_tag&post=6532"}],"curies":[{"name":"wp","href":"https:\/\/api.w.org\/{rel}","templated":true}]}}