{"id":6536,"date":"2026-02-16T21:08:11","date_gmt":"2026-02-16T21:08:11","guid":{"rendered":"https:\/\/www.edesia.al\/?post_type=product&#038;p=6536"},"modified":"2026-02-21T12:09:11","modified_gmt":"2026-02-21T12:09:11","slug":"boronice-e-kuqe-e-thare","status":"publish","type":"product","link":"https:\/\/www.edesia.al\/?product=boronice-e-kuqe-e-thare","title":{"rendered":"Boronice e Kuqe E Thar\u00eb"},"content":{"rendered":"<h3>Boronice e Kuqe E Thar\u00eb (150g)<\/h3>\n<p>Boronica e kuqe \u00ebsht\u00eb p\u00ebrdorur p\u00ebr dekada t\u00eb t\u00ebra p\u00ebr vetit\u00eb e saj ushqyese dhe mjek\u00ebsore, si dhe p\u00ebr shijen e saj. Gjithashtu p\u00ebrdoret n\u00eb kuzhin\u00eb dhe ka shum\u00eb m\u00ebnyra p\u00ebr ta p\u00ebrfshir\u00eb n\u00eb diet\u00ebn ushqimore. E fresk\u00ebt dhe e thar\u00eb ajo \u00ebsht\u00eb plot\u00eb antioksidant\u00eb dhe vitamina.<\/p>\n<h4>Benefitet sh\u00ebndetsore t\u00eb boronic\u00ebs se kuqe t\u00eb thar\u00eb:<\/h4>\n<ul>\n<li>Forcon sistemin imunitar<\/li>\n<li>P\u00ebrmbajtja e substancave antioksidate \u00ebsht\u00eb m\u00eb e lart\u00eb n\u00eb krahasim me fruta t\u00eb tjera t\u00eb kuqe, antiosidant\u00ebt mbrojn\u00eb trupin\u00a0ton\u00eb nga radikalet e lira duke ngadal\u00ebsuar k\u00ebshtu plakjen e parakohshme dhe pasojat e saj.<\/li>\n<li>P\u00ebrmbajn\u00eb vitamin\u00eb C: Vitamina C \u00ebsht\u00eb nj\u00eb antioksidant i fuqish\u00ebm, neutralizon radikalet e lira, forcon sistemin e imunitetit dhe kontribuon n\u00eb prodhimin e kolagjenit.<\/li>\n<li>Jan\u00eb t\u00eb mira dhe kund\u00ebr inflamacioneve, ulin rrezikun p\u00ebr t&#8217;u prekur nga s\u00ebmundjet kronike n\u00eb stomak dhe zorr\u00eb.<\/li>\n<li>Promovojn\u00eb humbjen n\u00eb pesh\u00eb.<\/li>\n<li>Ndihmojn\u00eb tretjen: Boronicat e kuqe jan\u00eb t\u00eb pasura me fibra, te cilat ndihmojne tretjen .<\/li>\n<li>Ndihmon p\u00ebr parandalimin e kancerit: Studimet kan\u00eb treguar gjithashtu se konsumimi i boronic\u00ebs zvog\u00eblon\u00eb rrezikun e formimit t\u00eb qelizave t\u00eb kancerit.<\/li>\n<li>Ndihmon n\u00eb leht\u00ebsimin e infeksioneve te traktit urinar.<\/li>\n<\/ul>\n<h4>P\u00ebrdorimi:<\/h4>\n<p>Boronica e kuqe e thar\u00eb mund t\u00eb b\u00ebhet \u00e7aj, konsumohet si\u00e7 \u00ebsht\u00eb si frut i that\u00eb ose t\u00eb p\u00ebrfshihet n\u00eb receta t\u00eb ndryshme n\u00eb kuzhin\u00eb.<\/p>\n","protected":false},"excerpt":{"rendered":"<p>Boronice e Kuqe E Thar\u00eb (150g) Boronica e kuqe \u00ebsht\u00eb p\u00ebrdorur p\u00ebr dekada t\u00eb t\u00ebra p\u00ebr vetit\u00eb e saj ushqyese dhe mjek\u00ebsore, si dhe p\u00ebr shijen e saj. Gjithashtu p\u00ebrdoret n\u00eb kuzhin\u00eb dhe ka shum\u00eb m\u00ebnyra p\u00ebr ta p\u00ebrfshir\u00eb n\u00eb diet\u00ebn ushqimore. E fresk\u00ebt dhe e thar\u00eb ajo \u00ebsht\u00eb plot\u00eb antioksidant\u00eb dhe vitamina. Benefitet sh\u00ebndetsore[&#8230;]<\/p>\n","protected":false},"featured_media":6569,"comment_status":"open","ping_status":"closed","template":"","meta":{"_acf_changed":false,"inline_featured_image":false},"kategori-sipas-dietave":[89],"kategori-sipas-problemeve-shende":[85],"product_brand":[],"product_cat":[31,26],"product_tag":[],"class_list":{"0":"post-6536","1":"product","2":"type-product","3":"status-publish","4":"has-post-thumbnail","6":"kategori-sipas-dietave-vegan","7":"kategori-sipas-problemeve-shende-imuniteti","8":"product_cat-fruta-te-thata","9":"product_cat-ushqime-bio","11":"first","12":"instock","13":"taxable","14":"shipping-taxable","15":"purchasable","16":"product-type-simple"},"acf":[],"yoast_head":"<!-- This site is optimized with the Yoast SEO plugin v27.4 - https:\/\/yoast.com\/product\/yoast-seo-wordpress\/ -->\n<title>Boronice e Kuqe E Thar\u00eb - Edesia<\/title>\n<meta name=\"robots\" content=\"index, follow, max-snippet:-1, max-image-preview:large, max-video-preview:-1\" \/>\n<link rel=\"canonical\" href=\"https:\/\/www.edesia.al\/?product=boronice-e-kuqe-e-thare\" \/>\n<meta property=\"og:locale\" content=\"en_US\" \/>\n<meta property=\"og:type\" content=\"article\" \/>\n<meta property=\"og:title\" content=\"Boronice e Kuqe E Thar\u00eb - Edesia\" \/>\n<meta property=\"og:description\" content=\"Boronice e Kuqe E Thar\u00eb (150g) Boronica e kuqe \u00ebsht\u00eb p\u00ebrdorur p\u00ebr dekada t\u00eb t\u00ebra p\u00ebr vetit\u00eb e saj ushqyese dhe mjek\u00ebsore, si dhe p\u00ebr shijen e saj. Gjithashtu p\u00ebrdoret n\u00eb kuzhin\u00eb dhe ka shum\u00eb m\u00ebnyra p\u00ebr ta p\u00ebrfshir\u00eb n\u00eb diet\u00ebn ushqimore. E fresk\u00ebt dhe e thar\u00eb ajo \u00ebsht\u00eb plot\u00eb antioksidant\u00eb dhe vitamina. Benefitet sh\u00ebndetsore[...]\" \/>\n<meta property=\"og:url\" content=\"https:\/\/www.edesia.al\/?product=boronice-e-kuqe-e-thare\" \/>\n<meta property=\"og:site_name\" content=\"Edesia\" \/>\n<meta property=\"article:modified_time\" content=\"2026-02-21T12:09:11+00:00\" \/>\n<meta property=\"og:image\" content=\"https:\/\/www.edesia.al\/wp-content\/uploads\/2026\/02\/Boronice-e-kuqe-1.jpg\" \/>\n\t<meta property=\"og:image:width\" content=\"593\" \/>\n\t<meta property=\"og:image:height\" content=\"593\" \/>\n\t<meta property=\"og:image:type\" content=\"image\/jpeg\" \/>\n<meta name=\"twitter:card\" content=\"summary_large_image\" \/>\n<meta name=\"twitter:label1\" content=\"Est. reading time\" \/>\n\t<meta name=\"twitter:data1\" content=\"1 minute\" \/>\n<script type=\"application\/ld+json\" class=\"yoast-schema-graph\">{\"@context\":\"https:\\\/\\\/schema.org\",\"@graph\":[{\"@type\":\"WebPage\",\"@id\":\"https:\\\/\\\/www.edesia.al\\\/?product=boronice-e-kuqe-e-thare\",\"url\":\"https:\\\/\\\/www.edesia.al\\\/?product=boronice-e-kuqe-e-thare\",\"name\":\"Boronice e Kuqe E Thar\u00eb - Edesia\",\"isPartOf\":{\"@id\":\"https:\\\/\\\/www.edesia.al\\\/#website\"},\"primaryImageOfPage\":{\"@id\":\"https:\\\/\\\/www.edesia.al\\\/?product=boronice-e-kuqe-e-thare#primaryimage\"},\"image\":{\"@id\":\"https:\\\/\\\/www.edesia.al\\\/?product=boronice-e-kuqe-e-thare#primaryimage\"},\"thumbnailUrl\":\"https:\\\/\\\/www.edesia.al\\\/wp-content\\\/uploads\\\/2026\\\/02\\\/Boronice-e-kuqe-1.jpg\",\"datePublished\":\"2026-02-16T21:08:11+00:00\",\"dateModified\":\"2026-02-21T12:09:11+00:00\",\"breadcrumb\":{\"@id\":\"https:\\\/\\\/www.edesia.al\\\/?product=boronice-e-kuqe-e-thare#breadcrumb\"},\"inLanguage\":\"en-US\",\"potentialAction\":[{\"@type\":\"ReadAction\",\"target\":[\"https:\\\/\\\/www.edesia.al\\\/?product=boronice-e-kuqe-e-thare\"]}]},{\"@type\":\"ImageObject\",\"inLanguage\":\"en-US\",\"@id\":\"https:\\\/\\\/www.edesia.al\\\/?product=boronice-e-kuqe-e-thare#primaryimage\",\"url\":\"https:\\\/\\\/www.edesia.al\\\/wp-content\\\/uploads\\\/2026\\\/02\\\/Boronice-e-kuqe-1.jpg\",\"contentUrl\":\"https:\\\/\\\/www.edesia.al\\\/wp-content\\\/uploads\\\/2026\\\/02\\\/Boronice-e-kuqe-1.jpg\",\"width\":593,\"height\":593},{\"@type\":\"BreadcrumbList\",\"@id\":\"https:\\\/\\\/www.edesia.al\\\/?product=boronice-e-kuqe-e-thare#breadcrumb\",\"itemListElement\":[{\"@type\":\"ListItem\",\"position\":1,\"name\":\"Home\",\"item\":\"https:\\\/\\\/www.edesia.al\\\/\"},{\"@type\":\"ListItem\",\"position\":2,\"name\":\"Dyqani\",\"item\":\"https:\\\/\\\/www.edesia.al\\\/?page_id=17\"},{\"@type\":\"ListItem\",\"position\":3,\"name\":\"Boronice e Kuqe E Thar\u00eb\"}]},{\"@type\":\"WebSite\",\"@id\":\"https:\\\/\\\/www.edesia.al\\\/#website\",\"url\":\"https:\\\/\\\/www.edesia.al\\\/\",\"name\":\"Edesia\",\"description\":\"\",\"publisher\":{\"@id\":\"https:\\\/\\\/www.edesia.al\\\/#organization\"},\"potentialAction\":[{\"@type\":\"SearchAction\",\"target\":{\"@type\":\"EntryPoint\",\"urlTemplate\":\"https:\\\/\\\/www.edesia.al\\\/?s={search_term_string}\"},\"query-input\":{\"@type\":\"PropertyValueSpecification\",\"valueRequired\":true,\"valueName\":\"search_term_string\"}}],\"inLanguage\":\"en-US\"},{\"@type\":\"Organization\",\"@id\":\"https:\\\/\\\/www.edesia.al\\\/#organization\",\"name\":\"Edesia\",\"url\":\"https:\\\/\\\/www.edesia.al\\\/\",\"logo\":{\"@type\":\"ImageObject\",\"inLanguage\":\"en-US\",\"@id\":\"https:\\\/\\\/www.edesia.al\\\/#\\\/schema\\\/logo\\\/image\\\/\",\"url\":\"https:\\\/\\\/www.edesia.al\\\/wp-content\\\/uploads\\\/2026\\\/02\\\/Logo-Edesia-no-background.png\",\"contentUrl\":\"https:\\\/\\\/www.edesia.al\\\/wp-content\\\/uploads\\\/2026\\\/02\\\/Logo-Edesia-no-background.png\",\"width\":293,\"height\":158,\"caption\":\"Edesia\"},\"image\":{\"@id\":\"https:\\\/\\\/www.edesia.al\\\/#\\\/schema\\\/logo\\\/image\\\/\"}}]}<\/script>\n<!-- \/ Yoast SEO plugin. -->","yoast_head_json":{"title":"Boronice e Kuqe E Thar\u00eb - Edesia","robots":{"index":"index","follow":"follow","max-snippet":"max-snippet:-1","max-image-preview":"max-image-preview:large","max-video-preview":"max-video-preview:-1"},"canonical":"https:\/\/www.edesia.al\/?product=boronice-e-kuqe-e-thare","og_locale":"en_US","og_type":"article","og_title":"Boronice e Kuqe E Thar\u00eb - Edesia","og_description":"Boronice e Kuqe E Thar\u00eb (150g) Boronica e kuqe \u00ebsht\u00eb p\u00ebrdorur p\u00ebr dekada t\u00eb t\u00ebra p\u00ebr vetit\u00eb e saj ushqyese dhe mjek\u00ebsore, si dhe p\u00ebr shijen e saj. Gjithashtu p\u00ebrdoret n\u00eb kuzhin\u00eb dhe ka shum\u00eb m\u00ebnyra p\u00ebr ta p\u00ebrfshir\u00eb n\u00eb diet\u00ebn ushqimore. E fresk\u00ebt dhe e thar\u00eb ajo \u00ebsht\u00eb plot\u00eb antioksidant\u00eb dhe vitamina. Benefitet sh\u00ebndetsore[...]","og_url":"https:\/\/www.edesia.al\/?product=boronice-e-kuqe-e-thare","og_site_name":"Edesia","article_modified_time":"2026-02-21T12:09:11+00:00","og_image":[{"width":593,"height":593,"url":"https:\/\/www.edesia.al\/wp-content\/uploads\/2026\/02\/Boronice-e-kuqe-1.jpg","type":"image\/jpeg"}],"twitter_card":"summary_large_image","twitter_misc":{"Est. reading time":"1 minute"},"schema":{"@context":"https:\/\/schema.org","@graph":[{"@type":"WebPage","@id":"https:\/\/www.edesia.al\/?product=boronice-e-kuqe-e-thare","url":"https:\/\/www.edesia.al\/?product=boronice-e-kuqe-e-thare","name":"Boronice e Kuqe E Thar\u00eb - Edesia","isPartOf":{"@id":"https:\/\/www.edesia.al\/#website"},"primaryImageOfPage":{"@id":"https:\/\/www.edesia.al\/?product=boronice-e-kuqe-e-thare#primaryimage"},"image":{"@id":"https:\/\/www.edesia.al\/?product=boronice-e-kuqe-e-thare#primaryimage"},"thumbnailUrl":"https:\/\/www.edesia.al\/wp-content\/uploads\/2026\/02\/Boronice-e-kuqe-1.jpg","datePublished":"2026-02-16T21:08:11+00:00","dateModified":"2026-02-21T12:09:11+00:00","breadcrumb":{"@id":"https:\/\/www.edesia.al\/?product=boronice-e-kuqe-e-thare#breadcrumb"},"inLanguage":"en-US","potentialAction":[{"@type":"ReadAction","target":["https:\/\/www.edesia.al\/?product=boronice-e-kuqe-e-thare"]}]},{"@type":"ImageObject","inLanguage":"en-US","@id":"https:\/\/www.edesia.al\/?product=boronice-e-kuqe-e-thare#primaryimage","url":"https:\/\/www.edesia.al\/wp-content\/uploads\/2026\/02\/Boronice-e-kuqe-1.jpg","contentUrl":"https:\/\/www.edesia.al\/wp-content\/uploads\/2026\/02\/Boronice-e-kuqe-1.jpg","width":593,"height":593},{"@type":"BreadcrumbList","@id":"https:\/\/www.edesia.al\/?product=boronice-e-kuqe-e-thare#breadcrumb","itemListElement":[{"@type":"ListItem","position":1,"name":"Home","item":"https:\/\/www.edesia.al\/"},{"@type":"ListItem","position":2,"name":"Dyqani","item":"https:\/\/www.edesia.al\/?page_id=17"},{"@type":"ListItem","position":3,"name":"Boronice e Kuqe E Thar\u00eb"}]},{"@type":"WebSite","@id":"https:\/\/www.edesia.al\/#website","url":"https:\/\/www.edesia.al\/","name":"Edesia","description":"","publisher":{"@id":"https:\/\/www.edesia.al\/#organization"},"potentialAction":[{"@type":"SearchAction","target":{"@type":"EntryPoint","urlTemplate":"https:\/\/www.edesia.al\/?s={search_term_string}"},"query-input":{"@type":"PropertyValueSpecification","valueRequired":true,"valueName":"search_term_string"}}],"inLanguage":"en-US"},{"@type":"Organization","@id":"https:\/\/www.edesia.al\/#organization","name":"Edesia","url":"https:\/\/www.edesia.al\/","logo":{"@type":"ImageObject","inLanguage":"en-US","@id":"https:\/\/www.edesia.al\/#\/schema\/logo\/image\/","url":"https:\/\/www.edesia.al\/wp-content\/uploads\/2026\/02\/Logo-Edesia-no-background.png","contentUrl":"https:\/\/www.edesia.al\/wp-content\/uploads\/2026\/02\/Logo-Edesia-no-background.png","width":293,"height":158,"caption":"Edesia"},"image":{"@id":"https:\/\/www.edesia.al\/#\/schema\/logo\/image\/"}}]}},"_links":{"self":[{"href":"https:\/\/www.edesia.al\/index.php?rest_route=\/wp\/v2\/product\/6536","targetHints":{"allow":["GET"]}}],"collection":[{"href":"https:\/\/www.edesia.al\/index.php?rest_route=\/wp\/v2\/product"}],"about":[{"href":"https:\/\/www.edesia.al\/index.php?rest_route=\/wp\/v2\/types\/product"}],"replies":[{"embeddable":true,"href":"https:\/\/www.edesia.al\/index.php?rest_route=%2Fwp%2Fv2%2Fcomments&post=6536"}],"wp:featuredmedia":[{"embeddable":true,"href":"https:\/\/www.edesia.al\/index.php?rest_route=\/wp\/v2\/media\/6569"}],"wp:attachment":[{"href":"https:\/\/www.edesia.al\/index.php?rest_route=%2Fwp%2Fv2%2Fmedia&parent=6536"}],"wp:term":[{"taxonomy":"kategori-sipas-dietave","embeddable":true,"href":"https:\/\/www.edesia.al\/index.php?rest_route=%2Fwp%2Fv2%2Fkategori-sipas-dietave&post=6536"},{"taxonomy":"kategori-sipas-problemeve-shende","embeddable":true,"href":"https:\/\/www.edesia.al\/index.php?rest_route=%2Fwp%2Fv2%2Fkategori-sipas-problemeve-shende&post=6536"},{"taxonomy":"product_brand","embeddable":true,"href":"https:\/\/www.edesia.al\/index.php?rest_route=%2Fwp%2Fv2%2Fproduct_brand&post=6536"},{"taxonomy":"product_cat","embeddable":true,"href":"https:\/\/www.edesia.al\/index.php?rest_route=%2Fwp%2Fv2%2Fproduct_cat&post=6536"},{"taxonomy":"product_tag","embeddable":true,"href":"https:\/\/www.edesia.al\/index.php?rest_route=%2Fwp%2Fv2%2Fproduct_tag&post=6536"}],"curies":[{"name":"wp","href":"https:\/\/api.w.org\/{rel}","templated":true}]}}