{"id":6537,"date":"2026-02-16T21:08:11","date_gmt":"2026-02-16T21:08:11","guid":{"rendered":"https:\/\/www.edesia.al\/?post_type=product&#038;p=6537"},"modified":"2026-02-21T12:09:36","modified_gmt":"2026-02-21T12:09:36","slug":"rrush-i-thate-pa-fare","status":"publish","type":"product","link":"https:\/\/www.edesia.al\/?product=rrush-i-thate-pa-fare","title":{"rendered":"Rrush i That\u00eb Pa Far\u00eb"},"content":{"rendered":"<h3>Rrush i That\u00eb Pa Far\u00eb\u00a0 (200g)<\/h3>\n<p>Rrushi i That\u00eb \u00ebsht\u00eb nj\u00eb burim i shk\u00eblqyer i antioksidant\u00ebve dhe p\u00ebrmban vitamina dhe minerale t\u00eb r\u00ebnd\u00ebsish\u00ebm si A, C, K dhe B6, acid folik, kalium, natrium dhe hekur.<\/p>\n<h4>P\u00ebrfitimet sh\u00ebndet\u00ebsore:<\/h4>\n<ul>\n<li>Antioksidant\u00ebt<\/li>\n<\/ul>\n<p>Rrushit i that\u00eb i p\u00ebrket kategoria e frutave q\u00eb jan\u00eb shum\u00eb t\u00eb pasura me antioksidant\u00eb. Antioksidant\u00ebt luftojn\u00eb d\u00ebmet e l\u00ebkur\u00ebs dhe mund t\u00eb ndihmojn\u00eb n\u00eb parandalimin e s\u00ebmundjeve t\u00eb r\u00ebnda si kanceri dhe s\u00ebmundjet e zemr\u00ebs.<\/p>\n<ul>\n<li>Ndihmon n\u00eb mbajtjen e trupit hidratuar<\/li>\n<\/ul>\n<p>Rrushit t\u00eb that\u00eb i mungon uji n\u00eb struktur\u00ebn e tij, por ai mbetet nj\u00eb burim i mir\u00eb i mineraleve dhe elektrolit\u00ebve si kaliumi dhe natriumi, t\u00eb cilat ndihmojn\u00eb n\u00eb mbajtjen e trupit hidratuar.<\/p>\n<ul>\n<li>Rrit nivelin e energjis\u00eb<\/li>\n<\/ul>\n<p>Rrushit t\u00eb that\u00eb p\u00ebrmban karbohidrate dhe sheqer natyral, q\u00eb e b\u00ebjn\u00eb at\u00eb nj\u00eb burim t\u00eb shk\u00eblqyer energjie. Konsumimi i nj\u00eb sasie t\u00eb vog\u00ebl rrushi t\u00eb that\u00eb mund t\u00eb ndihmoj\u00eb n\u00eb rritjen e nivelit t\u00eb energjis\u00eb.<\/p>\n<ul>\n<li>Ndalon plakjen<\/li>\n<\/ul>\n<p>P\u00ebrmban polifenole, t\u00eb cilat jan\u00eb nj\u00eb lloj antioksidanti q\u00eb mund t\u00eb ndihmojn\u00eb n\u00eb parandalimin e plakjes s\u00eb l\u00ebkur\u00ebs dhe s\u00ebmundjeve t\u00eb tjera q\u00eb jan\u00eb t\u00eb lidhura me plakjen.<\/p>\n<ul>\n<li>Ndihmon n\u00eb uljen e kolesterolit<\/li>\n<\/ul>\n<p>Rrushit t\u00eb that\u00eb p\u00ebrmban fibra, q\u00eb ndihmojn\u00eb n\u00eb uljen e kolesterolit t\u00eb keq n\u00eb trup dhe mund t\u00eb ndihmojn\u00eb n\u00eb parandalimin e s\u00ebmundjeve t\u00eb zemr\u00ebs.<\/p>\n<ul>\n<li>P\u00ebrmban vitamin\u00eb C<\/li>\n<\/ul>\n<p>Rrushit t\u00eb that\u00eb p\u00ebrmban nj\u00eb sasi t\u00eb mir\u00eb vitamin\u00eb C, e cila \u00ebsht\u00eb nj\u00eb antioksidant i fuqish\u00ebm q\u00eb ndihmon n\u00eb mbrojtjen e trupit nga s\u00ebmundjet dhe n\u00eb p\u00ebrmir\u00ebsimin e sistemit imunitar.<\/p>\n<h3><\/h3>\n","protected":false},"excerpt":{"rendered":"<p>Rrush i That\u00eb Pa Far\u00eb\u00a0 (200g) Rrushi i That\u00eb \u00ebsht\u00eb nj\u00eb burim i shk\u00eblqyer i antioksidant\u00ebve dhe p\u00ebrmban vitamina dhe minerale t\u00eb r\u00ebnd\u00ebsish\u00ebm si A, C, K dhe B6, acid folik, kalium, natrium dhe hekur. P\u00ebrfitimet sh\u00ebndet\u00ebsore: Antioksidant\u00ebt Rrushit i that\u00eb i p\u00ebrket kategoria e frutave q\u00eb jan\u00eb shum\u00eb t\u00eb pasura me antioksidant\u00eb. Antioksidant\u00ebt luftojn\u00eb[&#8230;]<\/p>\n","protected":false},"featured_media":6570,"comment_status":"open","ping_status":"closed","template":"","meta":{"_acf_changed":false,"inline_featured_image":false},"kategori-sipas-dietave":[],"kategori-sipas-problemeve-shende":[],"product_brand":[32],"product_cat":[31,26],"product_tag":[],"class_list":{"0":"post-6537","1":"product","2":"type-product","3":"status-publish","4":"has-post-thumbnail","6":"product_brand-bioagros","7":"product_cat-fruta-te-thata","8":"product_cat-ushqime-bio","10":"first","11":"instock","12":"taxable","13":"shipping-taxable","14":"purchasable","15":"product-type-simple"},"acf":[],"yoast_head":"<!-- This site is optimized with the Yoast SEO plugin v27.4 - https:\/\/yoast.com\/product\/yoast-seo-wordpress\/ -->\n<title>Rrush i That\u00eb Pa Far\u00eb - Edesia<\/title>\n<meta name=\"robots\" content=\"index, follow, max-snippet:-1, max-image-preview:large, max-video-preview:-1\" \/>\n<link rel=\"canonical\" href=\"https:\/\/www.edesia.al\/?product=rrush-i-thate-pa-fare\" \/>\n<meta property=\"og:locale\" content=\"en_US\" \/>\n<meta property=\"og:type\" content=\"article\" \/>\n<meta property=\"og:title\" content=\"Rrush i That\u00eb Pa Far\u00eb - Edesia\" \/>\n<meta property=\"og:description\" content=\"Rrush i That\u00eb Pa Far\u00eb\u00a0 (200g) Rrushi i That\u00eb \u00ebsht\u00eb nj\u00eb burim i shk\u00eblqyer i antioksidant\u00ebve dhe p\u00ebrmban vitamina dhe minerale t\u00eb r\u00ebnd\u00ebsish\u00ebm si A, C, K dhe B6, acid folik, kalium, natrium dhe hekur. P\u00ebrfitimet sh\u00ebndet\u00ebsore: Antioksidant\u00ebt Rrushit i that\u00eb i p\u00ebrket kategoria e frutave q\u00eb jan\u00eb shum\u00eb t\u00eb pasura me antioksidant\u00eb. Antioksidant\u00ebt luftojn\u00eb[...]\" \/>\n<meta property=\"og:url\" content=\"https:\/\/www.edesia.al\/?product=rrush-i-thate-pa-fare\" \/>\n<meta property=\"og:site_name\" content=\"Edesia\" \/>\n<meta property=\"article:modified_time\" content=\"2026-02-21T12:09:36+00:00\" \/>\n<meta property=\"og:image\" content=\"https:\/\/www.edesia.al\/wp-content\/uploads\/2026\/02\/Rrush-i-Thate-pa-fare-1.png\" \/>\n\t<meta property=\"og:image:width\" content=\"593\" \/>\n\t<meta property=\"og:image:height\" content=\"593\" \/>\n\t<meta property=\"og:image:type\" content=\"image\/png\" \/>\n<meta name=\"twitter:card\" content=\"summary_large_image\" \/>\n<meta name=\"twitter:label1\" content=\"Est. reading time\" \/>\n\t<meta name=\"twitter:data1\" content=\"1 minute\" \/>\n<script type=\"application\/ld+json\" class=\"yoast-schema-graph\">{\"@context\":\"https:\\\/\\\/schema.org\",\"@graph\":[{\"@type\":\"WebPage\",\"@id\":\"https:\\\/\\\/www.edesia.al\\\/?product=rrush-i-thate-pa-fare\",\"url\":\"https:\\\/\\\/www.edesia.al\\\/?product=rrush-i-thate-pa-fare\",\"name\":\"Rrush i That\u00eb Pa Far\u00eb - Edesia\",\"isPartOf\":{\"@id\":\"https:\\\/\\\/www.edesia.al\\\/#website\"},\"primaryImageOfPage\":{\"@id\":\"https:\\\/\\\/www.edesia.al\\\/?product=rrush-i-thate-pa-fare#primaryimage\"},\"image\":{\"@id\":\"https:\\\/\\\/www.edesia.al\\\/?product=rrush-i-thate-pa-fare#primaryimage\"},\"thumbnailUrl\":\"https:\\\/\\\/www.edesia.al\\\/wp-content\\\/uploads\\\/2026\\\/02\\\/Rrush-i-Thate-pa-fare-1.png\",\"datePublished\":\"2026-02-16T21:08:11+00:00\",\"dateModified\":\"2026-02-21T12:09:36+00:00\",\"breadcrumb\":{\"@id\":\"https:\\\/\\\/www.edesia.al\\\/?product=rrush-i-thate-pa-fare#breadcrumb\"},\"inLanguage\":\"en-US\",\"potentialAction\":[{\"@type\":\"ReadAction\",\"target\":[\"https:\\\/\\\/www.edesia.al\\\/?product=rrush-i-thate-pa-fare\"]}]},{\"@type\":\"ImageObject\",\"inLanguage\":\"en-US\",\"@id\":\"https:\\\/\\\/www.edesia.al\\\/?product=rrush-i-thate-pa-fare#primaryimage\",\"url\":\"https:\\\/\\\/www.edesia.al\\\/wp-content\\\/uploads\\\/2026\\\/02\\\/Rrush-i-Thate-pa-fare-1.png\",\"contentUrl\":\"https:\\\/\\\/www.edesia.al\\\/wp-content\\\/uploads\\\/2026\\\/02\\\/Rrush-i-Thate-pa-fare-1.png\",\"width\":593,\"height\":593},{\"@type\":\"BreadcrumbList\",\"@id\":\"https:\\\/\\\/www.edesia.al\\\/?product=rrush-i-thate-pa-fare#breadcrumb\",\"itemListElement\":[{\"@type\":\"ListItem\",\"position\":1,\"name\":\"Home\",\"item\":\"https:\\\/\\\/www.edesia.al\\\/\"},{\"@type\":\"ListItem\",\"position\":2,\"name\":\"Dyqani\",\"item\":\"https:\\\/\\\/www.edesia.al\\\/?page_id=17\"},{\"@type\":\"ListItem\",\"position\":3,\"name\":\"Rrush i That\u00eb Pa Far\u00eb\"}]},{\"@type\":\"WebSite\",\"@id\":\"https:\\\/\\\/www.edesia.al\\\/#website\",\"url\":\"https:\\\/\\\/www.edesia.al\\\/\",\"name\":\"Edesia\",\"description\":\"\",\"publisher\":{\"@id\":\"https:\\\/\\\/www.edesia.al\\\/#organization\"},\"potentialAction\":[{\"@type\":\"SearchAction\",\"target\":{\"@type\":\"EntryPoint\",\"urlTemplate\":\"https:\\\/\\\/www.edesia.al\\\/?s={search_term_string}\"},\"query-input\":{\"@type\":\"PropertyValueSpecification\",\"valueRequired\":true,\"valueName\":\"search_term_string\"}}],\"inLanguage\":\"en-US\"},{\"@type\":\"Organization\",\"@id\":\"https:\\\/\\\/www.edesia.al\\\/#organization\",\"name\":\"Edesia\",\"url\":\"https:\\\/\\\/www.edesia.al\\\/\",\"logo\":{\"@type\":\"ImageObject\",\"inLanguage\":\"en-US\",\"@id\":\"https:\\\/\\\/www.edesia.al\\\/#\\\/schema\\\/logo\\\/image\\\/\",\"url\":\"https:\\\/\\\/www.edesia.al\\\/wp-content\\\/uploads\\\/2026\\\/02\\\/Logo-Edesia-no-background.png\",\"contentUrl\":\"https:\\\/\\\/www.edesia.al\\\/wp-content\\\/uploads\\\/2026\\\/02\\\/Logo-Edesia-no-background.png\",\"width\":293,\"height\":158,\"caption\":\"Edesia\"},\"image\":{\"@id\":\"https:\\\/\\\/www.edesia.al\\\/#\\\/schema\\\/logo\\\/image\\\/\"}}]}<\/script>\n<!-- \/ Yoast SEO plugin. -->","yoast_head_json":{"title":"Rrush i That\u00eb Pa Far\u00eb - Edesia","robots":{"index":"index","follow":"follow","max-snippet":"max-snippet:-1","max-image-preview":"max-image-preview:large","max-video-preview":"max-video-preview:-1"},"canonical":"https:\/\/www.edesia.al\/?product=rrush-i-thate-pa-fare","og_locale":"en_US","og_type":"article","og_title":"Rrush i That\u00eb Pa Far\u00eb - Edesia","og_description":"Rrush i That\u00eb Pa Far\u00eb\u00a0 (200g) Rrushi i That\u00eb \u00ebsht\u00eb nj\u00eb burim i shk\u00eblqyer i antioksidant\u00ebve dhe p\u00ebrmban vitamina dhe minerale t\u00eb r\u00ebnd\u00ebsish\u00ebm si A, C, K dhe B6, acid folik, kalium, natrium dhe hekur. P\u00ebrfitimet sh\u00ebndet\u00ebsore: Antioksidant\u00ebt Rrushit i that\u00eb i p\u00ebrket kategoria e frutave q\u00eb jan\u00eb shum\u00eb t\u00eb pasura me antioksidant\u00eb. Antioksidant\u00ebt luftojn\u00eb[...]","og_url":"https:\/\/www.edesia.al\/?product=rrush-i-thate-pa-fare","og_site_name":"Edesia","article_modified_time":"2026-02-21T12:09:36+00:00","og_image":[{"width":593,"height":593,"url":"https:\/\/www.edesia.al\/wp-content\/uploads\/2026\/02\/Rrush-i-Thate-pa-fare-1.png","type":"image\/png"}],"twitter_card":"summary_large_image","twitter_misc":{"Est. reading time":"1 minute"},"schema":{"@context":"https:\/\/schema.org","@graph":[{"@type":"WebPage","@id":"https:\/\/www.edesia.al\/?product=rrush-i-thate-pa-fare","url":"https:\/\/www.edesia.al\/?product=rrush-i-thate-pa-fare","name":"Rrush i That\u00eb Pa Far\u00eb - Edesia","isPartOf":{"@id":"https:\/\/www.edesia.al\/#website"},"primaryImageOfPage":{"@id":"https:\/\/www.edesia.al\/?product=rrush-i-thate-pa-fare#primaryimage"},"image":{"@id":"https:\/\/www.edesia.al\/?product=rrush-i-thate-pa-fare#primaryimage"},"thumbnailUrl":"https:\/\/www.edesia.al\/wp-content\/uploads\/2026\/02\/Rrush-i-Thate-pa-fare-1.png","datePublished":"2026-02-16T21:08:11+00:00","dateModified":"2026-02-21T12:09:36+00:00","breadcrumb":{"@id":"https:\/\/www.edesia.al\/?product=rrush-i-thate-pa-fare#breadcrumb"},"inLanguage":"en-US","potentialAction":[{"@type":"ReadAction","target":["https:\/\/www.edesia.al\/?product=rrush-i-thate-pa-fare"]}]},{"@type":"ImageObject","inLanguage":"en-US","@id":"https:\/\/www.edesia.al\/?product=rrush-i-thate-pa-fare#primaryimage","url":"https:\/\/www.edesia.al\/wp-content\/uploads\/2026\/02\/Rrush-i-Thate-pa-fare-1.png","contentUrl":"https:\/\/www.edesia.al\/wp-content\/uploads\/2026\/02\/Rrush-i-Thate-pa-fare-1.png","width":593,"height":593},{"@type":"BreadcrumbList","@id":"https:\/\/www.edesia.al\/?product=rrush-i-thate-pa-fare#breadcrumb","itemListElement":[{"@type":"ListItem","position":1,"name":"Home","item":"https:\/\/www.edesia.al\/"},{"@type":"ListItem","position":2,"name":"Dyqani","item":"https:\/\/www.edesia.al\/?page_id=17"},{"@type":"ListItem","position":3,"name":"Rrush i That\u00eb Pa Far\u00eb"}]},{"@type":"WebSite","@id":"https:\/\/www.edesia.al\/#website","url":"https:\/\/www.edesia.al\/","name":"Edesia","description":"","publisher":{"@id":"https:\/\/www.edesia.al\/#organization"},"potentialAction":[{"@type":"SearchAction","target":{"@type":"EntryPoint","urlTemplate":"https:\/\/www.edesia.al\/?s={search_term_string}"},"query-input":{"@type":"PropertyValueSpecification","valueRequired":true,"valueName":"search_term_string"}}],"inLanguage":"en-US"},{"@type":"Organization","@id":"https:\/\/www.edesia.al\/#organization","name":"Edesia","url":"https:\/\/www.edesia.al\/","logo":{"@type":"ImageObject","inLanguage":"en-US","@id":"https:\/\/www.edesia.al\/#\/schema\/logo\/image\/","url":"https:\/\/www.edesia.al\/wp-content\/uploads\/2026\/02\/Logo-Edesia-no-background.png","contentUrl":"https:\/\/www.edesia.al\/wp-content\/uploads\/2026\/02\/Logo-Edesia-no-background.png","width":293,"height":158,"caption":"Edesia"},"image":{"@id":"https:\/\/www.edesia.al\/#\/schema\/logo\/image\/"}}]}},"_links":{"self":[{"href":"https:\/\/www.edesia.al\/index.php?rest_route=\/wp\/v2\/product\/6537","targetHints":{"allow":["GET"]}}],"collection":[{"href":"https:\/\/www.edesia.al\/index.php?rest_route=\/wp\/v2\/product"}],"about":[{"href":"https:\/\/www.edesia.al\/index.php?rest_route=\/wp\/v2\/types\/product"}],"replies":[{"embeddable":true,"href":"https:\/\/www.edesia.al\/index.php?rest_route=%2Fwp%2Fv2%2Fcomments&post=6537"}],"wp:featuredmedia":[{"embeddable":true,"href":"https:\/\/www.edesia.al\/index.php?rest_route=\/wp\/v2\/media\/6570"}],"wp:attachment":[{"href":"https:\/\/www.edesia.al\/index.php?rest_route=%2Fwp%2Fv2%2Fmedia&parent=6537"}],"wp:term":[{"taxonomy":"kategori-sipas-dietave","embeddable":true,"href":"https:\/\/www.edesia.al\/index.php?rest_route=%2Fwp%2Fv2%2Fkategori-sipas-dietave&post=6537"},{"taxonomy":"kategori-sipas-problemeve-shende","embeddable":true,"href":"https:\/\/www.edesia.al\/index.php?rest_route=%2Fwp%2Fv2%2Fkategori-sipas-problemeve-shende&post=6537"},{"taxonomy":"product_brand","embeddable":true,"href":"https:\/\/www.edesia.al\/index.php?rest_route=%2Fwp%2Fv2%2Fproduct_brand&post=6537"},{"taxonomy":"product_cat","embeddable":true,"href":"https:\/\/www.edesia.al\/index.php?rest_route=%2Fwp%2Fv2%2Fproduct_cat&post=6537"},{"taxonomy":"product_tag","embeddable":true,"href":"https:\/\/www.edesia.al\/index.php?rest_route=%2Fwp%2Fv2%2Fproduct_tag&post=6537"}],"curies":[{"name":"wp","href":"https:\/\/api.w.org\/{rel}","templated":true}]}}