{"id":6539,"date":"2026-02-16T21:08:12","date_gmt":"2026-02-16T21:08:12","guid":{"rendered":"https:\/\/www.edesia.al\/?post_type=product&#038;p=6539"},"modified":"2026-02-25T10:24:41","modified_gmt":"2026-02-25T10:24:41","slug":"arra-greke-organike","status":"publish","type":"product","link":"https:\/\/www.edesia.al\/?product=arra-greke-organike","title":{"rendered":"Arra Greke Organike"},"content":{"rendered":"<h3>Arra Greke Organike (100gr)<\/h3>\n<p>Arrat jan\u00eb nj\u00eb burim i pasur me vlera ushqyese.<\/p>\n<h4>P\u00ebrfitimet sh\u00ebndet\u00ebsore :<\/h4>\n<ul>\n<li>Forcojn\u00eb sistemin imunitar<\/li>\n<\/ul>\n<p>Arrat jan\u00eb nj\u00eb burim i pasur me antioksidant\u00eb dhe vitamin\u00eb C, t\u00eb cilat jan\u00eb t\u00eb r\u00ebnd\u00ebsishme p\u00ebr funksionimin e sistemit imunitar t\u00eb njeriut. Konsumimi i arrave mund t\u00eb ndihmoj\u00eb n\u00eb forcimin e mbrojtjes s\u00eb trupit nga infeksionet dhe s\u00ebmundjet.<\/p>\n<ul>\n<li>Ndihmojn\u00eb n\u00eb sh\u00ebrimin e l\u00ebkur\u00ebs<\/li>\n<\/ul>\n<p>Arrat jan\u00eb t\u00eb pasura me vitamina dhe minerale q\u00eb ndihmojn\u00eb n\u00eb sh\u00ebrimin e l\u00ebkur\u00ebs. Konsumimi i arrave mund t\u00eb ndihmoj\u00eb n\u00eb trajtimin e problemeve t\u00eb l\u00ebkur\u00ebs, si aknet, t\u00eb skuqurat dhe t\u00eb thata.<\/p>\n<ul>\n<li>Forcojn\u00eb kockat<\/li>\n<\/ul>\n<p>Arrat jan\u00eb nj\u00eb burim i pasur me kalcium dhe magnez, t\u00eb cilat jan\u00eb t\u00eb r\u00ebnd\u00ebsishme p\u00ebr sh\u00ebndetin e kockave. Konsumimi i arrave mund t\u00eb ndihmoj\u00eb n\u00eb parandalimin e osteoporoz\u00ebs dhe n\u00eb formin e kockave t\u00eb fort\u00eb.<\/p>\n<ul>\n<li>Rregullojn\u00eb nivelin e sheqerit n\u00eb gjak<\/li>\n<\/ul>\n<p>Arrat jan\u00eb nj\u00eb burim i pasur me fibra dhe karbohidrate t\u00eb ngadalsh\u00ebm, t\u00eb cilat ndihmojn\u00eb n\u00eb rregullimin e nivelit t\u00eb sheqerit n\u00eb gjak. Konsumimi i arrave mund t\u00eb ndihmoj\u00eb n\u00eb parandalimin e diabetit dhe n\u00eb kontrollin e nivelit t\u00eb sheqerit n\u00eb gjak tek personat me diabet.<\/p>\n<ul>\n<li>Ndihmojn\u00eb n\u00eb zvog\u00eblimin e pesh\u00ebs<\/li>\n<\/ul>\n<p>Arrat jan\u00eb nj\u00eb burim i pasur me fibra dhe protein\u00eb, t\u00eb cilat ndihmojn\u00eb n\u00eb mbajtjen e ndjesis\u00eb s\u00eb ngopjes p\u00ebr nj\u00eb koh\u00eb m\u00eb t\u00eb gjat\u00eb. Konsumimi i arrave mund t\u00eb ndihmoj\u00eb n\u00eb zvog\u00eblimin e pesh\u00ebs dhe n\u00eb kontrollin e oreksit.<\/p>\n<ul>\n<li>Ndihmojn\u00eb n\u00eb zvog\u00eblimin e inflamacionit<\/li>\n<\/ul>\n<p>Arrat jan\u00eb nj\u00eb burim i pasur me antioksidant\u00eb dhe acid linoleik, t\u00eb cilat mund t\u00eb ndihmojn\u00eb n\u00eb zvog\u00eblimin e inflamacionit n\u00eb trup. Konsumimi i arrave mund t\u00eb ndihmoj\u00eb n\u00eb parandalimin e s\u00ebmundjeve inflamatore, si artriti reumatoid dhe inflamacioni i zorr\u00ebve.<\/p>\n","protected":false},"excerpt":{"rendered":"<p>Arra Greke Organike (100gr) Arrat jan\u00eb nj\u00eb burim i pasur me vlera ushqyese. P\u00ebrfitimet sh\u00ebndet\u00ebsore : Forcojn\u00eb sistemin imunitar Arrat jan\u00eb nj\u00eb burim i pasur me antioksidant\u00eb dhe vitamin\u00eb C, t\u00eb cilat jan\u00eb t\u00eb r\u00ebnd\u00ebsishme p\u00ebr funksionimin e sistemit imunitar t\u00eb njeriut. Konsumimi i arrave mund t\u00eb ndihmoj\u00eb n\u00eb forcimin e mbrojtjes s\u00eb trupit nga[&#8230;]<\/p>\n","protected":false},"featured_media":6939,"comment_status":"open","ping_status":"closed","template":"","meta":{"_acf_changed":false,"inline_featured_image":false},"kategori-sipas-dietave":[],"kategori-sipas-problemeve-shende":[84],"product_brand":[32],"product_cat":[31,26],"product_tag":[],"class_list":{"0":"post-6539","1":"product","2":"type-product","3":"status-publish","4":"has-post-thumbnail","6":"kategori-sipas-problemeve-shende-suport-hormonal","7":"product_brand-bioagros","8":"product_cat-fruta-te-thata","9":"product_cat-ushqime-bio","11":"first","12":"instock","13":"taxable","14":"shipping-taxable","15":"purchasable","16":"product-type-simple"},"acf":[],"yoast_head":"<!-- This site is optimized with the Yoast SEO plugin v27.4 - https:\/\/yoast.com\/product\/yoast-seo-wordpress\/ -->\n<title>Arra Greke Organike - Edesia<\/title>\n<meta name=\"robots\" content=\"index, follow, max-snippet:-1, max-image-preview:large, max-video-preview:-1\" \/>\n<link rel=\"canonical\" href=\"https:\/\/www.edesia.al\/?product=arra-greke-organike\" \/>\n<meta property=\"og:locale\" content=\"en_US\" \/>\n<meta property=\"og:type\" content=\"article\" \/>\n<meta property=\"og:title\" content=\"Arra Greke Organike - Edesia\" \/>\n<meta property=\"og:description\" content=\"Arra Greke Organike (100gr) Arrat jan\u00eb nj\u00eb burim i pasur me vlera ushqyese. P\u00ebrfitimet sh\u00ebndet\u00ebsore : Forcojn\u00eb sistemin imunitar Arrat jan\u00eb nj\u00eb burim i pasur me antioksidant\u00eb dhe vitamin\u00eb C, t\u00eb cilat jan\u00eb t\u00eb r\u00ebnd\u00ebsishme p\u00ebr funksionimin e sistemit imunitar t\u00eb njeriut. Konsumimi i arrave mund t\u00eb ndihmoj\u00eb n\u00eb forcimin e mbrojtjes s\u00eb trupit nga[...]\" \/>\n<meta property=\"og:url\" content=\"https:\/\/www.edesia.al\/?product=arra-greke-organike\" \/>\n<meta property=\"og:site_name\" content=\"Edesia\" \/>\n<meta property=\"article:modified_time\" content=\"2026-02-25T10:24:41+00:00\" \/>\n<meta property=\"og:image\" content=\"https:\/\/www.edesia.al\/wp-content\/uploads\/2026\/02\/Arra-Greke-1.png\" \/>\n\t<meta property=\"og:image:width\" content=\"593\" \/>\n\t<meta property=\"og:image:height\" content=\"593\" \/>\n\t<meta property=\"og:image:type\" content=\"image\/png\" \/>\n<meta name=\"twitter:card\" content=\"summary_large_image\" \/>\n<meta name=\"twitter:label1\" content=\"Est. reading time\" \/>\n\t<meta name=\"twitter:data1\" content=\"2 minutes\" \/>\n<script type=\"application\/ld+json\" class=\"yoast-schema-graph\">{\"@context\":\"https:\\\/\\\/schema.org\",\"@graph\":[{\"@type\":\"WebPage\",\"@id\":\"https:\\\/\\\/www.edesia.al\\\/?product=arra-greke-organike\",\"url\":\"https:\\\/\\\/www.edesia.al\\\/?product=arra-greke-organike\",\"name\":\"Arra Greke Organike - Edesia\",\"isPartOf\":{\"@id\":\"https:\\\/\\\/www.edesia.al\\\/#website\"},\"primaryImageOfPage\":{\"@id\":\"https:\\\/\\\/www.edesia.al\\\/?product=arra-greke-organike#primaryimage\"},\"image\":{\"@id\":\"https:\\\/\\\/www.edesia.al\\\/?product=arra-greke-organike#primaryimage\"},\"thumbnailUrl\":\"https:\\\/\\\/www.edesia.al\\\/wp-content\\\/uploads\\\/2026\\\/02\\\/Arra-Greke-1.png\",\"datePublished\":\"2026-02-16T21:08:12+00:00\",\"dateModified\":\"2026-02-25T10:24:41+00:00\",\"breadcrumb\":{\"@id\":\"https:\\\/\\\/www.edesia.al\\\/?product=arra-greke-organike#breadcrumb\"},\"inLanguage\":\"en-US\",\"potentialAction\":[{\"@type\":\"ReadAction\",\"target\":[\"https:\\\/\\\/www.edesia.al\\\/?product=arra-greke-organike\"]}]},{\"@type\":\"ImageObject\",\"inLanguage\":\"en-US\",\"@id\":\"https:\\\/\\\/www.edesia.al\\\/?product=arra-greke-organike#primaryimage\",\"url\":\"https:\\\/\\\/www.edesia.al\\\/wp-content\\\/uploads\\\/2026\\\/02\\\/Arra-Greke-1.png\",\"contentUrl\":\"https:\\\/\\\/www.edesia.al\\\/wp-content\\\/uploads\\\/2026\\\/02\\\/Arra-Greke-1.png\",\"width\":593,\"height\":593},{\"@type\":\"BreadcrumbList\",\"@id\":\"https:\\\/\\\/www.edesia.al\\\/?product=arra-greke-organike#breadcrumb\",\"itemListElement\":[{\"@type\":\"ListItem\",\"position\":1,\"name\":\"Home\",\"item\":\"https:\\\/\\\/www.edesia.al\\\/\"},{\"@type\":\"ListItem\",\"position\":2,\"name\":\"Dyqani\",\"item\":\"https:\\\/\\\/www.edesia.al\\\/?page_id=17\"},{\"@type\":\"ListItem\",\"position\":3,\"name\":\"Arra Greke Organike\"}]},{\"@type\":\"WebSite\",\"@id\":\"https:\\\/\\\/www.edesia.al\\\/#website\",\"url\":\"https:\\\/\\\/www.edesia.al\\\/\",\"name\":\"Edesia\",\"description\":\"\",\"publisher\":{\"@id\":\"https:\\\/\\\/www.edesia.al\\\/#organization\"},\"potentialAction\":[{\"@type\":\"SearchAction\",\"target\":{\"@type\":\"EntryPoint\",\"urlTemplate\":\"https:\\\/\\\/www.edesia.al\\\/?s={search_term_string}\"},\"query-input\":{\"@type\":\"PropertyValueSpecification\",\"valueRequired\":true,\"valueName\":\"search_term_string\"}}],\"inLanguage\":\"en-US\"},{\"@type\":\"Organization\",\"@id\":\"https:\\\/\\\/www.edesia.al\\\/#organization\",\"name\":\"Edesia\",\"url\":\"https:\\\/\\\/www.edesia.al\\\/\",\"logo\":{\"@type\":\"ImageObject\",\"inLanguage\":\"en-US\",\"@id\":\"https:\\\/\\\/www.edesia.al\\\/#\\\/schema\\\/logo\\\/image\\\/\",\"url\":\"https:\\\/\\\/www.edesia.al\\\/wp-content\\\/uploads\\\/2026\\\/02\\\/Logo-Edesia-no-background.png\",\"contentUrl\":\"https:\\\/\\\/www.edesia.al\\\/wp-content\\\/uploads\\\/2026\\\/02\\\/Logo-Edesia-no-background.png\",\"width\":293,\"height\":158,\"caption\":\"Edesia\"},\"image\":{\"@id\":\"https:\\\/\\\/www.edesia.al\\\/#\\\/schema\\\/logo\\\/image\\\/\"}}]}<\/script>\n<!-- \/ Yoast SEO plugin. -->","yoast_head_json":{"title":"Arra Greke Organike - Edesia","robots":{"index":"index","follow":"follow","max-snippet":"max-snippet:-1","max-image-preview":"max-image-preview:large","max-video-preview":"max-video-preview:-1"},"canonical":"https:\/\/www.edesia.al\/?product=arra-greke-organike","og_locale":"en_US","og_type":"article","og_title":"Arra Greke Organike - Edesia","og_description":"Arra Greke Organike (100gr) Arrat jan\u00eb nj\u00eb burim i pasur me vlera ushqyese. P\u00ebrfitimet sh\u00ebndet\u00ebsore : Forcojn\u00eb sistemin imunitar Arrat jan\u00eb nj\u00eb burim i pasur me antioksidant\u00eb dhe vitamin\u00eb C, t\u00eb cilat jan\u00eb t\u00eb r\u00ebnd\u00ebsishme p\u00ebr funksionimin e sistemit imunitar t\u00eb njeriut. Konsumimi i arrave mund t\u00eb ndihmoj\u00eb n\u00eb forcimin e mbrojtjes s\u00eb trupit nga[...]","og_url":"https:\/\/www.edesia.al\/?product=arra-greke-organike","og_site_name":"Edesia","article_modified_time":"2026-02-25T10:24:41+00:00","og_image":[{"width":593,"height":593,"url":"https:\/\/www.edesia.al\/wp-content\/uploads\/2026\/02\/Arra-Greke-1.png","type":"image\/png"}],"twitter_card":"summary_large_image","twitter_misc":{"Est. reading time":"2 minutes"},"schema":{"@context":"https:\/\/schema.org","@graph":[{"@type":"WebPage","@id":"https:\/\/www.edesia.al\/?product=arra-greke-organike","url":"https:\/\/www.edesia.al\/?product=arra-greke-organike","name":"Arra Greke Organike - Edesia","isPartOf":{"@id":"https:\/\/www.edesia.al\/#website"},"primaryImageOfPage":{"@id":"https:\/\/www.edesia.al\/?product=arra-greke-organike#primaryimage"},"image":{"@id":"https:\/\/www.edesia.al\/?product=arra-greke-organike#primaryimage"},"thumbnailUrl":"https:\/\/www.edesia.al\/wp-content\/uploads\/2026\/02\/Arra-Greke-1.png","datePublished":"2026-02-16T21:08:12+00:00","dateModified":"2026-02-25T10:24:41+00:00","breadcrumb":{"@id":"https:\/\/www.edesia.al\/?product=arra-greke-organike#breadcrumb"},"inLanguage":"en-US","potentialAction":[{"@type":"ReadAction","target":["https:\/\/www.edesia.al\/?product=arra-greke-organike"]}]},{"@type":"ImageObject","inLanguage":"en-US","@id":"https:\/\/www.edesia.al\/?product=arra-greke-organike#primaryimage","url":"https:\/\/www.edesia.al\/wp-content\/uploads\/2026\/02\/Arra-Greke-1.png","contentUrl":"https:\/\/www.edesia.al\/wp-content\/uploads\/2026\/02\/Arra-Greke-1.png","width":593,"height":593},{"@type":"BreadcrumbList","@id":"https:\/\/www.edesia.al\/?product=arra-greke-organike#breadcrumb","itemListElement":[{"@type":"ListItem","position":1,"name":"Home","item":"https:\/\/www.edesia.al\/"},{"@type":"ListItem","position":2,"name":"Dyqani","item":"https:\/\/www.edesia.al\/?page_id=17"},{"@type":"ListItem","position":3,"name":"Arra Greke Organike"}]},{"@type":"WebSite","@id":"https:\/\/www.edesia.al\/#website","url":"https:\/\/www.edesia.al\/","name":"Edesia","description":"","publisher":{"@id":"https:\/\/www.edesia.al\/#organization"},"potentialAction":[{"@type":"SearchAction","target":{"@type":"EntryPoint","urlTemplate":"https:\/\/www.edesia.al\/?s={search_term_string}"},"query-input":{"@type":"PropertyValueSpecification","valueRequired":true,"valueName":"search_term_string"}}],"inLanguage":"en-US"},{"@type":"Organization","@id":"https:\/\/www.edesia.al\/#organization","name":"Edesia","url":"https:\/\/www.edesia.al\/","logo":{"@type":"ImageObject","inLanguage":"en-US","@id":"https:\/\/www.edesia.al\/#\/schema\/logo\/image\/","url":"https:\/\/www.edesia.al\/wp-content\/uploads\/2026\/02\/Logo-Edesia-no-background.png","contentUrl":"https:\/\/www.edesia.al\/wp-content\/uploads\/2026\/02\/Logo-Edesia-no-background.png","width":293,"height":158,"caption":"Edesia"},"image":{"@id":"https:\/\/www.edesia.al\/#\/schema\/logo\/image\/"}}]}},"_links":{"self":[{"href":"https:\/\/www.edesia.al\/index.php?rest_route=\/wp\/v2\/product\/6539","targetHints":{"allow":["GET"]}}],"collection":[{"href":"https:\/\/www.edesia.al\/index.php?rest_route=\/wp\/v2\/product"}],"about":[{"href":"https:\/\/www.edesia.al\/index.php?rest_route=\/wp\/v2\/types\/product"}],"replies":[{"embeddable":true,"href":"https:\/\/www.edesia.al\/index.php?rest_route=%2Fwp%2Fv2%2Fcomments&post=6539"}],"wp:featuredmedia":[{"embeddable":true,"href":"https:\/\/www.edesia.al\/index.php?rest_route=\/wp\/v2\/media\/6939"}],"wp:attachment":[{"href":"https:\/\/www.edesia.al\/index.php?rest_route=%2Fwp%2Fv2%2Fmedia&parent=6539"}],"wp:term":[{"taxonomy":"kategori-sipas-dietave","embeddable":true,"href":"https:\/\/www.edesia.al\/index.php?rest_route=%2Fwp%2Fv2%2Fkategori-sipas-dietave&post=6539"},{"taxonomy":"kategori-sipas-problemeve-shende","embeddable":true,"href":"https:\/\/www.edesia.al\/index.php?rest_route=%2Fwp%2Fv2%2Fkategori-sipas-problemeve-shende&post=6539"},{"taxonomy":"product_brand","embeddable":true,"href":"https:\/\/www.edesia.al\/index.php?rest_route=%2Fwp%2Fv2%2Fproduct_brand&post=6539"},{"taxonomy":"product_cat","embeddable":true,"href":"https:\/\/www.edesia.al\/index.php?rest_route=%2Fwp%2Fv2%2Fproduct_cat&post=6539"},{"taxonomy":"product_tag","embeddable":true,"href":"https:\/\/www.edesia.al\/index.php?rest_route=%2Fwp%2Fv2%2Fproduct_tag&post=6539"}],"curies":[{"name":"wp","href":"https:\/\/api.w.org\/{rel}","templated":true}]}}