{"id":6540,"date":"2026-02-16T21:08:12","date_gmt":"2026-02-16T21:08:12","guid":{"rendered":"https:\/\/www.edesia.al\/?post_type=product&#038;p=6540"},"modified":"2026-02-25T11:00:27","modified_gmt":"2026-02-25T11:00:27","slug":"arra-indiane","status":"publish","type":"product","link":"https:\/\/www.edesia.al\/?product=arra-indiane","title":{"rendered":"Arra Indiane"},"content":{"rendered":"<h3>Arra Indiane 100 gr<\/h3>\n<p>Arra Indiane \u00ebsht\u00eb nj\u00eb pem\u00eb tropikale q\u00eb kultivohet n\u00eb Brazil,Vietnam,Indi dhe shum\u00eb vende t\u00eb Afrik\u00ebs.Arra indiane \u00ebsht\u00eb e mbushur me antioksidant\u00eb, minerale dhe vitamina t\u00eb cilat jan\u00eb t\u00eb domosdoshme p\u00ebr sh\u00ebndetin ton\u00eb.Edhe pse nuk njihet shum\u00eb n\u00eb Shqip\u00ebri ajo ka tep\u00ebr benefite p\u00ebr sh\u00ebndetin.<\/p>\n<p>K\u00ebto arra jan\u00eb nj\u00eb burim i shk\u00eblqyesh\u00ebm i zinkut, i cili \u00ebsht\u00eb i r\u00ebnd\u00ebsish\u00ebm p\u00ebr zhvillimin e sistemit imunitar, prodhimin e enzimave antioksiduese dhe p\u00ebr funksionimin e sistemit tuaj imunitar.<\/p>\n<p>Arrat jan\u00eb nj\u00eb burim i shk\u00eblqyesh\u00ebm i bakrit dhe antioksiduesve q\u00eb jan\u00eb t\u00eb dobish\u00ebm p\u00ebr l\u00ebkur\u00ebn dhe flok\u00ebt. Arrat p\u00ebrmbajn\u00eb nj\u00eb larmi mineralesh dhe vitaminash, p\u00ebrfshir\u00eb vitaminat E, K, B6, bak\u00ebr, fosfor, zink, magnez, hekur dhe selen.<\/p>\n<p>Vet\u00ebm kat\u00ebr arra indiane mund t\u00eb sigurojn\u00eb rreth 30% konsumim ditor t\u00eb bakrit dhe 20 % konsumim ditor t\u00eb magnezit. Bakri mb\u00ebshtet zhvillimin e kockave dhe indit lidh\u00ebs, nd\u00ebrsa magnezi ndihmon trupin t\u00eb thith\u00eb kalciumin dhe ul rrezikun e osteoporoz\u00ebs.<\/p>\n","protected":false},"excerpt":{"rendered":"<p>Arra Indiane 100 gr Arra Indiane \u00ebsht\u00eb nj\u00eb pem\u00eb tropikale q\u00eb kultivohet n\u00eb Brazil,Vietnam,Indi dhe shum\u00eb vende t\u00eb Afrik\u00ebs.Arra indiane \u00ebsht\u00eb e mbushur me antioksidant\u00eb, minerale dhe vitamina t\u00eb cilat jan\u00eb t\u00eb domosdoshme p\u00ebr sh\u00ebndetin ton\u00eb.Edhe pse nuk njihet shum\u00eb n\u00eb Shqip\u00ebri ajo ka tep\u00ebr benefite p\u00ebr sh\u00ebndetin. K\u00ebto arra jan\u00eb nj\u00eb burim i shk\u00eblqyesh\u00ebm[&#8230;]<\/p>\n","protected":false},"featured_media":7048,"comment_status":"open","ping_status":"closed","template":"","meta":{"_acf_changed":false,"inline_featured_image":false},"kategori-sipas-dietave":[],"kategori-sipas-problemeve-shende":[],"product_brand":[32],"product_cat":[31,26],"product_tag":[],"class_list":{"0":"post-6540","1":"product","2":"type-product","3":"status-publish","4":"has-post-thumbnail","6":"product_brand-bioagros","7":"product_cat-fruta-te-thata","8":"product_cat-ushqime-bio","10":"first","11":"instock","12":"taxable","13":"shipping-taxable","14":"purchasable","15":"product-type-simple"},"acf":[],"yoast_head":"<!-- This site is optimized with the Yoast SEO plugin v27.4 - https:\/\/yoast.com\/product\/yoast-seo-wordpress\/ -->\n<title>Arra Indiane - Edesia<\/title>\n<meta name=\"robots\" content=\"index, follow, max-snippet:-1, max-image-preview:large, max-video-preview:-1\" \/>\n<link rel=\"canonical\" href=\"https:\/\/www.edesia.al\/?product=arra-indiane\" \/>\n<meta property=\"og:locale\" content=\"en_US\" \/>\n<meta property=\"og:type\" content=\"article\" \/>\n<meta property=\"og:title\" content=\"Arra Indiane - Edesia\" \/>\n<meta property=\"og:description\" content=\"Arra Indiane 100 gr Arra Indiane \u00ebsht\u00eb nj\u00eb pem\u00eb tropikale q\u00eb kultivohet n\u00eb Brazil,Vietnam,Indi dhe shum\u00eb vende t\u00eb Afrik\u00ebs.Arra indiane \u00ebsht\u00eb e mbushur me antioksidant\u00eb, minerale dhe vitamina t\u00eb cilat jan\u00eb t\u00eb domosdoshme p\u00ebr sh\u00ebndetin ton\u00eb.Edhe pse nuk njihet shum\u00eb n\u00eb Shqip\u00ebri ajo ka tep\u00ebr benefite p\u00ebr sh\u00ebndetin. K\u00ebto arra jan\u00eb nj\u00eb burim i shk\u00eblqyesh\u00ebm[...]\" \/>\n<meta property=\"og:url\" content=\"https:\/\/www.edesia.al\/?product=arra-indiane\" \/>\n<meta property=\"og:site_name\" content=\"Edesia\" \/>\n<meta property=\"article:modified_time\" content=\"2026-02-25T11:00:27+00:00\" \/>\n<meta property=\"og:image\" content=\"https:\/\/www.edesia.al\/wp-content\/uploads\/2026\/02\/Arra-indiane-1-1.png\" \/>\n\t<meta property=\"og:image:width\" content=\"535\" \/>\n\t<meta property=\"og:image:height\" content=\"535\" \/>\n\t<meta property=\"og:image:type\" content=\"image\/png\" \/>\n<meta name=\"twitter:card\" content=\"summary_large_image\" \/>\n<meta name=\"twitter:label1\" content=\"Est. reading time\" \/>\n\t<meta name=\"twitter:data1\" content=\"1 minute\" \/>\n<script type=\"application\/ld+json\" class=\"yoast-schema-graph\">{\"@context\":\"https:\\\/\\\/schema.org\",\"@graph\":[{\"@type\":\"WebPage\",\"@id\":\"https:\\\/\\\/www.edesia.al\\\/?product=arra-indiane\",\"url\":\"https:\\\/\\\/www.edesia.al\\\/?product=arra-indiane\",\"name\":\"Arra Indiane - Edesia\",\"isPartOf\":{\"@id\":\"https:\\\/\\\/www.edesia.al\\\/#website\"},\"primaryImageOfPage\":{\"@id\":\"https:\\\/\\\/www.edesia.al\\\/?product=arra-indiane#primaryimage\"},\"image\":{\"@id\":\"https:\\\/\\\/www.edesia.al\\\/?product=arra-indiane#primaryimage\"},\"thumbnailUrl\":\"https:\\\/\\\/www.edesia.al\\\/wp-content\\\/uploads\\\/2026\\\/02\\\/Arra-indiane-1-1.png\",\"datePublished\":\"2026-02-16T21:08:12+00:00\",\"dateModified\":\"2026-02-25T11:00:27+00:00\",\"breadcrumb\":{\"@id\":\"https:\\\/\\\/www.edesia.al\\\/?product=arra-indiane#breadcrumb\"},\"inLanguage\":\"en-US\",\"potentialAction\":[{\"@type\":\"ReadAction\",\"target\":[\"https:\\\/\\\/www.edesia.al\\\/?product=arra-indiane\"]}]},{\"@type\":\"ImageObject\",\"inLanguage\":\"en-US\",\"@id\":\"https:\\\/\\\/www.edesia.al\\\/?product=arra-indiane#primaryimage\",\"url\":\"https:\\\/\\\/www.edesia.al\\\/wp-content\\\/uploads\\\/2026\\\/02\\\/Arra-indiane-1-1.png\",\"contentUrl\":\"https:\\\/\\\/www.edesia.al\\\/wp-content\\\/uploads\\\/2026\\\/02\\\/Arra-indiane-1-1.png\",\"width\":535,\"height\":535},{\"@type\":\"BreadcrumbList\",\"@id\":\"https:\\\/\\\/www.edesia.al\\\/?product=arra-indiane#breadcrumb\",\"itemListElement\":[{\"@type\":\"ListItem\",\"position\":1,\"name\":\"Home\",\"item\":\"https:\\\/\\\/www.edesia.al\\\/\"},{\"@type\":\"ListItem\",\"position\":2,\"name\":\"Dyqani\",\"item\":\"https:\\\/\\\/www.edesia.al\\\/?page_id=17\"},{\"@type\":\"ListItem\",\"position\":3,\"name\":\"Arra Indiane\"}]},{\"@type\":\"WebSite\",\"@id\":\"https:\\\/\\\/www.edesia.al\\\/#website\",\"url\":\"https:\\\/\\\/www.edesia.al\\\/\",\"name\":\"Edesia\",\"description\":\"\",\"publisher\":{\"@id\":\"https:\\\/\\\/www.edesia.al\\\/#organization\"},\"potentialAction\":[{\"@type\":\"SearchAction\",\"target\":{\"@type\":\"EntryPoint\",\"urlTemplate\":\"https:\\\/\\\/www.edesia.al\\\/?s={search_term_string}\"},\"query-input\":{\"@type\":\"PropertyValueSpecification\",\"valueRequired\":true,\"valueName\":\"search_term_string\"}}],\"inLanguage\":\"en-US\"},{\"@type\":\"Organization\",\"@id\":\"https:\\\/\\\/www.edesia.al\\\/#organization\",\"name\":\"Edesia\",\"url\":\"https:\\\/\\\/www.edesia.al\\\/\",\"logo\":{\"@type\":\"ImageObject\",\"inLanguage\":\"en-US\",\"@id\":\"https:\\\/\\\/www.edesia.al\\\/#\\\/schema\\\/logo\\\/image\\\/\",\"url\":\"https:\\\/\\\/www.edesia.al\\\/wp-content\\\/uploads\\\/2026\\\/02\\\/Logo-Edesia-no-background.png\",\"contentUrl\":\"https:\\\/\\\/www.edesia.al\\\/wp-content\\\/uploads\\\/2026\\\/02\\\/Logo-Edesia-no-background.png\",\"width\":293,\"height\":158,\"caption\":\"Edesia\"},\"image\":{\"@id\":\"https:\\\/\\\/www.edesia.al\\\/#\\\/schema\\\/logo\\\/image\\\/\"}}]}<\/script>\n<!-- \/ Yoast SEO plugin. -->","yoast_head_json":{"title":"Arra Indiane - Edesia","robots":{"index":"index","follow":"follow","max-snippet":"max-snippet:-1","max-image-preview":"max-image-preview:large","max-video-preview":"max-video-preview:-1"},"canonical":"https:\/\/www.edesia.al\/?product=arra-indiane","og_locale":"en_US","og_type":"article","og_title":"Arra Indiane - Edesia","og_description":"Arra Indiane 100 gr Arra Indiane \u00ebsht\u00eb nj\u00eb pem\u00eb tropikale q\u00eb kultivohet n\u00eb Brazil,Vietnam,Indi dhe shum\u00eb vende t\u00eb Afrik\u00ebs.Arra indiane \u00ebsht\u00eb e mbushur me antioksidant\u00eb, minerale dhe vitamina t\u00eb cilat jan\u00eb t\u00eb domosdoshme p\u00ebr sh\u00ebndetin ton\u00eb.Edhe pse nuk njihet shum\u00eb n\u00eb Shqip\u00ebri ajo ka tep\u00ebr benefite p\u00ebr sh\u00ebndetin. K\u00ebto arra jan\u00eb nj\u00eb burim i shk\u00eblqyesh\u00ebm[...]","og_url":"https:\/\/www.edesia.al\/?product=arra-indiane","og_site_name":"Edesia","article_modified_time":"2026-02-25T11:00:27+00:00","og_image":[{"width":535,"height":535,"url":"https:\/\/www.edesia.al\/wp-content\/uploads\/2026\/02\/Arra-indiane-1-1.png","type":"image\/png"}],"twitter_card":"summary_large_image","twitter_misc":{"Est. reading time":"1 minute"},"schema":{"@context":"https:\/\/schema.org","@graph":[{"@type":"WebPage","@id":"https:\/\/www.edesia.al\/?product=arra-indiane","url":"https:\/\/www.edesia.al\/?product=arra-indiane","name":"Arra Indiane - Edesia","isPartOf":{"@id":"https:\/\/www.edesia.al\/#website"},"primaryImageOfPage":{"@id":"https:\/\/www.edesia.al\/?product=arra-indiane#primaryimage"},"image":{"@id":"https:\/\/www.edesia.al\/?product=arra-indiane#primaryimage"},"thumbnailUrl":"https:\/\/www.edesia.al\/wp-content\/uploads\/2026\/02\/Arra-indiane-1-1.png","datePublished":"2026-02-16T21:08:12+00:00","dateModified":"2026-02-25T11:00:27+00:00","breadcrumb":{"@id":"https:\/\/www.edesia.al\/?product=arra-indiane#breadcrumb"},"inLanguage":"en-US","potentialAction":[{"@type":"ReadAction","target":["https:\/\/www.edesia.al\/?product=arra-indiane"]}]},{"@type":"ImageObject","inLanguage":"en-US","@id":"https:\/\/www.edesia.al\/?product=arra-indiane#primaryimage","url":"https:\/\/www.edesia.al\/wp-content\/uploads\/2026\/02\/Arra-indiane-1-1.png","contentUrl":"https:\/\/www.edesia.al\/wp-content\/uploads\/2026\/02\/Arra-indiane-1-1.png","width":535,"height":535},{"@type":"BreadcrumbList","@id":"https:\/\/www.edesia.al\/?product=arra-indiane#breadcrumb","itemListElement":[{"@type":"ListItem","position":1,"name":"Home","item":"https:\/\/www.edesia.al\/"},{"@type":"ListItem","position":2,"name":"Dyqani","item":"https:\/\/www.edesia.al\/?page_id=17"},{"@type":"ListItem","position":3,"name":"Arra Indiane"}]},{"@type":"WebSite","@id":"https:\/\/www.edesia.al\/#website","url":"https:\/\/www.edesia.al\/","name":"Edesia","description":"","publisher":{"@id":"https:\/\/www.edesia.al\/#organization"},"potentialAction":[{"@type":"SearchAction","target":{"@type":"EntryPoint","urlTemplate":"https:\/\/www.edesia.al\/?s={search_term_string}"},"query-input":{"@type":"PropertyValueSpecification","valueRequired":true,"valueName":"search_term_string"}}],"inLanguage":"en-US"},{"@type":"Organization","@id":"https:\/\/www.edesia.al\/#organization","name":"Edesia","url":"https:\/\/www.edesia.al\/","logo":{"@type":"ImageObject","inLanguage":"en-US","@id":"https:\/\/www.edesia.al\/#\/schema\/logo\/image\/","url":"https:\/\/www.edesia.al\/wp-content\/uploads\/2026\/02\/Logo-Edesia-no-background.png","contentUrl":"https:\/\/www.edesia.al\/wp-content\/uploads\/2026\/02\/Logo-Edesia-no-background.png","width":293,"height":158,"caption":"Edesia"},"image":{"@id":"https:\/\/www.edesia.al\/#\/schema\/logo\/image\/"}}]}},"_links":{"self":[{"href":"https:\/\/www.edesia.al\/index.php?rest_route=\/wp\/v2\/product\/6540","targetHints":{"allow":["GET"]}}],"collection":[{"href":"https:\/\/www.edesia.al\/index.php?rest_route=\/wp\/v2\/product"}],"about":[{"href":"https:\/\/www.edesia.al\/index.php?rest_route=\/wp\/v2\/types\/product"}],"replies":[{"embeddable":true,"href":"https:\/\/www.edesia.al\/index.php?rest_route=%2Fwp%2Fv2%2Fcomments&post=6540"}],"wp:featuredmedia":[{"embeddable":true,"href":"https:\/\/www.edesia.al\/index.php?rest_route=\/wp\/v2\/media\/7048"}],"wp:attachment":[{"href":"https:\/\/www.edesia.al\/index.php?rest_route=%2Fwp%2Fv2%2Fmedia&parent=6540"}],"wp:term":[{"taxonomy":"kategori-sipas-dietave","embeddable":true,"href":"https:\/\/www.edesia.al\/index.php?rest_route=%2Fwp%2Fv2%2Fkategori-sipas-dietave&post=6540"},{"taxonomy":"kategori-sipas-problemeve-shende","embeddable":true,"href":"https:\/\/www.edesia.al\/index.php?rest_route=%2Fwp%2Fv2%2Fkategori-sipas-problemeve-shende&post=6540"},{"taxonomy":"product_brand","embeddable":true,"href":"https:\/\/www.edesia.al\/index.php?rest_route=%2Fwp%2Fv2%2Fproduct_brand&post=6540"},{"taxonomy":"product_cat","embeddable":true,"href":"https:\/\/www.edesia.al\/index.php?rest_route=%2Fwp%2Fv2%2Fproduct_cat&post=6540"},{"taxonomy":"product_tag","embeddable":true,"href":"https:\/\/www.edesia.al\/index.php?rest_route=%2Fwp%2Fv2%2Fproduct_tag&post=6540"}],"curies":[{"name":"wp","href":"https:\/\/api.w.org\/{rel}","templated":true}]}}