{"id":6541,"date":"2026-02-16T21:08:12","date_gmt":"2026-02-16T21:08:12","guid":{"rendered":"https:\/\/www.edesia.al\/?post_type=product&#038;p=6541"},"modified":"2026-02-21T12:10:01","modified_gmt":"2026-02-21T12:10:01","slug":"kena-neutrale","status":"publish","type":"product","link":"https:\/\/www.edesia.al\/?product=kena-neutrale","title":{"rendered":"Kena Neutrale"},"content":{"rendered":"<h3>Kena Neutrale &#8211; Pangjyr\u00eb (250gr)<\/h3>\n<p>Me prejardhje nga gjethet <em>Cassia auriculata<\/em>, k\u00ebna &#8220;neutrale&#8221; u sjell flok\u00ebve forc\u00eb, shk\u00eblqim dhe volum pa i ngjyrosur.\u00a0P\u00ebrdoret p\u00ebr t\u00eb p\u00ebrgatitur maska \u200b\u200bp\u00ebr flok\u00ebt, \u00ebsht\u00eb i njohur edhe p\u00ebr pastrimin e skalpi nga yndyra apo zbokthi.<\/p>\n<h4>Benefitet\u00a0 e perdorimit\u00a0 t\u00eb k\u00ebnas\u00eb natyrale:<\/h4>\n<ul>\n<li>Pastron skalpin nga yndyra e tep\u00ebrt dhe zbokthi.<\/li>\n<li>Rrit dhe forcon flok\u00ebt.<\/li>\n<li>Ju jep nj\u00eb shk\u00eblqim natyral dhe vitalitet.<\/li>\n<li>I mbron nga djegia dhe majat dyshe.<\/li>\n<li>Riparon dhe hidraton majat e dyfishta dhe flokun e thar\u00eb.<\/li>\n<li>Mund t\u00eb p\u00ebrdoret dhe nga nga grat\u00eb shtatzane apo me gji.<\/li>\n<\/ul>\n<h4>P\u00ebrb\u00ebrja:<\/h4>\n<p>Gjethet neutrale t\u00eb k\u00ebnas\u00eb <em>Cassia auriculata.\u00a0<\/em><\/p>\n<h4>P\u00ebrdorimet:<\/h4>\n<ul>\n<li>Si nj\u00eb trajtim n\u00eb form\u00eb maske p\u00ebr flok\u00ebt nj\u00eb her\u00eb n\u00eb jav\u00eb. P\u00ebrzijeni s\u00ebbashku me vajra natyral ose esencial sipas nevojave t\u00eb flokut dhe l\u00ebreni 20-30 minuta.<\/li>\n<li>\u00a0P\u00ebrzihet me k\u00ebna ngjyruese\u00a0p\u00ebr t&#8217;i holluar ato dhe p\u00ebr k\u00ebt\u00eb arsye zbut ngjyrosjen ose modifikon nuanc\u00ebn.\u00a0M\u00eb pas mund ta lini t\u00eb veproj\u00eb p\u00ebr koh\u00ebn e nevojshme p\u00ebr t\u00eb marr\u00eb ngjyr\u00ebn e d\u00ebshiruar, p\u00ebrgjith\u00ebsisht\u00a01 deri n\u00eb 3 or\u00eb\u00a0.<\/li>\n<li>P\u00ebr t\u00eb p\u00ebrgatitur nj\u00eb shampo bimore. Kombinoni k\u00ebna neutrale me pluhura t\u00eb pasura me saponina (Shikaka\u00ef, Reetha) p\u00ebr efektin e tyre pastrues. P\u00ebrgatitni nj\u00eb past\u00eb me uj\u00eb, aplikojeni n\u00eb l\u00ebkur\u00ebn e kok\u00ebs duke e masazhuar, shtrijeni p\u00ebr t\u00eb mbuluar gjat\u00ebsit\u00eb dhe l\u00ebreni t\u00eb veproj\u00eb p\u00ebr 3-5 minuta p\u00ebrpara se ta shp\u00eblani.<\/li>\n<li>P\u00ebrpara larjes me shampo aplikoni past\u00ebn neutrale me baz\u00eb k\u00ebna n\u00eb flok\u00eb t\u00eb that\u00eb. L\u00ebreni p\u00ebr 15 deri n\u00eb 30 minuta.\u00a0K\u00ebshill\u00eb: ujin e nxeht\u00eb mund ta z\u00ebvend\u00ebsoni me caj, vajra bimore, vajra esencial\u00eb&#8230; (Shembull: rozmarina kund\u00ebr zbokthit).<\/li>\n<\/ul>\n<h4>Masat Paraprake:<\/h4>\n<ul>\n<li>Kryeni nj\u00eb test paraprak t\u00eb ndjeshm\u00ebris\u00eb n\u00eb kthes\u00ebn e b\u00ebrrylit t\u00eb pakt\u00ebn 48 or\u00eb p\u00ebrpara aplikimit.<\/li>\n<li>Kryeni gjithmon\u00eb nj\u00eb test paraprak n\u00eb qimet e mbledhura n\u00eb fur\u00e7\u00ebn tuaj, prisni 48 or\u00eb p\u00ebr t\u00eb vler\u00ebsuar rezultatin p\u00ebrfundimtar.<\/li>\n<li>Shmangni p\u00ebrdorimin e en\u00ebve prej hekuri ose alumini p\u00ebr t\u00eb p\u00ebrgatitur past\u00ebn (preferoni \u00e7elik inox ose nj\u00eb shpatull gome).<\/li>\n<li>P\u00ebrdorni dorezat e ofruara p\u00ebr t\u00eb shmangur njollat \u200b\u200be gishtave.<\/li>\n<li>Pasta e k\u00ebnas njollos rrobat, mos harroni t\u2019i mbroni ato!<\/li>\n<li>Shmangni kontaktin me syt\u00eb. N\u00eb rast kontakti, shp\u00eblajeni me uj\u00eb t\u00eb past\u00ebr.<\/li>\n<li>P\u00ebrdoreni produktin n\u00eb nj\u00eb dhom\u00eb t\u00eb ajrosur mir\u00eb.<\/li>\n<li>Mos e p\u00ebrdorni n\u00eb qerpik\u00eb apo vetulla.<\/li>\n<li>Referojuni udh\u00ebzimeve p\u00ebr p\u00ebrdorim.<\/li>\n<li>Mbani pluhruin e k\u00ebnas\u00eb larg nxeht\u00ebsis\u00eb dhe drit\u00ebs.<\/li>\n<li>Periudha e rekomanduar e p\u00ebrdorimit p\u00ebr k\u00ebt\u00eb produkt \u00ebsht\u00eb 24 mua<\/li>\n<\/ul>\n","protected":false},"excerpt":{"rendered":"<p>Kena Neutrale &#8211; Pangjyr\u00eb (250gr) Me prejardhje nga gjethet Cassia auriculata, k\u00ebna &#8220;neutrale&#8221; u sjell flok\u00ebve forc\u00eb, shk\u00eblqim dhe volum pa i ngjyrosur.\u00a0P\u00ebrdoret p\u00ebr t\u00eb p\u00ebrgatitur maska \u200b\u200bp\u00ebr flok\u00ebt, \u00ebsht\u00eb i njohur edhe p\u00ebr pastrimin e skalpi nga yndyra apo zbokthi. Benefitet\u00a0 e perdorimit\u00a0 t\u00eb k\u00ebnas\u00eb natyrale: Pastron skalpin nga yndyra e tep\u00ebrt dhe zbokthi.[&#8230;]<\/p>\n","protected":false},"featured_media":0,"comment_status":"open","ping_status":"closed","template":"","meta":{"_acf_changed":false,"inline_featured_image":false},"kategori-sipas-dietave":[],"kategori-sipas-problemeve-shende":[],"product_brand":[98],"product_cat":[65,79,23],"product_tag":[],"class_list":{"0":"post-6541","1":"product","2":"type-product","3":"status-publish","5":"product_brand-aroma-zone","6":"product_cat-henna-boje-bimore-per-floket","7":"product_cat-kozmetike-kujdes-personal","8":"product_cat-vajra-kozmetike","10":"first","11":"instock","12":"taxable","13":"shipping-taxable","14":"purchasable","15":"product-type-simple"},"acf":[],"yoast_head":"<!-- This site is optimized with the Yoast SEO plugin v27.4 - https:\/\/yoast.com\/product\/yoast-seo-wordpress\/ -->\n<title>Kena Neutrale - Edesia<\/title>\n<meta name=\"robots\" content=\"index, follow, max-snippet:-1, max-image-preview:large, max-video-preview:-1\" \/>\n<link rel=\"canonical\" href=\"https:\/\/www.edesia.al\/?product=kena-neutrale\" \/>\n<meta property=\"og:locale\" content=\"en_US\" \/>\n<meta property=\"og:type\" content=\"article\" \/>\n<meta property=\"og:title\" content=\"Kena Neutrale - Edesia\" \/>\n<meta property=\"og:description\" content=\"Kena Neutrale &#8211; Pangjyr\u00eb (250gr) Me prejardhje nga gjethet Cassia auriculata, k\u00ebna &#8220;neutrale&#8221; u sjell flok\u00ebve forc\u00eb, shk\u00eblqim dhe volum pa i ngjyrosur.\u00a0P\u00ebrdoret p\u00ebr t\u00eb p\u00ebrgatitur maska \u200b\u200bp\u00ebr flok\u00ebt, \u00ebsht\u00eb i njohur edhe p\u00ebr pastrimin e skalpi nga yndyra apo zbokthi. Benefitet\u00a0 e perdorimit\u00a0 t\u00eb k\u00ebnas\u00eb natyrale: Pastron skalpin nga yndyra e tep\u00ebrt dhe zbokthi.[...]\" \/>\n<meta property=\"og:url\" content=\"https:\/\/www.edesia.al\/?product=kena-neutrale\" \/>\n<meta property=\"og:site_name\" content=\"Edesia\" \/>\n<meta property=\"article:modified_time\" content=\"2026-02-21T12:10:01+00:00\" \/>\n<meta name=\"twitter:card\" content=\"summary_large_image\" \/>\n<meta name=\"twitter:label1\" content=\"Est. reading time\" \/>\n\t<meta name=\"twitter:data1\" content=\"2 minutes\" \/>\n<script type=\"application\/ld+json\" class=\"yoast-schema-graph\">{\"@context\":\"https:\\\/\\\/schema.org\",\"@graph\":[{\"@type\":\"WebPage\",\"@id\":\"https:\\\/\\\/www.edesia.al\\\/?product=kena-neutrale\",\"url\":\"https:\\\/\\\/www.edesia.al\\\/?product=kena-neutrale\",\"name\":\"Kena Neutrale - Edesia\",\"isPartOf\":{\"@id\":\"https:\\\/\\\/www.edesia.al\\\/#website\"},\"datePublished\":\"2026-02-16T21:08:12+00:00\",\"dateModified\":\"2026-02-21T12:10:01+00:00\",\"breadcrumb\":{\"@id\":\"https:\\\/\\\/www.edesia.al\\\/?product=kena-neutrale#breadcrumb\"},\"inLanguage\":\"en-US\",\"potentialAction\":[{\"@type\":\"ReadAction\",\"target\":[\"https:\\\/\\\/www.edesia.al\\\/?product=kena-neutrale\"]}]},{\"@type\":\"BreadcrumbList\",\"@id\":\"https:\\\/\\\/www.edesia.al\\\/?product=kena-neutrale#breadcrumb\",\"itemListElement\":[{\"@type\":\"ListItem\",\"position\":1,\"name\":\"Home\",\"item\":\"https:\\\/\\\/www.edesia.al\\\/\"},{\"@type\":\"ListItem\",\"position\":2,\"name\":\"Dyqani\",\"item\":\"https:\\\/\\\/www.edesia.al\\\/?page_id=17\"},{\"@type\":\"ListItem\",\"position\":3,\"name\":\"Kena Neutrale\"}]},{\"@type\":\"WebSite\",\"@id\":\"https:\\\/\\\/www.edesia.al\\\/#website\",\"url\":\"https:\\\/\\\/www.edesia.al\\\/\",\"name\":\"Edesia\",\"description\":\"\",\"publisher\":{\"@id\":\"https:\\\/\\\/www.edesia.al\\\/#organization\"},\"potentialAction\":[{\"@type\":\"SearchAction\",\"target\":{\"@type\":\"EntryPoint\",\"urlTemplate\":\"https:\\\/\\\/www.edesia.al\\\/?s={search_term_string}\"},\"query-input\":{\"@type\":\"PropertyValueSpecification\",\"valueRequired\":true,\"valueName\":\"search_term_string\"}}],\"inLanguage\":\"en-US\"},{\"@type\":\"Organization\",\"@id\":\"https:\\\/\\\/www.edesia.al\\\/#organization\",\"name\":\"Edesia\",\"url\":\"https:\\\/\\\/www.edesia.al\\\/\",\"logo\":{\"@type\":\"ImageObject\",\"inLanguage\":\"en-US\",\"@id\":\"https:\\\/\\\/www.edesia.al\\\/#\\\/schema\\\/logo\\\/image\\\/\",\"url\":\"https:\\\/\\\/www.edesia.al\\\/wp-content\\\/uploads\\\/2026\\\/02\\\/Logo-Edesia-no-background.png\",\"contentUrl\":\"https:\\\/\\\/www.edesia.al\\\/wp-content\\\/uploads\\\/2026\\\/02\\\/Logo-Edesia-no-background.png\",\"width\":293,\"height\":158,\"caption\":\"Edesia\"},\"image\":{\"@id\":\"https:\\\/\\\/www.edesia.al\\\/#\\\/schema\\\/logo\\\/image\\\/\"}}]}<\/script>\n<!-- \/ Yoast SEO plugin. -->","yoast_head_json":{"title":"Kena Neutrale - Edesia","robots":{"index":"index","follow":"follow","max-snippet":"max-snippet:-1","max-image-preview":"max-image-preview:large","max-video-preview":"max-video-preview:-1"},"canonical":"https:\/\/www.edesia.al\/?product=kena-neutrale","og_locale":"en_US","og_type":"article","og_title":"Kena Neutrale - Edesia","og_description":"Kena Neutrale &#8211; Pangjyr\u00eb (250gr) Me prejardhje nga gjethet Cassia auriculata, k\u00ebna &#8220;neutrale&#8221; u sjell flok\u00ebve forc\u00eb, shk\u00eblqim dhe volum pa i ngjyrosur.\u00a0P\u00ebrdoret p\u00ebr t\u00eb p\u00ebrgatitur maska \u200b\u200bp\u00ebr flok\u00ebt, \u00ebsht\u00eb i njohur edhe p\u00ebr pastrimin e skalpi nga yndyra apo zbokthi. Benefitet\u00a0 e perdorimit\u00a0 t\u00eb k\u00ebnas\u00eb natyrale: Pastron skalpin nga yndyra e tep\u00ebrt dhe zbokthi.[...]","og_url":"https:\/\/www.edesia.al\/?product=kena-neutrale","og_site_name":"Edesia","article_modified_time":"2026-02-21T12:10:01+00:00","twitter_card":"summary_large_image","twitter_misc":{"Est. reading time":"2 minutes"},"schema":{"@context":"https:\/\/schema.org","@graph":[{"@type":"WebPage","@id":"https:\/\/www.edesia.al\/?product=kena-neutrale","url":"https:\/\/www.edesia.al\/?product=kena-neutrale","name":"Kena Neutrale - Edesia","isPartOf":{"@id":"https:\/\/www.edesia.al\/#website"},"datePublished":"2026-02-16T21:08:12+00:00","dateModified":"2026-02-21T12:10:01+00:00","breadcrumb":{"@id":"https:\/\/www.edesia.al\/?product=kena-neutrale#breadcrumb"},"inLanguage":"en-US","potentialAction":[{"@type":"ReadAction","target":["https:\/\/www.edesia.al\/?product=kena-neutrale"]}]},{"@type":"BreadcrumbList","@id":"https:\/\/www.edesia.al\/?product=kena-neutrale#breadcrumb","itemListElement":[{"@type":"ListItem","position":1,"name":"Home","item":"https:\/\/www.edesia.al\/"},{"@type":"ListItem","position":2,"name":"Dyqani","item":"https:\/\/www.edesia.al\/?page_id=17"},{"@type":"ListItem","position":3,"name":"Kena Neutrale"}]},{"@type":"WebSite","@id":"https:\/\/www.edesia.al\/#website","url":"https:\/\/www.edesia.al\/","name":"Edesia","description":"","publisher":{"@id":"https:\/\/www.edesia.al\/#organization"},"potentialAction":[{"@type":"SearchAction","target":{"@type":"EntryPoint","urlTemplate":"https:\/\/www.edesia.al\/?s={search_term_string}"},"query-input":{"@type":"PropertyValueSpecification","valueRequired":true,"valueName":"search_term_string"}}],"inLanguage":"en-US"},{"@type":"Organization","@id":"https:\/\/www.edesia.al\/#organization","name":"Edesia","url":"https:\/\/www.edesia.al\/","logo":{"@type":"ImageObject","inLanguage":"en-US","@id":"https:\/\/www.edesia.al\/#\/schema\/logo\/image\/","url":"https:\/\/www.edesia.al\/wp-content\/uploads\/2026\/02\/Logo-Edesia-no-background.png","contentUrl":"https:\/\/www.edesia.al\/wp-content\/uploads\/2026\/02\/Logo-Edesia-no-background.png","width":293,"height":158,"caption":"Edesia"},"image":{"@id":"https:\/\/www.edesia.al\/#\/schema\/logo\/image\/"}}]}},"_links":{"self":[{"href":"https:\/\/www.edesia.al\/index.php?rest_route=\/wp\/v2\/product\/6541","targetHints":{"allow":["GET"]}}],"collection":[{"href":"https:\/\/www.edesia.al\/index.php?rest_route=\/wp\/v2\/product"}],"about":[{"href":"https:\/\/www.edesia.al\/index.php?rest_route=\/wp\/v2\/types\/product"}],"replies":[{"embeddable":true,"href":"https:\/\/www.edesia.al\/index.php?rest_route=%2Fwp%2Fv2%2Fcomments&post=6541"}],"wp:attachment":[{"href":"https:\/\/www.edesia.al\/index.php?rest_route=%2Fwp%2Fv2%2Fmedia&parent=6541"}],"wp:term":[{"taxonomy":"kategori-sipas-dietave","embeddable":true,"href":"https:\/\/www.edesia.al\/index.php?rest_route=%2Fwp%2Fv2%2Fkategori-sipas-dietave&post=6541"},{"taxonomy":"kategori-sipas-problemeve-shende","embeddable":true,"href":"https:\/\/www.edesia.al\/index.php?rest_route=%2Fwp%2Fv2%2Fkategori-sipas-problemeve-shende&post=6541"},{"taxonomy":"product_brand","embeddable":true,"href":"https:\/\/www.edesia.al\/index.php?rest_route=%2Fwp%2Fv2%2Fproduct_brand&post=6541"},{"taxonomy":"product_cat","embeddable":true,"href":"https:\/\/www.edesia.al\/index.php?rest_route=%2Fwp%2Fv2%2Fproduct_cat&post=6541"},{"taxonomy":"product_tag","embeddable":true,"href":"https:\/\/www.edesia.al\/index.php?rest_route=%2Fwp%2Fv2%2Fproduct_tag&post=6541"}],"curies":[{"name":"wp","href":"https:\/\/api.w.org\/{rel}","templated":true}]}}