{"id":6589,"date":"2026-02-16T21:08:35","date_gmt":"2026-02-16T21:08:35","guid":{"rendered":"https:\/\/www.edesia.al\/?post_type=product&#038;p=6589"},"modified":"2026-02-16T21:08:46","modified_gmt":"2026-02-16T21:08:46","slug":"makarona-yje","status":"publish","type":"product","link":"https:\/\/www.edesia.al\/?product=makarona-yje","title":{"rendered":"Makarona Yje"},"content":{"rendered":"<h3>Makarona Yje Pa Gluten ( 250g)<\/h3>\n<p>T\u00eb b\u00ebra nga miell i therrjzave dhe bizeleve k\u00ebto makarona jan\u00eb t\u00eb pasura fosfor, hekur, zink dhe mangan. Gjithashtu kan\u00eb nj\u00eb p\u00ebrmbajtje t\u00eb lart\u00eb me proteina, fibra dhe l\u00ebnd\u00eb t\u00eb tjera ushqyese. Pa gluten, pa vez\u00eb, pa laktoz\u00eb, pa sheqer t\u00eb shtuar, 100% Bio-Organic.<\/p>\n<h4>P\u00ebrb\u00ebr\u00ebsit:<\/h4>\n<p>Miell bizele jeshile 100% organike dhe thjerr\u00ebza t\u00eb kuqe organike.<\/p>\n<p>&nbsp;<\/p>\n","protected":false},"excerpt":{"rendered":"<p>Makarona Yje Pa Gluten ( 250g) T\u00eb b\u00ebra nga miell i therrjzave dhe bizeleve k\u00ebto makarona jan\u00eb t\u00eb pasura fosfor, hekur, zink dhe mangan. Gjithashtu kan\u00eb nj\u00eb p\u00ebrmbajtje t\u00eb lart\u00eb me proteina, fibra dhe l\u00ebnd\u00eb t\u00eb tjera ushqyese. Pa gluten, pa vez\u00eb, pa laktoz\u00eb, pa sheqer t\u00eb shtuar, 100% Bio-Organic. P\u00ebrb\u00ebr\u00ebsit: Miell bizele jeshile 100%[&#8230;]<\/p>\n","protected":false},"featured_media":6617,"comment_status":"open","ping_status":"closed","template":"","meta":{"_acf_changed":false,"inline_featured_image":false},"kategori-sipas-dietave":[],"kategori-sipas-problemeve-shende":[],"product_brand":[],"product_cat":[26],"product_tag":[],"class_list":{"0":"post-6589","1":"product","2":"type-product","3":"status-publish","4":"has-post-thumbnail","6":"product_cat-ushqime-bio","8":"first","9":"instock","10":"taxable","11":"shipping-taxable","12":"purchasable","13":"product-type-simple"},"acf":[],"yoast_head":"<!-- This site is optimized with the Yoast SEO plugin v27.4 - https:\/\/yoast.com\/product\/yoast-seo-wordpress\/ -->\n<title>Makarona Yje - Edesia<\/title>\n<meta name=\"robots\" content=\"index, follow, max-snippet:-1, max-image-preview:large, max-video-preview:-1\" \/>\n<link rel=\"canonical\" href=\"https:\/\/www.edesia.al\/?product=makarona-yje\" \/>\n<meta property=\"og:locale\" content=\"en_US\" \/>\n<meta property=\"og:type\" content=\"article\" \/>\n<meta property=\"og:title\" content=\"Makarona Yje - Edesia\" \/>\n<meta property=\"og:description\" content=\"Makarona Yje Pa Gluten ( 250g) T\u00eb b\u00ebra nga miell i therrjzave dhe bizeleve k\u00ebto makarona jan\u00eb t\u00eb pasura fosfor, hekur, zink dhe mangan. Gjithashtu kan\u00eb nj\u00eb p\u00ebrmbajtje t\u00eb lart\u00eb me proteina, fibra dhe l\u00ebnd\u00eb t\u00eb tjera ushqyese. Pa gluten, pa vez\u00eb, pa laktoz\u00eb, pa sheqer t\u00eb shtuar, 100% Bio-Organic. P\u00ebrb\u00ebr\u00ebsit: Miell bizele jeshile 100%[...]\" \/>\n<meta property=\"og:url\" content=\"https:\/\/www.edesia.al\/?product=makarona-yje\" \/>\n<meta property=\"og:site_name\" content=\"Edesia\" \/>\n<meta property=\"article:modified_time\" content=\"2026-02-16T21:08:46+00:00\" \/>\n<meta property=\"og:image\" content=\"https:\/\/www.edesia.al\/wp-content\/uploads\/2026\/02\/stelline-1.jpg\" \/>\n\t<meta property=\"og:image:width\" content=\"646\" \/>\n\t<meta property=\"og:image:height\" content=\"646\" \/>\n\t<meta property=\"og:image:type\" content=\"image\/jpeg\" \/>\n<meta name=\"twitter:card\" content=\"summary_large_image\" \/>\n<script type=\"application\/ld+json\" class=\"yoast-schema-graph\">{\"@context\":\"https:\\\/\\\/schema.org\",\"@graph\":[{\"@type\":\"WebPage\",\"@id\":\"https:\\\/\\\/www.edesia.al\\\/?product=makarona-yje\",\"url\":\"https:\\\/\\\/www.edesia.al\\\/?product=makarona-yje\",\"name\":\"Makarona Yje - Edesia\",\"isPartOf\":{\"@id\":\"https:\\\/\\\/www.edesia.al\\\/#website\"},\"primaryImageOfPage\":{\"@id\":\"https:\\\/\\\/www.edesia.al\\\/?product=makarona-yje#primaryimage\"},\"image\":{\"@id\":\"https:\\\/\\\/www.edesia.al\\\/?product=makarona-yje#primaryimage\"},\"thumbnailUrl\":\"https:\\\/\\\/www.edesia.al\\\/wp-content\\\/uploads\\\/2026\\\/02\\\/stelline-1.jpg\",\"datePublished\":\"2026-02-16T21:08:35+00:00\",\"dateModified\":\"2026-02-16T21:08:46+00:00\",\"breadcrumb\":{\"@id\":\"https:\\\/\\\/www.edesia.al\\\/?product=makarona-yje#breadcrumb\"},\"inLanguage\":\"en-US\",\"potentialAction\":[{\"@type\":\"ReadAction\",\"target\":[\"https:\\\/\\\/www.edesia.al\\\/?product=makarona-yje\"]}]},{\"@type\":\"ImageObject\",\"inLanguage\":\"en-US\",\"@id\":\"https:\\\/\\\/www.edesia.al\\\/?product=makarona-yje#primaryimage\",\"url\":\"https:\\\/\\\/www.edesia.al\\\/wp-content\\\/uploads\\\/2026\\\/02\\\/stelline-1.jpg\",\"contentUrl\":\"https:\\\/\\\/www.edesia.al\\\/wp-content\\\/uploads\\\/2026\\\/02\\\/stelline-1.jpg\",\"width\":646,\"height\":646},{\"@type\":\"BreadcrumbList\",\"@id\":\"https:\\\/\\\/www.edesia.al\\\/?product=makarona-yje#breadcrumb\",\"itemListElement\":[{\"@type\":\"ListItem\",\"position\":1,\"name\":\"Home\",\"item\":\"https:\\\/\\\/www.edesia.al\\\/\"},{\"@type\":\"ListItem\",\"position\":2,\"name\":\"Dyqani\",\"item\":\"https:\\\/\\\/www.edesia.al\\\/?page_id=17\"},{\"@type\":\"ListItem\",\"position\":3,\"name\":\"Makarona Yje\"}]},{\"@type\":\"WebSite\",\"@id\":\"https:\\\/\\\/www.edesia.al\\\/#website\",\"url\":\"https:\\\/\\\/www.edesia.al\\\/\",\"name\":\"Edesia\",\"description\":\"\",\"publisher\":{\"@id\":\"https:\\\/\\\/www.edesia.al\\\/#organization\"},\"potentialAction\":[{\"@type\":\"SearchAction\",\"target\":{\"@type\":\"EntryPoint\",\"urlTemplate\":\"https:\\\/\\\/www.edesia.al\\\/?s={search_term_string}\"},\"query-input\":{\"@type\":\"PropertyValueSpecification\",\"valueRequired\":true,\"valueName\":\"search_term_string\"}}],\"inLanguage\":\"en-US\"},{\"@type\":\"Organization\",\"@id\":\"https:\\\/\\\/www.edesia.al\\\/#organization\",\"name\":\"Edesia\",\"url\":\"https:\\\/\\\/www.edesia.al\\\/\",\"logo\":{\"@type\":\"ImageObject\",\"inLanguage\":\"en-US\",\"@id\":\"https:\\\/\\\/www.edesia.al\\\/#\\\/schema\\\/logo\\\/image\\\/\",\"url\":\"https:\\\/\\\/www.edesia.al\\\/wp-content\\\/uploads\\\/2026\\\/02\\\/Logo-Edesia-no-background.png\",\"contentUrl\":\"https:\\\/\\\/www.edesia.al\\\/wp-content\\\/uploads\\\/2026\\\/02\\\/Logo-Edesia-no-background.png\",\"width\":293,\"height\":158,\"caption\":\"Edesia\"},\"image\":{\"@id\":\"https:\\\/\\\/www.edesia.al\\\/#\\\/schema\\\/logo\\\/image\\\/\"}}]}<\/script>\n<!-- \/ Yoast SEO plugin. -->","yoast_head_json":{"title":"Makarona Yje - Edesia","robots":{"index":"index","follow":"follow","max-snippet":"max-snippet:-1","max-image-preview":"max-image-preview:large","max-video-preview":"max-video-preview:-1"},"canonical":"https:\/\/www.edesia.al\/?product=makarona-yje","og_locale":"en_US","og_type":"article","og_title":"Makarona Yje - Edesia","og_description":"Makarona Yje Pa Gluten ( 250g) T\u00eb b\u00ebra nga miell i therrjzave dhe bizeleve k\u00ebto makarona jan\u00eb t\u00eb pasura fosfor, hekur, zink dhe mangan. Gjithashtu kan\u00eb nj\u00eb p\u00ebrmbajtje t\u00eb lart\u00eb me proteina, fibra dhe l\u00ebnd\u00eb t\u00eb tjera ushqyese. Pa gluten, pa vez\u00eb, pa laktoz\u00eb, pa sheqer t\u00eb shtuar, 100% Bio-Organic. P\u00ebrb\u00ebr\u00ebsit: Miell bizele jeshile 100%[...]","og_url":"https:\/\/www.edesia.al\/?product=makarona-yje","og_site_name":"Edesia","article_modified_time":"2026-02-16T21:08:46+00:00","og_image":[{"width":646,"height":646,"url":"https:\/\/www.edesia.al\/wp-content\/uploads\/2026\/02\/stelline-1.jpg","type":"image\/jpeg"}],"twitter_card":"summary_large_image","schema":{"@context":"https:\/\/schema.org","@graph":[{"@type":"WebPage","@id":"https:\/\/www.edesia.al\/?product=makarona-yje","url":"https:\/\/www.edesia.al\/?product=makarona-yje","name":"Makarona Yje - Edesia","isPartOf":{"@id":"https:\/\/www.edesia.al\/#website"},"primaryImageOfPage":{"@id":"https:\/\/www.edesia.al\/?product=makarona-yje#primaryimage"},"image":{"@id":"https:\/\/www.edesia.al\/?product=makarona-yje#primaryimage"},"thumbnailUrl":"https:\/\/www.edesia.al\/wp-content\/uploads\/2026\/02\/stelline-1.jpg","datePublished":"2026-02-16T21:08:35+00:00","dateModified":"2026-02-16T21:08:46+00:00","breadcrumb":{"@id":"https:\/\/www.edesia.al\/?product=makarona-yje#breadcrumb"},"inLanguage":"en-US","potentialAction":[{"@type":"ReadAction","target":["https:\/\/www.edesia.al\/?product=makarona-yje"]}]},{"@type":"ImageObject","inLanguage":"en-US","@id":"https:\/\/www.edesia.al\/?product=makarona-yje#primaryimage","url":"https:\/\/www.edesia.al\/wp-content\/uploads\/2026\/02\/stelline-1.jpg","contentUrl":"https:\/\/www.edesia.al\/wp-content\/uploads\/2026\/02\/stelline-1.jpg","width":646,"height":646},{"@type":"BreadcrumbList","@id":"https:\/\/www.edesia.al\/?product=makarona-yje#breadcrumb","itemListElement":[{"@type":"ListItem","position":1,"name":"Home","item":"https:\/\/www.edesia.al\/"},{"@type":"ListItem","position":2,"name":"Dyqani","item":"https:\/\/www.edesia.al\/?page_id=17"},{"@type":"ListItem","position":3,"name":"Makarona Yje"}]},{"@type":"WebSite","@id":"https:\/\/www.edesia.al\/#website","url":"https:\/\/www.edesia.al\/","name":"Edesia","description":"","publisher":{"@id":"https:\/\/www.edesia.al\/#organization"},"potentialAction":[{"@type":"SearchAction","target":{"@type":"EntryPoint","urlTemplate":"https:\/\/www.edesia.al\/?s={search_term_string}"},"query-input":{"@type":"PropertyValueSpecification","valueRequired":true,"valueName":"search_term_string"}}],"inLanguage":"en-US"},{"@type":"Organization","@id":"https:\/\/www.edesia.al\/#organization","name":"Edesia","url":"https:\/\/www.edesia.al\/","logo":{"@type":"ImageObject","inLanguage":"en-US","@id":"https:\/\/www.edesia.al\/#\/schema\/logo\/image\/","url":"https:\/\/www.edesia.al\/wp-content\/uploads\/2026\/02\/Logo-Edesia-no-background.png","contentUrl":"https:\/\/www.edesia.al\/wp-content\/uploads\/2026\/02\/Logo-Edesia-no-background.png","width":293,"height":158,"caption":"Edesia"},"image":{"@id":"https:\/\/www.edesia.al\/#\/schema\/logo\/image\/"}}]}},"_links":{"self":[{"href":"https:\/\/www.edesia.al\/index.php?rest_route=\/wp\/v2\/product\/6589","targetHints":{"allow":["GET"]}}],"collection":[{"href":"https:\/\/www.edesia.al\/index.php?rest_route=\/wp\/v2\/product"}],"about":[{"href":"https:\/\/www.edesia.al\/index.php?rest_route=\/wp\/v2\/types\/product"}],"replies":[{"embeddable":true,"href":"https:\/\/www.edesia.al\/index.php?rest_route=%2Fwp%2Fv2%2Fcomments&post=6589"}],"wp:featuredmedia":[{"embeddable":true,"href":"https:\/\/www.edesia.al\/index.php?rest_route=\/wp\/v2\/media\/6617"}],"wp:attachment":[{"href":"https:\/\/www.edesia.al\/index.php?rest_route=%2Fwp%2Fv2%2Fmedia&parent=6589"}],"wp:term":[{"taxonomy":"kategori-sipas-dietave","embeddable":true,"href":"https:\/\/www.edesia.al\/index.php?rest_route=%2Fwp%2Fv2%2Fkategori-sipas-dietave&post=6589"},{"taxonomy":"kategori-sipas-problemeve-shende","embeddable":true,"href":"https:\/\/www.edesia.al\/index.php?rest_route=%2Fwp%2Fv2%2Fkategori-sipas-problemeve-shende&post=6589"},{"taxonomy":"product_brand","embeddable":true,"href":"https:\/\/www.edesia.al\/index.php?rest_route=%2Fwp%2Fv2%2Fproduct_brand&post=6589"},{"taxonomy":"product_cat","embeddable":true,"href":"https:\/\/www.edesia.al\/index.php?rest_route=%2Fwp%2Fv2%2Fproduct_cat&post=6589"},{"taxonomy":"product_tag","embeddable":true,"href":"https:\/\/www.edesia.al\/index.php?rest_route=%2Fwp%2Fv2%2Fproduct_tag&post=6589"}],"curies":[{"name":"wp","href":"https:\/\/api.w.org\/{rel}","templated":true}]}}