{"id":6597,"date":"2026-02-16T21:08:36","date_gmt":"2026-02-16T21:08:36","guid":{"rendered":"https:\/\/www.edesia.al\/?post_type=product&#038;p=6597"},"modified":"2026-02-21T17:27:05","modified_gmt":"2026-02-21T17:27:05","slug":"miell-integral-orizi","status":"publish","type":"product","link":"https:\/\/www.edesia.al\/?product=miell-integral-orizi","title":{"rendered":"Miell Integral Orizi"},"content":{"rendered":"<h3>Miell Integral Orizi (500g)<\/h3>\n<p>Mielli i orizit p\u00ebrftohet nga farat e orizit integral.<\/p>\n<p>\u00cbsht\u00eb i pasur me vitamina t\u00eb grupit B\u00a0 t\u00eb tilla si: B6,B3,B2 dhe B1 gjithashtu p\u00ebrban dhe vitamin\u00ebn E. Vitaminat e komplesit B\u00a0 ndihmojme sistemin tone nervor dhe at\u00eb tret\u00ebs t\u00eb mir\u00ebfunksionojn\u00eb gjithashtu mb\u00ebshtesin funksionimin e m\u00eblqis\u00eb dhe gjenerimin\u00a0 e qelizave t\u00eb kuqe t\u00eb gjakut.<\/p>\n<p>Miell i orizit \u00ebsht\u00eb\u00a0 perfekt p\u00ebr t\u00eb b\u00ebr\u00eb \u00ebmb\u00eblsira apo noodles n\u00eb sht\u00ebpi. P\u00ebrdoret n\u00eb trashjen e salcave t\u00eb ndryshme dhe \u00ebsht\u00eb ushqimi i preferuar i bebave.<\/p>\n<p>Nuk p\u00ebrban gluten.<\/p>\n<p>P\u00ebrdorni gjithmon miell integral orizi bio organic te certifikuar.<\/p>\n","protected":false},"excerpt":{"rendered":"<p>Miell Integral Orizi (500g) Mielli i orizit p\u00ebrftohet nga farat e orizit integral. \u00cbsht\u00eb i pasur me vitamina t\u00eb grupit B\u00a0 t\u00eb tilla si: B6,B3,B2 dhe B1 gjithashtu p\u00ebrban dhe vitamin\u00ebn E. Vitaminat e komplesit B\u00a0 ndihmojme sistemin tone nervor dhe at\u00eb tret\u00ebs t\u00eb mir\u00ebfunksionojn\u00eb gjithashtu mb\u00ebshtesin funksionimin e m\u00eblqis\u00eb dhe gjenerimin\u00a0 e qelizave t\u00eb[&#8230;]<\/p>\n","protected":false},"featured_media":6624,"comment_status":"open","ping_status":"closed","template":"","meta":{"_acf_changed":false,"inline_featured_image":false},"kategori-sipas-dietave":[93],"kategori-sipas-problemeve-shende":[87],"product_brand":[32],"product_cat":[47,26],"product_tag":[],"class_list":{"0":"post-6597","1":"product","2":"type-product","3":"status-publish","4":"has-post-thumbnail","6":"kategori-sipas-dietave-high-fiber","7":"kategori-sipas-problemeve-shende-gluten-free-intolerant","8":"product_brand-bioagros","9":"product_cat-miell","10":"product_cat-ushqime-bio","12":"first","13":"instock","14":"taxable","15":"shipping-taxable","16":"purchasable","17":"product-type-simple"},"acf":[],"yoast_head":"<!-- This site is optimized with the Yoast SEO plugin v27.4 - https:\/\/yoast.com\/product\/yoast-seo-wordpress\/ -->\n<title>Miell Integral Orizi - Edesia<\/title>\n<meta name=\"robots\" content=\"index, follow, max-snippet:-1, max-image-preview:large, max-video-preview:-1\" \/>\n<link rel=\"canonical\" href=\"https:\/\/www.edesia.al\/?product=miell-integral-orizi\" \/>\n<meta property=\"og:locale\" content=\"en_US\" \/>\n<meta property=\"og:type\" content=\"article\" \/>\n<meta property=\"og:title\" content=\"Miell Integral Orizi - Edesia\" \/>\n<meta property=\"og:description\" content=\"Miell Integral Orizi (500g) Mielli i orizit p\u00ebrftohet nga farat e orizit integral. \u00cbsht\u00eb i pasur me vitamina t\u00eb grupit B\u00a0 t\u00eb tilla si: B6,B3,B2 dhe B1 gjithashtu p\u00ebrban dhe vitamin\u00ebn E. Vitaminat e komplesit B\u00a0 ndihmojme sistemin tone nervor dhe at\u00eb tret\u00ebs t\u00eb mir\u00ebfunksionojn\u00eb gjithashtu mb\u00ebshtesin funksionimin e m\u00eblqis\u00eb dhe gjenerimin\u00a0 e qelizave t\u00eb[...]\" \/>\n<meta property=\"og:url\" content=\"https:\/\/www.edesia.al\/?product=miell-integral-orizi\" \/>\n<meta property=\"og:site_name\" content=\"Edesia\" \/>\n<meta property=\"article:modified_time\" content=\"2026-02-21T17:27:05+00:00\" \/>\n<meta property=\"og:image\" content=\"https:\/\/www.edesia.al\/wp-content\/uploads\/2026\/02\/Miell-Orizi-500gr-1.png\" \/>\n\t<meta property=\"og:image:width\" content=\"593\" \/>\n\t<meta property=\"og:image:height\" content=\"593\" \/>\n\t<meta property=\"og:image:type\" content=\"image\/png\" \/>\n<meta name=\"twitter:card\" content=\"summary_large_image\" \/>\n<meta name=\"twitter:label1\" content=\"Est. reading time\" \/>\n\t<meta name=\"twitter:data1\" content=\"1 minute\" \/>\n<script type=\"application\/ld+json\" class=\"yoast-schema-graph\">{\"@context\":\"https:\\\/\\\/schema.org\",\"@graph\":[{\"@type\":\"WebPage\",\"@id\":\"https:\\\/\\\/www.edesia.al\\\/?product=miell-integral-orizi\",\"url\":\"https:\\\/\\\/www.edesia.al\\\/?product=miell-integral-orizi\",\"name\":\"Miell Integral Orizi - Edesia\",\"isPartOf\":{\"@id\":\"https:\\\/\\\/www.edesia.al\\\/#website\"},\"primaryImageOfPage\":{\"@id\":\"https:\\\/\\\/www.edesia.al\\\/?product=miell-integral-orizi#primaryimage\"},\"image\":{\"@id\":\"https:\\\/\\\/www.edesia.al\\\/?product=miell-integral-orizi#primaryimage\"},\"thumbnailUrl\":\"https:\\\/\\\/www.edesia.al\\\/wp-content\\\/uploads\\\/2026\\\/02\\\/Miell-Orizi-500gr-1.png\",\"datePublished\":\"2026-02-16T21:08:36+00:00\",\"dateModified\":\"2026-02-21T17:27:05+00:00\",\"breadcrumb\":{\"@id\":\"https:\\\/\\\/www.edesia.al\\\/?product=miell-integral-orizi#breadcrumb\"},\"inLanguage\":\"en-US\",\"potentialAction\":[{\"@type\":\"ReadAction\",\"target\":[\"https:\\\/\\\/www.edesia.al\\\/?product=miell-integral-orizi\"]}]},{\"@type\":\"ImageObject\",\"inLanguage\":\"en-US\",\"@id\":\"https:\\\/\\\/www.edesia.al\\\/?product=miell-integral-orizi#primaryimage\",\"url\":\"https:\\\/\\\/www.edesia.al\\\/wp-content\\\/uploads\\\/2026\\\/02\\\/Miell-Orizi-500gr-1.png\",\"contentUrl\":\"https:\\\/\\\/www.edesia.al\\\/wp-content\\\/uploads\\\/2026\\\/02\\\/Miell-Orizi-500gr-1.png\",\"width\":593,\"height\":593},{\"@type\":\"BreadcrumbList\",\"@id\":\"https:\\\/\\\/www.edesia.al\\\/?product=miell-integral-orizi#breadcrumb\",\"itemListElement\":[{\"@type\":\"ListItem\",\"position\":1,\"name\":\"Home\",\"item\":\"https:\\\/\\\/www.edesia.al\\\/\"},{\"@type\":\"ListItem\",\"position\":2,\"name\":\"Dyqani\",\"item\":\"https:\\\/\\\/www.edesia.al\\\/?page_id=17\"},{\"@type\":\"ListItem\",\"position\":3,\"name\":\"Miell Integral Orizi\"}]},{\"@type\":\"WebSite\",\"@id\":\"https:\\\/\\\/www.edesia.al\\\/#website\",\"url\":\"https:\\\/\\\/www.edesia.al\\\/\",\"name\":\"Edesia\",\"description\":\"\",\"publisher\":{\"@id\":\"https:\\\/\\\/www.edesia.al\\\/#organization\"},\"potentialAction\":[{\"@type\":\"SearchAction\",\"target\":{\"@type\":\"EntryPoint\",\"urlTemplate\":\"https:\\\/\\\/www.edesia.al\\\/?s={search_term_string}\"},\"query-input\":{\"@type\":\"PropertyValueSpecification\",\"valueRequired\":true,\"valueName\":\"search_term_string\"}}],\"inLanguage\":\"en-US\"},{\"@type\":\"Organization\",\"@id\":\"https:\\\/\\\/www.edesia.al\\\/#organization\",\"name\":\"Edesia\",\"url\":\"https:\\\/\\\/www.edesia.al\\\/\",\"logo\":{\"@type\":\"ImageObject\",\"inLanguage\":\"en-US\",\"@id\":\"https:\\\/\\\/www.edesia.al\\\/#\\\/schema\\\/logo\\\/image\\\/\",\"url\":\"https:\\\/\\\/www.edesia.al\\\/wp-content\\\/uploads\\\/2026\\\/02\\\/Logo-Edesia-no-background.png\",\"contentUrl\":\"https:\\\/\\\/www.edesia.al\\\/wp-content\\\/uploads\\\/2026\\\/02\\\/Logo-Edesia-no-background.png\",\"width\":293,\"height\":158,\"caption\":\"Edesia\"},\"image\":{\"@id\":\"https:\\\/\\\/www.edesia.al\\\/#\\\/schema\\\/logo\\\/image\\\/\"}}]}<\/script>\n<!-- \/ Yoast SEO plugin. -->","yoast_head_json":{"title":"Miell Integral Orizi - Edesia","robots":{"index":"index","follow":"follow","max-snippet":"max-snippet:-1","max-image-preview":"max-image-preview:large","max-video-preview":"max-video-preview:-1"},"canonical":"https:\/\/www.edesia.al\/?product=miell-integral-orizi","og_locale":"en_US","og_type":"article","og_title":"Miell Integral Orizi - Edesia","og_description":"Miell Integral Orizi (500g) Mielli i orizit p\u00ebrftohet nga farat e orizit integral. \u00cbsht\u00eb i pasur me vitamina t\u00eb grupit B\u00a0 t\u00eb tilla si: B6,B3,B2 dhe B1 gjithashtu p\u00ebrban dhe vitamin\u00ebn E. Vitaminat e komplesit B\u00a0 ndihmojme sistemin tone nervor dhe at\u00eb tret\u00ebs t\u00eb mir\u00ebfunksionojn\u00eb gjithashtu mb\u00ebshtesin funksionimin e m\u00eblqis\u00eb dhe gjenerimin\u00a0 e qelizave t\u00eb[...]","og_url":"https:\/\/www.edesia.al\/?product=miell-integral-orizi","og_site_name":"Edesia","article_modified_time":"2026-02-21T17:27:05+00:00","og_image":[{"width":593,"height":593,"url":"https:\/\/www.edesia.al\/wp-content\/uploads\/2026\/02\/Miell-Orizi-500gr-1.png","type":"image\/png"}],"twitter_card":"summary_large_image","twitter_misc":{"Est. reading time":"1 minute"},"schema":{"@context":"https:\/\/schema.org","@graph":[{"@type":"WebPage","@id":"https:\/\/www.edesia.al\/?product=miell-integral-orizi","url":"https:\/\/www.edesia.al\/?product=miell-integral-orizi","name":"Miell Integral Orizi - Edesia","isPartOf":{"@id":"https:\/\/www.edesia.al\/#website"},"primaryImageOfPage":{"@id":"https:\/\/www.edesia.al\/?product=miell-integral-orizi#primaryimage"},"image":{"@id":"https:\/\/www.edesia.al\/?product=miell-integral-orizi#primaryimage"},"thumbnailUrl":"https:\/\/www.edesia.al\/wp-content\/uploads\/2026\/02\/Miell-Orizi-500gr-1.png","datePublished":"2026-02-16T21:08:36+00:00","dateModified":"2026-02-21T17:27:05+00:00","breadcrumb":{"@id":"https:\/\/www.edesia.al\/?product=miell-integral-orizi#breadcrumb"},"inLanguage":"en-US","potentialAction":[{"@type":"ReadAction","target":["https:\/\/www.edesia.al\/?product=miell-integral-orizi"]}]},{"@type":"ImageObject","inLanguage":"en-US","@id":"https:\/\/www.edesia.al\/?product=miell-integral-orizi#primaryimage","url":"https:\/\/www.edesia.al\/wp-content\/uploads\/2026\/02\/Miell-Orizi-500gr-1.png","contentUrl":"https:\/\/www.edesia.al\/wp-content\/uploads\/2026\/02\/Miell-Orizi-500gr-1.png","width":593,"height":593},{"@type":"BreadcrumbList","@id":"https:\/\/www.edesia.al\/?product=miell-integral-orizi#breadcrumb","itemListElement":[{"@type":"ListItem","position":1,"name":"Home","item":"https:\/\/www.edesia.al\/"},{"@type":"ListItem","position":2,"name":"Dyqani","item":"https:\/\/www.edesia.al\/?page_id=17"},{"@type":"ListItem","position":3,"name":"Miell Integral Orizi"}]},{"@type":"WebSite","@id":"https:\/\/www.edesia.al\/#website","url":"https:\/\/www.edesia.al\/","name":"Edesia","description":"","publisher":{"@id":"https:\/\/www.edesia.al\/#organization"},"potentialAction":[{"@type":"SearchAction","target":{"@type":"EntryPoint","urlTemplate":"https:\/\/www.edesia.al\/?s={search_term_string}"},"query-input":{"@type":"PropertyValueSpecification","valueRequired":true,"valueName":"search_term_string"}}],"inLanguage":"en-US"},{"@type":"Organization","@id":"https:\/\/www.edesia.al\/#organization","name":"Edesia","url":"https:\/\/www.edesia.al\/","logo":{"@type":"ImageObject","inLanguage":"en-US","@id":"https:\/\/www.edesia.al\/#\/schema\/logo\/image\/","url":"https:\/\/www.edesia.al\/wp-content\/uploads\/2026\/02\/Logo-Edesia-no-background.png","contentUrl":"https:\/\/www.edesia.al\/wp-content\/uploads\/2026\/02\/Logo-Edesia-no-background.png","width":293,"height":158,"caption":"Edesia"},"image":{"@id":"https:\/\/www.edesia.al\/#\/schema\/logo\/image\/"}}]}},"_links":{"self":[{"href":"https:\/\/www.edesia.al\/index.php?rest_route=\/wp\/v2\/product\/6597","targetHints":{"allow":["GET"]}}],"collection":[{"href":"https:\/\/www.edesia.al\/index.php?rest_route=\/wp\/v2\/product"}],"about":[{"href":"https:\/\/www.edesia.al\/index.php?rest_route=\/wp\/v2\/types\/product"}],"replies":[{"embeddable":true,"href":"https:\/\/www.edesia.al\/index.php?rest_route=%2Fwp%2Fv2%2Fcomments&post=6597"}],"wp:featuredmedia":[{"embeddable":true,"href":"https:\/\/www.edesia.al\/index.php?rest_route=\/wp\/v2\/media\/6624"}],"wp:attachment":[{"href":"https:\/\/www.edesia.al\/index.php?rest_route=%2Fwp%2Fv2%2Fmedia&parent=6597"}],"wp:term":[{"taxonomy":"kategori-sipas-dietave","embeddable":true,"href":"https:\/\/www.edesia.al\/index.php?rest_route=%2Fwp%2Fv2%2Fkategori-sipas-dietave&post=6597"},{"taxonomy":"kategori-sipas-problemeve-shende","embeddable":true,"href":"https:\/\/www.edesia.al\/index.php?rest_route=%2Fwp%2Fv2%2Fkategori-sipas-problemeve-shende&post=6597"},{"taxonomy":"product_brand","embeddable":true,"href":"https:\/\/www.edesia.al\/index.php?rest_route=%2Fwp%2Fv2%2Fproduct_brand&post=6597"},{"taxonomy":"product_cat","embeddable":true,"href":"https:\/\/www.edesia.al\/index.php?rest_route=%2Fwp%2Fv2%2Fproduct_cat&post=6597"},{"taxonomy":"product_tag","embeddable":true,"href":"https:\/\/www.edesia.al\/index.php?rest_route=%2Fwp%2Fv2%2Fproduct_tag&post=6597"}],"curies":[{"name":"wp","href":"https:\/\/api.w.org\/{rel}","templated":true}]}}