{"id":6602,"date":"2026-02-16T21:08:37","date_gmt":"2026-02-16T21:08:37","guid":{"rendered":"https:\/\/www.edesia.al\/?post_type=product&#038;p=6602"},"modified":"2026-02-16T21:09:08","modified_gmt":"2026-02-16T21:09:08","slug":"miell-polenta","status":"publish","type":"product","link":"https:\/\/www.edesia.al\/?product=miell-polenta","title":{"rendered":"Miell Polenta"},"content":{"rendered":"<h3>Miell Polenta (500gr)<\/h3>\n<p>Polenta \u00ebsht\u00eb miell misri i bluar im\u00ebt. S\u00eb fundmi sa vjen dhe b\u00ebhet m\u00eb i p\u00ebrdorsh\u00ebm n\u00eb receta t\u00eb ndryshme n\u00eb kuzhin\u00ebn ton\u00eb.<\/p>\n<p>Polenta p\u00ebrdoret\u00a0 n\u00eb pjata t\u00eb \u00ebmbla, t\u00eb kripura\u00a0 madje dhe si ushqim p\u00ebr f\u00ebmij\u00ebt.<\/p>\n<h4>Benefitet\u00a0 shendetsore te polentes:<\/h4>\n<ul>\n<li>\u00cbsht\u00eb shum\u00eb e pasur me fibra ndaj ndihmon n\u00eb mir\u00eb funksionimin e aparatit tret\u00ebs, trajton kapsll\u00ebkun.<\/li>\n<li>P\u00ebrmban vitamina t\u00eb kompleksit B t\u00eb cilat na ndihmojn\u00eb t\u00eb jemi me energjik.<\/li>\n<li>P\u00ebrmban kalcium i cili na ndihmon t\u00eb forcojm\u00eb kockat dhe favorizon zhvillimin dhe rritjen e tyre.<\/li>\n<li>P\u00ebrmban nivele t\u00eb larta t\u00eb vitaminave dhe betakarotin\u00ebs t\u00eb cilat na ndihmojn\u00eb t\u00eb kemi nj\u00eb l\u00ebkur\u00eb t\u00eb sh\u00ebndetshme.<\/li>\n<\/ul>\n<p>&nbsp;<\/p>\n","protected":false},"excerpt":{"rendered":"<p>Miell Polenta (500gr) Polenta \u00ebsht\u00eb miell misri i bluar im\u00ebt. S\u00eb fundmi sa vjen dhe b\u00ebhet m\u00eb i p\u00ebrdorsh\u00ebm n\u00eb receta t\u00eb ndryshme n\u00eb kuzhin\u00ebn ton\u00eb. Polenta p\u00ebrdoret\u00a0 n\u00eb pjata t\u00eb \u00ebmbla, t\u00eb kripura\u00a0 madje dhe si ushqim p\u00ebr f\u00ebmij\u00ebt. Benefitet\u00a0 shendetsore te polentes: \u00cbsht\u00eb shum\u00eb e pasur me fibra ndaj ndihmon n\u00eb mir\u00eb funksionimin[&#8230;]<\/p>\n","protected":false},"featured_media":6656,"comment_status":"open","ping_status":"closed","template":"","meta":{"_acf_changed":false,"inline_featured_image":false},"kategori-sipas-dietave":[],"kategori-sipas-problemeve-shende":[],"product_brand":[],"product_cat":[26],"product_tag":[],"class_list":{"0":"post-6602","1":"product","2":"type-product","3":"status-publish","4":"has-post-thumbnail","6":"product_cat-ushqime-bio","8":"first","9":"instock","10":"taxable","11":"shipping-taxable","12":"purchasable","13":"product-type-simple"},"acf":[],"yoast_head":"<!-- This site is optimized with the Yoast SEO plugin v27.4 - https:\/\/yoast.com\/product\/yoast-seo-wordpress\/ -->\n<title>Miell Polenta - Edesia<\/title>\n<meta name=\"robots\" content=\"index, follow, max-snippet:-1, max-image-preview:large, max-video-preview:-1\" \/>\n<link rel=\"canonical\" href=\"https:\/\/www.edesia.al\/?product=miell-polenta\" \/>\n<meta property=\"og:locale\" content=\"en_US\" \/>\n<meta property=\"og:type\" content=\"article\" \/>\n<meta property=\"og:title\" content=\"Miell Polenta - Edesia\" \/>\n<meta property=\"og:description\" content=\"Miell Polenta (500gr) Polenta \u00ebsht\u00eb miell misri i bluar im\u00ebt. S\u00eb fundmi sa vjen dhe b\u00ebhet m\u00eb i p\u00ebrdorsh\u00ebm n\u00eb receta t\u00eb ndryshme n\u00eb kuzhin\u00ebn ton\u00eb. Polenta p\u00ebrdoret\u00a0 n\u00eb pjata t\u00eb \u00ebmbla, t\u00eb kripura\u00a0 madje dhe si ushqim p\u00ebr f\u00ebmij\u00ebt. Benefitet\u00a0 shendetsore te polentes: \u00cbsht\u00eb shum\u00eb e pasur me fibra ndaj ndihmon n\u00eb mir\u00eb funksionimin[...]\" \/>\n<meta property=\"og:url\" content=\"https:\/\/www.edesia.al\/?product=miell-polenta\" \/>\n<meta property=\"og:site_name\" content=\"Edesia\" \/>\n<meta property=\"article:modified_time\" content=\"2026-02-16T21:09:08+00:00\" \/>\n<meta property=\"og:image\" content=\"https:\/\/www.edesia.al\/wp-content\/uploads\/2026\/02\/Miell-Polenta-1.png\" \/>\n\t<meta property=\"og:image:width\" content=\"593\" \/>\n\t<meta property=\"og:image:height\" content=\"593\" \/>\n\t<meta property=\"og:image:type\" content=\"image\/png\" \/>\n<meta name=\"twitter:card\" content=\"summary_large_image\" \/>\n<meta name=\"twitter:label1\" content=\"Est. reading time\" \/>\n\t<meta name=\"twitter:data1\" content=\"1 minute\" \/>\n<script type=\"application\/ld+json\" class=\"yoast-schema-graph\">{\"@context\":\"https:\\\/\\\/schema.org\",\"@graph\":[{\"@type\":\"WebPage\",\"@id\":\"https:\\\/\\\/www.edesia.al\\\/?product=miell-polenta\",\"url\":\"https:\\\/\\\/www.edesia.al\\\/?product=miell-polenta\",\"name\":\"Miell Polenta - Edesia\",\"isPartOf\":{\"@id\":\"https:\\\/\\\/www.edesia.al\\\/#website\"},\"primaryImageOfPage\":{\"@id\":\"https:\\\/\\\/www.edesia.al\\\/?product=miell-polenta#primaryimage\"},\"image\":{\"@id\":\"https:\\\/\\\/www.edesia.al\\\/?product=miell-polenta#primaryimage\"},\"thumbnailUrl\":\"https:\\\/\\\/www.edesia.al\\\/wp-content\\\/uploads\\\/2026\\\/02\\\/Miell-Polenta-1.png\",\"datePublished\":\"2026-02-16T21:08:37+00:00\",\"dateModified\":\"2026-02-16T21:09:08+00:00\",\"breadcrumb\":{\"@id\":\"https:\\\/\\\/www.edesia.al\\\/?product=miell-polenta#breadcrumb\"},\"inLanguage\":\"en-US\",\"potentialAction\":[{\"@type\":\"ReadAction\",\"target\":[\"https:\\\/\\\/www.edesia.al\\\/?product=miell-polenta\"]}]},{\"@type\":\"ImageObject\",\"inLanguage\":\"en-US\",\"@id\":\"https:\\\/\\\/www.edesia.al\\\/?product=miell-polenta#primaryimage\",\"url\":\"https:\\\/\\\/www.edesia.al\\\/wp-content\\\/uploads\\\/2026\\\/02\\\/Miell-Polenta-1.png\",\"contentUrl\":\"https:\\\/\\\/www.edesia.al\\\/wp-content\\\/uploads\\\/2026\\\/02\\\/Miell-Polenta-1.png\",\"width\":593,\"height\":593},{\"@type\":\"BreadcrumbList\",\"@id\":\"https:\\\/\\\/www.edesia.al\\\/?product=miell-polenta#breadcrumb\",\"itemListElement\":[{\"@type\":\"ListItem\",\"position\":1,\"name\":\"Home\",\"item\":\"https:\\\/\\\/www.edesia.al\\\/\"},{\"@type\":\"ListItem\",\"position\":2,\"name\":\"Dyqani\",\"item\":\"https:\\\/\\\/www.edesia.al\\\/?page_id=17\"},{\"@type\":\"ListItem\",\"position\":3,\"name\":\"Miell Polenta\"}]},{\"@type\":\"WebSite\",\"@id\":\"https:\\\/\\\/www.edesia.al\\\/#website\",\"url\":\"https:\\\/\\\/www.edesia.al\\\/\",\"name\":\"Edesia\",\"description\":\"\",\"publisher\":{\"@id\":\"https:\\\/\\\/www.edesia.al\\\/#organization\"},\"potentialAction\":[{\"@type\":\"SearchAction\",\"target\":{\"@type\":\"EntryPoint\",\"urlTemplate\":\"https:\\\/\\\/www.edesia.al\\\/?s={search_term_string}\"},\"query-input\":{\"@type\":\"PropertyValueSpecification\",\"valueRequired\":true,\"valueName\":\"search_term_string\"}}],\"inLanguage\":\"en-US\"},{\"@type\":\"Organization\",\"@id\":\"https:\\\/\\\/www.edesia.al\\\/#organization\",\"name\":\"Edesia\",\"url\":\"https:\\\/\\\/www.edesia.al\\\/\",\"logo\":{\"@type\":\"ImageObject\",\"inLanguage\":\"en-US\",\"@id\":\"https:\\\/\\\/www.edesia.al\\\/#\\\/schema\\\/logo\\\/image\\\/\",\"url\":\"https:\\\/\\\/www.edesia.al\\\/wp-content\\\/uploads\\\/2026\\\/02\\\/Logo-Edesia-no-background.png\",\"contentUrl\":\"https:\\\/\\\/www.edesia.al\\\/wp-content\\\/uploads\\\/2026\\\/02\\\/Logo-Edesia-no-background.png\",\"width\":293,\"height\":158,\"caption\":\"Edesia\"},\"image\":{\"@id\":\"https:\\\/\\\/www.edesia.al\\\/#\\\/schema\\\/logo\\\/image\\\/\"}}]}<\/script>\n<!-- \/ Yoast SEO plugin. -->","yoast_head_json":{"title":"Miell Polenta - Edesia","robots":{"index":"index","follow":"follow","max-snippet":"max-snippet:-1","max-image-preview":"max-image-preview:large","max-video-preview":"max-video-preview:-1"},"canonical":"https:\/\/www.edesia.al\/?product=miell-polenta","og_locale":"en_US","og_type":"article","og_title":"Miell Polenta - Edesia","og_description":"Miell Polenta (500gr) Polenta \u00ebsht\u00eb miell misri i bluar im\u00ebt. S\u00eb fundmi sa vjen dhe b\u00ebhet m\u00eb i p\u00ebrdorsh\u00ebm n\u00eb receta t\u00eb ndryshme n\u00eb kuzhin\u00ebn ton\u00eb. Polenta p\u00ebrdoret\u00a0 n\u00eb pjata t\u00eb \u00ebmbla, t\u00eb kripura\u00a0 madje dhe si ushqim p\u00ebr f\u00ebmij\u00ebt. Benefitet\u00a0 shendetsore te polentes: \u00cbsht\u00eb shum\u00eb e pasur me fibra ndaj ndihmon n\u00eb mir\u00eb funksionimin[...]","og_url":"https:\/\/www.edesia.al\/?product=miell-polenta","og_site_name":"Edesia","article_modified_time":"2026-02-16T21:09:08+00:00","og_image":[{"width":593,"height":593,"url":"https:\/\/www.edesia.al\/wp-content\/uploads\/2026\/02\/Miell-Polenta-1.png","type":"image\/png"}],"twitter_card":"summary_large_image","twitter_misc":{"Est. reading time":"1 minute"},"schema":{"@context":"https:\/\/schema.org","@graph":[{"@type":"WebPage","@id":"https:\/\/www.edesia.al\/?product=miell-polenta","url":"https:\/\/www.edesia.al\/?product=miell-polenta","name":"Miell Polenta - Edesia","isPartOf":{"@id":"https:\/\/www.edesia.al\/#website"},"primaryImageOfPage":{"@id":"https:\/\/www.edesia.al\/?product=miell-polenta#primaryimage"},"image":{"@id":"https:\/\/www.edesia.al\/?product=miell-polenta#primaryimage"},"thumbnailUrl":"https:\/\/www.edesia.al\/wp-content\/uploads\/2026\/02\/Miell-Polenta-1.png","datePublished":"2026-02-16T21:08:37+00:00","dateModified":"2026-02-16T21:09:08+00:00","breadcrumb":{"@id":"https:\/\/www.edesia.al\/?product=miell-polenta#breadcrumb"},"inLanguage":"en-US","potentialAction":[{"@type":"ReadAction","target":["https:\/\/www.edesia.al\/?product=miell-polenta"]}]},{"@type":"ImageObject","inLanguage":"en-US","@id":"https:\/\/www.edesia.al\/?product=miell-polenta#primaryimage","url":"https:\/\/www.edesia.al\/wp-content\/uploads\/2026\/02\/Miell-Polenta-1.png","contentUrl":"https:\/\/www.edesia.al\/wp-content\/uploads\/2026\/02\/Miell-Polenta-1.png","width":593,"height":593},{"@type":"BreadcrumbList","@id":"https:\/\/www.edesia.al\/?product=miell-polenta#breadcrumb","itemListElement":[{"@type":"ListItem","position":1,"name":"Home","item":"https:\/\/www.edesia.al\/"},{"@type":"ListItem","position":2,"name":"Dyqani","item":"https:\/\/www.edesia.al\/?page_id=17"},{"@type":"ListItem","position":3,"name":"Miell Polenta"}]},{"@type":"WebSite","@id":"https:\/\/www.edesia.al\/#website","url":"https:\/\/www.edesia.al\/","name":"Edesia","description":"","publisher":{"@id":"https:\/\/www.edesia.al\/#organization"},"potentialAction":[{"@type":"SearchAction","target":{"@type":"EntryPoint","urlTemplate":"https:\/\/www.edesia.al\/?s={search_term_string}"},"query-input":{"@type":"PropertyValueSpecification","valueRequired":true,"valueName":"search_term_string"}}],"inLanguage":"en-US"},{"@type":"Organization","@id":"https:\/\/www.edesia.al\/#organization","name":"Edesia","url":"https:\/\/www.edesia.al\/","logo":{"@type":"ImageObject","inLanguage":"en-US","@id":"https:\/\/www.edesia.al\/#\/schema\/logo\/image\/","url":"https:\/\/www.edesia.al\/wp-content\/uploads\/2026\/02\/Logo-Edesia-no-background.png","contentUrl":"https:\/\/www.edesia.al\/wp-content\/uploads\/2026\/02\/Logo-Edesia-no-background.png","width":293,"height":158,"caption":"Edesia"},"image":{"@id":"https:\/\/www.edesia.al\/#\/schema\/logo\/image\/"}}]}},"_links":{"self":[{"href":"https:\/\/www.edesia.al\/index.php?rest_route=\/wp\/v2\/product\/6602","targetHints":{"allow":["GET"]}}],"collection":[{"href":"https:\/\/www.edesia.al\/index.php?rest_route=\/wp\/v2\/product"}],"about":[{"href":"https:\/\/www.edesia.al\/index.php?rest_route=\/wp\/v2\/types\/product"}],"replies":[{"embeddable":true,"href":"https:\/\/www.edesia.al\/index.php?rest_route=%2Fwp%2Fv2%2Fcomments&post=6602"}],"wp:featuredmedia":[{"embeddable":true,"href":"https:\/\/www.edesia.al\/index.php?rest_route=\/wp\/v2\/media\/6656"}],"wp:attachment":[{"href":"https:\/\/www.edesia.al\/index.php?rest_route=%2Fwp%2Fv2%2Fmedia&parent=6602"}],"wp:term":[{"taxonomy":"kategori-sipas-dietave","embeddable":true,"href":"https:\/\/www.edesia.al\/index.php?rest_route=%2Fwp%2Fv2%2Fkategori-sipas-dietave&post=6602"},{"taxonomy":"kategori-sipas-problemeve-shende","embeddable":true,"href":"https:\/\/www.edesia.al\/index.php?rest_route=%2Fwp%2Fv2%2Fkategori-sipas-problemeve-shende&post=6602"},{"taxonomy":"product_brand","embeddable":true,"href":"https:\/\/www.edesia.al\/index.php?rest_route=%2Fwp%2Fv2%2Fproduct_brand&post=6602"},{"taxonomy":"product_cat","embeddable":true,"href":"https:\/\/www.edesia.al\/index.php?rest_route=%2Fwp%2Fv2%2Fproduct_cat&post=6602"},{"taxonomy":"product_tag","embeddable":true,"href":"https:\/\/www.edesia.al\/index.php?rest_route=%2Fwp%2Fv2%2Fproduct_tag&post=6602"}],"curies":[{"name":"wp","href":"https:\/\/api.w.org\/{rel}","templated":true}]}}