{"id":6692,"date":"2026-02-16T21:09:29","date_gmt":"2026-02-16T21:09:29","guid":{"rendered":"https:\/\/www.edesia.al\/?post_type=product&#038;p=6692"},"modified":"2026-02-24T18:14:40","modified_gmt":"2026-02-24T18:14:40","slug":"vaj-fares-se-zeze","status":"publish","type":"product","link":"https:\/\/www.edesia.al\/?product=vaj-fares-se-zeze","title":{"rendered":"Vaj Far\u00ebs s\u00eb Zez\u00eb"},"content":{"rendered":"<h3>Vaj I far\u00ebs s\u00eb zez\u00eb &#8211; 100 % Bio Organik, I Presuar N\u00eb T\u00eb Ftoht\u00eb (100ml)<\/h3>\n<p>Vaji i far\u00ebs s\u00eb zez\u00eb (Nigella Sativa) ka nj\u00eb p\u00ebrdorim t\u00eb gjer\u00eb rreth 2500 vje\u00e7ar dhe gjurm\u00ebt e p\u00ebrdorimit t\u00eb tij jan\u00eb gjetur n\u00eb qytet\u00ebrimet e lashta greke dhe egjiptiane. Sot, vaji i far\u00ebs s\u00eb zez\u00eb konsiderohet si nj\u00eb ila\u00e7 universal dhe i jasht\u00ebzakonsh\u00ebm p\u00ebr mir\u00ebq\u00ebnien.<\/p>\n<p><strong>P\u00ebrfitimet sh\u00ebndet\u00ebsore t\u00eb vajit t\u00eb far\u00ebs s\u00eb zez\u00eb:<\/strong><\/p>\n<ul>\n<li>Forcon sistemin imunitar.<\/li>\n<li>P\u00ebrmir\u00ebson metabolizmin e organizmit.<\/li>\n<li>Nevojiten p\u00ebr rritjen, zhvillimin dhe rinovimin e qelizave.<\/li>\n<li>Ndihmon n\u00eb zhvillimin e hormoneve dhe n\u00eb formimin e nj\u00eb sistemi nervor dhe hormonal t\u00eb sh\u00ebndetsh\u00ebm.<\/li>\n<li>Pengon shtimin e substancave q\u00eb d\u00ebrgojn\u00eb sinjale alergjike.<\/li>\n<li>Redukton kolesterolin n\u00eb gjak.<\/li>\n<li>Pengon bllokimin e damar\u00ebve, duke rregulluar struktur\u00ebn e tyre dhe nj\u00ebkoh\u00ebsisht shpejt\u00ebsin\u00eb e qarkullimit t\u00eb gjakut.<\/li>\n<li>Stabilizon tensionin e gjakut dhe redukton rrezikun e infraktit n\u00eb zem\u00ebr.<\/li>\n<li>Forcon zemr\u00ebn<\/li>\n<li>Ndihmojn\u00eb n\u00eb rigjenerimin e shpejt\u00eb t\u00eb plag\u00ebve<\/li>\n<li>Zgjeron rrug\u00ebt e frym\u00ebmarrjes.<\/li>\n<li>Stabilizon sheqerin n\u00eb gjak.<\/li>\n<li>Lufton alergjit\u00eb.<\/li>\n<li>Rigjeneron l\u00ebkur\u00ebn.<\/li>\n<li>P\u00ebrmir\u00ebson funksionimin e aparatit riprodhues.<\/li>\n<li>Pengojn\u00eb gjakderdhjen.<\/li>\n<li>Redukton pesh\u00ebn.<\/li>\n<li>Shkrin yndyrat n\u00eb gjak.<\/li>\n<li>\u00cbsht\u00eb antioksidant.<\/li>\n<li>\u00cbsht\u00eb antitumoral.<\/li>\n<li>Lufton infeksionet.<\/li>\n<li>P\u00ebrmir\u00ebson aktivitetin e sistemit t\u00eb tretjes, frym\u00ebmarrjes, qarkullimit t\u00eb gjakut, sistemit nervor, etj.<\/li>\n<\/ul>\n<h4>P\u00ebrdorimi:<\/h4>\n<p>Vaji i far\u00ebs s\u00eb zez\u00eb nuk \u00ebsht\u00eb i d\u00ebmsh\u00ebm. \u00a0Edhe pse \u00ebsht\u00eb nj\u00eb vaj i fort\u00eb, ai nuk shkakton\u00a0 irritime apo efekte an\u00ebsore. P\u00ebr p\u00ebrdorimin e tij duhet pasur parasysh:<\/p>\n<ol>\n<li>F\u00ebmijet n\u00ebn mosh\u00ebn 12 vjec rekomandohet t\u00eb perdorin gjysm\u00ebn e doz\u00ebs s\u00eb t\u00eb rriturve.<\/li>\n<li>Nuk k\u00ebshillohet p\u00ebr f\u00ebmij\u00ebt n\u00ebn 5 vje\u00e7.<\/li>\n<li>Nuk k\u00ebshillohet t\u00eb p\u00ebrdoret nga grat\u00eb shtatz\u00ebna n\u00eb rrug\u00eb orale. Gjat\u00eb shtat\u00ebzanis\u00eb, vaji rekomandohet vet\u00ebm p\u00ebr p\u00ebrdorim t\u00eb jasht\u00ebm.<\/li>\n<\/ol>\n","protected":false},"excerpt":{"rendered":"<p>Vaj I far\u00ebs s\u00eb zez\u00eb &#8211; 100 % Bio Organik, I Presuar N\u00eb T\u00eb Ftoht\u00eb (100ml) Vaji i far\u00ebs s\u00eb zez\u00eb (Nigella Sativa) ka nj\u00eb p\u00ebrdorim t\u00eb gjer\u00eb rreth 2500 vje\u00e7ar dhe gjurm\u00ebt e p\u00ebrdorimit t\u00eb tij jan\u00eb gjetur n\u00eb qytet\u00ebrimet e lashta greke dhe egjiptiane. Sot, vaji i far\u00ebs s\u00eb zez\u00eb konsiderohet si nj\u00eb[&#8230;]<\/p>\n","protected":false},"featured_media":6721,"comment_status":"open","ping_status":"closed","template":"","meta":{"_acf_changed":false,"inline_featured_image":false},"kategori-sipas-dietave":[89],"kategori-sipas-problemeve-shende":[85],"product_brand":[32],"product_cat":[26,41],"product_tag":[145],"class_list":{"0":"post-6692","1":"product","2":"type-product","3":"status-publish","4":"has-post-thumbnail","6":"kategori-sipas-dietave-vegan","7":"kategori-sipas-problemeve-shende-imuniteti","8":"product_brand-bioagros","9":"product_cat-ushqime-bio","10":"product_cat-vajra-te-presuar-ne-te-ftohte","11":"product_tag-organic-vajra-te-presuar-ne-te-ftohte","13":"first","14":"instock","15":"taxable","16":"shipping-taxable","17":"purchasable","18":"product-type-simple"},"acf":[],"yoast_head":"<!-- This site is optimized with the Yoast SEO plugin v27.4 - https:\/\/yoast.com\/product\/yoast-seo-wordpress\/ -->\n<title>Vaj Far\u00ebs s\u00eb Zez\u00eb - Edesia<\/title>\n<meta name=\"robots\" content=\"index, follow, max-snippet:-1, max-image-preview:large, max-video-preview:-1\" \/>\n<link rel=\"canonical\" href=\"https:\/\/www.edesia.al\/?product=vaj-fares-se-zeze\" \/>\n<meta property=\"og:locale\" content=\"en_US\" \/>\n<meta property=\"og:type\" content=\"article\" \/>\n<meta property=\"og:title\" content=\"Vaj Far\u00ebs s\u00eb Zez\u00eb - Edesia\" \/>\n<meta property=\"og:description\" content=\"Vaj I far\u00ebs s\u00eb zez\u00eb &#8211; 100 % Bio Organik, I Presuar N\u00eb T\u00eb Ftoht\u00eb (100ml) Vaji i far\u00ebs s\u00eb zez\u00eb (Nigella Sativa) ka nj\u00eb p\u00ebrdorim t\u00eb gjer\u00eb rreth 2500 vje\u00e7ar dhe gjurm\u00ebt e p\u00ebrdorimit t\u00eb tij jan\u00eb gjetur n\u00eb qytet\u00ebrimet e lashta greke dhe egjiptiane. Sot, vaji i far\u00ebs s\u00eb zez\u00eb konsiderohet si nj\u00eb[...]\" \/>\n<meta property=\"og:url\" content=\"https:\/\/www.edesia.al\/?product=vaj-fares-se-zeze\" \/>\n<meta property=\"og:site_name\" content=\"Edesia\" \/>\n<meta property=\"article:modified_time\" content=\"2026-02-24T18:14:40+00:00\" \/>\n<meta property=\"og:image\" content=\"https:\/\/www.edesia.al\/wp-content\/uploads\/2026\/02\/Vaj-Fares-se-Zeze-1.png\" \/>\n\t<meta property=\"og:image:width\" content=\"593\" \/>\n\t<meta property=\"og:image:height\" content=\"593\" \/>\n\t<meta property=\"og:image:type\" content=\"image\/png\" \/>\n<meta name=\"twitter:card\" content=\"summary_large_image\" \/>\n<meta name=\"twitter:label1\" content=\"Est. reading time\" \/>\n\t<meta name=\"twitter:data1\" content=\"2 minutes\" \/>\n<script type=\"application\/ld+json\" class=\"yoast-schema-graph\">{\"@context\":\"https:\\\/\\\/schema.org\",\"@graph\":[{\"@type\":\"WebPage\",\"@id\":\"https:\\\/\\\/www.edesia.al\\\/?product=vaj-fares-se-zeze\",\"url\":\"https:\\\/\\\/www.edesia.al\\\/?product=vaj-fares-se-zeze\",\"name\":\"Vaj Far\u00ebs s\u00eb Zez\u00eb - Edesia\",\"isPartOf\":{\"@id\":\"https:\\\/\\\/www.edesia.al\\\/#website\"},\"primaryImageOfPage\":{\"@id\":\"https:\\\/\\\/www.edesia.al\\\/?product=vaj-fares-se-zeze#primaryimage\"},\"image\":{\"@id\":\"https:\\\/\\\/www.edesia.al\\\/?product=vaj-fares-se-zeze#primaryimage\"},\"thumbnailUrl\":\"https:\\\/\\\/www.edesia.al\\\/wp-content\\\/uploads\\\/2026\\\/02\\\/Vaj-Fares-se-Zeze-1.png\",\"datePublished\":\"2026-02-16T21:09:29+00:00\",\"dateModified\":\"2026-02-24T18:14:40+00:00\",\"breadcrumb\":{\"@id\":\"https:\\\/\\\/www.edesia.al\\\/?product=vaj-fares-se-zeze#breadcrumb\"},\"inLanguage\":\"en-US\",\"potentialAction\":[{\"@type\":\"ReadAction\",\"target\":[\"https:\\\/\\\/www.edesia.al\\\/?product=vaj-fares-se-zeze\"]}]},{\"@type\":\"ImageObject\",\"inLanguage\":\"en-US\",\"@id\":\"https:\\\/\\\/www.edesia.al\\\/?product=vaj-fares-se-zeze#primaryimage\",\"url\":\"https:\\\/\\\/www.edesia.al\\\/wp-content\\\/uploads\\\/2026\\\/02\\\/Vaj-Fares-se-Zeze-1.png\",\"contentUrl\":\"https:\\\/\\\/www.edesia.al\\\/wp-content\\\/uploads\\\/2026\\\/02\\\/Vaj-Fares-se-Zeze-1.png\",\"width\":593,\"height\":593},{\"@type\":\"BreadcrumbList\",\"@id\":\"https:\\\/\\\/www.edesia.al\\\/?product=vaj-fares-se-zeze#breadcrumb\",\"itemListElement\":[{\"@type\":\"ListItem\",\"position\":1,\"name\":\"Home\",\"item\":\"https:\\\/\\\/www.edesia.al\\\/\"},{\"@type\":\"ListItem\",\"position\":2,\"name\":\"Dyqani\",\"item\":\"https:\\\/\\\/www.edesia.al\\\/?page_id=17\"},{\"@type\":\"ListItem\",\"position\":3,\"name\":\"Vaj Far\u00ebs s\u00eb Zez\u00eb\"}]},{\"@type\":\"WebSite\",\"@id\":\"https:\\\/\\\/www.edesia.al\\\/#website\",\"url\":\"https:\\\/\\\/www.edesia.al\\\/\",\"name\":\"Edesia\",\"description\":\"\",\"publisher\":{\"@id\":\"https:\\\/\\\/www.edesia.al\\\/#organization\"},\"potentialAction\":[{\"@type\":\"SearchAction\",\"target\":{\"@type\":\"EntryPoint\",\"urlTemplate\":\"https:\\\/\\\/www.edesia.al\\\/?s={search_term_string}\"},\"query-input\":{\"@type\":\"PropertyValueSpecification\",\"valueRequired\":true,\"valueName\":\"search_term_string\"}}],\"inLanguage\":\"en-US\"},{\"@type\":\"Organization\",\"@id\":\"https:\\\/\\\/www.edesia.al\\\/#organization\",\"name\":\"Edesia\",\"url\":\"https:\\\/\\\/www.edesia.al\\\/\",\"logo\":{\"@type\":\"ImageObject\",\"inLanguage\":\"en-US\",\"@id\":\"https:\\\/\\\/www.edesia.al\\\/#\\\/schema\\\/logo\\\/image\\\/\",\"url\":\"https:\\\/\\\/www.edesia.al\\\/wp-content\\\/uploads\\\/2026\\\/02\\\/Logo-Edesia-no-background.png\",\"contentUrl\":\"https:\\\/\\\/www.edesia.al\\\/wp-content\\\/uploads\\\/2026\\\/02\\\/Logo-Edesia-no-background.png\",\"width\":293,\"height\":158,\"caption\":\"Edesia\"},\"image\":{\"@id\":\"https:\\\/\\\/www.edesia.al\\\/#\\\/schema\\\/logo\\\/image\\\/\"}}]}<\/script>\n<!-- \/ Yoast SEO plugin. -->","yoast_head_json":{"title":"Vaj Far\u00ebs s\u00eb Zez\u00eb - Edesia","robots":{"index":"index","follow":"follow","max-snippet":"max-snippet:-1","max-image-preview":"max-image-preview:large","max-video-preview":"max-video-preview:-1"},"canonical":"https:\/\/www.edesia.al\/?product=vaj-fares-se-zeze","og_locale":"en_US","og_type":"article","og_title":"Vaj Far\u00ebs s\u00eb Zez\u00eb - Edesia","og_description":"Vaj I far\u00ebs s\u00eb zez\u00eb &#8211; 100 % Bio Organik, I Presuar N\u00eb T\u00eb Ftoht\u00eb (100ml) Vaji i far\u00ebs s\u00eb zez\u00eb (Nigella Sativa) ka nj\u00eb p\u00ebrdorim t\u00eb gjer\u00eb rreth 2500 vje\u00e7ar dhe gjurm\u00ebt e p\u00ebrdorimit t\u00eb tij jan\u00eb gjetur n\u00eb qytet\u00ebrimet e lashta greke dhe egjiptiane. Sot, vaji i far\u00ebs s\u00eb zez\u00eb konsiderohet si nj\u00eb[...]","og_url":"https:\/\/www.edesia.al\/?product=vaj-fares-se-zeze","og_site_name":"Edesia","article_modified_time":"2026-02-24T18:14:40+00:00","og_image":[{"width":593,"height":593,"url":"https:\/\/www.edesia.al\/wp-content\/uploads\/2026\/02\/Vaj-Fares-se-Zeze-1.png","type":"image\/png"}],"twitter_card":"summary_large_image","twitter_misc":{"Est. reading time":"2 minutes"},"schema":{"@context":"https:\/\/schema.org","@graph":[{"@type":"WebPage","@id":"https:\/\/www.edesia.al\/?product=vaj-fares-se-zeze","url":"https:\/\/www.edesia.al\/?product=vaj-fares-se-zeze","name":"Vaj Far\u00ebs s\u00eb Zez\u00eb - Edesia","isPartOf":{"@id":"https:\/\/www.edesia.al\/#website"},"primaryImageOfPage":{"@id":"https:\/\/www.edesia.al\/?product=vaj-fares-se-zeze#primaryimage"},"image":{"@id":"https:\/\/www.edesia.al\/?product=vaj-fares-se-zeze#primaryimage"},"thumbnailUrl":"https:\/\/www.edesia.al\/wp-content\/uploads\/2026\/02\/Vaj-Fares-se-Zeze-1.png","datePublished":"2026-02-16T21:09:29+00:00","dateModified":"2026-02-24T18:14:40+00:00","breadcrumb":{"@id":"https:\/\/www.edesia.al\/?product=vaj-fares-se-zeze#breadcrumb"},"inLanguage":"en-US","potentialAction":[{"@type":"ReadAction","target":["https:\/\/www.edesia.al\/?product=vaj-fares-se-zeze"]}]},{"@type":"ImageObject","inLanguage":"en-US","@id":"https:\/\/www.edesia.al\/?product=vaj-fares-se-zeze#primaryimage","url":"https:\/\/www.edesia.al\/wp-content\/uploads\/2026\/02\/Vaj-Fares-se-Zeze-1.png","contentUrl":"https:\/\/www.edesia.al\/wp-content\/uploads\/2026\/02\/Vaj-Fares-se-Zeze-1.png","width":593,"height":593},{"@type":"BreadcrumbList","@id":"https:\/\/www.edesia.al\/?product=vaj-fares-se-zeze#breadcrumb","itemListElement":[{"@type":"ListItem","position":1,"name":"Home","item":"https:\/\/www.edesia.al\/"},{"@type":"ListItem","position":2,"name":"Dyqani","item":"https:\/\/www.edesia.al\/?page_id=17"},{"@type":"ListItem","position":3,"name":"Vaj Far\u00ebs s\u00eb Zez\u00eb"}]},{"@type":"WebSite","@id":"https:\/\/www.edesia.al\/#website","url":"https:\/\/www.edesia.al\/","name":"Edesia","description":"","publisher":{"@id":"https:\/\/www.edesia.al\/#organization"},"potentialAction":[{"@type":"SearchAction","target":{"@type":"EntryPoint","urlTemplate":"https:\/\/www.edesia.al\/?s={search_term_string}"},"query-input":{"@type":"PropertyValueSpecification","valueRequired":true,"valueName":"search_term_string"}}],"inLanguage":"en-US"},{"@type":"Organization","@id":"https:\/\/www.edesia.al\/#organization","name":"Edesia","url":"https:\/\/www.edesia.al\/","logo":{"@type":"ImageObject","inLanguage":"en-US","@id":"https:\/\/www.edesia.al\/#\/schema\/logo\/image\/","url":"https:\/\/www.edesia.al\/wp-content\/uploads\/2026\/02\/Logo-Edesia-no-background.png","contentUrl":"https:\/\/www.edesia.al\/wp-content\/uploads\/2026\/02\/Logo-Edesia-no-background.png","width":293,"height":158,"caption":"Edesia"},"image":{"@id":"https:\/\/www.edesia.al\/#\/schema\/logo\/image\/"}}]}},"_links":{"self":[{"href":"https:\/\/www.edesia.al\/index.php?rest_route=\/wp\/v2\/product\/6692","targetHints":{"allow":["GET"]}}],"collection":[{"href":"https:\/\/www.edesia.al\/index.php?rest_route=\/wp\/v2\/product"}],"about":[{"href":"https:\/\/www.edesia.al\/index.php?rest_route=\/wp\/v2\/types\/product"}],"replies":[{"embeddable":true,"href":"https:\/\/www.edesia.al\/index.php?rest_route=%2Fwp%2Fv2%2Fcomments&post=6692"}],"wp:featuredmedia":[{"embeddable":true,"href":"https:\/\/www.edesia.al\/index.php?rest_route=\/wp\/v2\/media\/6721"}],"wp:attachment":[{"href":"https:\/\/www.edesia.al\/index.php?rest_route=%2Fwp%2Fv2%2Fmedia&parent=6692"}],"wp:term":[{"taxonomy":"kategori-sipas-dietave","embeddable":true,"href":"https:\/\/www.edesia.al\/index.php?rest_route=%2Fwp%2Fv2%2Fkategori-sipas-dietave&post=6692"},{"taxonomy":"kategori-sipas-problemeve-shende","embeddable":true,"href":"https:\/\/www.edesia.al\/index.php?rest_route=%2Fwp%2Fv2%2Fkategori-sipas-problemeve-shende&post=6692"},{"taxonomy":"product_brand","embeddable":true,"href":"https:\/\/www.edesia.al\/index.php?rest_route=%2Fwp%2Fv2%2Fproduct_brand&post=6692"},{"taxonomy":"product_cat","embeddable":true,"href":"https:\/\/www.edesia.al\/index.php?rest_route=%2Fwp%2Fv2%2Fproduct_cat&post=6692"},{"taxonomy":"product_tag","embeddable":true,"href":"https:\/\/www.edesia.al\/index.php?rest_route=%2Fwp%2Fv2%2Fproduct_tag&post=6692"}],"curies":[{"name":"wp","href":"https:\/\/api.w.org\/{rel}","templated":true}]}}