{"id":6774,"date":"2026-02-16T21:10:14","date_gmt":"2026-02-16T21:10:14","guid":{"rendered":"https:\/\/www.edesia.al\/?post_type=product&#038;p=6774"},"modified":"2026-02-24T18:38:21","modified_gmt":"2026-02-24T18:38:21","slug":"mjalte-geshtenje-2","status":"publish","type":"product","link":"https:\/\/www.edesia.al\/?product=mjalte-geshtenje-2","title":{"rendered":"Mjalt\u00eb G\u00ebshtenje"},"content":{"rendered":"<h3>Mjalt\u00eb G\u00ebshtenje (850gr)<\/h3>\n<p>Mjalti i geshtenjave \u00ebsht\u00eb nj\u00eb produkt natyral q\u00eb prodhohet nga lulet e geshtenjave. Ky mjalt\u00eb \u00ebsht\u00eb i njohur p\u00ebr shijen e tij unike dhe p\u00ebr p\u00ebrmbajtjen e tij t\u00eb lart\u00eb n\u00eb antioksidant\u00eb, vitamina dhe minerale, si dhe p\u00ebr cil\u00ebsit\u00eb e tij terapeutike.<\/p>\n<h4>P\u00ebrfitimet sh\u00ebndet\u00ebsore:<\/h4>\n<ul>\n<li>Burim i pasur i antioksidant\u00ebve<\/li>\n<\/ul>\n<p>Mjalti i geshtenjave p\u00ebrmban sasi t\u00eb larta t\u00eb antioksidant\u00ebve, t\u00eb cil\u00ebt ndihmojn\u00eb n\u00eb luftimin e d\u00ebmtimeve t\u00eb qelizave nga radikaltet e lira dhe mund t\u00eb ndihmojn\u00eb n\u00eb uljen e rrezikut t\u00eb s\u00ebmundjeve t\u00eb ndryshme.<\/p>\n<ul>\n<li>Ndihmon n\u00eb rregullimin e tretjes<\/li>\n<\/ul>\n<p>Mjalti i geshtenjave p\u00ebrmban fibra, t\u00eb cilat ndihmojn\u00eb n\u00eb rregullimin e tretjes dhe n\u00eb parandalimin e kapsll\u00ebkut dhe kancerit t\u00eb zorr\u00ebs s\u00eb trash\u00eb.<\/p>\n<ul>\n<li>Ndihmon n\u00eb rregullimin e nivelit t\u00eb sheqerit n\u00eb gjak<\/li>\n<\/ul>\n<p>Mjalti i geshtenjave ka nj\u00eb indeks glikemik t\u00eb ul\u00ebt dhe mund t\u00eb ndihmoj\u00eb n\u00eb rregullimin e nivelit t\u00eb sheqerit n\u00eb gjak. Kjo \u00ebsht\u00eb e r\u00ebnd\u00ebsishme p\u00ebr njer\u00ebzit q\u00eb kan\u00eb diabet ose jan\u00eb n\u00eb rrezik t\u00eb zhvillimit t\u00eb k\u00ebsaj s\u00ebmundjeje.<\/p>\n<ul>\n<li>Ndihmon n\u00eb mbrojtjen e zemr\u00ebs dhe n\u00eb uljen e kolesterolit t\u00eb keq<\/li>\n<\/ul>\n<p>Mjalti i geshtenjave p\u00ebrmban sasi t\u00eb larta t\u00eb acidit ellagjik, i cili mund t\u00eb ndihmoj\u00eb n\u00eb mbrojtjen e zemr\u00ebs dhe n\u00eb uljen e kolesterolit t\u00eb keq.<\/p>\n<ul>\n<li>Ndihmon n\u00eb forcimin e sistemit imunitar<\/li>\n<\/ul>\n<p>Mjalti i geshtenjave p\u00ebrmban sasi t\u00eb larta t\u00eb vitamin\u00ebs C, e cila ndihmon n\u00eb forcimin e sistemit imunitar dhe n\u00eb mbrojtjen nga s\u00ebmundjet.<\/p>\n<ul>\n<li>Ndihmon n\u00eb rritjen e niveleve t\u00eb energjis\u00eb<\/li>\n<\/ul>\n<p>Mjalti i geshtenjave p\u00ebrmban sasi t\u00eb larta t\u00eb karbohidrateve kompleks\u00eb, t\u00eb cilat mund t\u00eb ndihmojn\u00eb n\u00eb rritjen e niveleve t\u00eb energjis\u00eb dhe n\u00eb uljen e ndjesis\u00eb s\u00eb lodhjes.<\/p>\n<ul>\n<li>Ndihmon n\u00eb uljen e inflamacionit<\/li>\n<\/ul>\n<p>Mjalti i geshtenjave p\u00ebrmban sasi t\u00eb larta t\u00eb acidit ursolik, i cili mund t\u00eb ndihmoj\u00eb n\u00eb uljen e inflamacionit n\u00eb trup.<\/p>\n","protected":false},"excerpt":{"rendered":"<p>Mjalt\u00eb G\u00ebshtenje (850gr) Mjalti i geshtenjave \u00ebsht\u00eb nj\u00eb produkt natyral q\u00eb prodhohet nga lulet e geshtenjave. Ky mjalt\u00eb \u00ebsht\u00eb i njohur p\u00ebr shijen e tij unike dhe p\u00ebr p\u00ebrmbajtjen e tij t\u00eb lart\u00eb n\u00eb antioksidant\u00eb, vitamina dhe minerale, si dhe p\u00ebr cil\u00ebsit\u00eb e tij terapeutike. P\u00ebrfitimet sh\u00ebndet\u00ebsore: Burim i pasur i antioksidant\u00ebve Mjalti i geshtenjave[&#8230;]<\/p>\n","protected":false},"featured_media":6800,"comment_status":"open","ping_status":"closed","template":"","meta":{"_acf_changed":false,"inline_featured_image":false},"kategori-sipas-dietave":[],"kategori-sipas-problemeve-shende":[85],"product_brand":[32],"product_cat":[39,26],"product_tag":[153],"class_list":{"0":"post-6774","1":"product","2":"type-product","3":"status-publish","4":"has-post-thumbnail","6":"kategori-sipas-problemeve-shende-imuniteti","7":"product_brand-bioagros","8":"product_cat-mjalte","9":"product_cat-ushqime-bio","10":"product_tag-mjalte-organik","12":"first","13":"instock","14":"taxable","15":"shipping-taxable","16":"purchasable","17":"product-type-simple"},"acf":[],"yoast_head":"<!-- This site is optimized with the Yoast SEO plugin v27.4 - https:\/\/yoast.com\/product\/yoast-seo-wordpress\/ -->\n<title>Mjalt\u00eb G\u00ebshtenje - Edesia<\/title>\n<meta name=\"robots\" content=\"index, follow, max-snippet:-1, max-image-preview:large, max-video-preview:-1\" \/>\n<link rel=\"canonical\" href=\"https:\/\/www.edesia.al\/?product=mjalte-geshtenje-2\" \/>\n<meta property=\"og:locale\" content=\"en_US\" \/>\n<meta property=\"og:type\" content=\"article\" \/>\n<meta property=\"og:title\" content=\"Mjalt\u00eb G\u00ebshtenje - Edesia\" \/>\n<meta property=\"og:description\" content=\"Mjalt\u00eb G\u00ebshtenje (850gr) Mjalti i geshtenjave \u00ebsht\u00eb nj\u00eb produkt natyral q\u00eb prodhohet nga lulet e geshtenjave. Ky mjalt\u00eb \u00ebsht\u00eb i njohur p\u00ebr shijen e tij unike dhe p\u00ebr p\u00ebrmbajtjen e tij t\u00eb lart\u00eb n\u00eb antioksidant\u00eb, vitamina dhe minerale, si dhe p\u00ebr cil\u00ebsit\u00eb e tij terapeutike. P\u00ebrfitimet sh\u00ebndet\u00ebsore: Burim i pasur i antioksidant\u00ebve Mjalti i geshtenjave[...]\" \/>\n<meta property=\"og:url\" content=\"https:\/\/www.edesia.al\/?product=mjalte-geshtenje-2\" \/>\n<meta property=\"og:site_name\" content=\"Edesia\" \/>\n<meta property=\"article:modified_time\" content=\"2026-02-24T18:38:21+00:00\" \/>\n<meta property=\"og:image\" content=\"https:\/\/www.edesia.al\/wp-content\/uploads\/2026\/02\/Mjalte-Geshtenje-850-1.png\" \/>\n\t<meta property=\"og:image:width\" content=\"593\" \/>\n\t<meta property=\"og:image:height\" content=\"593\" \/>\n\t<meta property=\"og:image:type\" content=\"image\/png\" \/>\n<meta name=\"twitter:card\" content=\"summary_large_image\" \/>\n<meta name=\"twitter:label1\" content=\"Est. reading time\" \/>\n\t<meta name=\"twitter:data1\" content=\"2 minutes\" \/>\n<script type=\"application\/ld+json\" class=\"yoast-schema-graph\">{\"@context\":\"https:\\\/\\\/schema.org\",\"@graph\":[{\"@type\":\"WebPage\",\"@id\":\"https:\\\/\\\/www.edesia.al\\\/?product=mjalte-geshtenje-2\",\"url\":\"https:\\\/\\\/www.edesia.al\\\/?product=mjalte-geshtenje-2\",\"name\":\"Mjalt\u00eb G\u00ebshtenje - Edesia\",\"isPartOf\":{\"@id\":\"https:\\\/\\\/www.edesia.al\\\/#website\"},\"primaryImageOfPage\":{\"@id\":\"https:\\\/\\\/www.edesia.al\\\/?product=mjalte-geshtenje-2#primaryimage\"},\"image\":{\"@id\":\"https:\\\/\\\/www.edesia.al\\\/?product=mjalte-geshtenje-2#primaryimage\"},\"thumbnailUrl\":\"https:\\\/\\\/www.edesia.al\\\/wp-content\\\/uploads\\\/2026\\\/02\\\/Mjalte-Geshtenje-850-1.png\",\"datePublished\":\"2026-02-16T21:10:14+00:00\",\"dateModified\":\"2026-02-24T18:38:21+00:00\",\"breadcrumb\":{\"@id\":\"https:\\\/\\\/www.edesia.al\\\/?product=mjalte-geshtenje-2#breadcrumb\"},\"inLanguage\":\"en-US\",\"potentialAction\":[{\"@type\":\"ReadAction\",\"target\":[\"https:\\\/\\\/www.edesia.al\\\/?product=mjalte-geshtenje-2\"]}]},{\"@type\":\"ImageObject\",\"inLanguage\":\"en-US\",\"@id\":\"https:\\\/\\\/www.edesia.al\\\/?product=mjalte-geshtenje-2#primaryimage\",\"url\":\"https:\\\/\\\/www.edesia.al\\\/wp-content\\\/uploads\\\/2026\\\/02\\\/Mjalte-Geshtenje-850-1.png\",\"contentUrl\":\"https:\\\/\\\/www.edesia.al\\\/wp-content\\\/uploads\\\/2026\\\/02\\\/Mjalte-Geshtenje-850-1.png\",\"width\":593,\"height\":593},{\"@type\":\"BreadcrumbList\",\"@id\":\"https:\\\/\\\/www.edesia.al\\\/?product=mjalte-geshtenje-2#breadcrumb\",\"itemListElement\":[{\"@type\":\"ListItem\",\"position\":1,\"name\":\"Home\",\"item\":\"https:\\\/\\\/www.edesia.al\\\/\"},{\"@type\":\"ListItem\",\"position\":2,\"name\":\"Dyqani\",\"item\":\"https:\\\/\\\/www.edesia.al\\\/?page_id=17\"},{\"@type\":\"ListItem\",\"position\":3,\"name\":\"Mjalt\u00eb G\u00ebshtenje\"}]},{\"@type\":\"WebSite\",\"@id\":\"https:\\\/\\\/www.edesia.al\\\/#website\",\"url\":\"https:\\\/\\\/www.edesia.al\\\/\",\"name\":\"Edesia\",\"description\":\"\",\"publisher\":{\"@id\":\"https:\\\/\\\/www.edesia.al\\\/#organization\"},\"potentialAction\":[{\"@type\":\"SearchAction\",\"target\":{\"@type\":\"EntryPoint\",\"urlTemplate\":\"https:\\\/\\\/www.edesia.al\\\/?s={search_term_string}\"},\"query-input\":{\"@type\":\"PropertyValueSpecification\",\"valueRequired\":true,\"valueName\":\"search_term_string\"}}],\"inLanguage\":\"en-US\"},{\"@type\":\"Organization\",\"@id\":\"https:\\\/\\\/www.edesia.al\\\/#organization\",\"name\":\"Edesia\",\"url\":\"https:\\\/\\\/www.edesia.al\\\/\",\"logo\":{\"@type\":\"ImageObject\",\"inLanguage\":\"en-US\",\"@id\":\"https:\\\/\\\/www.edesia.al\\\/#\\\/schema\\\/logo\\\/image\\\/\",\"url\":\"https:\\\/\\\/www.edesia.al\\\/wp-content\\\/uploads\\\/2026\\\/02\\\/Logo-Edesia-no-background.png\",\"contentUrl\":\"https:\\\/\\\/www.edesia.al\\\/wp-content\\\/uploads\\\/2026\\\/02\\\/Logo-Edesia-no-background.png\",\"width\":293,\"height\":158,\"caption\":\"Edesia\"},\"image\":{\"@id\":\"https:\\\/\\\/www.edesia.al\\\/#\\\/schema\\\/logo\\\/image\\\/\"}}]}<\/script>\n<!-- \/ Yoast SEO plugin. -->","yoast_head_json":{"title":"Mjalt\u00eb G\u00ebshtenje - Edesia","robots":{"index":"index","follow":"follow","max-snippet":"max-snippet:-1","max-image-preview":"max-image-preview:large","max-video-preview":"max-video-preview:-1"},"canonical":"https:\/\/www.edesia.al\/?product=mjalte-geshtenje-2","og_locale":"en_US","og_type":"article","og_title":"Mjalt\u00eb G\u00ebshtenje - Edesia","og_description":"Mjalt\u00eb G\u00ebshtenje (850gr) Mjalti i geshtenjave \u00ebsht\u00eb nj\u00eb produkt natyral q\u00eb prodhohet nga lulet e geshtenjave. Ky mjalt\u00eb \u00ebsht\u00eb i njohur p\u00ebr shijen e tij unike dhe p\u00ebr p\u00ebrmbajtjen e tij t\u00eb lart\u00eb n\u00eb antioksidant\u00eb, vitamina dhe minerale, si dhe p\u00ebr cil\u00ebsit\u00eb e tij terapeutike. P\u00ebrfitimet sh\u00ebndet\u00ebsore: Burim i pasur i antioksidant\u00ebve Mjalti i geshtenjave[...]","og_url":"https:\/\/www.edesia.al\/?product=mjalte-geshtenje-2","og_site_name":"Edesia","article_modified_time":"2026-02-24T18:38:21+00:00","og_image":[{"width":593,"height":593,"url":"https:\/\/www.edesia.al\/wp-content\/uploads\/2026\/02\/Mjalte-Geshtenje-850-1.png","type":"image\/png"}],"twitter_card":"summary_large_image","twitter_misc":{"Est. reading time":"2 minutes"},"schema":{"@context":"https:\/\/schema.org","@graph":[{"@type":"WebPage","@id":"https:\/\/www.edesia.al\/?product=mjalte-geshtenje-2","url":"https:\/\/www.edesia.al\/?product=mjalte-geshtenje-2","name":"Mjalt\u00eb G\u00ebshtenje - Edesia","isPartOf":{"@id":"https:\/\/www.edesia.al\/#website"},"primaryImageOfPage":{"@id":"https:\/\/www.edesia.al\/?product=mjalte-geshtenje-2#primaryimage"},"image":{"@id":"https:\/\/www.edesia.al\/?product=mjalte-geshtenje-2#primaryimage"},"thumbnailUrl":"https:\/\/www.edesia.al\/wp-content\/uploads\/2026\/02\/Mjalte-Geshtenje-850-1.png","datePublished":"2026-02-16T21:10:14+00:00","dateModified":"2026-02-24T18:38:21+00:00","breadcrumb":{"@id":"https:\/\/www.edesia.al\/?product=mjalte-geshtenje-2#breadcrumb"},"inLanguage":"en-US","potentialAction":[{"@type":"ReadAction","target":["https:\/\/www.edesia.al\/?product=mjalte-geshtenje-2"]}]},{"@type":"ImageObject","inLanguage":"en-US","@id":"https:\/\/www.edesia.al\/?product=mjalte-geshtenje-2#primaryimage","url":"https:\/\/www.edesia.al\/wp-content\/uploads\/2026\/02\/Mjalte-Geshtenje-850-1.png","contentUrl":"https:\/\/www.edesia.al\/wp-content\/uploads\/2026\/02\/Mjalte-Geshtenje-850-1.png","width":593,"height":593},{"@type":"BreadcrumbList","@id":"https:\/\/www.edesia.al\/?product=mjalte-geshtenje-2#breadcrumb","itemListElement":[{"@type":"ListItem","position":1,"name":"Home","item":"https:\/\/www.edesia.al\/"},{"@type":"ListItem","position":2,"name":"Dyqani","item":"https:\/\/www.edesia.al\/?page_id=17"},{"@type":"ListItem","position":3,"name":"Mjalt\u00eb G\u00ebshtenje"}]},{"@type":"WebSite","@id":"https:\/\/www.edesia.al\/#website","url":"https:\/\/www.edesia.al\/","name":"Edesia","description":"","publisher":{"@id":"https:\/\/www.edesia.al\/#organization"},"potentialAction":[{"@type":"SearchAction","target":{"@type":"EntryPoint","urlTemplate":"https:\/\/www.edesia.al\/?s={search_term_string}"},"query-input":{"@type":"PropertyValueSpecification","valueRequired":true,"valueName":"search_term_string"}}],"inLanguage":"en-US"},{"@type":"Organization","@id":"https:\/\/www.edesia.al\/#organization","name":"Edesia","url":"https:\/\/www.edesia.al\/","logo":{"@type":"ImageObject","inLanguage":"en-US","@id":"https:\/\/www.edesia.al\/#\/schema\/logo\/image\/","url":"https:\/\/www.edesia.al\/wp-content\/uploads\/2026\/02\/Logo-Edesia-no-background.png","contentUrl":"https:\/\/www.edesia.al\/wp-content\/uploads\/2026\/02\/Logo-Edesia-no-background.png","width":293,"height":158,"caption":"Edesia"},"image":{"@id":"https:\/\/www.edesia.al\/#\/schema\/logo\/image\/"}}]}},"_links":{"self":[{"href":"https:\/\/www.edesia.al\/index.php?rest_route=\/wp\/v2\/product\/6774","targetHints":{"allow":["GET"]}}],"collection":[{"href":"https:\/\/www.edesia.al\/index.php?rest_route=\/wp\/v2\/product"}],"about":[{"href":"https:\/\/www.edesia.al\/index.php?rest_route=\/wp\/v2\/types\/product"}],"replies":[{"embeddable":true,"href":"https:\/\/www.edesia.al\/index.php?rest_route=%2Fwp%2Fv2%2Fcomments&post=6774"}],"wp:featuredmedia":[{"embeddable":true,"href":"https:\/\/www.edesia.al\/index.php?rest_route=\/wp\/v2\/media\/6800"}],"wp:attachment":[{"href":"https:\/\/www.edesia.al\/index.php?rest_route=%2Fwp%2Fv2%2Fmedia&parent=6774"}],"wp:term":[{"taxonomy":"kategori-sipas-dietave","embeddable":true,"href":"https:\/\/www.edesia.al\/index.php?rest_route=%2Fwp%2Fv2%2Fkategori-sipas-dietave&post=6774"},{"taxonomy":"kategori-sipas-problemeve-shende","embeddable":true,"href":"https:\/\/www.edesia.al\/index.php?rest_route=%2Fwp%2Fv2%2Fkategori-sipas-problemeve-shende&post=6774"},{"taxonomy":"product_brand","embeddable":true,"href":"https:\/\/www.edesia.al\/index.php?rest_route=%2Fwp%2Fv2%2Fproduct_brand&post=6774"},{"taxonomy":"product_cat","embeddable":true,"href":"https:\/\/www.edesia.al\/index.php?rest_route=%2Fwp%2Fv2%2Fproduct_cat&post=6774"},{"taxonomy":"product_tag","embeddable":true,"href":"https:\/\/www.edesia.al\/index.php?rest_route=%2Fwp%2Fv2%2Fproduct_tag&post=6774"}],"curies":[{"name":"wp","href":"https:\/\/api.w.org\/{rel}","templated":true}]}}