{"id":6780,"date":"2026-02-16T21:10:15","date_gmt":"2026-02-16T21:10:15","guid":{"rendered":"https:\/\/www.edesia.al\/?post_type=product&#038;p=6780"},"modified":"2026-02-24T18:47:22","modified_gmt":"2026-02-24T18:47:22","slug":"stevia-1-5","status":"publish","type":"product","link":"https:\/\/www.edesia.al\/?product=stevia-1-5","title":{"rendered":"Stevia 1\/5"},"content":{"rendered":"<h3>Stevia 1\/5 (100gr)<\/h3>\n<p>Bima Stevia, me origjin\u00eb nga Amerika e Jugut, \u00ebsht\u00eb shum\u00eb e k\u00ebrkuar n\u00eb t\u00eb t\u00ebr\u00eb bot\u00ebn p\u00ebr shkak t\u00eb benefiteve shendetsore, por edhe t\u00eb shij\u00ebs s\u00eb \u00ebmb\u00ebl qe ajo ka. Stevia \u00ebsht\u00eb nj\u00eb z\u00ebv\u00ebndesuse shum\u00eb i mir\u00eb i sheqerit t\u00eb bardh\u00eb dhe t\u00eb d\u00ebmsh\u00ebm pasi \u00ebsht\u00eb e shum\u00eb e\u00a0 \u00ebmb\u00ebl, nuk p\u00ebrmban \u00ebmb\u00eblsues\u00a0 artificial dhe ka nj\u00eb ideks te ul\u00ebt glicemik.<\/p>\n<h4>P\u00ebrfitimet sh\u00ebndetsore t\u00eb stevias:<\/h4>\n<ul>\n<li>Esht\u00eb produkt 100 % natyral.<\/li>\n<li>Ka 0 kalori.<\/li>\n<li>Indeksin glicemik e ka 0.<\/li>\n<li>Esht\u00eb 20 -300 her\u00eb m\u00eb i \u00ebmb\u00ebl se sheqeri klasik.<\/li>\n<li>Ka stabilitet n\u00eb temperatura t\u00eb larta ( n\u00eb gatim ) dhe nuk ndryshon vetit\u00eb fiziko kimike as n\u00eb temperatur\u00ebn 200 grad\u00eb.<\/li>\n<li>Ul d\u00ebshir\u00ebn p\u00ebr ushqime t\u00eb \u00ebmbla dhe t\u00eb yndyrshme.<\/li>\n<li>Ndihmon n\u00eb stabilizimin e sheqerit n\u00eb gjak.<\/li>\n<li>Ndihmon n\u00eb humbjen n\u00eb pesh\u00eb dhe menaxhimin e saj.<\/li>\n<li>Esht\u00eb leht\u00ebsisht i menaxhueshem nga trakti gastro intestinal.<\/li>\n<li>Ka veti antioksidante dhe nuk \u00ebsht\u00eb aspak toksik.<\/li>\n<\/ul>\n<p>&nbsp;<\/p>\n","protected":false},"excerpt":{"rendered":"<p>Stevia 1\/5 (100gr) Bima Stevia, me origjin\u00eb nga Amerika e Jugut, \u00ebsht\u00eb shum\u00eb e k\u00ebrkuar n\u00eb t\u00eb t\u00ebr\u00eb bot\u00ebn p\u00ebr shkak t\u00eb benefiteve shendetsore, por edhe t\u00eb shij\u00ebs s\u00eb \u00ebmb\u00ebl qe ajo ka. Stevia \u00ebsht\u00eb nj\u00eb z\u00ebv\u00ebndesuse shum\u00eb i mir\u00eb i sheqerit t\u00eb bardh\u00eb dhe t\u00eb d\u00ebmsh\u00ebm pasi \u00ebsht\u00eb e shum\u00eb e\u00a0 \u00ebmb\u00ebl, nuk p\u00ebrmban[&#8230;]<\/p>\n","protected":false},"featured_media":6809,"comment_status":"open","ping_status":"closed","template":"","meta":{"_acf_changed":false,"inline_featured_image":false},"kategori-sipas-dietave":[92],"kategori-sipas-problemeve-shende":[],"product_brand":[32],"product_cat":[46,26],"product_tag":[159],"class_list":{"0":"post-6780","1":"product","2":"type-product","3":"status-publish","4":"has-post-thumbnail","6":"kategori-sipas-dietave-keto","7":"product_brand-bioagros","8":"product_cat-sheqer-bio","9":"product_cat-ushqime-bio","10":"product_tag-sheqer-organic","12":"first","13":"instock","14":"taxable","15":"shipping-taxable","16":"purchasable","17":"product-type-simple"},"acf":[],"yoast_head":"<!-- This site is optimized with the Yoast SEO plugin v27.4 - https:\/\/yoast.com\/product\/yoast-seo-wordpress\/ -->\n<title>Stevia 1\/5 - Edesia<\/title>\n<meta name=\"robots\" content=\"index, follow, max-snippet:-1, max-image-preview:large, max-video-preview:-1\" \/>\n<link rel=\"canonical\" href=\"https:\/\/www.edesia.al\/?product=stevia-1-5\" \/>\n<meta property=\"og:locale\" content=\"en_US\" \/>\n<meta property=\"og:type\" content=\"article\" \/>\n<meta property=\"og:title\" content=\"Stevia 1\/5 - Edesia\" \/>\n<meta property=\"og:description\" content=\"Stevia 1\/5 (100gr) Bima Stevia, me origjin\u00eb nga Amerika e Jugut, \u00ebsht\u00eb shum\u00eb e k\u00ebrkuar n\u00eb t\u00eb t\u00ebr\u00eb bot\u00ebn p\u00ebr shkak t\u00eb benefiteve shendetsore, por edhe t\u00eb shij\u00ebs s\u00eb \u00ebmb\u00ebl qe ajo ka. Stevia \u00ebsht\u00eb nj\u00eb z\u00ebv\u00ebndesuse shum\u00eb i mir\u00eb i sheqerit t\u00eb bardh\u00eb dhe t\u00eb d\u00ebmsh\u00ebm pasi \u00ebsht\u00eb e shum\u00eb e\u00a0 \u00ebmb\u00ebl, nuk p\u00ebrmban[...]\" \/>\n<meta property=\"og:url\" content=\"https:\/\/www.edesia.al\/?product=stevia-1-5\" \/>\n<meta property=\"og:site_name\" content=\"Edesia\" \/>\n<meta property=\"article:modified_time\" content=\"2026-02-24T18:47:22+00:00\" \/>\n<meta property=\"og:image\" content=\"https:\/\/www.edesia.al\/wp-content\/uploads\/2026\/02\/Stevia-1.png\" \/>\n\t<meta property=\"og:image:width\" content=\"593\" \/>\n\t<meta property=\"og:image:height\" content=\"593\" \/>\n\t<meta property=\"og:image:type\" content=\"image\/png\" \/>\n<meta name=\"twitter:card\" content=\"summary_large_image\" \/>\n<meta name=\"twitter:label1\" content=\"Est. reading time\" \/>\n\t<meta name=\"twitter:data1\" content=\"1 minute\" \/>\n<script type=\"application\/ld+json\" class=\"yoast-schema-graph\">{\"@context\":\"https:\\\/\\\/schema.org\",\"@graph\":[{\"@type\":\"WebPage\",\"@id\":\"https:\\\/\\\/www.edesia.al\\\/?product=stevia-1-5\",\"url\":\"https:\\\/\\\/www.edesia.al\\\/?product=stevia-1-5\",\"name\":\"Stevia 1\\\/5 - Edesia\",\"isPartOf\":{\"@id\":\"https:\\\/\\\/www.edesia.al\\\/#website\"},\"primaryImageOfPage\":{\"@id\":\"https:\\\/\\\/www.edesia.al\\\/?product=stevia-1-5#primaryimage\"},\"image\":{\"@id\":\"https:\\\/\\\/www.edesia.al\\\/?product=stevia-1-5#primaryimage\"},\"thumbnailUrl\":\"https:\\\/\\\/www.edesia.al\\\/wp-content\\\/uploads\\\/2026\\\/02\\\/Stevia-1.png\",\"datePublished\":\"2026-02-16T21:10:15+00:00\",\"dateModified\":\"2026-02-24T18:47:22+00:00\",\"breadcrumb\":{\"@id\":\"https:\\\/\\\/www.edesia.al\\\/?product=stevia-1-5#breadcrumb\"},\"inLanguage\":\"en-US\",\"potentialAction\":[{\"@type\":\"ReadAction\",\"target\":[\"https:\\\/\\\/www.edesia.al\\\/?product=stevia-1-5\"]}]},{\"@type\":\"ImageObject\",\"inLanguage\":\"en-US\",\"@id\":\"https:\\\/\\\/www.edesia.al\\\/?product=stevia-1-5#primaryimage\",\"url\":\"https:\\\/\\\/www.edesia.al\\\/wp-content\\\/uploads\\\/2026\\\/02\\\/Stevia-1.png\",\"contentUrl\":\"https:\\\/\\\/www.edesia.al\\\/wp-content\\\/uploads\\\/2026\\\/02\\\/Stevia-1.png\",\"width\":593,\"height\":593},{\"@type\":\"BreadcrumbList\",\"@id\":\"https:\\\/\\\/www.edesia.al\\\/?product=stevia-1-5#breadcrumb\",\"itemListElement\":[{\"@type\":\"ListItem\",\"position\":1,\"name\":\"Home\",\"item\":\"https:\\\/\\\/www.edesia.al\\\/\"},{\"@type\":\"ListItem\",\"position\":2,\"name\":\"Dyqani\",\"item\":\"https:\\\/\\\/www.edesia.al\\\/?page_id=17\"},{\"@type\":\"ListItem\",\"position\":3,\"name\":\"Stevia 1\\\/5\"}]},{\"@type\":\"WebSite\",\"@id\":\"https:\\\/\\\/www.edesia.al\\\/#website\",\"url\":\"https:\\\/\\\/www.edesia.al\\\/\",\"name\":\"Edesia\",\"description\":\"\",\"publisher\":{\"@id\":\"https:\\\/\\\/www.edesia.al\\\/#organization\"},\"potentialAction\":[{\"@type\":\"SearchAction\",\"target\":{\"@type\":\"EntryPoint\",\"urlTemplate\":\"https:\\\/\\\/www.edesia.al\\\/?s={search_term_string}\"},\"query-input\":{\"@type\":\"PropertyValueSpecification\",\"valueRequired\":true,\"valueName\":\"search_term_string\"}}],\"inLanguage\":\"en-US\"},{\"@type\":\"Organization\",\"@id\":\"https:\\\/\\\/www.edesia.al\\\/#organization\",\"name\":\"Edesia\",\"url\":\"https:\\\/\\\/www.edesia.al\\\/\",\"logo\":{\"@type\":\"ImageObject\",\"inLanguage\":\"en-US\",\"@id\":\"https:\\\/\\\/www.edesia.al\\\/#\\\/schema\\\/logo\\\/image\\\/\",\"url\":\"https:\\\/\\\/www.edesia.al\\\/wp-content\\\/uploads\\\/2026\\\/02\\\/Logo-Edesia-no-background.png\",\"contentUrl\":\"https:\\\/\\\/www.edesia.al\\\/wp-content\\\/uploads\\\/2026\\\/02\\\/Logo-Edesia-no-background.png\",\"width\":293,\"height\":158,\"caption\":\"Edesia\"},\"image\":{\"@id\":\"https:\\\/\\\/www.edesia.al\\\/#\\\/schema\\\/logo\\\/image\\\/\"}}]}<\/script>\n<!-- \/ Yoast SEO plugin. -->","yoast_head_json":{"title":"Stevia 1\/5 - Edesia","robots":{"index":"index","follow":"follow","max-snippet":"max-snippet:-1","max-image-preview":"max-image-preview:large","max-video-preview":"max-video-preview:-1"},"canonical":"https:\/\/www.edesia.al\/?product=stevia-1-5","og_locale":"en_US","og_type":"article","og_title":"Stevia 1\/5 - Edesia","og_description":"Stevia 1\/5 (100gr) Bima Stevia, me origjin\u00eb nga Amerika e Jugut, \u00ebsht\u00eb shum\u00eb e k\u00ebrkuar n\u00eb t\u00eb t\u00ebr\u00eb bot\u00ebn p\u00ebr shkak t\u00eb benefiteve shendetsore, por edhe t\u00eb shij\u00ebs s\u00eb \u00ebmb\u00ebl qe ajo ka. Stevia \u00ebsht\u00eb nj\u00eb z\u00ebv\u00ebndesuse shum\u00eb i mir\u00eb i sheqerit t\u00eb bardh\u00eb dhe t\u00eb d\u00ebmsh\u00ebm pasi \u00ebsht\u00eb e shum\u00eb e\u00a0 \u00ebmb\u00ebl, nuk p\u00ebrmban[...]","og_url":"https:\/\/www.edesia.al\/?product=stevia-1-5","og_site_name":"Edesia","article_modified_time":"2026-02-24T18:47:22+00:00","og_image":[{"width":593,"height":593,"url":"https:\/\/www.edesia.al\/wp-content\/uploads\/2026\/02\/Stevia-1.png","type":"image\/png"}],"twitter_card":"summary_large_image","twitter_misc":{"Est. reading time":"1 minute"},"schema":{"@context":"https:\/\/schema.org","@graph":[{"@type":"WebPage","@id":"https:\/\/www.edesia.al\/?product=stevia-1-5","url":"https:\/\/www.edesia.al\/?product=stevia-1-5","name":"Stevia 1\/5 - Edesia","isPartOf":{"@id":"https:\/\/www.edesia.al\/#website"},"primaryImageOfPage":{"@id":"https:\/\/www.edesia.al\/?product=stevia-1-5#primaryimage"},"image":{"@id":"https:\/\/www.edesia.al\/?product=stevia-1-5#primaryimage"},"thumbnailUrl":"https:\/\/www.edesia.al\/wp-content\/uploads\/2026\/02\/Stevia-1.png","datePublished":"2026-02-16T21:10:15+00:00","dateModified":"2026-02-24T18:47:22+00:00","breadcrumb":{"@id":"https:\/\/www.edesia.al\/?product=stevia-1-5#breadcrumb"},"inLanguage":"en-US","potentialAction":[{"@type":"ReadAction","target":["https:\/\/www.edesia.al\/?product=stevia-1-5"]}]},{"@type":"ImageObject","inLanguage":"en-US","@id":"https:\/\/www.edesia.al\/?product=stevia-1-5#primaryimage","url":"https:\/\/www.edesia.al\/wp-content\/uploads\/2026\/02\/Stevia-1.png","contentUrl":"https:\/\/www.edesia.al\/wp-content\/uploads\/2026\/02\/Stevia-1.png","width":593,"height":593},{"@type":"BreadcrumbList","@id":"https:\/\/www.edesia.al\/?product=stevia-1-5#breadcrumb","itemListElement":[{"@type":"ListItem","position":1,"name":"Home","item":"https:\/\/www.edesia.al\/"},{"@type":"ListItem","position":2,"name":"Dyqani","item":"https:\/\/www.edesia.al\/?page_id=17"},{"@type":"ListItem","position":3,"name":"Stevia 1\/5"}]},{"@type":"WebSite","@id":"https:\/\/www.edesia.al\/#website","url":"https:\/\/www.edesia.al\/","name":"Edesia","description":"","publisher":{"@id":"https:\/\/www.edesia.al\/#organization"},"potentialAction":[{"@type":"SearchAction","target":{"@type":"EntryPoint","urlTemplate":"https:\/\/www.edesia.al\/?s={search_term_string}"},"query-input":{"@type":"PropertyValueSpecification","valueRequired":true,"valueName":"search_term_string"}}],"inLanguage":"en-US"},{"@type":"Organization","@id":"https:\/\/www.edesia.al\/#organization","name":"Edesia","url":"https:\/\/www.edesia.al\/","logo":{"@type":"ImageObject","inLanguage":"en-US","@id":"https:\/\/www.edesia.al\/#\/schema\/logo\/image\/","url":"https:\/\/www.edesia.al\/wp-content\/uploads\/2026\/02\/Logo-Edesia-no-background.png","contentUrl":"https:\/\/www.edesia.al\/wp-content\/uploads\/2026\/02\/Logo-Edesia-no-background.png","width":293,"height":158,"caption":"Edesia"},"image":{"@id":"https:\/\/www.edesia.al\/#\/schema\/logo\/image\/"}}]}},"_links":{"self":[{"href":"https:\/\/www.edesia.al\/index.php?rest_route=\/wp\/v2\/product\/6780","targetHints":{"allow":["GET"]}}],"collection":[{"href":"https:\/\/www.edesia.al\/index.php?rest_route=\/wp\/v2\/product"}],"about":[{"href":"https:\/\/www.edesia.al\/index.php?rest_route=\/wp\/v2\/types\/product"}],"replies":[{"embeddable":true,"href":"https:\/\/www.edesia.al\/index.php?rest_route=%2Fwp%2Fv2%2Fcomments&post=6780"}],"wp:featuredmedia":[{"embeddable":true,"href":"https:\/\/www.edesia.al\/index.php?rest_route=\/wp\/v2\/media\/6809"}],"wp:attachment":[{"href":"https:\/\/www.edesia.al\/index.php?rest_route=%2Fwp%2Fv2%2Fmedia&parent=6780"}],"wp:term":[{"taxonomy":"kategori-sipas-dietave","embeddable":true,"href":"https:\/\/www.edesia.al\/index.php?rest_route=%2Fwp%2Fv2%2Fkategori-sipas-dietave&post=6780"},{"taxonomy":"kategori-sipas-problemeve-shende","embeddable":true,"href":"https:\/\/www.edesia.al\/index.php?rest_route=%2Fwp%2Fv2%2Fkategori-sipas-problemeve-shende&post=6780"},{"taxonomy":"product_brand","embeddable":true,"href":"https:\/\/www.edesia.al\/index.php?rest_route=%2Fwp%2Fv2%2Fproduct_brand&post=6780"},{"taxonomy":"product_cat","embeddable":true,"href":"https:\/\/www.edesia.al\/index.php?rest_route=%2Fwp%2Fv2%2Fproduct_cat&post=6780"},{"taxonomy":"product_tag","embeddable":true,"href":"https:\/\/www.edesia.al\/index.php?rest_route=%2Fwp%2Fv2%2Fproduct_tag&post=6780"}],"curies":[{"name":"wp","href":"https:\/\/api.w.org\/{rel}","templated":true}]}}