{"id":6783,"date":"2026-02-16T21:10:16","date_gmt":"2026-02-16T21:10:16","guid":{"rendered":"https:\/\/www.edesia.al\/?post_type=product&#038;p=6783"},"modified":"2026-02-24T18:48:49","modified_gmt":"2026-02-24T18:48:49","slug":"uthull-rrushi-bio","status":"publish","type":"product","link":"https:\/\/www.edesia.al\/?product=uthull-rrushi-bio","title":{"rendered":"Uthull Rrushi Bio"},"content":{"rendered":"<h3>Uthull Rrushi Bio (500ml)<\/h3>\n<p>Uthulla e rrushit\u00a0 p\u00ebrftohet nga fermetinimi n\u00eb m\u00ebnyre natyrale e rrushit.<\/p>\n<h4>P\u00ebrfitimet sh\u00ebndetsore te uthull\u00ebs s\u00eb rrushit:<\/h4>\n<ul>\n<li>P\u00ebrmir\u00ebson funksionimin e sistemit kardiovaskular<\/li>\n<\/ul>\n<p>Uthulla e rrushit p\u00ebrmban antioksidant\u00eb t\u00eb shumt\u00eb si flavonoid\u00ebt dhe resveratrol, q\u00eb ndihmojn\u00eb n\u00eb p\u00ebrmir\u00ebsimin e funksionimit t\u00eb sistemit kardiovaskular. Ajo ndihmon n\u00eb rritjen e niveleve t\u00eb kolesterolit t\u00eb mir\u00eb (HDL) dhe n\u00eb uljen e niveleve t\u00eb kolesterolit t\u00eb keq (LDL).<\/p>\n<ul>\n<li>Ndihmon n\u00eb parandalimin e kancerit<\/li>\n<\/ul>\n<p>Antioksidant\u00ebt e uthull\u00ebs s\u00eb rrushit kan\u00eb nj\u00eb efekt mbrojt\u00ebs n\u00eb qelizat e trupit dhe mund t\u00eb ndihmojn\u00eb n\u00eb parandalimin e zhvillimit t\u00eb kancerit.<\/p>\n<ul>\n<li>Ndihmon n\u00eb kontrollin e nivelit t\u00eb sheqerit n\u00eb gjak<\/li>\n<\/ul>\n<p>P\u00ebrdorimi i uthull\u00ebs s\u00eb rrushit mund t\u00eb ndihmoj\u00eb n\u00eb stabilizimin e niveleve t\u00eb sheqerit n\u00eb gjak dhe n\u00eb parandalimin e diabetit t\u00eb llojit 2.<\/p>\n<ul>\n<li>Ndihmon n\u00eb p\u00ebrmir\u00ebsimin e traktit tret\u00ebs<\/li>\n<\/ul>\n<p>Uthulla e rrushit ka nj\u00eb sasi t\u00eb lart\u00eb t\u00eb fibrit, q\u00eb ndihmon n\u00eb p\u00ebrmir\u00ebsimin e traktit tret\u00ebs dhe n\u00eb parandalimin e kapsll\u00ebkut.<\/p>\n<ul>\n<li>Ndihmon n\u00eb kontrollin e pesh\u00ebs<\/li>\n<\/ul>\n<p>Uthulla e rrushit mund t\u00eb ndihmoj\u00eb n\u00eb kontrollin e pesh\u00ebs, sepse ajo ndihmon n\u00eb zvog\u00eblimin e oreksit dhe procesin e tretjes.<\/p>\n<p>Uthulla e rrushit mund t\u00eb p\u00ebrdoret n\u00eb shum\u00eb m\u00ebnyra n\u00eb kuzhin\u00eb, si p\u00ebr t\u00eb b\u00ebr\u00eb salc\u00eb, p\u00ebr t\u00eb marinuar mishin, si shtes\u00eb n\u00eb sallat\u00eb etj. Megjithat\u00eb, duhet t\u00eb keni kujdes n\u00ebse keni probleme me zemr\u00ebn ose n\u00ebse jeni t\u00eb alergjik ndaj rrushit<\/p>\n","protected":false},"excerpt":{"rendered":"<p>Uthull Rrushi Bio (500ml) Uthulla e rrushit\u00a0 p\u00ebrftohet nga fermetinimi n\u00eb m\u00ebnyre natyrale e rrushit. P\u00ebrfitimet sh\u00ebndetsore te uthull\u00ebs s\u00eb rrushit: P\u00ebrmir\u00ebson funksionimin e sistemit kardiovaskular Uthulla e rrushit p\u00ebrmban antioksidant\u00eb t\u00eb shumt\u00eb si flavonoid\u00ebt dhe resveratrol, q\u00eb ndihmojn\u00eb n\u00eb p\u00ebrmir\u00ebsimin e funksionimit t\u00eb sistemit kardiovaskular. Ajo ndihmon n\u00eb rritjen e niveleve t\u00eb kolesterolit t\u00eb[&#8230;]<\/p>\n","protected":false},"featured_media":6834,"comment_status":"open","ping_status":"closed","template":"","meta":{"_acf_changed":false,"inline_featured_image":false},"kategori-sipas-dietave":[],"kategori-sipas-problemeve-shende":[],"product_brand":[32],"product_cat":[26,69],"product_tag":[161],"class_list":{"0":"post-6783","1":"product","2":"type-product","3":"status-publish","4":"has-post-thumbnail","6":"product_brand-bioagros","7":"product_cat-ushqime-bio","8":"product_cat-uthull","9":"product_tag-uthull-organic","11":"first","12":"instock","13":"taxable","14":"shipping-taxable","15":"purchasable","16":"product-type-simple"},"acf":[],"yoast_head":"<!-- This site is optimized with the Yoast SEO plugin v27.4 - https:\/\/yoast.com\/product\/yoast-seo-wordpress\/ -->\n<title>Uthull Rrushi Bio - Edesia<\/title>\n<meta name=\"robots\" content=\"index, follow, max-snippet:-1, max-image-preview:large, max-video-preview:-1\" \/>\n<link rel=\"canonical\" href=\"https:\/\/www.edesia.al\/?product=uthull-rrushi-bio\" \/>\n<meta property=\"og:locale\" content=\"en_US\" \/>\n<meta property=\"og:type\" content=\"article\" \/>\n<meta property=\"og:title\" content=\"Uthull Rrushi Bio - Edesia\" \/>\n<meta property=\"og:description\" content=\"Uthull Rrushi Bio (500ml) Uthulla e rrushit\u00a0 p\u00ebrftohet nga fermetinimi n\u00eb m\u00ebnyre natyrale e rrushit. P\u00ebrfitimet sh\u00ebndetsore te uthull\u00ebs s\u00eb rrushit: P\u00ebrmir\u00ebson funksionimin e sistemit kardiovaskular Uthulla e rrushit p\u00ebrmban antioksidant\u00eb t\u00eb shumt\u00eb si flavonoid\u00ebt dhe resveratrol, q\u00eb ndihmojn\u00eb n\u00eb p\u00ebrmir\u00ebsimin e funksionimit t\u00eb sistemit kardiovaskular. Ajo ndihmon n\u00eb rritjen e niveleve t\u00eb kolesterolit t\u00eb[...]\" \/>\n<meta property=\"og:url\" content=\"https:\/\/www.edesia.al\/?product=uthull-rrushi-bio\" \/>\n<meta property=\"og:site_name\" content=\"Edesia\" \/>\n<meta property=\"article:modified_time\" content=\"2026-02-24T18:48:49+00:00\" \/>\n<meta property=\"og:image\" content=\"https:\/\/www.edesia.al\/wp-content\/uploads\/2026\/02\/Uthull-Rrushi-Bio-1.png\" \/>\n\t<meta property=\"og:image:width\" content=\"593\" \/>\n\t<meta property=\"og:image:height\" content=\"593\" \/>\n\t<meta property=\"og:image:type\" content=\"image\/png\" \/>\n<meta name=\"twitter:card\" content=\"summary_large_image\" \/>\n<meta name=\"twitter:label1\" content=\"Est. reading time\" \/>\n\t<meta name=\"twitter:data1\" content=\"1 minute\" \/>\n<script type=\"application\/ld+json\" class=\"yoast-schema-graph\">{\"@context\":\"https:\\\/\\\/schema.org\",\"@graph\":[{\"@type\":\"WebPage\",\"@id\":\"https:\\\/\\\/www.edesia.al\\\/?product=uthull-rrushi-bio\",\"url\":\"https:\\\/\\\/www.edesia.al\\\/?product=uthull-rrushi-bio\",\"name\":\"Uthull Rrushi Bio - Edesia\",\"isPartOf\":{\"@id\":\"https:\\\/\\\/www.edesia.al\\\/#website\"},\"primaryImageOfPage\":{\"@id\":\"https:\\\/\\\/www.edesia.al\\\/?product=uthull-rrushi-bio#primaryimage\"},\"image\":{\"@id\":\"https:\\\/\\\/www.edesia.al\\\/?product=uthull-rrushi-bio#primaryimage\"},\"thumbnailUrl\":\"https:\\\/\\\/www.edesia.al\\\/wp-content\\\/uploads\\\/2026\\\/02\\\/Uthull-Rrushi-Bio-1.png\",\"datePublished\":\"2026-02-16T21:10:16+00:00\",\"dateModified\":\"2026-02-24T18:48:49+00:00\",\"breadcrumb\":{\"@id\":\"https:\\\/\\\/www.edesia.al\\\/?product=uthull-rrushi-bio#breadcrumb\"},\"inLanguage\":\"en-US\",\"potentialAction\":[{\"@type\":\"ReadAction\",\"target\":[\"https:\\\/\\\/www.edesia.al\\\/?product=uthull-rrushi-bio\"]}]},{\"@type\":\"ImageObject\",\"inLanguage\":\"en-US\",\"@id\":\"https:\\\/\\\/www.edesia.al\\\/?product=uthull-rrushi-bio#primaryimage\",\"url\":\"https:\\\/\\\/www.edesia.al\\\/wp-content\\\/uploads\\\/2026\\\/02\\\/Uthull-Rrushi-Bio-1.png\",\"contentUrl\":\"https:\\\/\\\/www.edesia.al\\\/wp-content\\\/uploads\\\/2026\\\/02\\\/Uthull-Rrushi-Bio-1.png\",\"width\":593,\"height\":593},{\"@type\":\"BreadcrumbList\",\"@id\":\"https:\\\/\\\/www.edesia.al\\\/?product=uthull-rrushi-bio#breadcrumb\",\"itemListElement\":[{\"@type\":\"ListItem\",\"position\":1,\"name\":\"Home\",\"item\":\"https:\\\/\\\/www.edesia.al\\\/\"},{\"@type\":\"ListItem\",\"position\":2,\"name\":\"Dyqani\",\"item\":\"https:\\\/\\\/www.edesia.al\\\/?page_id=17\"},{\"@type\":\"ListItem\",\"position\":3,\"name\":\"Uthull Rrushi Bio\"}]},{\"@type\":\"WebSite\",\"@id\":\"https:\\\/\\\/www.edesia.al\\\/#website\",\"url\":\"https:\\\/\\\/www.edesia.al\\\/\",\"name\":\"Edesia\",\"description\":\"\",\"publisher\":{\"@id\":\"https:\\\/\\\/www.edesia.al\\\/#organization\"},\"potentialAction\":[{\"@type\":\"SearchAction\",\"target\":{\"@type\":\"EntryPoint\",\"urlTemplate\":\"https:\\\/\\\/www.edesia.al\\\/?s={search_term_string}\"},\"query-input\":{\"@type\":\"PropertyValueSpecification\",\"valueRequired\":true,\"valueName\":\"search_term_string\"}}],\"inLanguage\":\"en-US\"},{\"@type\":\"Organization\",\"@id\":\"https:\\\/\\\/www.edesia.al\\\/#organization\",\"name\":\"Edesia\",\"url\":\"https:\\\/\\\/www.edesia.al\\\/\",\"logo\":{\"@type\":\"ImageObject\",\"inLanguage\":\"en-US\",\"@id\":\"https:\\\/\\\/www.edesia.al\\\/#\\\/schema\\\/logo\\\/image\\\/\",\"url\":\"https:\\\/\\\/www.edesia.al\\\/wp-content\\\/uploads\\\/2026\\\/02\\\/Logo-Edesia-no-background.png\",\"contentUrl\":\"https:\\\/\\\/www.edesia.al\\\/wp-content\\\/uploads\\\/2026\\\/02\\\/Logo-Edesia-no-background.png\",\"width\":293,\"height\":158,\"caption\":\"Edesia\"},\"image\":{\"@id\":\"https:\\\/\\\/www.edesia.al\\\/#\\\/schema\\\/logo\\\/image\\\/\"}}]}<\/script>\n<!-- \/ Yoast SEO plugin. -->","yoast_head_json":{"title":"Uthull Rrushi Bio - Edesia","robots":{"index":"index","follow":"follow","max-snippet":"max-snippet:-1","max-image-preview":"max-image-preview:large","max-video-preview":"max-video-preview:-1"},"canonical":"https:\/\/www.edesia.al\/?product=uthull-rrushi-bio","og_locale":"en_US","og_type":"article","og_title":"Uthull Rrushi Bio - Edesia","og_description":"Uthull Rrushi Bio (500ml) Uthulla e rrushit\u00a0 p\u00ebrftohet nga fermetinimi n\u00eb m\u00ebnyre natyrale e rrushit. P\u00ebrfitimet sh\u00ebndetsore te uthull\u00ebs s\u00eb rrushit: P\u00ebrmir\u00ebson funksionimin e sistemit kardiovaskular Uthulla e rrushit p\u00ebrmban antioksidant\u00eb t\u00eb shumt\u00eb si flavonoid\u00ebt dhe resveratrol, q\u00eb ndihmojn\u00eb n\u00eb p\u00ebrmir\u00ebsimin e funksionimit t\u00eb sistemit kardiovaskular. Ajo ndihmon n\u00eb rritjen e niveleve t\u00eb kolesterolit t\u00eb[...]","og_url":"https:\/\/www.edesia.al\/?product=uthull-rrushi-bio","og_site_name":"Edesia","article_modified_time":"2026-02-24T18:48:49+00:00","og_image":[{"width":593,"height":593,"url":"https:\/\/www.edesia.al\/wp-content\/uploads\/2026\/02\/Uthull-Rrushi-Bio-1.png","type":"image\/png"}],"twitter_card":"summary_large_image","twitter_misc":{"Est. reading time":"1 minute"},"schema":{"@context":"https:\/\/schema.org","@graph":[{"@type":"WebPage","@id":"https:\/\/www.edesia.al\/?product=uthull-rrushi-bio","url":"https:\/\/www.edesia.al\/?product=uthull-rrushi-bio","name":"Uthull Rrushi Bio - Edesia","isPartOf":{"@id":"https:\/\/www.edesia.al\/#website"},"primaryImageOfPage":{"@id":"https:\/\/www.edesia.al\/?product=uthull-rrushi-bio#primaryimage"},"image":{"@id":"https:\/\/www.edesia.al\/?product=uthull-rrushi-bio#primaryimage"},"thumbnailUrl":"https:\/\/www.edesia.al\/wp-content\/uploads\/2026\/02\/Uthull-Rrushi-Bio-1.png","datePublished":"2026-02-16T21:10:16+00:00","dateModified":"2026-02-24T18:48:49+00:00","breadcrumb":{"@id":"https:\/\/www.edesia.al\/?product=uthull-rrushi-bio#breadcrumb"},"inLanguage":"en-US","potentialAction":[{"@type":"ReadAction","target":["https:\/\/www.edesia.al\/?product=uthull-rrushi-bio"]}]},{"@type":"ImageObject","inLanguage":"en-US","@id":"https:\/\/www.edesia.al\/?product=uthull-rrushi-bio#primaryimage","url":"https:\/\/www.edesia.al\/wp-content\/uploads\/2026\/02\/Uthull-Rrushi-Bio-1.png","contentUrl":"https:\/\/www.edesia.al\/wp-content\/uploads\/2026\/02\/Uthull-Rrushi-Bio-1.png","width":593,"height":593},{"@type":"BreadcrumbList","@id":"https:\/\/www.edesia.al\/?product=uthull-rrushi-bio#breadcrumb","itemListElement":[{"@type":"ListItem","position":1,"name":"Home","item":"https:\/\/www.edesia.al\/"},{"@type":"ListItem","position":2,"name":"Dyqani","item":"https:\/\/www.edesia.al\/?page_id=17"},{"@type":"ListItem","position":3,"name":"Uthull Rrushi Bio"}]},{"@type":"WebSite","@id":"https:\/\/www.edesia.al\/#website","url":"https:\/\/www.edesia.al\/","name":"Edesia","description":"","publisher":{"@id":"https:\/\/www.edesia.al\/#organization"},"potentialAction":[{"@type":"SearchAction","target":{"@type":"EntryPoint","urlTemplate":"https:\/\/www.edesia.al\/?s={search_term_string}"},"query-input":{"@type":"PropertyValueSpecification","valueRequired":true,"valueName":"search_term_string"}}],"inLanguage":"en-US"},{"@type":"Organization","@id":"https:\/\/www.edesia.al\/#organization","name":"Edesia","url":"https:\/\/www.edesia.al\/","logo":{"@type":"ImageObject","inLanguage":"en-US","@id":"https:\/\/www.edesia.al\/#\/schema\/logo\/image\/","url":"https:\/\/www.edesia.al\/wp-content\/uploads\/2026\/02\/Logo-Edesia-no-background.png","contentUrl":"https:\/\/www.edesia.al\/wp-content\/uploads\/2026\/02\/Logo-Edesia-no-background.png","width":293,"height":158,"caption":"Edesia"},"image":{"@id":"https:\/\/www.edesia.al\/#\/schema\/logo\/image\/"}}]}},"_links":{"self":[{"href":"https:\/\/www.edesia.al\/index.php?rest_route=\/wp\/v2\/product\/6783","targetHints":{"allow":["GET"]}}],"collection":[{"href":"https:\/\/www.edesia.al\/index.php?rest_route=\/wp\/v2\/product"}],"about":[{"href":"https:\/\/www.edesia.al\/index.php?rest_route=\/wp\/v2\/types\/product"}],"replies":[{"embeddable":true,"href":"https:\/\/www.edesia.al\/index.php?rest_route=%2Fwp%2Fv2%2Fcomments&post=6783"}],"wp:featuredmedia":[{"embeddable":true,"href":"https:\/\/www.edesia.al\/index.php?rest_route=\/wp\/v2\/media\/6834"}],"wp:attachment":[{"href":"https:\/\/www.edesia.al\/index.php?rest_route=%2Fwp%2Fv2%2Fmedia&parent=6783"}],"wp:term":[{"taxonomy":"kategori-sipas-dietave","embeddable":true,"href":"https:\/\/www.edesia.al\/index.php?rest_route=%2Fwp%2Fv2%2Fkategori-sipas-dietave&post=6783"},{"taxonomy":"kategori-sipas-problemeve-shende","embeddable":true,"href":"https:\/\/www.edesia.al\/index.php?rest_route=%2Fwp%2Fv2%2Fkategori-sipas-problemeve-shende&post=6783"},{"taxonomy":"product_brand","embeddable":true,"href":"https:\/\/www.edesia.al\/index.php?rest_route=%2Fwp%2Fv2%2Fproduct_brand&post=6783"},{"taxonomy":"product_cat","embeddable":true,"href":"https:\/\/www.edesia.al\/index.php?rest_route=%2Fwp%2Fv2%2Fproduct_cat&post=6783"},{"taxonomy":"product_tag","embeddable":true,"href":"https:\/\/www.edesia.al\/index.php?rest_route=%2Fwp%2Fv2%2Fproduct_tag&post=6783"}],"curies":[{"name":"wp","href":"https:\/\/api.w.org\/{rel}","templated":true}]}}