{"id":6784,"date":"2026-02-16T21:10:16","date_gmt":"2026-02-16T21:10:16","guid":{"rendered":"https:\/\/www.edesia.al\/?post_type=product&#038;p=6784"},"modified":"2026-02-24T18:49:31","modified_gmt":"2026-02-24T18:49:31","slug":"uthull-molle","status":"publish","type":"product","link":"https:\/\/www.edesia.al\/?product=uthull-molle","title":{"rendered":"Uthull Molle"},"content":{"rendered":"<h3>Uthull Molle (500gr)<\/h3>\n<h4>Perfitimet e uthulles se molles:<\/h4>\n<ul>\n<li>P\u00ebrmir\u00ebson funksionimin e sistemit imunitar<\/li>\n<\/ul>\n<p>Uthulla e molles ka nj\u00eb sasi t\u00eb lart\u00eb t\u00eb antioksidant\u00ebve, q\u00eb ndihmojn\u00eb n\u00eb mbrojtjen e trupit nga d\u00ebmtimet e radikaleve\u00a0 t\u00eb lira dhe p\u00ebr t\u00eb p\u00ebrmir\u00ebsuar funksionimin e sistemit imunitar.<\/p>\n<ul>\n<li>Ndihmon n\u00eb kontrollin e nivelit t\u00eb sheqerit n\u00eb gjak<\/li>\n<\/ul>\n<p>P\u00ebrdorimi i uthull\u00ebs s\u00eb molles n\u00eb diet\u00ebn tuaj mund t\u00eb ndihmoj\u00eb n\u00eb stabilizimin e niveleve t\u00eb sheqerit n\u00eb gjak dhe n\u00eb parandalimin e diabetit t\u00eb llojit 2.<\/p>\n<ul>\n<li>Ndihmon n\u00eb p\u00ebrmir\u00ebsimin e traktit gastrointestinal<\/li>\n<\/ul>\n<p>Uthulla e molles ka nj\u00eb sasi t\u00eb lart\u00eb t\u00eb fibrit dhe acidit malik, q\u00eb ndihmojn\u00eb n\u00eb p\u00ebrmir\u00ebsimin e traktit gastrointestinal dhe n\u00eb parandalimin e kapsll\u00ebkut.<\/p>\n<ul>\n<li>Ndihmon n\u00eb kontrollin e pesh\u00ebs<\/li>\n<\/ul>\n<p>Uthulla e molles mund t\u00eb ndihmoj\u00eb n\u00eb kontrollin e pesh\u00ebs, sepse ajo ndihmon n\u00eb zvog\u00eblimin e oreksit dhe tretjes s\u00eb ushqimit<\/p>\n<ul>\n<li>Ndihmon n\u00eb mbrojtjen e kockave<\/li>\n<\/ul>\n<p>Uthulla e molles ka nj\u00eb sasi t\u00eb lart\u00eb t\u00eb kalciumit dhe t\u00eb kaliumit, t\u00eb cilat jan\u00eb t\u00eb r\u00ebnd\u00ebsishme p\u00ebr mbajtjen e kockave t\u00eb forta dhe t\u00eb sh\u00ebndetshme.<\/p>\n<ul>\n<li>Ndihmon n\u00eb mir\u00ebmbajtje e l\u00ebkur\u00ebs<\/li>\n<\/ul>\n<p>P\u00ebrthan\u00eb aknet dhe kontrollon daljen e tyre.<\/p>\n<p>&nbsp;<\/p>\n<p>Uthulla e moll\u00ebs mund t\u00eb p\u00ebrdoret n\u00eb shum\u00eb m\u00ebnyra n\u00eb kuzhin\u00eb, si p\u00ebr t\u00eb b\u00ebr\u00eb salc\u00eb, p\u00ebr t\u00eb marinuar mishin, si shtes\u00eb n\u00eb sallat\u00eb etj. Megjithat\u00eb, duhet t\u00eb keni kujdes n\u00ebse keni probleme me zemr\u00ebn ose n\u00ebse jeni t\u00eb alergjik ndaj moll\u00ebs.<\/p>\n","protected":false},"excerpt":{"rendered":"<p>Uthull Molle (500gr) Perfitimet e uthulles se molles: P\u00ebrmir\u00ebson funksionimin e sistemit imunitar Uthulla e molles ka nj\u00eb sasi t\u00eb lart\u00eb t\u00eb antioksidant\u00ebve, q\u00eb ndihmojn\u00eb n\u00eb mbrojtjen e trupit nga d\u00ebmtimet e radikaleve\u00a0 t\u00eb lira dhe p\u00ebr t\u00eb p\u00ebrmir\u00ebsuar funksionimin e sistemit imunitar. Ndihmon n\u00eb kontrollin e nivelit t\u00eb sheqerit n\u00eb gjak P\u00ebrdorimi i uthull\u00ebs[&#8230;]<\/p>\n","protected":false},"featured_media":6835,"comment_status":"open","ping_status":"closed","template":"","meta":{"_acf_changed":false,"inline_featured_image":false},"kategori-sipas-dietave":[],"kategori-sipas-problemeve-shende":[],"product_brand":[32],"product_cat":[26,69],"product_tag":[161],"class_list":{"0":"post-6784","1":"product","2":"type-product","3":"status-publish","4":"has-post-thumbnail","6":"product_brand-bioagros","7":"product_cat-ushqime-bio","8":"product_cat-uthull","9":"product_tag-uthull-organic","11":"first","12":"instock","13":"taxable","14":"shipping-taxable","15":"purchasable","16":"product-type-simple"},"acf":[],"yoast_head":"<!-- This site is optimized with the Yoast SEO plugin v27.4 - https:\/\/yoast.com\/product\/yoast-seo-wordpress\/ -->\n<title>Uthull Molle - Edesia<\/title>\n<meta name=\"robots\" content=\"index, follow, max-snippet:-1, max-image-preview:large, max-video-preview:-1\" \/>\n<link rel=\"canonical\" href=\"https:\/\/www.edesia.al\/?product=uthull-molle\" \/>\n<meta property=\"og:locale\" content=\"en_US\" \/>\n<meta property=\"og:type\" content=\"article\" \/>\n<meta property=\"og:title\" content=\"Uthull Molle - Edesia\" \/>\n<meta property=\"og:description\" content=\"Uthull Molle (500gr) Perfitimet e uthulles se molles: P\u00ebrmir\u00ebson funksionimin e sistemit imunitar Uthulla e molles ka nj\u00eb sasi t\u00eb lart\u00eb t\u00eb antioksidant\u00ebve, q\u00eb ndihmojn\u00eb n\u00eb mbrojtjen e trupit nga d\u00ebmtimet e radikaleve\u00a0 t\u00eb lira dhe p\u00ebr t\u00eb p\u00ebrmir\u00ebsuar funksionimin e sistemit imunitar. Ndihmon n\u00eb kontrollin e nivelit t\u00eb sheqerit n\u00eb gjak P\u00ebrdorimi i uthull\u00ebs[...]\" \/>\n<meta property=\"og:url\" content=\"https:\/\/www.edesia.al\/?product=uthull-molle\" \/>\n<meta property=\"og:site_name\" content=\"Edesia\" \/>\n<meta property=\"article:modified_time\" content=\"2026-02-24T18:49:31+00:00\" \/>\n<meta property=\"og:image\" content=\"https:\/\/www.edesia.al\/wp-content\/uploads\/2026\/02\/Uthull-Molle-1.png\" \/>\n\t<meta property=\"og:image:width\" content=\"593\" \/>\n\t<meta property=\"og:image:height\" content=\"593\" \/>\n\t<meta property=\"og:image:type\" content=\"image\/png\" \/>\n<meta name=\"twitter:card\" content=\"summary_large_image\" \/>\n<meta name=\"twitter:label1\" content=\"Est. reading time\" \/>\n\t<meta name=\"twitter:data1\" content=\"1 minute\" \/>\n<script type=\"application\/ld+json\" class=\"yoast-schema-graph\">{\"@context\":\"https:\\\/\\\/schema.org\",\"@graph\":[{\"@type\":\"WebPage\",\"@id\":\"https:\\\/\\\/www.edesia.al\\\/?product=uthull-molle\",\"url\":\"https:\\\/\\\/www.edesia.al\\\/?product=uthull-molle\",\"name\":\"Uthull Molle - Edesia\",\"isPartOf\":{\"@id\":\"https:\\\/\\\/www.edesia.al\\\/#website\"},\"primaryImageOfPage\":{\"@id\":\"https:\\\/\\\/www.edesia.al\\\/?product=uthull-molle#primaryimage\"},\"image\":{\"@id\":\"https:\\\/\\\/www.edesia.al\\\/?product=uthull-molle#primaryimage\"},\"thumbnailUrl\":\"https:\\\/\\\/www.edesia.al\\\/wp-content\\\/uploads\\\/2026\\\/02\\\/Uthull-Molle-1.png\",\"datePublished\":\"2026-02-16T21:10:16+00:00\",\"dateModified\":\"2026-02-24T18:49:31+00:00\",\"breadcrumb\":{\"@id\":\"https:\\\/\\\/www.edesia.al\\\/?product=uthull-molle#breadcrumb\"},\"inLanguage\":\"en-US\",\"potentialAction\":[{\"@type\":\"ReadAction\",\"target\":[\"https:\\\/\\\/www.edesia.al\\\/?product=uthull-molle\"]}]},{\"@type\":\"ImageObject\",\"inLanguage\":\"en-US\",\"@id\":\"https:\\\/\\\/www.edesia.al\\\/?product=uthull-molle#primaryimage\",\"url\":\"https:\\\/\\\/www.edesia.al\\\/wp-content\\\/uploads\\\/2026\\\/02\\\/Uthull-Molle-1.png\",\"contentUrl\":\"https:\\\/\\\/www.edesia.al\\\/wp-content\\\/uploads\\\/2026\\\/02\\\/Uthull-Molle-1.png\",\"width\":593,\"height\":593},{\"@type\":\"BreadcrumbList\",\"@id\":\"https:\\\/\\\/www.edesia.al\\\/?product=uthull-molle#breadcrumb\",\"itemListElement\":[{\"@type\":\"ListItem\",\"position\":1,\"name\":\"Home\",\"item\":\"https:\\\/\\\/www.edesia.al\\\/\"},{\"@type\":\"ListItem\",\"position\":2,\"name\":\"Dyqani\",\"item\":\"https:\\\/\\\/www.edesia.al\\\/?page_id=17\"},{\"@type\":\"ListItem\",\"position\":3,\"name\":\"Uthull Molle\"}]},{\"@type\":\"WebSite\",\"@id\":\"https:\\\/\\\/www.edesia.al\\\/#website\",\"url\":\"https:\\\/\\\/www.edesia.al\\\/\",\"name\":\"Edesia\",\"description\":\"\",\"publisher\":{\"@id\":\"https:\\\/\\\/www.edesia.al\\\/#organization\"},\"potentialAction\":[{\"@type\":\"SearchAction\",\"target\":{\"@type\":\"EntryPoint\",\"urlTemplate\":\"https:\\\/\\\/www.edesia.al\\\/?s={search_term_string}\"},\"query-input\":{\"@type\":\"PropertyValueSpecification\",\"valueRequired\":true,\"valueName\":\"search_term_string\"}}],\"inLanguage\":\"en-US\"},{\"@type\":\"Organization\",\"@id\":\"https:\\\/\\\/www.edesia.al\\\/#organization\",\"name\":\"Edesia\",\"url\":\"https:\\\/\\\/www.edesia.al\\\/\",\"logo\":{\"@type\":\"ImageObject\",\"inLanguage\":\"en-US\",\"@id\":\"https:\\\/\\\/www.edesia.al\\\/#\\\/schema\\\/logo\\\/image\\\/\",\"url\":\"https:\\\/\\\/www.edesia.al\\\/wp-content\\\/uploads\\\/2026\\\/02\\\/Logo-Edesia-no-background.png\",\"contentUrl\":\"https:\\\/\\\/www.edesia.al\\\/wp-content\\\/uploads\\\/2026\\\/02\\\/Logo-Edesia-no-background.png\",\"width\":293,\"height\":158,\"caption\":\"Edesia\"},\"image\":{\"@id\":\"https:\\\/\\\/www.edesia.al\\\/#\\\/schema\\\/logo\\\/image\\\/\"}}]}<\/script>\n<!-- \/ Yoast SEO plugin. -->","yoast_head_json":{"title":"Uthull Molle - Edesia","robots":{"index":"index","follow":"follow","max-snippet":"max-snippet:-1","max-image-preview":"max-image-preview:large","max-video-preview":"max-video-preview:-1"},"canonical":"https:\/\/www.edesia.al\/?product=uthull-molle","og_locale":"en_US","og_type":"article","og_title":"Uthull Molle - Edesia","og_description":"Uthull Molle (500gr) Perfitimet e uthulles se molles: P\u00ebrmir\u00ebson funksionimin e sistemit imunitar Uthulla e molles ka nj\u00eb sasi t\u00eb lart\u00eb t\u00eb antioksidant\u00ebve, q\u00eb ndihmojn\u00eb n\u00eb mbrojtjen e trupit nga d\u00ebmtimet e radikaleve\u00a0 t\u00eb lira dhe p\u00ebr t\u00eb p\u00ebrmir\u00ebsuar funksionimin e sistemit imunitar. Ndihmon n\u00eb kontrollin e nivelit t\u00eb sheqerit n\u00eb gjak P\u00ebrdorimi i uthull\u00ebs[...]","og_url":"https:\/\/www.edesia.al\/?product=uthull-molle","og_site_name":"Edesia","article_modified_time":"2026-02-24T18:49:31+00:00","og_image":[{"width":593,"height":593,"url":"https:\/\/www.edesia.al\/wp-content\/uploads\/2026\/02\/Uthull-Molle-1.png","type":"image\/png"}],"twitter_card":"summary_large_image","twitter_misc":{"Est. reading time":"1 minute"},"schema":{"@context":"https:\/\/schema.org","@graph":[{"@type":"WebPage","@id":"https:\/\/www.edesia.al\/?product=uthull-molle","url":"https:\/\/www.edesia.al\/?product=uthull-molle","name":"Uthull Molle - Edesia","isPartOf":{"@id":"https:\/\/www.edesia.al\/#website"},"primaryImageOfPage":{"@id":"https:\/\/www.edesia.al\/?product=uthull-molle#primaryimage"},"image":{"@id":"https:\/\/www.edesia.al\/?product=uthull-molle#primaryimage"},"thumbnailUrl":"https:\/\/www.edesia.al\/wp-content\/uploads\/2026\/02\/Uthull-Molle-1.png","datePublished":"2026-02-16T21:10:16+00:00","dateModified":"2026-02-24T18:49:31+00:00","breadcrumb":{"@id":"https:\/\/www.edesia.al\/?product=uthull-molle#breadcrumb"},"inLanguage":"en-US","potentialAction":[{"@type":"ReadAction","target":["https:\/\/www.edesia.al\/?product=uthull-molle"]}]},{"@type":"ImageObject","inLanguage":"en-US","@id":"https:\/\/www.edesia.al\/?product=uthull-molle#primaryimage","url":"https:\/\/www.edesia.al\/wp-content\/uploads\/2026\/02\/Uthull-Molle-1.png","contentUrl":"https:\/\/www.edesia.al\/wp-content\/uploads\/2026\/02\/Uthull-Molle-1.png","width":593,"height":593},{"@type":"BreadcrumbList","@id":"https:\/\/www.edesia.al\/?product=uthull-molle#breadcrumb","itemListElement":[{"@type":"ListItem","position":1,"name":"Home","item":"https:\/\/www.edesia.al\/"},{"@type":"ListItem","position":2,"name":"Dyqani","item":"https:\/\/www.edesia.al\/?page_id=17"},{"@type":"ListItem","position":3,"name":"Uthull Molle"}]},{"@type":"WebSite","@id":"https:\/\/www.edesia.al\/#website","url":"https:\/\/www.edesia.al\/","name":"Edesia","description":"","publisher":{"@id":"https:\/\/www.edesia.al\/#organization"},"potentialAction":[{"@type":"SearchAction","target":{"@type":"EntryPoint","urlTemplate":"https:\/\/www.edesia.al\/?s={search_term_string}"},"query-input":{"@type":"PropertyValueSpecification","valueRequired":true,"valueName":"search_term_string"}}],"inLanguage":"en-US"},{"@type":"Organization","@id":"https:\/\/www.edesia.al\/#organization","name":"Edesia","url":"https:\/\/www.edesia.al\/","logo":{"@type":"ImageObject","inLanguage":"en-US","@id":"https:\/\/www.edesia.al\/#\/schema\/logo\/image\/","url":"https:\/\/www.edesia.al\/wp-content\/uploads\/2026\/02\/Logo-Edesia-no-background.png","contentUrl":"https:\/\/www.edesia.al\/wp-content\/uploads\/2026\/02\/Logo-Edesia-no-background.png","width":293,"height":158,"caption":"Edesia"},"image":{"@id":"https:\/\/www.edesia.al\/#\/schema\/logo\/image\/"}}]}},"_links":{"self":[{"href":"https:\/\/www.edesia.al\/index.php?rest_route=\/wp\/v2\/product\/6784","targetHints":{"allow":["GET"]}}],"collection":[{"href":"https:\/\/www.edesia.al\/index.php?rest_route=\/wp\/v2\/product"}],"about":[{"href":"https:\/\/www.edesia.al\/index.php?rest_route=\/wp\/v2\/types\/product"}],"replies":[{"embeddable":true,"href":"https:\/\/www.edesia.al\/index.php?rest_route=%2Fwp%2Fv2%2Fcomments&post=6784"}],"wp:featuredmedia":[{"embeddable":true,"href":"https:\/\/www.edesia.al\/index.php?rest_route=\/wp\/v2\/media\/6835"}],"wp:attachment":[{"href":"https:\/\/www.edesia.al\/index.php?rest_route=%2Fwp%2Fv2%2Fmedia&parent=6784"}],"wp:term":[{"taxonomy":"kategori-sipas-dietave","embeddable":true,"href":"https:\/\/www.edesia.al\/index.php?rest_route=%2Fwp%2Fv2%2Fkategori-sipas-dietave&post=6784"},{"taxonomy":"kategori-sipas-problemeve-shende","embeddable":true,"href":"https:\/\/www.edesia.al\/index.php?rest_route=%2Fwp%2Fv2%2Fkategori-sipas-problemeve-shende&post=6784"},{"taxonomy":"product_brand","embeddable":true,"href":"https:\/\/www.edesia.al\/index.php?rest_route=%2Fwp%2Fv2%2Fproduct_brand&post=6784"},{"taxonomy":"product_cat","embeddable":true,"href":"https:\/\/www.edesia.al\/index.php?rest_route=%2Fwp%2Fv2%2Fproduct_cat&post=6784"},{"taxonomy":"product_tag","embeddable":true,"href":"https:\/\/www.edesia.al\/index.php?rest_route=%2Fwp%2Fv2%2Fproduct_tag&post=6784"}],"curies":[{"name":"wp","href":"https:\/\/api.w.org\/{rel}","templated":true}]}}