{"id":6787,"date":"2026-02-16T21:10:16","date_gmt":"2026-02-16T21:10:16","guid":{"rendered":"https:\/\/www.edesia.al\/?post_type=product&#038;p=6787"},"modified":"2026-02-24T18:54:38","modified_gmt":"2026-02-24T18:54:38","slug":"qumesht-kokosi-vegan","status":"publish","type":"product","link":"https:\/\/www.edesia.al\/?product=qumesht-kokosi-vegan","title":{"rendered":"Qum\u00ebsht Kokosi Vegan"},"content":{"rendered":"<h3>Qum\u00ebsht Kokosi Vegan (400ml)<\/h3>\n<p>Qum\u00ebshti i kokosit vegan \u00ebsht\u00eb nj\u00eb alternativ\u00eb vegane i qum\u00ebshtit shtazor, i cili p\u00ebrb\u00ebhet nga uji i kokosit dhe p\u00ebrb\u00ebr\u00ebs shtes\u00eb vegjetarian\u00eb.<\/p>\n<h4>P\u00ebrfitimet e qum\u00ebshtit t\u00eb kokosit vegan:<\/h4>\n<ul>\n<li>I pasur me yndyrna t\u00eb sh\u00ebndetshme<\/li>\n<\/ul>\n<p>Qum\u00ebshti i kokosit p\u00ebrmban yndyrna t\u00eb sh\u00ebndetshme si acid laurik, acid kaprik dhe acid kafearik, t\u00eb cilat mund t\u00eb ndihmojn\u00eb n\u00eb mbrojtjen e zemr\u00ebs dhe n\u00eb uljen e kolesterolit t\u00eb d\u00ebmsh\u00ebm.<\/p>\n<ul>\n<li>P\u00ebrshtatet p\u00ebr diet\u00ebn vegane dhe laktoze intolerante<\/li>\n<\/ul>\n<p>Qum\u00ebshti i kokosit \u00ebsht\u00eb nj\u00eb zgjidhje e mir\u00eb p\u00ebr ata q\u00eb ndjehen m\u00eb mir\u00eb pa konsumuar qum\u00ebsht shtazor\u00eb si vegjetarian\u00ebt dhe personat intolernat ndaj laktoz\u00ebs.<\/p>\n<ul>\n<li>I pasur me vitamin\u00eb D<\/li>\n<\/ul>\n<p>N\u00ebse blini nj\u00eb variant t\u00eb pasuruar me vitamin\u00eb D, qum\u00ebshti i kokosit mund t\u00eb ndihmoj\u00eb n\u00eb rritjen e nivelit t\u00eb k\u00ebsaj vitamine n\u00eb trup. Vitamin\u00eb D \u00ebsht\u00eb e r\u00ebnd\u00ebsishme p\u00ebr sh\u00ebndetin e kockave dhe imunitetin.<\/p>\n<ul>\n<li>Mund t\u00eb ndihmoj\u00eb n\u00eb kontrollimin e pesh\u00ebs<\/li>\n<\/ul>\n<p>Qum\u00ebshti i kokosit p\u00ebrmban m\u00eb pak kalori se qum\u00ebshti shtazor, duke e b\u00ebr\u00eb at\u00eb nj\u00eb zgjidhje t\u00eb mir\u00eb p\u00ebr ata q\u00eb d\u00ebshirojn\u00eb t\u00eb mbajn\u00eb pesh\u00ebn n\u00ebn kontroll.<\/p>\n<ul>\n<li>Mund t\u00eb ndihmoj\u00eb n\u00eb reduktimin e inflamacionit<\/li>\n<\/ul>\n<p>Disa studime kan\u00eb treguar se yndyrnat e gjetura n\u00eb qum\u00ebshtin e kokosit mund t\u00eb ndihmojn\u00eb n\u00eb reduktimin e inflamacionit n\u00eb trup.<\/p>\n","protected":false},"excerpt":{"rendered":"<p>Qum\u00ebsht Kokosi Vegan (400ml) Qum\u00ebshti i kokosit vegan \u00ebsht\u00eb nj\u00eb alternativ\u00eb vegane i qum\u00ebshtit shtazor, i cili p\u00ebrb\u00ebhet nga uji i kokosit dhe p\u00ebrb\u00ebr\u00ebs shtes\u00eb vegjetarian\u00eb. P\u00ebrfitimet e qum\u00ebshtit t\u00eb kokosit vegan: I pasur me yndyrna t\u00eb sh\u00ebndetshme Qum\u00ebshti i kokosit p\u00ebrmban yndyrna t\u00eb sh\u00ebndetshme si acid laurik, acid kaprik dhe acid kafearik, t\u00eb cilat[&#8230;]<\/p>\n","protected":false},"featured_media":6838,"comment_status":"open","ping_status":"closed","template":"","meta":{"_acf_changed":false,"inline_featured_image":false},"kategori-sipas-dietave":[94],"kategori-sipas-problemeve-shende":[83],"product_brand":[32],"product_cat":[67,26],"product_tag":[139],"class_list":{"0":"post-6787","1":"product","2":"type-product","3":"status-publish","4":"has-post-thumbnail","6":"kategori-sipas-dietave-pa-laktoze","7":"kategori-sipas-problemeve-shende-tretje-detox","8":"product_brand-bioagros","9":"product_cat-salca-konservime","10":"product_cat-ushqime-bio","11":"product_tag-organic-coconut","13":"first","14":"instock","15":"taxable","16":"shipping-taxable","17":"purchasable","18":"product-type-simple"},"acf":[],"yoast_head":"<!-- This site is optimized with the Yoast SEO plugin v27.4 - https:\/\/yoast.com\/product\/yoast-seo-wordpress\/ -->\n<title>Qum\u00ebsht Kokosi Vegan - Edesia<\/title>\n<meta name=\"robots\" content=\"index, follow, max-snippet:-1, max-image-preview:large, max-video-preview:-1\" \/>\n<link rel=\"canonical\" href=\"https:\/\/www.edesia.al\/?product=qumesht-kokosi-vegan\" \/>\n<meta property=\"og:locale\" content=\"en_US\" \/>\n<meta property=\"og:type\" content=\"article\" \/>\n<meta property=\"og:title\" content=\"Qum\u00ebsht Kokosi Vegan - Edesia\" \/>\n<meta property=\"og:description\" content=\"Qum\u00ebsht Kokosi Vegan (400ml) Qum\u00ebshti i kokosit vegan \u00ebsht\u00eb nj\u00eb alternativ\u00eb vegane i qum\u00ebshtit shtazor, i cili p\u00ebrb\u00ebhet nga uji i kokosit dhe p\u00ebrb\u00ebr\u00ebs shtes\u00eb vegjetarian\u00eb. P\u00ebrfitimet e qum\u00ebshtit t\u00eb kokosit vegan: I pasur me yndyrna t\u00eb sh\u00ebndetshme Qum\u00ebshti i kokosit p\u00ebrmban yndyrna t\u00eb sh\u00ebndetshme si acid laurik, acid kaprik dhe acid kafearik, t\u00eb cilat[...]\" \/>\n<meta property=\"og:url\" content=\"https:\/\/www.edesia.al\/?product=qumesht-kokosi-vegan\" \/>\n<meta property=\"og:site_name\" content=\"Edesia\" \/>\n<meta property=\"article:modified_time\" content=\"2026-02-24T18:54:38+00:00\" \/>\n<meta property=\"og:image\" content=\"https:\/\/www.edesia.al\/wp-content\/uploads\/2026\/02\/Qumesht-Kokosi-vegan-1.png\" \/>\n\t<meta property=\"og:image:width\" content=\"593\" \/>\n\t<meta property=\"og:image:height\" content=\"593\" \/>\n\t<meta property=\"og:image:type\" content=\"image\/png\" \/>\n<meta name=\"twitter:card\" content=\"summary_large_image\" \/>\n<meta name=\"twitter:label1\" content=\"Est. reading time\" \/>\n\t<meta name=\"twitter:data1\" content=\"1 minute\" \/>\n<script type=\"application\/ld+json\" class=\"yoast-schema-graph\">{\"@context\":\"https:\\\/\\\/schema.org\",\"@graph\":[{\"@type\":\"WebPage\",\"@id\":\"https:\\\/\\\/www.edesia.al\\\/?product=qumesht-kokosi-vegan\",\"url\":\"https:\\\/\\\/www.edesia.al\\\/?product=qumesht-kokosi-vegan\",\"name\":\"Qum\u00ebsht Kokosi Vegan - Edesia\",\"isPartOf\":{\"@id\":\"https:\\\/\\\/www.edesia.al\\\/#website\"},\"primaryImageOfPage\":{\"@id\":\"https:\\\/\\\/www.edesia.al\\\/?product=qumesht-kokosi-vegan#primaryimage\"},\"image\":{\"@id\":\"https:\\\/\\\/www.edesia.al\\\/?product=qumesht-kokosi-vegan#primaryimage\"},\"thumbnailUrl\":\"https:\\\/\\\/www.edesia.al\\\/wp-content\\\/uploads\\\/2026\\\/02\\\/Qumesht-Kokosi-vegan-1.png\",\"datePublished\":\"2026-02-16T21:10:16+00:00\",\"dateModified\":\"2026-02-24T18:54:38+00:00\",\"breadcrumb\":{\"@id\":\"https:\\\/\\\/www.edesia.al\\\/?product=qumesht-kokosi-vegan#breadcrumb\"},\"inLanguage\":\"en-US\",\"potentialAction\":[{\"@type\":\"ReadAction\",\"target\":[\"https:\\\/\\\/www.edesia.al\\\/?product=qumesht-kokosi-vegan\"]}]},{\"@type\":\"ImageObject\",\"inLanguage\":\"en-US\",\"@id\":\"https:\\\/\\\/www.edesia.al\\\/?product=qumesht-kokosi-vegan#primaryimage\",\"url\":\"https:\\\/\\\/www.edesia.al\\\/wp-content\\\/uploads\\\/2026\\\/02\\\/Qumesht-Kokosi-vegan-1.png\",\"contentUrl\":\"https:\\\/\\\/www.edesia.al\\\/wp-content\\\/uploads\\\/2026\\\/02\\\/Qumesht-Kokosi-vegan-1.png\",\"width\":593,\"height\":593},{\"@type\":\"BreadcrumbList\",\"@id\":\"https:\\\/\\\/www.edesia.al\\\/?product=qumesht-kokosi-vegan#breadcrumb\",\"itemListElement\":[{\"@type\":\"ListItem\",\"position\":1,\"name\":\"Home\",\"item\":\"https:\\\/\\\/www.edesia.al\\\/\"},{\"@type\":\"ListItem\",\"position\":2,\"name\":\"Dyqani\",\"item\":\"https:\\\/\\\/www.edesia.al\\\/?page_id=17\"},{\"@type\":\"ListItem\",\"position\":3,\"name\":\"Qum\u00ebsht Kokosi Vegan\"}]},{\"@type\":\"WebSite\",\"@id\":\"https:\\\/\\\/www.edesia.al\\\/#website\",\"url\":\"https:\\\/\\\/www.edesia.al\\\/\",\"name\":\"Edesia\",\"description\":\"\",\"publisher\":{\"@id\":\"https:\\\/\\\/www.edesia.al\\\/#organization\"},\"potentialAction\":[{\"@type\":\"SearchAction\",\"target\":{\"@type\":\"EntryPoint\",\"urlTemplate\":\"https:\\\/\\\/www.edesia.al\\\/?s={search_term_string}\"},\"query-input\":{\"@type\":\"PropertyValueSpecification\",\"valueRequired\":true,\"valueName\":\"search_term_string\"}}],\"inLanguage\":\"en-US\"},{\"@type\":\"Organization\",\"@id\":\"https:\\\/\\\/www.edesia.al\\\/#organization\",\"name\":\"Edesia\",\"url\":\"https:\\\/\\\/www.edesia.al\\\/\",\"logo\":{\"@type\":\"ImageObject\",\"inLanguage\":\"en-US\",\"@id\":\"https:\\\/\\\/www.edesia.al\\\/#\\\/schema\\\/logo\\\/image\\\/\",\"url\":\"https:\\\/\\\/www.edesia.al\\\/wp-content\\\/uploads\\\/2026\\\/02\\\/Logo-Edesia-no-background.png\",\"contentUrl\":\"https:\\\/\\\/www.edesia.al\\\/wp-content\\\/uploads\\\/2026\\\/02\\\/Logo-Edesia-no-background.png\",\"width\":293,\"height\":158,\"caption\":\"Edesia\"},\"image\":{\"@id\":\"https:\\\/\\\/www.edesia.al\\\/#\\\/schema\\\/logo\\\/image\\\/\"}}]}<\/script>\n<!-- \/ Yoast SEO plugin. -->","yoast_head_json":{"title":"Qum\u00ebsht Kokosi Vegan - Edesia","robots":{"index":"index","follow":"follow","max-snippet":"max-snippet:-1","max-image-preview":"max-image-preview:large","max-video-preview":"max-video-preview:-1"},"canonical":"https:\/\/www.edesia.al\/?product=qumesht-kokosi-vegan","og_locale":"en_US","og_type":"article","og_title":"Qum\u00ebsht Kokosi Vegan - Edesia","og_description":"Qum\u00ebsht Kokosi Vegan (400ml) Qum\u00ebshti i kokosit vegan \u00ebsht\u00eb nj\u00eb alternativ\u00eb vegane i qum\u00ebshtit shtazor, i cili p\u00ebrb\u00ebhet nga uji i kokosit dhe p\u00ebrb\u00ebr\u00ebs shtes\u00eb vegjetarian\u00eb. P\u00ebrfitimet e qum\u00ebshtit t\u00eb kokosit vegan: I pasur me yndyrna t\u00eb sh\u00ebndetshme Qum\u00ebshti i kokosit p\u00ebrmban yndyrna t\u00eb sh\u00ebndetshme si acid laurik, acid kaprik dhe acid kafearik, t\u00eb cilat[...]","og_url":"https:\/\/www.edesia.al\/?product=qumesht-kokosi-vegan","og_site_name":"Edesia","article_modified_time":"2026-02-24T18:54:38+00:00","og_image":[{"width":593,"height":593,"url":"https:\/\/www.edesia.al\/wp-content\/uploads\/2026\/02\/Qumesht-Kokosi-vegan-1.png","type":"image\/png"}],"twitter_card":"summary_large_image","twitter_misc":{"Est. reading time":"1 minute"},"schema":{"@context":"https:\/\/schema.org","@graph":[{"@type":"WebPage","@id":"https:\/\/www.edesia.al\/?product=qumesht-kokosi-vegan","url":"https:\/\/www.edesia.al\/?product=qumesht-kokosi-vegan","name":"Qum\u00ebsht Kokosi Vegan - Edesia","isPartOf":{"@id":"https:\/\/www.edesia.al\/#website"},"primaryImageOfPage":{"@id":"https:\/\/www.edesia.al\/?product=qumesht-kokosi-vegan#primaryimage"},"image":{"@id":"https:\/\/www.edesia.al\/?product=qumesht-kokosi-vegan#primaryimage"},"thumbnailUrl":"https:\/\/www.edesia.al\/wp-content\/uploads\/2026\/02\/Qumesht-Kokosi-vegan-1.png","datePublished":"2026-02-16T21:10:16+00:00","dateModified":"2026-02-24T18:54:38+00:00","breadcrumb":{"@id":"https:\/\/www.edesia.al\/?product=qumesht-kokosi-vegan#breadcrumb"},"inLanguage":"en-US","potentialAction":[{"@type":"ReadAction","target":["https:\/\/www.edesia.al\/?product=qumesht-kokosi-vegan"]}]},{"@type":"ImageObject","inLanguage":"en-US","@id":"https:\/\/www.edesia.al\/?product=qumesht-kokosi-vegan#primaryimage","url":"https:\/\/www.edesia.al\/wp-content\/uploads\/2026\/02\/Qumesht-Kokosi-vegan-1.png","contentUrl":"https:\/\/www.edesia.al\/wp-content\/uploads\/2026\/02\/Qumesht-Kokosi-vegan-1.png","width":593,"height":593},{"@type":"BreadcrumbList","@id":"https:\/\/www.edesia.al\/?product=qumesht-kokosi-vegan#breadcrumb","itemListElement":[{"@type":"ListItem","position":1,"name":"Home","item":"https:\/\/www.edesia.al\/"},{"@type":"ListItem","position":2,"name":"Dyqani","item":"https:\/\/www.edesia.al\/?page_id=17"},{"@type":"ListItem","position":3,"name":"Qum\u00ebsht Kokosi Vegan"}]},{"@type":"WebSite","@id":"https:\/\/www.edesia.al\/#website","url":"https:\/\/www.edesia.al\/","name":"Edesia","description":"","publisher":{"@id":"https:\/\/www.edesia.al\/#organization"},"potentialAction":[{"@type":"SearchAction","target":{"@type":"EntryPoint","urlTemplate":"https:\/\/www.edesia.al\/?s={search_term_string}"},"query-input":{"@type":"PropertyValueSpecification","valueRequired":true,"valueName":"search_term_string"}}],"inLanguage":"en-US"},{"@type":"Organization","@id":"https:\/\/www.edesia.al\/#organization","name":"Edesia","url":"https:\/\/www.edesia.al\/","logo":{"@type":"ImageObject","inLanguage":"en-US","@id":"https:\/\/www.edesia.al\/#\/schema\/logo\/image\/","url":"https:\/\/www.edesia.al\/wp-content\/uploads\/2026\/02\/Logo-Edesia-no-background.png","contentUrl":"https:\/\/www.edesia.al\/wp-content\/uploads\/2026\/02\/Logo-Edesia-no-background.png","width":293,"height":158,"caption":"Edesia"},"image":{"@id":"https:\/\/www.edesia.al\/#\/schema\/logo\/image\/"}}]}},"_links":{"self":[{"href":"https:\/\/www.edesia.al\/index.php?rest_route=\/wp\/v2\/product\/6787","targetHints":{"allow":["GET"]}}],"collection":[{"href":"https:\/\/www.edesia.al\/index.php?rest_route=\/wp\/v2\/product"}],"about":[{"href":"https:\/\/www.edesia.al\/index.php?rest_route=\/wp\/v2\/types\/product"}],"replies":[{"embeddable":true,"href":"https:\/\/www.edesia.al\/index.php?rest_route=%2Fwp%2Fv2%2Fcomments&post=6787"}],"wp:featuredmedia":[{"embeddable":true,"href":"https:\/\/www.edesia.al\/index.php?rest_route=\/wp\/v2\/media\/6838"}],"wp:attachment":[{"href":"https:\/\/www.edesia.al\/index.php?rest_route=%2Fwp%2Fv2%2Fmedia&parent=6787"}],"wp:term":[{"taxonomy":"kategori-sipas-dietave","embeddable":true,"href":"https:\/\/www.edesia.al\/index.php?rest_route=%2Fwp%2Fv2%2Fkategori-sipas-dietave&post=6787"},{"taxonomy":"kategori-sipas-problemeve-shende","embeddable":true,"href":"https:\/\/www.edesia.al\/index.php?rest_route=%2Fwp%2Fv2%2Fkategori-sipas-problemeve-shende&post=6787"},{"taxonomy":"product_brand","embeddable":true,"href":"https:\/\/www.edesia.al\/index.php?rest_route=%2Fwp%2Fv2%2Fproduct_brand&post=6787"},{"taxonomy":"product_cat","embeddable":true,"href":"https:\/\/www.edesia.al\/index.php?rest_route=%2Fwp%2Fv2%2Fproduct_cat&post=6787"},{"taxonomy":"product_tag","embeddable":true,"href":"https:\/\/www.edesia.al\/index.php?rest_route=%2Fwp%2Fv2%2Fproduct_tag&post=6787"}],"curies":[{"name":"wp","href":"https:\/\/api.w.org\/{rel}","templated":true}]}}