{"id":6811,"date":"2026-02-16T21:10:38","date_gmt":"2026-02-16T21:10:38","guid":{"rendered":"https:\/\/www.edesia.al\/?post_type=product&#038;p=6811"},"modified":"2026-02-24T18:56:44","modified_gmt":"2026-02-24T18:56:44","slug":"leng-kulumrie","status":"publish","type":"product","link":"https:\/\/www.edesia.al\/?product=leng-kulumrie","title":{"rendered":"L\u00ebng Kulumrie"},"content":{"rendered":"<h3>L\u00ebng Kulumrie (1L)<\/h3>\n<div class=\"flex-1 overflow-hidden\">\n<div class=\"react-scroll-to-bottom--css-usohw-79elbk h-full dark:bg-gray-800\">\n<div class=\"react-scroll-to-bottom--css-usohw-1n7m0yu\">\n<div class=\"flex flex-col items-center text-sm dark:bg-gray-800\">\n<div class=\"group w-full text-gray-800 dark:text-gray-100 border-b border-black\/10 dark:border-gray-900\/50 bg-gray-50 dark:bg-[#444654]\">\n<div class=\"text-base gap-4 md:gap-6 md:max-w-2xl lg:max-w-xl xl:max-w-3xl p-4 md:py-6 flex lg:px-0 m-auto\">\n<div class=\"relative flex w-[calc(100%-50px)] flex-col gap-1 md:gap-3 lg:w-[calc(100%-115px)]\">\n<div class=\"flex flex-grow flex-col gap-3\">\n<div class=\"min-h-[20px] flex flex-col items-start gap-4 whitespace-pre-wrap break-words\">\n<div class=\"markdown prose w-full break-words dark:prose-invert light\">\n<p>Lengu i Kulumries \u00ebsht\u00eb nj\u00eb l\u00ebng natyral q\u00eb prodhohet nga kulumria, nj\u00eb frut i vog\u00ebl me ngjyr\u00eb t\u00eb err\u00ebt i cili rritet n\u00eb pjes\u00ebn veriore t\u00eb Afrik\u00ebs, si dhe n\u00eb pjes\u00eb t\u00eb Azis\u00eb dhe Evrop\u00ebs. L\u00ebngu i Kulumrit \u00ebsht\u00eb i pasur me antioksidant\u00eb dhe acid ellagjik.<\/p>\n<h4>P\u00ebrfitimet sh\u00ebndet\u00ebsore t\u00eb l\u00ebgut t\u00eb kulumris\u00eb:<\/h4>\n<ul>\n<li>Ndihmon n\u00eb mbrojtjen nga s\u00ebmundjet kardiovaskulare<\/li>\n<\/ul>\n<p>L\u00ebngu i Kulumris\u00eb ka nj\u00eb efekt pozitiv n\u00eb sh\u00ebndetin e zemr\u00ebs dhe mund t\u00eb ndihmoj\u00eb n\u00eb uljen e niveleve t\u00eb kolesterolit n\u00eb gjak.<\/p>\n<ul>\n<li>Ndihmon n\u00eb p\u00ebrmir\u00ebsimin e sh\u00ebndetit t\u00eb l\u00ebkur\u00ebs<\/li>\n<\/ul>\n<p>L\u00ebngu i Kulumris\u00eb mund t\u00eb ndihmoj\u00eb n\u00eb parandalimin e plakjes s\u00eb l\u00ebkur\u00ebs dhe n\u00eb uljen e rrezikut t\u00eb shfaqjes s\u00eb rrudhave dhe njollave.<\/p>\n<ul>\n<li>Ndihmon n\u00eb p\u00ebrmir\u00ebsimin e funksionit t\u00eb zorr\u00ebve<\/li>\n<\/ul>\n<p>L\u00ebngu i Kulumris\u00eb ka nj\u00eb efekt prebiotik dhe mund t\u00eb ndihmoj\u00eb n\u00eb p\u00ebrmir\u00ebsimin e funksionit t\u00eb zorr\u00ebve dhe n\u00eb uljen e rrezikut t\u00eb s\u00ebmundjeve t\u00eb zorr\u00ebve.<\/p>\n<ul>\n<li>Ndihmon n\u00eb p\u00ebrmir\u00ebsimin e shikimit<\/li>\n<\/ul>\n<p>L\u00ebngu i Kulumris\u00eb mund t\u00eb ndihmoj\u00eb n\u00eb p\u00ebrmir\u00ebsimin e shikimit dhe n\u00eb parandalimin e s\u00ebmundjeve t\u00eb syve, si katarakti dhe degjenerimi i makul\u00ebs.<\/p>\n<ul>\n<li>Ndihmon n\u00eb p\u00ebrmir\u00ebsimin e funksionit t\u00eb trurit<\/li>\n<\/ul>\n<p>L\u00ebngu i Kulumris\u00eb mund t\u00eb ndihmoj\u00eb n\u00eb p\u00ebrmir\u00ebsimin e funksionit t\u00eb trurit dhe n\u00eb uljen e rrezikut t\u00eb s\u00ebmundjeve t\u00eb trurit.<\/p>\n<p>L\u00ebngu i Kulumris\u00eb mund t\u00eb p\u00ebrdoret si nj\u00eb shtes\u00eb n\u00eb ushqim, duke e shtuar at\u00eb n\u00eb l\u00ebngjet e frutave t\u00eb tjera ose duke e p\u00ebrdorur at\u00eb si nj\u00eb pije e ve\u00e7ant\u00eb.<\/p>\n<\/div>\n<\/div>\n<\/div>\n<\/div>\n<\/div>\n<\/div>\n<div class=\"w-full h-32 md:h-48 flex-shrink-0\"><\/div>\n<\/div>\n<p>&nbsp;<\/p>\n<\/div>\n<\/div>\n<\/div>\n<div class=\"absolute bottom-0 left-0 w-full border-t md:border-t-0 dark:border-white\/20 md:border-transparent md:dark:border-transparent md:bg-vert-light-gradient bg-white dark:bg-gray-800 md:!bg-transparent dark:md:bg-vert-dark-gradient pt-2\">\n<form class=\"stretch mx-2 flex flex-row gap-3 last:mb-2 md:mx-4 md:last:mb-6 lg:mx-auto lg:max-w-2xl xl:max-w-3xl\">\n<div class=\"relative flex h-full flex-1 items-stretch md:flex-col\">\n<div class=\"\">\n<div class=\"h-full flex ml-1 md:w-full md:m-auto md:mb-2 gap-0 md:gap-2 justify-center\">\n<div class=\"flex w-full items-center justify-center gap-2\">Regenerate response<\/div>\n<\/div>\n<\/div>\n<\/div>\n<\/form>\n<\/div>\n","protected":false},"excerpt":{"rendered":"<p>L\u00ebng Kulumrie (1L) Lengu i Kulumries \u00ebsht\u00eb nj\u00eb l\u00ebng natyral q\u00eb prodhohet nga kulumria, nj\u00eb frut i vog\u00ebl me ngjyr\u00eb t\u00eb err\u00ebt i cili rritet n\u00eb pjes\u00ebn veriore t\u00eb Afrik\u00ebs, si dhe n\u00eb pjes\u00eb t\u00eb Azis\u00eb dhe Evrop\u00ebs. L\u00ebngu i Kulumrit \u00ebsht\u00eb i pasur me antioksidant\u00eb dhe acid ellagjik. P\u00ebrfitimet sh\u00ebndet\u00ebsore t\u00eb l\u00ebgut t\u00eb kulumris\u00eb:[&#8230;]<\/p>\n","protected":false},"featured_media":6842,"comment_status":"open","ping_status":"closed","template":"","meta":{"_acf_changed":false,"inline_featured_image":false},"kategori-sipas-dietave":[],"kategori-sipas-problemeve-shende":[],"product_brand":[],"product_cat":[38,26],"product_tag":[162],"class_list":{"0":"post-6811","1":"product","2":"type-product","3":"status-publish","4":"has-post-thumbnail","6":"product_cat-uje-dhe-lengje-ushqime-bio","7":"product_cat-ushqime-bio","8":"product_tag-lengje","10":"first","11":"instock","12":"taxable","13":"shipping-taxable","14":"purchasable","15":"product-type-simple"},"acf":[],"yoast_head":"<!-- This site is optimized with the Yoast SEO plugin v27.4 - https:\/\/yoast.com\/product\/yoast-seo-wordpress\/ -->\n<title>L\u00ebng Kulumrie - Edesia<\/title>\n<meta name=\"robots\" content=\"index, follow, max-snippet:-1, max-image-preview:large, max-video-preview:-1\" \/>\n<link rel=\"canonical\" href=\"https:\/\/www.edesia.al\/?product=leng-kulumrie\" \/>\n<meta property=\"og:locale\" content=\"en_US\" \/>\n<meta property=\"og:type\" content=\"article\" \/>\n<meta property=\"og:title\" content=\"L\u00ebng Kulumrie - Edesia\" \/>\n<meta property=\"og:description\" content=\"L\u00ebng Kulumrie (1L) Lengu i Kulumries \u00ebsht\u00eb nj\u00eb l\u00ebng natyral q\u00eb prodhohet nga kulumria, nj\u00eb frut i vog\u00ebl me ngjyr\u00eb t\u00eb err\u00ebt i cili rritet n\u00eb pjes\u00ebn veriore t\u00eb Afrik\u00ebs, si dhe n\u00eb pjes\u00eb t\u00eb Azis\u00eb dhe Evrop\u00ebs. L\u00ebngu i Kulumrit \u00ebsht\u00eb i pasur me antioksidant\u00eb dhe acid ellagjik. P\u00ebrfitimet sh\u00ebndet\u00ebsore t\u00eb l\u00ebgut t\u00eb kulumris\u00eb:[...]\" \/>\n<meta property=\"og:url\" content=\"https:\/\/www.edesia.al\/?product=leng-kulumrie\" \/>\n<meta property=\"og:site_name\" content=\"Edesia\" \/>\n<meta property=\"article:modified_time\" content=\"2026-02-24T18:56:44+00:00\" \/>\n<meta property=\"og:image\" content=\"https:\/\/www.edesia.al\/wp-content\/uploads\/2026\/02\/Leng-Kulumrie-1.png\" \/>\n\t<meta property=\"og:image:width\" content=\"593\" \/>\n\t<meta property=\"og:image:height\" content=\"593\" \/>\n\t<meta property=\"og:image:type\" content=\"image\/png\" \/>\n<meta name=\"twitter:card\" content=\"summary_large_image\" \/>\n<meta name=\"twitter:label1\" content=\"Est. reading time\" \/>\n\t<meta name=\"twitter:data1\" content=\"1 minute\" \/>\n<script type=\"application\/ld+json\" class=\"yoast-schema-graph\">{\"@context\":\"https:\\\/\\\/schema.org\",\"@graph\":[{\"@type\":\"WebPage\",\"@id\":\"https:\\\/\\\/www.edesia.al\\\/?product=leng-kulumrie\",\"url\":\"https:\\\/\\\/www.edesia.al\\\/?product=leng-kulumrie\",\"name\":\"L\u00ebng Kulumrie - Edesia\",\"isPartOf\":{\"@id\":\"https:\\\/\\\/www.edesia.al\\\/#website\"},\"primaryImageOfPage\":{\"@id\":\"https:\\\/\\\/www.edesia.al\\\/?product=leng-kulumrie#primaryimage\"},\"image\":{\"@id\":\"https:\\\/\\\/www.edesia.al\\\/?product=leng-kulumrie#primaryimage\"},\"thumbnailUrl\":\"https:\\\/\\\/www.edesia.al\\\/wp-content\\\/uploads\\\/2026\\\/02\\\/Leng-Kulumrie-1.png\",\"datePublished\":\"2026-02-16T21:10:38+00:00\",\"dateModified\":\"2026-02-24T18:56:44+00:00\",\"breadcrumb\":{\"@id\":\"https:\\\/\\\/www.edesia.al\\\/?product=leng-kulumrie#breadcrumb\"},\"inLanguage\":\"en-US\",\"potentialAction\":[{\"@type\":\"ReadAction\",\"target\":[\"https:\\\/\\\/www.edesia.al\\\/?product=leng-kulumrie\"]}]},{\"@type\":\"ImageObject\",\"inLanguage\":\"en-US\",\"@id\":\"https:\\\/\\\/www.edesia.al\\\/?product=leng-kulumrie#primaryimage\",\"url\":\"https:\\\/\\\/www.edesia.al\\\/wp-content\\\/uploads\\\/2026\\\/02\\\/Leng-Kulumrie-1.png\",\"contentUrl\":\"https:\\\/\\\/www.edesia.al\\\/wp-content\\\/uploads\\\/2026\\\/02\\\/Leng-Kulumrie-1.png\",\"width\":593,\"height\":593},{\"@type\":\"BreadcrumbList\",\"@id\":\"https:\\\/\\\/www.edesia.al\\\/?product=leng-kulumrie#breadcrumb\",\"itemListElement\":[{\"@type\":\"ListItem\",\"position\":1,\"name\":\"Home\",\"item\":\"https:\\\/\\\/www.edesia.al\\\/\"},{\"@type\":\"ListItem\",\"position\":2,\"name\":\"Dyqani\",\"item\":\"https:\\\/\\\/www.edesia.al\\\/?page_id=17\"},{\"@type\":\"ListItem\",\"position\":3,\"name\":\"L\u00ebng Kulumrie\"}]},{\"@type\":\"WebSite\",\"@id\":\"https:\\\/\\\/www.edesia.al\\\/#website\",\"url\":\"https:\\\/\\\/www.edesia.al\\\/\",\"name\":\"Edesia\",\"description\":\"\",\"publisher\":{\"@id\":\"https:\\\/\\\/www.edesia.al\\\/#organization\"},\"potentialAction\":[{\"@type\":\"SearchAction\",\"target\":{\"@type\":\"EntryPoint\",\"urlTemplate\":\"https:\\\/\\\/www.edesia.al\\\/?s={search_term_string}\"},\"query-input\":{\"@type\":\"PropertyValueSpecification\",\"valueRequired\":true,\"valueName\":\"search_term_string\"}}],\"inLanguage\":\"en-US\"},{\"@type\":\"Organization\",\"@id\":\"https:\\\/\\\/www.edesia.al\\\/#organization\",\"name\":\"Edesia\",\"url\":\"https:\\\/\\\/www.edesia.al\\\/\",\"logo\":{\"@type\":\"ImageObject\",\"inLanguage\":\"en-US\",\"@id\":\"https:\\\/\\\/www.edesia.al\\\/#\\\/schema\\\/logo\\\/image\\\/\",\"url\":\"https:\\\/\\\/www.edesia.al\\\/wp-content\\\/uploads\\\/2026\\\/02\\\/Logo-Edesia-no-background.png\",\"contentUrl\":\"https:\\\/\\\/www.edesia.al\\\/wp-content\\\/uploads\\\/2026\\\/02\\\/Logo-Edesia-no-background.png\",\"width\":293,\"height\":158,\"caption\":\"Edesia\"},\"image\":{\"@id\":\"https:\\\/\\\/www.edesia.al\\\/#\\\/schema\\\/logo\\\/image\\\/\"}}]}<\/script>\n<!-- \/ Yoast SEO plugin. -->","yoast_head_json":{"title":"L\u00ebng Kulumrie - Edesia","robots":{"index":"index","follow":"follow","max-snippet":"max-snippet:-1","max-image-preview":"max-image-preview:large","max-video-preview":"max-video-preview:-1"},"canonical":"https:\/\/www.edesia.al\/?product=leng-kulumrie","og_locale":"en_US","og_type":"article","og_title":"L\u00ebng Kulumrie - Edesia","og_description":"L\u00ebng Kulumrie (1L) Lengu i Kulumries \u00ebsht\u00eb nj\u00eb l\u00ebng natyral q\u00eb prodhohet nga kulumria, nj\u00eb frut i vog\u00ebl me ngjyr\u00eb t\u00eb err\u00ebt i cili rritet n\u00eb pjes\u00ebn veriore t\u00eb Afrik\u00ebs, si dhe n\u00eb pjes\u00eb t\u00eb Azis\u00eb dhe Evrop\u00ebs. L\u00ebngu i Kulumrit \u00ebsht\u00eb i pasur me antioksidant\u00eb dhe acid ellagjik. P\u00ebrfitimet sh\u00ebndet\u00ebsore t\u00eb l\u00ebgut t\u00eb kulumris\u00eb:[...]","og_url":"https:\/\/www.edesia.al\/?product=leng-kulumrie","og_site_name":"Edesia","article_modified_time":"2026-02-24T18:56:44+00:00","og_image":[{"width":593,"height":593,"url":"https:\/\/www.edesia.al\/wp-content\/uploads\/2026\/02\/Leng-Kulumrie-1.png","type":"image\/png"}],"twitter_card":"summary_large_image","twitter_misc":{"Est. reading time":"1 minute"},"schema":{"@context":"https:\/\/schema.org","@graph":[{"@type":"WebPage","@id":"https:\/\/www.edesia.al\/?product=leng-kulumrie","url":"https:\/\/www.edesia.al\/?product=leng-kulumrie","name":"L\u00ebng Kulumrie - Edesia","isPartOf":{"@id":"https:\/\/www.edesia.al\/#website"},"primaryImageOfPage":{"@id":"https:\/\/www.edesia.al\/?product=leng-kulumrie#primaryimage"},"image":{"@id":"https:\/\/www.edesia.al\/?product=leng-kulumrie#primaryimage"},"thumbnailUrl":"https:\/\/www.edesia.al\/wp-content\/uploads\/2026\/02\/Leng-Kulumrie-1.png","datePublished":"2026-02-16T21:10:38+00:00","dateModified":"2026-02-24T18:56:44+00:00","breadcrumb":{"@id":"https:\/\/www.edesia.al\/?product=leng-kulumrie#breadcrumb"},"inLanguage":"en-US","potentialAction":[{"@type":"ReadAction","target":["https:\/\/www.edesia.al\/?product=leng-kulumrie"]}]},{"@type":"ImageObject","inLanguage":"en-US","@id":"https:\/\/www.edesia.al\/?product=leng-kulumrie#primaryimage","url":"https:\/\/www.edesia.al\/wp-content\/uploads\/2026\/02\/Leng-Kulumrie-1.png","contentUrl":"https:\/\/www.edesia.al\/wp-content\/uploads\/2026\/02\/Leng-Kulumrie-1.png","width":593,"height":593},{"@type":"BreadcrumbList","@id":"https:\/\/www.edesia.al\/?product=leng-kulumrie#breadcrumb","itemListElement":[{"@type":"ListItem","position":1,"name":"Home","item":"https:\/\/www.edesia.al\/"},{"@type":"ListItem","position":2,"name":"Dyqani","item":"https:\/\/www.edesia.al\/?page_id=17"},{"@type":"ListItem","position":3,"name":"L\u00ebng Kulumrie"}]},{"@type":"WebSite","@id":"https:\/\/www.edesia.al\/#website","url":"https:\/\/www.edesia.al\/","name":"Edesia","description":"","publisher":{"@id":"https:\/\/www.edesia.al\/#organization"},"potentialAction":[{"@type":"SearchAction","target":{"@type":"EntryPoint","urlTemplate":"https:\/\/www.edesia.al\/?s={search_term_string}"},"query-input":{"@type":"PropertyValueSpecification","valueRequired":true,"valueName":"search_term_string"}}],"inLanguage":"en-US"},{"@type":"Organization","@id":"https:\/\/www.edesia.al\/#organization","name":"Edesia","url":"https:\/\/www.edesia.al\/","logo":{"@type":"ImageObject","inLanguage":"en-US","@id":"https:\/\/www.edesia.al\/#\/schema\/logo\/image\/","url":"https:\/\/www.edesia.al\/wp-content\/uploads\/2026\/02\/Logo-Edesia-no-background.png","contentUrl":"https:\/\/www.edesia.al\/wp-content\/uploads\/2026\/02\/Logo-Edesia-no-background.png","width":293,"height":158,"caption":"Edesia"},"image":{"@id":"https:\/\/www.edesia.al\/#\/schema\/logo\/image\/"}}]}},"_links":{"self":[{"href":"https:\/\/www.edesia.al\/index.php?rest_route=\/wp\/v2\/product\/6811","targetHints":{"allow":["GET"]}}],"collection":[{"href":"https:\/\/www.edesia.al\/index.php?rest_route=\/wp\/v2\/product"}],"about":[{"href":"https:\/\/www.edesia.al\/index.php?rest_route=\/wp\/v2\/types\/product"}],"replies":[{"embeddable":true,"href":"https:\/\/www.edesia.al\/index.php?rest_route=%2Fwp%2Fv2%2Fcomments&post=6811"}],"wp:featuredmedia":[{"embeddable":true,"href":"https:\/\/www.edesia.al\/index.php?rest_route=\/wp\/v2\/media\/6842"}],"wp:attachment":[{"href":"https:\/\/www.edesia.al\/index.php?rest_route=%2Fwp%2Fv2%2Fmedia&parent=6811"}],"wp:term":[{"taxonomy":"kategori-sipas-dietave","embeddable":true,"href":"https:\/\/www.edesia.al\/index.php?rest_route=%2Fwp%2Fv2%2Fkategori-sipas-dietave&post=6811"},{"taxonomy":"kategori-sipas-problemeve-shende","embeddable":true,"href":"https:\/\/www.edesia.al\/index.php?rest_route=%2Fwp%2Fv2%2Fkategori-sipas-problemeve-shende&post=6811"},{"taxonomy":"product_brand","embeddable":true,"href":"https:\/\/www.edesia.al\/index.php?rest_route=%2Fwp%2Fv2%2Fproduct_brand&post=6811"},{"taxonomy":"product_cat","embeddable":true,"href":"https:\/\/www.edesia.al\/index.php?rest_route=%2Fwp%2Fv2%2Fproduct_cat&post=6811"},{"taxonomy":"product_tag","embeddable":true,"href":"https:\/\/www.edesia.al\/index.php?rest_route=%2Fwp%2Fv2%2Fproduct_tag&post=6811"}],"curies":[{"name":"wp","href":"https:\/\/api.w.org\/{rel}","templated":true}]}}