{"id":6821,"date":"2026-02-16T21:10:39","date_gmt":"2026-02-16T21:10:39","guid":{"rendered":"https:\/\/www.edesia.al\/?post_type=product&#038;p=6821"},"modified":"2026-02-25T09:48:36","modified_gmt":"2026-02-25T09:48:36","slug":"spageti-hikerrori-g-f","status":"publish","type":"product","link":"https:\/\/www.edesia.al\/?product=spageti-hikerrori-g-f","title":{"rendered":"Spageti Hik\u00ebrrori G\/F"},"content":{"rendered":"<h3>Spageti Hik\u00ebrrori G\/F (400gr)<\/h3>\n<p>Jan\u00eb t\u00eb b\u00ebra nga miell i hik\u00ebrrorit i cili \u00ebsht\u00eb nj\u00eb far\u00eb natyralisht pa gluten. K\u00ebto pasta jan\u00eb z\u00ebv\u00ebnd\u00ebsuese shum\u00eb t\u00eb mira t\u00eb pastave me miell gruri dhe t\u00eb jan\u00eb t\u00eb p\u00ebrshtatshme p\u00ebr p\u00ebrsonat q\u00eb vuajn\u00eb nga s\u00ebmundja ceilak ose e quajtur ndryshe intoleranca ndaj glutenit.<\/p>\n<p>T\u00eb \u00e7ertifikuar Bio Organic dhe Gluten Free.<\/p>\n","protected":false},"excerpt":{"rendered":"<p>Spageti Hik\u00ebrrori G\/F (400gr) Jan\u00eb t\u00eb b\u00ebra nga miell i hik\u00ebrrorit i cili \u00ebsht\u00eb nj\u00eb far\u00eb natyralisht pa gluten. K\u00ebto pasta jan\u00eb z\u00ebv\u00ebnd\u00ebsuese shum\u00eb t\u00eb mira t\u00eb pastave me miell gruri dhe t\u00eb jan\u00eb t\u00eb p\u00ebrshtatshme p\u00ebr p\u00ebrsonat q\u00eb vuajn\u00eb nga s\u00ebmundja ceilak ose e quajtur ndryshe intoleranca ndaj glutenit. T\u00eb \u00e7ertifikuar Bio Organic dhe[&#8230;]<\/p>\n","protected":false},"featured_media":6852,"comment_status":"open","ping_status":"closed","template":"","meta":{"_acf_changed":false,"inline_featured_image":false},"kategori-sipas-dietave":[95],"kategori-sipas-problemeve-shende":[88],"product_brand":[32],"product_cat":[26],"product_tag":[166,165],"class_list":{"0":"post-6821","1":"product","2":"type-product","3":"status-publish","4":"has-post-thumbnail","6":"kategori-sipas-dietave-pa-gluten","7":"kategori-sipas-problemeve-shende-gluten-free-celiak-alergjik","8":"product_brand-bioagros","9":"product_cat-ushqime-bio","10":"product_tag-hikerror","11":"product_tag-makarona","13":"first","14":"instock","15":"taxable","16":"shipping-taxable","17":"purchasable","18":"product-type-simple"},"acf":[],"yoast_head":"<!-- This site is optimized with the Yoast SEO plugin v27.4 - https:\/\/yoast.com\/product\/yoast-seo-wordpress\/ -->\n<title>Spageti Hik\u00ebrrori G\/F - Edesia<\/title>\n<meta name=\"robots\" content=\"index, follow, max-snippet:-1, max-image-preview:large, max-video-preview:-1\" \/>\n<link rel=\"canonical\" href=\"https:\/\/www.edesia.al\/?product=spageti-hikerrori-g-f\" \/>\n<meta property=\"og:locale\" content=\"en_US\" \/>\n<meta property=\"og:type\" content=\"article\" \/>\n<meta property=\"og:title\" content=\"Spageti Hik\u00ebrrori G\/F - Edesia\" \/>\n<meta property=\"og:description\" content=\"Spageti Hik\u00ebrrori G\/F (400gr) Jan\u00eb t\u00eb b\u00ebra nga miell i hik\u00ebrrorit i cili \u00ebsht\u00eb nj\u00eb far\u00eb natyralisht pa gluten. K\u00ebto pasta jan\u00eb z\u00ebv\u00ebnd\u00ebsuese shum\u00eb t\u00eb mira t\u00eb pastave me miell gruri dhe t\u00eb jan\u00eb t\u00eb p\u00ebrshtatshme p\u00ebr p\u00ebrsonat q\u00eb vuajn\u00eb nga s\u00ebmundja ceilak ose e quajtur ndryshe intoleranca ndaj glutenit. T\u00eb \u00e7ertifikuar Bio Organic dhe[...]\" \/>\n<meta property=\"og:url\" content=\"https:\/\/www.edesia.al\/?product=spageti-hikerrori-g-f\" \/>\n<meta property=\"og:site_name\" content=\"Edesia\" \/>\n<meta property=\"article:modified_time\" content=\"2026-02-25T09:48:36+00:00\" \/>\n<meta property=\"og:image\" content=\"https:\/\/www.edesia.al\/wp-content\/uploads\/2026\/02\/Spageti-Hikerror-1.jpg\" \/>\n\t<meta property=\"og:image:width\" content=\"593\" \/>\n\t<meta property=\"og:image:height\" content=\"593\" \/>\n\t<meta property=\"og:image:type\" content=\"image\/jpeg\" \/>\n<meta name=\"twitter:card\" content=\"summary_large_image\" \/>\n<script type=\"application\/ld+json\" class=\"yoast-schema-graph\">{\"@context\":\"https:\\\/\\\/schema.org\",\"@graph\":[{\"@type\":\"WebPage\",\"@id\":\"https:\\\/\\\/www.edesia.al\\\/?product=spageti-hikerrori-g-f\",\"url\":\"https:\\\/\\\/www.edesia.al\\\/?product=spageti-hikerrori-g-f\",\"name\":\"Spageti Hik\u00ebrrori G\\\/F - Edesia\",\"isPartOf\":{\"@id\":\"https:\\\/\\\/www.edesia.al\\\/#website\"},\"primaryImageOfPage\":{\"@id\":\"https:\\\/\\\/www.edesia.al\\\/?product=spageti-hikerrori-g-f#primaryimage\"},\"image\":{\"@id\":\"https:\\\/\\\/www.edesia.al\\\/?product=spageti-hikerrori-g-f#primaryimage\"},\"thumbnailUrl\":\"https:\\\/\\\/www.edesia.al\\\/wp-content\\\/uploads\\\/2026\\\/02\\\/Spageti-Hikerror-1.jpg\",\"datePublished\":\"2026-02-16T21:10:39+00:00\",\"dateModified\":\"2026-02-25T09:48:36+00:00\",\"breadcrumb\":{\"@id\":\"https:\\\/\\\/www.edesia.al\\\/?product=spageti-hikerrori-g-f#breadcrumb\"},\"inLanguage\":\"en-US\",\"potentialAction\":[{\"@type\":\"ReadAction\",\"target\":[\"https:\\\/\\\/www.edesia.al\\\/?product=spageti-hikerrori-g-f\"]}]},{\"@type\":\"ImageObject\",\"inLanguage\":\"en-US\",\"@id\":\"https:\\\/\\\/www.edesia.al\\\/?product=spageti-hikerrori-g-f#primaryimage\",\"url\":\"https:\\\/\\\/www.edesia.al\\\/wp-content\\\/uploads\\\/2026\\\/02\\\/Spageti-Hikerror-1.jpg\",\"contentUrl\":\"https:\\\/\\\/www.edesia.al\\\/wp-content\\\/uploads\\\/2026\\\/02\\\/Spageti-Hikerror-1.jpg\",\"width\":593,\"height\":593},{\"@type\":\"BreadcrumbList\",\"@id\":\"https:\\\/\\\/www.edesia.al\\\/?product=spageti-hikerrori-g-f#breadcrumb\",\"itemListElement\":[{\"@type\":\"ListItem\",\"position\":1,\"name\":\"Home\",\"item\":\"https:\\\/\\\/www.edesia.al\\\/\"},{\"@type\":\"ListItem\",\"position\":2,\"name\":\"Dyqani\",\"item\":\"https:\\\/\\\/www.edesia.al\\\/?page_id=17\"},{\"@type\":\"ListItem\",\"position\":3,\"name\":\"Spageti Hik\u00ebrrori G\\\/F\"}]},{\"@type\":\"WebSite\",\"@id\":\"https:\\\/\\\/www.edesia.al\\\/#website\",\"url\":\"https:\\\/\\\/www.edesia.al\\\/\",\"name\":\"Edesia\",\"description\":\"\",\"publisher\":{\"@id\":\"https:\\\/\\\/www.edesia.al\\\/#organization\"},\"potentialAction\":[{\"@type\":\"SearchAction\",\"target\":{\"@type\":\"EntryPoint\",\"urlTemplate\":\"https:\\\/\\\/www.edesia.al\\\/?s={search_term_string}\"},\"query-input\":{\"@type\":\"PropertyValueSpecification\",\"valueRequired\":true,\"valueName\":\"search_term_string\"}}],\"inLanguage\":\"en-US\"},{\"@type\":\"Organization\",\"@id\":\"https:\\\/\\\/www.edesia.al\\\/#organization\",\"name\":\"Edesia\",\"url\":\"https:\\\/\\\/www.edesia.al\\\/\",\"logo\":{\"@type\":\"ImageObject\",\"inLanguage\":\"en-US\",\"@id\":\"https:\\\/\\\/www.edesia.al\\\/#\\\/schema\\\/logo\\\/image\\\/\",\"url\":\"https:\\\/\\\/www.edesia.al\\\/wp-content\\\/uploads\\\/2026\\\/02\\\/Logo-Edesia-no-background.png\",\"contentUrl\":\"https:\\\/\\\/www.edesia.al\\\/wp-content\\\/uploads\\\/2026\\\/02\\\/Logo-Edesia-no-background.png\",\"width\":293,\"height\":158,\"caption\":\"Edesia\"},\"image\":{\"@id\":\"https:\\\/\\\/www.edesia.al\\\/#\\\/schema\\\/logo\\\/image\\\/\"}}]}<\/script>\n<!-- \/ Yoast SEO plugin. -->","yoast_head_json":{"title":"Spageti Hik\u00ebrrori G\/F - Edesia","robots":{"index":"index","follow":"follow","max-snippet":"max-snippet:-1","max-image-preview":"max-image-preview:large","max-video-preview":"max-video-preview:-1"},"canonical":"https:\/\/www.edesia.al\/?product=spageti-hikerrori-g-f","og_locale":"en_US","og_type":"article","og_title":"Spageti Hik\u00ebrrori G\/F - Edesia","og_description":"Spageti Hik\u00ebrrori G\/F (400gr) Jan\u00eb t\u00eb b\u00ebra nga miell i hik\u00ebrrorit i cili \u00ebsht\u00eb nj\u00eb far\u00eb natyralisht pa gluten. K\u00ebto pasta jan\u00eb z\u00ebv\u00ebnd\u00ebsuese shum\u00eb t\u00eb mira t\u00eb pastave me miell gruri dhe t\u00eb jan\u00eb t\u00eb p\u00ebrshtatshme p\u00ebr p\u00ebrsonat q\u00eb vuajn\u00eb nga s\u00ebmundja ceilak ose e quajtur ndryshe intoleranca ndaj glutenit. T\u00eb \u00e7ertifikuar Bio Organic dhe[...]","og_url":"https:\/\/www.edesia.al\/?product=spageti-hikerrori-g-f","og_site_name":"Edesia","article_modified_time":"2026-02-25T09:48:36+00:00","og_image":[{"width":593,"height":593,"url":"https:\/\/www.edesia.al\/wp-content\/uploads\/2026\/02\/Spageti-Hikerror-1.jpg","type":"image\/jpeg"}],"twitter_card":"summary_large_image","schema":{"@context":"https:\/\/schema.org","@graph":[{"@type":"WebPage","@id":"https:\/\/www.edesia.al\/?product=spageti-hikerrori-g-f","url":"https:\/\/www.edesia.al\/?product=spageti-hikerrori-g-f","name":"Spageti Hik\u00ebrrori G\/F - Edesia","isPartOf":{"@id":"https:\/\/www.edesia.al\/#website"},"primaryImageOfPage":{"@id":"https:\/\/www.edesia.al\/?product=spageti-hikerrori-g-f#primaryimage"},"image":{"@id":"https:\/\/www.edesia.al\/?product=spageti-hikerrori-g-f#primaryimage"},"thumbnailUrl":"https:\/\/www.edesia.al\/wp-content\/uploads\/2026\/02\/Spageti-Hikerror-1.jpg","datePublished":"2026-02-16T21:10:39+00:00","dateModified":"2026-02-25T09:48:36+00:00","breadcrumb":{"@id":"https:\/\/www.edesia.al\/?product=spageti-hikerrori-g-f#breadcrumb"},"inLanguage":"en-US","potentialAction":[{"@type":"ReadAction","target":["https:\/\/www.edesia.al\/?product=spageti-hikerrori-g-f"]}]},{"@type":"ImageObject","inLanguage":"en-US","@id":"https:\/\/www.edesia.al\/?product=spageti-hikerrori-g-f#primaryimage","url":"https:\/\/www.edesia.al\/wp-content\/uploads\/2026\/02\/Spageti-Hikerror-1.jpg","contentUrl":"https:\/\/www.edesia.al\/wp-content\/uploads\/2026\/02\/Spageti-Hikerror-1.jpg","width":593,"height":593},{"@type":"BreadcrumbList","@id":"https:\/\/www.edesia.al\/?product=spageti-hikerrori-g-f#breadcrumb","itemListElement":[{"@type":"ListItem","position":1,"name":"Home","item":"https:\/\/www.edesia.al\/"},{"@type":"ListItem","position":2,"name":"Dyqani","item":"https:\/\/www.edesia.al\/?page_id=17"},{"@type":"ListItem","position":3,"name":"Spageti Hik\u00ebrrori G\/F"}]},{"@type":"WebSite","@id":"https:\/\/www.edesia.al\/#website","url":"https:\/\/www.edesia.al\/","name":"Edesia","description":"","publisher":{"@id":"https:\/\/www.edesia.al\/#organization"},"potentialAction":[{"@type":"SearchAction","target":{"@type":"EntryPoint","urlTemplate":"https:\/\/www.edesia.al\/?s={search_term_string}"},"query-input":{"@type":"PropertyValueSpecification","valueRequired":true,"valueName":"search_term_string"}}],"inLanguage":"en-US"},{"@type":"Organization","@id":"https:\/\/www.edesia.al\/#organization","name":"Edesia","url":"https:\/\/www.edesia.al\/","logo":{"@type":"ImageObject","inLanguage":"en-US","@id":"https:\/\/www.edesia.al\/#\/schema\/logo\/image\/","url":"https:\/\/www.edesia.al\/wp-content\/uploads\/2026\/02\/Logo-Edesia-no-background.png","contentUrl":"https:\/\/www.edesia.al\/wp-content\/uploads\/2026\/02\/Logo-Edesia-no-background.png","width":293,"height":158,"caption":"Edesia"},"image":{"@id":"https:\/\/www.edesia.al\/#\/schema\/logo\/image\/"}}]}},"_links":{"self":[{"href":"https:\/\/www.edesia.al\/index.php?rest_route=\/wp\/v2\/product\/6821","targetHints":{"allow":["GET"]}}],"collection":[{"href":"https:\/\/www.edesia.al\/index.php?rest_route=\/wp\/v2\/product"}],"about":[{"href":"https:\/\/www.edesia.al\/index.php?rest_route=\/wp\/v2\/types\/product"}],"replies":[{"embeddable":true,"href":"https:\/\/www.edesia.al\/index.php?rest_route=%2Fwp%2Fv2%2Fcomments&post=6821"}],"wp:featuredmedia":[{"embeddable":true,"href":"https:\/\/www.edesia.al\/index.php?rest_route=\/wp\/v2\/media\/6852"}],"wp:attachment":[{"href":"https:\/\/www.edesia.al\/index.php?rest_route=%2Fwp%2Fv2%2Fmedia&parent=6821"}],"wp:term":[{"taxonomy":"kategori-sipas-dietave","embeddable":true,"href":"https:\/\/www.edesia.al\/index.php?rest_route=%2Fwp%2Fv2%2Fkategori-sipas-dietave&post=6821"},{"taxonomy":"kategori-sipas-problemeve-shende","embeddable":true,"href":"https:\/\/www.edesia.al\/index.php?rest_route=%2Fwp%2Fv2%2Fkategori-sipas-problemeve-shende&post=6821"},{"taxonomy":"product_brand","embeddable":true,"href":"https:\/\/www.edesia.al\/index.php?rest_route=%2Fwp%2Fv2%2Fproduct_brand&post=6821"},{"taxonomy":"product_cat","embeddable":true,"href":"https:\/\/www.edesia.al\/index.php?rest_route=%2Fwp%2Fv2%2Fproduct_cat&post=6821"},{"taxonomy":"product_tag","embeddable":true,"href":"https:\/\/www.edesia.al\/index.php?rest_route=%2Fwp%2Fv2%2Fproduct_tag&post=6821"}],"curies":[{"name":"wp","href":"https:\/\/api.w.org\/{rel}","templated":true}]}}