{"id":6829,"date":"2026-02-16T21:10:41","date_gmt":"2026-02-16T21:10:41","guid":{"rendered":"https:\/\/www.edesia.al\/?post_type=product&#038;p=6829"},"modified":"2026-02-25T09:53:03","modified_gmt":"2026-02-25T09:53:03","slug":"kripe-deti-e-trashe","status":"publish","type":"product","link":"https:\/\/www.edesia.al\/?product=kripe-deti-e-trashe","title":{"rendered":"Krip\u00eb Deti e Trash\u00eb"},"content":{"rendered":"<h3>Krip\u00eb Deti e Trash\u00eb (1kg)<\/h3>\n<p>Kripa e detit \u00ebsht\u00eb nj\u00eb kripe natyrale q\u00eb p\u00ebrmban nj\u00eb shum\u00ebllojshm\u00ebri t\u00eb madhe mineralesh dhe element\u00ebsh t\u00eb ndrysh\u00ebm si natriumi, klori, kalciumi, magnezi, kaliumi, hekuri, zinki, seleni dhe iodin\u00eb, n\u00eb sasi t\u00eb ndryshme, t\u00eb cilat mund t\u00eb ken\u00eb shum\u00eb benefite p\u00ebr sh\u00ebndetin ton\u00eb.<\/p>\n<h4>P\u00ebrfitimet e krip\u00ebs s\u00eb detit jan\u00eb:<\/h4>\n<ul>\n<li>Ndihmon n\u00eb rregullimin e nivelit t\u00eb presionit t\u00eb gjakut<\/li>\n<\/ul>\n<p>Kripa e detit p\u00ebrmban nj\u00eb sasi t\u00eb lart\u00eb t\u00eb natriumit dhe kaliumit, t\u00eb cilat jan\u00eb t\u00eb r\u00ebnd\u00ebsishme p\u00ebr funksionimin e rregullt t\u00eb zemr\u00ebs dhe rregullimin e presionit t\u00eb gjakut.<\/p>\n<ul>\n<li>Ndihmon n\u00eb p\u00ebrmir\u00ebsimin e sh\u00ebndetit t\u00eb kockave<\/li>\n<\/ul>\n<p>Kripa e detit p\u00ebrmban sasi t\u00eb larta t\u00eb kalciumit dhe magnezit, t\u00eb cilat jan\u00eb t\u00eb r\u00ebnd\u00ebsishme p\u00ebr sh\u00ebndetin e kockave dhe ndihmojn\u00eb n\u00eb parandalimin e osteoporoz\u00ebs.<\/p>\n<ul>\n<li>Ndihmon n\u00eb rregullimin e funksionit t\u00eb tretjes<\/li>\n<\/ul>\n<p>Kripa e detit mund t\u00eb ndihmoj\u00eb n\u00eb rregullimin e funksionit t\u00eb tretjes duke ndihmuar n\u00eb prodhimin e acideve t\u00eb nevojshme p\u00ebr tretjen e ushqimit.<\/p>\n<ul>\n<li>Mund t\u00eb ndihmoj\u00eb n\u00eb p\u00ebrmir\u00ebsimin e sh\u00ebndetit t\u00eb l\u00ebkur\u00ebs<\/li>\n<\/ul>\n<p>Kripa e detit mund t\u00eb ndihmoj\u00eb n\u00eb pastrimin e l\u00ebkur\u00ebs dhe n\u00eb p\u00ebrmir\u00ebsimin e nivelit t\u00eb hidratimit t\u00eb saj.<\/p>\n<ul>\n<li>Ndihmon n\u00eb mb\u00ebshtetjen e sh\u00ebndetit t\u00eb tiroides<\/li>\n<\/ul>\n<p>Kripa e detit p\u00ebrmban iodin\u00eb, i cili \u00ebsht\u00eb i nevojsh\u00ebm p\u00ebr funksionimin e rregullt t\u00eb tiroides.<\/p>\n<p>Kripa e detit mund t\u00eb p\u00ebrdoret n\u00eb gatime, n\u00eb ushqime t\u00eb ndryshme, n\u00eb sallate dhe n\u00eb banja relaksuese p\u00ebr l\u00ebkur\u00ebn.<\/p>\n<h4>Kujdes!<\/h4>\n<p>Nj\u00eb konsum i tep\u00ebrt i krip\u00ebs s\u00eb detit mund t\u00eb jet\u00eb i rreziksh\u00ebm p\u00ebr njer\u00ebzit q\u00eb vuajn\u00eb nga presioni i lart\u00eb i gjakut ose kan\u00eb probleme me zemr\u00ebn, k\u00ebshtu q\u00eb duhet t\u00eb konsumohet me kujdes.<\/p>\n","protected":false},"excerpt":{"rendered":"<p>Krip\u00eb Deti e Trash\u00eb (1kg) Kripa e detit \u00ebsht\u00eb nj\u00eb kripe natyrale q\u00eb p\u00ebrmban nj\u00eb shum\u00ebllojshm\u00ebri t\u00eb madhe mineralesh dhe element\u00ebsh t\u00eb ndrysh\u00ebm si natriumi, klori, kalciumi, magnezi, kaliumi, hekuri, zinki, seleni dhe iodin\u00eb, n\u00eb sasi t\u00eb ndryshme, t\u00eb cilat mund t\u00eb ken\u00eb shum\u00eb benefite p\u00ebr sh\u00ebndetin ton\u00eb. P\u00ebrfitimet e krip\u00ebs s\u00eb detit jan\u00eb: Ndihmon[&#8230;]<\/p>\n","protected":false},"featured_media":6884,"comment_status":"open","ping_status":"closed","template":"","meta":{"_acf_changed":false,"inline_featured_image":false},"kategori-sipas-dietave":[],"kategori-sipas-problemeve-shende":[],"product_brand":[32],"product_cat":[34,26],"product_tag":[133],"class_list":{"0":"post-6829","1":"product","2":"type-product","3":"status-publish","4":"has-post-thumbnail","6":"product_brand-bioagros","7":"product_cat-ereza-bime-aromatike","8":"product_cat-ushqime-bio","9":"product_tag-kripe","11":"first","12":"instock","13":"taxable","14":"shipping-taxable","15":"purchasable","16":"product-type-simple"},"acf":[],"yoast_head":"<!-- This site is optimized with the Yoast SEO plugin v27.4 - https:\/\/yoast.com\/product\/yoast-seo-wordpress\/ -->\n<title>Krip\u00eb Deti e Trash\u00eb - Edesia<\/title>\n<meta name=\"robots\" content=\"index, follow, max-snippet:-1, max-image-preview:large, max-video-preview:-1\" \/>\n<link rel=\"canonical\" href=\"https:\/\/www.edesia.al\/?product=kripe-deti-e-trashe\" \/>\n<meta property=\"og:locale\" content=\"en_US\" \/>\n<meta property=\"og:type\" content=\"article\" \/>\n<meta property=\"og:title\" content=\"Krip\u00eb Deti e Trash\u00eb - Edesia\" \/>\n<meta property=\"og:description\" content=\"Krip\u00eb Deti e Trash\u00eb (1kg) Kripa e detit \u00ebsht\u00eb nj\u00eb kripe natyrale q\u00eb p\u00ebrmban nj\u00eb shum\u00ebllojshm\u00ebri t\u00eb madhe mineralesh dhe element\u00ebsh t\u00eb ndrysh\u00ebm si natriumi, klori, kalciumi, magnezi, kaliumi, hekuri, zinki, seleni dhe iodin\u00eb, n\u00eb sasi t\u00eb ndryshme, t\u00eb cilat mund t\u00eb ken\u00eb shum\u00eb benefite p\u00ebr sh\u00ebndetin ton\u00eb. P\u00ebrfitimet e krip\u00ebs s\u00eb detit jan\u00eb: Ndihmon[...]\" \/>\n<meta property=\"og:url\" content=\"https:\/\/www.edesia.al\/?product=kripe-deti-e-trashe\" \/>\n<meta property=\"og:site_name\" content=\"Edesia\" \/>\n<meta property=\"article:modified_time\" content=\"2026-02-25T09:53:03+00:00\" \/>\n<meta property=\"og:image\" content=\"https:\/\/www.edesia.al\/wp-content\/uploads\/2026\/02\/Kripe-Deti-e-Trashe-1.png\" \/>\n\t<meta property=\"og:image:width\" content=\"593\" \/>\n\t<meta property=\"og:image:height\" content=\"593\" \/>\n\t<meta property=\"og:image:type\" content=\"image\/png\" \/>\n<meta name=\"twitter:card\" content=\"summary_large_image\" \/>\n<meta name=\"twitter:label1\" content=\"Est. reading time\" \/>\n\t<meta name=\"twitter:data1\" content=\"2 minutes\" \/>\n<script type=\"application\/ld+json\" class=\"yoast-schema-graph\">{\"@context\":\"https:\\\/\\\/schema.org\",\"@graph\":[{\"@type\":\"WebPage\",\"@id\":\"https:\\\/\\\/www.edesia.al\\\/?product=kripe-deti-e-trashe\",\"url\":\"https:\\\/\\\/www.edesia.al\\\/?product=kripe-deti-e-trashe\",\"name\":\"Krip\u00eb Deti e Trash\u00eb - Edesia\",\"isPartOf\":{\"@id\":\"https:\\\/\\\/www.edesia.al\\\/#website\"},\"primaryImageOfPage\":{\"@id\":\"https:\\\/\\\/www.edesia.al\\\/?product=kripe-deti-e-trashe#primaryimage\"},\"image\":{\"@id\":\"https:\\\/\\\/www.edesia.al\\\/?product=kripe-deti-e-trashe#primaryimage\"},\"thumbnailUrl\":\"https:\\\/\\\/www.edesia.al\\\/wp-content\\\/uploads\\\/2026\\\/02\\\/Kripe-Deti-e-Trashe-1.png\",\"datePublished\":\"2026-02-16T21:10:41+00:00\",\"dateModified\":\"2026-02-25T09:53:03+00:00\",\"breadcrumb\":{\"@id\":\"https:\\\/\\\/www.edesia.al\\\/?product=kripe-deti-e-trashe#breadcrumb\"},\"inLanguage\":\"en-US\",\"potentialAction\":[{\"@type\":\"ReadAction\",\"target\":[\"https:\\\/\\\/www.edesia.al\\\/?product=kripe-deti-e-trashe\"]}]},{\"@type\":\"ImageObject\",\"inLanguage\":\"en-US\",\"@id\":\"https:\\\/\\\/www.edesia.al\\\/?product=kripe-deti-e-trashe#primaryimage\",\"url\":\"https:\\\/\\\/www.edesia.al\\\/wp-content\\\/uploads\\\/2026\\\/02\\\/Kripe-Deti-e-Trashe-1.png\",\"contentUrl\":\"https:\\\/\\\/www.edesia.al\\\/wp-content\\\/uploads\\\/2026\\\/02\\\/Kripe-Deti-e-Trashe-1.png\",\"width\":593,\"height\":593},{\"@type\":\"BreadcrumbList\",\"@id\":\"https:\\\/\\\/www.edesia.al\\\/?product=kripe-deti-e-trashe#breadcrumb\",\"itemListElement\":[{\"@type\":\"ListItem\",\"position\":1,\"name\":\"Home\",\"item\":\"https:\\\/\\\/www.edesia.al\\\/\"},{\"@type\":\"ListItem\",\"position\":2,\"name\":\"Dyqani\",\"item\":\"https:\\\/\\\/www.edesia.al\\\/?page_id=17\"},{\"@type\":\"ListItem\",\"position\":3,\"name\":\"Krip\u00eb Deti e Trash\u00eb\"}]},{\"@type\":\"WebSite\",\"@id\":\"https:\\\/\\\/www.edesia.al\\\/#website\",\"url\":\"https:\\\/\\\/www.edesia.al\\\/\",\"name\":\"Edesia\",\"description\":\"\",\"publisher\":{\"@id\":\"https:\\\/\\\/www.edesia.al\\\/#organization\"},\"potentialAction\":[{\"@type\":\"SearchAction\",\"target\":{\"@type\":\"EntryPoint\",\"urlTemplate\":\"https:\\\/\\\/www.edesia.al\\\/?s={search_term_string}\"},\"query-input\":{\"@type\":\"PropertyValueSpecification\",\"valueRequired\":true,\"valueName\":\"search_term_string\"}}],\"inLanguage\":\"en-US\"},{\"@type\":\"Organization\",\"@id\":\"https:\\\/\\\/www.edesia.al\\\/#organization\",\"name\":\"Edesia\",\"url\":\"https:\\\/\\\/www.edesia.al\\\/\",\"logo\":{\"@type\":\"ImageObject\",\"inLanguage\":\"en-US\",\"@id\":\"https:\\\/\\\/www.edesia.al\\\/#\\\/schema\\\/logo\\\/image\\\/\",\"url\":\"https:\\\/\\\/www.edesia.al\\\/wp-content\\\/uploads\\\/2026\\\/02\\\/Logo-Edesia-no-background.png\",\"contentUrl\":\"https:\\\/\\\/www.edesia.al\\\/wp-content\\\/uploads\\\/2026\\\/02\\\/Logo-Edesia-no-background.png\",\"width\":293,\"height\":158,\"caption\":\"Edesia\"},\"image\":{\"@id\":\"https:\\\/\\\/www.edesia.al\\\/#\\\/schema\\\/logo\\\/image\\\/\"}}]}<\/script>\n<!-- \/ Yoast SEO plugin. -->","yoast_head_json":{"title":"Krip\u00eb Deti e Trash\u00eb - Edesia","robots":{"index":"index","follow":"follow","max-snippet":"max-snippet:-1","max-image-preview":"max-image-preview:large","max-video-preview":"max-video-preview:-1"},"canonical":"https:\/\/www.edesia.al\/?product=kripe-deti-e-trashe","og_locale":"en_US","og_type":"article","og_title":"Krip\u00eb Deti e Trash\u00eb - Edesia","og_description":"Krip\u00eb Deti e Trash\u00eb (1kg) Kripa e detit \u00ebsht\u00eb nj\u00eb kripe natyrale q\u00eb p\u00ebrmban nj\u00eb shum\u00ebllojshm\u00ebri t\u00eb madhe mineralesh dhe element\u00ebsh t\u00eb ndrysh\u00ebm si natriumi, klori, kalciumi, magnezi, kaliumi, hekuri, zinki, seleni dhe iodin\u00eb, n\u00eb sasi t\u00eb ndryshme, t\u00eb cilat mund t\u00eb ken\u00eb shum\u00eb benefite p\u00ebr sh\u00ebndetin ton\u00eb. P\u00ebrfitimet e krip\u00ebs s\u00eb detit jan\u00eb: Ndihmon[...]","og_url":"https:\/\/www.edesia.al\/?product=kripe-deti-e-trashe","og_site_name":"Edesia","article_modified_time":"2026-02-25T09:53:03+00:00","og_image":[{"width":593,"height":593,"url":"https:\/\/www.edesia.al\/wp-content\/uploads\/2026\/02\/Kripe-Deti-e-Trashe-1.png","type":"image\/png"}],"twitter_card":"summary_large_image","twitter_misc":{"Est. reading time":"2 minutes"},"schema":{"@context":"https:\/\/schema.org","@graph":[{"@type":"WebPage","@id":"https:\/\/www.edesia.al\/?product=kripe-deti-e-trashe","url":"https:\/\/www.edesia.al\/?product=kripe-deti-e-trashe","name":"Krip\u00eb Deti e Trash\u00eb - Edesia","isPartOf":{"@id":"https:\/\/www.edesia.al\/#website"},"primaryImageOfPage":{"@id":"https:\/\/www.edesia.al\/?product=kripe-deti-e-trashe#primaryimage"},"image":{"@id":"https:\/\/www.edesia.al\/?product=kripe-deti-e-trashe#primaryimage"},"thumbnailUrl":"https:\/\/www.edesia.al\/wp-content\/uploads\/2026\/02\/Kripe-Deti-e-Trashe-1.png","datePublished":"2026-02-16T21:10:41+00:00","dateModified":"2026-02-25T09:53:03+00:00","breadcrumb":{"@id":"https:\/\/www.edesia.al\/?product=kripe-deti-e-trashe#breadcrumb"},"inLanguage":"en-US","potentialAction":[{"@type":"ReadAction","target":["https:\/\/www.edesia.al\/?product=kripe-deti-e-trashe"]}]},{"@type":"ImageObject","inLanguage":"en-US","@id":"https:\/\/www.edesia.al\/?product=kripe-deti-e-trashe#primaryimage","url":"https:\/\/www.edesia.al\/wp-content\/uploads\/2026\/02\/Kripe-Deti-e-Trashe-1.png","contentUrl":"https:\/\/www.edesia.al\/wp-content\/uploads\/2026\/02\/Kripe-Deti-e-Trashe-1.png","width":593,"height":593},{"@type":"BreadcrumbList","@id":"https:\/\/www.edesia.al\/?product=kripe-deti-e-trashe#breadcrumb","itemListElement":[{"@type":"ListItem","position":1,"name":"Home","item":"https:\/\/www.edesia.al\/"},{"@type":"ListItem","position":2,"name":"Dyqani","item":"https:\/\/www.edesia.al\/?page_id=17"},{"@type":"ListItem","position":3,"name":"Krip\u00eb Deti e Trash\u00eb"}]},{"@type":"WebSite","@id":"https:\/\/www.edesia.al\/#website","url":"https:\/\/www.edesia.al\/","name":"Edesia","description":"","publisher":{"@id":"https:\/\/www.edesia.al\/#organization"},"potentialAction":[{"@type":"SearchAction","target":{"@type":"EntryPoint","urlTemplate":"https:\/\/www.edesia.al\/?s={search_term_string}"},"query-input":{"@type":"PropertyValueSpecification","valueRequired":true,"valueName":"search_term_string"}}],"inLanguage":"en-US"},{"@type":"Organization","@id":"https:\/\/www.edesia.al\/#organization","name":"Edesia","url":"https:\/\/www.edesia.al\/","logo":{"@type":"ImageObject","inLanguage":"en-US","@id":"https:\/\/www.edesia.al\/#\/schema\/logo\/image\/","url":"https:\/\/www.edesia.al\/wp-content\/uploads\/2026\/02\/Logo-Edesia-no-background.png","contentUrl":"https:\/\/www.edesia.al\/wp-content\/uploads\/2026\/02\/Logo-Edesia-no-background.png","width":293,"height":158,"caption":"Edesia"},"image":{"@id":"https:\/\/www.edesia.al\/#\/schema\/logo\/image\/"}}]}},"_links":{"self":[{"href":"https:\/\/www.edesia.al\/index.php?rest_route=\/wp\/v2\/product\/6829","targetHints":{"allow":["GET"]}}],"collection":[{"href":"https:\/\/www.edesia.al\/index.php?rest_route=\/wp\/v2\/product"}],"about":[{"href":"https:\/\/www.edesia.al\/index.php?rest_route=\/wp\/v2\/types\/product"}],"replies":[{"embeddable":true,"href":"https:\/\/www.edesia.al\/index.php?rest_route=%2Fwp%2Fv2%2Fcomments&post=6829"}],"wp:featuredmedia":[{"embeddable":true,"href":"https:\/\/www.edesia.al\/index.php?rest_route=\/wp\/v2\/media\/6884"}],"wp:attachment":[{"href":"https:\/\/www.edesia.al\/index.php?rest_route=%2Fwp%2Fv2%2Fmedia&parent=6829"}],"wp:term":[{"taxonomy":"kategori-sipas-dietave","embeddable":true,"href":"https:\/\/www.edesia.al\/index.php?rest_route=%2Fwp%2Fv2%2Fkategori-sipas-dietave&post=6829"},{"taxonomy":"kategori-sipas-problemeve-shende","embeddable":true,"href":"https:\/\/www.edesia.al\/index.php?rest_route=%2Fwp%2Fv2%2Fkategori-sipas-problemeve-shende&post=6829"},{"taxonomy":"product_brand","embeddable":true,"href":"https:\/\/www.edesia.al\/index.php?rest_route=%2Fwp%2Fv2%2Fproduct_brand&post=6829"},{"taxonomy":"product_cat","embeddable":true,"href":"https:\/\/www.edesia.al\/index.php?rest_route=%2Fwp%2Fv2%2Fproduct_cat&post=6829"},{"taxonomy":"product_tag","embeddable":true,"href":"https:\/\/www.edesia.al\/index.php?rest_route=%2Fwp%2Fv2%2Fproduct_tag&post=6829"}],"curies":[{"name":"wp","href":"https:\/\/api.w.org\/{rel}","templated":true}]}}