{"id":6859,"date":"2026-02-16T21:11:02","date_gmt":"2026-02-16T21:11:02","guid":{"rendered":"https:\/\/www.edesia.al\/?post_type=product&#038;p=6859"},"modified":"2026-02-25T18:16:07","modified_gmt":"2026-02-25T18:16:07","slug":"caj-coltsfoot","status":"publish","type":"product","link":"https:\/\/www.edesia.al\/?product=caj-coltsfoot","title":{"rendered":"\u00c7aj Coltsfoot"},"content":{"rendered":"<h3>\u00c7aj Coltsfoot 30gr<\/h3>\n<p>Coltsfoot (Tussilago farfara) ose si\u00e7 njihet ndryshe si &#8220;Gjethja e Kalit&#8221; \u00ebsht\u00eb nj\u00eb barishte e njohur q\u00eb n\u00eb koh\u00ebt e lashta p\u00ebr vetit\u00eb e saj qet\u00ebsuese. Esht\u00eb bim\u00eb shum\u00ebvje\u00e7are, aromatike dhe me shije t\u00eb k\u00ebndshme.<\/p>\n<p>Gjethet e \u00e7ajit coltsfoot (Tussilago farfara) ofrojn\u00eb disa p\u00ebrfitime sh\u00ebndet\u00ebsore, ve\u00e7an\u00ebrisht p\u00ebr sistemin respirator dhe trajtimin e koll\u00ebs.<\/p>\n<p><strong>Benefitet sh\u00ebndet\u00ebsore<\/strong>:<\/p>\n<ul>\n<li><strong>Leht\u00ebson koll\u00ebn:<\/strong>\u00a0Coltsfoot \u00ebsht\u00eb i njohur p\u00ebr efektet qet\u00ebsuese n\u00eb sistemin respirator dhe p\u00ebrdoret tradicionalisht p\u00ebr t\u00eb trajtuar koll\u00ebn dhe bronkitin.<\/li>\n<li><strong>Antiinflamator:<\/strong>\u00a0 Gjethet p\u00ebrmbajn\u00eb p\u00ebrb\u00ebr\u00ebs me veti antiinflamatore, t\u00eb cilat ndihmojn\u00eb n\u00eb zvog\u00eblimin e inflamacionit n\u00eb traktin e frym\u00ebmarrjes.<\/li>\n<li><strong>Leht\u00ebson dhimbjet e fytit<\/strong>: Qet\u00ebson dhimbjet e fytit dhe acarimet e shkaktuara nga kollitjet e shpeshta.<\/li>\n<li><strong>Qet\u00ebsues natyral<\/strong>: Coltsfoot gjithashtu ndihmon n\u00eb relaksimin e muskujve t\u00eb bronkeve, duke p\u00ebrmir\u00ebsuar frym\u00ebmarrjen tek ata q\u00eb vuajn\u00eb nga astma apo alergjit\u00eb.<\/li>\n<li><strong>Antioksidant\u00eb:\u00a0<\/strong> Gjethet e coltsfoot p\u00ebrmbajn\u00eb antioksidant\u00eb, t\u00eb cil\u00ebt ndihmojn\u00eb n\u00eb luftimin e radikal\u00ebve t\u00eb lir\u00eb dhe n\u00eb p\u00ebrmir\u00ebsimin e sh\u00ebndetit t\u00eb p\u00ebrgjithsh\u00ebm.<\/li>\n<\/ul>\n<p><strong>P\u00ebrgatitja<\/strong>: P\u00ebrdorni 1-2 lug\u00eb kafe t\u00eb gjetheve t\u00eb thara p\u00ebr nj\u00eb filxhan uj\u00eb t\u00eb valuar, pastaj l\u00ebreni p\u00ebr rreth 10-20 minuta t\u00eb q\u00ebndroj\u00eb para konsumimit dhe mund t\u00eb konsumohet deri n\u00eb 2 filxhan n\u00eb dit\u00eb, por jo m\u00eb shum\u00eb se 4-6 jav\u00eb pa nd\u00ebrprerje.<\/p>\n<p>&nbsp;<\/p>\n<p><strong>Kujdes:<\/strong><\/p>\n<ul>\n<li>\u00a0 \u00a0 Nuk rekomandohet p\u00ebr grat\u00eb shtat\u00ebz\u00ebna dhe me gjidh\u00ebnie.<\/li>\n<li>\u00a0 \u00a0 P\u00ebr personat q\u00eb nd\u00ebrmarrin ilace, ve\u00e7an\u00ebrisht ata q\u00eb ndikojn\u00eb n\u00eb m\u00ebl\u00e7i pasi rrit efektet toksike.<\/li>\n<li>\u00a0 \u00a0 Nuk duhet t\u00eb konsumohet n\u00eb doza t\u00eb m\u00ebdha dhe pa nd\u00ebrprerje, pasi mund t\u00eb jet\u00eb toksike p\u00ebr mel\u00e7in\u00eb dhe ti shkaktoj d\u00ebmtime serioze asaj.<\/li>\n<\/ul>\n","protected":false},"excerpt":{"rendered":"<p>\u00c7aj Coltsfoot 30gr Coltsfoot (Tussilago farfara) ose si\u00e7 njihet ndryshe si &#8220;Gjethja e Kalit&#8221; \u00ebsht\u00eb nj\u00eb barishte e njohur q\u00eb n\u00eb koh\u00ebt e lashta p\u00ebr vetit\u00eb e saj qet\u00ebsuese. Esht\u00eb bim\u00eb shum\u00ebvje\u00e7are, aromatike dhe me shije t\u00eb k\u00ebndshme. Gjethet e \u00e7ajit coltsfoot (Tussilago farfara) ofrojn\u00eb disa p\u00ebrfitime sh\u00ebndet\u00ebsore, ve\u00e7an\u00ebrisht p\u00ebr sistemin respirator dhe trajtimin e[&#8230;]<\/p>\n","protected":false},"featured_media":7229,"comment_status":"open","ping_status":"closed","template":"","meta":{"_acf_changed":false,"inline_featured_image":false},"kategori-sipas-dietave":[],"kategori-sipas-problemeve-shende":[],"product_brand":[32],"product_cat":[27,81],"product_tag":[168],"class_list":{"0":"post-6859","1":"product","2":"type-product","3":"status-publish","4":"has-post-thumbnail","6":"product_brand-bioagros","7":"product_cat-bime-mjekesore","8":"product_cat-caj-bime-mjekesore","9":"product_tag-caj","11":"first","12":"instock","13":"taxable","14":"shipping-taxable","15":"purchasable","16":"product-type-simple"},"acf":[],"yoast_head":"<!-- This site is optimized with the Yoast SEO plugin v27.4 - https:\/\/yoast.com\/product\/yoast-seo-wordpress\/ -->\n<title>\u00c7aj Coltsfoot - Edesia<\/title>\n<meta name=\"robots\" content=\"index, follow, max-snippet:-1, max-image-preview:large, max-video-preview:-1\" \/>\n<link rel=\"canonical\" href=\"https:\/\/www.edesia.al\/?product=caj-coltsfoot\" \/>\n<meta property=\"og:locale\" content=\"en_US\" \/>\n<meta property=\"og:type\" content=\"article\" \/>\n<meta property=\"og:title\" content=\"\u00c7aj Coltsfoot - Edesia\" \/>\n<meta property=\"og:description\" content=\"\u00c7aj Coltsfoot 30gr Coltsfoot (Tussilago farfara) ose si\u00e7 njihet ndryshe si &#8220;Gjethja e Kalit&#8221; \u00ebsht\u00eb nj\u00eb barishte e njohur q\u00eb n\u00eb koh\u00ebt e lashta p\u00ebr vetit\u00eb e saj qet\u00ebsuese. Esht\u00eb bim\u00eb shum\u00ebvje\u00e7are, aromatike dhe me shije t\u00eb k\u00ebndshme. Gjethet e \u00e7ajit coltsfoot (Tussilago farfara) ofrojn\u00eb disa p\u00ebrfitime sh\u00ebndet\u00ebsore, ve\u00e7an\u00ebrisht p\u00ebr sistemin respirator dhe trajtimin e[...]\" \/>\n<meta property=\"og:url\" content=\"https:\/\/www.edesia.al\/?product=caj-coltsfoot\" \/>\n<meta property=\"og:site_name\" content=\"Edesia\" \/>\n<meta property=\"article:modified_time\" content=\"2026-02-25T18:16:07+00:00\" \/>\n<meta property=\"og:image\" content=\"https:\/\/www.edesia.al\/wp-content\/uploads\/2026\/02\/221121091-1.png\" \/>\n\t<meta property=\"og:image:width\" content=\"400\" \/>\n\t<meta property=\"og:image:height\" content=\"400\" \/>\n\t<meta property=\"og:image:type\" content=\"image\/png\" \/>\n<meta name=\"twitter:card\" content=\"summary_large_image\" \/>\n<meta name=\"twitter:label1\" content=\"Est. reading time\" \/>\n\t<meta name=\"twitter:data1\" content=\"2 minutes\" \/>\n<script type=\"application\/ld+json\" class=\"yoast-schema-graph\">{\"@context\":\"https:\\\/\\\/schema.org\",\"@graph\":[{\"@type\":\"WebPage\",\"@id\":\"https:\\\/\\\/www.edesia.al\\\/?product=caj-coltsfoot\",\"url\":\"https:\\\/\\\/www.edesia.al\\\/?product=caj-coltsfoot\",\"name\":\"\u00c7aj Coltsfoot - Edesia\",\"isPartOf\":{\"@id\":\"https:\\\/\\\/www.edesia.al\\\/#website\"},\"primaryImageOfPage\":{\"@id\":\"https:\\\/\\\/www.edesia.al\\\/?product=caj-coltsfoot#primaryimage\"},\"image\":{\"@id\":\"https:\\\/\\\/www.edesia.al\\\/?product=caj-coltsfoot#primaryimage\"},\"thumbnailUrl\":\"https:\\\/\\\/www.edesia.al\\\/wp-content\\\/uploads\\\/2026\\\/02\\\/221121091-1.png\",\"datePublished\":\"2026-02-16T21:11:02+00:00\",\"dateModified\":\"2026-02-25T18:16:07+00:00\",\"breadcrumb\":{\"@id\":\"https:\\\/\\\/www.edesia.al\\\/?product=caj-coltsfoot#breadcrumb\"},\"inLanguage\":\"en-US\",\"potentialAction\":[{\"@type\":\"ReadAction\",\"target\":[\"https:\\\/\\\/www.edesia.al\\\/?product=caj-coltsfoot\"]}]},{\"@type\":\"ImageObject\",\"inLanguage\":\"en-US\",\"@id\":\"https:\\\/\\\/www.edesia.al\\\/?product=caj-coltsfoot#primaryimage\",\"url\":\"https:\\\/\\\/www.edesia.al\\\/wp-content\\\/uploads\\\/2026\\\/02\\\/221121091-1.png\",\"contentUrl\":\"https:\\\/\\\/www.edesia.al\\\/wp-content\\\/uploads\\\/2026\\\/02\\\/221121091-1.png\",\"width\":400,\"height\":400},{\"@type\":\"BreadcrumbList\",\"@id\":\"https:\\\/\\\/www.edesia.al\\\/?product=caj-coltsfoot#breadcrumb\",\"itemListElement\":[{\"@type\":\"ListItem\",\"position\":1,\"name\":\"Home\",\"item\":\"https:\\\/\\\/www.edesia.al\\\/\"},{\"@type\":\"ListItem\",\"position\":2,\"name\":\"Dyqani\",\"item\":\"https:\\\/\\\/www.edesia.al\\\/?page_id=17\"},{\"@type\":\"ListItem\",\"position\":3,\"name\":\"\u00c7aj Coltsfoot\"}]},{\"@type\":\"WebSite\",\"@id\":\"https:\\\/\\\/www.edesia.al\\\/#website\",\"url\":\"https:\\\/\\\/www.edesia.al\\\/\",\"name\":\"Edesia\",\"description\":\"\",\"publisher\":{\"@id\":\"https:\\\/\\\/www.edesia.al\\\/#organization\"},\"potentialAction\":[{\"@type\":\"SearchAction\",\"target\":{\"@type\":\"EntryPoint\",\"urlTemplate\":\"https:\\\/\\\/www.edesia.al\\\/?s={search_term_string}\"},\"query-input\":{\"@type\":\"PropertyValueSpecification\",\"valueRequired\":true,\"valueName\":\"search_term_string\"}}],\"inLanguage\":\"en-US\"},{\"@type\":\"Organization\",\"@id\":\"https:\\\/\\\/www.edesia.al\\\/#organization\",\"name\":\"Edesia\",\"url\":\"https:\\\/\\\/www.edesia.al\\\/\",\"logo\":{\"@type\":\"ImageObject\",\"inLanguage\":\"en-US\",\"@id\":\"https:\\\/\\\/www.edesia.al\\\/#\\\/schema\\\/logo\\\/image\\\/\",\"url\":\"https:\\\/\\\/www.edesia.al\\\/wp-content\\\/uploads\\\/2026\\\/02\\\/Logo-Edesia-no-background.png\",\"contentUrl\":\"https:\\\/\\\/www.edesia.al\\\/wp-content\\\/uploads\\\/2026\\\/02\\\/Logo-Edesia-no-background.png\",\"width\":293,\"height\":158,\"caption\":\"Edesia\"},\"image\":{\"@id\":\"https:\\\/\\\/www.edesia.al\\\/#\\\/schema\\\/logo\\\/image\\\/\"}}]}<\/script>\n<!-- \/ Yoast SEO plugin. -->","yoast_head_json":{"title":"\u00c7aj Coltsfoot - Edesia","robots":{"index":"index","follow":"follow","max-snippet":"max-snippet:-1","max-image-preview":"max-image-preview:large","max-video-preview":"max-video-preview:-1"},"canonical":"https:\/\/www.edesia.al\/?product=caj-coltsfoot","og_locale":"en_US","og_type":"article","og_title":"\u00c7aj Coltsfoot - Edesia","og_description":"\u00c7aj Coltsfoot 30gr Coltsfoot (Tussilago farfara) ose si\u00e7 njihet ndryshe si &#8220;Gjethja e Kalit&#8221; \u00ebsht\u00eb nj\u00eb barishte e njohur q\u00eb n\u00eb koh\u00ebt e lashta p\u00ebr vetit\u00eb e saj qet\u00ebsuese. Esht\u00eb bim\u00eb shum\u00ebvje\u00e7are, aromatike dhe me shije t\u00eb k\u00ebndshme. Gjethet e \u00e7ajit coltsfoot (Tussilago farfara) ofrojn\u00eb disa p\u00ebrfitime sh\u00ebndet\u00ebsore, ve\u00e7an\u00ebrisht p\u00ebr sistemin respirator dhe trajtimin e[...]","og_url":"https:\/\/www.edesia.al\/?product=caj-coltsfoot","og_site_name":"Edesia","article_modified_time":"2026-02-25T18:16:07+00:00","og_image":[{"width":400,"height":400,"url":"https:\/\/www.edesia.al\/wp-content\/uploads\/2026\/02\/221121091-1.png","type":"image\/png"}],"twitter_card":"summary_large_image","twitter_misc":{"Est. reading time":"2 minutes"},"schema":{"@context":"https:\/\/schema.org","@graph":[{"@type":"WebPage","@id":"https:\/\/www.edesia.al\/?product=caj-coltsfoot","url":"https:\/\/www.edesia.al\/?product=caj-coltsfoot","name":"\u00c7aj Coltsfoot - Edesia","isPartOf":{"@id":"https:\/\/www.edesia.al\/#website"},"primaryImageOfPage":{"@id":"https:\/\/www.edesia.al\/?product=caj-coltsfoot#primaryimage"},"image":{"@id":"https:\/\/www.edesia.al\/?product=caj-coltsfoot#primaryimage"},"thumbnailUrl":"https:\/\/www.edesia.al\/wp-content\/uploads\/2026\/02\/221121091-1.png","datePublished":"2026-02-16T21:11:02+00:00","dateModified":"2026-02-25T18:16:07+00:00","breadcrumb":{"@id":"https:\/\/www.edesia.al\/?product=caj-coltsfoot#breadcrumb"},"inLanguage":"en-US","potentialAction":[{"@type":"ReadAction","target":["https:\/\/www.edesia.al\/?product=caj-coltsfoot"]}]},{"@type":"ImageObject","inLanguage":"en-US","@id":"https:\/\/www.edesia.al\/?product=caj-coltsfoot#primaryimage","url":"https:\/\/www.edesia.al\/wp-content\/uploads\/2026\/02\/221121091-1.png","contentUrl":"https:\/\/www.edesia.al\/wp-content\/uploads\/2026\/02\/221121091-1.png","width":400,"height":400},{"@type":"BreadcrumbList","@id":"https:\/\/www.edesia.al\/?product=caj-coltsfoot#breadcrumb","itemListElement":[{"@type":"ListItem","position":1,"name":"Home","item":"https:\/\/www.edesia.al\/"},{"@type":"ListItem","position":2,"name":"Dyqani","item":"https:\/\/www.edesia.al\/?page_id=17"},{"@type":"ListItem","position":3,"name":"\u00c7aj Coltsfoot"}]},{"@type":"WebSite","@id":"https:\/\/www.edesia.al\/#website","url":"https:\/\/www.edesia.al\/","name":"Edesia","description":"","publisher":{"@id":"https:\/\/www.edesia.al\/#organization"},"potentialAction":[{"@type":"SearchAction","target":{"@type":"EntryPoint","urlTemplate":"https:\/\/www.edesia.al\/?s={search_term_string}"},"query-input":{"@type":"PropertyValueSpecification","valueRequired":true,"valueName":"search_term_string"}}],"inLanguage":"en-US"},{"@type":"Organization","@id":"https:\/\/www.edesia.al\/#organization","name":"Edesia","url":"https:\/\/www.edesia.al\/","logo":{"@type":"ImageObject","inLanguage":"en-US","@id":"https:\/\/www.edesia.al\/#\/schema\/logo\/image\/","url":"https:\/\/www.edesia.al\/wp-content\/uploads\/2026\/02\/Logo-Edesia-no-background.png","contentUrl":"https:\/\/www.edesia.al\/wp-content\/uploads\/2026\/02\/Logo-Edesia-no-background.png","width":293,"height":158,"caption":"Edesia"},"image":{"@id":"https:\/\/www.edesia.al\/#\/schema\/logo\/image\/"}}]}},"_links":{"self":[{"href":"https:\/\/www.edesia.al\/index.php?rest_route=\/wp\/v2\/product\/6859","targetHints":{"allow":["GET"]}}],"collection":[{"href":"https:\/\/www.edesia.al\/index.php?rest_route=\/wp\/v2\/product"}],"about":[{"href":"https:\/\/www.edesia.al\/index.php?rest_route=\/wp\/v2\/types\/product"}],"replies":[{"embeddable":true,"href":"https:\/\/www.edesia.al\/index.php?rest_route=%2Fwp%2Fv2%2Fcomments&post=6859"}],"wp:featuredmedia":[{"embeddable":true,"href":"https:\/\/www.edesia.al\/index.php?rest_route=\/wp\/v2\/media\/7229"}],"wp:attachment":[{"href":"https:\/\/www.edesia.al\/index.php?rest_route=%2Fwp%2Fv2%2Fmedia&parent=6859"}],"wp:term":[{"taxonomy":"kategori-sipas-dietave","embeddable":true,"href":"https:\/\/www.edesia.al\/index.php?rest_route=%2Fwp%2Fv2%2Fkategori-sipas-dietave&post=6859"},{"taxonomy":"kategori-sipas-problemeve-shende","embeddable":true,"href":"https:\/\/www.edesia.al\/index.php?rest_route=%2Fwp%2Fv2%2Fkategori-sipas-problemeve-shende&post=6859"},{"taxonomy":"product_brand","embeddable":true,"href":"https:\/\/www.edesia.al\/index.php?rest_route=%2Fwp%2Fv2%2Fproduct_brand&post=6859"},{"taxonomy":"product_cat","embeddable":true,"href":"https:\/\/www.edesia.al\/index.php?rest_route=%2Fwp%2Fv2%2Fproduct_cat&post=6859"},{"taxonomy":"product_tag","embeddable":true,"href":"https:\/\/www.edesia.al\/index.php?rest_route=%2Fwp%2Fv2%2Fproduct_tag&post=6859"}],"curies":[{"name":"wp","href":"https:\/\/api.w.org\/{rel}","templated":true}]}}