{"id":6860,"date":"2026-02-16T21:11:02","date_gmt":"2026-02-16T21:11:02","guid":{"rendered":"https:\/\/www.edesia.al\/?post_type=product&#038;p=6860"},"modified":"2026-02-25T09:56:26","modified_gmt":"2026-02-25T09:56:26","slug":"rozmarine-bio","status":"publish","type":"product","link":"https:\/\/www.edesia.al\/?product=rozmarine-bio","title":{"rendered":"Rozmarin\u00eb Bio"},"content":{"rendered":"<h3>Rozmarin\u00eb Bio (30gr)<\/h3>\n<p>Rozmarina \u00ebsht\u00eb nj\u00eb bim\u00eb q\u00eb p\u00ebrdorimi i saj daton shekuj m\u00eb par\u00eb. Ajo z\u00eb hapsir\u00eb n\u00eb jet\u00ebn ton\u00eb si kuzhin\u00eb ashtu dhe n\u00eb kozmetike. Vlerat dhe p\u00ebrfitimet q\u00eb marrim nga rozmarina jan\u00eb t\u00eb shumta. Kjo bim\u00eb aromatike q\u00eb b\u00ebn pjes\u00eb n\u00eb familjen e mentes.<\/p>\n<h4>P\u00ebrfitimet sh\u00ebndetsore t\u00eb rozmarin\u00ebs:<\/h4>\n<ul>\n<li>P\u00ebrmir\u00ebson memorien dhe rrit p\u00ebrq\u00ebndrimin.<\/li>\n<li>Largon stresin dhe stabilizon problemet me gjumin.<\/li>\n<li>Ka fuqi t\u00eb m\u00ebdha antioksiduese.<\/li>\n<li>Parandalon zhvillimin e qelizave tumorale, duke na mbrojtur nga nj\u00eb s\u00ebr\u00eb kanceresh.<\/li>\n<li>P\u00ebrmban vitaminat A dhe C duke p\u00ebrfshir\u00eb edhe minerale si magnezi, kalcium dhe zinku. K\u00ebto minerale ndihmojn\u00eb n\u00eb forcimin e sistemit imunitar duke dhe nxjerr\u00eb jasht\u00eb toksinat nga trupi.<\/li>\n<li>Ndihmon edhe n\u00eb s\u00ebmundjet neurologjike si\u00e7 jan\u00eb depresioni, ankthi apo skleroza e shum\u00ebfisht\u00eb.<\/li>\n<li>Ndihmon n\u00eb stabilizimn e tensionit te larte te gjakut.<\/li>\n<li>Pastron yndyrnat e k\u00ebqija n\u00eb gjak.<\/li>\n<li>Rrit flok\u00ebt dhe ndihmon n\u00eb nj\u00eb shendet t\u00eb mir\u00eb t\u00eb l\u00ebkur\u00ebs.<\/li>\n<li>K\u00ebshillohet p\u00ebr leht\u00ebsimin e dhimbjeve me origjin\u00eb reumatizmale, si dhimbjet e ky\u00e7eve, gjunj\u00ebve, si pasoj\u00eb e motit t\u00eb keq.<\/li>\n<li>Shum\u00eb e efektshme edhe p\u00ebr sherimin infeksioneve n\u00eb mit\u00ebr dhe organeve gjenitale<\/li>\n<li>Kund\u00ebr djersitjes dhe aromrave t\u00eb pak\u00ebndshme t\u00eb trupit.<\/li>\n<\/ul>\n<h4>P\u00ebrgatitja:<\/h4>\n<p>Rozmarina gjen p\u00ebrdorim thuajse kudo, si er\u00ebz n\u00eb pjata t\u00eb ndryshme t\u00eb tilla si perime t\u00eb pjekura, mish apo peshk. Gjithashtu b\u00ebhet \u00e7aj i mrekulluesh\u00ebm q\u00eb mund t\u00eb kombinohet me limon dhe ti shtohet \u00ebmb\u00eblsues sipas d\u00ebshir\u00ebs.<\/p>\n","protected":false},"excerpt":{"rendered":"<p>Rozmarina nuk duhet t\u00eb mungoje n\u00eb sht\u00ebpit\u00eb tona p\u00ebrshkak t\u00eb jo vet\u00ebm benefiteve t\u00eb shumta sh\u00ebndetsore por edhe p\u00ebr arom\u00ebn e k\u00ebndshme dhe t\u00eb fresk\u00ebt q\u00eb ka.<\/p>\n","protected":false},"featured_media":6890,"comment_status":"open","ping_status":"closed","template":"","meta":{"_acf_changed":false,"inline_featured_image":false},"kategori-sipas-dietave":[89],"kategori-sipas-problemeve-shende":[],"product_brand":[32],"product_cat":[27,81],"product_tag":[],"class_list":{"0":"post-6860","1":"product","2":"type-product","3":"status-publish","4":"has-post-thumbnail","6":"kategori-sipas-dietave-vegan","7":"product_brand-bioagros","8":"product_cat-bime-mjekesore","9":"product_cat-caj-bime-mjekesore","11":"first","12":"instock","13":"taxable","14":"shipping-taxable","15":"purchasable","16":"product-type-simple"},"acf":[],"yoast_head":"<!-- This site is optimized with the Yoast SEO plugin v27.4 - https:\/\/yoast.com\/product\/yoast-seo-wordpress\/ -->\n<title>Rozmarin\u00eb Bio - Edesia<\/title>\n<meta name=\"robots\" content=\"index, follow, max-snippet:-1, max-image-preview:large, max-video-preview:-1\" \/>\n<link rel=\"canonical\" href=\"https:\/\/www.edesia.al\/?product=rozmarine-bio\" \/>\n<meta property=\"og:locale\" content=\"en_US\" \/>\n<meta property=\"og:type\" content=\"article\" \/>\n<meta property=\"og:title\" content=\"Rozmarin\u00eb Bio - Edesia\" \/>\n<meta property=\"og:description\" content=\"Rozmarina nuk duhet t\u00eb mungoje n\u00eb sht\u00ebpit\u00eb tona p\u00ebrshkak t\u00eb jo vet\u00ebm benefiteve t\u00eb shumta sh\u00ebndetsore por edhe p\u00ebr arom\u00ebn e k\u00ebndshme dhe t\u00eb fresk\u00ebt q\u00eb ka.\" \/>\n<meta property=\"og:url\" content=\"https:\/\/www.edesia.al\/?product=rozmarine-bio\" \/>\n<meta property=\"og:site_name\" content=\"Edesia\" \/>\n<meta property=\"article:modified_time\" content=\"2026-02-25T09:56:26+00:00\" \/>\n<meta property=\"og:image\" content=\"https:\/\/www.edesia.al\/wp-content\/uploads\/2026\/02\/Rozamarine-1.png\" \/>\n\t<meta property=\"og:image:width\" content=\"593\" \/>\n\t<meta property=\"og:image:height\" content=\"593\" \/>\n\t<meta property=\"og:image:type\" content=\"image\/png\" \/>\n<meta name=\"twitter:card\" content=\"summary_large_image\" \/>\n<meta name=\"twitter:label1\" content=\"Est. reading time\" \/>\n\t<meta name=\"twitter:data1\" content=\"1 minute\" \/>\n<script type=\"application\/ld+json\" class=\"yoast-schema-graph\">{\"@context\":\"https:\\\/\\\/schema.org\",\"@graph\":[{\"@type\":\"WebPage\",\"@id\":\"https:\\\/\\\/www.edesia.al\\\/?product=rozmarine-bio\",\"url\":\"https:\\\/\\\/www.edesia.al\\\/?product=rozmarine-bio\",\"name\":\"Rozmarin\u00eb Bio - Edesia\",\"isPartOf\":{\"@id\":\"https:\\\/\\\/www.edesia.al\\\/#website\"},\"primaryImageOfPage\":{\"@id\":\"https:\\\/\\\/www.edesia.al\\\/?product=rozmarine-bio#primaryimage\"},\"image\":{\"@id\":\"https:\\\/\\\/www.edesia.al\\\/?product=rozmarine-bio#primaryimage\"},\"thumbnailUrl\":\"https:\\\/\\\/www.edesia.al\\\/wp-content\\\/uploads\\\/2026\\\/02\\\/Rozamarine-1.png\",\"datePublished\":\"2026-02-16T21:11:02+00:00\",\"dateModified\":\"2026-02-25T09:56:26+00:00\",\"breadcrumb\":{\"@id\":\"https:\\\/\\\/www.edesia.al\\\/?product=rozmarine-bio#breadcrumb\"},\"inLanguage\":\"en-US\",\"potentialAction\":[{\"@type\":\"ReadAction\",\"target\":[\"https:\\\/\\\/www.edesia.al\\\/?product=rozmarine-bio\"]}]},{\"@type\":\"ImageObject\",\"inLanguage\":\"en-US\",\"@id\":\"https:\\\/\\\/www.edesia.al\\\/?product=rozmarine-bio#primaryimage\",\"url\":\"https:\\\/\\\/www.edesia.al\\\/wp-content\\\/uploads\\\/2026\\\/02\\\/Rozamarine-1.png\",\"contentUrl\":\"https:\\\/\\\/www.edesia.al\\\/wp-content\\\/uploads\\\/2026\\\/02\\\/Rozamarine-1.png\",\"width\":593,\"height\":593},{\"@type\":\"BreadcrumbList\",\"@id\":\"https:\\\/\\\/www.edesia.al\\\/?product=rozmarine-bio#breadcrumb\",\"itemListElement\":[{\"@type\":\"ListItem\",\"position\":1,\"name\":\"Home\",\"item\":\"https:\\\/\\\/www.edesia.al\\\/\"},{\"@type\":\"ListItem\",\"position\":2,\"name\":\"Dyqani\",\"item\":\"https:\\\/\\\/www.edesia.al\\\/?page_id=17\"},{\"@type\":\"ListItem\",\"position\":3,\"name\":\"Rozmarin\u00eb Bio\"}]},{\"@type\":\"WebSite\",\"@id\":\"https:\\\/\\\/www.edesia.al\\\/#website\",\"url\":\"https:\\\/\\\/www.edesia.al\\\/\",\"name\":\"Edesia\",\"description\":\"\",\"publisher\":{\"@id\":\"https:\\\/\\\/www.edesia.al\\\/#organization\"},\"potentialAction\":[{\"@type\":\"SearchAction\",\"target\":{\"@type\":\"EntryPoint\",\"urlTemplate\":\"https:\\\/\\\/www.edesia.al\\\/?s={search_term_string}\"},\"query-input\":{\"@type\":\"PropertyValueSpecification\",\"valueRequired\":true,\"valueName\":\"search_term_string\"}}],\"inLanguage\":\"en-US\"},{\"@type\":\"Organization\",\"@id\":\"https:\\\/\\\/www.edesia.al\\\/#organization\",\"name\":\"Edesia\",\"url\":\"https:\\\/\\\/www.edesia.al\\\/\",\"logo\":{\"@type\":\"ImageObject\",\"inLanguage\":\"en-US\",\"@id\":\"https:\\\/\\\/www.edesia.al\\\/#\\\/schema\\\/logo\\\/image\\\/\",\"url\":\"https:\\\/\\\/www.edesia.al\\\/wp-content\\\/uploads\\\/2026\\\/02\\\/Logo-Edesia-no-background.png\",\"contentUrl\":\"https:\\\/\\\/www.edesia.al\\\/wp-content\\\/uploads\\\/2026\\\/02\\\/Logo-Edesia-no-background.png\",\"width\":293,\"height\":158,\"caption\":\"Edesia\"},\"image\":{\"@id\":\"https:\\\/\\\/www.edesia.al\\\/#\\\/schema\\\/logo\\\/image\\\/\"}}]}<\/script>\n<!-- \/ Yoast SEO plugin. -->","yoast_head_json":{"title":"Rozmarin\u00eb Bio - Edesia","robots":{"index":"index","follow":"follow","max-snippet":"max-snippet:-1","max-image-preview":"max-image-preview:large","max-video-preview":"max-video-preview:-1"},"canonical":"https:\/\/www.edesia.al\/?product=rozmarine-bio","og_locale":"en_US","og_type":"article","og_title":"Rozmarin\u00eb Bio - Edesia","og_description":"Rozmarina nuk duhet t\u00eb mungoje n\u00eb sht\u00ebpit\u00eb tona p\u00ebrshkak t\u00eb jo vet\u00ebm benefiteve t\u00eb shumta sh\u00ebndetsore por edhe p\u00ebr arom\u00ebn e k\u00ebndshme dhe t\u00eb fresk\u00ebt q\u00eb ka.","og_url":"https:\/\/www.edesia.al\/?product=rozmarine-bio","og_site_name":"Edesia","article_modified_time":"2026-02-25T09:56:26+00:00","og_image":[{"width":593,"height":593,"url":"https:\/\/www.edesia.al\/wp-content\/uploads\/2026\/02\/Rozamarine-1.png","type":"image\/png"}],"twitter_card":"summary_large_image","twitter_misc":{"Est. reading time":"1 minute"},"schema":{"@context":"https:\/\/schema.org","@graph":[{"@type":"WebPage","@id":"https:\/\/www.edesia.al\/?product=rozmarine-bio","url":"https:\/\/www.edesia.al\/?product=rozmarine-bio","name":"Rozmarin\u00eb Bio - Edesia","isPartOf":{"@id":"https:\/\/www.edesia.al\/#website"},"primaryImageOfPage":{"@id":"https:\/\/www.edesia.al\/?product=rozmarine-bio#primaryimage"},"image":{"@id":"https:\/\/www.edesia.al\/?product=rozmarine-bio#primaryimage"},"thumbnailUrl":"https:\/\/www.edesia.al\/wp-content\/uploads\/2026\/02\/Rozamarine-1.png","datePublished":"2026-02-16T21:11:02+00:00","dateModified":"2026-02-25T09:56:26+00:00","breadcrumb":{"@id":"https:\/\/www.edesia.al\/?product=rozmarine-bio#breadcrumb"},"inLanguage":"en-US","potentialAction":[{"@type":"ReadAction","target":["https:\/\/www.edesia.al\/?product=rozmarine-bio"]}]},{"@type":"ImageObject","inLanguage":"en-US","@id":"https:\/\/www.edesia.al\/?product=rozmarine-bio#primaryimage","url":"https:\/\/www.edesia.al\/wp-content\/uploads\/2026\/02\/Rozamarine-1.png","contentUrl":"https:\/\/www.edesia.al\/wp-content\/uploads\/2026\/02\/Rozamarine-1.png","width":593,"height":593},{"@type":"BreadcrumbList","@id":"https:\/\/www.edesia.al\/?product=rozmarine-bio#breadcrumb","itemListElement":[{"@type":"ListItem","position":1,"name":"Home","item":"https:\/\/www.edesia.al\/"},{"@type":"ListItem","position":2,"name":"Dyqani","item":"https:\/\/www.edesia.al\/?page_id=17"},{"@type":"ListItem","position":3,"name":"Rozmarin\u00eb Bio"}]},{"@type":"WebSite","@id":"https:\/\/www.edesia.al\/#website","url":"https:\/\/www.edesia.al\/","name":"Edesia","description":"","publisher":{"@id":"https:\/\/www.edesia.al\/#organization"},"potentialAction":[{"@type":"SearchAction","target":{"@type":"EntryPoint","urlTemplate":"https:\/\/www.edesia.al\/?s={search_term_string}"},"query-input":{"@type":"PropertyValueSpecification","valueRequired":true,"valueName":"search_term_string"}}],"inLanguage":"en-US"},{"@type":"Organization","@id":"https:\/\/www.edesia.al\/#organization","name":"Edesia","url":"https:\/\/www.edesia.al\/","logo":{"@type":"ImageObject","inLanguage":"en-US","@id":"https:\/\/www.edesia.al\/#\/schema\/logo\/image\/","url":"https:\/\/www.edesia.al\/wp-content\/uploads\/2026\/02\/Logo-Edesia-no-background.png","contentUrl":"https:\/\/www.edesia.al\/wp-content\/uploads\/2026\/02\/Logo-Edesia-no-background.png","width":293,"height":158,"caption":"Edesia"},"image":{"@id":"https:\/\/www.edesia.al\/#\/schema\/logo\/image\/"}}]}},"_links":{"self":[{"href":"https:\/\/www.edesia.al\/index.php?rest_route=\/wp\/v2\/product\/6860","targetHints":{"allow":["GET"]}}],"collection":[{"href":"https:\/\/www.edesia.al\/index.php?rest_route=\/wp\/v2\/product"}],"about":[{"href":"https:\/\/www.edesia.al\/index.php?rest_route=\/wp\/v2\/types\/product"}],"replies":[{"embeddable":true,"href":"https:\/\/www.edesia.al\/index.php?rest_route=%2Fwp%2Fv2%2Fcomments&post=6860"}],"wp:featuredmedia":[{"embeddable":true,"href":"https:\/\/www.edesia.al\/index.php?rest_route=\/wp\/v2\/media\/6890"}],"wp:attachment":[{"href":"https:\/\/www.edesia.al\/index.php?rest_route=%2Fwp%2Fv2%2Fmedia&parent=6860"}],"wp:term":[{"taxonomy":"kategori-sipas-dietave","embeddable":true,"href":"https:\/\/www.edesia.al\/index.php?rest_route=%2Fwp%2Fv2%2Fkategori-sipas-dietave&post=6860"},{"taxonomy":"kategori-sipas-problemeve-shende","embeddable":true,"href":"https:\/\/www.edesia.al\/index.php?rest_route=%2Fwp%2Fv2%2Fkategori-sipas-problemeve-shende&post=6860"},{"taxonomy":"product_brand","embeddable":true,"href":"https:\/\/www.edesia.al\/index.php?rest_route=%2Fwp%2Fv2%2Fproduct_brand&post=6860"},{"taxonomy":"product_cat","embeddable":true,"href":"https:\/\/www.edesia.al\/index.php?rest_route=%2Fwp%2Fv2%2Fproduct_cat&post=6860"},{"taxonomy":"product_tag","embeddable":true,"href":"https:\/\/www.edesia.al\/index.php?rest_route=%2Fwp%2Fv2%2Fproduct_tag&post=6860"}],"curies":[{"name":"wp","href":"https:\/\/api.w.org\/{rel}","templated":true}]}}