{"id":6868,"date":"2026-02-16T21:11:04","date_gmt":"2026-02-16T21:11:04","guid":{"rendered":"https:\/\/www.edesia.al\/?post_type=product&#038;p=6868"},"modified":"2026-02-25T10:02:27","modified_gmt":"2026-02-25T10:02:27","slug":"maka-e-kuqe","status":"publish","type":"product","link":"https:\/\/www.edesia.al\/?product=maka-e-kuqe","title":{"rendered":"Maka e Kuqe"},"content":{"rendered":"<h3>Maka e Kuqe (100gr)<\/h3>\n<p>Maka pud\u00ebr \u00ebsht\u00eb nj\u00eb form\u00eb e ekstraktit t\u00eb rr\u00ebnj\u00ebve t\u00eb mak\u00ebs, e cila \u00ebsht\u00eb e njohur p\u00ebr vlerat e saj ushqyese dhe terapeutike. Maka pud\u00ebr p\u00ebrdoret si shtes\u00eb ushqyese p\u00ebr t\u00eb mb\u00ebshtetur sh\u00ebndetin e p\u00ebrgjithsh\u00ebm dhe p\u00ebr t\u00eb p\u00ebrmir\u00ebsuar performanc\u00ebn fizike dhe mendore.<\/p>\n<h4>P\u00ebrfitimet sh\u00ebndet\u00ebsore t\u00eb Mak\u00ebs :<\/h4>\n<ul>\n<li>Rritja e energjis\u00eb dhe mbijetes\u00ebs fizike<\/li>\n<\/ul>\n<p>Maka pud\u00ebr mund t\u00eb ndihmoj\u00eb n\u00eb rritjen e niveleve t\u00eb energjis\u00eb dhe n\u00eb p\u00ebrmir\u00ebsimin e performanc\u00ebs fizike, duke u b\u00ebr\u00eb nj\u00eb zgjedhje e mir\u00eb p\u00ebr atlet\u00ebt dhe personat aktiv\u00eb.<\/p>\n<ul>\n<li>P\u00ebrmir\u00ebsimi i funksionit seksual dhe hormonal<\/li>\n<\/ul>\n<p>Maka pud\u00ebr \u00ebsht\u00eb nj\u00eb shtojc\u00eb e njohur p\u00ebr mb\u00ebshtetjen e funksionit seksual dhe p\u00ebr rregullimin e niveleve t\u00eb hormoneve n\u00eb trup. Studimet kan\u00eb treguar se konsumimi i mak\u00ebs mund t\u00eb ndihmoj\u00eb n\u00eb p\u00ebrmir\u00ebsimin e libidos dhe n\u00eb rregullimin e ciklit menstrual.<\/p>\n<ul>\n<li>Ndihmon n\u00eb rregullimin e niveleve t\u00eb sheqerit n\u00eb gjak<\/li>\n<\/ul>\n<p>Maka pud\u00ebr mund t\u00eb ndihmoj\u00eb n\u00eb stabilizimin e niveleve t\u00eb sheqerit n\u00eb gjak dhe n\u00eb rregullimin e rrezikut t\u00eb zhvillimit t\u00eb diabetit.<\/p>\n<ul>\n<li>Mb\u00ebshtet sh\u00ebndetin e zorr\u00ebve<\/li>\n<\/ul>\n<p>Maka pud\u00ebr p\u00ebrmban fibra t\u00eb r\u00ebnd\u00ebsishme p\u00ebr sh\u00ebndetin e zorr\u00ebve, t\u00eb cilat mund t\u00eb ndihmojn\u00eb n\u00eb mb\u00ebshtetjen e sistemit t\u00eb tretjes dhe n\u00eb uljen e rrezikut t\u00eb kancerit t\u00eb zorr\u00ebve.<\/p>\n<h4>P\u00ebrdorimi:<\/h4>\n<p>Maka pud\u00ebr mund t\u00eb p\u00ebrdoret si shtes\u00eb ushqyese n\u00eb pije t\u00eb ndryshme, smoothie, ose ushqime t\u00eb tjera p\u00ebr t\u00eb mb\u00ebshtetur sh\u00ebndetin e p\u00ebrgjithsh\u00ebm dhe p\u00ebr t\u00eb p\u00ebrfituar nga vlerat e saj ushqyese dhe terapeutike.<\/p>\n<p>&nbsp;<\/p>\n","protected":false},"excerpt":{"rendered":"<p>Maka e Kuqe (100gr) Maka pud\u00ebr \u00ebsht\u00eb nj\u00eb form\u00eb e ekstraktit t\u00eb rr\u00ebnj\u00ebve t\u00eb mak\u00ebs, e cila \u00ebsht\u00eb e njohur p\u00ebr vlerat e saj ushqyese dhe terapeutike. Maka pud\u00ebr p\u00ebrdoret si shtes\u00eb ushqyese p\u00ebr t\u00eb mb\u00ebshtetur sh\u00ebndetin e p\u00ebrgjithsh\u00ebm dhe p\u00ebr t\u00eb p\u00ebrmir\u00ebsuar performanc\u00ebn fizike dhe mendore. P\u00ebrfitimet sh\u00ebndet\u00ebsore t\u00eb Mak\u00ebs : Rritja e energjis\u00eb[&#8230;]<\/p>\n","protected":false},"featured_media":6897,"comment_status":"open","ping_status":"closed","template":"","meta":{"_acf_changed":false,"inline_featured_image":false},"kategori-sipas-dietave":[89],"kategori-sipas-problemeve-shende":[84],"product_brand":[32],"product_cat":[28,80],"product_tag":[173],"class_list":{"0":"post-6868","1":"product","2":"type-product","3":"status-publish","4":"has-post-thumbnail","6":"kategori-sipas-dietave-vegan","7":"kategori-sipas-problemeve-shende-suport-hormonal","8":"product_brand-bioagros","9":"product_cat-superfoods","10":"product_cat-suplemente-superfoods","11":"product_tag-maka","13":"first","14":"outofstock","15":"taxable","16":"shipping-taxable","17":"purchasable","18":"product-type-simple"},"acf":[],"yoast_head":"<!-- This site is optimized with the Yoast SEO plugin v27.4 - https:\/\/yoast.com\/product\/yoast-seo-wordpress\/ -->\n<title>Maka e Kuqe - Edesia<\/title>\n<meta name=\"robots\" content=\"index, follow, max-snippet:-1, max-image-preview:large, max-video-preview:-1\" \/>\n<link rel=\"canonical\" href=\"https:\/\/www.edesia.al\/?product=maka-e-kuqe\" \/>\n<meta property=\"og:locale\" content=\"en_US\" \/>\n<meta property=\"og:type\" content=\"article\" \/>\n<meta property=\"og:title\" content=\"Maka e Kuqe - Edesia\" \/>\n<meta property=\"og:description\" content=\"Maka e Kuqe (100gr) Maka pud\u00ebr \u00ebsht\u00eb nj\u00eb form\u00eb e ekstraktit t\u00eb rr\u00ebnj\u00ebve t\u00eb mak\u00ebs, e cila \u00ebsht\u00eb e njohur p\u00ebr vlerat e saj ushqyese dhe terapeutike. Maka pud\u00ebr p\u00ebrdoret si shtes\u00eb ushqyese p\u00ebr t\u00eb mb\u00ebshtetur sh\u00ebndetin e p\u00ebrgjithsh\u00ebm dhe p\u00ebr t\u00eb p\u00ebrmir\u00ebsuar performanc\u00ebn fizike dhe mendore. P\u00ebrfitimet sh\u00ebndet\u00ebsore t\u00eb Mak\u00ebs : Rritja e energjis\u00eb[...]\" \/>\n<meta property=\"og:url\" content=\"https:\/\/www.edesia.al\/?product=maka-e-kuqe\" \/>\n<meta property=\"og:site_name\" content=\"Edesia\" \/>\n<meta property=\"article:modified_time\" content=\"2026-02-25T10:02:27+00:00\" \/>\n<meta property=\"og:image\" content=\"https:\/\/www.edesia.al\/wp-content\/uploads\/2026\/02\/Maka-e-Kuqe-1.png\" \/>\n\t<meta property=\"og:image:width\" content=\"593\" \/>\n\t<meta property=\"og:image:height\" content=\"593\" \/>\n\t<meta property=\"og:image:type\" content=\"image\/png\" \/>\n<meta name=\"twitter:card\" content=\"summary_large_image\" \/>\n<meta name=\"twitter:label1\" content=\"Est. reading time\" \/>\n\t<meta name=\"twitter:data1\" content=\"1 minute\" \/>\n<script type=\"application\/ld+json\" class=\"yoast-schema-graph\">{\"@context\":\"https:\\\/\\\/schema.org\",\"@graph\":[{\"@type\":\"WebPage\",\"@id\":\"https:\\\/\\\/www.edesia.al\\\/?product=maka-e-kuqe\",\"url\":\"https:\\\/\\\/www.edesia.al\\\/?product=maka-e-kuqe\",\"name\":\"Maka e Kuqe - Edesia\",\"isPartOf\":{\"@id\":\"https:\\\/\\\/www.edesia.al\\\/#website\"},\"primaryImageOfPage\":{\"@id\":\"https:\\\/\\\/www.edesia.al\\\/?product=maka-e-kuqe#primaryimage\"},\"image\":{\"@id\":\"https:\\\/\\\/www.edesia.al\\\/?product=maka-e-kuqe#primaryimage\"},\"thumbnailUrl\":\"https:\\\/\\\/www.edesia.al\\\/wp-content\\\/uploads\\\/2026\\\/02\\\/Maka-e-Kuqe-1.png\",\"datePublished\":\"2026-02-16T21:11:04+00:00\",\"dateModified\":\"2026-02-25T10:02:27+00:00\",\"breadcrumb\":{\"@id\":\"https:\\\/\\\/www.edesia.al\\\/?product=maka-e-kuqe#breadcrumb\"},\"inLanguage\":\"en-US\",\"potentialAction\":[{\"@type\":\"ReadAction\",\"target\":[\"https:\\\/\\\/www.edesia.al\\\/?product=maka-e-kuqe\"]}]},{\"@type\":\"ImageObject\",\"inLanguage\":\"en-US\",\"@id\":\"https:\\\/\\\/www.edesia.al\\\/?product=maka-e-kuqe#primaryimage\",\"url\":\"https:\\\/\\\/www.edesia.al\\\/wp-content\\\/uploads\\\/2026\\\/02\\\/Maka-e-Kuqe-1.png\",\"contentUrl\":\"https:\\\/\\\/www.edesia.al\\\/wp-content\\\/uploads\\\/2026\\\/02\\\/Maka-e-Kuqe-1.png\",\"width\":593,\"height\":593},{\"@type\":\"BreadcrumbList\",\"@id\":\"https:\\\/\\\/www.edesia.al\\\/?product=maka-e-kuqe#breadcrumb\",\"itemListElement\":[{\"@type\":\"ListItem\",\"position\":1,\"name\":\"Home\",\"item\":\"https:\\\/\\\/www.edesia.al\\\/\"},{\"@type\":\"ListItem\",\"position\":2,\"name\":\"Dyqani\",\"item\":\"https:\\\/\\\/www.edesia.al\\\/?page_id=17\"},{\"@type\":\"ListItem\",\"position\":3,\"name\":\"Maka e Kuqe\"}]},{\"@type\":\"WebSite\",\"@id\":\"https:\\\/\\\/www.edesia.al\\\/#website\",\"url\":\"https:\\\/\\\/www.edesia.al\\\/\",\"name\":\"Edesia\",\"description\":\"\",\"publisher\":{\"@id\":\"https:\\\/\\\/www.edesia.al\\\/#organization\"},\"potentialAction\":[{\"@type\":\"SearchAction\",\"target\":{\"@type\":\"EntryPoint\",\"urlTemplate\":\"https:\\\/\\\/www.edesia.al\\\/?s={search_term_string}\"},\"query-input\":{\"@type\":\"PropertyValueSpecification\",\"valueRequired\":true,\"valueName\":\"search_term_string\"}}],\"inLanguage\":\"en-US\"},{\"@type\":\"Organization\",\"@id\":\"https:\\\/\\\/www.edesia.al\\\/#organization\",\"name\":\"Edesia\",\"url\":\"https:\\\/\\\/www.edesia.al\\\/\",\"logo\":{\"@type\":\"ImageObject\",\"inLanguage\":\"en-US\",\"@id\":\"https:\\\/\\\/www.edesia.al\\\/#\\\/schema\\\/logo\\\/image\\\/\",\"url\":\"https:\\\/\\\/www.edesia.al\\\/wp-content\\\/uploads\\\/2026\\\/02\\\/Logo-Edesia-no-background.png\",\"contentUrl\":\"https:\\\/\\\/www.edesia.al\\\/wp-content\\\/uploads\\\/2026\\\/02\\\/Logo-Edesia-no-background.png\",\"width\":293,\"height\":158,\"caption\":\"Edesia\"},\"image\":{\"@id\":\"https:\\\/\\\/www.edesia.al\\\/#\\\/schema\\\/logo\\\/image\\\/\"}}]}<\/script>\n<!-- \/ Yoast SEO plugin. -->","yoast_head_json":{"title":"Maka e Kuqe - Edesia","robots":{"index":"index","follow":"follow","max-snippet":"max-snippet:-1","max-image-preview":"max-image-preview:large","max-video-preview":"max-video-preview:-1"},"canonical":"https:\/\/www.edesia.al\/?product=maka-e-kuqe","og_locale":"en_US","og_type":"article","og_title":"Maka e Kuqe - Edesia","og_description":"Maka e Kuqe (100gr) Maka pud\u00ebr \u00ebsht\u00eb nj\u00eb form\u00eb e ekstraktit t\u00eb rr\u00ebnj\u00ebve t\u00eb mak\u00ebs, e cila \u00ebsht\u00eb e njohur p\u00ebr vlerat e saj ushqyese dhe terapeutike. Maka pud\u00ebr p\u00ebrdoret si shtes\u00eb ushqyese p\u00ebr t\u00eb mb\u00ebshtetur sh\u00ebndetin e p\u00ebrgjithsh\u00ebm dhe p\u00ebr t\u00eb p\u00ebrmir\u00ebsuar performanc\u00ebn fizike dhe mendore. P\u00ebrfitimet sh\u00ebndet\u00ebsore t\u00eb Mak\u00ebs : Rritja e energjis\u00eb[...]","og_url":"https:\/\/www.edesia.al\/?product=maka-e-kuqe","og_site_name":"Edesia","article_modified_time":"2026-02-25T10:02:27+00:00","og_image":[{"width":593,"height":593,"url":"https:\/\/www.edesia.al\/wp-content\/uploads\/2026\/02\/Maka-e-Kuqe-1.png","type":"image\/png"}],"twitter_card":"summary_large_image","twitter_misc":{"Est. reading time":"1 minute"},"schema":{"@context":"https:\/\/schema.org","@graph":[{"@type":"WebPage","@id":"https:\/\/www.edesia.al\/?product=maka-e-kuqe","url":"https:\/\/www.edesia.al\/?product=maka-e-kuqe","name":"Maka e Kuqe - Edesia","isPartOf":{"@id":"https:\/\/www.edesia.al\/#website"},"primaryImageOfPage":{"@id":"https:\/\/www.edesia.al\/?product=maka-e-kuqe#primaryimage"},"image":{"@id":"https:\/\/www.edesia.al\/?product=maka-e-kuqe#primaryimage"},"thumbnailUrl":"https:\/\/www.edesia.al\/wp-content\/uploads\/2026\/02\/Maka-e-Kuqe-1.png","datePublished":"2026-02-16T21:11:04+00:00","dateModified":"2026-02-25T10:02:27+00:00","breadcrumb":{"@id":"https:\/\/www.edesia.al\/?product=maka-e-kuqe#breadcrumb"},"inLanguage":"en-US","potentialAction":[{"@type":"ReadAction","target":["https:\/\/www.edesia.al\/?product=maka-e-kuqe"]}]},{"@type":"ImageObject","inLanguage":"en-US","@id":"https:\/\/www.edesia.al\/?product=maka-e-kuqe#primaryimage","url":"https:\/\/www.edesia.al\/wp-content\/uploads\/2026\/02\/Maka-e-Kuqe-1.png","contentUrl":"https:\/\/www.edesia.al\/wp-content\/uploads\/2026\/02\/Maka-e-Kuqe-1.png","width":593,"height":593},{"@type":"BreadcrumbList","@id":"https:\/\/www.edesia.al\/?product=maka-e-kuqe#breadcrumb","itemListElement":[{"@type":"ListItem","position":1,"name":"Home","item":"https:\/\/www.edesia.al\/"},{"@type":"ListItem","position":2,"name":"Dyqani","item":"https:\/\/www.edesia.al\/?page_id=17"},{"@type":"ListItem","position":3,"name":"Maka e Kuqe"}]},{"@type":"WebSite","@id":"https:\/\/www.edesia.al\/#website","url":"https:\/\/www.edesia.al\/","name":"Edesia","description":"","publisher":{"@id":"https:\/\/www.edesia.al\/#organization"},"potentialAction":[{"@type":"SearchAction","target":{"@type":"EntryPoint","urlTemplate":"https:\/\/www.edesia.al\/?s={search_term_string}"},"query-input":{"@type":"PropertyValueSpecification","valueRequired":true,"valueName":"search_term_string"}}],"inLanguage":"en-US"},{"@type":"Organization","@id":"https:\/\/www.edesia.al\/#organization","name":"Edesia","url":"https:\/\/www.edesia.al\/","logo":{"@type":"ImageObject","inLanguage":"en-US","@id":"https:\/\/www.edesia.al\/#\/schema\/logo\/image\/","url":"https:\/\/www.edesia.al\/wp-content\/uploads\/2026\/02\/Logo-Edesia-no-background.png","contentUrl":"https:\/\/www.edesia.al\/wp-content\/uploads\/2026\/02\/Logo-Edesia-no-background.png","width":293,"height":158,"caption":"Edesia"},"image":{"@id":"https:\/\/www.edesia.al\/#\/schema\/logo\/image\/"}}]}},"_links":{"self":[{"href":"https:\/\/www.edesia.al\/index.php?rest_route=\/wp\/v2\/product\/6868","targetHints":{"allow":["GET"]}}],"collection":[{"href":"https:\/\/www.edesia.al\/index.php?rest_route=\/wp\/v2\/product"}],"about":[{"href":"https:\/\/www.edesia.al\/index.php?rest_route=\/wp\/v2\/types\/product"}],"replies":[{"embeddable":true,"href":"https:\/\/www.edesia.al\/index.php?rest_route=%2Fwp%2Fv2%2Fcomments&post=6868"}],"wp:featuredmedia":[{"embeddable":true,"href":"https:\/\/www.edesia.al\/index.php?rest_route=\/wp\/v2\/media\/6897"}],"wp:attachment":[{"href":"https:\/\/www.edesia.al\/index.php?rest_route=%2Fwp%2Fv2%2Fmedia&parent=6868"}],"wp:term":[{"taxonomy":"kategori-sipas-dietave","embeddable":true,"href":"https:\/\/www.edesia.al\/index.php?rest_route=%2Fwp%2Fv2%2Fkategori-sipas-dietave&post=6868"},{"taxonomy":"kategori-sipas-problemeve-shende","embeddable":true,"href":"https:\/\/www.edesia.al\/index.php?rest_route=%2Fwp%2Fv2%2Fkategori-sipas-problemeve-shende&post=6868"},{"taxonomy":"product_brand","embeddable":true,"href":"https:\/\/www.edesia.al\/index.php?rest_route=%2Fwp%2Fv2%2Fproduct_brand&post=6868"},{"taxonomy":"product_cat","embeddable":true,"href":"https:\/\/www.edesia.al\/index.php?rest_route=%2Fwp%2Fv2%2Fproduct_cat&post=6868"},{"taxonomy":"product_tag","embeddable":true,"href":"https:\/\/www.edesia.al\/index.php?rest_route=%2Fwp%2Fv2%2Fproduct_tag&post=6868"}],"curies":[{"name":"wp","href":"https:\/\/api.w.org\/{rel}","templated":true}]}}