{"id":6877,"date":"2026-02-16T21:11:05","date_gmt":"2026-02-16T21:11:05","guid":{"rendered":"https:\/\/www.edesia.al\/?post_type=product&#038;p=6877"},"modified":"2026-02-25T10:06:16","modified_gmt":"2026-02-25T10:06:16","slug":"aronia-berries","status":"publish","type":"product","link":"https:\/\/www.edesia.al\/?product=aronia-berries","title":{"rendered":"Aronia Berries"},"content":{"rendered":"<h3>Aronia Berries (100gr)<\/h3>\n<p>Aronia Berries, t\u00eb njohura edhe si &#8220;chokeberries&#8221; n\u00eb anglisht, jan\u00eb fruta t\u00eb vogla t\u00eb zeaza q\u00eb vijn\u00eb nga bim\u00ebt e gjalla t\u00eb llojit Aronia. K\u00ebto fruta p\u00ebrmbajn\u00eb nj\u00eb gam\u00eb t\u00eb gjer\u00eb t\u00eb antioksidant\u00ebve, vitaminave dhe mineraleve, duke i b\u00ebr\u00eb ato t\u00eb dobishme p\u00ebr sh\u00ebndetin.<\/p>\n<h4>P\u00ebrfitimet sh\u00ebndet\u00ebsore t\u00eb aronoia berries:<\/h4>\n<ul>\n<li>I pasur me antioksidant\u00eb<\/li>\n<\/ul>\n<p>Aronia berries jan\u00eb t\u00eb pasura me antioksidant\u00eb, t\u00eb cil\u00ebt ndihmojn\u00eb n\u00eb luftimin e d\u00ebmtimit oksidativ n\u00eb trup. K\u00ebta antioksidant\u00eb ndihmojn\u00eb n\u00eb parandalimin e s\u00ebmundjeve t\u00eb ndryshme, si\u00e7 jan\u00eb diabeti, s\u00ebmundjet kardiovaskulare dhe kanceri.<\/p>\n<ul>\n<li>P\u00ebrmir\u00ebson sh\u00ebndetin e zemr\u00ebs<\/li>\n<\/ul>\n<p>Aronia berries jan\u00eb t\u00eb pasura me antocijanina, nj\u00eb lloj antioksidanti q\u00eb ndihmon n\u00eb rritjen e niveleve t\u00eb HDL kolestrolit, q\u00eb \u00ebsht\u00eb nj\u00eb lloj kolestrolit i mir\u00eb p\u00ebr sh\u00ebndetin e zemr\u00ebs.<\/p>\n<ul>\n<li>Ndihmon n\u00eb rregullimin e sheqerit n\u00eb gjak<\/li>\n<\/ul>\n<p>Aronia berries p\u00ebrmbajn\u00eb fibra, t\u00eb cilat ndihmojn\u00eb n\u00eb rregullimin e sheqerit n\u00eb gjak dhe n\u00eb kontrollimin e niveleve t\u00eb sheqerit n\u00eb trup. Kjo i b\u00ebn ato t\u00eb dobishme p\u00ebr njer\u00ebzit q\u00eb vuajn\u00eb nga diabeti ose nga nivelet e larta t\u00eb sheqerit n\u00eb gjak.<\/p>\n<ul>\n<li>Ndihmon n\u00eb rritjen e sistemit imunitar<\/li>\n<\/ul>\n<p>Aronia berries p\u00ebrmbajn\u00eb vitamin C, nj\u00eb vitamin q\u00eb ndihmon n\u00eb rritjen e sistemit imunitar dhe n\u00eb luftimin e infeksioneve dhe s\u00ebmundjeve.<\/p>\n<ul>\n<li>P\u00ebrmir\u00ebson funksionin e trurit<\/li>\n<\/ul>\n<p>Aronia berries p\u00ebrmbajn\u00eb acid elagjik, nj\u00eb lloj antioksidanti q\u00eb mund t\u00eb ndihmoj\u00eb n\u00eb mbrojtjen e trurit nga d\u00ebmtimi oksidativ dhe n\u00eb p\u00ebrmir\u00ebsimin e funksionit t\u00eb tij.<\/p>\n<ul>\n<li>Ndihmon n\u00eb rregullimin e traktit tret\u00ebs<\/li>\n<\/ul>\n<p>Aronia berries p\u00ebrmbajn\u00eb fibrat dhe antioksidant\u00ebt q\u00eb mund t\u00eb ndihmojn\u00eb n\u00eb rregullimin e traktit tret\u00ebs dhe n\u00eb parandalimin e problemeve si kapsll\u00ebku dhe diarreja.<\/p>\n","protected":false},"excerpt":{"rendered":"<p>Aronia Berries (100gr) Aronia Berries, t\u00eb njohura edhe si &#8220;chokeberries&#8221; n\u00eb anglisht, jan\u00eb fruta t\u00eb vogla t\u00eb zeaza q\u00eb vijn\u00eb nga bim\u00ebt e gjalla t\u00eb llojit Aronia. K\u00ebto fruta p\u00ebrmbajn\u00eb nj\u00eb gam\u00eb t\u00eb gjer\u00eb t\u00eb antioksidant\u00ebve, vitaminave dhe mineraleve, duke i b\u00ebr\u00eb ato t\u00eb dobishme p\u00ebr sh\u00ebndetin. P\u00ebrfitimet sh\u00ebndet\u00ebsore t\u00eb aronoia berries: I pasur me[&#8230;]<\/p>\n","protected":false},"featured_media":6905,"comment_status":"open","ping_status":"closed","template":"","meta":{"_acf_changed":false,"inline_featured_image":false},"kategori-sipas-dietave":[89],"kategori-sipas-problemeve-shende":[85],"product_brand":[32],"product_cat":[81,43,31,28],"product_tag":[],"class_list":{"0":"post-6877","1":"product","2":"type-product","3":"status-publish","4":"has-post-thumbnail","6":"kategori-sipas-dietave-vegan","7":"kategori-sipas-problemeve-shende-imuniteti","8":"product_brand-bioagros","9":"product_cat-caj-bime-mjekesore","10":"product_cat-cajra","11":"product_cat-fruta-te-thata","12":"product_cat-superfoods","14":"first","15":"instock","16":"taxable","17":"shipping-taxable","18":"purchasable","19":"product-type-simple"},"acf":[],"yoast_head":"<!-- This site is optimized with the Yoast SEO plugin v27.4 - https:\/\/yoast.com\/product\/yoast-seo-wordpress\/ -->\n<title>Aronia Berries - Edesia<\/title>\n<meta name=\"robots\" content=\"index, follow, max-snippet:-1, max-image-preview:large, max-video-preview:-1\" \/>\n<link rel=\"canonical\" href=\"https:\/\/www.edesia.al\/?product=aronia-berries\" \/>\n<meta property=\"og:locale\" content=\"en_US\" \/>\n<meta property=\"og:type\" content=\"article\" \/>\n<meta property=\"og:title\" content=\"Aronia Berries - Edesia\" \/>\n<meta property=\"og:description\" content=\"Aronia Berries (100gr) Aronia Berries, t\u00eb njohura edhe si &#8220;chokeberries&#8221; n\u00eb anglisht, jan\u00eb fruta t\u00eb vogla t\u00eb zeaza q\u00eb vijn\u00eb nga bim\u00ebt e gjalla t\u00eb llojit Aronia. K\u00ebto fruta p\u00ebrmbajn\u00eb nj\u00eb gam\u00eb t\u00eb gjer\u00eb t\u00eb antioksidant\u00ebve, vitaminave dhe mineraleve, duke i b\u00ebr\u00eb ato t\u00eb dobishme p\u00ebr sh\u00ebndetin. P\u00ebrfitimet sh\u00ebndet\u00ebsore t\u00eb aronoia berries: I pasur me[...]\" \/>\n<meta property=\"og:url\" content=\"https:\/\/www.edesia.al\/?product=aronia-berries\" \/>\n<meta property=\"og:site_name\" content=\"Edesia\" \/>\n<meta property=\"article:modified_time\" content=\"2026-02-25T10:06:16+00:00\" \/>\n<meta property=\"og:image\" content=\"https:\/\/www.edesia.al\/wp-content\/uploads\/2026\/02\/Aronia-Berries-1.png\" \/>\n\t<meta property=\"og:image:width\" content=\"593\" \/>\n\t<meta property=\"og:image:height\" content=\"593\" \/>\n\t<meta property=\"og:image:type\" content=\"image\/png\" \/>\n<meta name=\"twitter:card\" content=\"summary_large_image\" \/>\n<meta name=\"twitter:label1\" content=\"Est. reading time\" \/>\n\t<meta name=\"twitter:data1\" content=\"1 minute\" \/>\n<script type=\"application\/ld+json\" class=\"yoast-schema-graph\">{\"@context\":\"https:\\\/\\\/schema.org\",\"@graph\":[{\"@type\":\"WebPage\",\"@id\":\"https:\\\/\\\/www.edesia.al\\\/?product=aronia-berries\",\"url\":\"https:\\\/\\\/www.edesia.al\\\/?product=aronia-berries\",\"name\":\"Aronia Berries - Edesia\",\"isPartOf\":{\"@id\":\"https:\\\/\\\/www.edesia.al\\\/#website\"},\"primaryImageOfPage\":{\"@id\":\"https:\\\/\\\/www.edesia.al\\\/?product=aronia-berries#primaryimage\"},\"image\":{\"@id\":\"https:\\\/\\\/www.edesia.al\\\/?product=aronia-berries#primaryimage\"},\"thumbnailUrl\":\"https:\\\/\\\/www.edesia.al\\\/wp-content\\\/uploads\\\/2026\\\/02\\\/Aronia-Berries-1.png\",\"datePublished\":\"2026-02-16T21:11:05+00:00\",\"dateModified\":\"2026-02-25T10:06:16+00:00\",\"breadcrumb\":{\"@id\":\"https:\\\/\\\/www.edesia.al\\\/?product=aronia-berries#breadcrumb\"},\"inLanguage\":\"en-US\",\"potentialAction\":[{\"@type\":\"ReadAction\",\"target\":[\"https:\\\/\\\/www.edesia.al\\\/?product=aronia-berries\"]}]},{\"@type\":\"ImageObject\",\"inLanguage\":\"en-US\",\"@id\":\"https:\\\/\\\/www.edesia.al\\\/?product=aronia-berries#primaryimage\",\"url\":\"https:\\\/\\\/www.edesia.al\\\/wp-content\\\/uploads\\\/2026\\\/02\\\/Aronia-Berries-1.png\",\"contentUrl\":\"https:\\\/\\\/www.edesia.al\\\/wp-content\\\/uploads\\\/2026\\\/02\\\/Aronia-Berries-1.png\",\"width\":593,\"height\":593},{\"@type\":\"BreadcrumbList\",\"@id\":\"https:\\\/\\\/www.edesia.al\\\/?product=aronia-berries#breadcrumb\",\"itemListElement\":[{\"@type\":\"ListItem\",\"position\":1,\"name\":\"Home\",\"item\":\"https:\\\/\\\/www.edesia.al\\\/\"},{\"@type\":\"ListItem\",\"position\":2,\"name\":\"Dyqani\",\"item\":\"https:\\\/\\\/www.edesia.al\\\/?page_id=17\"},{\"@type\":\"ListItem\",\"position\":3,\"name\":\"Aronia Berries\"}]},{\"@type\":\"WebSite\",\"@id\":\"https:\\\/\\\/www.edesia.al\\\/#website\",\"url\":\"https:\\\/\\\/www.edesia.al\\\/\",\"name\":\"Edesia\",\"description\":\"\",\"publisher\":{\"@id\":\"https:\\\/\\\/www.edesia.al\\\/#organization\"},\"potentialAction\":[{\"@type\":\"SearchAction\",\"target\":{\"@type\":\"EntryPoint\",\"urlTemplate\":\"https:\\\/\\\/www.edesia.al\\\/?s={search_term_string}\"},\"query-input\":{\"@type\":\"PropertyValueSpecification\",\"valueRequired\":true,\"valueName\":\"search_term_string\"}}],\"inLanguage\":\"en-US\"},{\"@type\":\"Organization\",\"@id\":\"https:\\\/\\\/www.edesia.al\\\/#organization\",\"name\":\"Edesia\",\"url\":\"https:\\\/\\\/www.edesia.al\\\/\",\"logo\":{\"@type\":\"ImageObject\",\"inLanguage\":\"en-US\",\"@id\":\"https:\\\/\\\/www.edesia.al\\\/#\\\/schema\\\/logo\\\/image\\\/\",\"url\":\"https:\\\/\\\/www.edesia.al\\\/wp-content\\\/uploads\\\/2026\\\/02\\\/Logo-Edesia-no-background.png\",\"contentUrl\":\"https:\\\/\\\/www.edesia.al\\\/wp-content\\\/uploads\\\/2026\\\/02\\\/Logo-Edesia-no-background.png\",\"width\":293,\"height\":158,\"caption\":\"Edesia\"},\"image\":{\"@id\":\"https:\\\/\\\/www.edesia.al\\\/#\\\/schema\\\/logo\\\/image\\\/\"}}]}<\/script>\n<!-- \/ Yoast SEO plugin. -->","yoast_head_json":{"title":"Aronia Berries - Edesia","robots":{"index":"index","follow":"follow","max-snippet":"max-snippet:-1","max-image-preview":"max-image-preview:large","max-video-preview":"max-video-preview:-1"},"canonical":"https:\/\/www.edesia.al\/?product=aronia-berries","og_locale":"en_US","og_type":"article","og_title":"Aronia Berries - Edesia","og_description":"Aronia Berries (100gr) Aronia Berries, t\u00eb njohura edhe si &#8220;chokeberries&#8221; n\u00eb anglisht, jan\u00eb fruta t\u00eb vogla t\u00eb zeaza q\u00eb vijn\u00eb nga bim\u00ebt e gjalla t\u00eb llojit Aronia. K\u00ebto fruta p\u00ebrmbajn\u00eb nj\u00eb gam\u00eb t\u00eb gjer\u00eb t\u00eb antioksidant\u00ebve, vitaminave dhe mineraleve, duke i b\u00ebr\u00eb ato t\u00eb dobishme p\u00ebr sh\u00ebndetin. P\u00ebrfitimet sh\u00ebndet\u00ebsore t\u00eb aronoia berries: I pasur me[...]","og_url":"https:\/\/www.edesia.al\/?product=aronia-berries","og_site_name":"Edesia","article_modified_time":"2026-02-25T10:06:16+00:00","og_image":[{"width":593,"height":593,"url":"https:\/\/www.edesia.al\/wp-content\/uploads\/2026\/02\/Aronia-Berries-1.png","type":"image\/png"}],"twitter_card":"summary_large_image","twitter_misc":{"Est. reading time":"1 minute"},"schema":{"@context":"https:\/\/schema.org","@graph":[{"@type":"WebPage","@id":"https:\/\/www.edesia.al\/?product=aronia-berries","url":"https:\/\/www.edesia.al\/?product=aronia-berries","name":"Aronia Berries - Edesia","isPartOf":{"@id":"https:\/\/www.edesia.al\/#website"},"primaryImageOfPage":{"@id":"https:\/\/www.edesia.al\/?product=aronia-berries#primaryimage"},"image":{"@id":"https:\/\/www.edesia.al\/?product=aronia-berries#primaryimage"},"thumbnailUrl":"https:\/\/www.edesia.al\/wp-content\/uploads\/2026\/02\/Aronia-Berries-1.png","datePublished":"2026-02-16T21:11:05+00:00","dateModified":"2026-02-25T10:06:16+00:00","breadcrumb":{"@id":"https:\/\/www.edesia.al\/?product=aronia-berries#breadcrumb"},"inLanguage":"en-US","potentialAction":[{"@type":"ReadAction","target":["https:\/\/www.edesia.al\/?product=aronia-berries"]}]},{"@type":"ImageObject","inLanguage":"en-US","@id":"https:\/\/www.edesia.al\/?product=aronia-berries#primaryimage","url":"https:\/\/www.edesia.al\/wp-content\/uploads\/2026\/02\/Aronia-Berries-1.png","contentUrl":"https:\/\/www.edesia.al\/wp-content\/uploads\/2026\/02\/Aronia-Berries-1.png","width":593,"height":593},{"@type":"BreadcrumbList","@id":"https:\/\/www.edesia.al\/?product=aronia-berries#breadcrumb","itemListElement":[{"@type":"ListItem","position":1,"name":"Home","item":"https:\/\/www.edesia.al\/"},{"@type":"ListItem","position":2,"name":"Dyqani","item":"https:\/\/www.edesia.al\/?page_id=17"},{"@type":"ListItem","position":3,"name":"Aronia Berries"}]},{"@type":"WebSite","@id":"https:\/\/www.edesia.al\/#website","url":"https:\/\/www.edesia.al\/","name":"Edesia","description":"","publisher":{"@id":"https:\/\/www.edesia.al\/#organization"},"potentialAction":[{"@type":"SearchAction","target":{"@type":"EntryPoint","urlTemplate":"https:\/\/www.edesia.al\/?s={search_term_string}"},"query-input":{"@type":"PropertyValueSpecification","valueRequired":true,"valueName":"search_term_string"}}],"inLanguage":"en-US"},{"@type":"Organization","@id":"https:\/\/www.edesia.al\/#organization","name":"Edesia","url":"https:\/\/www.edesia.al\/","logo":{"@type":"ImageObject","inLanguage":"en-US","@id":"https:\/\/www.edesia.al\/#\/schema\/logo\/image\/","url":"https:\/\/www.edesia.al\/wp-content\/uploads\/2026\/02\/Logo-Edesia-no-background.png","contentUrl":"https:\/\/www.edesia.al\/wp-content\/uploads\/2026\/02\/Logo-Edesia-no-background.png","width":293,"height":158,"caption":"Edesia"},"image":{"@id":"https:\/\/www.edesia.al\/#\/schema\/logo\/image\/"}}]}},"_links":{"self":[{"href":"https:\/\/www.edesia.al\/index.php?rest_route=\/wp\/v2\/product\/6877","targetHints":{"allow":["GET"]}}],"collection":[{"href":"https:\/\/www.edesia.al\/index.php?rest_route=\/wp\/v2\/product"}],"about":[{"href":"https:\/\/www.edesia.al\/index.php?rest_route=\/wp\/v2\/types\/product"}],"replies":[{"embeddable":true,"href":"https:\/\/www.edesia.al\/index.php?rest_route=%2Fwp%2Fv2%2Fcomments&post=6877"}],"wp:featuredmedia":[{"embeddable":true,"href":"https:\/\/www.edesia.al\/index.php?rest_route=\/wp\/v2\/media\/6905"}],"wp:attachment":[{"href":"https:\/\/www.edesia.al\/index.php?rest_route=%2Fwp%2Fv2%2Fmedia&parent=6877"}],"wp:term":[{"taxonomy":"kategori-sipas-dietave","embeddable":true,"href":"https:\/\/www.edesia.al\/index.php?rest_route=%2Fwp%2Fv2%2Fkategori-sipas-dietave&post=6877"},{"taxonomy":"kategori-sipas-problemeve-shende","embeddable":true,"href":"https:\/\/www.edesia.al\/index.php?rest_route=%2Fwp%2Fv2%2Fkategori-sipas-problemeve-shende&post=6877"},{"taxonomy":"product_brand","embeddable":true,"href":"https:\/\/www.edesia.al\/index.php?rest_route=%2Fwp%2Fv2%2Fproduct_brand&post=6877"},{"taxonomy":"product_cat","embeddable":true,"href":"https:\/\/www.edesia.al\/index.php?rest_route=%2Fwp%2Fv2%2Fproduct_cat&post=6877"},{"taxonomy":"product_tag","embeddable":true,"href":"https:\/\/www.edesia.al\/index.php?rest_route=%2Fwp%2Fv2%2Fproduct_tag&post=6877"}],"curies":[{"name":"wp","href":"https:\/\/api.w.org\/{rel}","templated":true}]}}