{"id":6878,"date":"2026-02-16T21:11:05","date_gmt":"2026-02-16T21:11:05","guid":{"rendered":"https:\/\/www.edesia.al\/?post_type=product&#038;p=6878"},"modified":"2026-02-16T21:11:26","modified_gmt":"2026-02-16T21:11:26","slug":"matcha-pluhur","status":"publish","type":"product","link":"https:\/\/www.edesia.al\/?product=matcha-pluhur","title":{"rendered":"Matcha Pluhur"},"content":{"rendered":"<h3>Matcha Pluhur (50gr)<\/h3>\n<p>Matcha \u00ebsht\u00eb nj\u00eb lloj pluhuri jeshil i b\u00ebr\u00eb nga gjethe t\u00eb verdha \u00e7ajit t\u00eb ndryshme, t\u00eb cilat jan\u00eb shtypur n\u00eb pluhur t\u00eb holl\u00eb. Matcha ka nj\u00eb histori t\u00eb gjat\u00eb n\u00eb kultur\u00ebn japoneze dhe \u00ebsht\u00eb p\u00ebrdorur n\u00eb rite dhe ceremoni t\u00eb ndryshme.<\/p>\n<h4>P\u00ebrfitimet sh\u00ebndet\u00ebsore e Matchas:<\/h4>\n<ul>\n<li>I pasur me antioksidant\u00eb<\/li>\n<\/ul>\n<p>Matcha pluhuri p\u00ebrmban nj\u00eb shum\u00ebllojshm\u00ebri t\u00eb lart\u00eb t\u00eb antioksidant\u00ebve, t\u00eb cil\u00ebt ndihmojn\u00eb n\u00eb luftimin e d\u00ebmtimit oksidativ n\u00eb trup dhe mund t\u00eb ndihmojn\u00eb n\u00eb parandalimin e s\u00ebmundjeve t\u00eb ndryshme.<\/p>\n<ul>\n<li>Ndihmon n\u00eb p\u00ebrmir\u00ebsimin e kujtes\u00ebs dhe p\u00ebrq\u00ebndrimit<\/li>\n<\/ul>\n<p>Matcha p\u00ebrmban kafein\u00eb dhe aminoacidin L-theanine, t\u00eb cil\u00ebt mund t\u00eb ndihmojn\u00eb n\u00eb p\u00ebrmir\u00ebsimin e kujtes\u00ebs dhe p\u00ebrq\u00ebndrimit.<\/p>\n<ul>\n<li>Rrit energjin\u00eb dhe zvog\u00eblon stresin<\/li>\n<\/ul>\n<p>Matcha p\u00ebrmban kafein\u00eb dhe L-theanine, t\u00eb cil\u00ebt mund t\u00eb ndihmojn\u00eb n\u00eb rritjen e energjis\u00eb dhe n\u00eb zvog\u00eblimin e stresit dhe ankthit.<\/p>\n<ul>\n<li>P\u00ebrmir\u00ebson sh\u00ebndetin e zemr\u00ebs<\/li>\n<\/ul>\n<p>Matcha p\u00ebrmban antioksidant\u00eb t\u00eb cil\u00ebt ndihmojn\u00eb n\u00eb uljen e niveleve t\u00eb kolesterolit dhe triglicerideve n\u00eb gjak, duke ndihmuar n\u00eb p\u00ebrmir\u00ebsimin e sh\u00ebndetit t\u00eb zemr\u00ebs.<\/p>\n<ul>\n<li>Ndihmon n\u00eb humbjen e pesh\u00ebs<\/li>\n<\/ul>\n<p>Matcha p\u00ebrmban katechine, nj\u00eb lloj antioksidanti q\u00eb mund t\u00eb ndihmoj\u00eb n\u00eb zvog\u00eblimin e pesh\u00ebs dhe n\u00eb p\u00ebrmir\u00ebsimin e metabolizmit.<\/p>\n<ul>\n<li>P\u00ebrmir\u00ebson sh\u00ebndetin e l\u00ebkur\u00ebs<\/li>\n<\/ul>\n<p>Matcha p\u00ebrmban antioksidant\u00eb q\u00eb mund t\u00eb ndihmojn\u00eb n\u00eb luftimin e d\u00ebmtimit t\u00eb l\u00ebkur\u00ebs nga rrezatimi diellor dhe n\u00eb parandalimin e plakjes s\u00eb l\u00ebkur\u00ebs.<\/p>\n<p>&nbsp;<\/p>\n","protected":false},"excerpt":{"rendered":"<p>Matcha Pluhur (50gr) Matcha \u00ebsht\u00eb nj\u00eb lloj pluhuri jeshil i b\u00ebr\u00eb nga gjethe t\u00eb verdha \u00e7ajit t\u00eb ndryshme, t\u00eb cilat jan\u00eb shtypur n\u00eb pluhur t\u00eb holl\u00eb. Matcha ka nj\u00eb histori t\u00eb gjat\u00eb n\u00eb kultur\u00ebn japoneze dhe \u00ebsht\u00eb p\u00ebrdorur n\u00eb rite dhe ceremoni t\u00eb ndryshme. P\u00ebrfitimet sh\u00ebndet\u00ebsore e Matchas: I pasur me antioksidant\u00eb Matcha pluhuri p\u00ebrmban[&#8230;]<\/p>\n","protected":false},"featured_media":6906,"comment_status":"open","ping_status":"closed","template":"","meta":{"_acf_changed":false,"inline_featured_image":false},"kategori-sipas-dietave":[],"kategori-sipas-problemeve-shende":[],"product_brand":[],"product_cat":[28],"product_tag":[],"class_list":{"0":"post-6878","1":"product","2":"type-product","3":"status-publish","4":"has-post-thumbnail","6":"product_cat-superfoods","8":"first","9":"instock","10":"taxable","11":"shipping-taxable","12":"purchasable","13":"product-type-simple"},"acf":[],"yoast_head":"<!-- This site is optimized with the Yoast SEO plugin v27.4 - https:\/\/yoast.com\/product\/yoast-seo-wordpress\/ -->\n<title>Matcha Pluhur - Edesia<\/title>\n<meta name=\"robots\" content=\"index, follow, max-snippet:-1, max-image-preview:large, max-video-preview:-1\" \/>\n<link rel=\"canonical\" href=\"https:\/\/www.edesia.al\/?product=matcha-pluhur\" \/>\n<meta property=\"og:locale\" content=\"en_US\" \/>\n<meta property=\"og:type\" content=\"article\" \/>\n<meta property=\"og:title\" content=\"Matcha Pluhur - Edesia\" \/>\n<meta property=\"og:description\" content=\"Matcha Pluhur (50gr) Matcha \u00ebsht\u00eb nj\u00eb lloj pluhuri jeshil i b\u00ebr\u00eb nga gjethe t\u00eb verdha \u00e7ajit t\u00eb ndryshme, t\u00eb cilat jan\u00eb shtypur n\u00eb pluhur t\u00eb holl\u00eb. Matcha ka nj\u00eb histori t\u00eb gjat\u00eb n\u00eb kultur\u00ebn japoneze dhe \u00ebsht\u00eb p\u00ebrdorur n\u00eb rite dhe ceremoni t\u00eb ndryshme. P\u00ebrfitimet sh\u00ebndet\u00ebsore e Matchas: I pasur me antioksidant\u00eb Matcha pluhuri p\u00ebrmban[...]\" \/>\n<meta property=\"og:url\" content=\"https:\/\/www.edesia.al\/?product=matcha-pluhur\" \/>\n<meta property=\"og:site_name\" content=\"Edesia\" \/>\n<meta property=\"article:modified_time\" content=\"2026-02-16T21:11:26+00:00\" \/>\n<meta property=\"og:image\" content=\"https:\/\/www.edesia.al\/wp-content\/uploads\/2026\/02\/Matcha-Puder-1.png\" \/>\n\t<meta property=\"og:image:width\" content=\"593\" \/>\n\t<meta property=\"og:image:height\" content=\"593\" \/>\n\t<meta property=\"og:image:type\" content=\"image\/png\" \/>\n<meta name=\"twitter:card\" content=\"summary_large_image\" \/>\n<meta name=\"twitter:label1\" content=\"Est. reading time\" \/>\n\t<meta name=\"twitter:data1\" content=\"1 minute\" \/>\n<script type=\"application\/ld+json\" class=\"yoast-schema-graph\">{\"@context\":\"https:\\\/\\\/schema.org\",\"@graph\":[{\"@type\":\"WebPage\",\"@id\":\"https:\\\/\\\/www.edesia.al\\\/?product=matcha-pluhur\",\"url\":\"https:\\\/\\\/www.edesia.al\\\/?product=matcha-pluhur\",\"name\":\"Matcha Pluhur - Edesia\",\"isPartOf\":{\"@id\":\"https:\\\/\\\/www.edesia.al\\\/#website\"},\"primaryImageOfPage\":{\"@id\":\"https:\\\/\\\/www.edesia.al\\\/?product=matcha-pluhur#primaryimage\"},\"image\":{\"@id\":\"https:\\\/\\\/www.edesia.al\\\/?product=matcha-pluhur#primaryimage\"},\"thumbnailUrl\":\"https:\\\/\\\/www.edesia.al\\\/wp-content\\\/uploads\\\/2026\\\/02\\\/Matcha-Puder-1.png\",\"datePublished\":\"2026-02-16T21:11:05+00:00\",\"dateModified\":\"2026-02-16T21:11:26+00:00\",\"breadcrumb\":{\"@id\":\"https:\\\/\\\/www.edesia.al\\\/?product=matcha-pluhur#breadcrumb\"},\"inLanguage\":\"en-US\",\"potentialAction\":[{\"@type\":\"ReadAction\",\"target\":[\"https:\\\/\\\/www.edesia.al\\\/?product=matcha-pluhur\"]}]},{\"@type\":\"ImageObject\",\"inLanguage\":\"en-US\",\"@id\":\"https:\\\/\\\/www.edesia.al\\\/?product=matcha-pluhur#primaryimage\",\"url\":\"https:\\\/\\\/www.edesia.al\\\/wp-content\\\/uploads\\\/2026\\\/02\\\/Matcha-Puder-1.png\",\"contentUrl\":\"https:\\\/\\\/www.edesia.al\\\/wp-content\\\/uploads\\\/2026\\\/02\\\/Matcha-Puder-1.png\",\"width\":593,\"height\":593},{\"@type\":\"BreadcrumbList\",\"@id\":\"https:\\\/\\\/www.edesia.al\\\/?product=matcha-pluhur#breadcrumb\",\"itemListElement\":[{\"@type\":\"ListItem\",\"position\":1,\"name\":\"Home\",\"item\":\"https:\\\/\\\/www.edesia.al\\\/\"},{\"@type\":\"ListItem\",\"position\":2,\"name\":\"Dyqani\",\"item\":\"https:\\\/\\\/www.edesia.al\\\/?page_id=17\"},{\"@type\":\"ListItem\",\"position\":3,\"name\":\"Matcha Pluhur\"}]},{\"@type\":\"WebSite\",\"@id\":\"https:\\\/\\\/www.edesia.al\\\/#website\",\"url\":\"https:\\\/\\\/www.edesia.al\\\/\",\"name\":\"Edesia\",\"description\":\"\",\"publisher\":{\"@id\":\"https:\\\/\\\/www.edesia.al\\\/#organization\"},\"potentialAction\":[{\"@type\":\"SearchAction\",\"target\":{\"@type\":\"EntryPoint\",\"urlTemplate\":\"https:\\\/\\\/www.edesia.al\\\/?s={search_term_string}\"},\"query-input\":{\"@type\":\"PropertyValueSpecification\",\"valueRequired\":true,\"valueName\":\"search_term_string\"}}],\"inLanguage\":\"en-US\"},{\"@type\":\"Organization\",\"@id\":\"https:\\\/\\\/www.edesia.al\\\/#organization\",\"name\":\"Edesia\",\"url\":\"https:\\\/\\\/www.edesia.al\\\/\",\"logo\":{\"@type\":\"ImageObject\",\"inLanguage\":\"en-US\",\"@id\":\"https:\\\/\\\/www.edesia.al\\\/#\\\/schema\\\/logo\\\/image\\\/\",\"url\":\"https:\\\/\\\/www.edesia.al\\\/wp-content\\\/uploads\\\/2026\\\/02\\\/Logo-Edesia-no-background.png\",\"contentUrl\":\"https:\\\/\\\/www.edesia.al\\\/wp-content\\\/uploads\\\/2026\\\/02\\\/Logo-Edesia-no-background.png\",\"width\":293,\"height\":158,\"caption\":\"Edesia\"},\"image\":{\"@id\":\"https:\\\/\\\/www.edesia.al\\\/#\\\/schema\\\/logo\\\/image\\\/\"}}]}<\/script>\n<!-- \/ Yoast SEO plugin. -->","yoast_head_json":{"title":"Matcha Pluhur - Edesia","robots":{"index":"index","follow":"follow","max-snippet":"max-snippet:-1","max-image-preview":"max-image-preview:large","max-video-preview":"max-video-preview:-1"},"canonical":"https:\/\/www.edesia.al\/?product=matcha-pluhur","og_locale":"en_US","og_type":"article","og_title":"Matcha Pluhur - Edesia","og_description":"Matcha Pluhur (50gr) Matcha \u00ebsht\u00eb nj\u00eb lloj pluhuri jeshil i b\u00ebr\u00eb nga gjethe t\u00eb verdha \u00e7ajit t\u00eb ndryshme, t\u00eb cilat jan\u00eb shtypur n\u00eb pluhur t\u00eb holl\u00eb. Matcha ka nj\u00eb histori t\u00eb gjat\u00eb n\u00eb kultur\u00ebn japoneze dhe \u00ebsht\u00eb p\u00ebrdorur n\u00eb rite dhe ceremoni t\u00eb ndryshme. P\u00ebrfitimet sh\u00ebndet\u00ebsore e Matchas: I pasur me antioksidant\u00eb Matcha pluhuri p\u00ebrmban[...]","og_url":"https:\/\/www.edesia.al\/?product=matcha-pluhur","og_site_name":"Edesia","article_modified_time":"2026-02-16T21:11:26+00:00","og_image":[{"width":593,"height":593,"url":"https:\/\/www.edesia.al\/wp-content\/uploads\/2026\/02\/Matcha-Puder-1.png","type":"image\/png"}],"twitter_card":"summary_large_image","twitter_misc":{"Est. reading time":"1 minute"},"schema":{"@context":"https:\/\/schema.org","@graph":[{"@type":"WebPage","@id":"https:\/\/www.edesia.al\/?product=matcha-pluhur","url":"https:\/\/www.edesia.al\/?product=matcha-pluhur","name":"Matcha Pluhur - Edesia","isPartOf":{"@id":"https:\/\/www.edesia.al\/#website"},"primaryImageOfPage":{"@id":"https:\/\/www.edesia.al\/?product=matcha-pluhur#primaryimage"},"image":{"@id":"https:\/\/www.edesia.al\/?product=matcha-pluhur#primaryimage"},"thumbnailUrl":"https:\/\/www.edesia.al\/wp-content\/uploads\/2026\/02\/Matcha-Puder-1.png","datePublished":"2026-02-16T21:11:05+00:00","dateModified":"2026-02-16T21:11:26+00:00","breadcrumb":{"@id":"https:\/\/www.edesia.al\/?product=matcha-pluhur#breadcrumb"},"inLanguage":"en-US","potentialAction":[{"@type":"ReadAction","target":["https:\/\/www.edesia.al\/?product=matcha-pluhur"]}]},{"@type":"ImageObject","inLanguage":"en-US","@id":"https:\/\/www.edesia.al\/?product=matcha-pluhur#primaryimage","url":"https:\/\/www.edesia.al\/wp-content\/uploads\/2026\/02\/Matcha-Puder-1.png","contentUrl":"https:\/\/www.edesia.al\/wp-content\/uploads\/2026\/02\/Matcha-Puder-1.png","width":593,"height":593},{"@type":"BreadcrumbList","@id":"https:\/\/www.edesia.al\/?product=matcha-pluhur#breadcrumb","itemListElement":[{"@type":"ListItem","position":1,"name":"Home","item":"https:\/\/www.edesia.al\/"},{"@type":"ListItem","position":2,"name":"Dyqani","item":"https:\/\/www.edesia.al\/?page_id=17"},{"@type":"ListItem","position":3,"name":"Matcha Pluhur"}]},{"@type":"WebSite","@id":"https:\/\/www.edesia.al\/#website","url":"https:\/\/www.edesia.al\/","name":"Edesia","description":"","publisher":{"@id":"https:\/\/www.edesia.al\/#organization"},"potentialAction":[{"@type":"SearchAction","target":{"@type":"EntryPoint","urlTemplate":"https:\/\/www.edesia.al\/?s={search_term_string}"},"query-input":{"@type":"PropertyValueSpecification","valueRequired":true,"valueName":"search_term_string"}}],"inLanguage":"en-US"},{"@type":"Organization","@id":"https:\/\/www.edesia.al\/#organization","name":"Edesia","url":"https:\/\/www.edesia.al\/","logo":{"@type":"ImageObject","inLanguage":"en-US","@id":"https:\/\/www.edesia.al\/#\/schema\/logo\/image\/","url":"https:\/\/www.edesia.al\/wp-content\/uploads\/2026\/02\/Logo-Edesia-no-background.png","contentUrl":"https:\/\/www.edesia.al\/wp-content\/uploads\/2026\/02\/Logo-Edesia-no-background.png","width":293,"height":158,"caption":"Edesia"},"image":{"@id":"https:\/\/www.edesia.al\/#\/schema\/logo\/image\/"}}]}},"_links":{"self":[{"href":"https:\/\/www.edesia.al\/index.php?rest_route=\/wp\/v2\/product\/6878","targetHints":{"allow":["GET"]}}],"collection":[{"href":"https:\/\/www.edesia.al\/index.php?rest_route=\/wp\/v2\/product"}],"about":[{"href":"https:\/\/www.edesia.al\/index.php?rest_route=\/wp\/v2\/types\/product"}],"replies":[{"embeddable":true,"href":"https:\/\/www.edesia.al\/index.php?rest_route=%2Fwp%2Fv2%2Fcomments&post=6878"}],"wp:featuredmedia":[{"embeddable":true,"href":"https:\/\/www.edesia.al\/index.php?rest_route=\/wp\/v2\/media\/6906"}],"wp:attachment":[{"href":"https:\/\/www.edesia.al\/index.php?rest_route=%2Fwp%2Fv2%2Fmedia&parent=6878"}],"wp:term":[{"taxonomy":"kategori-sipas-dietave","embeddable":true,"href":"https:\/\/www.edesia.al\/index.php?rest_route=%2Fwp%2Fv2%2Fkategori-sipas-dietave&post=6878"},{"taxonomy":"kategori-sipas-problemeve-shende","embeddable":true,"href":"https:\/\/www.edesia.al\/index.php?rest_route=%2Fwp%2Fv2%2Fkategori-sipas-problemeve-shende&post=6878"},{"taxonomy":"product_brand","embeddable":true,"href":"https:\/\/www.edesia.al\/index.php?rest_route=%2Fwp%2Fv2%2Fproduct_brand&post=6878"},{"taxonomy":"product_cat","embeddable":true,"href":"https:\/\/www.edesia.al\/index.php?rest_route=%2Fwp%2Fv2%2Fproduct_cat&post=6878"},{"taxonomy":"product_tag","embeddable":true,"href":"https:\/\/www.edesia.al\/index.php?rest_route=%2Fwp%2Fv2%2Fproduct_tag&post=6878"}],"curies":[{"name":"wp","href":"https:\/\/api.w.org\/{rel}","templated":true}]}}