{"id":6880,"date":"2026-02-16T21:11:06","date_gmt":"2026-02-16T21:11:06","guid":{"rendered":"https:\/\/www.edesia.al\/?post_type=product&#038;p=6880"},"modified":"2026-02-25T10:14:59","modified_gmt":"2026-02-25T10:14:59","slug":"spirulina-pluhur","status":"publish","type":"product","link":"https:\/\/www.edesia.al\/?product=spirulina-pluhur","title":{"rendered":"Spirulina Pluhur"},"content":{"rendered":"<h3>Spirulina Pluhur (100gr)<\/h3>\n<p>Spirulina \u00ebsht\u00eb nj\u00eb lloj\u00a0 alge blu-jeshile q\u00eb p\u00ebrmban nj\u00eb num\u00ebr t\u00eb konsideruesh\u00ebm element\u00ebsh ushqyes, duke p\u00ebrfshir\u00eb vitaminat B, beta-karoten dhe vitamin\u00ebn E. Spirulina gjithashtu p\u00ebrmban antioksidant\u00eb, minerale, klorofil dhe fikocianobilin dhe \u00ebsht\u00eb nj\u00eb burim shum\u00eb i mir\u00eb i proteinave vegane.<\/p>\n<h4>P\u00ebrfitimet sh\u00ebndetsore t\u00eb spirulin\u00ebs:<\/h4>\n<ul>\n<li>P\u00ebrmir\u00ebson sistemin imunitar.<\/li>\n<li>Rrit p\u00ebrformanc\u00ebn dhe ul lodhjen.<\/li>\n<li>Ndikon n\u00eb reduktimin e stresit dhe p\u00ebrmir\u00ebson humorin.<\/li>\n<li>Ul nivelin e kolesterolit t\u00eb keq n\u00eb gjak.<\/li>\n<li>Redukton alergjit\u00eb stinore.<\/li>\n<li>Ul presionin e gjakut.<\/li>\n<li>Ndihmon n\u00eb kontrollin e diabetit.<\/li>\n<li>Burim vegan i proteinave.<\/li>\n<\/ul>\n","protected":false},"excerpt":{"rendered":"<p>Spirulina Pluhur (100gr) Spirulina \u00ebsht\u00eb nj\u00eb lloj\u00a0 alge blu-jeshile q\u00eb p\u00ebrmban nj\u00eb num\u00ebr t\u00eb konsideruesh\u00ebm element\u00ebsh ushqyes, duke p\u00ebrfshir\u00eb vitaminat B, beta-karoten dhe vitamin\u00ebn E. Spirulina gjithashtu p\u00ebrmban antioksidant\u00eb, minerale, klorofil dhe fikocianobilin dhe \u00ebsht\u00eb nj\u00eb burim shum\u00eb i mir\u00eb i proteinave vegane. P\u00ebrfitimet sh\u00ebndetsore t\u00eb spirulin\u00ebs: P\u00ebrmir\u00ebson sistemin imunitar. Rrit p\u00ebrformanc\u00ebn dhe ul lodhjen.[&#8230;]<\/p>\n","protected":false},"featured_media":6933,"comment_status":"open","ping_status":"closed","template":"","meta":{"_acf_changed":false,"inline_featured_image":false},"kategori-sipas-dietave":[91],"kategori-sipas-problemeve-shende":[83],"product_brand":[32],"product_cat":[28,80],"product_tag":[175],"class_list":{"0":"post-6880","1":"product","2":"type-product","3":"status-publish","4":"has-post-thumbnail","6":"kategori-sipas-dietave-high-protein","7":"kategori-sipas-problemeve-shende-tretje-detox","8":"product_brand-bioagros","9":"product_cat-superfoods","10":"product_cat-suplemente-superfoods","11":"product_tag-spirulina","13":"first","14":"instock","15":"taxable","16":"shipping-taxable","17":"purchasable","18":"product-type-simple"},"acf":[],"yoast_head":"<!-- This site is optimized with the Yoast SEO plugin v27.4 - https:\/\/yoast.com\/product\/yoast-seo-wordpress\/ -->\n<title>Spirulina Pluhur - Edesia<\/title>\n<meta name=\"robots\" content=\"index, follow, max-snippet:-1, max-image-preview:large, max-video-preview:-1\" \/>\n<link rel=\"canonical\" href=\"https:\/\/www.edesia.al\/?product=spirulina-pluhur\" \/>\n<meta property=\"og:locale\" content=\"en_US\" \/>\n<meta property=\"og:type\" content=\"article\" \/>\n<meta property=\"og:title\" content=\"Spirulina Pluhur - Edesia\" \/>\n<meta property=\"og:description\" content=\"Spirulina Pluhur (100gr) Spirulina \u00ebsht\u00eb nj\u00eb lloj\u00a0 alge blu-jeshile q\u00eb p\u00ebrmban nj\u00eb num\u00ebr t\u00eb konsideruesh\u00ebm element\u00ebsh ushqyes, duke p\u00ebrfshir\u00eb vitaminat B, beta-karoten dhe vitamin\u00ebn E. Spirulina gjithashtu p\u00ebrmban antioksidant\u00eb, minerale, klorofil dhe fikocianobilin dhe \u00ebsht\u00eb nj\u00eb burim shum\u00eb i mir\u00eb i proteinave vegane. P\u00ebrfitimet sh\u00ebndetsore t\u00eb spirulin\u00ebs: P\u00ebrmir\u00ebson sistemin imunitar. Rrit p\u00ebrformanc\u00ebn dhe ul lodhjen.[...]\" \/>\n<meta property=\"og:url\" content=\"https:\/\/www.edesia.al\/?product=spirulina-pluhur\" \/>\n<meta property=\"og:site_name\" content=\"Edesia\" \/>\n<meta property=\"article:modified_time\" content=\"2026-02-25T10:14:59+00:00\" \/>\n<meta property=\"og:image\" content=\"https:\/\/www.edesia.al\/wp-content\/uploads\/2026\/02\/Spirulina-Pluhur-1.png\" \/>\n\t<meta property=\"og:image:width\" content=\"593\" \/>\n\t<meta property=\"og:image:height\" content=\"593\" \/>\n\t<meta property=\"og:image:type\" content=\"image\/png\" \/>\n<meta name=\"twitter:card\" content=\"summary_large_image\" \/>\n<meta name=\"twitter:label1\" content=\"Est. reading time\" \/>\n\t<meta name=\"twitter:data1\" content=\"1 minute\" \/>\n<script type=\"application\/ld+json\" class=\"yoast-schema-graph\">{\"@context\":\"https:\\\/\\\/schema.org\",\"@graph\":[{\"@type\":\"WebPage\",\"@id\":\"https:\\\/\\\/www.edesia.al\\\/?product=spirulina-pluhur\",\"url\":\"https:\\\/\\\/www.edesia.al\\\/?product=spirulina-pluhur\",\"name\":\"Spirulina Pluhur - Edesia\",\"isPartOf\":{\"@id\":\"https:\\\/\\\/www.edesia.al\\\/#website\"},\"primaryImageOfPage\":{\"@id\":\"https:\\\/\\\/www.edesia.al\\\/?product=spirulina-pluhur#primaryimage\"},\"image\":{\"@id\":\"https:\\\/\\\/www.edesia.al\\\/?product=spirulina-pluhur#primaryimage\"},\"thumbnailUrl\":\"https:\\\/\\\/www.edesia.al\\\/wp-content\\\/uploads\\\/2026\\\/02\\\/Spirulina-Pluhur-1.png\",\"datePublished\":\"2026-02-16T21:11:06+00:00\",\"dateModified\":\"2026-02-25T10:14:59+00:00\",\"breadcrumb\":{\"@id\":\"https:\\\/\\\/www.edesia.al\\\/?product=spirulina-pluhur#breadcrumb\"},\"inLanguage\":\"en-US\",\"potentialAction\":[{\"@type\":\"ReadAction\",\"target\":[\"https:\\\/\\\/www.edesia.al\\\/?product=spirulina-pluhur\"]}]},{\"@type\":\"ImageObject\",\"inLanguage\":\"en-US\",\"@id\":\"https:\\\/\\\/www.edesia.al\\\/?product=spirulina-pluhur#primaryimage\",\"url\":\"https:\\\/\\\/www.edesia.al\\\/wp-content\\\/uploads\\\/2026\\\/02\\\/Spirulina-Pluhur-1.png\",\"contentUrl\":\"https:\\\/\\\/www.edesia.al\\\/wp-content\\\/uploads\\\/2026\\\/02\\\/Spirulina-Pluhur-1.png\",\"width\":593,\"height\":593},{\"@type\":\"BreadcrumbList\",\"@id\":\"https:\\\/\\\/www.edesia.al\\\/?product=spirulina-pluhur#breadcrumb\",\"itemListElement\":[{\"@type\":\"ListItem\",\"position\":1,\"name\":\"Home\",\"item\":\"https:\\\/\\\/www.edesia.al\\\/\"},{\"@type\":\"ListItem\",\"position\":2,\"name\":\"Dyqani\",\"item\":\"https:\\\/\\\/www.edesia.al\\\/?page_id=17\"},{\"@type\":\"ListItem\",\"position\":3,\"name\":\"Spirulina Pluhur\"}]},{\"@type\":\"WebSite\",\"@id\":\"https:\\\/\\\/www.edesia.al\\\/#website\",\"url\":\"https:\\\/\\\/www.edesia.al\\\/\",\"name\":\"Edesia\",\"description\":\"\",\"publisher\":{\"@id\":\"https:\\\/\\\/www.edesia.al\\\/#organization\"},\"potentialAction\":[{\"@type\":\"SearchAction\",\"target\":{\"@type\":\"EntryPoint\",\"urlTemplate\":\"https:\\\/\\\/www.edesia.al\\\/?s={search_term_string}\"},\"query-input\":{\"@type\":\"PropertyValueSpecification\",\"valueRequired\":true,\"valueName\":\"search_term_string\"}}],\"inLanguage\":\"en-US\"},{\"@type\":\"Organization\",\"@id\":\"https:\\\/\\\/www.edesia.al\\\/#organization\",\"name\":\"Edesia\",\"url\":\"https:\\\/\\\/www.edesia.al\\\/\",\"logo\":{\"@type\":\"ImageObject\",\"inLanguage\":\"en-US\",\"@id\":\"https:\\\/\\\/www.edesia.al\\\/#\\\/schema\\\/logo\\\/image\\\/\",\"url\":\"https:\\\/\\\/www.edesia.al\\\/wp-content\\\/uploads\\\/2026\\\/02\\\/Logo-Edesia-no-background.png\",\"contentUrl\":\"https:\\\/\\\/www.edesia.al\\\/wp-content\\\/uploads\\\/2026\\\/02\\\/Logo-Edesia-no-background.png\",\"width\":293,\"height\":158,\"caption\":\"Edesia\"},\"image\":{\"@id\":\"https:\\\/\\\/www.edesia.al\\\/#\\\/schema\\\/logo\\\/image\\\/\"}}]}<\/script>\n<!-- \/ Yoast SEO plugin. -->","yoast_head_json":{"title":"Spirulina Pluhur - Edesia","robots":{"index":"index","follow":"follow","max-snippet":"max-snippet:-1","max-image-preview":"max-image-preview:large","max-video-preview":"max-video-preview:-1"},"canonical":"https:\/\/www.edesia.al\/?product=spirulina-pluhur","og_locale":"en_US","og_type":"article","og_title":"Spirulina Pluhur - Edesia","og_description":"Spirulina Pluhur (100gr) Spirulina \u00ebsht\u00eb nj\u00eb lloj\u00a0 alge blu-jeshile q\u00eb p\u00ebrmban nj\u00eb num\u00ebr t\u00eb konsideruesh\u00ebm element\u00ebsh ushqyes, duke p\u00ebrfshir\u00eb vitaminat B, beta-karoten dhe vitamin\u00ebn E. Spirulina gjithashtu p\u00ebrmban antioksidant\u00eb, minerale, klorofil dhe fikocianobilin dhe \u00ebsht\u00eb nj\u00eb burim shum\u00eb i mir\u00eb i proteinave vegane. P\u00ebrfitimet sh\u00ebndetsore t\u00eb spirulin\u00ebs: P\u00ebrmir\u00ebson sistemin imunitar. Rrit p\u00ebrformanc\u00ebn dhe ul lodhjen.[...]","og_url":"https:\/\/www.edesia.al\/?product=spirulina-pluhur","og_site_name":"Edesia","article_modified_time":"2026-02-25T10:14:59+00:00","og_image":[{"width":593,"height":593,"url":"https:\/\/www.edesia.al\/wp-content\/uploads\/2026\/02\/Spirulina-Pluhur-1.png","type":"image\/png"}],"twitter_card":"summary_large_image","twitter_misc":{"Est. reading time":"1 minute"},"schema":{"@context":"https:\/\/schema.org","@graph":[{"@type":"WebPage","@id":"https:\/\/www.edesia.al\/?product=spirulina-pluhur","url":"https:\/\/www.edesia.al\/?product=spirulina-pluhur","name":"Spirulina Pluhur - Edesia","isPartOf":{"@id":"https:\/\/www.edesia.al\/#website"},"primaryImageOfPage":{"@id":"https:\/\/www.edesia.al\/?product=spirulina-pluhur#primaryimage"},"image":{"@id":"https:\/\/www.edesia.al\/?product=spirulina-pluhur#primaryimage"},"thumbnailUrl":"https:\/\/www.edesia.al\/wp-content\/uploads\/2026\/02\/Spirulina-Pluhur-1.png","datePublished":"2026-02-16T21:11:06+00:00","dateModified":"2026-02-25T10:14:59+00:00","breadcrumb":{"@id":"https:\/\/www.edesia.al\/?product=spirulina-pluhur#breadcrumb"},"inLanguage":"en-US","potentialAction":[{"@type":"ReadAction","target":["https:\/\/www.edesia.al\/?product=spirulina-pluhur"]}]},{"@type":"ImageObject","inLanguage":"en-US","@id":"https:\/\/www.edesia.al\/?product=spirulina-pluhur#primaryimage","url":"https:\/\/www.edesia.al\/wp-content\/uploads\/2026\/02\/Spirulina-Pluhur-1.png","contentUrl":"https:\/\/www.edesia.al\/wp-content\/uploads\/2026\/02\/Spirulina-Pluhur-1.png","width":593,"height":593},{"@type":"BreadcrumbList","@id":"https:\/\/www.edesia.al\/?product=spirulina-pluhur#breadcrumb","itemListElement":[{"@type":"ListItem","position":1,"name":"Home","item":"https:\/\/www.edesia.al\/"},{"@type":"ListItem","position":2,"name":"Dyqani","item":"https:\/\/www.edesia.al\/?page_id=17"},{"@type":"ListItem","position":3,"name":"Spirulina Pluhur"}]},{"@type":"WebSite","@id":"https:\/\/www.edesia.al\/#website","url":"https:\/\/www.edesia.al\/","name":"Edesia","description":"","publisher":{"@id":"https:\/\/www.edesia.al\/#organization"},"potentialAction":[{"@type":"SearchAction","target":{"@type":"EntryPoint","urlTemplate":"https:\/\/www.edesia.al\/?s={search_term_string}"},"query-input":{"@type":"PropertyValueSpecification","valueRequired":true,"valueName":"search_term_string"}}],"inLanguage":"en-US"},{"@type":"Organization","@id":"https:\/\/www.edesia.al\/#organization","name":"Edesia","url":"https:\/\/www.edesia.al\/","logo":{"@type":"ImageObject","inLanguage":"en-US","@id":"https:\/\/www.edesia.al\/#\/schema\/logo\/image\/","url":"https:\/\/www.edesia.al\/wp-content\/uploads\/2026\/02\/Logo-Edesia-no-background.png","contentUrl":"https:\/\/www.edesia.al\/wp-content\/uploads\/2026\/02\/Logo-Edesia-no-background.png","width":293,"height":158,"caption":"Edesia"},"image":{"@id":"https:\/\/www.edesia.al\/#\/schema\/logo\/image\/"}}]}},"_links":{"self":[{"href":"https:\/\/www.edesia.al\/index.php?rest_route=\/wp\/v2\/product\/6880","targetHints":{"allow":["GET"]}}],"collection":[{"href":"https:\/\/www.edesia.al\/index.php?rest_route=\/wp\/v2\/product"}],"about":[{"href":"https:\/\/www.edesia.al\/index.php?rest_route=\/wp\/v2\/types\/product"}],"replies":[{"embeddable":true,"href":"https:\/\/www.edesia.al\/index.php?rest_route=%2Fwp%2Fv2%2Fcomments&post=6880"}],"wp:featuredmedia":[{"embeddable":true,"href":"https:\/\/www.edesia.al\/index.php?rest_route=\/wp\/v2\/media\/6933"}],"wp:attachment":[{"href":"https:\/\/www.edesia.al\/index.php?rest_route=%2Fwp%2Fv2%2Fmedia&parent=6880"}],"wp:term":[{"taxonomy":"kategori-sipas-dietave","embeddable":true,"href":"https:\/\/www.edesia.al\/index.php?rest_route=%2Fwp%2Fv2%2Fkategori-sipas-dietave&post=6880"},{"taxonomy":"kategori-sipas-problemeve-shende","embeddable":true,"href":"https:\/\/www.edesia.al\/index.php?rest_route=%2Fwp%2Fv2%2Fkategori-sipas-problemeve-shende&post=6880"},{"taxonomy":"product_brand","embeddable":true,"href":"https:\/\/www.edesia.al\/index.php?rest_route=%2Fwp%2Fv2%2Fproduct_brand&post=6880"},{"taxonomy":"product_cat","embeddable":true,"href":"https:\/\/www.edesia.al\/index.php?rest_route=%2Fwp%2Fv2%2Fproduct_cat&post=6880"},{"taxonomy":"product_tag","embeddable":true,"href":"https:\/\/www.edesia.al\/index.php?rest_route=%2Fwp%2Fv2%2Fproduct_tag&post=6880"}],"curies":[{"name":"wp","href":"https:\/\/api.w.org\/{rel}","templated":true}]}}