{"id":6909,"date":"2026-02-16T21:11:27","date_gmt":"2026-02-16T21:11:27","guid":{"rendered":"https:\/\/www.edesia.al\/?post_type=product&#038;p=6909"},"modified":"2026-02-25T10:25:57","modified_gmt":"2026-02-25T10:25:57","slug":"vaj-esencial-bergamot-organik","status":"publish","type":"product","link":"https:\/\/www.edesia.al\/?product=vaj-esencial-bergamot-organik","title":{"rendered":"Vaj Esencial Bergamot Organik"},"content":{"rendered":"<h3>Vaj Esencial Bergamot Organik (10ml)<\/h3>\n<p>Vaji esencial i Bergamotit \u00ebsht\u00eb nj\u00eb vaj i nxjerr\u00eb nga l\u00ebnd\u00ebt e fresk\u00ebta t\u00eb frutit t\u00eb bergamotit (Citrus bergamia), nj\u00eb frut i ngjash\u00ebm me portokallin q\u00eb rritet n\u00eb zonat bregdetare t\u00eb Italis\u00eb. Ky lloj vaji esencial ka nj\u00eb arom\u00eb t\u00eb fresk\u00ebt dhe t\u00eb qet\u00eb.<\/p>\n<h4>P\u00ebrfitimet sh\u00ebndet\u00ebsore:<\/h4>\n<ul>\n<li>Ndihmon n\u00eb zvog\u00eblimin e stresit dhe ankthit.<\/li>\n<li>P\u00ebrmir\u00ebson gjumin dhe ndihmon n\u00eb luftimin e bezdisjeve t\u00eb gjumit.<\/li>\n<li>Mund t\u00eb ndihmoj\u00eb n\u00eb rregullimin e nivelit t\u00eb sheqerit n\u00eb gjak dhe n\u00eb zvog\u00eblimin e rrezikut t\u00eb diabetit.<\/li>\n<li>Ka veti antibakteriale dhe antivirale dhe mund t\u00eb ndihmoj\u00eb n\u00eb luftimin e infeksioneve t\u00eb ndryshme.<\/li>\n<li>Mund t\u00eb p\u00ebrdoret si nj\u00eb trajtim p\u00ebr aknet dhe probleme t\u00eb tjera t\u00eb l\u00ebkur\u00ebs.<\/li>\n<li>Mund t\u00eb ndihmoj\u00eb n\u00eb p\u00ebrmir\u00ebsimin e qarkullimit t\u00eb gjakut dhe t\u00eb zvog\u00ebloj\u00eb tensionin e lart\u00eb t\u00eb gjakut.<\/li>\n<\/ul>\n<p>&nbsp;<\/p>\n","protected":false},"excerpt":{"rendered":"<p>Vaj Esencial Bergamot Organik (10ml) Vaji esencial i Bergamotit \u00ebsht\u00eb nj\u00eb vaj i nxjerr\u00eb nga l\u00ebnd\u00ebt e fresk\u00ebta t\u00eb frutit t\u00eb bergamotit (Citrus bergamia), nj\u00eb frut i ngjash\u00ebm me portokallin q\u00eb rritet n\u00eb zonat bregdetare t\u00eb Italis\u00eb. Ky lloj vaji esencial ka nj\u00eb arom\u00eb t\u00eb fresk\u00ebt dhe t\u00eb qet\u00eb. P\u00ebrfitimet sh\u00ebndet\u00ebsore: Ndihmon n\u00eb zvog\u00eblimin e[&#8230;]<\/p>\n","protected":false},"featured_media":6941,"comment_status":"open","ping_status":"closed","template":"","meta":{"_acf_changed":false,"inline_featured_image":false},"kategori-sipas-dietave":[],"kategori-sipas-problemeve-shende":[],"product_brand":[35],"product_cat":[44,45],"product_tag":[],"class_list":{"0":"post-6909","1":"product","2":"type-product","3":"status-publish","4":"has-post-thumbnail","6":"product_brand-sonnentor-sh-p-k","7":"product_cat-shtepi-stil-jetese","8":"product_cat-vajra-esenciale","10":"first","11":"instock","12":"taxable","13":"shipping-taxable","14":"purchasable","15":"product-type-simple"},"acf":[],"yoast_head":"<!-- This site is optimized with the Yoast SEO plugin v27.4 - https:\/\/yoast.com\/product\/yoast-seo-wordpress\/ -->\n<title>Vaj Esencial Bergamot Organik - Edesia<\/title>\n<meta name=\"robots\" content=\"index, follow, max-snippet:-1, max-image-preview:large, max-video-preview:-1\" \/>\n<link rel=\"canonical\" href=\"https:\/\/www.edesia.al\/?product=vaj-esencial-bergamot-organik\" \/>\n<meta property=\"og:locale\" content=\"en_US\" \/>\n<meta property=\"og:type\" content=\"article\" \/>\n<meta property=\"og:title\" content=\"Vaj Esencial Bergamot Organik - Edesia\" \/>\n<meta property=\"og:description\" content=\"Vaj Esencial Bergamot Organik (10ml) Vaji esencial i Bergamotit \u00ebsht\u00eb nj\u00eb vaj i nxjerr\u00eb nga l\u00ebnd\u00ebt e fresk\u00ebta t\u00eb frutit t\u00eb bergamotit (Citrus bergamia), nj\u00eb frut i ngjash\u00ebm me portokallin q\u00eb rritet n\u00eb zonat bregdetare t\u00eb Italis\u00eb. Ky lloj vaji esencial ka nj\u00eb arom\u00eb t\u00eb fresk\u00ebt dhe t\u00eb qet\u00eb. P\u00ebrfitimet sh\u00ebndet\u00ebsore: Ndihmon n\u00eb zvog\u00eblimin e[...]\" \/>\n<meta property=\"og:url\" content=\"https:\/\/www.edesia.al\/?product=vaj-esencial-bergamot-organik\" \/>\n<meta property=\"og:site_name\" content=\"Edesia\" \/>\n<meta property=\"article:modified_time\" content=\"2026-02-25T10:25:57+00:00\" \/>\n<meta property=\"og:image\" content=\"https:\/\/www.edesia.al\/wp-content\/uploads\/2026\/02\/Vaj-Esencial-Bergamot-Organik-1.png\" \/>\n\t<meta property=\"og:image:width\" content=\"593\" \/>\n\t<meta property=\"og:image:height\" content=\"593\" \/>\n\t<meta property=\"og:image:type\" content=\"image\/png\" \/>\n<meta name=\"twitter:card\" content=\"summary_large_image\" \/>\n<meta name=\"twitter:label1\" content=\"Est. reading time\" \/>\n\t<meta name=\"twitter:data1\" content=\"1 minute\" \/>\n<script type=\"application\/ld+json\" class=\"yoast-schema-graph\">{\"@context\":\"https:\\\/\\\/schema.org\",\"@graph\":[{\"@type\":\"WebPage\",\"@id\":\"https:\\\/\\\/www.edesia.al\\\/?product=vaj-esencial-bergamot-organik\",\"url\":\"https:\\\/\\\/www.edesia.al\\\/?product=vaj-esencial-bergamot-organik\",\"name\":\"Vaj Esencial Bergamot Organik - Edesia\",\"isPartOf\":{\"@id\":\"https:\\\/\\\/www.edesia.al\\\/#website\"},\"primaryImageOfPage\":{\"@id\":\"https:\\\/\\\/www.edesia.al\\\/?product=vaj-esencial-bergamot-organik#primaryimage\"},\"image\":{\"@id\":\"https:\\\/\\\/www.edesia.al\\\/?product=vaj-esencial-bergamot-organik#primaryimage\"},\"thumbnailUrl\":\"https:\\\/\\\/www.edesia.al\\\/wp-content\\\/uploads\\\/2026\\\/02\\\/Vaj-Esencial-Bergamot-Organik-1.png\",\"datePublished\":\"2026-02-16T21:11:27+00:00\",\"dateModified\":\"2026-02-25T10:25:57+00:00\",\"breadcrumb\":{\"@id\":\"https:\\\/\\\/www.edesia.al\\\/?product=vaj-esencial-bergamot-organik#breadcrumb\"},\"inLanguage\":\"en-US\",\"potentialAction\":[{\"@type\":\"ReadAction\",\"target\":[\"https:\\\/\\\/www.edesia.al\\\/?product=vaj-esencial-bergamot-organik\"]}]},{\"@type\":\"ImageObject\",\"inLanguage\":\"en-US\",\"@id\":\"https:\\\/\\\/www.edesia.al\\\/?product=vaj-esencial-bergamot-organik#primaryimage\",\"url\":\"https:\\\/\\\/www.edesia.al\\\/wp-content\\\/uploads\\\/2026\\\/02\\\/Vaj-Esencial-Bergamot-Organik-1.png\",\"contentUrl\":\"https:\\\/\\\/www.edesia.al\\\/wp-content\\\/uploads\\\/2026\\\/02\\\/Vaj-Esencial-Bergamot-Organik-1.png\",\"width\":593,\"height\":593},{\"@type\":\"BreadcrumbList\",\"@id\":\"https:\\\/\\\/www.edesia.al\\\/?product=vaj-esencial-bergamot-organik#breadcrumb\",\"itemListElement\":[{\"@type\":\"ListItem\",\"position\":1,\"name\":\"Home\",\"item\":\"https:\\\/\\\/www.edesia.al\\\/\"},{\"@type\":\"ListItem\",\"position\":2,\"name\":\"Dyqani\",\"item\":\"https:\\\/\\\/www.edesia.al\\\/?page_id=17\"},{\"@type\":\"ListItem\",\"position\":3,\"name\":\"Vaj Esencial Bergamot Organik\"}]},{\"@type\":\"WebSite\",\"@id\":\"https:\\\/\\\/www.edesia.al\\\/#website\",\"url\":\"https:\\\/\\\/www.edesia.al\\\/\",\"name\":\"Edesia\",\"description\":\"\",\"publisher\":{\"@id\":\"https:\\\/\\\/www.edesia.al\\\/#organization\"},\"potentialAction\":[{\"@type\":\"SearchAction\",\"target\":{\"@type\":\"EntryPoint\",\"urlTemplate\":\"https:\\\/\\\/www.edesia.al\\\/?s={search_term_string}\"},\"query-input\":{\"@type\":\"PropertyValueSpecification\",\"valueRequired\":true,\"valueName\":\"search_term_string\"}}],\"inLanguage\":\"en-US\"},{\"@type\":\"Organization\",\"@id\":\"https:\\\/\\\/www.edesia.al\\\/#organization\",\"name\":\"Edesia\",\"url\":\"https:\\\/\\\/www.edesia.al\\\/\",\"logo\":{\"@type\":\"ImageObject\",\"inLanguage\":\"en-US\",\"@id\":\"https:\\\/\\\/www.edesia.al\\\/#\\\/schema\\\/logo\\\/image\\\/\",\"url\":\"https:\\\/\\\/www.edesia.al\\\/wp-content\\\/uploads\\\/2026\\\/02\\\/Logo-Edesia-no-background.png\",\"contentUrl\":\"https:\\\/\\\/www.edesia.al\\\/wp-content\\\/uploads\\\/2026\\\/02\\\/Logo-Edesia-no-background.png\",\"width\":293,\"height\":158,\"caption\":\"Edesia\"},\"image\":{\"@id\":\"https:\\\/\\\/www.edesia.al\\\/#\\\/schema\\\/logo\\\/image\\\/\"}}]}<\/script>\n<!-- \/ Yoast SEO plugin. -->","yoast_head_json":{"title":"Vaj Esencial Bergamot Organik - Edesia","robots":{"index":"index","follow":"follow","max-snippet":"max-snippet:-1","max-image-preview":"max-image-preview:large","max-video-preview":"max-video-preview:-1"},"canonical":"https:\/\/www.edesia.al\/?product=vaj-esencial-bergamot-organik","og_locale":"en_US","og_type":"article","og_title":"Vaj Esencial Bergamot Organik - Edesia","og_description":"Vaj Esencial Bergamot Organik (10ml) Vaji esencial i Bergamotit \u00ebsht\u00eb nj\u00eb vaj i nxjerr\u00eb nga l\u00ebnd\u00ebt e fresk\u00ebta t\u00eb frutit t\u00eb bergamotit (Citrus bergamia), nj\u00eb frut i ngjash\u00ebm me portokallin q\u00eb rritet n\u00eb zonat bregdetare t\u00eb Italis\u00eb. Ky lloj vaji esencial ka nj\u00eb arom\u00eb t\u00eb fresk\u00ebt dhe t\u00eb qet\u00eb. P\u00ebrfitimet sh\u00ebndet\u00ebsore: Ndihmon n\u00eb zvog\u00eblimin e[...]","og_url":"https:\/\/www.edesia.al\/?product=vaj-esencial-bergamot-organik","og_site_name":"Edesia","article_modified_time":"2026-02-25T10:25:57+00:00","og_image":[{"width":593,"height":593,"url":"https:\/\/www.edesia.al\/wp-content\/uploads\/2026\/02\/Vaj-Esencial-Bergamot-Organik-1.png","type":"image\/png"}],"twitter_card":"summary_large_image","twitter_misc":{"Est. reading time":"1 minute"},"schema":{"@context":"https:\/\/schema.org","@graph":[{"@type":"WebPage","@id":"https:\/\/www.edesia.al\/?product=vaj-esencial-bergamot-organik","url":"https:\/\/www.edesia.al\/?product=vaj-esencial-bergamot-organik","name":"Vaj Esencial Bergamot Organik - Edesia","isPartOf":{"@id":"https:\/\/www.edesia.al\/#website"},"primaryImageOfPage":{"@id":"https:\/\/www.edesia.al\/?product=vaj-esencial-bergamot-organik#primaryimage"},"image":{"@id":"https:\/\/www.edesia.al\/?product=vaj-esencial-bergamot-organik#primaryimage"},"thumbnailUrl":"https:\/\/www.edesia.al\/wp-content\/uploads\/2026\/02\/Vaj-Esencial-Bergamot-Organik-1.png","datePublished":"2026-02-16T21:11:27+00:00","dateModified":"2026-02-25T10:25:57+00:00","breadcrumb":{"@id":"https:\/\/www.edesia.al\/?product=vaj-esencial-bergamot-organik#breadcrumb"},"inLanguage":"en-US","potentialAction":[{"@type":"ReadAction","target":["https:\/\/www.edesia.al\/?product=vaj-esencial-bergamot-organik"]}]},{"@type":"ImageObject","inLanguage":"en-US","@id":"https:\/\/www.edesia.al\/?product=vaj-esencial-bergamot-organik#primaryimage","url":"https:\/\/www.edesia.al\/wp-content\/uploads\/2026\/02\/Vaj-Esencial-Bergamot-Organik-1.png","contentUrl":"https:\/\/www.edesia.al\/wp-content\/uploads\/2026\/02\/Vaj-Esencial-Bergamot-Organik-1.png","width":593,"height":593},{"@type":"BreadcrumbList","@id":"https:\/\/www.edesia.al\/?product=vaj-esencial-bergamot-organik#breadcrumb","itemListElement":[{"@type":"ListItem","position":1,"name":"Home","item":"https:\/\/www.edesia.al\/"},{"@type":"ListItem","position":2,"name":"Dyqani","item":"https:\/\/www.edesia.al\/?page_id=17"},{"@type":"ListItem","position":3,"name":"Vaj Esencial Bergamot Organik"}]},{"@type":"WebSite","@id":"https:\/\/www.edesia.al\/#website","url":"https:\/\/www.edesia.al\/","name":"Edesia","description":"","publisher":{"@id":"https:\/\/www.edesia.al\/#organization"},"potentialAction":[{"@type":"SearchAction","target":{"@type":"EntryPoint","urlTemplate":"https:\/\/www.edesia.al\/?s={search_term_string}"},"query-input":{"@type":"PropertyValueSpecification","valueRequired":true,"valueName":"search_term_string"}}],"inLanguage":"en-US"},{"@type":"Organization","@id":"https:\/\/www.edesia.al\/#organization","name":"Edesia","url":"https:\/\/www.edesia.al\/","logo":{"@type":"ImageObject","inLanguage":"en-US","@id":"https:\/\/www.edesia.al\/#\/schema\/logo\/image\/","url":"https:\/\/www.edesia.al\/wp-content\/uploads\/2026\/02\/Logo-Edesia-no-background.png","contentUrl":"https:\/\/www.edesia.al\/wp-content\/uploads\/2026\/02\/Logo-Edesia-no-background.png","width":293,"height":158,"caption":"Edesia"},"image":{"@id":"https:\/\/www.edesia.al\/#\/schema\/logo\/image\/"}}]}},"_links":{"self":[{"href":"https:\/\/www.edesia.al\/index.php?rest_route=\/wp\/v2\/product\/6909","targetHints":{"allow":["GET"]}}],"collection":[{"href":"https:\/\/www.edesia.al\/index.php?rest_route=\/wp\/v2\/product"}],"about":[{"href":"https:\/\/www.edesia.al\/index.php?rest_route=\/wp\/v2\/types\/product"}],"replies":[{"embeddable":true,"href":"https:\/\/www.edesia.al\/index.php?rest_route=%2Fwp%2Fv2%2Fcomments&post=6909"}],"wp:featuredmedia":[{"embeddable":true,"href":"https:\/\/www.edesia.al\/index.php?rest_route=\/wp\/v2\/media\/6941"}],"wp:attachment":[{"href":"https:\/\/www.edesia.al\/index.php?rest_route=%2Fwp%2Fv2%2Fmedia&parent=6909"}],"wp:term":[{"taxonomy":"kategori-sipas-dietave","embeddable":true,"href":"https:\/\/www.edesia.al\/index.php?rest_route=%2Fwp%2Fv2%2Fkategori-sipas-dietave&post=6909"},{"taxonomy":"kategori-sipas-problemeve-shende","embeddable":true,"href":"https:\/\/www.edesia.al\/index.php?rest_route=%2Fwp%2Fv2%2Fkategori-sipas-problemeve-shende&post=6909"},{"taxonomy":"product_brand","embeddable":true,"href":"https:\/\/www.edesia.al\/index.php?rest_route=%2Fwp%2Fv2%2Fproduct_brand&post=6909"},{"taxonomy":"product_cat","embeddable":true,"href":"https:\/\/www.edesia.al\/index.php?rest_route=%2Fwp%2Fv2%2Fproduct_cat&post=6909"},{"taxonomy":"product_tag","embeddable":true,"href":"https:\/\/www.edesia.al\/index.php?rest_route=%2Fwp%2Fv2%2Fproduct_tag&post=6909"}],"curies":[{"name":"wp","href":"https:\/\/api.w.org\/{rel}","templated":true}]}}