{"id":6914,"date":"2026-02-16T21:11:28","date_gmt":"2026-02-16T21:11:28","guid":{"rendered":"https:\/\/www.edesia.al\/?post_type=product&#038;p=6914"},"modified":"2026-02-25T10:28:56","modified_gmt":"2026-02-25T10:28:56","slug":"vaj-esencial-rigoni-organik","status":"publish","type":"product","link":"https:\/\/www.edesia.al\/?product=vaj-esencial-rigoni-organik","title":{"rendered":"Vaj Esencial Rigoni Organik"},"content":{"rendered":"<h3>Vaj Esencial Rigoni Organik (10ml)<\/h3>\n<p>Vaji esencial organik i rigonit \u00ebsht\u00eb nj\u00eb lloj vaji q\u00eb ekstraktohet nga bim\u00ebt e rigonit n\u00eb m\u00ebnyr\u00eb organike dhe nuk p\u00ebrmban produkte kimike t\u00eb sintetizuara. Ky vaj \u00ebsht\u00eb i pasur me acidet yndyrore omega-6 dhe omega-3, vitamina dhe minerale si vitaminat A, C, E, kalciumi dhe hekuri. P\u00ebr shkak t\u00eb k\u00ebsaj p\u00ebrzierje t\u00eb pasuris\u00eb s\u00eb tij, vaji esencial organik i rigonit mund t\u00eb ket\u00eb p\u00ebrfitime sh\u00ebndet\u00ebsore p\u00ebr l\u00ebkur\u00ebn, flok\u00ebt, trupin dhe sh\u00ebndetin e p\u00ebrgjithsh\u00ebm.<\/p>\n<h4>P\u00ebrfitimet sh\u00ebndet\u00ebsore:<\/h4>\n<ul>\n<li>Kujdesi p\u00ebr l\u00ebkur\u00ebn<\/li>\n<\/ul>\n<p>Vaji i rigonit mund t\u00eb ndihmoj\u00eb n\u00eb trajtimin e shum\u00eb problemeve t\u00eb l\u00ebkur\u00ebs si aknet, ekzema, psoriazi dhe rrudhat. Ajo mund t\u00eb ndihmoj\u00eb n\u00eb hidratimin e l\u00ebkur\u00ebs, nd\u00ebrsa gjithashtu mund t\u00eb ndihmoj\u00eb n\u00eb uljen e inflamacionit dhe zvog\u00eblimin e shenjave t\u00eb vjetra.<\/p>\n<ul>\n<li>Rritja e r\u00ebnies s\u00eb flok\u00ebve<\/li>\n<\/ul>\n<p>P\u00ebr shkak t\u00eb pasuris\u00eb s\u00eb tij me acidet yndyrore omega-6 dhe omega-3, vaji i rigonit mund t\u00eb ndihmoj\u00eb n\u00eb rritjen e r\u00ebnies s\u00eb flok\u00ebve dhe ndihmon n\u00eb rritjen e flok\u00ebve t\u00eb sh\u00ebndetsh\u00ebm dhe t\u00eb fort\u00eb.<\/p>\n<ul>\n<li>Mb\u00ebshtetje e sh\u00ebndetit t\u00eb zemr\u00ebs<\/li>\n<\/ul>\n<p>Vaji i rigonit \u00ebsht\u00eb i pasur me acid linoleik dhe acid oleik, q\u00eb mund t\u00eb ndihmojn\u00eb n\u00eb mb\u00ebshtetjen e sh\u00ebndetit t\u00eb zemr\u00ebs dhe zvog\u00eblimin e rrezikut t\u00eb s\u00ebmundjeve kardiovaskulare.<\/p>\n<ul>\n<li>Ndihmon n\u00eb uljen e nivelit t\u00eb sheqerit n\u00eb gjak<\/li>\n<\/ul>\n<p>Nj\u00eb studim ka treguar se vaji i rigonit mund t\u00eb ndihmoj\u00eb n\u00eb uljen e nivelit t\u00eb sheqerit n\u00eb gjak dhe mund t\u00eb jet\u00eb efektiv n\u00eb trajtimin e diabetit.<\/p>\n<ul>\n<li>Ndihmon n\u00eb mb\u00ebshtetjen e sistemit imunitar<\/li>\n<\/ul>\n<p>Vaji i rigonit \u00ebsht\u00eb i pasur me vitamina dhe minerale q\u00eb mund t\u00eb ndihmojn\u00eb n\u00eb mb\u00ebshtetjen e sistemit imunitar dhe t\u00eb ndihmojn\u00eb n\u00eb mbrojtjen e trupit nga s\u00ebmundjet.<\/p>\n<ul>\n<li>Ndihmon n\u00eb uljen e inflamacionit<\/li>\n<\/ul>\n<p>Acidet yndyrore omega-6 dhe omega-3 n\u00eb vajin e rigonit kan\u00eb veti anti-inflamatore, q\u00eb mund t\u00eb ndihmojn\u00eb n\u00eb uljen e inflamacionit dhe ndihmojn\u00eb n\u00eb trajtimin e s\u00ebmundjeve inflamatore si artriti.<\/p>\n","protected":false},"excerpt":{"rendered":"<p>Vaj Esencial Rigoni Organik (10ml) Vaji esencial organik i rigonit \u00ebsht\u00eb nj\u00eb lloj vaji q\u00eb ekstraktohet nga bim\u00ebt e rigonit n\u00eb m\u00ebnyr\u00eb organike dhe nuk p\u00ebrmban produkte kimike t\u00eb sintetizuara. Ky vaj \u00ebsht\u00eb i pasur me acidet yndyrore omega-6 dhe omega-3, vitamina dhe minerale si vitaminat A, C, E, kalciumi dhe hekuri. P\u00ebr shkak t\u00eb[&#8230;]<\/p>\n","protected":false},"featured_media":6946,"comment_status":"open","ping_status":"closed","template":"","meta":{"_acf_changed":false,"inline_featured_image":false},"kategori-sipas-dietave":[89],"kategori-sipas-problemeve-shende":[85],"product_brand":[32],"product_cat":[27,81],"product_tag":[],"class_list":{"0":"post-6914","1":"product","2":"type-product","3":"status-publish","4":"has-post-thumbnail","6":"kategori-sipas-dietave-vegan","7":"kategori-sipas-problemeve-shende-imuniteti","8":"product_brand-bioagros","9":"product_cat-bime-mjekesore","10":"product_cat-caj-bime-mjekesore","12":"first","13":"outofstock","14":"taxable","15":"shipping-taxable","16":"purchasable","17":"product-type-simple"},"acf":[],"yoast_head":"<!-- This site is optimized with the Yoast SEO plugin v27.4 - https:\/\/yoast.com\/product\/yoast-seo-wordpress\/ -->\n<title>Vaj Esencial Rigoni Organik - Edesia<\/title>\n<meta name=\"robots\" content=\"index, follow, max-snippet:-1, max-image-preview:large, max-video-preview:-1\" \/>\n<link rel=\"canonical\" href=\"https:\/\/www.edesia.al\/?product=vaj-esencial-rigoni-organik\" \/>\n<meta property=\"og:locale\" content=\"en_US\" \/>\n<meta property=\"og:type\" content=\"article\" \/>\n<meta property=\"og:title\" content=\"Vaj Esencial Rigoni Organik - Edesia\" \/>\n<meta property=\"og:description\" content=\"Vaj Esencial Rigoni Organik (10ml) Vaji esencial organik i rigonit \u00ebsht\u00eb nj\u00eb lloj vaji q\u00eb ekstraktohet nga bim\u00ebt e rigonit n\u00eb m\u00ebnyr\u00eb organike dhe nuk p\u00ebrmban produkte kimike t\u00eb sintetizuara. Ky vaj \u00ebsht\u00eb i pasur me acidet yndyrore omega-6 dhe omega-3, vitamina dhe minerale si vitaminat A, C, E, kalciumi dhe hekuri. P\u00ebr shkak t\u00eb[...]\" \/>\n<meta property=\"og:url\" content=\"https:\/\/www.edesia.al\/?product=vaj-esencial-rigoni-organik\" \/>\n<meta property=\"og:site_name\" content=\"Edesia\" \/>\n<meta property=\"article:modified_time\" content=\"2026-02-25T10:28:56+00:00\" \/>\n<meta property=\"og:image\" content=\"https:\/\/www.edesia.al\/wp-content\/uploads\/2026\/02\/Vaj-Esencial-Rigoniiiii-1.png\" \/>\n\t<meta property=\"og:image:width\" content=\"593\" \/>\n\t<meta property=\"og:image:height\" content=\"593\" \/>\n\t<meta property=\"og:image:type\" content=\"image\/png\" \/>\n<meta name=\"twitter:card\" content=\"summary_large_image\" \/>\n<meta name=\"twitter:label1\" content=\"Est. reading time\" \/>\n\t<meta name=\"twitter:data1\" content=\"2 minutes\" \/>\n<script type=\"application\/ld+json\" class=\"yoast-schema-graph\">{\"@context\":\"https:\\\/\\\/schema.org\",\"@graph\":[{\"@type\":\"WebPage\",\"@id\":\"https:\\\/\\\/www.edesia.al\\\/?product=vaj-esencial-rigoni-organik\",\"url\":\"https:\\\/\\\/www.edesia.al\\\/?product=vaj-esencial-rigoni-organik\",\"name\":\"Vaj Esencial Rigoni Organik - Edesia\",\"isPartOf\":{\"@id\":\"https:\\\/\\\/www.edesia.al\\\/#website\"},\"primaryImageOfPage\":{\"@id\":\"https:\\\/\\\/www.edesia.al\\\/?product=vaj-esencial-rigoni-organik#primaryimage\"},\"image\":{\"@id\":\"https:\\\/\\\/www.edesia.al\\\/?product=vaj-esencial-rigoni-organik#primaryimage\"},\"thumbnailUrl\":\"https:\\\/\\\/www.edesia.al\\\/wp-content\\\/uploads\\\/2026\\\/02\\\/Vaj-Esencial-Rigoniiiii-1.png\",\"datePublished\":\"2026-02-16T21:11:28+00:00\",\"dateModified\":\"2026-02-25T10:28:56+00:00\",\"breadcrumb\":{\"@id\":\"https:\\\/\\\/www.edesia.al\\\/?product=vaj-esencial-rigoni-organik#breadcrumb\"},\"inLanguage\":\"en-US\",\"potentialAction\":[{\"@type\":\"ReadAction\",\"target\":[\"https:\\\/\\\/www.edesia.al\\\/?product=vaj-esencial-rigoni-organik\"]}]},{\"@type\":\"ImageObject\",\"inLanguage\":\"en-US\",\"@id\":\"https:\\\/\\\/www.edesia.al\\\/?product=vaj-esencial-rigoni-organik#primaryimage\",\"url\":\"https:\\\/\\\/www.edesia.al\\\/wp-content\\\/uploads\\\/2026\\\/02\\\/Vaj-Esencial-Rigoniiiii-1.png\",\"contentUrl\":\"https:\\\/\\\/www.edesia.al\\\/wp-content\\\/uploads\\\/2026\\\/02\\\/Vaj-Esencial-Rigoniiiii-1.png\",\"width\":593,\"height\":593},{\"@type\":\"BreadcrumbList\",\"@id\":\"https:\\\/\\\/www.edesia.al\\\/?product=vaj-esencial-rigoni-organik#breadcrumb\",\"itemListElement\":[{\"@type\":\"ListItem\",\"position\":1,\"name\":\"Home\",\"item\":\"https:\\\/\\\/www.edesia.al\\\/\"},{\"@type\":\"ListItem\",\"position\":2,\"name\":\"Dyqani\",\"item\":\"https:\\\/\\\/www.edesia.al\\\/?page_id=17\"},{\"@type\":\"ListItem\",\"position\":3,\"name\":\"Vaj Esencial Rigoni Organik\"}]},{\"@type\":\"WebSite\",\"@id\":\"https:\\\/\\\/www.edesia.al\\\/#website\",\"url\":\"https:\\\/\\\/www.edesia.al\\\/\",\"name\":\"Edesia\",\"description\":\"\",\"publisher\":{\"@id\":\"https:\\\/\\\/www.edesia.al\\\/#organization\"},\"potentialAction\":[{\"@type\":\"SearchAction\",\"target\":{\"@type\":\"EntryPoint\",\"urlTemplate\":\"https:\\\/\\\/www.edesia.al\\\/?s={search_term_string}\"},\"query-input\":{\"@type\":\"PropertyValueSpecification\",\"valueRequired\":true,\"valueName\":\"search_term_string\"}}],\"inLanguage\":\"en-US\"},{\"@type\":\"Organization\",\"@id\":\"https:\\\/\\\/www.edesia.al\\\/#organization\",\"name\":\"Edesia\",\"url\":\"https:\\\/\\\/www.edesia.al\\\/\",\"logo\":{\"@type\":\"ImageObject\",\"inLanguage\":\"en-US\",\"@id\":\"https:\\\/\\\/www.edesia.al\\\/#\\\/schema\\\/logo\\\/image\\\/\",\"url\":\"https:\\\/\\\/www.edesia.al\\\/wp-content\\\/uploads\\\/2026\\\/02\\\/Logo-Edesia-no-background.png\",\"contentUrl\":\"https:\\\/\\\/www.edesia.al\\\/wp-content\\\/uploads\\\/2026\\\/02\\\/Logo-Edesia-no-background.png\",\"width\":293,\"height\":158,\"caption\":\"Edesia\"},\"image\":{\"@id\":\"https:\\\/\\\/www.edesia.al\\\/#\\\/schema\\\/logo\\\/image\\\/\"}}]}<\/script>\n<!-- \/ Yoast SEO plugin. -->","yoast_head_json":{"title":"Vaj Esencial Rigoni Organik - Edesia","robots":{"index":"index","follow":"follow","max-snippet":"max-snippet:-1","max-image-preview":"max-image-preview:large","max-video-preview":"max-video-preview:-1"},"canonical":"https:\/\/www.edesia.al\/?product=vaj-esencial-rigoni-organik","og_locale":"en_US","og_type":"article","og_title":"Vaj Esencial Rigoni Organik - Edesia","og_description":"Vaj Esencial Rigoni Organik (10ml) Vaji esencial organik i rigonit \u00ebsht\u00eb nj\u00eb lloj vaji q\u00eb ekstraktohet nga bim\u00ebt e rigonit n\u00eb m\u00ebnyr\u00eb organike dhe nuk p\u00ebrmban produkte kimike t\u00eb sintetizuara. Ky vaj \u00ebsht\u00eb i pasur me acidet yndyrore omega-6 dhe omega-3, vitamina dhe minerale si vitaminat A, C, E, kalciumi dhe hekuri. P\u00ebr shkak t\u00eb[...]","og_url":"https:\/\/www.edesia.al\/?product=vaj-esencial-rigoni-organik","og_site_name":"Edesia","article_modified_time":"2026-02-25T10:28:56+00:00","og_image":[{"width":593,"height":593,"url":"https:\/\/www.edesia.al\/wp-content\/uploads\/2026\/02\/Vaj-Esencial-Rigoniiiii-1.png","type":"image\/png"}],"twitter_card":"summary_large_image","twitter_misc":{"Est. reading time":"2 minutes"},"schema":{"@context":"https:\/\/schema.org","@graph":[{"@type":"WebPage","@id":"https:\/\/www.edesia.al\/?product=vaj-esencial-rigoni-organik","url":"https:\/\/www.edesia.al\/?product=vaj-esencial-rigoni-organik","name":"Vaj Esencial Rigoni Organik - Edesia","isPartOf":{"@id":"https:\/\/www.edesia.al\/#website"},"primaryImageOfPage":{"@id":"https:\/\/www.edesia.al\/?product=vaj-esencial-rigoni-organik#primaryimage"},"image":{"@id":"https:\/\/www.edesia.al\/?product=vaj-esencial-rigoni-organik#primaryimage"},"thumbnailUrl":"https:\/\/www.edesia.al\/wp-content\/uploads\/2026\/02\/Vaj-Esencial-Rigoniiiii-1.png","datePublished":"2026-02-16T21:11:28+00:00","dateModified":"2026-02-25T10:28:56+00:00","breadcrumb":{"@id":"https:\/\/www.edesia.al\/?product=vaj-esencial-rigoni-organik#breadcrumb"},"inLanguage":"en-US","potentialAction":[{"@type":"ReadAction","target":["https:\/\/www.edesia.al\/?product=vaj-esencial-rigoni-organik"]}]},{"@type":"ImageObject","inLanguage":"en-US","@id":"https:\/\/www.edesia.al\/?product=vaj-esencial-rigoni-organik#primaryimage","url":"https:\/\/www.edesia.al\/wp-content\/uploads\/2026\/02\/Vaj-Esencial-Rigoniiiii-1.png","contentUrl":"https:\/\/www.edesia.al\/wp-content\/uploads\/2026\/02\/Vaj-Esencial-Rigoniiiii-1.png","width":593,"height":593},{"@type":"BreadcrumbList","@id":"https:\/\/www.edesia.al\/?product=vaj-esencial-rigoni-organik#breadcrumb","itemListElement":[{"@type":"ListItem","position":1,"name":"Home","item":"https:\/\/www.edesia.al\/"},{"@type":"ListItem","position":2,"name":"Dyqani","item":"https:\/\/www.edesia.al\/?page_id=17"},{"@type":"ListItem","position":3,"name":"Vaj Esencial Rigoni Organik"}]},{"@type":"WebSite","@id":"https:\/\/www.edesia.al\/#website","url":"https:\/\/www.edesia.al\/","name":"Edesia","description":"","publisher":{"@id":"https:\/\/www.edesia.al\/#organization"},"potentialAction":[{"@type":"SearchAction","target":{"@type":"EntryPoint","urlTemplate":"https:\/\/www.edesia.al\/?s={search_term_string}"},"query-input":{"@type":"PropertyValueSpecification","valueRequired":true,"valueName":"search_term_string"}}],"inLanguage":"en-US"},{"@type":"Organization","@id":"https:\/\/www.edesia.al\/#organization","name":"Edesia","url":"https:\/\/www.edesia.al\/","logo":{"@type":"ImageObject","inLanguage":"en-US","@id":"https:\/\/www.edesia.al\/#\/schema\/logo\/image\/","url":"https:\/\/www.edesia.al\/wp-content\/uploads\/2026\/02\/Logo-Edesia-no-background.png","contentUrl":"https:\/\/www.edesia.al\/wp-content\/uploads\/2026\/02\/Logo-Edesia-no-background.png","width":293,"height":158,"caption":"Edesia"},"image":{"@id":"https:\/\/www.edesia.al\/#\/schema\/logo\/image\/"}}]}},"_links":{"self":[{"href":"https:\/\/www.edesia.al\/index.php?rest_route=\/wp\/v2\/product\/6914","targetHints":{"allow":["GET"]}}],"collection":[{"href":"https:\/\/www.edesia.al\/index.php?rest_route=\/wp\/v2\/product"}],"about":[{"href":"https:\/\/www.edesia.al\/index.php?rest_route=\/wp\/v2\/types\/product"}],"replies":[{"embeddable":true,"href":"https:\/\/www.edesia.al\/index.php?rest_route=%2Fwp%2Fv2%2Fcomments&post=6914"}],"wp:featuredmedia":[{"embeddable":true,"href":"https:\/\/www.edesia.al\/index.php?rest_route=\/wp\/v2\/media\/6946"}],"wp:attachment":[{"href":"https:\/\/www.edesia.al\/index.php?rest_route=%2Fwp%2Fv2%2Fmedia&parent=6914"}],"wp:term":[{"taxonomy":"kategori-sipas-dietave","embeddable":true,"href":"https:\/\/www.edesia.al\/index.php?rest_route=%2Fwp%2Fv2%2Fkategori-sipas-dietave&post=6914"},{"taxonomy":"kategori-sipas-problemeve-shende","embeddable":true,"href":"https:\/\/www.edesia.al\/index.php?rest_route=%2Fwp%2Fv2%2Fkategori-sipas-problemeve-shende&post=6914"},{"taxonomy":"product_brand","embeddable":true,"href":"https:\/\/www.edesia.al\/index.php?rest_route=%2Fwp%2Fv2%2Fproduct_brand&post=6914"},{"taxonomy":"product_cat","embeddable":true,"href":"https:\/\/www.edesia.al\/index.php?rest_route=%2Fwp%2Fv2%2Fproduct_cat&post=6914"},{"taxonomy":"product_tag","embeddable":true,"href":"https:\/\/www.edesia.al\/index.php?rest_route=%2Fwp%2Fv2%2Fproduct_tag&post=6914"}],"curies":[{"name":"wp","href":"https:\/\/api.w.org\/{rel}","templated":true}]}}