{"id":6924,"date":"2026-02-16T21:11:29","date_gmt":"2026-02-16T21:11:29","guid":{"rendered":"https:\/\/www.edesia.al\/?post_type=product&#038;p=6924"},"modified":"2026-02-25T10:32:33","modified_gmt":"2026-02-25T10:32:33","slug":"qumesht-blete","status":"publish","type":"product","link":"https:\/\/www.edesia.al\/?product=qumesht-blete","title":{"rendered":"Qum\u00ebsht Blete"},"content":{"rendered":"<h3>Qum\u00ebsht Blete &#8211; 100% Organike (10gr)<\/h3>\n<p>Qum\u00ebshti i blet\u00ebve njihet si mrekulli b\u00ebr\u00ebs. Ky qum\u00ebsht \u00ebsht\u00eb nj\u00eb burim i pasur me ushqim dhe substancat ushqyese dhe \u00ebsht\u00eb p\u00ebrdorur tradicionalisht p\u00ebr qindra vjet p\u00ebr sh\u00ebrim dhe ushqim n\u00eb disa kultura.<\/p>\n<h4>P\u00ebrfitimet sh\u00ebndet\u00ebsore :<\/h4>\n<ul>\n<li>Burim i mir\u00eb i proteina<\/li>\n<\/ul>\n<p>Qum\u00ebshti i blet\u00ebve p\u00ebrmban proteina t\u00eb pasura dhe esenciale, si albumina dhe globulina. Kjo e b\u00ebn at\u00eb nj\u00eb burim t\u00eb mir\u00eb t\u00eb ushqimit p\u00ebr ata q\u00eb duan t\u00eb rrisin mas\u00ebn muskulore dhe p\u00ebr njer\u00ebzit q\u00eb duan t\u00eb rrisin nivelin e tyre t\u00eb energjis\u00eb.<\/p>\n<ul>\n<li>Mb\u00ebshtetje e sh\u00ebndetit t\u00eb trurit<\/li>\n<\/ul>\n<p>Qum\u00ebshti i blet\u00ebve mund t\u00eb ndihmoj\u00eb n\u00eb p\u00ebrmir\u00ebsimin e funksionit t\u00eb trurit dhe n\u00eb ndihm\u00ebn e kujtes\u00ebs dhe aft\u00ebsive individuale.<\/p>\n<ul>\n<li>Ndihmon n\u00eb rritjen e energjis\u00eb<\/li>\n<\/ul>\n<p>Qum\u00ebshti i blet\u00ebve mund t\u00eb ndihmoj\u00eb n\u00eb rritjen e niveleve t\u00eb energjis\u00eb n\u00eb trup. Ajo mund t\u00eb ndihmoj\u00eb n\u00eb p\u00ebrmir\u00ebsimin e nivelit t\u00eb yndyrnave t\u00eb mira dhe mund t\u00eb ndihmoj\u00eb n\u00eb p\u00ebrmir\u00ebsimin e funksionimit t\u00eb metabolizmit.<\/p>\n<ul>\n<li>Ndihmon n\u00eb mb\u00ebshtetjen e sistemit imunitar<\/li>\n<\/ul>\n<p>Qum\u00ebshti i blet\u00ebve p\u00ebrmban antioksidant\u00eb dhe substancat ushqyese q\u00eb mund t\u00eb ndihmojn\u00eb n\u00eb p\u00ebrmir\u00ebsimin e funksionit t\u00eb sistemit imunitar t\u00eb trupit. Ajo mund t\u00eb ndihmoj\u00eb n\u00eb rritjen e prodhimit t\u00eb qelizave t\u00eb bardha t\u00eb gjakut dhe mund t\u00eb ndihmoj\u00eb n\u00eb luft\u00ebn kund\u00ebr infeksioneve dhe s\u00ebmundjeve.<\/p>\n<ul>\n<li>Mund t\u00eb ndihmoj\u00eb n\u00eb luft\u00ebn kund\u00ebr alergjive<\/li>\n<\/ul>\n<p>Qum\u00ebshti i blet\u00ebve mund t\u00eb ndihmoj\u00eb n\u00eb luft\u00ebn kund\u00ebr alergjive, si\u00e7 jan\u00eb alergjit\u00eb e sezonave, astma dhe riniti alergjik. Ajo mund t\u00eb ndihmoj\u00eb n\u00eb rritjen e prodhimit t\u00eb antitrupave dhe mund t\u00eb ndihmoj\u00eb n\u00eb uljen e simptomave t\u00eb alergjive.<\/p>\n<p>&nbsp;<\/p>\n","protected":false},"excerpt":{"rendered":"<p>Qum\u00ebsht Blete &#8211; 100% Organike (10gr) Qum\u00ebshti i blet\u00ebve njihet si mrekulli b\u00ebr\u00ebs. Ky qum\u00ebsht \u00ebsht\u00eb nj\u00eb burim i pasur me ushqim dhe substancat ushqyese dhe \u00ebsht\u00eb p\u00ebrdorur tradicionalisht p\u00ebr qindra vjet p\u00ebr sh\u00ebrim dhe ushqim n\u00eb disa kultura. P\u00ebrfitimet sh\u00ebndet\u00ebsore : Burim i mir\u00eb i proteina Qum\u00ebshti i blet\u00ebve p\u00ebrmban proteina t\u00eb pasura dhe[&#8230;]<\/p>\n","protected":false},"featured_media":6956,"comment_status":"open","ping_status":"closed","template":"","meta":{"_acf_changed":false,"inline_featured_image":false},"kategori-sipas-dietave":[91],"kategori-sipas-problemeve-shende":[84],"product_brand":[32],"product_cat":[28,80],"product_tag":[],"class_list":{"0":"post-6924","1":"product","2":"type-product","3":"status-publish","4":"has-post-thumbnail","6":"kategori-sipas-dietave-high-protein","7":"kategori-sipas-problemeve-shende-suport-hormonal","8":"product_brand-bioagros","9":"product_cat-superfoods","10":"product_cat-suplemente-superfoods","12":"first","13":"instock","14":"taxable","15":"shipping-taxable","16":"purchasable","17":"product-type-simple"},"acf":[],"yoast_head":"<!-- This site is optimized with the Yoast SEO plugin v27.4 - https:\/\/yoast.com\/product\/yoast-seo-wordpress\/ -->\n<title>Qum\u00ebsht Blete - Edesia<\/title>\n<meta name=\"robots\" content=\"index, follow, max-snippet:-1, max-image-preview:large, max-video-preview:-1\" \/>\n<link rel=\"canonical\" href=\"https:\/\/www.edesia.al\/?product=qumesht-blete\" \/>\n<meta property=\"og:locale\" content=\"en_US\" \/>\n<meta property=\"og:type\" content=\"article\" \/>\n<meta property=\"og:title\" content=\"Qum\u00ebsht Blete - Edesia\" \/>\n<meta property=\"og:description\" content=\"Qum\u00ebsht Blete &#8211; 100% Organike (10gr) Qum\u00ebshti i blet\u00ebve njihet si mrekulli b\u00ebr\u00ebs. Ky qum\u00ebsht \u00ebsht\u00eb nj\u00eb burim i pasur me ushqim dhe substancat ushqyese dhe \u00ebsht\u00eb p\u00ebrdorur tradicionalisht p\u00ebr qindra vjet p\u00ebr sh\u00ebrim dhe ushqim n\u00eb disa kultura. P\u00ebrfitimet sh\u00ebndet\u00ebsore : Burim i mir\u00eb i proteina Qum\u00ebshti i blet\u00ebve p\u00ebrmban proteina t\u00eb pasura dhe[...]\" \/>\n<meta property=\"og:url\" content=\"https:\/\/www.edesia.al\/?product=qumesht-blete\" \/>\n<meta property=\"og:site_name\" content=\"Edesia\" \/>\n<meta property=\"article:modified_time\" content=\"2026-02-25T10:32:33+00:00\" \/>\n<meta property=\"og:image\" content=\"https:\/\/www.edesia.al\/wp-content\/uploads\/2026\/02\/Qumesht-Blete-1.png\" \/>\n\t<meta property=\"og:image:width\" content=\"593\" \/>\n\t<meta property=\"og:image:height\" content=\"593\" \/>\n\t<meta property=\"og:image:type\" content=\"image\/png\" \/>\n<meta name=\"twitter:card\" content=\"summary_large_image\" \/>\n<meta name=\"twitter:label1\" content=\"Est. reading time\" \/>\n\t<meta name=\"twitter:data1\" content=\"2 minutes\" \/>\n<script type=\"application\/ld+json\" class=\"yoast-schema-graph\">{\"@context\":\"https:\\\/\\\/schema.org\",\"@graph\":[{\"@type\":\"WebPage\",\"@id\":\"https:\\\/\\\/www.edesia.al\\\/?product=qumesht-blete\",\"url\":\"https:\\\/\\\/www.edesia.al\\\/?product=qumesht-blete\",\"name\":\"Qum\u00ebsht Blete - Edesia\",\"isPartOf\":{\"@id\":\"https:\\\/\\\/www.edesia.al\\\/#website\"},\"primaryImageOfPage\":{\"@id\":\"https:\\\/\\\/www.edesia.al\\\/?product=qumesht-blete#primaryimage\"},\"image\":{\"@id\":\"https:\\\/\\\/www.edesia.al\\\/?product=qumesht-blete#primaryimage\"},\"thumbnailUrl\":\"https:\\\/\\\/www.edesia.al\\\/wp-content\\\/uploads\\\/2026\\\/02\\\/Qumesht-Blete-1.png\",\"datePublished\":\"2026-02-16T21:11:29+00:00\",\"dateModified\":\"2026-02-25T10:32:33+00:00\",\"breadcrumb\":{\"@id\":\"https:\\\/\\\/www.edesia.al\\\/?product=qumesht-blete#breadcrumb\"},\"inLanguage\":\"en-US\",\"potentialAction\":[{\"@type\":\"ReadAction\",\"target\":[\"https:\\\/\\\/www.edesia.al\\\/?product=qumesht-blete\"]}]},{\"@type\":\"ImageObject\",\"inLanguage\":\"en-US\",\"@id\":\"https:\\\/\\\/www.edesia.al\\\/?product=qumesht-blete#primaryimage\",\"url\":\"https:\\\/\\\/www.edesia.al\\\/wp-content\\\/uploads\\\/2026\\\/02\\\/Qumesht-Blete-1.png\",\"contentUrl\":\"https:\\\/\\\/www.edesia.al\\\/wp-content\\\/uploads\\\/2026\\\/02\\\/Qumesht-Blete-1.png\",\"width\":593,\"height\":593},{\"@type\":\"BreadcrumbList\",\"@id\":\"https:\\\/\\\/www.edesia.al\\\/?product=qumesht-blete#breadcrumb\",\"itemListElement\":[{\"@type\":\"ListItem\",\"position\":1,\"name\":\"Home\",\"item\":\"https:\\\/\\\/www.edesia.al\\\/\"},{\"@type\":\"ListItem\",\"position\":2,\"name\":\"Dyqani\",\"item\":\"https:\\\/\\\/www.edesia.al\\\/?page_id=17\"},{\"@type\":\"ListItem\",\"position\":3,\"name\":\"Qum\u00ebsht Blete\"}]},{\"@type\":\"WebSite\",\"@id\":\"https:\\\/\\\/www.edesia.al\\\/#website\",\"url\":\"https:\\\/\\\/www.edesia.al\\\/\",\"name\":\"Edesia\",\"description\":\"\",\"publisher\":{\"@id\":\"https:\\\/\\\/www.edesia.al\\\/#organization\"},\"potentialAction\":[{\"@type\":\"SearchAction\",\"target\":{\"@type\":\"EntryPoint\",\"urlTemplate\":\"https:\\\/\\\/www.edesia.al\\\/?s={search_term_string}\"},\"query-input\":{\"@type\":\"PropertyValueSpecification\",\"valueRequired\":true,\"valueName\":\"search_term_string\"}}],\"inLanguage\":\"en-US\"},{\"@type\":\"Organization\",\"@id\":\"https:\\\/\\\/www.edesia.al\\\/#organization\",\"name\":\"Edesia\",\"url\":\"https:\\\/\\\/www.edesia.al\\\/\",\"logo\":{\"@type\":\"ImageObject\",\"inLanguage\":\"en-US\",\"@id\":\"https:\\\/\\\/www.edesia.al\\\/#\\\/schema\\\/logo\\\/image\\\/\",\"url\":\"https:\\\/\\\/www.edesia.al\\\/wp-content\\\/uploads\\\/2026\\\/02\\\/Logo-Edesia-no-background.png\",\"contentUrl\":\"https:\\\/\\\/www.edesia.al\\\/wp-content\\\/uploads\\\/2026\\\/02\\\/Logo-Edesia-no-background.png\",\"width\":293,\"height\":158,\"caption\":\"Edesia\"},\"image\":{\"@id\":\"https:\\\/\\\/www.edesia.al\\\/#\\\/schema\\\/logo\\\/image\\\/\"}}]}<\/script>\n<!-- \/ Yoast SEO plugin. -->","yoast_head_json":{"title":"Qum\u00ebsht Blete - Edesia","robots":{"index":"index","follow":"follow","max-snippet":"max-snippet:-1","max-image-preview":"max-image-preview:large","max-video-preview":"max-video-preview:-1"},"canonical":"https:\/\/www.edesia.al\/?product=qumesht-blete","og_locale":"en_US","og_type":"article","og_title":"Qum\u00ebsht Blete - Edesia","og_description":"Qum\u00ebsht Blete &#8211; 100% Organike (10gr) Qum\u00ebshti i blet\u00ebve njihet si mrekulli b\u00ebr\u00ebs. Ky qum\u00ebsht \u00ebsht\u00eb nj\u00eb burim i pasur me ushqim dhe substancat ushqyese dhe \u00ebsht\u00eb p\u00ebrdorur tradicionalisht p\u00ebr qindra vjet p\u00ebr sh\u00ebrim dhe ushqim n\u00eb disa kultura. P\u00ebrfitimet sh\u00ebndet\u00ebsore : Burim i mir\u00eb i proteina Qum\u00ebshti i blet\u00ebve p\u00ebrmban proteina t\u00eb pasura dhe[...]","og_url":"https:\/\/www.edesia.al\/?product=qumesht-blete","og_site_name":"Edesia","article_modified_time":"2026-02-25T10:32:33+00:00","og_image":[{"width":593,"height":593,"url":"https:\/\/www.edesia.al\/wp-content\/uploads\/2026\/02\/Qumesht-Blete-1.png","type":"image\/png"}],"twitter_card":"summary_large_image","twitter_misc":{"Est. reading time":"2 minutes"},"schema":{"@context":"https:\/\/schema.org","@graph":[{"@type":"WebPage","@id":"https:\/\/www.edesia.al\/?product=qumesht-blete","url":"https:\/\/www.edesia.al\/?product=qumesht-blete","name":"Qum\u00ebsht Blete - Edesia","isPartOf":{"@id":"https:\/\/www.edesia.al\/#website"},"primaryImageOfPage":{"@id":"https:\/\/www.edesia.al\/?product=qumesht-blete#primaryimage"},"image":{"@id":"https:\/\/www.edesia.al\/?product=qumesht-blete#primaryimage"},"thumbnailUrl":"https:\/\/www.edesia.al\/wp-content\/uploads\/2026\/02\/Qumesht-Blete-1.png","datePublished":"2026-02-16T21:11:29+00:00","dateModified":"2026-02-25T10:32:33+00:00","breadcrumb":{"@id":"https:\/\/www.edesia.al\/?product=qumesht-blete#breadcrumb"},"inLanguage":"en-US","potentialAction":[{"@type":"ReadAction","target":["https:\/\/www.edesia.al\/?product=qumesht-blete"]}]},{"@type":"ImageObject","inLanguage":"en-US","@id":"https:\/\/www.edesia.al\/?product=qumesht-blete#primaryimage","url":"https:\/\/www.edesia.al\/wp-content\/uploads\/2026\/02\/Qumesht-Blete-1.png","contentUrl":"https:\/\/www.edesia.al\/wp-content\/uploads\/2026\/02\/Qumesht-Blete-1.png","width":593,"height":593},{"@type":"BreadcrumbList","@id":"https:\/\/www.edesia.al\/?product=qumesht-blete#breadcrumb","itemListElement":[{"@type":"ListItem","position":1,"name":"Home","item":"https:\/\/www.edesia.al\/"},{"@type":"ListItem","position":2,"name":"Dyqani","item":"https:\/\/www.edesia.al\/?page_id=17"},{"@type":"ListItem","position":3,"name":"Qum\u00ebsht Blete"}]},{"@type":"WebSite","@id":"https:\/\/www.edesia.al\/#website","url":"https:\/\/www.edesia.al\/","name":"Edesia","description":"","publisher":{"@id":"https:\/\/www.edesia.al\/#organization"},"potentialAction":[{"@type":"SearchAction","target":{"@type":"EntryPoint","urlTemplate":"https:\/\/www.edesia.al\/?s={search_term_string}"},"query-input":{"@type":"PropertyValueSpecification","valueRequired":true,"valueName":"search_term_string"}}],"inLanguage":"en-US"},{"@type":"Organization","@id":"https:\/\/www.edesia.al\/#organization","name":"Edesia","url":"https:\/\/www.edesia.al\/","logo":{"@type":"ImageObject","inLanguage":"en-US","@id":"https:\/\/www.edesia.al\/#\/schema\/logo\/image\/","url":"https:\/\/www.edesia.al\/wp-content\/uploads\/2026\/02\/Logo-Edesia-no-background.png","contentUrl":"https:\/\/www.edesia.al\/wp-content\/uploads\/2026\/02\/Logo-Edesia-no-background.png","width":293,"height":158,"caption":"Edesia"},"image":{"@id":"https:\/\/www.edesia.al\/#\/schema\/logo\/image\/"}}]}},"_links":{"self":[{"href":"https:\/\/www.edesia.al\/index.php?rest_route=\/wp\/v2\/product\/6924","targetHints":{"allow":["GET"]}}],"collection":[{"href":"https:\/\/www.edesia.al\/index.php?rest_route=\/wp\/v2\/product"}],"about":[{"href":"https:\/\/www.edesia.al\/index.php?rest_route=\/wp\/v2\/types\/product"}],"replies":[{"embeddable":true,"href":"https:\/\/www.edesia.al\/index.php?rest_route=%2Fwp%2Fv2%2Fcomments&post=6924"}],"wp:featuredmedia":[{"embeddable":true,"href":"https:\/\/www.edesia.al\/index.php?rest_route=\/wp\/v2\/media\/6956"}],"wp:attachment":[{"href":"https:\/\/www.edesia.al\/index.php?rest_route=%2Fwp%2Fv2%2Fmedia&parent=6924"}],"wp:term":[{"taxonomy":"kategori-sipas-dietave","embeddable":true,"href":"https:\/\/www.edesia.al\/index.php?rest_route=%2Fwp%2Fv2%2Fkategori-sipas-dietave&post=6924"},{"taxonomy":"kategori-sipas-problemeve-shende","embeddable":true,"href":"https:\/\/www.edesia.al\/index.php?rest_route=%2Fwp%2Fv2%2Fkategori-sipas-problemeve-shende&post=6924"},{"taxonomy":"product_brand","embeddable":true,"href":"https:\/\/www.edesia.al\/index.php?rest_route=%2Fwp%2Fv2%2Fproduct_brand&post=6924"},{"taxonomy":"product_cat","embeddable":true,"href":"https:\/\/www.edesia.al\/index.php?rest_route=%2Fwp%2Fv2%2Fproduct_cat&post=6924"},{"taxonomy":"product_tag","embeddable":true,"href":"https:\/\/www.edesia.al\/index.php?rest_route=%2Fwp%2Fv2%2Fproduct_tag&post=6924"}],"curies":[{"name":"wp","href":"https:\/\/api.w.org\/{rel}","templated":true}]}}