{"id":6928,"date":"2026-02-16T21:11:30","date_gmt":"2026-02-16T21:11:30","guid":{"rendered":"https:\/\/www.edesia.al\/?post_type=product&#038;p=6928"},"modified":"2026-02-25T11:03:04","modified_gmt":"2026-02-25T11:03:04","slug":"caj-lule-shtogu","status":"publish","type":"product","link":"https:\/\/www.edesia.al\/?product=caj-lule-shtogu","title":{"rendered":"\u00c7aj Lule Shtogu"},"content":{"rendered":"<h3>\u00c7aj Lule Shtogu ose Lule Plaku 27 g<\/h3>\n<p>Shtogu \u00ebsht\u00eb nj\u00eb nga bim\u00ebt m\u00eb t\u00eb lashta , ku l\u00ebngu i tij konsiderohet si &#8220;Ari i L\u00ebngsh\u00ebm&#8221;.Shtogu \u00ebsht\u00eb nj\u00eb thesar i mir\u00ebfillt\u00eb fal\u00eb aft\u00ebsive p\u00ebr t\u00eb sh\u00ebruar nj\u00eb s\u00ebr\u00eb problemesh dhe konsiderohet si nj\u00eb nd\u00eb\u00a0 barishtet m\u00eb t\u00eb fuqishme kund\u00ebr virozave.Vlerat sh\u00ebndet\u00ebsore t\u00eb shtogut p\u00ebrfshijn\u00eb sh\u00ebrimin e t\u00eb ftohtit, virozave, sinozitit, dhimbjeve nervore, alergjive dhe konstipacionit. \u00c7aj i lules s\u00eb Shtogut\u00a0 gjithashtu perdoret per:<\/p>\n<ul>\n<li>Pastrimin e gjakut,<\/li>\n<li>Uljen e sheqerit t\u00eb lart\u00eb n\u00eb gjak,<\/li>\n<li>Stimulimin e urinimit,<\/li>\n<li>Uljen e edemave,<\/li>\n<li>Sh\u00ebrimin e s\u00ebmundjeve fillestare t\u00eb mushk\u00ebrive,astm\u00ebs<\/li>\n<\/ul>\n","protected":false},"excerpt":{"rendered":"<p>\u00c7aj Lule Shtogu ose Lule Plaku 27 g Shtogu \u00ebsht\u00eb nj\u00eb nga bim\u00ebt m\u00eb t\u00eb lashta , ku l\u00ebngu i tij konsiderohet si &#8220;Ari i L\u00ebngsh\u00ebm&#8221;.Shtogu \u00ebsht\u00eb nj\u00eb thesar i mir\u00ebfillt\u00eb fal\u00eb aft\u00ebsive p\u00ebr t\u00eb sh\u00ebruar nj\u00eb s\u00ebr\u00eb problemesh dhe konsiderohet si nj\u00eb nd\u00eb\u00a0 barishtet m\u00eb t\u00eb fuqishme kund\u00ebr virozave.Vlerat sh\u00ebndet\u00ebsore t\u00eb shtogut p\u00ebrfshijn\u00eb sh\u00ebrimin[&#8230;]<\/p>\n","protected":false},"featured_media":7052,"comment_status":"open","ping_status":"closed","template":"","meta":{"_acf_changed":false,"inline_featured_image":false},"kategori-sipas-dietave":[89],"kategori-sipas-problemeve-shende":[83],"product_brand":[35],"product_cat":[27,81],"product_tag":[],"class_list":{"0":"post-6928","1":"product","2":"type-product","3":"status-publish","4":"has-post-thumbnail","6":"kategori-sipas-dietave-vegan","7":"kategori-sipas-problemeve-shende-tretje-detox","8":"product_brand-sonnentor-sh-p-k","9":"product_cat-bime-mjekesore","10":"product_cat-caj-bime-mjekesore","12":"first","13":"instock","14":"taxable","15":"shipping-taxable","16":"purchasable","17":"product-type-simple"},"acf":[],"yoast_head":"<!-- This site is optimized with the Yoast SEO plugin v27.4 - https:\/\/yoast.com\/product\/yoast-seo-wordpress\/ -->\n<title>\u00c7aj Lule Shtogu - Edesia<\/title>\n<meta name=\"robots\" content=\"index, follow, max-snippet:-1, max-image-preview:large, max-video-preview:-1\" \/>\n<link rel=\"canonical\" href=\"https:\/\/www.edesia.al\/?product=caj-lule-shtogu\" \/>\n<meta property=\"og:locale\" content=\"en_US\" \/>\n<meta property=\"og:type\" content=\"article\" \/>\n<meta property=\"og:title\" content=\"\u00c7aj Lule Shtogu - Edesia\" \/>\n<meta property=\"og:description\" content=\"\u00c7aj Lule Shtogu ose Lule Plaku 27 g Shtogu \u00ebsht\u00eb nj\u00eb nga bim\u00ebt m\u00eb t\u00eb lashta , ku l\u00ebngu i tij konsiderohet si &#8220;Ari i L\u00ebngsh\u00ebm&#8221;.Shtogu \u00ebsht\u00eb nj\u00eb thesar i mir\u00ebfillt\u00eb fal\u00eb aft\u00ebsive p\u00ebr t\u00eb sh\u00ebruar nj\u00eb s\u00ebr\u00eb problemesh dhe konsiderohet si nj\u00eb nd\u00eb\u00a0 barishtet m\u00eb t\u00eb fuqishme kund\u00ebr virozave.Vlerat sh\u00ebndet\u00ebsore t\u00eb shtogut p\u00ebrfshijn\u00eb sh\u00ebrimin[...]\" \/>\n<meta property=\"og:url\" content=\"https:\/\/www.edesia.al\/?product=caj-lule-shtogu\" \/>\n<meta property=\"og:site_name\" content=\"Edesia\" \/>\n<meta property=\"article:modified_time\" content=\"2026-02-25T11:03:04+00:00\" \/>\n<meta property=\"og:image\" content=\"https:\/\/www.edesia.al\/wp-content\/uploads\/2026\/02\/lule-shtogu-_600x600-1.png\" \/>\n\t<meta property=\"og:image:width\" content=\"591\" \/>\n\t<meta property=\"og:image:height\" content=\"591\" \/>\n\t<meta property=\"og:image:type\" content=\"image\/png\" \/>\n<meta name=\"twitter:card\" content=\"summary_large_image\" \/>\n<meta name=\"twitter:label1\" content=\"Est. reading time\" \/>\n\t<meta name=\"twitter:data1\" content=\"1 minute\" \/>\n<script type=\"application\/ld+json\" class=\"yoast-schema-graph\">{\"@context\":\"https:\\\/\\\/schema.org\",\"@graph\":[{\"@type\":\"WebPage\",\"@id\":\"https:\\\/\\\/www.edesia.al\\\/?product=caj-lule-shtogu\",\"url\":\"https:\\\/\\\/www.edesia.al\\\/?product=caj-lule-shtogu\",\"name\":\"\u00c7aj Lule Shtogu - Edesia\",\"isPartOf\":{\"@id\":\"https:\\\/\\\/www.edesia.al\\\/#website\"},\"primaryImageOfPage\":{\"@id\":\"https:\\\/\\\/www.edesia.al\\\/?product=caj-lule-shtogu#primaryimage\"},\"image\":{\"@id\":\"https:\\\/\\\/www.edesia.al\\\/?product=caj-lule-shtogu#primaryimage\"},\"thumbnailUrl\":\"https:\\\/\\\/www.edesia.al\\\/wp-content\\\/uploads\\\/2026\\\/02\\\/lule-shtogu-_600x600-1.png\",\"datePublished\":\"2026-02-16T21:11:30+00:00\",\"dateModified\":\"2026-02-25T11:03:04+00:00\",\"breadcrumb\":{\"@id\":\"https:\\\/\\\/www.edesia.al\\\/?product=caj-lule-shtogu#breadcrumb\"},\"inLanguage\":\"en-US\",\"potentialAction\":[{\"@type\":\"ReadAction\",\"target\":[\"https:\\\/\\\/www.edesia.al\\\/?product=caj-lule-shtogu\"]}]},{\"@type\":\"ImageObject\",\"inLanguage\":\"en-US\",\"@id\":\"https:\\\/\\\/www.edesia.al\\\/?product=caj-lule-shtogu#primaryimage\",\"url\":\"https:\\\/\\\/www.edesia.al\\\/wp-content\\\/uploads\\\/2026\\\/02\\\/lule-shtogu-_600x600-1.png\",\"contentUrl\":\"https:\\\/\\\/www.edesia.al\\\/wp-content\\\/uploads\\\/2026\\\/02\\\/lule-shtogu-_600x600-1.png\",\"width\":591,\"height\":591},{\"@type\":\"BreadcrumbList\",\"@id\":\"https:\\\/\\\/www.edesia.al\\\/?product=caj-lule-shtogu#breadcrumb\",\"itemListElement\":[{\"@type\":\"ListItem\",\"position\":1,\"name\":\"Home\",\"item\":\"https:\\\/\\\/www.edesia.al\\\/\"},{\"@type\":\"ListItem\",\"position\":2,\"name\":\"Dyqani\",\"item\":\"https:\\\/\\\/www.edesia.al\\\/?page_id=17\"},{\"@type\":\"ListItem\",\"position\":3,\"name\":\"\u00c7aj Lule Shtogu\"}]},{\"@type\":\"WebSite\",\"@id\":\"https:\\\/\\\/www.edesia.al\\\/#website\",\"url\":\"https:\\\/\\\/www.edesia.al\\\/\",\"name\":\"Edesia\",\"description\":\"\",\"publisher\":{\"@id\":\"https:\\\/\\\/www.edesia.al\\\/#organization\"},\"potentialAction\":[{\"@type\":\"SearchAction\",\"target\":{\"@type\":\"EntryPoint\",\"urlTemplate\":\"https:\\\/\\\/www.edesia.al\\\/?s={search_term_string}\"},\"query-input\":{\"@type\":\"PropertyValueSpecification\",\"valueRequired\":true,\"valueName\":\"search_term_string\"}}],\"inLanguage\":\"en-US\"},{\"@type\":\"Organization\",\"@id\":\"https:\\\/\\\/www.edesia.al\\\/#organization\",\"name\":\"Edesia\",\"url\":\"https:\\\/\\\/www.edesia.al\\\/\",\"logo\":{\"@type\":\"ImageObject\",\"inLanguage\":\"en-US\",\"@id\":\"https:\\\/\\\/www.edesia.al\\\/#\\\/schema\\\/logo\\\/image\\\/\",\"url\":\"https:\\\/\\\/www.edesia.al\\\/wp-content\\\/uploads\\\/2026\\\/02\\\/Logo-Edesia-no-background.png\",\"contentUrl\":\"https:\\\/\\\/www.edesia.al\\\/wp-content\\\/uploads\\\/2026\\\/02\\\/Logo-Edesia-no-background.png\",\"width\":293,\"height\":158,\"caption\":\"Edesia\"},\"image\":{\"@id\":\"https:\\\/\\\/www.edesia.al\\\/#\\\/schema\\\/logo\\\/image\\\/\"}}]}<\/script>\n<!-- \/ Yoast SEO plugin. -->","yoast_head_json":{"title":"\u00c7aj Lule Shtogu - Edesia","robots":{"index":"index","follow":"follow","max-snippet":"max-snippet:-1","max-image-preview":"max-image-preview:large","max-video-preview":"max-video-preview:-1"},"canonical":"https:\/\/www.edesia.al\/?product=caj-lule-shtogu","og_locale":"en_US","og_type":"article","og_title":"\u00c7aj Lule Shtogu - Edesia","og_description":"\u00c7aj Lule Shtogu ose Lule Plaku 27 g Shtogu \u00ebsht\u00eb nj\u00eb nga bim\u00ebt m\u00eb t\u00eb lashta , ku l\u00ebngu i tij konsiderohet si &#8220;Ari i L\u00ebngsh\u00ebm&#8221;.Shtogu \u00ebsht\u00eb nj\u00eb thesar i mir\u00ebfillt\u00eb fal\u00eb aft\u00ebsive p\u00ebr t\u00eb sh\u00ebruar nj\u00eb s\u00ebr\u00eb problemesh dhe konsiderohet si nj\u00eb nd\u00eb\u00a0 barishtet m\u00eb t\u00eb fuqishme kund\u00ebr virozave.Vlerat sh\u00ebndet\u00ebsore t\u00eb shtogut p\u00ebrfshijn\u00eb sh\u00ebrimin[...]","og_url":"https:\/\/www.edesia.al\/?product=caj-lule-shtogu","og_site_name":"Edesia","article_modified_time":"2026-02-25T11:03:04+00:00","og_image":[{"width":591,"height":591,"url":"https:\/\/www.edesia.al\/wp-content\/uploads\/2026\/02\/lule-shtogu-_600x600-1.png","type":"image\/png"}],"twitter_card":"summary_large_image","twitter_misc":{"Est. reading time":"1 minute"},"schema":{"@context":"https:\/\/schema.org","@graph":[{"@type":"WebPage","@id":"https:\/\/www.edesia.al\/?product=caj-lule-shtogu","url":"https:\/\/www.edesia.al\/?product=caj-lule-shtogu","name":"\u00c7aj Lule Shtogu - Edesia","isPartOf":{"@id":"https:\/\/www.edesia.al\/#website"},"primaryImageOfPage":{"@id":"https:\/\/www.edesia.al\/?product=caj-lule-shtogu#primaryimage"},"image":{"@id":"https:\/\/www.edesia.al\/?product=caj-lule-shtogu#primaryimage"},"thumbnailUrl":"https:\/\/www.edesia.al\/wp-content\/uploads\/2026\/02\/lule-shtogu-_600x600-1.png","datePublished":"2026-02-16T21:11:30+00:00","dateModified":"2026-02-25T11:03:04+00:00","breadcrumb":{"@id":"https:\/\/www.edesia.al\/?product=caj-lule-shtogu#breadcrumb"},"inLanguage":"en-US","potentialAction":[{"@type":"ReadAction","target":["https:\/\/www.edesia.al\/?product=caj-lule-shtogu"]}]},{"@type":"ImageObject","inLanguage":"en-US","@id":"https:\/\/www.edesia.al\/?product=caj-lule-shtogu#primaryimage","url":"https:\/\/www.edesia.al\/wp-content\/uploads\/2026\/02\/lule-shtogu-_600x600-1.png","contentUrl":"https:\/\/www.edesia.al\/wp-content\/uploads\/2026\/02\/lule-shtogu-_600x600-1.png","width":591,"height":591},{"@type":"BreadcrumbList","@id":"https:\/\/www.edesia.al\/?product=caj-lule-shtogu#breadcrumb","itemListElement":[{"@type":"ListItem","position":1,"name":"Home","item":"https:\/\/www.edesia.al\/"},{"@type":"ListItem","position":2,"name":"Dyqani","item":"https:\/\/www.edesia.al\/?page_id=17"},{"@type":"ListItem","position":3,"name":"\u00c7aj Lule Shtogu"}]},{"@type":"WebSite","@id":"https:\/\/www.edesia.al\/#website","url":"https:\/\/www.edesia.al\/","name":"Edesia","description":"","publisher":{"@id":"https:\/\/www.edesia.al\/#organization"},"potentialAction":[{"@type":"SearchAction","target":{"@type":"EntryPoint","urlTemplate":"https:\/\/www.edesia.al\/?s={search_term_string}"},"query-input":{"@type":"PropertyValueSpecification","valueRequired":true,"valueName":"search_term_string"}}],"inLanguage":"en-US"},{"@type":"Organization","@id":"https:\/\/www.edesia.al\/#organization","name":"Edesia","url":"https:\/\/www.edesia.al\/","logo":{"@type":"ImageObject","inLanguage":"en-US","@id":"https:\/\/www.edesia.al\/#\/schema\/logo\/image\/","url":"https:\/\/www.edesia.al\/wp-content\/uploads\/2026\/02\/Logo-Edesia-no-background.png","contentUrl":"https:\/\/www.edesia.al\/wp-content\/uploads\/2026\/02\/Logo-Edesia-no-background.png","width":293,"height":158,"caption":"Edesia"},"image":{"@id":"https:\/\/www.edesia.al\/#\/schema\/logo\/image\/"}}]}},"_links":{"self":[{"href":"https:\/\/www.edesia.al\/index.php?rest_route=\/wp\/v2\/product\/6928","targetHints":{"allow":["GET"]}}],"collection":[{"href":"https:\/\/www.edesia.al\/index.php?rest_route=\/wp\/v2\/product"}],"about":[{"href":"https:\/\/www.edesia.al\/index.php?rest_route=\/wp\/v2\/types\/product"}],"replies":[{"embeddable":true,"href":"https:\/\/www.edesia.al\/index.php?rest_route=%2Fwp%2Fv2%2Fcomments&post=6928"}],"wp:featuredmedia":[{"embeddable":true,"href":"https:\/\/www.edesia.al\/index.php?rest_route=\/wp\/v2\/media\/7052"}],"wp:attachment":[{"href":"https:\/\/www.edesia.al\/index.php?rest_route=%2Fwp%2Fv2%2Fmedia&parent=6928"}],"wp:term":[{"taxonomy":"kategori-sipas-dietave","embeddable":true,"href":"https:\/\/www.edesia.al\/index.php?rest_route=%2Fwp%2Fv2%2Fkategori-sipas-dietave&post=6928"},{"taxonomy":"kategori-sipas-problemeve-shende","embeddable":true,"href":"https:\/\/www.edesia.al\/index.php?rest_route=%2Fwp%2Fv2%2Fkategori-sipas-problemeve-shende&post=6928"},{"taxonomy":"product_brand","embeddable":true,"href":"https:\/\/www.edesia.al\/index.php?rest_route=%2Fwp%2Fv2%2Fproduct_brand&post=6928"},{"taxonomy":"product_cat","embeddable":true,"href":"https:\/\/www.edesia.al\/index.php?rest_route=%2Fwp%2Fv2%2Fproduct_cat&post=6928"},{"taxonomy":"product_tag","embeddable":true,"href":"https:\/\/www.edesia.al\/index.php?rest_route=%2Fwp%2Fv2%2Fproduct_tag&post=6928"}],"curies":[{"name":"wp","href":"https:\/\/api.w.org\/{rel}","templated":true}]}}