{"id":6931,"date":"2026-02-16T21:11:30","date_gmt":"2026-02-16T21:11:30","guid":{"rendered":"https:\/\/www.edesia.al\/?post_type=product&#038;p=6931"},"modified":"2026-02-25T10:43:09","modified_gmt":"2026-02-25T10:43:09","slug":"caj-fenel-anise-kumel","status":"publish","type":"product","link":"https:\/\/www.edesia.al\/?product=caj-fenel-anise-kumel","title":{"rendered":"\u00c7aj (Fenel, Anise, Kumel)"},"content":{"rendered":"<h3>\u00c7aj (Fenel, Anise, Kumel) (30.6gr)<\/h3>\n<p data-start=\"245\" data-end=\"590\">Ky \u00e7aj organik nga <em data-start=\"264\" data-end=\"275\">Sonnentor<\/em> \u00ebsht\u00eb nj\u00eb p\u00ebrzierje harmonike bim\u00ebsh tradicionale, t\u00eb njohura p\u00ebr efektet e tyre qet\u00ebsuese dhe ndihmuese p\u00ebr sistemin tret\u00ebs. Me baz\u00eb <strong data-start=\"410\" data-end=\"423\">anise yll<\/strong>, <strong data-start=\"425\" data-end=\"434\">kumin<\/strong>, <strong data-start=\"436\" data-end=\"446\">fennel<\/strong> dhe nj\u00eb prekje relaksuese nga <strong data-start=\"477\" data-end=\"491\">lemon balm<\/strong>, ky \u00e7aj \u00ebsht\u00eb ideal p\u00ebr t\u2019u konsumuar pas vakteve apo n\u00eb raste fryrjeje dhe diskomforti abdominal.<\/p>\n<p data-start=\"592\" data-end=\"608\">\u00c7aji ndihmon n\u00eb:<\/p>\n<ul data-start=\"610\" data-end=\"808\">\n<li data-start=\"610\" data-end=\"650\">\n<p data-start=\"612\" data-end=\"650\"><strong data-start=\"612\" data-end=\"648\">Reduktimin e fryrjes dhe gazrave<\/strong><\/p>\n<\/li>\n<li data-start=\"651\" data-end=\"705\">\n<p data-start=\"653\" data-end=\"705\"><strong data-start=\"653\" data-end=\"703\">Leht\u00ebsimin e ndjesis\u00eb s\u00eb r\u00ebndes\u00ebs pas ngr\u00ebnies<\/strong><\/p>\n<\/li>\n<li data-start=\"706\" data-end=\"746\">\n<p data-start=\"708\" data-end=\"746\"><strong data-start=\"708\" data-end=\"744\">Qet\u00ebsimin e stomakut t\u00eb irrituar<\/strong><\/p>\n<\/li>\n<li data-start=\"747\" data-end=\"808\">\n<p data-start=\"749\" data-end=\"808\"><strong data-start=\"749\" data-end=\"789\">P\u00ebrmir\u00ebsimin e funksionit t\u00eb zorr\u00ebve<\/strong> n\u00eb m\u00ebnyr\u00eb natyrale<\/p>\n<\/li>\n<\/ul>\n<p data-start=\"810\" data-end=\"958\">Aroma e \u00ebmb\u00ebl dhe e ngroht\u00eb e kopr\u00ebs dhe anises bashkohet me freskin\u00eb e lemon balm p\u00ebr t\u00eb sjell\u00eb nj\u00eb \u00e7aj jo vet\u00ebm t\u00eb dobish\u00ebm, por edhe t\u00eb shijsh\u00ebm.<\/p>\n<h3 data-start=\"960\" data-end=\"1107\"><strong data-start=\"960\" data-end=\"974\">P\u00ebrdorimi:<\/strong><\/h3>\n<h3 data-start=\"960\" data-end=\"1107\">Nj\u00eb bustin\u00eb \u00e7aji p\u00ebr nj\u00eb filxhan uj\u00eb t\u00eb valuar. L\u00ebreni p\u00ebr 5\u201310 minuta, kullojeni dhe shijojeni ngadal\u00eb, ve\u00e7an\u00ebrisht pas ushqimit.<\/h3>\n","protected":false},"excerpt":{"rendered":"<p>\u00c7aj organik p\u00ebr tretje nga Sonnentor me anise yll, kumin, fennel dhe lemon balm \u2013 ndihmon n\u00eb fryrje, qet\u00ebson stomakun dhe sjell rehati pas vakteve.<\/p>\n","protected":false},"featured_media":6987,"comment_status":"open","ping_status":"closed","template":"","meta":{"_acf_changed":false,"inline_featured_image":false},"kategori-sipas-dietave":[89],"kategori-sipas-problemeve-shende":[83],"product_brand":[35],"product_cat":[81,43],"product_tag":[],"class_list":{"0":"post-6931","1":"product","2":"type-product","3":"status-publish","4":"has-post-thumbnail","6":"kategori-sipas-dietave-vegan","7":"kategori-sipas-problemeve-shende-tretje-detox","8":"product_brand-sonnentor-sh-p-k","9":"product_cat-caj-bime-mjekesore","10":"product_cat-cajra","12":"first","13":"instock","14":"taxable","15":"shipping-taxable","16":"purchasable","17":"product-type-simple"},"acf":[],"yoast_head":"<!-- This site is optimized with the Yoast SEO plugin v27.4 - https:\/\/yoast.com\/product\/yoast-seo-wordpress\/ -->\n<title>\u00c7aj (Fenel, Anise, Kumel) - Edesia<\/title>\n<meta name=\"robots\" content=\"index, follow, max-snippet:-1, max-image-preview:large, max-video-preview:-1\" \/>\n<link rel=\"canonical\" href=\"https:\/\/www.edesia.al\/?product=caj-fenel-anise-kumel\" \/>\n<meta property=\"og:locale\" content=\"en_US\" \/>\n<meta property=\"og:type\" content=\"article\" \/>\n<meta property=\"og:title\" content=\"\u00c7aj (Fenel, Anise, Kumel) - Edesia\" \/>\n<meta property=\"og:description\" content=\"\u00c7aj organik p\u00ebr tretje nga Sonnentor me anise yll, kumin, fennel dhe lemon balm \u2013 ndihmon n\u00eb fryrje, qet\u00ebson stomakun dhe sjell rehati pas vakteve.\" \/>\n<meta property=\"og:url\" content=\"https:\/\/www.edesia.al\/?product=caj-fenel-anise-kumel\" \/>\n<meta property=\"og:site_name\" content=\"Edesia\" \/>\n<meta property=\"article:modified_time\" content=\"2026-02-25T10:43:09+00:00\" \/>\n<meta property=\"og:image\" content=\"https:\/\/www.edesia.al\/wp-content\/uploads\/2026\/02\/Caj-Fenchel-Kumin-Anis-1.png\" \/>\n\t<meta property=\"og:image:width\" content=\"593\" \/>\n\t<meta property=\"og:image:height\" content=\"593\" \/>\n\t<meta property=\"og:image:type\" content=\"image\/png\" \/>\n<meta name=\"twitter:card\" content=\"summary_large_image\" \/>\n<meta name=\"twitter:label1\" content=\"Est. reading time\" \/>\n\t<meta name=\"twitter:data1\" content=\"1 minute\" \/>\n<script type=\"application\/ld+json\" class=\"yoast-schema-graph\">{\"@context\":\"https:\\\/\\\/schema.org\",\"@graph\":[{\"@type\":\"WebPage\",\"@id\":\"https:\\\/\\\/www.edesia.al\\\/?product=caj-fenel-anise-kumel\",\"url\":\"https:\\\/\\\/www.edesia.al\\\/?product=caj-fenel-anise-kumel\",\"name\":\"\u00c7aj (Fenel, Anise, Kumel) - Edesia\",\"isPartOf\":{\"@id\":\"https:\\\/\\\/www.edesia.al\\\/#website\"},\"primaryImageOfPage\":{\"@id\":\"https:\\\/\\\/www.edesia.al\\\/?product=caj-fenel-anise-kumel#primaryimage\"},\"image\":{\"@id\":\"https:\\\/\\\/www.edesia.al\\\/?product=caj-fenel-anise-kumel#primaryimage\"},\"thumbnailUrl\":\"https:\\\/\\\/www.edesia.al\\\/wp-content\\\/uploads\\\/2026\\\/02\\\/Caj-Fenchel-Kumin-Anis-1.png\",\"datePublished\":\"2026-02-16T21:11:30+00:00\",\"dateModified\":\"2026-02-25T10:43:09+00:00\",\"breadcrumb\":{\"@id\":\"https:\\\/\\\/www.edesia.al\\\/?product=caj-fenel-anise-kumel#breadcrumb\"},\"inLanguage\":\"en-US\",\"potentialAction\":[{\"@type\":\"ReadAction\",\"target\":[\"https:\\\/\\\/www.edesia.al\\\/?product=caj-fenel-anise-kumel\"]}]},{\"@type\":\"ImageObject\",\"inLanguage\":\"en-US\",\"@id\":\"https:\\\/\\\/www.edesia.al\\\/?product=caj-fenel-anise-kumel#primaryimage\",\"url\":\"https:\\\/\\\/www.edesia.al\\\/wp-content\\\/uploads\\\/2026\\\/02\\\/Caj-Fenchel-Kumin-Anis-1.png\",\"contentUrl\":\"https:\\\/\\\/www.edesia.al\\\/wp-content\\\/uploads\\\/2026\\\/02\\\/Caj-Fenchel-Kumin-Anis-1.png\",\"width\":593,\"height\":593},{\"@type\":\"BreadcrumbList\",\"@id\":\"https:\\\/\\\/www.edesia.al\\\/?product=caj-fenel-anise-kumel#breadcrumb\",\"itemListElement\":[{\"@type\":\"ListItem\",\"position\":1,\"name\":\"Home\",\"item\":\"https:\\\/\\\/www.edesia.al\\\/\"},{\"@type\":\"ListItem\",\"position\":2,\"name\":\"Dyqani\",\"item\":\"https:\\\/\\\/www.edesia.al\\\/?page_id=17\"},{\"@type\":\"ListItem\",\"position\":3,\"name\":\"\u00c7aj (Fenel, Anise, Kumel)\"}]},{\"@type\":\"WebSite\",\"@id\":\"https:\\\/\\\/www.edesia.al\\\/#website\",\"url\":\"https:\\\/\\\/www.edesia.al\\\/\",\"name\":\"Edesia\",\"description\":\"\",\"publisher\":{\"@id\":\"https:\\\/\\\/www.edesia.al\\\/#organization\"},\"potentialAction\":[{\"@type\":\"SearchAction\",\"target\":{\"@type\":\"EntryPoint\",\"urlTemplate\":\"https:\\\/\\\/www.edesia.al\\\/?s={search_term_string}\"},\"query-input\":{\"@type\":\"PropertyValueSpecification\",\"valueRequired\":true,\"valueName\":\"search_term_string\"}}],\"inLanguage\":\"en-US\"},{\"@type\":\"Organization\",\"@id\":\"https:\\\/\\\/www.edesia.al\\\/#organization\",\"name\":\"Edesia\",\"url\":\"https:\\\/\\\/www.edesia.al\\\/\",\"logo\":{\"@type\":\"ImageObject\",\"inLanguage\":\"en-US\",\"@id\":\"https:\\\/\\\/www.edesia.al\\\/#\\\/schema\\\/logo\\\/image\\\/\",\"url\":\"https:\\\/\\\/www.edesia.al\\\/wp-content\\\/uploads\\\/2026\\\/02\\\/Logo-Edesia-no-background.png\",\"contentUrl\":\"https:\\\/\\\/www.edesia.al\\\/wp-content\\\/uploads\\\/2026\\\/02\\\/Logo-Edesia-no-background.png\",\"width\":293,\"height\":158,\"caption\":\"Edesia\"},\"image\":{\"@id\":\"https:\\\/\\\/www.edesia.al\\\/#\\\/schema\\\/logo\\\/image\\\/\"}}]}<\/script>\n<!-- \/ Yoast SEO plugin. -->","yoast_head_json":{"title":"\u00c7aj (Fenel, Anise, Kumel) - Edesia","robots":{"index":"index","follow":"follow","max-snippet":"max-snippet:-1","max-image-preview":"max-image-preview:large","max-video-preview":"max-video-preview:-1"},"canonical":"https:\/\/www.edesia.al\/?product=caj-fenel-anise-kumel","og_locale":"en_US","og_type":"article","og_title":"\u00c7aj (Fenel, Anise, Kumel) - Edesia","og_description":"\u00c7aj organik p\u00ebr tretje nga Sonnentor me anise yll, kumin, fennel dhe lemon balm \u2013 ndihmon n\u00eb fryrje, qet\u00ebson stomakun dhe sjell rehati pas vakteve.","og_url":"https:\/\/www.edesia.al\/?product=caj-fenel-anise-kumel","og_site_name":"Edesia","article_modified_time":"2026-02-25T10:43:09+00:00","og_image":[{"width":593,"height":593,"url":"https:\/\/www.edesia.al\/wp-content\/uploads\/2026\/02\/Caj-Fenchel-Kumin-Anis-1.png","type":"image\/png"}],"twitter_card":"summary_large_image","twitter_misc":{"Est. reading time":"1 minute"},"schema":{"@context":"https:\/\/schema.org","@graph":[{"@type":"WebPage","@id":"https:\/\/www.edesia.al\/?product=caj-fenel-anise-kumel","url":"https:\/\/www.edesia.al\/?product=caj-fenel-anise-kumel","name":"\u00c7aj (Fenel, Anise, Kumel) - Edesia","isPartOf":{"@id":"https:\/\/www.edesia.al\/#website"},"primaryImageOfPage":{"@id":"https:\/\/www.edesia.al\/?product=caj-fenel-anise-kumel#primaryimage"},"image":{"@id":"https:\/\/www.edesia.al\/?product=caj-fenel-anise-kumel#primaryimage"},"thumbnailUrl":"https:\/\/www.edesia.al\/wp-content\/uploads\/2026\/02\/Caj-Fenchel-Kumin-Anis-1.png","datePublished":"2026-02-16T21:11:30+00:00","dateModified":"2026-02-25T10:43:09+00:00","breadcrumb":{"@id":"https:\/\/www.edesia.al\/?product=caj-fenel-anise-kumel#breadcrumb"},"inLanguage":"en-US","potentialAction":[{"@type":"ReadAction","target":["https:\/\/www.edesia.al\/?product=caj-fenel-anise-kumel"]}]},{"@type":"ImageObject","inLanguage":"en-US","@id":"https:\/\/www.edesia.al\/?product=caj-fenel-anise-kumel#primaryimage","url":"https:\/\/www.edesia.al\/wp-content\/uploads\/2026\/02\/Caj-Fenchel-Kumin-Anis-1.png","contentUrl":"https:\/\/www.edesia.al\/wp-content\/uploads\/2026\/02\/Caj-Fenchel-Kumin-Anis-1.png","width":593,"height":593},{"@type":"BreadcrumbList","@id":"https:\/\/www.edesia.al\/?product=caj-fenel-anise-kumel#breadcrumb","itemListElement":[{"@type":"ListItem","position":1,"name":"Home","item":"https:\/\/www.edesia.al\/"},{"@type":"ListItem","position":2,"name":"Dyqani","item":"https:\/\/www.edesia.al\/?page_id=17"},{"@type":"ListItem","position":3,"name":"\u00c7aj (Fenel, Anise, Kumel)"}]},{"@type":"WebSite","@id":"https:\/\/www.edesia.al\/#website","url":"https:\/\/www.edesia.al\/","name":"Edesia","description":"","publisher":{"@id":"https:\/\/www.edesia.al\/#organization"},"potentialAction":[{"@type":"SearchAction","target":{"@type":"EntryPoint","urlTemplate":"https:\/\/www.edesia.al\/?s={search_term_string}"},"query-input":{"@type":"PropertyValueSpecification","valueRequired":true,"valueName":"search_term_string"}}],"inLanguage":"en-US"},{"@type":"Organization","@id":"https:\/\/www.edesia.al\/#organization","name":"Edesia","url":"https:\/\/www.edesia.al\/","logo":{"@type":"ImageObject","inLanguage":"en-US","@id":"https:\/\/www.edesia.al\/#\/schema\/logo\/image\/","url":"https:\/\/www.edesia.al\/wp-content\/uploads\/2026\/02\/Logo-Edesia-no-background.png","contentUrl":"https:\/\/www.edesia.al\/wp-content\/uploads\/2026\/02\/Logo-Edesia-no-background.png","width":293,"height":158,"caption":"Edesia"},"image":{"@id":"https:\/\/www.edesia.al\/#\/schema\/logo\/image\/"}}]}},"_links":{"self":[{"href":"https:\/\/www.edesia.al\/index.php?rest_route=\/wp\/v2\/product\/6931","targetHints":{"allow":["GET"]}}],"collection":[{"href":"https:\/\/www.edesia.al\/index.php?rest_route=\/wp\/v2\/product"}],"about":[{"href":"https:\/\/www.edesia.al\/index.php?rest_route=\/wp\/v2\/types\/product"}],"replies":[{"embeddable":true,"href":"https:\/\/www.edesia.al\/index.php?rest_route=%2Fwp%2Fv2%2Fcomments&post=6931"}],"wp:featuredmedia":[{"embeddable":true,"href":"https:\/\/www.edesia.al\/index.php?rest_route=\/wp\/v2\/media\/6987"}],"wp:attachment":[{"href":"https:\/\/www.edesia.al\/index.php?rest_route=%2Fwp%2Fv2%2Fmedia&parent=6931"}],"wp:term":[{"taxonomy":"kategori-sipas-dietave","embeddable":true,"href":"https:\/\/www.edesia.al\/index.php?rest_route=%2Fwp%2Fv2%2Fkategori-sipas-dietave&post=6931"},{"taxonomy":"kategori-sipas-problemeve-shende","embeddable":true,"href":"https:\/\/www.edesia.al\/index.php?rest_route=%2Fwp%2Fv2%2Fkategori-sipas-problemeve-shende&post=6931"},{"taxonomy":"product_brand","embeddable":true,"href":"https:\/\/www.edesia.al\/index.php?rest_route=%2Fwp%2Fv2%2Fproduct_brand&post=6931"},{"taxonomy":"product_cat","embeddable":true,"href":"https:\/\/www.edesia.al\/index.php?rest_route=%2Fwp%2Fv2%2Fproduct_cat&post=6931"},{"taxonomy":"product_tag","embeddable":true,"href":"https:\/\/www.edesia.al\/index.php?rest_route=%2Fwp%2Fv2%2Fproduct_tag&post=6931"}],"curies":[{"name":"wp","href":"https:\/\/api.w.org\/{rel}","templated":true}]}}