{"id":6981,"date":"2026-02-16T21:11:55","date_gmt":"2026-02-16T21:11:55","guid":{"rendered":"https:\/\/www.edesia.al\/?post_type=product&#038;p=6981"},"modified":"2026-04-14T10:33:26","modified_gmt":"2026-04-14T08:33:26","slug":"vaji-fara-rushi","status":"publish","type":"product","link":"https:\/\/www.edesia.al\/?product=vaji-fara-rushi","title":{"rendered":"Vaji Fara Rushi"},"content":{"rendered":"<h3>Vaji Fara Rushi\u00a0 500 ml<\/h3>\n<p>&nbsp;<\/p>\n<p data-start=\"152\" data-end=\"384\">Vaji i far\u00ebs s\u00eb rrushit \u00ebsht\u00eb nj\u00eb <strong data-start=\"233\" data-end=\"281\">vaj i leht\u00eb, delikat dhe plot vlera ushqyese<\/strong>, i p\u00ebrftuar nga shtypja n\u00eb t\u00eb ftoht\u00eb e farave t\u00eb rrushit p\u00ebr t\u00eb ruajtur t\u00eb gjitha cil\u00ebsit\u00eb natyrale.<\/p>\n<p data-start=\"386\" data-end=\"636\">Fal\u00eb p\u00ebrmbajtjes s\u00eb lart\u00eb t\u00eb <strong data-start=\"415\" data-end=\"490\">acidit linoleik (Omega-6), vitamin\u00ebs E dhe antioksidant\u00ebve polifenolik\u00eb<\/strong>, ky vaj ndihmon n\u00eb <strong data-start=\"510\" data-end=\"582\">p\u00ebrmir\u00ebsimin e qarkullimit t\u00eb gjakut, mbrojtjen e zemr\u00ebs dhe l\u00ebkur\u00ebs<\/strong>, si dhe n\u00eb <strong data-start=\"594\" data-end=\"633\">uljen e kolesterolit \u201ct\u00eb keq\u201d (LDL)<\/strong>.<\/p>\n<p data-start=\"638\" data-end=\"936\">\u00cbsht\u00eb ve\u00e7an\u00ebrisht i p\u00ebrshtatsh\u00ebm p\u00ebr <strong data-start=\"675\" data-end=\"727\">dieta t\u00eb lehta si dieta mesdhetare apo DASH<\/strong><em>(Qasje Dietetike p\u00ebr t\u00eb Ndaluar Hipertensionin) <\/em><strong data-start=\"675\" data-end=\"727\">diet<\/strong>, pasi \u00ebsht\u00eb i pasur me yndyra t\u00eb sh\u00ebndetshme dhe i ul\u00ebt n\u00eb acide t\u00eb ngopura. Kjo e b\u00ebn ideal p\u00ebr p\u00ebrdorim t\u00eb p\u00ebrditsh\u00ebm \u2014 n\u00eb <strong data-start=\"853\" data-end=\"934\">sallata, marinata, gatime t\u00eb lehta apo si vaj bukurie p\u00ebr l\u00ebkur\u00ebn dhe flok\u00ebt<\/strong><\/p>\n<p>&nbsp;<\/p>\n<p>&nbsp;<\/p>\n","protected":false},"excerpt":{"rendered":"<p>Vaj farash rrushi i presuar n\u00eb t\u00eb ftoht\u00eb \ud83c\udf47 i pasur me vitamin\u00eb E dhe antioksidant\u00eb. Ideal p\u00ebr dieta t\u00eb lehta si DASH, ndihmon n\u00eb mbrojtjen e zemr\u00ebs dhe uljen e kolesterolit. P\u00ebr sallata, gatime t\u00eb lehta apo kujdes bukurie \ud83c\udf3f<\/p>\n","protected":false},"featured_media":7011,"comment_status":"open","ping_status":"closed","template":"","meta":{"_acf_changed":false,"inline_featured_image":false},"kategori-sipas-dietave":[],"kategori-sipas-problemeve-shende":[83],"product_brand":[32],"product_cat":[26,41],"product_tag":[],"class_list":{"0":"post-6981","1":"product","2":"type-product","3":"status-publish","4":"has-post-thumbnail","6":"kategori-sipas-problemeve-shende-tretje-detox","7":"product_brand-bioagros","8":"product_cat-ushqime-bio","9":"product_cat-vajra-te-presuar-ne-te-ftohte","11":"first","12":"instock","13":"taxable","14":"shipping-taxable","15":"purchasable","16":"product-type-simple"},"acf":[],"yoast_head":"<!-- This site is optimized with the Yoast SEO plugin v27.4 - https:\/\/yoast.com\/product\/yoast-seo-wordpress\/ -->\n<title>Vaji Fara Rushi - Edesia<\/title>\n<meta name=\"robots\" content=\"index, follow, max-snippet:-1, max-image-preview:large, max-video-preview:-1\" \/>\n<link rel=\"canonical\" href=\"https:\/\/www.edesia.al\/?product=vaji-fara-rushi\" \/>\n<meta property=\"og:locale\" content=\"en_US\" \/>\n<meta property=\"og:type\" content=\"article\" \/>\n<meta property=\"og:title\" content=\"Vaji Fara Rushi - Edesia\" \/>\n<meta property=\"og:description\" content=\"Vaj farash rrushi i presuar n\u00eb t\u00eb ftoht\u00eb \ud83c\udf47 i pasur me vitamin\u00eb E dhe antioksidant\u00eb. Ideal p\u00ebr dieta t\u00eb lehta si DASH, ndihmon n\u00eb mbrojtjen e zemr\u00ebs dhe uljen e kolesterolit. P\u00ebr sallata, gatime t\u00eb lehta apo kujdes bukurie \ud83c\udf3f\" \/>\n<meta property=\"og:url\" content=\"https:\/\/www.edesia.al\/?product=vaji-fara-rushi\" \/>\n<meta property=\"og:site_name\" content=\"Edesia\" \/>\n<meta property=\"article:modified_time\" content=\"2026-04-14T08:33:26+00:00\" \/>\n<meta property=\"og:image\" content=\"https:\/\/www.edesia.al\/wp-content\/uploads\/2026\/02\/Vaj-i-Farave-Te-rrushit-1-1.png\" \/>\n\t<meta property=\"og:image:width\" content=\"535\" \/>\n\t<meta property=\"og:image:height\" content=\"534\" \/>\n\t<meta property=\"og:image:type\" content=\"image\/png\" \/>\n<meta name=\"twitter:card\" content=\"summary_large_image\" \/>\n<meta name=\"twitter:label1\" content=\"Est. reading time\" \/>\n\t<meta name=\"twitter:data1\" content=\"1 minute\" \/>\n<script type=\"application\/ld+json\" class=\"yoast-schema-graph\">{\"@context\":\"https:\\\/\\\/schema.org\",\"@graph\":[{\"@type\":\"WebPage\",\"@id\":\"https:\\\/\\\/www.edesia.al\\\/?product=vaji-fara-rushi\",\"url\":\"https:\\\/\\\/www.edesia.al\\\/?product=vaji-fara-rushi\",\"name\":\"Vaji Fara Rushi - Edesia\",\"isPartOf\":{\"@id\":\"https:\\\/\\\/www.edesia.al\\\/#website\"},\"primaryImageOfPage\":{\"@id\":\"https:\\\/\\\/www.edesia.al\\\/?product=vaji-fara-rushi#primaryimage\"},\"image\":{\"@id\":\"https:\\\/\\\/www.edesia.al\\\/?product=vaji-fara-rushi#primaryimage\"},\"thumbnailUrl\":\"https:\\\/\\\/www.edesia.al\\\/wp-content\\\/uploads\\\/2026\\\/02\\\/Vaj-i-Farave-Te-rrushit-1-1.png\",\"datePublished\":\"2026-02-16T21:11:55+00:00\",\"dateModified\":\"2026-04-14T08:33:26+00:00\",\"breadcrumb\":{\"@id\":\"https:\\\/\\\/www.edesia.al\\\/?product=vaji-fara-rushi#breadcrumb\"},\"inLanguage\":\"en-US\",\"potentialAction\":[{\"@type\":\"ReadAction\",\"target\":[\"https:\\\/\\\/www.edesia.al\\\/?product=vaji-fara-rushi\"]}]},{\"@type\":\"ImageObject\",\"inLanguage\":\"en-US\",\"@id\":\"https:\\\/\\\/www.edesia.al\\\/?product=vaji-fara-rushi#primaryimage\",\"url\":\"https:\\\/\\\/www.edesia.al\\\/wp-content\\\/uploads\\\/2026\\\/02\\\/Vaj-i-Farave-Te-rrushit-1-1.png\",\"contentUrl\":\"https:\\\/\\\/www.edesia.al\\\/wp-content\\\/uploads\\\/2026\\\/02\\\/Vaj-i-Farave-Te-rrushit-1-1.png\",\"width\":535,\"height\":534},{\"@type\":\"BreadcrumbList\",\"@id\":\"https:\\\/\\\/www.edesia.al\\\/?product=vaji-fara-rushi#breadcrumb\",\"itemListElement\":[{\"@type\":\"ListItem\",\"position\":1,\"name\":\"Home\",\"item\":\"https:\\\/\\\/www.edesia.al\\\/\"},{\"@type\":\"ListItem\",\"position\":2,\"name\":\"Dyqani\",\"item\":\"https:\\\/\\\/www.edesia.al\\\/?page_id=17\"},{\"@type\":\"ListItem\",\"position\":3,\"name\":\"Vaji Fara Rushi\"}]},{\"@type\":\"WebSite\",\"@id\":\"https:\\\/\\\/www.edesia.al\\\/#website\",\"url\":\"https:\\\/\\\/www.edesia.al\\\/\",\"name\":\"Edesia\",\"description\":\"\",\"publisher\":{\"@id\":\"https:\\\/\\\/www.edesia.al\\\/#organization\"},\"potentialAction\":[{\"@type\":\"SearchAction\",\"target\":{\"@type\":\"EntryPoint\",\"urlTemplate\":\"https:\\\/\\\/www.edesia.al\\\/?s={search_term_string}\"},\"query-input\":{\"@type\":\"PropertyValueSpecification\",\"valueRequired\":true,\"valueName\":\"search_term_string\"}}],\"inLanguage\":\"en-US\"},{\"@type\":\"Organization\",\"@id\":\"https:\\\/\\\/www.edesia.al\\\/#organization\",\"name\":\"Edesia\",\"url\":\"https:\\\/\\\/www.edesia.al\\\/\",\"logo\":{\"@type\":\"ImageObject\",\"inLanguage\":\"en-US\",\"@id\":\"https:\\\/\\\/www.edesia.al\\\/#\\\/schema\\\/logo\\\/image\\\/\",\"url\":\"https:\\\/\\\/www.edesia.al\\\/wp-content\\\/uploads\\\/2026\\\/02\\\/Logo-Edesia-no-background.png\",\"contentUrl\":\"https:\\\/\\\/www.edesia.al\\\/wp-content\\\/uploads\\\/2026\\\/02\\\/Logo-Edesia-no-background.png\",\"width\":293,\"height\":158,\"caption\":\"Edesia\"},\"image\":{\"@id\":\"https:\\\/\\\/www.edesia.al\\\/#\\\/schema\\\/logo\\\/image\\\/\"}}]}<\/script>\n<!-- \/ Yoast SEO plugin. -->","yoast_head_json":{"title":"Vaji Fara Rushi - Edesia","robots":{"index":"index","follow":"follow","max-snippet":"max-snippet:-1","max-image-preview":"max-image-preview:large","max-video-preview":"max-video-preview:-1"},"canonical":"https:\/\/www.edesia.al\/?product=vaji-fara-rushi","og_locale":"en_US","og_type":"article","og_title":"Vaji Fara Rushi - Edesia","og_description":"Vaj farash rrushi i presuar n\u00eb t\u00eb ftoht\u00eb \ud83c\udf47 i pasur me vitamin\u00eb E dhe antioksidant\u00eb. Ideal p\u00ebr dieta t\u00eb lehta si DASH, ndihmon n\u00eb mbrojtjen e zemr\u00ebs dhe uljen e kolesterolit. P\u00ebr sallata, gatime t\u00eb lehta apo kujdes bukurie \ud83c\udf3f","og_url":"https:\/\/www.edesia.al\/?product=vaji-fara-rushi","og_site_name":"Edesia","article_modified_time":"2026-04-14T08:33:26+00:00","og_image":[{"width":535,"height":534,"url":"https:\/\/www.edesia.al\/wp-content\/uploads\/2026\/02\/Vaj-i-Farave-Te-rrushit-1-1.png","type":"image\/png"}],"twitter_card":"summary_large_image","twitter_misc":{"Est. reading time":"1 minute"},"schema":{"@context":"https:\/\/schema.org","@graph":[{"@type":"WebPage","@id":"https:\/\/www.edesia.al\/?product=vaji-fara-rushi","url":"https:\/\/www.edesia.al\/?product=vaji-fara-rushi","name":"Vaji Fara Rushi - Edesia","isPartOf":{"@id":"https:\/\/www.edesia.al\/#website"},"primaryImageOfPage":{"@id":"https:\/\/www.edesia.al\/?product=vaji-fara-rushi#primaryimage"},"image":{"@id":"https:\/\/www.edesia.al\/?product=vaji-fara-rushi#primaryimage"},"thumbnailUrl":"https:\/\/www.edesia.al\/wp-content\/uploads\/2026\/02\/Vaj-i-Farave-Te-rrushit-1-1.png","datePublished":"2026-02-16T21:11:55+00:00","dateModified":"2026-04-14T08:33:26+00:00","breadcrumb":{"@id":"https:\/\/www.edesia.al\/?product=vaji-fara-rushi#breadcrumb"},"inLanguage":"en-US","potentialAction":[{"@type":"ReadAction","target":["https:\/\/www.edesia.al\/?product=vaji-fara-rushi"]}]},{"@type":"ImageObject","inLanguage":"en-US","@id":"https:\/\/www.edesia.al\/?product=vaji-fara-rushi#primaryimage","url":"https:\/\/www.edesia.al\/wp-content\/uploads\/2026\/02\/Vaj-i-Farave-Te-rrushit-1-1.png","contentUrl":"https:\/\/www.edesia.al\/wp-content\/uploads\/2026\/02\/Vaj-i-Farave-Te-rrushit-1-1.png","width":535,"height":534},{"@type":"BreadcrumbList","@id":"https:\/\/www.edesia.al\/?product=vaji-fara-rushi#breadcrumb","itemListElement":[{"@type":"ListItem","position":1,"name":"Home","item":"https:\/\/www.edesia.al\/"},{"@type":"ListItem","position":2,"name":"Dyqani","item":"https:\/\/www.edesia.al\/?page_id=17"},{"@type":"ListItem","position":3,"name":"Vaji Fara Rushi"}]},{"@type":"WebSite","@id":"https:\/\/www.edesia.al\/#website","url":"https:\/\/www.edesia.al\/","name":"Edesia","description":"","publisher":{"@id":"https:\/\/www.edesia.al\/#organization"},"potentialAction":[{"@type":"SearchAction","target":{"@type":"EntryPoint","urlTemplate":"https:\/\/www.edesia.al\/?s={search_term_string}"},"query-input":{"@type":"PropertyValueSpecification","valueRequired":true,"valueName":"search_term_string"}}],"inLanguage":"en-US"},{"@type":"Organization","@id":"https:\/\/www.edesia.al\/#organization","name":"Edesia","url":"https:\/\/www.edesia.al\/","logo":{"@type":"ImageObject","inLanguage":"en-US","@id":"https:\/\/www.edesia.al\/#\/schema\/logo\/image\/","url":"https:\/\/www.edesia.al\/wp-content\/uploads\/2026\/02\/Logo-Edesia-no-background.png","contentUrl":"https:\/\/www.edesia.al\/wp-content\/uploads\/2026\/02\/Logo-Edesia-no-background.png","width":293,"height":158,"caption":"Edesia"},"image":{"@id":"https:\/\/www.edesia.al\/#\/schema\/logo\/image\/"}}]}},"_links":{"self":[{"href":"https:\/\/www.edesia.al\/index.php?rest_route=\/wp\/v2\/product\/6981","targetHints":{"allow":["GET"]}}],"collection":[{"href":"https:\/\/www.edesia.al\/index.php?rest_route=\/wp\/v2\/product"}],"about":[{"href":"https:\/\/www.edesia.al\/index.php?rest_route=\/wp\/v2\/types\/product"}],"replies":[{"embeddable":true,"href":"https:\/\/www.edesia.al\/index.php?rest_route=%2Fwp%2Fv2%2Fcomments&post=6981"}],"wp:featuredmedia":[{"embeddable":true,"href":"https:\/\/www.edesia.al\/index.php?rest_route=\/wp\/v2\/media\/7011"}],"wp:attachment":[{"href":"https:\/\/www.edesia.al\/index.php?rest_route=%2Fwp%2Fv2%2Fmedia&parent=6981"}],"wp:term":[{"taxonomy":"kategori-sipas-dietave","embeddable":true,"href":"https:\/\/www.edesia.al\/index.php?rest_route=%2Fwp%2Fv2%2Fkategori-sipas-dietave&post=6981"},{"taxonomy":"kategori-sipas-problemeve-shende","embeddable":true,"href":"https:\/\/www.edesia.al\/index.php?rest_route=%2Fwp%2Fv2%2Fkategori-sipas-problemeve-shende&post=6981"},{"taxonomy":"product_brand","embeddable":true,"href":"https:\/\/www.edesia.al\/index.php?rest_route=%2Fwp%2Fv2%2Fproduct_brand&post=6981"},{"taxonomy":"product_cat","embeddable":true,"href":"https:\/\/www.edesia.al\/index.php?rest_route=%2Fwp%2Fv2%2Fproduct_cat&post=6981"},{"taxonomy":"product_tag","embeddable":true,"href":"https:\/\/www.edesia.al\/index.php?rest_route=%2Fwp%2Fv2%2Fproduct_tag&post=6981"}],"curies":[{"name":"wp","href":"https:\/\/api.w.org\/{rel}","templated":true}]}}