{"id":6982,"date":"2026-02-16T21:11:55","date_gmt":"2026-02-16T21:11:55","guid":{"rendered":"https:\/\/www.edesia.al\/?post_type=product&#038;p=6982"},"modified":"2026-02-25T10:50:02","modified_gmt":"2026-02-25T10:50:02","slug":"vaji-i-farave-te-kerpit","status":"publish","type":"product","link":"https:\/\/www.edesia.al\/?product=vaji-i-farave-te-kerpit","title":{"rendered":"Vaji i Farave t\u00eb K\u00ebrpit"},"content":{"rendered":"<h3>Vaji i Farave t\u00eb K\u00ebrpit 250 ml<\/h3>\n<div class=\"flex-1 overflow-hidden\">\n<div class=\"react-scroll-to-bottom--css-uoapg-79elbk h-full\">\n<div class=\"react-scroll-to-bottom--css-uoapg-1n7m0yu\">\n<div class=\"flex flex-col text-sm gizmo:pb-9 dark:bg-gray-800 gizmo:dark:bg-transparent\">\n<div class=\"group w-full text-token-text-primary border-b border-black\/10 gizmo:border-0 dark:border-gray-900\/50 gizmo:dark:border-0 bg-gray-50 gizmo:bg-transparent dark:bg-[#444654] gizmo:dark:bg-transparent\" data-testid=\"conversation-turn-9\">\n<div class=\"p-4 gizmo:py-2 justify-center text-base md:gap-6 md:py-6 m-auto\">\n<div class=\"flex flex-1 gap-4 text-base mx-auto md:gap-6 gizmo:gap-3 gizmo:md:px-5 gizmo:lg:px-1 gizmo:xl:px-5 md:max-w-2xl lg:max-w-[38rem] gizmo:md:max-w-3xl gizmo:lg:max-w-[40rem] gizmo:xl:max-w-[48rem] xl:max-w-3xl }\">\n<div class=\"relative flex w-[calc(100%-50px)] flex-col gizmo:w-full lg:w-[calc(100%-115px)] agent-turn\">\n<div class=\"flex-col gap-1 md:gap-3\">\n<div class=\"flex flex-grow flex-col max-w-full gap-3 gizmo:gap-0\">\n<div class=\"min-h-[20px] flex flex-col items-start gap-3 whitespace-pre-wrap break-words overflow-x-auto\" data-message-author-role=\"assistant\" data-message-id=\"fe5bb3cd-e222-4a7f-92ae-2a733711285a\">\n<div class=\"markdown prose w-full break-words dark:prose-invert light\">\n<p>Vaji i farave t\u00eb k\u00ebrpit ekstaktohet n\u00eb t\u00eb ftoht\u00ebe nga farat e k\u00ebrpit dhe \u00ebsht\u00eb nj\u00eb nga suplementet m\u00eb t\u00eb fuqishme kund\u00ebr tumoreve.<\/p>\n<h4>Disa nga benefite kryesore t\u00eb vajit t\u00eb farave t\u00eb k\u00ebrpit p\u00ebrfshijn\u00eb:<\/h4>\n<ol>\n<li>Vaji i farave t\u00eb k\u00ebrpit \u00ebsht\u00eb i pasur me acid alfa-linolenik, i njohur ndryshe si nj\u00eb lloj acidi yndyror Omega-3, i cili mund t\u00eb ndihmoj\u00eb n\u00eb uljen e rrezikut t\u00eb s\u00ebmundjeve kardiovaskulare dhe n\u00eb mbrojtjen e sh\u00ebndetit t\u00eb zemr\u00ebs.<\/li>\n<li>Acidi linoleik dhe acidi alfa-linolenik n\u00eb vajin e farave t\u00eb k\u00ebrpit kan\u00eb veti anti-inflamatore dhe mund t\u00eb ndihmojn\u00eb n\u00eb zvog\u00eblimin e inflamacionit n\u00eb trup. Inflamacionet jan\u00eb t\u00eb priruar t\u00eb shkaktojn\u00eb tumore n\u00eb organiz\u00ebm ndaj vaji i farave t\u00eb k\u00ebrpit p\u00ebrdoret gj\u00ebr\u00ebsisht kund\u00ebr kancerit.<\/li>\n<li>Vaji i farave t\u00eb k\u00ebrpit p\u00ebrmban antioksidant\u00eb t\u00eb tjer\u00eb t\u00eb tilla si vitamina E, t\u00eb cilat ndihmojn\u00eb n\u00eb mbrojtjen e qelizave nga d\u00ebmtimet e radikaleve t\u00eb lira.<\/li>\n<li>: P\u00ebrdorimi i vajit t\u00eb farave t\u00eb k\u00ebrpit mund t\u00eb ndihmoj\u00eb n\u00eb p\u00ebrmir\u00ebsimin e funksionit t\u00eb sistemit imunitar dhe n\u00eb luft\u00ebn kund\u00ebr infeksioneve.<\/li>\n<li>Vaji i farave t\u00eb k\u00ebrpit ka veti hidratuese dhe mund t\u00eb p\u00ebrdoret p\u00ebr t\u00eb mbajtur l\u00ebkur\u00ebn t\u00eb hidratuar dhe t\u00eb sh\u00ebndetshme.<\/li>\n<\/ol>\n<h4>P\u00ebrdorim:<\/h4>\n<p>P\u00ebrve\u00e7 p\u00ebrdorimit sh\u00ebndet\u00ebsor, vaji i farave t\u00eb k\u00ebrpit \u00ebsht\u00eb i shijsh\u00ebm dhe p\u00ebrdoret n\u00eb gatime t\u00eb ndryshme, sidomos n\u00eb gatimet vegjetariane dhe vegane.<\/p>\n<p>P\u00ebr t\u00eb p\u00ebrfituar sa m\u00eb shum\u00eb mund ta p\u00ebrdorni si shtes\u00eb ushqimore nj\u00eb lug\u00eb n\u00eb m\u00ebngjes es\u00ebll.<\/p>\n<\/div>\n<\/div>\n<\/div>\n<\/div>\n<\/div>\n<\/div>\n<\/div>\n<\/div>\n<\/div>\n<\/div>\n<\/div>\n<\/div>\n","protected":false},"excerpt":{"rendered":"<p>Vaji i Farave t\u00eb K\u00ebrpit 250 ml Vaji i farave t\u00eb k\u00ebrpit ekstaktohet n\u00eb t\u00eb ftoht\u00ebe nga farat e k\u00ebrpit dhe \u00ebsht\u00eb nj\u00eb nga suplementet m\u00eb t\u00eb fuqishme kund\u00ebr tumoreve. Disa nga benefite kryesore t\u00eb vajit t\u00eb farave t\u00eb k\u00ebrpit p\u00ebrfshijn\u00eb: Vaji i farave t\u00eb k\u00ebrpit \u00ebsht\u00eb i pasur me acid alfa-linolenik, i njohur ndryshe[&#8230;]<\/p>\n","protected":false},"featured_media":7037,"comment_status":"open","ping_status":"closed","template":"","meta":{"_acf_changed":false,"inline_featured_image":false},"kategori-sipas-dietave":[],"kategori-sipas-problemeve-shende":[84],"product_brand":[32],"product_cat":[26,41],"product_tag":[],"class_list":{"0":"post-6982","1":"product","2":"type-product","3":"status-publish","4":"has-post-thumbnail","6":"kategori-sipas-problemeve-shende-suport-hormonal","7":"product_brand-bioagros","8":"product_cat-ushqime-bio","9":"product_cat-vajra-te-presuar-ne-te-ftohte","11":"first","12":"instock","13":"sale","14":"taxable","15":"shipping-taxable","16":"purchasable","17":"product-type-simple"},"acf":[],"yoast_head":"<!-- This site is optimized with the Yoast SEO plugin v27.4 - https:\/\/yoast.com\/product\/yoast-seo-wordpress\/ -->\n<title>Vaji i Farave t\u00eb K\u00ebrpit - Edesia<\/title>\n<meta name=\"robots\" content=\"index, follow, max-snippet:-1, max-image-preview:large, max-video-preview:-1\" \/>\n<link rel=\"canonical\" href=\"https:\/\/www.edesia.al\/?product=vaji-i-farave-te-kerpit\" \/>\n<meta property=\"og:locale\" content=\"en_US\" \/>\n<meta property=\"og:type\" content=\"article\" \/>\n<meta property=\"og:title\" content=\"Vaji i Farave t\u00eb K\u00ebrpit - Edesia\" \/>\n<meta property=\"og:description\" content=\"Vaji i Farave t\u00eb K\u00ebrpit 250 ml Vaji i farave t\u00eb k\u00ebrpit ekstaktohet n\u00eb t\u00eb ftoht\u00ebe nga farat e k\u00ebrpit dhe \u00ebsht\u00eb nj\u00eb nga suplementet m\u00eb t\u00eb fuqishme kund\u00ebr tumoreve. Disa nga benefite kryesore t\u00eb vajit t\u00eb farave t\u00eb k\u00ebrpit p\u00ebrfshijn\u00eb: Vaji i farave t\u00eb k\u00ebrpit \u00ebsht\u00eb i pasur me acid alfa-linolenik, i njohur ndryshe[...]\" \/>\n<meta property=\"og:url\" content=\"https:\/\/www.edesia.al\/?product=vaji-i-farave-te-kerpit\" \/>\n<meta property=\"og:site_name\" content=\"Edesia\" \/>\n<meta property=\"article:modified_time\" content=\"2026-02-25T10:50:02+00:00\" \/>\n<meta property=\"og:image\" content=\"https:\/\/www.edesia.al\/wp-content\/uploads\/2026\/02\/vaj-kerpi-1.png\" \/>\n\t<meta property=\"og:image:width\" content=\"500\" \/>\n\t<meta property=\"og:image:height\" content=\"500\" \/>\n\t<meta property=\"og:image:type\" content=\"image\/png\" \/>\n<meta name=\"twitter:card\" content=\"summary_large_image\" \/>\n<meta name=\"twitter:label1\" content=\"Est. reading time\" \/>\n\t<meta name=\"twitter:data1\" content=\"1 minute\" \/>\n<script type=\"application\/ld+json\" class=\"yoast-schema-graph\">{\"@context\":\"https:\\\/\\\/schema.org\",\"@graph\":[{\"@type\":\"WebPage\",\"@id\":\"https:\\\/\\\/www.edesia.al\\\/?product=vaji-i-farave-te-kerpit\",\"url\":\"https:\\\/\\\/www.edesia.al\\\/?product=vaji-i-farave-te-kerpit\",\"name\":\"Vaji i Farave t\u00eb K\u00ebrpit - Edesia\",\"isPartOf\":{\"@id\":\"https:\\\/\\\/www.edesia.al\\\/#website\"},\"primaryImageOfPage\":{\"@id\":\"https:\\\/\\\/www.edesia.al\\\/?product=vaji-i-farave-te-kerpit#primaryimage\"},\"image\":{\"@id\":\"https:\\\/\\\/www.edesia.al\\\/?product=vaji-i-farave-te-kerpit#primaryimage\"},\"thumbnailUrl\":\"https:\\\/\\\/www.edesia.al\\\/wp-content\\\/uploads\\\/2026\\\/02\\\/vaj-kerpi-1.png\",\"datePublished\":\"2026-02-16T21:11:55+00:00\",\"dateModified\":\"2026-02-25T10:50:02+00:00\",\"breadcrumb\":{\"@id\":\"https:\\\/\\\/www.edesia.al\\\/?product=vaji-i-farave-te-kerpit#breadcrumb\"},\"inLanguage\":\"en-US\",\"potentialAction\":[{\"@type\":\"ReadAction\",\"target\":[\"https:\\\/\\\/www.edesia.al\\\/?product=vaji-i-farave-te-kerpit\"]}]},{\"@type\":\"ImageObject\",\"inLanguage\":\"en-US\",\"@id\":\"https:\\\/\\\/www.edesia.al\\\/?product=vaji-i-farave-te-kerpit#primaryimage\",\"url\":\"https:\\\/\\\/www.edesia.al\\\/wp-content\\\/uploads\\\/2026\\\/02\\\/vaj-kerpi-1.png\",\"contentUrl\":\"https:\\\/\\\/www.edesia.al\\\/wp-content\\\/uploads\\\/2026\\\/02\\\/vaj-kerpi-1.png\",\"width\":500,\"height\":500},{\"@type\":\"BreadcrumbList\",\"@id\":\"https:\\\/\\\/www.edesia.al\\\/?product=vaji-i-farave-te-kerpit#breadcrumb\",\"itemListElement\":[{\"@type\":\"ListItem\",\"position\":1,\"name\":\"Home\",\"item\":\"https:\\\/\\\/www.edesia.al\\\/\"},{\"@type\":\"ListItem\",\"position\":2,\"name\":\"Dyqani\",\"item\":\"https:\\\/\\\/www.edesia.al\\\/?page_id=17\"},{\"@type\":\"ListItem\",\"position\":3,\"name\":\"Vaji i Farave t\u00eb K\u00ebrpit\"}]},{\"@type\":\"WebSite\",\"@id\":\"https:\\\/\\\/www.edesia.al\\\/#website\",\"url\":\"https:\\\/\\\/www.edesia.al\\\/\",\"name\":\"Edesia\",\"description\":\"\",\"publisher\":{\"@id\":\"https:\\\/\\\/www.edesia.al\\\/#organization\"},\"potentialAction\":[{\"@type\":\"SearchAction\",\"target\":{\"@type\":\"EntryPoint\",\"urlTemplate\":\"https:\\\/\\\/www.edesia.al\\\/?s={search_term_string}\"},\"query-input\":{\"@type\":\"PropertyValueSpecification\",\"valueRequired\":true,\"valueName\":\"search_term_string\"}}],\"inLanguage\":\"en-US\"},{\"@type\":\"Organization\",\"@id\":\"https:\\\/\\\/www.edesia.al\\\/#organization\",\"name\":\"Edesia\",\"url\":\"https:\\\/\\\/www.edesia.al\\\/\",\"logo\":{\"@type\":\"ImageObject\",\"inLanguage\":\"en-US\",\"@id\":\"https:\\\/\\\/www.edesia.al\\\/#\\\/schema\\\/logo\\\/image\\\/\",\"url\":\"https:\\\/\\\/www.edesia.al\\\/wp-content\\\/uploads\\\/2026\\\/02\\\/Logo-Edesia-no-background.png\",\"contentUrl\":\"https:\\\/\\\/www.edesia.al\\\/wp-content\\\/uploads\\\/2026\\\/02\\\/Logo-Edesia-no-background.png\",\"width\":293,\"height\":158,\"caption\":\"Edesia\"},\"image\":{\"@id\":\"https:\\\/\\\/www.edesia.al\\\/#\\\/schema\\\/logo\\\/image\\\/\"}}]}<\/script>\n<!-- \/ Yoast SEO plugin. -->","yoast_head_json":{"title":"Vaji i Farave t\u00eb K\u00ebrpit - Edesia","robots":{"index":"index","follow":"follow","max-snippet":"max-snippet:-1","max-image-preview":"max-image-preview:large","max-video-preview":"max-video-preview:-1"},"canonical":"https:\/\/www.edesia.al\/?product=vaji-i-farave-te-kerpit","og_locale":"en_US","og_type":"article","og_title":"Vaji i Farave t\u00eb K\u00ebrpit - Edesia","og_description":"Vaji i Farave t\u00eb K\u00ebrpit 250 ml Vaji i farave t\u00eb k\u00ebrpit ekstaktohet n\u00eb t\u00eb ftoht\u00ebe nga farat e k\u00ebrpit dhe \u00ebsht\u00eb nj\u00eb nga suplementet m\u00eb t\u00eb fuqishme kund\u00ebr tumoreve. Disa nga benefite kryesore t\u00eb vajit t\u00eb farave t\u00eb k\u00ebrpit p\u00ebrfshijn\u00eb: Vaji i farave t\u00eb k\u00ebrpit \u00ebsht\u00eb i pasur me acid alfa-linolenik, i njohur ndryshe[...]","og_url":"https:\/\/www.edesia.al\/?product=vaji-i-farave-te-kerpit","og_site_name":"Edesia","article_modified_time":"2026-02-25T10:50:02+00:00","og_image":[{"width":500,"height":500,"url":"https:\/\/www.edesia.al\/wp-content\/uploads\/2026\/02\/vaj-kerpi-1.png","type":"image\/png"}],"twitter_card":"summary_large_image","twitter_misc":{"Est. reading time":"1 minute"},"schema":{"@context":"https:\/\/schema.org","@graph":[{"@type":"WebPage","@id":"https:\/\/www.edesia.al\/?product=vaji-i-farave-te-kerpit","url":"https:\/\/www.edesia.al\/?product=vaji-i-farave-te-kerpit","name":"Vaji i Farave t\u00eb K\u00ebrpit - Edesia","isPartOf":{"@id":"https:\/\/www.edesia.al\/#website"},"primaryImageOfPage":{"@id":"https:\/\/www.edesia.al\/?product=vaji-i-farave-te-kerpit#primaryimage"},"image":{"@id":"https:\/\/www.edesia.al\/?product=vaji-i-farave-te-kerpit#primaryimage"},"thumbnailUrl":"https:\/\/www.edesia.al\/wp-content\/uploads\/2026\/02\/vaj-kerpi-1.png","datePublished":"2026-02-16T21:11:55+00:00","dateModified":"2026-02-25T10:50:02+00:00","breadcrumb":{"@id":"https:\/\/www.edesia.al\/?product=vaji-i-farave-te-kerpit#breadcrumb"},"inLanguage":"en-US","potentialAction":[{"@type":"ReadAction","target":["https:\/\/www.edesia.al\/?product=vaji-i-farave-te-kerpit"]}]},{"@type":"ImageObject","inLanguage":"en-US","@id":"https:\/\/www.edesia.al\/?product=vaji-i-farave-te-kerpit#primaryimage","url":"https:\/\/www.edesia.al\/wp-content\/uploads\/2026\/02\/vaj-kerpi-1.png","contentUrl":"https:\/\/www.edesia.al\/wp-content\/uploads\/2026\/02\/vaj-kerpi-1.png","width":500,"height":500},{"@type":"BreadcrumbList","@id":"https:\/\/www.edesia.al\/?product=vaji-i-farave-te-kerpit#breadcrumb","itemListElement":[{"@type":"ListItem","position":1,"name":"Home","item":"https:\/\/www.edesia.al\/"},{"@type":"ListItem","position":2,"name":"Dyqani","item":"https:\/\/www.edesia.al\/?page_id=17"},{"@type":"ListItem","position":3,"name":"Vaji i Farave t\u00eb K\u00ebrpit"}]},{"@type":"WebSite","@id":"https:\/\/www.edesia.al\/#website","url":"https:\/\/www.edesia.al\/","name":"Edesia","description":"","publisher":{"@id":"https:\/\/www.edesia.al\/#organization"},"potentialAction":[{"@type":"SearchAction","target":{"@type":"EntryPoint","urlTemplate":"https:\/\/www.edesia.al\/?s={search_term_string}"},"query-input":{"@type":"PropertyValueSpecification","valueRequired":true,"valueName":"search_term_string"}}],"inLanguage":"en-US"},{"@type":"Organization","@id":"https:\/\/www.edesia.al\/#organization","name":"Edesia","url":"https:\/\/www.edesia.al\/","logo":{"@type":"ImageObject","inLanguage":"en-US","@id":"https:\/\/www.edesia.al\/#\/schema\/logo\/image\/","url":"https:\/\/www.edesia.al\/wp-content\/uploads\/2026\/02\/Logo-Edesia-no-background.png","contentUrl":"https:\/\/www.edesia.al\/wp-content\/uploads\/2026\/02\/Logo-Edesia-no-background.png","width":293,"height":158,"caption":"Edesia"},"image":{"@id":"https:\/\/www.edesia.al\/#\/schema\/logo\/image\/"}}]}},"_links":{"self":[{"href":"https:\/\/www.edesia.al\/index.php?rest_route=\/wp\/v2\/product\/6982","targetHints":{"allow":["GET"]}}],"collection":[{"href":"https:\/\/www.edesia.al\/index.php?rest_route=\/wp\/v2\/product"}],"about":[{"href":"https:\/\/www.edesia.al\/index.php?rest_route=\/wp\/v2\/types\/product"}],"replies":[{"embeddable":true,"href":"https:\/\/www.edesia.al\/index.php?rest_route=%2Fwp%2Fv2%2Fcomments&post=6982"}],"wp:featuredmedia":[{"embeddable":true,"href":"https:\/\/www.edesia.al\/index.php?rest_route=\/wp\/v2\/media\/7037"}],"wp:attachment":[{"href":"https:\/\/www.edesia.al\/index.php?rest_route=%2Fwp%2Fv2%2Fmedia&parent=6982"}],"wp:term":[{"taxonomy":"kategori-sipas-dietave","embeddable":true,"href":"https:\/\/www.edesia.al\/index.php?rest_route=%2Fwp%2Fv2%2Fkategori-sipas-dietave&post=6982"},{"taxonomy":"kategori-sipas-problemeve-shende","embeddable":true,"href":"https:\/\/www.edesia.al\/index.php?rest_route=%2Fwp%2Fv2%2Fkategori-sipas-problemeve-shende&post=6982"},{"taxonomy":"product_brand","embeddable":true,"href":"https:\/\/www.edesia.al\/index.php?rest_route=%2Fwp%2Fv2%2Fproduct_brand&post=6982"},{"taxonomy":"product_cat","embeddable":true,"href":"https:\/\/www.edesia.al\/index.php?rest_route=%2Fwp%2Fv2%2Fproduct_cat&post=6982"},{"taxonomy":"product_tag","embeddable":true,"href":"https:\/\/www.edesia.al\/index.php?rest_route=%2Fwp%2Fv2%2Fproduct_tag&post=6982"}],"curies":[{"name":"wp","href":"https:\/\/api.w.org\/{rel}","templated":true}]}}