{"id":7012,"date":"2026-02-16T21:12:16","date_gmt":"2026-02-16T21:12:16","guid":{"rendered":"https:\/\/www.edesia.al\/?post_type=product&#038;p=7012"},"modified":"2026-02-25T10:52:29","modified_gmt":"2026-02-25T10:52:29","slug":"vaj-castori-ricini","status":"publish","type":"product","link":"https:\/\/www.edesia.al\/?product=vaj-castori-ricini","title":{"rendered":"Vaj Castori (Ricini)"},"content":{"rendered":"<h3>Vaj Castori (Ricini) 100ml<\/h3>\n<p>&nbsp;<\/p>\n<p>Vaji i ricinit, nj\u00eb vaj i prodhuar nga farat e ricinit (Ricinus communis), \u00ebsht\u00eb nj\u00eb vaj i njohur p\u00ebr p\u00ebrdorimin e tij t\u00eb gjer\u00eb n\u00eb mjek\u00ebsi, kozmetik\u00eb dhe p\u00ebrdorime t\u00eb tjera.<\/p>\n<div class=\"flex-1 overflow-hidden\">\n<div class=\"react-scroll-to-bottom--css-uoapg-79elbk h-full\">\n<div class=\"react-scroll-to-bottom--css-uoapg-1n7m0yu\">\n<div class=\"flex flex-col text-sm gizmo:pb-9 dark:bg-gray-800 gizmo:dark:bg-transparent\">\n<div class=\"group w-full text-token-text-primary border-b border-black\/10 gizmo:border-0 dark:border-gray-900\/50 gizmo:dark:border-0 bg-gray-50 gizmo:bg-transparent dark:bg-[#444654] gizmo:dark:bg-transparent\" data-testid=\"conversation-turn-19\">\n<div class=\"p-4 gizmo:py-2 justify-center text-base md:gap-6 md:py-6 m-auto\">\n<div class=\"flex flex-1 gap-4 text-base mx-auto md:gap-6 gizmo:gap-3 gizmo:md:px-5 gizmo:lg:px-1 gizmo:xl:px-5 md:max-w-2xl lg:max-w-[38rem] gizmo:md:max-w-3xl gizmo:lg:max-w-[40rem] gizmo:xl:max-w-[48rem] xl:max-w-3xl }\">\n<div class=\"relative flex w-[calc(100%-50px)] flex-col gizmo:w-full lg:w-[calc(100%-115px)] agent-turn\">\n<div class=\"flex-col gap-1 md:gap-3\">\n<div class=\"flex flex-grow flex-col max-w-full gap-3 gizmo:gap-0\">\n<div class=\"min-h-[20px] flex flex-col items-start gap-3 whitespace-pre-wrap break-words overflow-x-auto\" data-message-author-role=\"assistant\" data-message-id=\"69cd14e1-2f98-4b3c-a008-160f304ca756\">\n<div class=\"markdown prose w-full break-words dark:prose-invert light\">\n<p>&nbsp;<\/p>\n<h4>\u00a0Disa nga benefite t\u00eb vajit t\u00eb ricinit:<\/h4>\n<ol>\n<li>Vaji i ricinit p\u00ebrdoret si detoksifikues p\u00ebr t\u00eb ndihmuar n\u00eb pastrimin e zorr\u00ebve dhe p\u00ebr t\u00eb trajtuar kund\u00ebr kapsll\u00ebkut. P\u00ebr k\u00ebt\u00eb q\u00ebllim, zakonisht p\u00ebrdoret n\u00eb doza t\u00eb vogla dhe n\u00ebn mbik\u00ebqyrjen e nj\u00eb mjeku.<\/li>\n<li>\u00cbsht\u00eb shum\u00eb i njohur p\u00ebr aft\u00ebsin\u00eb e tij p\u00ebr t\u00eb stimuluar rritjen e flok\u00ebve. P\u00ebr t\u00eb p\u00ebrdorur vajin p\u00ebr k\u00ebt\u00eb q\u00ebllim, aplikohet n\u00eb l\u00ebkur\u00ebn e kok\u00ebs dhe lahet pas disa or\u00ebsh. P\u00ebrdorimi i vajit t\u00eb ricinit mund t\u00eb forcoj\u00eb rr\u00ebnjat e flok\u00ebve dhe t\u00eb ndihmoj\u00eb n\u00eb parandalimin e r\u00ebnies s\u00eb tyre.<\/li>\n<li>\u00a0Vaji i ricinit mund t\u00eb p\u00ebrdoret p\u00ebr hidratimin e l\u00ebkur\u00ebs, ve\u00e7an\u00ebrisht n\u00eb zonat ku l\u00ebkura \u00ebsht\u00eb e that\u00eb ose car\u00eb. Ai mund t\u00eb aplikohet n\u00eb fytyr\u00eb, trup, dhe duar p\u00ebr t\u00eb mbajtur l\u00ebkur\u00ebn t\u00eb but\u00eb dhe t\u00eb hidratuar.<\/li>\n<li>Ka veti anti-inflamatore dhe antibakteriale, duke e b\u00ebr\u00eb nj\u00eb zgjedhje t\u00eb dobishme p\u00ebr trajtimin e akneve, skuqjeve, dhe ndonj\u00eb inflamacioni t\u00eb l\u00ebkur\u00ebs.<\/li>\n<li>Vaji i ricinit mund t\u00eb p\u00ebrdoret si nj\u00eb mjet natyral p\u00ebr t\u00eb mbrojtur l\u00ebkur\u00ebn nga d\u00ebmet e diellit. P\u00ebrdorimi i tij pas ekspozimit ndaj diellit mund t\u00eb ndihmoj\u00eb n\u00eb ftohjen dhe sh\u00ebrimin e l\u00ebkur\u00ebs.<\/li>\n<\/ol>\n<h4>Kujdes!<\/h4>\n<p>P\u00ebr t\u00eb p\u00ebrfituar nga k\u00ebto benefite, sigurohuni q\u00eb t\u00eb p\u00ebrdorni vajin e ricinit me kujdes dhe n\u00eb p\u00ebrputhje me udh\u00ebzimet e p\u00ebrdorimit. Gjithashtu, \u00ebsht\u00eb e r\u00ebnd\u00ebsishme t\u00eb testoni produktin n\u00eb nj\u00eb pjes\u00eb t\u00eb vog\u00ebl t\u00eb l\u00ebkur\u00ebs p\u00ebr t\u00eb par\u00eb n\u00ebse keni ndonj\u00eb reaksion alergjik para se t\u00eb p\u00ebrdorni n\u00eb zon\u00ebn e gj\u00ebr\u00eb t\u00eb l\u00ebkur\u00ebs.<\/p>\n<\/div>\n<\/div>\n<\/div>\n<\/div>\n<\/div>\n<\/div>\n<\/div>\n<\/div>\n<p>&nbsp;<\/p>\n<\/div>\n<\/div>\n<\/div>\n<\/div>\n<div class=\"w-full pt-2 md:pt-0 border-t md:border-t-0 gizmo:border-t-0 dark:border-white\/20 md:border-transparent md:dark:border-transparent md:pl-2 gizmo:pl-0 gizmo:md:pl-0 md:w-[calc(100%-.5rem)] absolute bottom-0 left-0 md:bg-vert-light-gradient bg-white dark:bg-gray-800 md:!bg-transparent dark:md:bg-vert-dark-gradient\">\n<form class=\"stretch mx-2 flex flex-row gap-3 last:mb-2 md:mx-4 md:last:mb-6 lg:mx-auto lg:max-w-2xl xl:max-w-3xl\">\n<div class=\"relative flex h-full flex-1 items-stretch md:flex-col\">\n<div>\n<div class=\"h-full flex ml-1 md:w-full md:m-auto md:mb-4 gap-0 md:gap-2 justify-center\"><\/div>\n<\/div>\n<\/div>\n<\/form>\n<\/div>\n","protected":false},"excerpt":{"rendered":"<p>Vaj Castori (Ricini) 100ml &nbsp; Vaji i ricinit, nj\u00eb vaj i prodhuar nga farat e ricinit (Ricinus communis), \u00ebsht\u00eb nj\u00eb vaj i njohur p\u00ebr p\u00ebrdorimin e tij t\u00eb gjer\u00eb n\u00eb mjek\u00ebsi, kozmetik\u00eb dhe p\u00ebrdorime t\u00eb tjera. &nbsp; \u00a0Disa nga benefite t\u00eb vajit t\u00eb ricinit: Vaji i ricinit p\u00ebrdoret si detoksifikues p\u00ebr t\u00eb ndihmuar n\u00eb pastrimin[&#8230;]<\/p>\n","protected":false},"featured_media":7040,"comment_status":"open","ping_status":"closed","template":"","meta":{"_acf_changed":false,"inline_featured_image":false},"kategori-sipas-dietave":[],"kategori-sipas-problemeve-shende":[83],"product_brand":[99],"product_cat":[79,23],"product_tag":[],"class_list":{"0":"post-7012","1":"product","2":"type-product","3":"status-publish","4":"has-post-thumbnail","6":"kategori-sipas-problemeve-shende-tretje-detox","7":"product_brand-7-elements","8":"product_cat-kozmetike-kujdes-personal","9":"product_cat-vajra-kozmetike","11":"first","12":"instock","13":"taxable","14":"shipping-taxable","15":"purchasable","16":"product-type-simple"},"acf":[],"yoast_head":"<!-- This site is optimized with the Yoast SEO plugin v27.4 - https:\/\/yoast.com\/product\/yoast-seo-wordpress\/ -->\n<title>Vaj Castori (Ricini) - Edesia<\/title>\n<meta name=\"robots\" content=\"index, follow, max-snippet:-1, max-image-preview:large, max-video-preview:-1\" \/>\n<link rel=\"canonical\" href=\"https:\/\/www.edesia.al\/?product=vaj-castori-ricini\" \/>\n<meta property=\"og:locale\" content=\"en_US\" \/>\n<meta property=\"og:type\" content=\"article\" \/>\n<meta property=\"og:title\" content=\"Vaj Castori (Ricini) - Edesia\" \/>\n<meta property=\"og:description\" content=\"Vaj Castori (Ricini) 100ml &nbsp; Vaji i ricinit, nj\u00eb vaj i prodhuar nga farat e ricinit (Ricinus communis), \u00ebsht\u00eb nj\u00eb vaj i njohur p\u00ebr p\u00ebrdorimin e tij t\u00eb gjer\u00eb n\u00eb mjek\u00ebsi, kozmetik\u00eb dhe p\u00ebrdorime t\u00eb tjera. &nbsp; \u00a0Disa nga benefite t\u00eb vajit t\u00eb ricinit: Vaji i ricinit p\u00ebrdoret si detoksifikues p\u00ebr t\u00eb ndihmuar n\u00eb pastrimin[...]\" \/>\n<meta property=\"og:url\" content=\"https:\/\/www.edesia.al\/?product=vaj-castori-ricini\" \/>\n<meta property=\"og:site_name\" content=\"Edesia\" \/>\n<meta property=\"article:modified_time\" content=\"2026-02-25T10:52:29+00:00\" \/>\n<meta property=\"og:image\" content=\"https:\/\/www.edesia.al\/wp-content\/uploads\/2026\/02\/Vaj-kastori-1.webp\" \/>\n\t<meta property=\"og:image:width\" content=\"750\" \/>\n\t<meta property=\"og:image:height\" content=\"750\" \/>\n\t<meta property=\"og:image:type\" content=\"image\/webp\" \/>\n<meta name=\"twitter:card\" content=\"summary_large_image\" \/>\n<meta name=\"twitter:label1\" content=\"Est. reading time\" \/>\n\t<meta name=\"twitter:data1\" content=\"2 minutes\" \/>\n<script type=\"application\/ld+json\" class=\"yoast-schema-graph\">{\"@context\":\"https:\\\/\\\/schema.org\",\"@graph\":[{\"@type\":\"WebPage\",\"@id\":\"https:\\\/\\\/www.edesia.al\\\/?product=vaj-castori-ricini\",\"url\":\"https:\\\/\\\/www.edesia.al\\\/?product=vaj-castori-ricini\",\"name\":\"Vaj Castori (Ricini) - Edesia\",\"isPartOf\":{\"@id\":\"https:\\\/\\\/www.edesia.al\\\/#website\"},\"primaryImageOfPage\":{\"@id\":\"https:\\\/\\\/www.edesia.al\\\/?product=vaj-castori-ricini#primaryimage\"},\"image\":{\"@id\":\"https:\\\/\\\/www.edesia.al\\\/?product=vaj-castori-ricini#primaryimage\"},\"thumbnailUrl\":\"https:\\\/\\\/www.edesia.al\\\/wp-content\\\/uploads\\\/2026\\\/02\\\/Vaj-kastori-1.webp\",\"datePublished\":\"2026-02-16T21:12:16+00:00\",\"dateModified\":\"2026-02-25T10:52:29+00:00\",\"breadcrumb\":{\"@id\":\"https:\\\/\\\/www.edesia.al\\\/?product=vaj-castori-ricini#breadcrumb\"},\"inLanguage\":\"en-US\",\"potentialAction\":[{\"@type\":\"ReadAction\",\"target\":[\"https:\\\/\\\/www.edesia.al\\\/?product=vaj-castori-ricini\"]}]},{\"@type\":\"ImageObject\",\"inLanguage\":\"en-US\",\"@id\":\"https:\\\/\\\/www.edesia.al\\\/?product=vaj-castori-ricini#primaryimage\",\"url\":\"https:\\\/\\\/www.edesia.al\\\/wp-content\\\/uploads\\\/2026\\\/02\\\/Vaj-kastori-1.webp\",\"contentUrl\":\"https:\\\/\\\/www.edesia.al\\\/wp-content\\\/uploads\\\/2026\\\/02\\\/Vaj-kastori-1.webp\",\"width\":750,\"height\":750},{\"@type\":\"BreadcrumbList\",\"@id\":\"https:\\\/\\\/www.edesia.al\\\/?product=vaj-castori-ricini#breadcrumb\",\"itemListElement\":[{\"@type\":\"ListItem\",\"position\":1,\"name\":\"Home\",\"item\":\"https:\\\/\\\/www.edesia.al\\\/\"},{\"@type\":\"ListItem\",\"position\":2,\"name\":\"Dyqani\",\"item\":\"https:\\\/\\\/www.edesia.al\\\/?page_id=17\"},{\"@type\":\"ListItem\",\"position\":3,\"name\":\"Vaj Castori (Ricini)\"}]},{\"@type\":\"WebSite\",\"@id\":\"https:\\\/\\\/www.edesia.al\\\/#website\",\"url\":\"https:\\\/\\\/www.edesia.al\\\/\",\"name\":\"Edesia\",\"description\":\"\",\"publisher\":{\"@id\":\"https:\\\/\\\/www.edesia.al\\\/#organization\"},\"potentialAction\":[{\"@type\":\"SearchAction\",\"target\":{\"@type\":\"EntryPoint\",\"urlTemplate\":\"https:\\\/\\\/www.edesia.al\\\/?s={search_term_string}\"},\"query-input\":{\"@type\":\"PropertyValueSpecification\",\"valueRequired\":true,\"valueName\":\"search_term_string\"}}],\"inLanguage\":\"en-US\"},{\"@type\":\"Organization\",\"@id\":\"https:\\\/\\\/www.edesia.al\\\/#organization\",\"name\":\"Edesia\",\"url\":\"https:\\\/\\\/www.edesia.al\\\/\",\"logo\":{\"@type\":\"ImageObject\",\"inLanguage\":\"en-US\",\"@id\":\"https:\\\/\\\/www.edesia.al\\\/#\\\/schema\\\/logo\\\/image\\\/\",\"url\":\"https:\\\/\\\/www.edesia.al\\\/wp-content\\\/uploads\\\/2026\\\/02\\\/Logo-Edesia-no-background.png\",\"contentUrl\":\"https:\\\/\\\/www.edesia.al\\\/wp-content\\\/uploads\\\/2026\\\/02\\\/Logo-Edesia-no-background.png\",\"width\":293,\"height\":158,\"caption\":\"Edesia\"},\"image\":{\"@id\":\"https:\\\/\\\/www.edesia.al\\\/#\\\/schema\\\/logo\\\/image\\\/\"}}]}<\/script>\n<!-- \/ Yoast SEO plugin. -->","yoast_head_json":{"title":"Vaj Castori (Ricini) - Edesia","robots":{"index":"index","follow":"follow","max-snippet":"max-snippet:-1","max-image-preview":"max-image-preview:large","max-video-preview":"max-video-preview:-1"},"canonical":"https:\/\/www.edesia.al\/?product=vaj-castori-ricini","og_locale":"en_US","og_type":"article","og_title":"Vaj Castori (Ricini) - Edesia","og_description":"Vaj Castori (Ricini) 100ml &nbsp; Vaji i ricinit, nj\u00eb vaj i prodhuar nga farat e ricinit (Ricinus communis), \u00ebsht\u00eb nj\u00eb vaj i njohur p\u00ebr p\u00ebrdorimin e tij t\u00eb gjer\u00eb n\u00eb mjek\u00ebsi, kozmetik\u00eb dhe p\u00ebrdorime t\u00eb tjera. &nbsp; \u00a0Disa nga benefite t\u00eb vajit t\u00eb ricinit: Vaji i ricinit p\u00ebrdoret si detoksifikues p\u00ebr t\u00eb ndihmuar n\u00eb pastrimin[...]","og_url":"https:\/\/www.edesia.al\/?product=vaj-castori-ricini","og_site_name":"Edesia","article_modified_time":"2026-02-25T10:52:29+00:00","og_image":[{"width":750,"height":750,"url":"https:\/\/www.edesia.al\/wp-content\/uploads\/2026\/02\/Vaj-kastori-1.webp","type":"image\/webp"}],"twitter_card":"summary_large_image","twitter_misc":{"Est. reading time":"2 minutes"},"schema":{"@context":"https:\/\/schema.org","@graph":[{"@type":"WebPage","@id":"https:\/\/www.edesia.al\/?product=vaj-castori-ricini","url":"https:\/\/www.edesia.al\/?product=vaj-castori-ricini","name":"Vaj Castori (Ricini) - Edesia","isPartOf":{"@id":"https:\/\/www.edesia.al\/#website"},"primaryImageOfPage":{"@id":"https:\/\/www.edesia.al\/?product=vaj-castori-ricini#primaryimage"},"image":{"@id":"https:\/\/www.edesia.al\/?product=vaj-castori-ricini#primaryimage"},"thumbnailUrl":"https:\/\/www.edesia.al\/wp-content\/uploads\/2026\/02\/Vaj-kastori-1.webp","datePublished":"2026-02-16T21:12:16+00:00","dateModified":"2026-02-25T10:52:29+00:00","breadcrumb":{"@id":"https:\/\/www.edesia.al\/?product=vaj-castori-ricini#breadcrumb"},"inLanguage":"en-US","potentialAction":[{"@type":"ReadAction","target":["https:\/\/www.edesia.al\/?product=vaj-castori-ricini"]}]},{"@type":"ImageObject","inLanguage":"en-US","@id":"https:\/\/www.edesia.al\/?product=vaj-castori-ricini#primaryimage","url":"https:\/\/www.edesia.al\/wp-content\/uploads\/2026\/02\/Vaj-kastori-1.webp","contentUrl":"https:\/\/www.edesia.al\/wp-content\/uploads\/2026\/02\/Vaj-kastori-1.webp","width":750,"height":750},{"@type":"BreadcrumbList","@id":"https:\/\/www.edesia.al\/?product=vaj-castori-ricini#breadcrumb","itemListElement":[{"@type":"ListItem","position":1,"name":"Home","item":"https:\/\/www.edesia.al\/"},{"@type":"ListItem","position":2,"name":"Dyqani","item":"https:\/\/www.edesia.al\/?page_id=17"},{"@type":"ListItem","position":3,"name":"Vaj Castori (Ricini)"}]},{"@type":"WebSite","@id":"https:\/\/www.edesia.al\/#website","url":"https:\/\/www.edesia.al\/","name":"Edesia","description":"","publisher":{"@id":"https:\/\/www.edesia.al\/#organization"},"potentialAction":[{"@type":"SearchAction","target":{"@type":"EntryPoint","urlTemplate":"https:\/\/www.edesia.al\/?s={search_term_string}"},"query-input":{"@type":"PropertyValueSpecification","valueRequired":true,"valueName":"search_term_string"}}],"inLanguage":"en-US"},{"@type":"Organization","@id":"https:\/\/www.edesia.al\/#organization","name":"Edesia","url":"https:\/\/www.edesia.al\/","logo":{"@type":"ImageObject","inLanguage":"en-US","@id":"https:\/\/www.edesia.al\/#\/schema\/logo\/image\/","url":"https:\/\/www.edesia.al\/wp-content\/uploads\/2026\/02\/Logo-Edesia-no-background.png","contentUrl":"https:\/\/www.edesia.al\/wp-content\/uploads\/2026\/02\/Logo-Edesia-no-background.png","width":293,"height":158,"caption":"Edesia"},"image":{"@id":"https:\/\/www.edesia.al\/#\/schema\/logo\/image\/"}}]}},"_links":{"self":[{"href":"https:\/\/www.edesia.al\/index.php?rest_route=\/wp\/v2\/product\/7012","targetHints":{"allow":["GET"]}}],"collection":[{"href":"https:\/\/www.edesia.al\/index.php?rest_route=\/wp\/v2\/product"}],"about":[{"href":"https:\/\/www.edesia.al\/index.php?rest_route=\/wp\/v2\/types\/product"}],"replies":[{"embeddable":true,"href":"https:\/\/www.edesia.al\/index.php?rest_route=%2Fwp%2Fv2%2Fcomments&post=7012"}],"wp:featuredmedia":[{"embeddable":true,"href":"https:\/\/www.edesia.al\/index.php?rest_route=\/wp\/v2\/media\/7040"}],"wp:attachment":[{"href":"https:\/\/www.edesia.al\/index.php?rest_route=%2Fwp%2Fv2%2Fmedia&parent=7012"}],"wp:term":[{"taxonomy":"kategori-sipas-dietave","embeddable":true,"href":"https:\/\/www.edesia.al\/index.php?rest_route=%2Fwp%2Fv2%2Fkategori-sipas-dietave&post=7012"},{"taxonomy":"kategori-sipas-problemeve-shende","embeddable":true,"href":"https:\/\/www.edesia.al\/index.php?rest_route=%2Fwp%2Fv2%2Fkategori-sipas-problemeve-shende&post=7012"},{"taxonomy":"product_brand","embeddable":true,"href":"https:\/\/www.edesia.al\/index.php?rest_route=%2Fwp%2Fv2%2Fproduct_brand&post=7012"},{"taxonomy":"product_cat","embeddable":true,"href":"https:\/\/www.edesia.al\/index.php?rest_route=%2Fwp%2Fv2%2Fproduct_cat&post=7012"},{"taxonomy":"product_tag","embeddable":true,"href":"https:\/\/www.edesia.al\/index.php?rest_route=%2Fwp%2Fv2%2Fproduct_tag&post=7012"}],"curies":[{"name":"wp","href":"https:\/\/api.w.org\/{rel}","templated":true}]}}