{"id":7014,"date":"2026-02-16T21:12:17","date_gmt":"2026-02-16T21:12:17","guid":{"rendered":"https:\/\/www.edesia.al\/?post_type=product&#038;p=7014"},"modified":"2026-02-25T10:54:23","modified_gmt":"2026-02-25T10:54:23","slug":"moringa-pluhur","status":"publish","type":"product","link":"https:\/\/www.edesia.al\/?product=moringa-pluhur","title":{"rendered":"Moringa Pluhur"},"content":{"rendered":"<h3>Moringa Pluhur 150 gr<\/h3>\n<p><strong><em>Moringa oleifera<\/em><\/strong> \u00ebsht\u00eb nj\u00eb pem\u00eb tropikale e shkurt\u00ebr n\u00eb mesatare q\u00eb gjendet n\u00eb Indi. Pema dallohet leht\u00ebsisht nga ngjyrat e lehta, trungu me nyje dhe deg\u00eb t\u00eb gjata me shum\u00eb gjethe . Frutat e pem\u00ebs Moringa jan\u00eb n\u00eb trajt\u00eb bishtajore. Nga rr\u00ebnja tek gjethet \u00ebsht\u00eb ushqyese dhe\u00a0 kurative.<\/p>\n<ul>\n<li><strong>Moringa ofron nj\u00eb mb\u00ebshtetje t\u00eb shk\u00eblqyer ushqimore<\/strong><\/li>\n<\/ul>\n<p>Gjethet Moringa pluhur jan\u00eb nj\u00eb burim i shk\u00eblqyer i kalciumit dhe nj\u00eb depo e shum\u00eb mineraleve dhe vitaminave t\u00eb tjera. 100 gram\u00eb gjethe Moringa t\u00eb thata p\u00ebrmbajn\u00eb 17 her\u00eb m\u00eb shum\u00eb kalcium se qum\u00ebshti dhe 25 her\u00eb m\u00eb shum\u00eb hekur sesa spinaqi. P\u00ebrmbajtja e tyre e beta-karotenit \u00ebsht\u00eb 10 her\u00eb m\u00eb shum\u00eb se karrota. Ato jan\u00eb t\u00eb pasura me minerale si kaliumi, hekuri dhe zinku dhe me vitamin\u00ebn C dhe vitamin\u00ebn B komplekse.<\/p>\n<p>Gjethet Moringa jan\u00eb \u00e7udit\u00ebrisht t\u00eb pasura me proteina gjithashtu, p\u00ebrmbajn\u00eb 4 her\u00eb m\u00eb shum\u00eb se \u00e7far\u00eb ofrojn\u00eb vez\u00ebt. Ka 2 gram\u00eb proteina p\u00ebr \u00e7do filxhan me gjethe t\u00eb fresk\u00ebta Moringa. Megjith\u00ebse shumica e burimeve bimore t\u00eb proteinave konsiderohen t\u00eb pak\u00ebta krahasuar me ushqimet shtazore, Moringa ka p\u00ebrpar\u00ebsin\u00eb t\u00eb p\u00ebrmbaj\u00eb t\u00eb gjitha aminoacidet esenciale, duke e b\u00ebr\u00eb at\u00eb nj\u00eb protein\u00eb t\u00eb plot\u00eb.<\/p>\n<ul>\n<li><strong>\u00a0Ul kolesterolin n\u00eb gjak<\/strong><\/li>\n<li><strong>Ndihmon n\u00eb kontrollin e sheqerit n\u00eb gjak<\/strong><\/li>\n<li><strong>Moringa mund t\u00eb ndihmoj\u00eb n\u00eb luftimin e disa tipe t\u00eb kancerit<\/strong><\/li>\n<\/ul>\n<p>Arsenali anti-kancer i moring\u00ebs \u00ebsht\u00eb impresionues. P\u00ebrve\u00e7 vitaminave antioksiduese A, C dhe E, p\u00ebrmban dhe kaempferol, quercetin, and rhamnetin. Duke q\u00ebn\u00eb se rritja kancerogjene shkaktohet nga d\u00ebmtimi i radikaleve t\u00eb lira n\u00eb nivel qelizor, nuk \u00ebsht\u00eb supriz\u00eb q\u00eb Moringa t\u00eb ket\u00eb nj\u00eb efekt anti-kancer. Testet laboratike kan\u00eb provuar q\u00eb ka efekte t\u00eb mira n\u00eb m\u00ebl\u00e7i, mushk\u00ebri , ovare dhe kund\u00ebr kancerit t\u00eb l\u00ebkur\u00ebs. Nd\u00ebrkoh\u00eb po b\u00ebhen m\u00eb shum\u00eb studime p\u00ebr t\u00eb vler\u00ebsuar r\u00ebnd\u00ebsin\u00eb klinike t\u00eb k\u00ebtyre gjetjeve, nuk b\u00ebn d\u00ebm t\u00eb p\u00ebrfshihet m\u00eb shum\u00eb Moringa ne diet\u00ebn ton\u00eb ose p\u00ebrdorimi i 7 gram i pudr\u00ebs s\u00eb gjetheve \u00a0(1 \u00bd luge caji) si suplement ushqimor.<\/p>\n<ul>\n<li><strong>Moringa redukton inflamacionin e trupit<\/strong><\/li>\n<li><strong>Pluhur i gjetheve t\u00eb Moring\u00ebs sigurojn\u00eb rritje t\u00eb energjis\u00eb<\/strong><\/li>\n<li><strong>P\u00ebrmir\u00ebson funksionet imunitare<\/strong><\/li>\n<li><strong>Gjethet Moringa ndihmojn\u00eb n\u00eb humbjen e pesh\u00ebs<\/strong><\/li>\n<li><strong>\u00cbsht\u00eb e dobishme p\u00ebr trajtimin e problemeve gastrointestinale<\/strong><\/li>\n<li><strong>Gjethet Moringa rrisin prodhimin e qum\u00ebshtit gjat\u00eb laktacionit<\/strong><\/li>\n<li><strong>Moringa rregullon funksionin e tiroideve<\/strong><\/li>\n<li><strong>Ofron leht\u00ebsim nga artriti reumatoid<\/strong><\/li>\n<\/ul>\n<ul>\n<li><strong>Leht\u00ebson pagjum\u00ebsin\u00eb<\/strong><\/li>\n<li><strong>Moringa stimulon rritjen e flok\u00ebve<\/strong><\/li>\n<\/ul>\n<ul>\n<li><strong>Ndihmon n\u00eb kontrollin e ekzem\u00ebs dhe psoriasi<\/strong><\/li>\n<\/ul>\n<p>&nbsp;<\/p>\n<p>Pluhur Moringa merret leht\u00ebsisht mjafton ta shtosh n\u00eb uj\u00eb\/l\u00ebng ose smothier.<\/p>\n","protected":false},"excerpt":{"rendered":"<p>Moringa Pluhur 150 gr Moringa oleifera \u00ebsht\u00eb nj\u00eb pem\u00eb tropikale e shkurt\u00ebr n\u00eb mesatare q\u00eb gjendet n\u00eb Indi. Pema dallohet leht\u00ebsisht nga ngjyrat e lehta, trungu me nyje dhe deg\u00eb t\u00eb gjata me shum\u00eb gjethe . Frutat e pem\u00ebs Moringa jan\u00eb n\u00eb trajt\u00eb bishtajore. Nga rr\u00ebnja tek gjethet \u00ebsht\u00eb ushqyese dhe\u00a0 kurative. Moringa ofron nj\u00eb[&#8230;]<\/p>\n","protected":false},"featured_media":7043,"comment_status":"open","ping_status":"closed","template":"","meta":{"_acf_changed":false,"inline_featured_image":false},"kategori-sipas-dietave":[89],"kategori-sipas-problemeve-shende":[85],"product_brand":[32],"product_cat":[28,80],"product_tag":[],"class_list":{"0":"post-7014","1":"product","2":"type-product","3":"status-publish","4":"has-post-thumbnail","6":"kategori-sipas-dietave-vegan","7":"kategori-sipas-problemeve-shende-imuniteti","8":"product_brand-bioagros","9":"product_cat-superfoods","10":"product_cat-suplemente-superfoods","12":"first","13":"instock","14":"taxable","15":"shipping-taxable","16":"purchasable","17":"product-type-simple"},"acf":[],"yoast_head":"<!-- This site is optimized with the Yoast SEO plugin v27.4 - https:\/\/yoast.com\/product\/yoast-seo-wordpress\/ -->\n<title>Moringa Pluhur - Edesia<\/title>\n<meta name=\"robots\" content=\"index, follow, max-snippet:-1, max-image-preview:large, max-video-preview:-1\" \/>\n<link rel=\"canonical\" href=\"https:\/\/www.edesia.al\/?product=moringa-pluhur\" \/>\n<meta property=\"og:locale\" content=\"en_US\" \/>\n<meta property=\"og:type\" content=\"article\" \/>\n<meta property=\"og:title\" content=\"Moringa Pluhur - Edesia\" \/>\n<meta property=\"og:description\" content=\"Moringa Pluhur 150 gr Moringa oleifera \u00ebsht\u00eb nj\u00eb pem\u00eb tropikale e shkurt\u00ebr n\u00eb mesatare q\u00eb gjendet n\u00eb Indi. Pema dallohet leht\u00ebsisht nga ngjyrat e lehta, trungu me nyje dhe deg\u00eb t\u00eb gjata me shum\u00eb gjethe . Frutat e pem\u00ebs Moringa jan\u00eb n\u00eb trajt\u00eb bishtajore. Nga rr\u00ebnja tek gjethet \u00ebsht\u00eb ushqyese dhe\u00a0 kurative. Moringa ofron nj\u00eb[...]\" \/>\n<meta property=\"og:url\" content=\"https:\/\/www.edesia.al\/?product=moringa-pluhur\" \/>\n<meta property=\"og:site_name\" content=\"Edesia\" \/>\n<meta property=\"article:modified_time\" content=\"2026-02-25T10:54:23+00:00\" \/>\n<meta property=\"og:image\" content=\"https:\/\/www.edesia.al\/wp-content\/uploads\/2026\/02\/Moringa-png-1.png\" \/>\n\t<meta property=\"og:image:width\" content=\"535\" \/>\n\t<meta property=\"og:image:height\" content=\"535\" \/>\n\t<meta property=\"og:image:type\" content=\"image\/png\" \/>\n<meta name=\"twitter:card\" content=\"summary_large_image\" \/>\n<meta name=\"twitter:label1\" content=\"Est. reading time\" \/>\n\t<meta name=\"twitter:data1\" content=\"2 minutes\" \/>\n<script type=\"application\/ld+json\" class=\"yoast-schema-graph\">{\"@context\":\"https:\\\/\\\/schema.org\",\"@graph\":[{\"@type\":\"WebPage\",\"@id\":\"https:\\\/\\\/www.edesia.al\\\/?product=moringa-pluhur\",\"url\":\"https:\\\/\\\/www.edesia.al\\\/?product=moringa-pluhur\",\"name\":\"Moringa Pluhur - Edesia\",\"isPartOf\":{\"@id\":\"https:\\\/\\\/www.edesia.al\\\/#website\"},\"primaryImageOfPage\":{\"@id\":\"https:\\\/\\\/www.edesia.al\\\/?product=moringa-pluhur#primaryimage\"},\"image\":{\"@id\":\"https:\\\/\\\/www.edesia.al\\\/?product=moringa-pluhur#primaryimage\"},\"thumbnailUrl\":\"https:\\\/\\\/www.edesia.al\\\/wp-content\\\/uploads\\\/2026\\\/02\\\/Moringa-png-1.png\",\"datePublished\":\"2026-02-16T21:12:17+00:00\",\"dateModified\":\"2026-02-25T10:54:23+00:00\",\"breadcrumb\":{\"@id\":\"https:\\\/\\\/www.edesia.al\\\/?product=moringa-pluhur#breadcrumb\"},\"inLanguage\":\"en-US\",\"potentialAction\":[{\"@type\":\"ReadAction\",\"target\":[\"https:\\\/\\\/www.edesia.al\\\/?product=moringa-pluhur\"]}]},{\"@type\":\"ImageObject\",\"inLanguage\":\"en-US\",\"@id\":\"https:\\\/\\\/www.edesia.al\\\/?product=moringa-pluhur#primaryimage\",\"url\":\"https:\\\/\\\/www.edesia.al\\\/wp-content\\\/uploads\\\/2026\\\/02\\\/Moringa-png-1.png\",\"contentUrl\":\"https:\\\/\\\/www.edesia.al\\\/wp-content\\\/uploads\\\/2026\\\/02\\\/Moringa-png-1.png\",\"width\":535,\"height\":535},{\"@type\":\"BreadcrumbList\",\"@id\":\"https:\\\/\\\/www.edesia.al\\\/?product=moringa-pluhur#breadcrumb\",\"itemListElement\":[{\"@type\":\"ListItem\",\"position\":1,\"name\":\"Home\",\"item\":\"https:\\\/\\\/www.edesia.al\\\/\"},{\"@type\":\"ListItem\",\"position\":2,\"name\":\"Dyqani\",\"item\":\"https:\\\/\\\/www.edesia.al\\\/?page_id=17\"},{\"@type\":\"ListItem\",\"position\":3,\"name\":\"Moringa Pluhur\"}]},{\"@type\":\"WebSite\",\"@id\":\"https:\\\/\\\/www.edesia.al\\\/#website\",\"url\":\"https:\\\/\\\/www.edesia.al\\\/\",\"name\":\"Edesia\",\"description\":\"\",\"publisher\":{\"@id\":\"https:\\\/\\\/www.edesia.al\\\/#organization\"},\"potentialAction\":[{\"@type\":\"SearchAction\",\"target\":{\"@type\":\"EntryPoint\",\"urlTemplate\":\"https:\\\/\\\/www.edesia.al\\\/?s={search_term_string}\"},\"query-input\":{\"@type\":\"PropertyValueSpecification\",\"valueRequired\":true,\"valueName\":\"search_term_string\"}}],\"inLanguage\":\"en-US\"},{\"@type\":\"Organization\",\"@id\":\"https:\\\/\\\/www.edesia.al\\\/#organization\",\"name\":\"Edesia\",\"url\":\"https:\\\/\\\/www.edesia.al\\\/\",\"logo\":{\"@type\":\"ImageObject\",\"inLanguage\":\"en-US\",\"@id\":\"https:\\\/\\\/www.edesia.al\\\/#\\\/schema\\\/logo\\\/image\\\/\",\"url\":\"https:\\\/\\\/www.edesia.al\\\/wp-content\\\/uploads\\\/2026\\\/02\\\/Logo-Edesia-no-background.png\",\"contentUrl\":\"https:\\\/\\\/www.edesia.al\\\/wp-content\\\/uploads\\\/2026\\\/02\\\/Logo-Edesia-no-background.png\",\"width\":293,\"height\":158,\"caption\":\"Edesia\"},\"image\":{\"@id\":\"https:\\\/\\\/www.edesia.al\\\/#\\\/schema\\\/logo\\\/image\\\/\"}}]}<\/script>\n<!-- \/ Yoast SEO plugin. -->","yoast_head_json":{"title":"Moringa Pluhur - Edesia","robots":{"index":"index","follow":"follow","max-snippet":"max-snippet:-1","max-image-preview":"max-image-preview:large","max-video-preview":"max-video-preview:-1"},"canonical":"https:\/\/www.edesia.al\/?product=moringa-pluhur","og_locale":"en_US","og_type":"article","og_title":"Moringa Pluhur - Edesia","og_description":"Moringa Pluhur 150 gr Moringa oleifera \u00ebsht\u00eb nj\u00eb pem\u00eb tropikale e shkurt\u00ebr n\u00eb mesatare q\u00eb gjendet n\u00eb Indi. Pema dallohet leht\u00ebsisht nga ngjyrat e lehta, trungu me nyje dhe deg\u00eb t\u00eb gjata me shum\u00eb gjethe . Frutat e pem\u00ebs Moringa jan\u00eb n\u00eb trajt\u00eb bishtajore. Nga rr\u00ebnja tek gjethet \u00ebsht\u00eb ushqyese dhe\u00a0 kurative. Moringa ofron nj\u00eb[...]","og_url":"https:\/\/www.edesia.al\/?product=moringa-pluhur","og_site_name":"Edesia","article_modified_time":"2026-02-25T10:54:23+00:00","og_image":[{"width":535,"height":535,"url":"https:\/\/www.edesia.al\/wp-content\/uploads\/2026\/02\/Moringa-png-1.png","type":"image\/png"}],"twitter_card":"summary_large_image","twitter_misc":{"Est. reading time":"2 minutes"},"schema":{"@context":"https:\/\/schema.org","@graph":[{"@type":"WebPage","@id":"https:\/\/www.edesia.al\/?product=moringa-pluhur","url":"https:\/\/www.edesia.al\/?product=moringa-pluhur","name":"Moringa Pluhur - Edesia","isPartOf":{"@id":"https:\/\/www.edesia.al\/#website"},"primaryImageOfPage":{"@id":"https:\/\/www.edesia.al\/?product=moringa-pluhur#primaryimage"},"image":{"@id":"https:\/\/www.edesia.al\/?product=moringa-pluhur#primaryimage"},"thumbnailUrl":"https:\/\/www.edesia.al\/wp-content\/uploads\/2026\/02\/Moringa-png-1.png","datePublished":"2026-02-16T21:12:17+00:00","dateModified":"2026-02-25T10:54:23+00:00","breadcrumb":{"@id":"https:\/\/www.edesia.al\/?product=moringa-pluhur#breadcrumb"},"inLanguage":"en-US","potentialAction":[{"@type":"ReadAction","target":["https:\/\/www.edesia.al\/?product=moringa-pluhur"]}]},{"@type":"ImageObject","inLanguage":"en-US","@id":"https:\/\/www.edesia.al\/?product=moringa-pluhur#primaryimage","url":"https:\/\/www.edesia.al\/wp-content\/uploads\/2026\/02\/Moringa-png-1.png","contentUrl":"https:\/\/www.edesia.al\/wp-content\/uploads\/2026\/02\/Moringa-png-1.png","width":535,"height":535},{"@type":"BreadcrumbList","@id":"https:\/\/www.edesia.al\/?product=moringa-pluhur#breadcrumb","itemListElement":[{"@type":"ListItem","position":1,"name":"Home","item":"https:\/\/www.edesia.al\/"},{"@type":"ListItem","position":2,"name":"Dyqani","item":"https:\/\/www.edesia.al\/?page_id=17"},{"@type":"ListItem","position":3,"name":"Moringa Pluhur"}]},{"@type":"WebSite","@id":"https:\/\/www.edesia.al\/#website","url":"https:\/\/www.edesia.al\/","name":"Edesia","description":"","publisher":{"@id":"https:\/\/www.edesia.al\/#organization"},"potentialAction":[{"@type":"SearchAction","target":{"@type":"EntryPoint","urlTemplate":"https:\/\/www.edesia.al\/?s={search_term_string}"},"query-input":{"@type":"PropertyValueSpecification","valueRequired":true,"valueName":"search_term_string"}}],"inLanguage":"en-US"},{"@type":"Organization","@id":"https:\/\/www.edesia.al\/#organization","name":"Edesia","url":"https:\/\/www.edesia.al\/","logo":{"@type":"ImageObject","inLanguage":"en-US","@id":"https:\/\/www.edesia.al\/#\/schema\/logo\/image\/","url":"https:\/\/www.edesia.al\/wp-content\/uploads\/2026\/02\/Logo-Edesia-no-background.png","contentUrl":"https:\/\/www.edesia.al\/wp-content\/uploads\/2026\/02\/Logo-Edesia-no-background.png","width":293,"height":158,"caption":"Edesia"},"image":{"@id":"https:\/\/www.edesia.al\/#\/schema\/logo\/image\/"}}]}},"_links":{"self":[{"href":"https:\/\/www.edesia.al\/index.php?rest_route=\/wp\/v2\/product\/7014","targetHints":{"allow":["GET"]}}],"collection":[{"href":"https:\/\/www.edesia.al\/index.php?rest_route=\/wp\/v2\/product"}],"about":[{"href":"https:\/\/www.edesia.al\/index.php?rest_route=\/wp\/v2\/types\/product"}],"replies":[{"embeddable":true,"href":"https:\/\/www.edesia.al\/index.php?rest_route=%2Fwp%2Fv2%2Fcomments&post=7014"}],"wp:featuredmedia":[{"embeddable":true,"href":"https:\/\/www.edesia.al\/index.php?rest_route=\/wp\/v2\/media\/7043"}],"wp:attachment":[{"href":"https:\/\/www.edesia.al\/index.php?rest_route=%2Fwp%2Fv2%2Fmedia&parent=7014"}],"wp:term":[{"taxonomy":"kategori-sipas-dietave","embeddable":true,"href":"https:\/\/www.edesia.al\/index.php?rest_route=%2Fwp%2Fv2%2Fkategori-sipas-dietave&post=7014"},{"taxonomy":"kategori-sipas-problemeve-shende","embeddable":true,"href":"https:\/\/www.edesia.al\/index.php?rest_route=%2Fwp%2Fv2%2Fkategori-sipas-problemeve-shende&post=7014"},{"taxonomy":"product_brand","embeddable":true,"href":"https:\/\/www.edesia.al\/index.php?rest_route=%2Fwp%2Fv2%2Fproduct_brand&post=7014"},{"taxonomy":"product_cat","embeddable":true,"href":"https:\/\/www.edesia.al\/index.php?rest_route=%2Fwp%2Fv2%2Fproduct_cat&post=7014"},{"taxonomy":"product_tag","embeddable":true,"href":"https:\/\/www.edesia.al\/index.php?rest_route=%2Fwp%2Fv2%2Fproduct_tag&post=7014"}],"curies":[{"name":"wp","href":"https:\/\/api.w.org\/{rel}","templated":true}]}}