{"id":7017,"date":"2026-02-16T21:12:17","date_gmt":"2026-02-16T21:12:17","guid":{"rendered":"https:\/\/www.edesia.al\/?post_type=product&#038;p=7017"},"modified":"2026-02-25T10:55:01","modified_gmt":"2026-02-25T10:55:01","slug":"zeolite-pluhur","status":"publish","type":"product","link":"https:\/\/www.edesia.al\/?product=zeolite-pluhur","title":{"rendered":"Zeolite Pluhur\u00a0"},"content":{"rendered":"<h3>Zeolite Pluhur 100gr<\/h3>\n<p>P\u00ebr sa i p\u00ebrket sh\u00ebndetit, ato vler\u00ebsohen p\u00ebr detoksifikimin, ve\u00e7an\u00ebrisht p\u00ebr kapjen e toksinave, metaleve t\u00eb r\u00ebnda dhe kimikateve nga trupi. Kjo i b\u00ebn ato t\u00eb njohura n\u00eb suplemente dhe kujdes p\u00ebr l\u00ebkur\u00ebn p\u00ebr pastrim.<\/p>\n<p><strong>P\u00ebrfitimet e Zeolitit:<\/strong><\/p>\n<p><strong>Detoksifikimi<\/strong>: Struktura e zeolitit bllokon toksinat, duke ndihmuar trupin n\u00eb eliminimin e substancave t\u00eb d\u00ebmshme, duke mb\u00ebshtetur proceset natyrore t\u00eb detoksifikimit.<\/p>\n<p><strong>Heqja e metaleve t\u00eb r\u00ebnda:<\/strong> Struktura e zeolitit t\u00ebrheq dhe largon metalet e r\u00ebnda (si plumbi, merkuri dhe kadmiumi), duke reduktuar rreziqet e lidhura me sh\u00ebndetin.<\/p>\n<p><strong>Mb\u00ebshtetja e sistemit imunitar:<\/strong> Duke hequr toksinat, zeoliti mb\u00ebshtet indirekt sistemin imunitar. Disa studime tregojn\u00eb efekte t\u00eb drejtp\u00ebrdrejta n\u00eb sh\u00ebndetin imunitar.<\/p>\n<p><strong>Sh\u00ebndeti i tretjes:<\/strong> Zeoliti thith toksinat n\u00eb zorr\u00eb, duke p\u00ebrmir\u00ebsuar mikrobiot\u00ebn e zorr\u00ebve dhe duke balancuar pH, duke reduktuar shqet\u00ebsimet e tretjes.<\/p>\n<p><strong>Mir\u00ebqenia e p\u00ebrgjithshme:<\/strong> Efektet e zeolitit n\u00eb detoksifikimin, heqjen e metaleve t\u00eb r\u00ebnda, mb\u00ebshtetjen e imunitetit dhe sh\u00ebndetin e tretjes kontribuojn\u00eb n\u00eb rritjen e energjis\u00eb, funksionit kognitiv dhe nj\u00eb ndjenj\u00eb t\u00eb p\u00ebrgjithshme t\u00eb mir\u00ebqenies kur integrohen n\u00eb nj\u00eb rutin\u00eb sh\u00ebndet\u00ebsore holistik.<\/p>\n<p>&nbsp;<\/p>\n<p>P\u00ebrdorimi: 1 Lug\u00eb n\u00eb dit\u00eb hidhet n\u00eb l\u00ebng\/uj\u00eb ose n\u00eb smothie.<\/p>\n","protected":false},"excerpt":{"rendered":"<p>Zeolite Pluhur 100gr P\u00ebr sa i p\u00ebrket sh\u00ebndetit, ato vler\u00ebsohen p\u00ebr detoksifikimin, ve\u00e7an\u00ebrisht p\u00ebr kapjen e toksinave, metaleve t\u00eb r\u00ebnda dhe kimikateve nga trupi. Kjo i b\u00ebn ato t\u00eb njohura n\u00eb suplemente dhe kujdes p\u00ebr l\u00ebkur\u00ebn p\u00ebr pastrim. P\u00ebrfitimet e Zeolitit: Detoksifikimi: Struktura e zeolitit bllokon toksinat, duke ndihmuar trupin n\u00eb eliminimin e substancave t\u00eb[&#8230;]<\/p>\n","protected":false},"featured_media":7046,"comment_status":"open","ping_status":"closed","template":"","meta":{"_acf_changed":false,"inline_featured_image":false},"kategori-sipas-dietave":[89],"kategori-sipas-problemeve-shende":[83],"product_brand":[32],"product_cat":[28,80],"product_tag":[],"class_list":{"0":"post-7017","1":"product","2":"type-product","3":"status-publish","4":"has-post-thumbnail","6":"kategori-sipas-dietave-vegan","7":"kategori-sipas-problemeve-shende-tretje-detox","8":"product_brand-bioagros","9":"product_cat-superfoods","10":"product_cat-suplemente-superfoods","12":"first","13":"instock","14":"taxable","15":"shipping-taxable","16":"purchasable","17":"product-type-simple"},"acf":[],"yoast_head":"<!-- This site is optimized with the Yoast SEO plugin v27.4 - https:\/\/yoast.com\/product\/yoast-seo-wordpress\/ -->\n<title>Zeolite Pluhur\u00a0 - Edesia<\/title>\n<meta name=\"robots\" content=\"index, follow, max-snippet:-1, max-image-preview:large, max-video-preview:-1\" \/>\n<link rel=\"canonical\" href=\"https:\/\/www.edesia.al\/?product=zeolite-pluhur\" \/>\n<meta property=\"og:locale\" content=\"en_US\" \/>\n<meta property=\"og:type\" content=\"article\" \/>\n<meta property=\"og:title\" content=\"Zeolite Pluhur\u00a0 - Edesia\" \/>\n<meta property=\"og:description\" content=\"Zeolite Pluhur 100gr P\u00ebr sa i p\u00ebrket sh\u00ebndetit, ato vler\u00ebsohen p\u00ebr detoksifikimin, ve\u00e7an\u00ebrisht p\u00ebr kapjen e toksinave, metaleve t\u00eb r\u00ebnda dhe kimikateve nga trupi. Kjo i b\u00ebn ato t\u00eb njohura n\u00eb suplemente dhe kujdes p\u00ebr l\u00ebkur\u00ebn p\u00ebr pastrim. P\u00ebrfitimet e Zeolitit: Detoksifikimi: Struktura e zeolitit bllokon toksinat, duke ndihmuar trupin n\u00eb eliminimin e substancave t\u00eb[...]\" \/>\n<meta property=\"og:url\" content=\"https:\/\/www.edesia.al\/?product=zeolite-pluhur\" \/>\n<meta property=\"og:site_name\" content=\"Edesia\" \/>\n<meta property=\"article:modified_time\" content=\"2026-02-25T10:55:01+00:00\" \/>\n<meta property=\"og:image\" content=\"https:\/\/www.edesia.al\/wp-content\/uploads\/2026\/02\/221056008_500x500-1.png\" \/>\n\t<meta property=\"og:image:width\" content=\"535\" \/>\n\t<meta property=\"og:image:height\" content=\"535\" \/>\n\t<meta property=\"og:image:type\" content=\"image\/png\" \/>\n<meta name=\"twitter:card\" content=\"summary_large_image\" \/>\n<meta name=\"twitter:label1\" content=\"Est. reading time\" \/>\n\t<meta name=\"twitter:data1\" content=\"1 minute\" \/>\n<script type=\"application\/ld+json\" class=\"yoast-schema-graph\">{\"@context\":\"https:\\\/\\\/schema.org\",\"@graph\":[{\"@type\":\"WebPage\",\"@id\":\"https:\\\/\\\/www.edesia.al\\\/?product=zeolite-pluhur\",\"url\":\"https:\\\/\\\/www.edesia.al\\\/?product=zeolite-pluhur\",\"name\":\"Zeolite Pluhur\u00a0 - Edesia\",\"isPartOf\":{\"@id\":\"https:\\\/\\\/www.edesia.al\\\/#website\"},\"primaryImageOfPage\":{\"@id\":\"https:\\\/\\\/www.edesia.al\\\/?product=zeolite-pluhur#primaryimage\"},\"image\":{\"@id\":\"https:\\\/\\\/www.edesia.al\\\/?product=zeolite-pluhur#primaryimage\"},\"thumbnailUrl\":\"https:\\\/\\\/www.edesia.al\\\/wp-content\\\/uploads\\\/2026\\\/02\\\/221056008_500x500-1.png\",\"datePublished\":\"2026-02-16T21:12:17+00:00\",\"dateModified\":\"2026-02-25T10:55:01+00:00\",\"breadcrumb\":{\"@id\":\"https:\\\/\\\/www.edesia.al\\\/?product=zeolite-pluhur#breadcrumb\"},\"inLanguage\":\"en-US\",\"potentialAction\":[{\"@type\":\"ReadAction\",\"target\":[\"https:\\\/\\\/www.edesia.al\\\/?product=zeolite-pluhur\"]}]},{\"@type\":\"ImageObject\",\"inLanguage\":\"en-US\",\"@id\":\"https:\\\/\\\/www.edesia.al\\\/?product=zeolite-pluhur#primaryimage\",\"url\":\"https:\\\/\\\/www.edesia.al\\\/wp-content\\\/uploads\\\/2026\\\/02\\\/221056008_500x500-1.png\",\"contentUrl\":\"https:\\\/\\\/www.edesia.al\\\/wp-content\\\/uploads\\\/2026\\\/02\\\/221056008_500x500-1.png\",\"width\":535,\"height\":535},{\"@type\":\"BreadcrumbList\",\"@id\":\"https:\\\/\\\/www.edesia.al\\\/?product=zeolite-pluhur#breadcrumb\",\"itemListElement\":[{\"@type\":\"ListItem\",\"position\":1,\"name\":\"Home\",\"item\":\"https:\\\/\\\/www.edesia.al\\\/\"},{\"@type\":\"ListItem\",\"position\":2,\"name\":\"Dyqani\",\"item\":\"https:\\\/\\\/www.edesia.al\\\/?page_id=17\"},{\"@type\":\"ListItem\",\"position\":3,\"name\":\"Zeolite Pluhur\u00a0\"}]},{\"@type\":\"WebSite\",\"@id\":\"https:\\\/\\\/www.edesia.al\\\/#website\",\"url\":\"https:\\\/\\\/www.edesia.al\\\/\",\"name\":\"Edesia\",\"description\":\"\",\"publisher\":{\"@id\":\"https:\\\/\\\/www.edesia.al\\\/#organization\"},\"potentialAction\":[{\"@type\":\"SearchAction\",\"target\":{\"@type\":\"EntryPoint\",\"urlTemplate\":\"https:\\\/\\\/www.edesia.al\\\/?s={search_term_string}\"},\"query-input\":{\"@type\":\"PropertyValueSpecification\",\"valueRequired\":true,\"valueName\":\"search_term_string\"}}],\"inLanguage\":\"en-US\"},{\"@type\":\"Organization\",\"@id\":\"https:\\\/\\\/www.edesia.al\\\/#organization\",\"name\":\"Edesia\",\"url\":\"https:\\\/\\\/www.edesia.al\\\/\",\"logo\":{\"@type\":\"ImageObject\",\"inLanguage\":\"en-US\",\"@id\":\"https:\\\/\\\/www.edesia.al\\\/#\\\/schema\\\/logo\\\/image\\\/\",\"url\":\"https:\\\/\\\/www.edesia.al\\\/wp-content\\\/uploads\\\/2026\\\/02\\\/Logo-Edesia-no-background.png\",\"contentUrl\":\"https:\\\/\\\/www.edesia.al\\\/wp-content\\\/uploads\\\/2026\\\/02\\\/Logo-Edesia-no-background.png\",\"width\":293,\"height\":158,\"caption\":\"Edesia\"},\"image\":{\"@id\":\"https:\\\/\\\/www.edesia.al\\\/#\\\/schema\\\/logo\\\/image\\\/\"}}]}<\/script>\n<!-- \/ Yoast SEO plugin. -->","yoast_head_json":{"title":"Zeolite Pluhur\u00a0 - Edesia","robots":{"index":"index","follow":"follow","max-snippet":"max-snippet:-1","max-image-preview":"max-image-preview:large","max-video-preview":"max-video-preview:-1"},"canonical":"https:\/\/www.edesia.al\/?product=zeolite-pluhur","og_locale":"en_US","og_type":"article","og_title":"Zeolite Pluhur\u00a0 - Edesia","og_description":"Zeolite Pluhur 100gr P\u00ebr sa i p\u00ebrket sh\u00ebndetit, ato vler\u00ebsohen p\u00ebr detoksifikimin, ve\u00e7an\u00ebrisht p\u00ebr kapjen e toksinave, metaleve t\u00eb r\u00ebnda dhe kimikateve nga trupi. Kjo i b\u00ebn ato t\u00eb njohura n\u00eb suplemente dhe kujdes p\u00ebr l\u00ebkur\u00ebn p\u00ebr pastrim. P\u00ebrfitimet e Zeolitit: Detoksifikimi: Struktura e zeolitit bllokon toksinat, duke ndihmuar trupin n\u00eb eliminimin e substancave t\u00eb[...]","og_url":"https:\/\/www.edesia.al\/?product=zeolite-pluhur","og_site_name":"Edesia","article_modified_time":"2026-02-25T10:55:01+00:00","og_image":[{"width":535,"height":535,"url":"https:\/\/www.edesia.al\/wp-content\/uploads\/2026\/02\/221056008_500x500-1.png","type":"image\/png"}],"twitter_card":"summary_large_image","twitter_misc":{"Est. reading time":"1 minute"},"schema":{"@context":"https:\/\/schema.org","@graph":[{"@type":"WebPage","@id":"https:\/\/www.edesia.al\/?product=zeolite-pluhur","url":"https:\/\/www.edesia.al\/?product=zeolite-pluhur","name":"Zeolite Pluhur\u00a0 - Edesia","isPartOf":{"@id":"https:\/\/www.edesia.al\/#website"},"primaryImageOfPage":{"@id":"https:\/\/www.edesia.al\/?product=zeolite-pluhur#primaryimage"},"image":{"@id":"https:\/\/www.edesia.al\/?product=zeolite-pluhur#primaryimage"},"thumbnailUrl":"https:\/\/www.edesia.al\/wp-content\/uploads\/2026\/02\/221056008_500x500-1.png","datePublished":"2026-02-16T21:12:17+00:00","dateModified":"2026-02-25T10:55:01+00:00","breadcrumb":{"@id":"https:\/\/www.edesia.al\/?product=zeolite-pluhur#breadcrumb"},"inLanguage":"en-US","potentialAction":[{"@type":"ReadAction","target":["https:\/\/www.edesia.al\/?product=zeolite-pluhur"]}]},{"@type":"ImageObject","inLanguage":"en-US","@id":"https:\/\/www.edesia.al\/?product=zeolite-pluhur#primaryimage","url":"https:\/\/www.edesia.al\/wp-content\/uploads\/2026\/02\/221056008_500x500-1.png","contentUrl":"https:\/\/www.edesia.al\/wp-content\/uploads\/2026\/02\/221056008_500x500-1.png","width":535,"height":535},{"@type":"BreadcrumbList","@id":"https:\/\/www.edesia.al\/?product=zeolite-pluhur#breadcrumb","itemListElement":[{"@type":"ListItem","position":1,"name":"Home","item":"https:\/\/www.edesia.al\/"},{"@type":"ListItem","position":2,"name":"Dyqani","item":"https:\/\/www.edesia.al\/?page_id=17"},{"@type":"ListItem","position":3,"name":"Zeolite Pluhur\u00a0"}]},{"@type":"WebSite","@id":"https:\/\/www.edesia.al\/#website","url":"https:\/\/www.edesia.al\/","name":"Edesia","description":"","publisher":{"@id":"https:\/\/www.edesia.al\/#organization"},"potentialAction":[{"@type":"SearchAction","target":{"@type":"EntryPoint","urlTemplate":"https:\/\/www.edesia.al\/?s={search_term_string}"},"query-input":{"@type":"PropertyValueSpecification","valueRequired":true,"valueName":"search_term_string"}}],"inLanguage":"en-US"},{"@type":"Organization","@id":"https:\/\/www.edesia.al\/#organization","name":"Edesia","url":"https:\/\/www.edesia.al\/","logo":{"@type":"ImageObject","inLanguage":"en-US","@id":"https:\/\/www.edesia.al\/#\/schema\/logo\/image\/","url":"https:\/\/www.edesia.al\/wp-content\/uploads\/2026\/02\/Logo-Edesia-no-background.png","contentUrl":"https:\/\/www.edesia.al\/wp-content\/uploads\/2026\/02\/Logo-Edesia-no-background.png","width":293,"height":158,"caption":"Edesia"},"image":{"@id":"https:\/\/www.edesia.al\/#\/schema\/logo\/image\/"}}]}},"_links":{"self":[{"href":"https:\/\/www.edesia.al\/index.php?rest_route=\/wp\/v2\/product\/7017","targetHints":{"allow":["GET"]}}],"collection":[{"href":"https:\/\/www.edesia.al\/index.php?rest_route=\/wp\/v2\/product"}],"about":[{"href":"https:\/\/www.edesia.al\/index.php?rest_route=\/wp\/v2\/types\/product"}],"replies":[{"embeddable":true,"href":"https:\/\/www.edesia.al\/index.php?rest_route=%2Fwp%2Fv2%2Fcomments&post=7017"}],"wp:featuredmedia":[{"embeddable":true,"href":"https:\/\/www.edesia.al\/index.php?rest_route=\/wp\/v2\/media\/7046"}],"wp:attachment":[{"href":"https:\/\/www.edesia.al\/index.php?rest_route=%2Fwp%2Fv2%2Fmedia&parent=7017"}],"wp:term":[{"taxonomy":"kategori-sipas-dietave","embeddable":true,"href":"https:\/\/www.edesia.al\/index.php?rest_route=%2Fwp%2Fv2%2Fkategori-sipas-dietave&post=7017"},{"taxonomy":"kategori-sipas-problemeve-shende","embeddable":true,"href":"https:\/\/www.edesia.al\/index.php?rest_route=%2Fwp%2Fv2%2Fkategori-sipas-problemeve-shende&post=7017"},{"taxonomy":"product_brand","embeddable":true,"href":"https:\/\/www.edesia.al\/index.php?rest_route=%2Fwp%2Fv2%2Fproduct_brand&post=7017"},{"taxonomy":"product_cat","embeddable":true,"href":"https:\/\/www.edesia.al\/index.php?rest_route=%2Fwp%2Fv2%2Fproduct_cat&post=7017"},{"taxonomy":"product_tag","embeddable":true,"href":"https:\/\/www.edesia.al\/index.php?rest_route=%2Fwp%2Fv2%2Fproduct_tag&post=7017"}],"curies":[{"name":"wp","href":"https:\/\/api.w.org\/{rel}","templated":true}]}}