{"id":7019,"date":"2026-02-16T21:12:17","date_gmt":"2026-02-16T21:12:17","guid":{"rendered":"https:\/\/www.edesia.al\/?post_type=product&#038;p=7019"},"modified":"2026-02-25T11:00:01","modified_gmt":"2026-02-25T11:00:01","slug":"hikerror-i-fryre","status":"publish","type":"product","link":"https:\/\/www.edesia.al\/?product=hikerror-i-fryre","title":{"rendered":"Hik\u00ebrror i Fryr\u00eb"},"content":{"rendered":"<h3>Hik\u00ebrror i Fryr\u00eb 100gr<\/h3>\n<p>Hik\u00ebrror i fryr\u00eb jan\u00eb alternativa e kokoshkave, vet\u00ebm se pa gluten dhe me m\u00eb shum\u00eb veti ushqyese. P\u00ebrdoret si snak por gjithashtu mund te hidhet ne kos n\u00eb v\u00ebnd t\u00eb t\u00ebrsh\u00ebr\u00ebs p\u00ebr m\u00ebngjes.<\/p>\n<p>Hik\u00ebrrori \u00ebsht\u00eb ndryshe nga drithrate e tjer\u00eb pasi p\u00ebrmban\u00a0 vlera t\u00eb shk\u00eblqyera ushqyese dhe proteina (14%). Ai p\u00ebrmban t\u00eb gjitha aminoacidet e nevojshme, shum\u00eb vitamina \u2013 kryesisht t\u00eb kompleksit B \u2013 t\u00eb cilat zakonisht gjenden n\u00eb ushqimet shtazore, nd\u00ebrsa \u00ebsht\u00eb i pasur me vitamina E dhe K t\u00eb tretshme n\u00eb yndyr\u00eb. P\u00ebrmban edhe acid folik, disa minerale si kalciumi, etj. hekuri, bakri.<\/p>\n<p>P\u00ebrshkak te vlerave ushqyese dhe munges\u00ebs se glutenit \u00ebsht\u00eb p\u00ebrfekte p\u00ebr veganet dhe intolerantet ndaj glutenin.<\/p>\n","protected":false},"excerpt":{"rendered":"<p>Hik\u00ebrror i Fryr\u00eb 100gr Hik\u00ebrror i fryr\u00eb jan\u00eb alternativa e kokoshkave, vet\u00ebm se pa gluten dhe me m\u00eb shum\u00eb veti ushqyese. P\u00ebrdoret si snak por gjithashtu mund te hidhet ne kos n\u00eb v\u00ebnd t\u00eb t\u00ebrsh\u00ebr\u00ebs p\u00ebr m\u00ebngjes. Hik\u00ebrrori \u00ebsht\u00eb ndryshe nga drithrate e tjer\u00eb pasi p\u00ebrmban\u00a0 vlera t\u00eb shk\u00eblqyera ushqyese dhe proteina (14%). Ai p\u00ebrmban[&#8230;]<\/p>\n","protected":false},"featured_media":7047,"comment_status":"open","ping_status":"closed","template":"","meta":{"_acf_changed":false,"inline_featured_image":false},"kategori-sipas-dietave":[95],"kategori-sipas-problemeve-shende":[87],"product_brand":[32],"product_cat":[63,26],"product_tag":[],"class_list":{"0":"post-7019","1":"product","2":"type-product","3":"status-publish","4":"has-post-thumbnail","6":"kategori-sipas-dietave-pa-gluten","7":"kategori-sipas-problemeve-shende-gluten-free-intolerant","8":"product_brand-bioagros","9":"product_cat-flakes-muesli","10":"product_cat-ushqime-bio","12":"first","13":"instock","14":"taxable","15":"shipping-taxable","16":"purchasable","17":"product-type-simple"},"acf":[],"yoast_head":"<!-- This site is optimized with the Yoast SEO plugin v27.4 - https:\/\/yoast.com\/product\/yoast-seo-wordpress\/ -->\n<title>Hik\u00ebrror i Fryr\u00eb - Edesia<\/title>\n<meta name=\"robots\" content=\"index, follow, max-snippet:-1, max-image-preview:large, max-video-preview:-1\" \/>\n<link rel=\"canonical\" href=\"https:\/\/www.edesia.al\/?product=hikerror-i-fryre\" \/>\n<meta property=\"og:locale\" content=\"en_US\" \/>\n<meta property=\"og:type\" content=\"article\" \/>\n<meta property=\"og:title\" content=\"Hik\u00ebrror i Fryr\u00eb - Edesia\" \/>\n<meta property=\"og:description\" content=\"Hik\u00ebrror i Fryr\u00eb 100gr Hik\u00ebrror i fryr\u00eb jan\u00eb alternativa e kokoshkave, vet\u00ebm se pa gluten dhe me m\u00eb shum\u00eb veti ushqyese. P\u00ebrdoret si snak por gjithashtu mund te hidhet ne kos n\u00eb v\u00ebnd t\u00eb t\u00ebrsh\u00ebr\u00ebs p\u00ebr m\u00ebngjes. Hik\u00ebrrori \u00ebsht\u00eb ndryshe nga drithrate e tjer\u00eb pasi p\u00ebrmban\u00a0 vlera t\u00eb shk\u00eblqyera ushqyese dhe proteina (14%). Ai p\u00ebrmban[...]\" \/>\n<meta property=\"og:url\" content=\"https:\/\/www.edesia.al\/?product=hikerror-i-fryre\" \/>\n<meta property=\"og:site_name\" content=\"Edesia\" \/>\n<meta property=\"article:modified_time\" content=\"2026-02-25T11:00:01+00:00\" \/>\n<meta property=\"og:image\" content=\"https:\/\/www.edesia.al\/wp-content\/uploads\/2026\/02\/Hikerror-1-1.png\" \/>\n\t<meta property=\"og:image:width\" content=\"535\" \/>\n\t<meta property=\"og:image:height\" content=\"535\" \/>\n\t<meta property=\"og:image:type\" content=\"image\/png\" \/>\n<meta name=\"twitter:card\" content=\"summary_large_image\" \/>\n<meta name=\"twitter:label1\" content=\"Est. reading time\" \/>\n\t<meta name=\"twitter:data1\" content=\"1 minute\" \/>\n<script type=\"application\/ld+json\" class=\"yoast-schema-graph\">{\"@context\":\"https:\\\/\\\/schema.org\",\"@graph\":[{\"@type\":\"WebPage\",\"@id\":\"https:\\\/\\\/www.edesia.al\\\/?product=hikerror-i-fryre\",\"url\":\"https:\\\/\\\/www.edesia.al\\\/?product=hikerror-i-fryre\",\"name\":\"Hik\u00ebrror i Fryr\u00eb - Edesia\",\"isPartOf\":{\"@id\":\"https:\\\/\\\/www.edesia.al\\\/#website\"},\"primaryImageOfPage\":{\"@id\":\"https:\\\/\\\/www.edesia.al\\\/?product=hikerror-i-fryre#primaryimage\"},\"image\":{\"@id\":\"https:\\\/\\\/www.edesia.al\\\/?product=hikerror-i-fryre#primaryimage\"},\"thumbnailUrl\":\"https:\\\/\\\/www.edesia.al\\\/wp-content\\\/uploads\\\/2026\\\/02\\\/Hikerror-1-1.png\",\"datePublished\":\"2026-02-16T21:12:17+00:00\",\"dateModified\":\"2026-02-25T11:00:01+00:00\",\"breadcrumb\":{\"@id\":\"https:\\\/\\\/www.edesia.al\\\/?product=hikerror-i-fryre#breadcrumb\"},\"inLanguage\":\"en-US\",\"potentialAction\":[{\"@type\":\"ReadAction\",\"target\":[\"https:\\\/\\\/www.edesia.al\\\/?product=hikerror-i-fryre\"]}]},{\"@type\":\"ImageObject\",\"inLanguage\":\"en-US\",\"@id\":\"https:\\\/\\\/www.edesia.al\\\/?product=hikerror-i-fryre#primaryimage\",\"url\":\"https:\\\/\\\/www.edesia.al\\\/wp-content\\\/uploads\\\/2026\\\/02\\\/Hikerror-1-1.png\",\"contentUrl\":\"https:\\\/\\\/www.edesia.al\\\/wp-content\\\/uploads\\\/2026\\\/02\\\/Hikerror-1-1.png\",\"width\":535,\"height\":535},{\"@type\":\"BreadcrumbList\",\"@id\":\"https:\\\/\\\/www.edesia.al\\\/?product=hikerror-i-fryre#breadcrumb\",\"itemListElement\":[{\"@type\":\"ListItem\",\"position\":1,\"name\":\"Home\",\"item\":\"https:\\\/\\\/www.edesia.al\\\/\"},{\"@type\":\"ListItem\",\"position\":2,\"name\":\"Dyqani\",\"item\":\"https:\\\/\\\/www.edesia.al\\\/?page_id=17\"},{\"@type\":\"ListItem\",\"position\":3,\"name\":\"Hik\u00ebrror i Fryr\u00eb\"}]},{\"@type\":\"WebSite\",\"@id\":\"https:\\\/\\\/www.edesia.al\\\/#website\",\"url\":\"https:\\\/\\\/www.edesia.al\\\/\",\"name\":\"Edesia\",\"description\":\"\",\"publisher\":{\"@id\":\"https:\\\/\\\/www.edesia.al\\\/#organization\"},\"potentialAction\":[{\"@type\":\"SearchAction\",\"target\":{\"@type\":\"EntryPoint\",\"urlTemplate\":\"https:\\\/\\\/www.edesia.al\\\/?s={search_term_string}\"},\"query-input\":{\"@type\":\"PropertyValueSpecification\",\"valueRequired\":true,\"valueName\":\"search_term_string\"}}],\"inLanguage\":\"en-US\"},{\"@type\":\"Organization\",\"@id\":\"https:\\\/\\\/www.edesia.al\\\/#organization\",\"name\":\"Edesia\",\"url\":\"https:\\\/\\\/www.edesia.al\\\/\",\"logo\":{\"@type\":\"ImageObject\",\"inLanguage\":\"en-US\",\"@id\":\"https:\\\/\\\/www.edesia.al\\\/#\\\/schema\\\/logo\\\/image\\\/\",\"url\":\"https:\\\/\\\/www.edesia.al\\\/wp-content\\\/uploads\\\/2026\\\/02\\\/Logo-Edesia-no-background.png\",\"contentUrl\":\"https:\\\/\\\/www.edesia.al\\\/wp-content\\\/uploads\\\/2026\\\/02\\\/Logo-Edesia-no-background.png\",\"width\":293,\"height\":158,\"caption\":\"Edesia\"},\"image\":{\"@id\":\"https:\\\/\\\/www.edesia.al\\\/#\\\/schema\\\/logo\\\/image\\\/\"}}]}<\/script>\n<!-- \/ Yoast SEO plugin. -->","yoast_head_json":{"title":"Hik\u00ebrror i Fryr\u00eb - Edesia","robots":{"index":"index","follow":"follow","max-snippet":"max-snippet:-1","max-image-preview":"max-image-preview:large","max-video-preview":"max-video-preview:-1"},"canonical":"https:\/\/www.edesia.al\/?product=hikerror-i-fryre","og_locale":"en_US","og_type":"article","og_title":"Hik\u00ebrror i Fryr\u00eb - Edesia","og_description":"Hik\u00ebrror i Fryr\u00eb 100gr Hik\u00ebrror i fryr\u00eb jan\u00eb alternativa e kokoshkave, vet\u00ebm se pa gluten dhe me m\u00eb shum\u00eb veti ushqyese. P\u00ebrdoret si snak por gjithashtu mund te hidhet ne kos n\u00eb v\u00ebnd t\u00eb t\u00ebrsh\u00ebr\u00ebs p\u00ebr m\u00ebngjes. Hik\u00ebrrori \u00ebsht\u00eb ndryshe nga drithrate e tjer\u00eb pasi p\u00ebrmban\u00a0 vlera t\u00eb shk\u00eblqyera ushqyese dhe proteina (14%). Ai p\u00ebrmban[...]","og_url":"https:\/\/www.edesia.al\/?product=hikerror-i-fryre","og_site_name":"Edesia","article_modified_time":"2026-02-25T11:00:01+00:00","og_image":[{"width":535,"height":535,"url":"https:\/\/www.edesia.al\/wp-content\/uploads\/2026\/02\/Hikerror-1-1.png","type":"image\/png"}],"twitter_card":"summary_large_image","twitter_misc":{"Est. reading time":"1 minute"},"schema":{"@context":"https:\/\/schema.org","@graph":[{"@type":"WebPage","@id":"https:\/\/www.edesia.al\/?product=hikerror-i-fryre","url":"https:\/\/www.edesia.al\/?product=hikerror-i-fryre","name":"Hik\u00ebrror i Fryr\u00eb - Edesia","isPartOf":{"@id":"https:\/\/www.edesia.al\/#website"},"primaryImageOfPage":{"@id":"https:\/\/www.edesia.al\/?product=hikerror-i-fryre#primaryimage"},"image":{"@id":"https:\/\/www.edesia.al\/?product=hikerror-i-fryre#primaryimage"},"thumbnailUrl":"https:\/\/www.edesia.al\/wp-content\/uploads\/2026\/02\/Hikerror-1-1.png","datePublished":"2026-02-16T21:12:17+00:00","dateModified":"2026-02-25T11:00:01+00:00","breadcrumb":{"@id":"https:\/\/www.edesia.al\/?product=hikerror-i-fryre#breadcrumb"},"inLanguage":"en-US","potentialAction":[{"@type":"ReadAction","target":["https:\/\/www.edesia.al\/?product=hikerror-i-fryre"]}]},{"@type":"ImageObject","inLanguage":"en-US","@id":"https:\/\/www.edesia.al\/?product=hikerror-i-fryre#primaryimage","url":"https:\/\/www.edesia.al\/wp-content\/uploads\/2026\/02\/Hikerror-1-1.png","contentUrl":"https:\/\/www.edesia.al\/wp-content\/uploads\/2026\/02\/Hikerror-1-1.png","width":535,"height":535},{"@type":"BreadcrumbList","@id":"https:\/\/www.edesia.al\/?product=hikerror-i-fryre#breadcrumb","itemListElement":[{"@type":"ListItem","position":1,"name":"Home","item":"https:\/\/www.edesia.al\/"},{"@type":"ListItem","position":2,"name":"Dyqani","item":"https:\/\/www.edesia.al\/?page_id=17"},{"@type":"ListItem","position":3,"name":"Hik\u00ebrror i Fryr\u00eb"}]},{"@type":"WebSite","@id":"https:\/\/www.edesia.al\/#website","url":"https:\/\/www.edesia.al\/","name":"Edesia","description":"","publisher":{"@id":"https:\/\/www.edesia.al\/#organization"},"potentialAction":[{"@type":"SearchAction","target":{"@type":"EntryPoint","urlTemplate":"https:\/\/www.edesia.al\/?s={search_term_string}"},"query-input":{"@type":"PropertyValueSpecification","valueRequired":true,"valueName":"search_term_string"}}],"inLanguage":"en-US"},{"@type":"Organization","@id":"https:\/\/www.edesia.al\/#organization","name":"Edesia","url":"https:\/\/www.edesia.al\/","logo":{"@type":"ImageObject","inLanguage":"en-US","@id":"https:\/\/www.edesia.al\/#\/schema\/logo\/image\/","url":"https:\/\/www.edesia.al\/wp-content\/uploads\/2026\/02\/Logo-Edesia-no-background.png","contentUrl":"https:\/\/www.edesia.al\/wp-content\/uploads\/2026\/02\/Logo-Edesia-no-background.png","width":293,"height":158,"caption":"Edesia"},"image":{"@id":"https:\/\/www.edesia.al\/#\/schema\/logo\/image\/"}}]}},"_links":{"self":[{"href":"https:\/\/www.edesia.al\/index.php?rest_route=\/wp\/v2\/product\/7019","targetHints":{"allow":["GET"]}}],"collection":[{"href":"https:\/\/www.edesia.al\/index.php?rest_route=\/wp\/v2\/product"}],"about":[{"href":"https:\/\/www.edesia.al\/index.php?rest_route=\/wp\/v2\/types\/product"}],"replies":[{"embeddable":true,"href":"https:\/\/www.edesia.al\/index.php?rest_route=%2Fwp%2Fv2%2Fcomments&post=7019"}],"wp:featuredmedia":[{"embeddable":true,"href":"https:\/\/www.edesia.al\/index.php?rest_route=\/wp\/v2\/media\/7047"}],"wp:attachment":[{"href":"https:\/\/www.edesia.al\/index.php?rest_route=%2Fwp%2Fv2%2Fmedia&parent=7019"}],"wp:term":[{"taxonomy":"kategori-sipas-dietave","embeddable":true,"href":"https:\/\/www.edesia.al\/index.php?rest_route=%2Fwp%2Fv2%2Fkategori-sipas-dietave&post=7019"},{"taxonomy":"kategori-sipas-problemeve-shende","embeddable":true,"href":"https:\/\/www.edesia.al\/index.php?rest_route=%2Fwp%2Fv2%2Fkategori-sipas-problemeve-shende&post=7019"},{"taxonomy":"product_brand","embeddable":true,"href":"https:\/\/www.edesia.al\/index.php?rest_route=%2Fwp%2Fv2%2Fproduct_brand&post=7019"},{"taxonomy":"product_cat","embeddable":true,"href":"https:\/\/www.edesia.al\/index.php?rest_route=%2Fwp%2Fv2%2Fproduct_cat&post=7019"},{"taxonomy":"product_tag","embeddable":true,"href":"https:\/\/www.edesia.al\/index.php?rest_route=%2Fwp%2Fv2%2Fproduct_tag&post=7019"}],"curies":[{"name":"wp","href":"https:\/\/api.w.org\/{rel}","templated":true}]}}