{"id":7022,"date":"2026-02-16T21:12:18","date_gmt":"2026-02-16T21:12:18","guid":{"rendered":"https:\/\/www.edesia.al\/?post_type=product&#038;p=7022"},"modified":"2026-02-25T11:01:09","modified_gmt":"2026-02-25T11:01:09","slug":"gjemb-deti-i-thare","status":"publish","type":"product","link":"https:\/\/www.edesia.al\/?product=gjemb-deti-i-thare","title":{"rendered":"Gjemb Deti i Thar\u00eb"},"content":{"rendered":"<h3>Gjemb Deti i Thare (Sea Buckthorn)-100 g<\/h3>\n<p>Buckthorn (Hippophae rhamnoides L.) \u00ebsht\u00eb nj\u00eb shkurre ose pem\u00eb gjether\u00ebn\u00ebse q\u00eb njihet edhe si ananasi siberian, gjembi i r\u00ebr\u00ebs, kokrra e detit dhe gjembi i zbeht\u00eb.Kjo pem\u00eb e ka origjin\u00ebn n\u00eb zon\u00ebn e Himalajeve Lindore dhe \u00ebsht\u00eb e shp\u00ebrndar\u00eb ne rajonet e buta te Euroazis\u00eb.<\/p>\n<p>Buckthorn p\u00ebrmban rreth 200 komponime ushqyese dhe bioaktive dhe njihet si nj\u00eb &#8220;sht\u00ebpi e thesarit natyral t\u00eb vitaminave&#8221; dhe nj\u00eb &#8220;burim i ushqyrerjes dhe kujdesit shendet\u00ebsor&#8221;<\/p>\n<p>Cdo pjes\u00eb e k\u00ebsaj bime (frutat,gjethet,k\u00ebrcelli,deg\u00ebt,rr\u00ebnj\u00ebt dhe gjembat)jan\u00eb p\u00ebrdorur gjer\u00ebsisht n\u00eb mjek\u00ebsi dhe suplemente ushqimore dhe vazhdohen akoma dhe p\u00ebrdoren, prandaj gjemba e detit njihet gjer\u00ebsisht si &#8220;Bima e mrekullive&#8221;,&#8221;Golden Bush&#8221; ose &#8220;Golden Mine&#8221;<\/p>\n<p>Kjo bim\u00eb ka n\u00eb p\u00ebrmbajtje\u00a0 acide yndyrore Omega 3, 6 dhe 9. Gjithashtu \u00ebsht\u00eb e pasur me proteina dhe vitamin\u00eb B12, e cila \u00ebsht\u00eb ve\u00e7an\u00ebrisht e r\u00ebnd\u00ebsishme p\u00ebr vegjetarian\u00ebt pasi \u00ebsht\u00eb pothuajse e pamundur t\u00eb merret nga ushqimet e tjera bimore. P\u00ebrve\u00e7 k\u00ebsaj,ai p\u00ebrmban nj\u00eb nga antioksidant\u00ebt m\u00eb t\u00eb fuqish\u00ebm Beta karoten,nj\u00eb substanc\u00eb q\u00eb sh\u00ebnd\u00ebrrohet n\u00eb vitamin\u00eb A n\u00eb trup.<\/p>\n<p>Gjemba e Detit ka nj\u00eb potencial t\u00eb madh medicinal dhe terapeutik pasi konsiderohet si nj\u00eb: antikancerogjene, anti-inflamatore, antimikrobike dhe antivirale. Gjithashtu ka aft\u00ebsin\u00eb p\u00ebr t\u00eb vepruar n\u00eb mbrojtjen kardiovaskulare.<\/p>\n<h4>Rekomndahet t\u00eb p\u00ebrdoret nga njer\u00ebzit q\u00eb vuajn\u00eb nga:<\/h4>\n<ul>\n<li>Yndyra e lart\u00eb n\u00eb gjak dhe s\u00ebmundjet kardiovaskulare.<\/li>\n<li>Rritjen e imunitetit tek t\u00eb rritur dhe f\u00ebmij\u00eb<\/li>\n<li>Mbron nga virozat e stin\u00ebs dhe s\u00ebmundjet e shkatuara nga bakteret<\/li>\n<li>Ngadal\u00ebson plakjen<\/li>\n<li>Mbron organizmin nga tumoret<\/li>\n<\/ul>\n<p>&nbsp;<\/p>\n<h4>P\u00ebrgatitjen:<\/h4>\n<p>Gjembi i detit vjen n\u00eb form\u00ebn e tij t\u00eb thar\u00eb, ndaj mund t\u00eb b\u00ebhet \u00e7aj, mund t\u00eb shtohet n\u00eb supra t\u00eb ndryshme. Mund ta hidhni n\u00eb smothie apo l\u00ebng. P\u00ebrshkak t\u00eb shijes s\u00eb but\u00eb frutore p\u00ebrfshihet leht\u00eb n\u00eb receta t\u00eb ndryshme.<\/p>\n<p>&nbsp;<\/p>\n","protected":false},"excerpt":{"rendered":"<p>Gjemb Deti i Thare (Sea Buckthorn)-100 g Buckthorn (Hippophae rhamnoides L.) \u00ebsht\u00eb nj\u00eb shkurre ose pem\u00eb gjether\u00ebn\u00ebse q\u00eb njihet edhe si ananasi siberian, gjembi i r\u00ebr\u00ebs, kokrra e detit dhe gjembi i zbeht\u00eb.Kjo pem\u00eb e ka origjin\u00ebn n\u00eb zon\u00ebn e Himalajeve Lindore dhe \u00ebsht\u00eb e shp\u00ebrndar\u00eb ne rajonet e buta te Euroazis\u00eb. Buckthorn p\u00ebrmban rreth[&#8230;]<\/p>\n","protected":false},"featured_media":7049,"comment_status":"open","ping_status":"closed","template":"","meta":{"_acf_changed":false,"inline_featured_image":false},"kategori-sipas-dietave":[89],"kategori-sipas-problemeve-shende":[85],"product_brand":[32],"product_cat":[27,81,28],"product_tag":[],"class_list":{"0":"post-7022","1":"product","2":"type-product","3":"status-publish","4":"has-post-thumbnail","6":"kategori-sipas-dietave-vegan","7":"kategori-sipas-problemeve-shende-imuniteti","8":"product_brand-bioagros","9":"product_cat-bime-mjekesore","10":"product_cat-caj-bime-mjekesore","11":"product_cat-superfoods","13":"first","14":"instock","15":"taxable","16":"shipping-taxable","17":"purchasable","18":"product-type-simple"},"acf":[],"yoast_head":"<!-- This site is optimized with the Yoast SEO plugin v27.4 - https:\/\/yoast.com\/product\/yoast-seo-wordpress\/ -->\n<title>Gjemb Deti i Thar\u00eb - Edesia<\/title>\n<meta name=\"robots\" content=\"index, follow, max-snippet:-1, max-image-preview:large, max-video-preview:-1\" \/>\n<link rel=\"canonical\" href=\"https:\/\/www.edesia.al\/?product=gjemb-deti-i-thare\" \/>\n<meta property=\"og:locale\" content=\"en_US\" \/>\n<meta property=\"og:type\" content=\"article\" \/>\n<meta property=\"og:title\" content=\"Gjemb Deti i Thar\u00eb - Edesia\" \/>\n<meta property=\"og:description\" content=\"Gjemb Deti i Thare (Sea Buckthorn)-100 g Buckthorn (Hippophae rhamnoides L.) \u00ebsht\u00eb nj\u00eb shkurre ose pem\u00eb gjether\u00ebn\u00ebse q\u00eb njihet edhe si ananasi siberian, gjembi i r\u00ebr\u00ebs, kokrra e detit dhe gjembi i zbeht\u00eb.Kjo pem\u00eb e ka origjin\u00ebn n\u00eb zon\u00ebn e Himalajeve Lindore dhe \u00ebsht\u00eb e shp\u00ebrndar\u00eb ne rajonet e buta te Euroazis\u00eb. Buckthorn p\u00ebrmban rreth[...]\" \/>\n<meta property=\"og:url\" content=\"https:\/\/www.edesia.al\/?product=gjemb-deti-i-thare\" \/>\n<meta property=\"og:site_name\" content=\"Edesia\" \/>\n<meta property=\"article:modified_time\" content=\"2026-02-25T11:01:09+00:00\" \/>\n<meta property=\"og:image\" content=\"https:\/\/www.edesia.al\/wp-content\/uploads\/2026\/02\/GJEMB-DETI-1.png\" \/>\n\t<meta property=\"og:image:width\" content=\"535\" \/>\n\t<meta property=\"og:image:height\" content=\"535\" \/>\n\t<meta property=\"og:image:type\" content=\"image\/png\" \/>\n<meta name=\"twitter:card\" content=\"summary_large_image\" \/>\n<meta name=\"twitter:label1\" content=\"Est. reading time\" \/>\n\t<meta name=\"twitter:data1\" content=\"2 minutes\" \/>\n<script type=\"application\/ld+json\" class=\"yoast-schema-graph\">{\"@context\":\"https:\\\/\\\/schema.org\",\"@graph\":[{\"@type\":\"WebPage\",\"@id\":\"https:\\\/\\\/www.edesia.al\\\/?product=gjemb-deti-i-thare\",\"url\":\"https:\\\/\\\/www.edesia.al\\\/?product=gjemb-deti-i-thare\",\"name\":\"Gjemb Deti i Thar\u00eb - Edesia\",\"isPartOf\":{\"@id\":\"https:\\\/\\\/www.edesia.al\\\/#website\"},\"primaryImageOfPage\":{\"@id\":\"https:\\\/\\\/www.edesia.al\\\/?product=gjemb-deti-i-thare#primaryimage\"},\"image\":{\"@id\":\"https:\\\/\\\/www.edesia.al\\\/?product=gjemb-deti-i-thare#primaryimage\"},\"thumbnailUrl\":\"https:\\\/\\\/www.edesia.al\\\/wp-content\\\/uploads\\\/2026\\\/02\\\/GJEMB-DETI-1.png\",\"datePublished\":\"2026-02-16T21:12:18+00:00\",\"dateModified\":\"2026-02-25T11:01:09+00:00\",\"breadcrumb\":{\"@id\":\"https:\\\/\\\/www.edesia.al\\\/?product=gjemb-deti-i-thare#breadcrumb\"},\"inLanguage\":\"en-US\",\"potentialAction\":[{\"@type\":\"ReadAction\",\"target\":[\"https:\\\/\\\/www.edesia.al\\\/?product=gjemb-deti-i-thare\"]}]},{\"@type\":\"ImageObject\",\"inLanguage\":\"en-US\",\"@id\":\"https:\\\/\\\/www.edesia.al\\\/?product=gjemb-deti-i-thare#primaryimage\",\"url\":\"https:\\\/\\\/www.edesia.al\\\/wp-content\\\/uploads\\\/2026\\\/02\\\/GJEMB-DETI-1.png\",\"contentUrl\":\"https:\\\/\\\/www.edesia.al\\\/wp-content\\\/uploads\\\/2026\\\/02\\\/GJEMB-DETI-1.png\",\"width\":535,\"height\":535},{\"@type\":\"BreadcrumbList\",\"@id\":\"https:\\\/\\\/www.edesia.al\\\/?product=gjemb-deti-i-thare#breadcrumb\",\"itemListElement\":[{\"@type\":\"ListItem\",\"position\":1,\"name\":\"Home\",\"item\":\"https:\\\/\\\/www.edesia.al\\\/\"},{\"@type\":\"ListItem\",\"position\":2,\"name\":\"Dyqani\",\"item\":\"https:\\\/\\\/www.edesia.al\\\/?page_id=17\"},{\"@type\":\"ListItem\",\"position\":3,\"name\":\"Gjemb Deti i Thar\u00eb\"}]},{\"@type\":\"WebSite\",\"@id\":\"https:\\\/\\\/www.edesia.al\\\/#website\",\"url\":\"https:\\\/\\\/www.edesia.al\\\/\",\"name\":\"Edesia\",\"description\":\"\",\"publisher\":{\"@id\":\"https:\\\/\\\/www.edesia.al\\\/#organization\"},\"potentialAction\":[{\"@type\":\"SearchAction\",\"target\":{\"@type\":\"EntryPoint\",\"urlTemplate\":\"https:\\\/\\\/www.edesia.al\\\/?s={search_term_string}\"},\"query-input\":{\"@type\":\"PropertyValueSpecification\",\"valueRequired\":true,\"valueName\":\"search_term_string\"}}],\"inLanguage\":\"en-US\"},{\"@type\":\"Organization\",\"@id\":\"https:\\\/\\\/www.edesia.al\\\/#organization\",\"name\":\"Edesia\",\"url\":\"https:\\\/\\\/www.edesia.al\\\/\",\"logo\":{\"@type\":\"ImageObject\",\"inLanguage\":\"en-US\",\"@id\":\"https:\\\/\\\/www.edesia.al\\\/#\\\/schema\\\/logo\\\/image\\\/\",\"url\":\"https:\\\/\\\/www.edesia.al\\\/wp-content\\\/uploads\\\/2026\\\/02\\\/Logo-Edesia-no-background.png\",\"contentUrl\":\"https:\\\/\\\/www.edesia.al\\\/wp-content\\\/uploads\\\/2026\\\/02\\\/Logo-Edesia-no-background.png\",\"width\":293,\"height\":158,\"caption\":\"Edesia\"},\"image\":{\"@id\":\"https:\\\/\\\/www.edesia.al\\\/#\\\/schema\\\/logo\\\/image\\\/\"}}]}<\/script>\n<!-- \/ Yoast SEO plugin. -->","yoast_head_json":{"title":"Gjemb Deti i Thar\u00eb - Edesia","robots":{"index":"index","follow":"follow","max-snippet":"max-snippet:-1","max-image-preview":"max-image-preview:large","max-video-preview":"max-video-preview:-1"},"canonical":"https:\/\/www.edesia.al\/?product=gjemb-deti-i-thare","og_locale":"en_US","og_type":"article","og_title":"Gjemb Deti i Thar\u00eb - Edesia","og_description":"Gjemb Deti i Thare (Sea Buckthorn)-100 g Buckthorn (Hippophae rhamnoides L.) \u00ebsht\u00eb nj\u00eb shkurre ose pem\u00eb gjether\u00ebn\u00ebse q\u00eb njihet edhe si ananasi siberian, gjembi i r\u00ebr\u00ebs, kokrra e detit dhe gjembi i zbeht\u00eb.Kjo pem\u00eb e ka origjin\u00ebn n\u00eb zon\u00ebn e Himalajeve Lindore dhe \u00ebsht\u00eb e shp\u00ebrndar\u00eb ne rajonet e buta te Euroazis\u00eb. Buckthorn p\u00ebrmban rreth[...]","og_url":"https:\/\/www.edesia.al\/?product=gjemb-deti-i-thare","og_site_name":"Edesia","article_modified_time":"2026-02-25T11:01:09+00:00","og_image":[{"width":535,"height":535,"url":"https:\/\/www.edesia.al\/wp-content\/uploads\/2026\/02\/GJEMB-DETI-1.png","type":"image\/png"}],"twitter_card":"summary_large_image","twitter_misc":{"Est. reading time":"2 minutes"},"schema":{"@context":"https:\/\/schema.org","@graph":[{"@type":"WebPage","@id":"https:\/\/www.edesia.al\/?product=gjemb-deti-i-thare","url":"https:\/\/www.edesia.al\/?product=gjemb-deti-i-thare","name":"Gjemb Deti i Thar\u00eb - Edesia","isPartOf":{"@id":"https:\/\/www.edesia.al\/#website"},"primaryImageOfPage":{"@id":"https:\/\/www.edesia.al\/?product=gjemb-deti-i-thare#primaryimage"},"image":{"@id":"https:\/\/www.edesia.al\/?product=gjemb-deti-i-thare#primaryimage"},"thumbnailUrl":"https:\/\/www.edesia.al\/wp-content\/uploads\/2026\/02\/GJEMB-DETI-1.png","datePublished":"2026-02-16T21:12:18+00:00","dateModified":"2026-02-25T11:01:09+00:00","breadcrumb":{"@id":"https:\/\/www.edesia.al\/?product=gjemb-deti-i-thare#breadcrumb"},"inLanguage":"en-US","potentialAction":[{"@type":"ReadAction","target":["https:\/\/www.edesia.al\/?product=gjemb-deti-i-thare"]}]},{"@type":"ImageObject","inLanguage":"en-US","@id":"https:\/\/www.edesia.al\/?product=gjemb-deti-i-thare#primaryimage","url":"https:\/\/www.edesia.al\/wp-content\/uploads\/2026\/02\/GJEMB-DETI-1.png","contentUrl":"https:\/\/www.edesia.al\/wp-content\/uploads\/2026\/02\/GJEMB-DETI-1.png","width":535,"height":535},{"@type":"BreadcrumbList","@id":"https:\/\/www.edesia.al\/?product=gjemb-deti-i-thare#breadcrumb","itemListElement":[{"@type":"ListItem","position":1,"name":"Home","item":"https:\/\/www.edesia.al\/"},{"@type":"ListItem","position":2,"name":"Dyqani","item":"https:\/\/www.edesia.al\/?page_id=17"},{"@type":"ListItem","position":3,"name":"Gjemb Deti i Thar\u00eb"}]},{"@type":"WebSite","@id":"https:\/\/www.edesia.al\/#website","url":"https:\/\/www.edesia.al\/","name":"Edesia","description":"","publisher":{"@id":"https:\/\/www.edesia.al\/#organization"},"potentialAction":[{"@type":"SearchAction","target":{"@type":"EntryPoint","urlTemplate":"https:\/\/www.edesia.al\/?s={search_term_string}"},"query-input":{"@type":"PropertyValueSpecification","valueRequired":true,"valueName":"search_term_string"}}],"inLanguage":"en-US"},{"@type":"Organization","@id":"https:\/\/www.edesia.al\/#organization","name":"Edesia","url":"https:\/\/www.edesia.al\/","logo":{"@type":"ImageObject","inLanguage":"en-US","@id":"https:\/\/www.edesia.al\/#\/schema\/logo\/image\/","url":"https:\/\/www.edesia.al\/wp-content\/uploads\/2026\/02\/Logo-Edesia-no-background.png","contentUrl":"https:\/\/www.edesia.al\/wp-content\/uploads\/2026\/02\/Logo-Edesia-no-background.png","width":293,"height":158,"caption":"Edesia"},"image":{"@id":"https:\/\/www.edesia.al\/#\/schema\/logo\/image\/"}}]}},"_links":{"self":[{"href":"https:\/\/www.edesia.al\/index.php?rest_route=\/wp\/v2\/product\/7022","targetHints":{"allow":["GET"]}}],"collection":[{"href":"https:\/\/www.edesia.al\/index.php?rest_route=\/wp\/v2\/product"}],"about":[{"href":"https:\/\/www.edesia.al\/index.php?rest_route=\/wp\/v2\/types\/product"}],"replies":[{"embeddable":true,"href":"https:\/\/www.edesia.al\/index.php?rest_route=%2Fwp%2Fv2%2Fcomments&post=7022"}],"wp:featuredmedia":[{"embeddable":true,"href":"https:\/\/www.edesia.al\/index.php?rest_route=\/wp\/v2\/media\/7049"}],"wp:attachment":[{"href":"https:\/\/www.edesia.al\/index.php?rest_route=%2Fwp%2Fv2%2Fmedia&parent=7022"}],"wp:term":[{"taxonomy":"kategori-sipas-dietave","embeddable":true,"href":"https:\/\/www.edesia.al\/index.php?rest_route=%2Fwp%2Fv2%2Fkategori-sipas-dietave&post=7022"},{"taxonomy":"kategori-sipas-problemeve-shende","embeddable":true,"href":"https:\/\/www.edesia.al\/index.php?rest_route=%2Fwp%2Fv2%2Fkategori-sipas-problemeve-shende&post=7022"},{"taxonomy":"product_brand","embeddable":true,"href":"https:\/\/www.edesia.al\/index.php?rest_route=%2Fwp%2Fv2%2Fproduct_brand&post=7022"},{"taxonomy":"product_cat","embeddable":true,"href":"https:\/\/www.edesia.al\/index.php?rest_route=%2Fwp%2Fv2%2Fproduct_cat&post=7022"},{"taxonomy":"product_tag","embeddable":true,"href":"https:\/\/www.edesia.al\/index.php?rest_route=%2Fwp%2Fv2%2Fproduct_tag&post=7022"}],"curies":[{"name":"wp","href":"https:\/\/api.w.org\/{rel}","templated":true}]}}