{"id":7024,"date":"2026-02-16T21:12:18","date_gmt":"2026-02-16T21:12:18","guid":{"rendered":"https:\/\/www.edesia.al\/?post_type=product&#038;p=7024"},"modified":"2026-02-25T11:01:58","modified_gmt":"2026-02-25T11:01:58","slug":"caj-per-pastrimin-e-metaleve-te-renda","status":"publish","type":"product","link":"https:\/\/www.edesia.al\/?product=caj-per-pastrimin-e-metaleve-te-renda","title":{"rendered":"\u00c7aj p\u00ebr Pastrimin e Metaleve t\u00eb R\u00ebnda"},"content":{"rendered":"<h3>\u00c7aj p\u00ebr Pastrimin e Metaleve t\u00eb R\u00ebnda 27 g<\/h3>\n<p>N\u00eb koh\u00ebt e sotme,fal\u00eb m\u00ebnyr\u00ebs moderne t\u00eb jet\u00ebs dhe produkteve t\u00eb shumta t\u00eb cilat i p\u00ebrdorim jemi pothuajse t\u00eb gjith\u00eb t\u00eb ekspozuar ndaj helmeve.Metalet e r\u00ebnda jan\u00eb jasht\u00ebzakonisht helmuese p\u00ebr sh\u00ebndetin e njeriut,por fatkeq\u00ebsisht,pothuajse edhe nuk mund t\u00eb shmangim kontaktin me to.Por p\u00ebr t\u00eb ndihmuar trupin n\u00eb pastrimin e tyre q\u00eb p\u00ebrve\u00e7 aktivitetit fizik dhe ushqimit t\u00eb sh\u00ebndetsh\u00ebm q\u00eb jan\u00eb thelb\u00ebsor\u00eb, pasi balancimi i ushqimit t\u00eb bazuar n\u00eb artikuj minimalisht t\u00eb p\u00ebrpunuar ndihmon trupin q\u00eb t\u00eb mbrohet nga helmet\u00a0 edhe nj\u00eb filxhan \u00e7aj si ky ju ndihmon n\u00eb :<\/p>\n<ul>\n<li>Pastrimin e zorr\u00ebve, m\u00ebl\u00e7is\u00eb, veshkave, dhe gjakut,<\/li>\n<li>Rritjen e aft\u00ebsis\u00eb s\u00eb kullimit dhe n\u00eb kthimin e\u00a0 trupit n\u00eb ekuilib\u00ebr,<\/li>\n<li>Detoksifikimin e t\u00eb gjith\u00eb trupit<\/li>\n<\/ul>\n","protected":false},"excerpt":{"rendered":"<p>\u00c7aj p\u00ebr Pastrimin e Metaleve t\u00eb R\u00ebnda 27 g N\u00eb koh\u00ebt e sotme,fal\u00eb m\u00ebnyr\u00ebs moderne t\u00eb jet\u00ebs dhe produkteve t\u00eb shumta t\u00eb cilat i p\u00ebrdorim jemi pothuajse t\u00eb gjith\u00eb t\u00eb ekspozuar ndaj helmeve.Metalet e r\u00ebnda jan\u00eb jasht\u00ebzakonisht helmuese p\u00ebr sh\u00ebndetin e njeriut,por fatkeq\u00ebsisht,pothuajse edhe nuk mund t\u00eb shmangim kontaktin me to.Por p\u00ebr t\u00eb ndihmuar trupin[&#8230;]<\/p>\n","protected":false},"featured_media":7051,"comment_status":"open","ping_status":"closed","template":"","meta":{"_acf_changed":false,"inline_featured_image":false},"kategori-sipas-dietave":[89],"kategori-sipas-problemeve-shende":[83],"product_brand":[35],"product_cat":[27,81],"product_tag":[],"class_list":{"0":"post-7024","1":"product","2":"type-product","3":"status-publish","4":"has-post-thumbnail","6":"kategori-sipas-dietave-vegan","7":"kategori-sipas-problemeve-shende-tretje-detox","8":"product_brand-sonnentor-sh-p-k","9":"product_cat-bime-mjekesore","10":"product_cat-caj-bime-mjekesore","12":"first","13":"instock","14":"taxable","15":"shipping-taxable","16":"purchasable","17":"product-type-simple"},"acf":[],"yoast_head":"<!-- This site is optimized with the Yoast SEO plugin v27.4 - https:\/\/yoast.com\/product\/yoast-seo-wordpress\/ -->\n<title>\u00c7aj p\u00ebr Pastrimin e Metaleve t\u00eb R\u00ebnda - Edesia<\/title>\n<meta name=\"robots\" content=\"index, follow, max-snippet:-1, max-image-preview:large, max-video-preview:-1\" \/>\n<link rel=\"canonical\" href=\"https:\/\/www.edesia.al\/?product=caj-per-pastrimin-e-metaleve-te-renda\" \/>\n<meta property=\"og:locale\" content=\"en_US\" \/>\n<meta property=\"og:type\" content=\"article\" \/>\n<meta property=\"og:title\" content=\"\u00c7aj p\u00ebr Pastrimin e Metaleve t\u00eb R\u00ebnda - Edesia\" \/>\n<meta property=\"og:description\" content=\"\u00c7aj p\u00ebr Pastrimin e Metaleve t\u00eb R\u00ebnda 27 g N\u00eb koh\u00ebt e sotme,fal\u00eb m\u00ebnyr\u00ebs moderne t\u00eb jet\u00ebs dhe produkteve t\u00eb shumta t\u00eb cilat i p\u00ebrdorim jemi pothuajse t\u00eb gjith\u00eb t\u00eb ekspozuar ndaj helmeve.Metalet e r\u00ebnda jan\u00eb jasht\u00ebzakonisht helmuese p\u00ebr sh\u00ebndetin e njeriut,por fatkeq\u00ebsisht,pothuajse edhe nuk mund t\u00eb shmangim kontaktin me to.Por p\u00ebr t\u00eb ndihmuar trupin[...]\" \/>\n<meta property=\"og:url\" content=\"https:\/\/www.edesia.al\/?product=caj-per-pastrimin-e-metaleve-te-renda\" \/>\n<meta property=\"og:site_name\" content=\"Edesia\" \/>\n<meta property=\"article:modified_time\" content=\"2026-02-25T11:01:58+00:00\" \/>\n<meta property=\"og:image\" content=\"https:\/\/www.edesia.al\/wp-content\/uploads\/2026\/02\/Heavy-Metal-Tee-Happiness-is-1.webp\" \/>\n\t<meta property=\"og:image:width\" content=\"593\" \/>\n\t<meta property=\"og:image:height\" content=\"593\" \/>\n\t<meta property=\"og:image:type\" content=\"image\/webp\" \/>\n<meta name=\"twitter:card\" content=\"summary_large_image\" \/>\n<meta name=\"twitter:label1\" content=\"Est. reading time\" \/>\n\t<meta name=\"twitter:data1\" content=\"1 minute\" \/>\n<script type=\"application\/ld+json\" class=\"yoast-schema-graph\">{\"@context\":\"https:\\\/\\\/schema.org\",\"@graph\":[{\"@type\":\"WebPage\",\"@id\":\"https:\\\/\\\/www.edesia.al\\\/?product=caj-per-pastrimin-e-metaleve-te-renda\",\"url\":\"https:\\\/\\\/www.edesia.al\\\/?product=caj-per-pastrimin-e-metaleve-te-renda\",\"name\":\"\u00c7aj p\u00ebr Pastrimin e Metaleve t\u00eb R\u00ebnda - Edesia\",\"isPartOf\":{\"@id\":\"https:\\\/\\\/www.edesia.al\\\/#website\"},\"primaryImageOfPage\":{\"@id\":\"https:\\\/\\\/www.edesia.al\\\/?product=caj-per-pastrimin-e-metaleve-te-renda#primaryimage\"},\"image\":{\"@id\":\"https:\\\/\\\/www.edesia.al\\\/?product=caj-per-pastrimin-e-metaleve-te-renda#primaryimage\"},\"thumbnailUrl\":\"https:\\\/\\\/www.edesia.al\\\/wp-content\\\/uploads\\\/2026\\\/02\\\/Heavy-Metal-Tee-Happiness-is-1.webp\",\"datePublished\":\"2026-02-16T21:12:18+00:00\",\"dateModified\":\"2026-02-25T11:01:58+00:00\",\"breadcrumb\":{\"@id\":\"https:\\\/\\\/www.edesia.al\\\/?product=caj-per-pastrimin-e-metaleve-te-renda#breadcrumb\"},\"inLanguage\":\"en-US\",\"potentialAction\":[{\"@type\":\"ReadAction\",\"target\":[\"https:\\\/\\\/www.edesia.al\\\/?product=caj-per-pastrimin-e-metaleve-te-renda\"]}]},{\"@type\":\"ImageObject\",\"inLanguage\":\"en-US\",\"@id\":\"https:\\\/\\\/www.edesia.al\\\/?product=caj-per-pastrimin-e-metaleve-te-renda#primaryimage\",\"url\":\"https:\\\/\\\/www.edesia.al\\\/wp-content\\\/uploads\\\/2026\\\/02\\\/Heavy-Metal-Tee-Happiness-is-1.webp\",\"contentUrl\":\"https:\\\/\\\/www.edesia.al\\\/wp-content\\\/uploads\\\/2026\\\/02\\\/Heavy-Metal-Tee-Happiness-is-1.webp\",\"width\":593,\"height\":593},{\"@type\":\"BreadcrumbList\",\"@id\":\"https:\\\/\\\/www.edesia.al\\\/?product=caj-per-pastrimin-e-metaleve-te-renda#breadcrumb\",\"itemListElement\":[{\"@type\":\"ListItem\",\"position\":1,\"name\":\"Home\",\"item\":\"https:\\\/\\\/www.edesia.al\\\/\"},{\"@type\":\"ListItem\",\"position\":2,\"name\":\"Dyqani\",\"item\":\"https:\\\/\\\/www.edesia.al\\\/?page_id=17\"},{\"@type\":\"ListItem\",\"position\":3,\"name\":\"\u00c7aj p\u00ebr Pastrimin e Metaleve t\u00eb R\u00ebnda\"}]},{\"@type\":\"WebSite\",\"@id\":\"https:\\\/\\\/www.edesia.al\\\/#website\",\"url\":\"https:\\\/\\\/www.edesia.al\\\/\",\"name\":\"Edesia\",\"description\":\"\",\"publisher\":{\"@id\":\"https:\\\/\\\/www.edesia.al\\\/#organization\"},\"potentialAction\":[{\"@type\":\"SearchAction\",\"target\":{\"@type\":\"EntryPoint\",\"urlTemplate\":\"https:\\\/\\\/www.edesia.al\\\/?s={search_term_string}\"},\"query-input\":{\"@type\":\"PropertyValueSpecification\",\"valueRequired\":true,\"valueName\":\"search_term_string\"}}],\"inLanguage\":\"en-US\"},{\"@type\":\"Organization\",\"@id\":\"https:\\\/\\\/www.edesia.al\\\/#organization\",\"name\":\"Edesia\",\"url\":\"https:\\\/\\\/www.edesia.al\\\/\",\"logo\":{\"@type\":\"ImageObject\",\"inLanguage\":\"en-US\",\"@id\":\"https:\\\/\\\/www.edesia.al\\\/#\\\/schema\\\/logo\\\/image\\\/\",\"url\":\"https:\\\/\\\/www.edesia.al\\\/wp-content\\\/uploads\\\/2026\\\/02\\\/Logo-Edesia-no-background.png\",\"contentUrl\":\"https:\\\/\\\/www.edesia.al\\\/wp-content\\\/uploads\\\/2026\\\/02\\\/Logo-Edesia-no-background.png\",\"width\":293,\"height\":158,\"caption\":\"Edesia\"},\"image\":{\"@id\":\"https:\\\/\\\/www.edesia.al\\\/#\\\/schema\\\/logo\\\/image\\\/\"}}]}<\/script>\n<!-- \/ Yoast SEO plugin. -->","yoast_head_json":{"title":"\u00c7aj p\u00ebr Pastrimin e Metaleve t\u00eb R\u00ebnda - Edesia","robots":{"index":"index","follow":"follow","max-snippet":"max-snippet:-1","max-image-preview":"max-image-preview:large","max-video-preview":"max-video-preview:-1"},"canonical":"https:\/\/www.edesia.al\/?product=caj-per-pastrimin-e-metaleve-te-renda","og_locale":"en_US","og_type":"article","og_title":"\u00c7aj p\u00ebr Pastrimin e Metaleve t\u00eb R\u00ebnda - Edesia","og_description":"\u00c7aj p\u00ebr Pastrimin e Metaleve t\u00eb R\u00ebnda 27 g N\u00eb koh\u00ebt e sotme,fal\u00eb m\u00ebnyr\u00ebs moderne t\u00eb jet\u00ebs dhe produkteve t\u00eb shumta t\u00eb cilat i p\u00ebrdorim jemi pothuajse t\u00eb gjith\u00eb t\u00eb ekspozuar ndaj helmeve.Metalet e r\u00ebnda jan\u00eb jasht\u00ebzakonisht helmuese p\u00ebr sh\u00ebndetin e njeriut,por fatkeq\u00ebsisht,pothuajse edhe nuk mund t\u00eb shmangim kontaktin me to.Por p\u00ebr t\u00eb ndihmuar trupin[...]","og_url":"https:\/\/www.edesia.al\/?product=caj-per-pastrimin-e-metaleve-te-renda","og_site_name":"Edesia","article_modified_time":"2026-02-25T11:01:58+00:00","og_image":[{"width":593,"height":593,"url":"https:\/\/www.edesia.al\/wp-content\/uploads\/2026\/02\/Heavy-Metal-Tee-Happiness-is-1.webp","type":"image\/webp"}],"twitter_card":"summary_large_image","twitter_misc":{"Est. reading time":"1 minute"},"schema":{"@context":"https:\/\/schema.org","@graph":[{"@type":"WebPage","@id":"https:\/\/www.edesia.al\/?product=caj-per-pastrimin-e-metaleve-te-renda","url":"https:\/\/www.edesia.al\/?product=caj-per-pastrimin-e-metaleve-te-renda","name":"\u00c7aj p\u00ebr Pastrimin e Metaleve t\u00eb R\u00ebnda - Edesia","isPartOf":{"@id":"https:\/\/www.edesia.al\/#website"},"primaryImageOfPage":{"@id":"https:\/\/www.edesia.al\/?product=caj-per-pastrimin-e-metaleve-te-renda#primaryimage"},"image":{"@id":"https:\/\/www.edesia.al\/?product=caj-per-pastrimin-e-metaleve-te-renda#primaryimage"},"thumbnailUrl":"https:\/\/www.edesia.al\/wp-content\/uploads\/2026\/02\/Heavy-Metal-Tee-Happiness-is-1.webp","datePublished":"2026-02-16T21:12:18+00:00","dateModified":"2026-02-25T11:01:58+00:00","breadcrumb":{"@id":"https:\/\/www.edesia.al\/?product=caj-per-pastrimin-e-metaleve-te-renda#breadcrumb"},"inLanguage":"en-US","potentialAction":[{"@type":"ReadAction","target":["https:\/\/www.edesia.al\/?product=caj-per-pastrimin-e-metaleve-te-renda"]}]},{"@type":"ImageObject","inLanguage":"en-US","@id":"https:\/\/www.edesia.al\/?product=caj-per-pastrimin-e-metaleve-te-renda#primaryimage","url":"https:\/\/www.edesia.al\/wp-content\/uploads\/2026\/02\/Heavy-Metal-Tee-Happiness-is-1.webp","contentUrl":"https:\/\/www.edesia.al\/wp-content\/uploads\/2026\/02\/Heavy-Metal-Tee-Happiness-is-1.webp","width":593,"height":593},{"@type":"BreadcrumbList","@id":"https:\/\/www.edesia.al\/?product=caj-per-pastrimin-e-metaleve-te-renda#breadcrumb","itemListElement":[{"@type":"ListItem","position":1,"name":"Home","item":"https:\/\/www.edesia.al\/"},{"@type":"ListItem","position":2,"name":"Dyqani","item":"https:\/\/www.edesia.al\/?page_id=17"},{"@type":"ListItem","position":3,"name":"\u00c7aj p\u00ebr Pastrimin e Metaleve t\u00eb R\u00ebnda"}]},{"@type":"WebSite","@id":"https:\/\/www.edesia.al\/#website","url":"https:\/\/www.edesia.al\/","name":"Edesia","description":"","publisher":{"@id":"https:\/\/www.edesia.al\/#organization"},"potentialAction":[{"@type":"SearchAction","target":{"@type":"EntryPoint","urlTemplate":"https:\/\/www.edesia.al\/?s={search_term_string}"},"query-input":{"@type":"PropertyValueSpecification","valueRequired":true,"valueName":"search_term_string"}}],"inLanguage":"en-US"},{"@type":"Organization","@id":"https:\/\/www.edesia.al\/#organization","name":"Edesia","url":"https:\/\/www.edesia.al\/","logo":{"@type":"ImageObject","inLanguage":"en-US","@id":"https:\/\/www.edesia.al\/#\/schema\/logo\/image\/","url":"https:\/\/www.edesia.al\/wp-content\/uploads\/2026\/02\/Logo-Edesia-no-background.png","contentUrl":"https:\/\/www.edesia.al\/wp-content\/uploads\/2026\/02\/Logo-Edesia-no-background.png","width":293,"height":158,"caption":"Edesia"},"image":{"@id":"https:\/\/www.edesia.al\/#\/schema\/logo\/image\/"}}]}},"_links":{"self":[{"href":"https:\/\/www.edesia.al\/index.php?rest_route=\/wp\/v2\/product\/7024","targetHints":{"allow":["GET"]}}],"collection":[{"href":"https:\/\/www.edesia.al\/index.php?rest_route=\/wp\/v2\/product"}],"about":[{"href":"https:\/\/www.edesia.al\/index.php?rest_route=\/wp\/v2\/types\/product"}],"replies":[{"embeddable":true,"href":"https:\/\/www.edesia.al\/index.php?rest_route=%2Fwp%2Fv2%2Fcomments&post=7024"}],"wp:featuredmedia":[{"embeddable":true,"href":"https:\/\/www.edesia.al\/index.php?rest_route=\/wp\/v2\/media\/7051"}],"wp:attachment":[{"href":"https:\/\/www.edesia.al\/index.php?rest_route=%2Fwp%2Fv2%2Fmedia&parent=7024"}],"wp:term":[{"taxonomy":"kategori-sipas-dietave","embeddable":true,"href":"https:\/\/www.edesia.al\/index.php?rest_route=%2Fwp%2Fv2%2Fkategori-sipas-dietave&post=7024"},{"taxonomy":"kategori-sipas-problemeve-shende","embeddable":true,"href":"https:\/\/www.edesia.al\/index.php?rest_route=%2Fwp%2Fv2%2Fkategori-sipas-problemeve-shende&post=7024"},{"taxonomy":"product_brand","embeddable":true,"href":"https:\/\/www.edesia.al\/index.php?rest_route=%2Fwp%2Fv2%2Fproduct_brand&post=7024"},{"taxonomy":"product_cat","embeddable":true,"href":"https:\/\/www.edesia.al\/index.php?rest_route=%2Fwp%2Fv2%2Fproduct_cat&post=7024"},{"taxonomy":"product_tag","embeddable":true,"href":"https:\/\/www.edesia.al\/index.php?rest_route=%2Fwp%2Fv2%2Fproduct_tag&post=7024"}],"curies":[{"name":"wp","href":"https:\/\/api.w.org\/{rel}","templated":true}]}}