{"id":7031,"date":"2026-02-16T21:12:19","date_gmt":"2026-02-16T21:12:19","guid":{"rendered":"https:\/\/www.edesia.al\/?post_type=product&#038;p=7031"},"modified":"2026-02-25T11:17:04","modified_gmt":"2026-02-25T11:17:04","slug":"vaj-mct","status":"publish","type":"product","link":"https:\/\/www.edesia.al\/?product=vaj-mct","title":{"rendered":"Vaj MCT"},"content":{"rendered":"<h3>Vaj MCT 250 ml<\/h3>\n<p><strong>Trigliceridet me zinxhir t\u00eb mes\u00ebm<\/strong> (MCT) jan\u00eb yndyrna t\u00eb p\u00ebrb\u00ebra nga gjasht\u00eb deri n\u00eb 10 atome karboni, nd\u00ebrsa trigliceridet me zinxhir t\u00eb gjat\u00eb (LCT) p\u00ebrb\u00ebhen nga 12 deri n\u00eb 18 atome karboni, ku shumica e yndyrave n\u00eb diet\u00eb jan\u00eb yndyrna LCT, t\u00eb cilat nuk ofrojn\u00eb efektet e dobishme q\u00eb ofrojn\u00eb yndyrnat MCT. Trigliceridet me zinxhir t\u00eb mes\u00ebm metabolizohen ndryshe nga trigliceridet me zinxhir t\u00eb gjat\u00eb (LCT) q\u00eb gjenden n\u00eb shumic\u00ebn e ushqimeve t\u00eb tjera. Vaji \u00a0MCT \u00ebsht\u00eb nj\u00eb suplement q\u00eb p\u00ebrmban shum\u00eb nga k\u00ebto yndyrna dhe pretendohet se ka shum\u00eb p\u00ebrfitime sh\u00ebndet\u00ebsore. Trigliceride \u00ebsht\u00eb thjesht termi teknik p\u00ebr yndyr\u00ebn. Trigliceridet sh\u00ebrbejn\u00eb p\u00ebr dy q\u00ebllime kryesore: digjen p\u00ebr energji ose ruhen si yndyr\u00eb trupore.<\/p>\n<p>Yndyrnat MCT kan\u00eb karakteristika unike q\u00eb q\u00ebndrojn\u00eb n\u00eb themel t\u00eb p\u00ebrfitimeve t\u00eb tyre sh\u00ebndet\u00ebsore. Ato ofrojn\u00eb 10% m\u00eb pak kalori sesa yndyrat LCT. Gjithashtu <strong>ato absorbohen m\u00eb shpejt dhe metabolizohen m\u00eb her\u00ebt n\u00eb energji<\/strong>, k\u00ebshtu q\u00eb ato b\u00ebhen menj\u00ebher\u00eb l\u00ebnd\u00eb djeg\u00ebse p\u00ebr muskujt dhe organet. Ato mund t\u00eb ndihmojn\u00eb njer\u00ebzit me nevoja m\u00eb t\u00eb larta energjie, si pacient\u00ebt q\u00eb sh\u00ebrohen nga operacioni ose atlet\u00ebt q\u00eb duan t\u00eb p\u00ebrmir\u00ebsojn\u00eb performanc\u00ebn e tyre.<\/p>\n<p>Vaji MCT p\u00ebrdoret p\u00ebr shum\u00eb kushte p\u00ebr vetit\u00eb e tij ushqyese. P\u00ebr shembull, si nj\u00eb defekt n\u00eb hidroliz\u00ebn intraluminale t\u00eb yndyr\u00ebs (ulja e lipaz\u00ebs pankreatike, pak\u00ebsimi i krip\u00ebrave biliare), p\u00ebrthithja e d\u00ebmtuar e yndyr\u00ebs s\u00eb mukoz\u00ebs (ulja e p\u00ebrshkueshm\u00ebris\u00eb s\u00eb mukoz\u00ebs, zvog\u00eblimi i sip\u00ebrfaqes absorbuese), transporti limfatik i d\u00ebmtuar i yndyr\u00ebs (dmth. p\u00ebr obstruksionin limfatik t\u00eb zorr\u00ebve ose) diet\u00eb ketogjene.<\/p>\n<p>N\u00eb nj\u00eb lug\u00eb gjelle vaj MCT gjejm\u00eb vlerat e m\u00ebposhtme ushqyese:<\/p>\n<ul>\n<li>Energjia: 120 kalori<\/li>\n<li>Yndyr\u00eb: 14 gram\n<ul>\n<li>Yndyra e ngopur: 14 gram<\/li>\n<li>Yndyra trans: 0 gram<\/li>\n<\/ul>\n<\/li>\n<li>Karbohidratet: 0 gram<\/li>\n<li>Proteina: 0 gram<\/li>\n<\/ul>\n<div class=\"code-block code-block-1\">Sipas studimeve \u00a0MCT-t\u00eb kan\u00eb disa veti q\u00eb mund t\u00eb ndihmojn\u00eb n\u00eb humbjen e pesh\u00ebs. k\u00ebto yndyrna\u00a0<strong>p\u00ebrmbajn\u00eb m\u00eb pak kalori se yndyrnat e tjera<\/strong>, dhe trupi ruan nj\u00eb p\u00ebrqindje shum\u00eb m\u00eb t\u00eb ul\u00ebt t\u00eb MCT-ve si yndyr\u00eb, pas konsumimit. Plus, ato rrisin shkall\u00ebn tuaj metabolike, gj\u00eb q\u00eb ju ndihmon t\u00eb digjni m\u00eb shum\u00eb kalori, t\u00eb rrisni ngopjen dhe t\u00eb digjni yndyr\u00ebn m\u00eb shpejt.<\/div>\n<div>Ekzistojn\u00eb gjithashtu disa studime q\u00eb tregojn\u00eb se MCT-t\u00eb mund t\u00eb rrisin aft\u00ebsin\u00eb e trupit p\u00ebr t\u00eb djegur yndyr\u00ebn dhe kalorit\u00eb, si dhe gjithashtu\u00a0 nj\u00eb diet\u00eb e pasur me MCT shkakton djegie dhe humbje m\u00eb t\u00eb madhe t\u00eb yndyr\u00ebs sesa nj\u00eb diet\u00eb m\u00eb e lart\u00eb n\u00eb LCT.<\/div>\n<p>&nbsp;<\/p>\n<p>P\u00ebrfitime t\u00eb tjera q\u00eb marrim nga Vaj MCT:<\/p>\n<ul>\n<li>Burim i mir\u00eb energjie<\/li>\n<li>Kontrollo nivelet e sheqerit n\u00eb gjak<\/li>\n<li>Ul akumulimin e laktatit tek atletet<\/li>\n<li>Lufton rritjen e baktereve pasi MCT-t\u00eb\u00a0 jan\u00eb antimikrobike dhe antifungale<\/li>\n<li>P\u00ebrmir\u00ebson sh\u00ebndetin mendor<\/li>\n<li>Ndikon n\u00eb hormonin e uris\u00eb duke rritur prodhimin e leptin\u00ebs, q\u00eb sinjalizon trurin q\u00eb jeni t\u00eb ngopur<\/li>\n<\/ul>\n<p>&nbsp;<\/p>\n<p><strong>P\u00ebrdorimi: \u00a0Rekomandohet fillimisht\u00a0 me doza t\u00eb vogla prej rreth 1\/4 lug\u00eb \u00e7aji disa her\u00eb n\u00eb dit\u00eb\u00a0dhe gradualisht rrisni doz\u00ebn sipas tolerimit. Mund t\u00eb gatuhet edhe me vaj, por p\u00ebrpiquni t\u00eb mos e ngrohni mbi 65\u00baC, sepse temperaturat m\u00eb t\u00eb larta do ta degradojn\u00eb dhe ndikojn\u00eb n\u00eb shijen e tij.Mund t\u00eb gatuhet edhe me vaj, por p\u00ebrpiquni t\u00eb mos e ngrohni mbi 65\u00baC, sepse temperaturat m\u00eb t\u00eb larta do ta degradojn\u00eb dhe ndikojn\u00eb n\u00eb shijen e tij.<\/strong><\/p>\n<p>Disa m\u00ebnyra se si mund t\u00eb merret nj\u00eb doz\u00eb ditore :<\/p>\n<ul>\n<li>P\u00ebrziejeni at\u00eb n\u00eb nj\u00eb kafe n\u00eb m\u00ebngjes.<\/li>\n<li>P\u00ebrzieni at\u00eb n\u00eb nj\u00eb smoothie pasdite.<\/li>\n<li>E p\u00ebrzieni me er\u00ebzat tuaja t\u00eb preferuara<\/li>\n<li>P\u00ebrziejeni at\u00eb n\u00eb pijen tuaj para st\u00ebrvitjes<\/li>\n<\/ul>\n","protected":false},"excerpt":{"rendered":"<p>Vaj MCT 250 ml Trigliceridet me zinxhir t\u00eb mes\u00ebm (MCT) jan\u00eb yndyrna t\u00eb p\u00ebrb\u00ebra nga gjasht\u00eb deri n\u00eb 10 atome karboni, nd\u00ebrsa trigliceridet me zinxhir t\u00eb gjat\u00eb (LCT) p\u00ebrb\u00ebhen nga 12 deri n\u00eb 18 atome karboni, ku shumica e yndyrave n\u00eb diet\u00eb jan\u00eb yndyrna LCT, t\u00eb cilat nuk ofrojn\u00eb efektet e dobishme q\u00eb ofrojn\u00eb yndyrnat[&#8230;]<\/p>\n","protected":false},"featured_media":7059,"comment_status":"open","ping_status":"closed","template":"","meta":{"_acf_changed":false,"inline_featured_image":false},"kategori-sipas-dietave":[92],"kategori-sipas-problemeve-shende":[83],"product_brand":[32],"product_cat":[26,41],"product_tag":[],"class_list":{"0":"post-7031","1":"product","2":"type-product","3":"status-publish","4":"has-post-thumbnail","6":"kategori-sipas-dietave-keto","7":"kategori-sipas-problemeve-shende-tretje-detox","8":"product_brand-bioagros","9":"product_cat-ushqime-bio","10":"product_cat-vajra-te-presuar-ne-te-ftohte","12":"first","13":"instock","14":"taxable","15":"shipping-taxable","16":"purchasable","17":"product-type-simple"},"acf":[],"yoast_head":"<!-- This site is optimized with the Yoast SEO plugin v27.4 - https:\/\/yoast.com\/product\/yoast-seo-wordpress\/ -->\n<title>Vaj MCT - Edesia<\/title>\n<meta name=\"robots\" content=\"index, follow, max-snippet:-1, max-image-preview:large, max-video-preview:-1\" \/>\n<link rel=\"canonical\" href=\"https:\/\/www.edesia.al\/?product=vaj-mct\" \/>\n<meta property=\"og:locale\" content=\"en_US\" \/>\n<meta property=\"og:type\" content=\"article\" \/>\n<meta property=\"og:title\" content=\"Vaj MCT - Edesia\" \/>\n<meta property=\"og:description\" content=\"Vaj MCT 250 ml Trigliceridet me zinxhir t\u00eb mes\u00ebm (MCT) jan\u00eb yndyrna t\u00eb p\u00ebrb\u00ebra nga gjasht\u00eb deri n\u00eb 10 atome karboni, nd\u00ebrsa trigliceridet me zinxhir t\u00eb gjat\u00eb (LCT) p\u00ebrb\u00ebhen nga 12 deri n\u00eb 18 atome karboni, ku shumica e yndyrave n\u00eb diet\u00eb jan\u00eb yndyrna LCT, t\u00eb cilat nuk ofrojn\u00eb efektet e dobishme q\u00eb ofrojn\u00eb yndyrnat[...]\" \/>\n<meta property=\"og:url\" content=\"https:\/\/www.edesia.al\/?product=vaj-mct\" \/>\n<meta property=\"og:site_name\" content=\"Edesia\" \/>\n<meta property=\"article:modified_time\" content=\"2026-02-25T11:17:04+00:00\" \/>\n<meta property=\"og:image\" content=\"https:\/\/www.edesia.al\/wp-content\/uploads\/2026\/02\/221029723-1.png\" \/>\n\t<meta property=\"og:image:width\" content=\"535\" \/>\n\t<meta property=\"og:image:height\" content=\"535\" \/>\n\t<meta property=\"og:image:type\" content=\"image\/png\" \/>\n<meta name=\"twitter:card\" content=\"summary_large_image\" \/>\n<meta name=\"twitter:label1\" content=\"Est. reading time\" \/>\n\t<meta name=\"twitter:data1\" content=\"3 minutes\" \/>\n<script type=\"application\/ld+json\" class=\"yoast-schema-graph\">{\"@context\":\"https:\\\/\\\/schema.org\",\"@graph\":[{\"@type\":\"WebPage\",\"@id\":\"https:\\\/\\\/www.edesia.al\\\/?product=vaj-mct\",\"url\":\"https:\\\/\\\/www.edesia.al\\\/?product=vaj-mct\",\"name\":\"Vaj MCT - Edesia\",\"isPartOf\":{\"@id\":\"https:\\\/\\\/www.edesia.al\\\/#website\"},\"primaryImageOfPage\":{\"@id\":\"https:\\\/\\\/www.edesia.al\\\/?product=vaj-mct#primaryimage\"},\"image\":{\"@id\":\"https:\\\/\\\/www.edesia.al\\\/?product=vaj-mct#primaryimage\"},\"thumbnailUrl\":\"https:\\\/\\\/www.edesia.al\\\/wp-content\\\/uploads\\\/2026\\\/02\\\/221029723-1.png\",\"datePublished\":\"2026-02-16T21:12:19+00:00\",\"dateModified\":\"2026-02-25T11:17:04+00:00\",\"breadcrumb\":{\"@id\":\"https:\\\/\\\/www.edesia.al\\\/?product=vaj-mct#breadcrumb\"},\"inLanguage\":\"en-US\",\"potentialAction\":[{\"@type\":\"ReadAction\",\"target\":[\"https:\\\/\\\/www.edesia.al\\\/?product=vaj-mct\"]}]},{\"@type\":\"ImageObject\",\"inLanguage\":\"en-US\",\"@id\":\"https:\\\/\\\/www.edesia.al\\\/?product=vaj-mct#primaryimage\",\"url\":\"https:\\\/\\\/www.edesia.al\\\/wp-content\\\/uploads\\\/2026\\\/02\\\/221029723-1.png\",\"contentUrl\":\"https:\\\/\\\/www.edesia.al\\\/wp-content\\\/uploads\\\/2026\\\/02\\\/221029723-1.png\",\"width\":535,\"height\":535},{\"@type\":\"BreadcrumbList\",\"@id\":\"https:\\\/\\\/www.edesia.al\\\/?product=vaj-mct#breadcrumb\",\"itemListElement\":[{\"@type\":\"ListItem\",\"position\":1,\"name\":\"Home\",\"item\":\"https:\\\/\\\/www.edesia.al\\\/\"},{\"@type\":\"ListItem\",\"position\":2,\"name\":\"Dyqani\",\"item\":\"https:\\\/\\\/www.edesia.al\\\/?page_id=17\"},{\"@type\":\"ListItem\",\"position\":3,\"name\":\"Vaj MCT\"}]},{\"@type\":\"WebSite\",\"@id\":\"https:\\\/\\\/www.edesia.al\\\/#website\",\"url\":\"https:\\\/\\\/www.edesia.al\\\/\",\"name\":\"Edesia\",\"description\":\"\",\"publisher\":{\"@id\":\"https:\\\/\\\/www.edesia.al\\\/#organization\"},\"potentialAction\":[{\"@type\":\"SearchAction\",\"target\":{\"@type\":\"EntryPoint\",\"urlTemplate\":\"https:\\\/\\\/www.edesia.al\\\/?s={search_term_string}\"},\"query-input\":{\"@type\":\"PropertyValueSpecification\",\"valueRequired\":true,\"valueName\":\"search_term_string\"}}],\"inLanguage\":\"en-US\"},{\"@type\":\"Organization\",\"@id\":\"https:\\\/\\\/www.edesia.al\\\/#organization\",\"name\":\"Edesia\",\"url\":\"https:\\\/\\\/www.edesia.al\\\/\",\"logo\":{\"@type\":\"ImageObject\",\"inLanguage\":\"en-US\",\"@id\":\"https:\\\/\\\/www.edesia.al\\\/#\\\/schema\\\/logo\\\/image\\\/\",\"url\":\"https:\\\/\\\/www.edesia.al\\\/wp-content\\\/uploads\\\/2026\\\/02\\\/Logo-Edesia-no-background.png\",\"contentUrl\":\"https:\\\/\\\/www.edesia.al\\\/wp-content\\\/uploads\\\/2026\\\/02\\\/Logo-Edesia-no-background.png\",\"width\":293,\"height\":158,\"caption\":\"Edesia\"},\"image\":{\"@id\":\"https:\\\/\\\/www.edesia.al\\\/#\\\/schema\\\/logo\\\/image\\\/\"}}]}<\/script>\n<!-- \/ Yoast SEO plugin. -->","yoast_head_json":{"title":"Vaj MCT - Edesia","robots":{"index":"index","follow":"follow","max-snippet":"max-snippet:-1","max-image-preview":"max-image-preview:large","max-video-preview":"max-video-preview:-1"},"canonical":"https:\/\/www.edesia.al\/?product=vaj-mct","og_locale":"en_US","og_type":"article","og_title":"Vaj MCT - Edesia","og_description":"Vaj MCT 250 ml Trigliceridet me zinxhir t\u00eb mes\u00ebm (MCT) jan\u00eb yndyrna t\u00eb p\u00ebrb\u00ebra nga gjasht\u00eb deri n\u00eb 10 atome karboni, nd\u00ebrsa trigliceridet me zinxhir t\u00eb gjat\u00eb (LCT) p\u00ebrb\u00ebhen nga 12 deri n\u00eb 18 atome karboni, ku shumica e yndyrave n\u00eb diet\u00eb jan\u00eb yndyrna LCT, t\u00eb cilat nuk ofrojn\u00eb efektet e dobishme q\u00eb ofrojn\u00eb yndyrnat[...]","og_url":"https:\/\/www.edesia.al\/?product=vaj-mct","og_site_name":"Edesia","article_modified_time":"2026-02-25T11:17:04+00:00","og_image":[{"width":535,"height":535,"url":"https:\/\/www.edesia.al\/wp-content\/uploads\/2026\/02\/221029723-1.png","type":"image\/png"}],"twitter_card":"summary_large_image","twitter_misc":{"Est. reading time":"3 minutes"},"schema":{"@context":"https:\/\/schema.org","@graph":[{"@type":"WebPage","@id":"https:\/\/www.edesia.al\/?product=vaj-mct","url":"https:\/\/www.edesia.al\/?product=vaj-mct","name":"Vaj MCT - Edesia","isPartOf":{"@id":"https:\/\/www.edesia.al\/#website"},"primaryImageOfPage":{"@id":"https:\/\/www.edesia.al\/?product=vaj-mct#primaryimage"},"image":{"@id":"https:\/\/www.edesia.al\/?product=vaj-mct#primaryimage"},"thumbnailUrl":"https:\/\/www.edesia.al\/wp-content\/uploads\/2026\/02\/221029723-1.png","datePublished":"2026-02-16T21:12:19+00:00","dateModified":"2026-02-25T11:17:04+00:00","breadcrumb":{"@id":"https:\/\/www.edesia.al\/?product=vaj-mct#breadcrumb"},"inLanguage":"en-US","potentialAction":[{"@type":"ReadAction","target":["https:\/\/www.edesia.al\/?product=vaj-mct"]}]},{"@type":"ImageObject","inLanguage":"en-US","@id":"https:\/\/www.edesia.al\/?product=vaj-mct#primaryimage","url":"https:\/\/www.edesia.al\/wp-content\/uploads\/2026\/02\/221029723-1.png","contentUrl":"https:\/\/www.edesia.al\/wp-content\/uploads\/2026\/02\/221029723-1.png","width":535,"height":535},{"@type":"BreadcrumbList","@id":"https:\/\/www.edesia.al\/?product=vaj-mct#breadcrumb","itemListElement":[{"@type":"ListItem","position":1,"name":"Home","item":"https:\/\/www.edesia.al\/"},{"@type":"ListItem","position":2,"name":"Dyqani","item":"https:\/\/www.edesia.al\/?page_id=17"},{"@type":"ListItem","position":3,"name":"Vaj MCT"}]},{"@type":"WebSite","@id":"https:\/\/www.edesia.al\/#website","url":"https:\/\/www.edesia.al\/","name":"Edesia","description":"","publisher":{"@id":"https:\/\/www.edesia.al\/#organization"},"potentialAction":[{"@type":"SearchAction","target":{"@type":"EntryPoint","urlTemplate":"https:\/\/www.edesia.al\/?s={search_term_string}"},"query-input":{"@type":"PropertyValueSpecification","valueRequired":true,"valueName":"search_term_string"}}],"inLanguage":"en-US"},{"@type":"Organization","@id":"https:\/\/www.edesia.al\/#organization","name":"Edesia","url":"https:\/\/www.edesia.al\/","logo":{"@type":"ImageObject","inLanguage":"en-US","@id":"https:\/\/www.edesia.al\/#\/schema\/logo\/image\/","url":"https:\/\/www.edesia.al\/wp-content\/uploads\/2026\/02\/Logo-Edesia-no-background.png","contentUrl":"https:\/\/www.edesia.al\/wp-content\/uploads\/2026\/02\/Logo-Edesia-no-background.png","width":293,"height":158,"caption":"Edesia"},"image":{"@id":"https:\/\/www.edesia.al\/#\/schema\/logo\/image\/"}}]}},"_links":{"self":[{"href":"https:\/\/www.edesia.al\/index.php?rest_route=\/wp\/v2\/product\/7031","targetHints":{"allow":["GET"]}}],"collection":[{"href":"https:\/\/www.edesia.al\/index.php?rest_route=\/wp\/v2\/product"}],"about":[{"href":"https:\/\/www.edesia.al\/index.php?rest_route=\/wp\/v2\/types\/product"}],"replies":[{"embeddable":true,"href":"https:\/\/www.edesia.al\/index.php?rest_route=%2Fwp%2Fv2%2Fcomments&post=7031"}],"wp:featuredmedia":[{"embeddable":true,"href":"https:\/\/www.edesia.al\/index.php?rest_route=\/wp\/v2\/media\/7059"}],"wp:attachment":[{"href":"https:\/\/www.edesia.al\/index.php?rest_route=%2Fwp%2Fv2%2Fmedia&parent=7031"}],"wp:term":[{"taxonomy":"kategori-sipas-dietave","embeddable":true,"href":"https:\/\/www.edesia.al\/index.php?rest_route=%2Fwp%2Fv2%2Fkategori-sipas-dietave&post=7031"},{"taxonomy":"kategori-sipas-problemeve-shende","embeddable":true,"href":"https:\/\/www.edesia.al\/index.php?rest_route=%2Fwp%2Fv2%2Fkategori-sipas-problemeve-shende&post=7031"},{"taxonomy":"product_brand","embeddable":true,"href":"https:\/\/www.edesia.al\/index.php?rest_route=%2Fwp%2Fv2%2Fproduct_brand&post=7031"},{"taxonomy":"product_cat","embeddable":true,"href":"https:\/\/www.edesia.al\/index.php?rest_route=%2Fwp%2Fv2%2Fproduct_cat&post=7031"},{"taxonomy":"product_tag","embeddable":true,"href":"https:\/\/www.edesia.al\/index.php?rest_route=%2Fwp%2Fv2%2Fproduct_tag&post=7031"}],"curies":[{"name":"wp","href":"https:\/\/api.w.org\/{rel}","templated":true}]}}